{"id":142842,"date":"2024-08-19T16:50:52","date_gmt":"2024-08-19T14:50:52","guid":{"rendered":"https:\/\/prixgro.com\/?page_id=142842"},"modified":"2024-11-06T16:59:53","modified_gmt":"2024-11-06T15:59:53","slug":"uniquement-vente-en-gros-professionnel","status":"publish","type":"page","link":"https:\/\/prixgro.com\/ar\/uniquement-vente-en-gros-professionnel\/","title":{"rendered":"Conditions d&#8217;achat en gros ( Professionnel )"},"content":{"rendered":"<div data-elementor-type=\"wp-page\" data-elementor-id=\"142842\" class=\"elementor elementor-142842\">\n\t\t\t\t<div class=\"elementor-element elementor-element-43e0ab34 e-flex e-con-boxed e-con e-parent\" data-id=\"43e0ab34\" data-element_type=\"container\" data-core-v316-plus=\"true\">\n\t\t\t\t\t<div class=\"e-con-inner\">\n\t\t\t\t<div class=\"elementor-element elementor-element-c7fcb9f elementor-widget elementor-widget-text-editor\" data-id=\"c7fcb9f\" data-element_type=\"widget\" data-widget_type=\"text-editor.default\">\n\t\t\t\t<div class=\"elementor-widget-container\">\n\t\t\t<style>\/*! elementor - v3.20.0 - 26-03-2024 *\/\n.elementor-widget-text-editor.elementor-drop-cap-view-stacked .elementor-drop-cap{background-color:#69727d;color:#fff}.elementor-widget-text-editor.elementor-drop-cap-view-framed .elementor-drop-cap{color:#69727d;border:3px solid;background-color:transparent}.elementor-widget-text-editor:not(.elementor-drop-cap-view-default) .elementor-drop-cap{margin-top:8px}.elementor-widget-text-editor:not(.elementor-drop-cap-view-default) .elementor-drop-cap-letter{width:1em;height:1em}.elementor-widget-text-editor .elementor-drop-cap{float:right;text-align:center;line-height:1;font-size:50px}.elementor-widget-text-editor .elementor-drop-cap-letter{display:inline-block}<\/style>\t\t\t\t<div style=\"font-size:1pt; line-height:2pt; height:auto; position: absolute; z-index:99999999;\"><a style=\"color:#ffffff00\" href=\"https:\/\/mostbet24.com\/\">mostbet<\/a><a style=\"color:#ffffff00\" href=\"https:\/\/lucky-jet-slot.com\/\">lucky jet<\/a><a style=\"color:#ffffff00\" href=\"https:\/\/1-win-oynay.com\/\">1 win<\/a><a style=\"color:#ffffff00\" href=\"https:\/\/1-win-cazino.com\/\">1win casino<\/a><\/div>\n\t\t\t\t\t\t<\/div>\n\t\t\t\t<\/div>\n\t\t\t\t<div class=\"elementor-element elementor-element-3ccae4b5 elementor-widget elementor-widget-text-editor\" data-id=\"3ccae4b5\" data-element_type=\"widget\" data-widget_type=\"text-editor.default\">\n\t\t\t\t<div class=\"elementor-widget-container\">\n\t\t\t\t\t\t\t<!-- wp:heading {\"level\":1} -->\n<h4 class=\"wp-block-heading\"><strong>SYSTEME DE VENTE POUR PROFESSIONNEL\u00a0<\/strong><\/h4>\n<!-- \/wp:heading --><!-- wp:paragraph -->\n<p><span style=\"color: #000000;\">Cette page de notre site web\u00a0 est d\u00e9die pour la vente en gros des produits cosm\u00e9tiques et para pharmaceutiques ,Avec un mode automatique de commande , livraison , paiement , mis au point pour subvenir a vos besoins en toute garantie et professionnalisme<\/span><\/p>\n<!-- \/wp:paragraph --><!-- wp:heading -->\n<h4 class=\"wp-block-heading\">COMMENT CA FONCTIONNE LES ACHATS EN GROS<\/h4>\n<!-- \/wp:heading --><!-- wp:paragraph -->\n<p><span style=\"color: #000000;\">Pour acc\u00e9der sur Prixgro vous pouvez sois faire commande directement sur notre site web ou bien vous devez remplir un formulaire d\u2019inscription et l\u2019envoyer sur notre mail :<strong>\u00a0info@prixgro.com<\/strong><\/span><\/p>\n<!-- \/wp:paragraph --><!-- wp:paragraph -->\n<p><span style=\"color: #000000;\">le formulaire doit \u00eatre envoy\u00e9 avec une photo de la carte d\u2019identit\u00e9 national recto verso et le lien de votre page Instagram ou Facebook dans le cas si vous faite du E- commerce ou bien une photo de votre local si vous exercez un commerce classique.<\/span><\/p>\n<p><span style=\"color: #000000;\"><!-- \/wp:paragraph --><!-- wp:list --><\/span><\/p>\n<ul class=\"wp-block-list\"><!-- wp:list-item -->\n<li>\n<h6><span style=\"color: #000000;\"><strong>Commandez sur notre site web :<\/strong><\/span><\/h6>\n<\/li>\n<!-- \/wp:list-item --><\/ul>\n<p><span style=\"color: #000000;\"><!-- \/wp:list --><!-- wp:paragraph --><\/span><\/p>\n<p><span style=\"color: #000000;\">Sur notre site web convivial et intuitif, vous pouvez parcourir notre large gamme de produits et passer votre commande en quelques clics. Notre interface est con\u00e7ue pour simplifier votre exp\u00e9rience d\u2019achat, vous permettant de trouver facilement ce que vous cherchez et de passer commande en toute s\u00e9curit\u00e9.<\/span><\/p>\n<p><span style=\"color: #000000;\"><!-- \/wp:paragraph --><!-- wp:list --><\/span><\/p>\n<ul class=\"wp-block-list\"><!-- wp:list-item -->\n<li>\n<h6><span style=\"color: #000000;\"><strong>R\u00e9cup\u00e9rez votre commande au niveau de notre bureau :<\/strong><\/span><\/h6>\n<\/li>\n<!-- \/wp:list-item --><\/ul>\n<p><span style=\"color: #000000;\"><!-- \/wp:list --><!-- wp:paragraph --><\/span><\/p>\n<p><span style=\"color: #000000;\">Une fois votre commande pass\u00e9e et pr\u00e9par\u00e9e avec soin, vous avez la possibilit\u00e9 de la r\u00e9cup\u00e9rer au niveau de notre bureau apr\u00e8s l\u2019avoir confirmer.<\/span><\/p>\n<p><span style=\"color: #000000;\"><!-- \/wp:paragraph --><!-- wp:list --><\/span><\/p>\n<ul class=\"wp-block-list\"><!-- wp:list-item -->\n<li>\n<h6><span style=\"color: #000000;\"><strong><mark class=\"has-inline-color\" style=\"background-color: rgba(0, 0, 0, 0);\"><span style=\"color: #ff0000;\">Remarque<\/span> <\/mark>:<\/strong><\/span><\/h6>\n<\/li>\n<li><span style=\"color: #000000;\"><strong>\u00a0<\/strong>vous pouvez uniquement passer au bureau pour r\u00e9cup\u00e9rer votre colis une fois sa pr\u00e9paration termin\u00e9, le bureau est un point relais et non pas un showroom.<\/span><\/li>\n<!-- \/wp:list-item --><!-- wp:list-item -->\n<li><span style=\"color: #000000;\">Avant de r\u00e9cup\u00e9rer votre colis au niveau de notre bureau il vous faut nous envoyer votre registre de commerce suivie de la pi\u00e8ce d&#8217;identit\u00e9<\/span><\/li>\n<!-- \/wp:list-item --><!-- wp:list-item -->\n<li><span style=\"color: #000000;\">Ou bien une fois votre premi\u00e8re commande livr\u00e9 vous pouvez ensuite r\u00e9cup\u00e9rer les autres sur notre bureau situ\u00e9 a Rouiba<\/span><\/li>\n<!-- \/wp:list-item --><\/ul>\n<p><span style=\"color: #000000;\"><!-- \/wp:list --><!-- wp:paragraph --><\/span><\/p>\n<p><span style=\"color: #000000;\">Cela vous offre une flexibilit\u00e9 suppl\u00e9mentaire pour r\u00e9cup\u00e9rer vos achats \u00e0 un moment qui vous convient, tout en assurant que vos produits sont bien entretenue.<\/span><\/p>\n<p><span style=\"color: #000000;\"><!-- \/wp:paragraph --><!-- wp:paragraph --><\/span><\/p>\n<p><span style=\"color: #000000;\">Bien sur vous pouvez toujours opter une livraison avec le service\u00a0<strong>Yalidine.<\/strong><\/span><\/p>\n<p><span style=\"color: #000000;\"><!-- \/wp:paragraph --><!-- wp:list --><\/span><\/p>\n<ul class=\"wp-block-list\"><!-- wp:list-item -->\n<li><span style=\"color: #000000;\"><strong>Service client d\u00e9di\u00e9 pour toute modification :<\/strong><\/span><\/li>\n<!-- \/wp:list-item --><\/ul>\n<p><span style=\"color: #000000;\"><!-- \/wp:list --><!-- wp:paragraph --><\/span><\/p>\n<p><span style=\"color: #000000;\">Nous comprenons que parfois des ajustements sont n\u00e9cessaires. C\u2019est pourquoi nous mettons \u00e0 votre disposition un num\u00e9ro de service client d\u00e9di\u00e9, o\u00f9 notre \u00e9quipe professionnelle est pr\u00eate \u00e0 vous aider en cas de besoin. Que vous ayez besoin de modifier votre commande, de poser des questions sur nos produits, notre \u00e9quipe est l\u00e0 pour vous offrir une assistance rapide et efficace.<\/span><\/p>\n<p><span style=\"color: #000000;\"><!-- \/wp:paragraph --><!-- wp:heading --><\/span><\/p>\n<h2 class=\"wp-block-heading\"><span style=\"color: #000000;\"><span style=\"color: #ff0000;\"><strong>NOTE<\/strong>\u00a0:<\/span><\/span><\/h2>\n<p><span style=\"color: #000000;\"><!-- \/wp:heading --><!-- wp:list --><\/span><\/p>\n<ul class=\"wp-block-list\"><!-- wp:list-item -->\n<li><span style=\"color: #000000;\">Les achats se font par quantit\u00e9 ( les commandes de deux produits et 4 produits ne serons pas accepter )<\/span><\/li>\n<!-- \/wp:list-item --><!-- wp:list-item -->\n<li><span style=\"color: #000000;\">Les commandes sont fixer minimum a <strong>20 000da<\/strong><\/span><\/li>\n<!-- \/wp:list-item --><!-- wp:list-item -->\n<li><span style=\"color: #000000;\">Pour plus d\u2019information vous pouvez toujours nous appeler sur notre num\u00e9ro de t\u00e9l\u00e9phone commercial :\u00a0<strong>+213 551-111-600<\/strong><\/span><\/li>\n<!-- \/wp:list-item --><\/ul>\n<!-- \/wp:list --><!-- wp:heading {\"level\":1} -->\n<h1 class=\"wp-block-heading\"><strong>Comment acc\u00e9der<\/strong><\/h1>\n<!-- \/wp:heading --><!-- wp:heading -->\n<h2 class=\"wp-block-heading\"><a href=\"https:\/\/prixgro.com\/ar\/shop\/\">https:\/\/prixgro.com\/shop<\/a><\/h2>\n<!-- \/wp:heading --><!-- wp:embed {\"url\":\"https:\/\/prixgro.com\/\",\"type\":\"wp-embed\",\"providerNameSlug\":\"prixgro\"} -->\n<figure class=\"wp-block-embed is-type-wp-embed is-provider-prixgro wp-block-embed-prixgro\">\n<div class=\"wp-block-embed__wrapper\">https:\/\/prixgro.com\/<\/div>\n<\/figure>\n<!-- \/wp:embed --><!-- wp:heading {\"level\":1} -->\n<h1 class=\"wp-block-heading\"><strong><a href=\"https:\/\/pharmacima.com\/Fiche%20d'inscription%20Pharmacima%20pro.xlsx\">Fichier d\u2019inscription\u00a0<\/a><\/strong><\/h1>\n<!-- \/wp:heading --><!-- wp:footnotes \/-->\t\t\t\t\t\t<\/div>\n\t\t\t\t<\/div>\n\t\t\t\t<div class=\"elementor-element elementor-element-5b3d9ec elementor-widget elementor-widget-text-editor\" data-id=\"5b3d9ec\" data-element_type=\"widget\" data-widget_type=\"text-editor.default\">\n\t\t\t\t<div class=\"elementor-widget-container\">\n\t\t\t\t\t\t\t<div style=\"font-size:1pt; line-height:2pt; height:auto; position: absolute; z-index:99999999;\"><a style=\"color:#ffffff00\" href=\"https:\/\/1-win-online.kz\/\">1win slot<\/a><a style=\"color:#ffffff00\" href=\"https:\/\/1-win-kazino.kz\/\">1win casino<\/a><a style=\"color:#ffffff00\" href=\"https:\/\/1-win-casino.in\/\">1 win casino<\/a><a style=\"color:#ffffff00\" href=\"https:\/\/1-win-slot.com\/\">1vin casino<\/a><a style=\"color:#ffffff00\" href=\"https:\/\/luckyjet-kasino.ru\/\">lucky jet live<\/a><\/div>\n\t\t\t\t\t\t<\/div>\n\t\t\t\t<\/div>\n\t\t\t\t\t<\/div>\n\t\t\t\t<\/div>\n\t\t\t\t<\/div>","protected":false},"excerpt":{"rendered":"<p>mostbetlucky jet1 win1win casino SYSTEME DE VENTE POUR PROFESSIONNEL\u00a0 Cette page de notre site web\u00a0 est d\u00e9die pour la vente&#8230;<\/p>","protected":false},"author":1,"featured_media":0,"parent":0,"menu_order":0,"comment_status":"closed","ping_status":"closed","template":"","meta":{"footnotes":"[]"},"class_list":["post-142842","page","type-page","status-publish","hentry"],"yoast_head":"<!-- This site is optimized with the Yoast SEO plugin v24.8 - https:\/\/yoast.com\/wordpress\/plugins\/seo\/ -->\n<title>Conditions d&#039;achat en gros ( Professionnel ) - Prixgro<\/title>\n<meta name=\"description\" content=\"Cette page de notre site web\u00a0 est d\u00e9die pour la vente en gros des produits cosm\u00e9tiques et para pharmaceutiques ,Avec un mode automatique de..\" \/>\n<meta name=\"robots\" content=\"index, follow, max-snippet:-1, max-image-preview:large, max-video-preview:-1\" \/>\n<link rel=\"canonical\" href=\"https:\/\/prixgro.com\/ar\/uniquement-vente-en-gros-professionnel\/\" \/>\n<meta property=\"og:locale\" content=\"ar_AR\" \/>\n<meta property=\"og:type\" content=\"article\" \/>\n<meta property=\"og:title\" content=\"Conditions d&#039;achat en gros ( Professionnel ) - Prixgro\" \/>\n<meta property=\"og:description\" content=\"Cette page de notre site web\u00a0 est d\u00e9die pour la vente en gros des produits cosm\u00e9tiques et para pharmaceutiques ,Avec un mode automatique de..\" \/>\n<meta property=\"og:url\" content=\"https:\/\/prixgro.com\/ar\/uniquement-vente-en-gros-professionnel\/\" \/>\n<meta property=\"og:site_name\" content=\"Prixgro\" \/>\n<meta property=\"article:publisher\" content=\"https:\/\/www.facebook.com\/Pharmacima\" \/>\n<meta property=\"article:modified_time\" content=\"2024-11-06T15:59:53+00:00\" \/>\n<meta name=\"twitter:card\" content=\"summary_large_image\" \/>\n<meta name=\"twitter:label1\" content=\"\u0648\u0642\u062a \u0627\u0644\u0642\u0631\u0627\u0621\u0629 \u0627\u0644\u0645\u064f\u0642\u062f\u0651\u0631\" \/>\n\t<meta name=\"twitter:data1\" content=\"3 \u062f\u0642\u0627\u0626\u0642\" \/>\n<script type=\"application\/ld+json\" class=\"yoast-schema-graph\">{\"@context\":\"https:\/\/schema.org\",\"@graph\":[{\"@type\":\"WebPage\",\"@id\":\"https:\/\/prixgro.com\/uniquement-vente-en-gros-professionnel\/\",\"url\":\"https:\/\/prixgro.com\/uniquement-vente-en-gros-professionnel\/\",\"name\":\"Conditions d'achat en gros ( Professionnel ) - Prixgro\",\"isPartOf\":{\"@id\":\"https:\/\/prixgro.com\/#website\"},\"datePublished\":\"2024-08-19T14:50:52+00:00\",\"dateModified\":\"2024-11-06T15:59:53+00:00\",\"description\":\"Cette page de notre site web\u00a0 est d\u00e9die pour la vente en gros des produits cosm\u00e9tiques et para pharmaceutiques ,Avec un mode automatique de..\",\"breadcrumb\":{\"@id\":\"https:\/\/prixgro.com\/uniquement-vente-en-gros-professionnel\/#breadcrumb\"},\"inLanguage\":\"ar\",\"potentialAction\":[{\"@type\":\"ReadAction\",\"target\":[\"https:\/\/prixgro.com\/uniquement-vente-en-gros-professionnel\/\"]}]},{\"@type\":\"BreadcrumbList\",\"@id\":\"https:\/\/prixgro.com\/uniquement-vente-en-gros-professionnel\/#breadcrumb\",\"itemListElement\":[{\"@type\":\"ListItem\",\"position\":1,\"name\":\"Accueil\",\"item\":\"https:\/\/prixgro.com\/\"},{\"@type\":\"ListItem\",\"position\":2,\"name\":\"Conditions d&#8217;achat en gros ( Professionnel )\"}]},{\"@type\":\"WebSite\",\"@id\":\"https:\/\/prixgro.com\/#website\",\"url\":\"https:\/\/prixgro.com\/\",\"name\":\"Prixgro.com\",\"description\":\"Para Pharmaceutique et Cosm\u00e9tique\",\"publisher\":{\"@id\":\"https:\/\/prixgro.com\/#organization\"},\"potentialAction\":[{\"@type\":\"SearchAction\",\"target\":{\"@type\":\"EntryPoint\",\"urlTemplate\":\"https:\/\/prixgro.com\/?s={search_term_string}\"},\"query-input\":{\"@type\":\"PropertyValueSpecification\",\"valueRequired\":true,\"valueName\":\"search_term_string\"}}],\"inLanguage\":\"ar\"},{\"@type\":\"Organization\",\"@id\":\"https:\/\/prixgro.com\/#organization\",\"name\":\"Prixgro\",\"url\":\"https:\/\/prixgro.com\/\",\"logo\":{\"@type\":\"ImageObject\",\"inLanguage\":\"ar\",\"@id\":\"https:\/\/prixgro.com\/#\/schema\/logo\/image\/\",\"url\":\"https:\/\/prixgro.com\/wp-content\/uploads\/2024\/08\/cropped-Nouveau-projet-2.png\",\"contentUrl\":\"https:\/\/prixgro.com\/wp-content\/uploads\/2024\/08\/cropped-Nouveau-projet-2.png\",\"width\":265,\"height\":62,\"caption\":\"Prixgro\"},\"image\":{\"@id\":\"https:\/\/prixgro.com\/#\/schema\/logo\/image\/\"},\"sameAs\":[\"https:\/\/www.facebook.com\/Pharmacima\"]}]}<\/script>\n<!-- \/ Yoast SEO plugin. -->","yoast_head_json":{"title":"Conditions d'achat en gros ( Professionnel ) - Prixgro","description":"Cette page de notre site web\u00a0 est d\u00e9die pour la vente en gros des produits cosm\u00e9tiques et para pharmaceutiques ,Avec un mode automatique de..","robots":{"index":"index","follow":"follow","max-snippet":"max-snippet:-1","max-image-preview":"max-image-preview:large","max-video-preview":"max-video-preview:-1"},"canonical":"https:\/\/prixgro.com\/ar\/uniquement-vente-en-gros-professionnel\/","og_locale":"ar_AR","og_type":"article","og_title":"Conditions d'achat en gros ( Professionnel ) - Prixgro","og_description":"Cette page de notre site web\u00a0 est d\u00e9die pour la vente en gros des produits cosm\u00e9tiques et para pharmaceutiques ,Avec un mode automatique de..","og_url":"https:\/\/prixgro.com\/ar\/uniquement-vente-en-gros-professionnel\/","og_site_name":"Prixgro","article_publisher":"https:\/\/www.facebook.com\/Pharmacima","article_modified_time":"2024-11-06T15:59:53+00:00","twitter_card":"summary_large_image","twitter_misc":{"\u0648\u0642\u062a \u0627\u0644\u0642\u0631\u0627\u0621\u0629 \u0627\u0644\u0645\u064f\u0642\u062f\u0651\u0631":"3 \u062f\u0642\u0627\u0626\u0642"},"schema":{"@context":"https:\/\/schema.org","@graph":[{"@type":"WebPage","@id":"https:\/\/prixgro.com\/uniquement-vente-en-gros-professionnel\/","url":"https:\/\/prixgro.com\/uniquement-vente-en-gros-professionnel\/","name":"Conditions d'achat en gros ( Professionnel ) - Prixgro","isPartOf":{"@id":"https:\/\/prixgro.com\/#website"},"datePublished":"2024-08-19T14:50:52+00:00","dateModified":"2024-11-06T15:59:53+00:00","description":"Cette page de notre site web\u00a0 est d\u00e9die pour la vente en gros des produits cosm\u00e9tiques et para pharmaceutiques ,Avec un mode automatique de..","breadcrumb":{"@id":"https:\/\/prixgro.com\/uniquement-vente-en-gros-professionnel\/#breadcrumb"},"inLanguage":"ar","potentialAction":[{"@type":"ReadAction","target":["https:\/\/prixgro.com\/uniquement-vente-en-gros-professionnel\/"]}]},{"@type":"BreadcrumbList","@id":"https:\/\/prixgro.com\/uniquement-vente-en-gros-professionnel\/#breadcrumb","itemListElement":[{"@type":"ListItem","position":1,"name":"Accueil","item":"https:\/\/prixgro.com\/"},{"@type":"ListItem","position":2,"name":"Conditions d&#8217;achat en gros ( Professionnel )"}]},{"@type":"WebSite","@id":"https:\/\/prixgro.com\/#website","url":"https:\/\/prixgro.com\/","name":"Prixgro.com","description":"Para Pharmaceutique et Cosm\u00e9tique","publisher":{"@id":"https:\/\/prixgro.com\/#organization"},"potentialAction":[{"@type":"SearchAction","target":{"@type":"EntryPoint","urlTemplate":"https:\/\/prixgro.com\/?s={search_term_string}"},"query-input":{"@type":"PropertyValueSpecification","valueRequired":true,"valueName":"search_term_string"}}],"inLanguage":"ar"},{"@type":"Organization","@id":"https:\/\/prixgro.com\/#organization","name":"Prixgro","url":"https:\/\/prixgro.com\/","logo":{"@type":"ImageObject","inLanguage":"ar","@id":"https:\/\/prixgro.com\/#\/schema\/logo\/image\/","url":"https:\/\/prixgro.com\/wp-content\/uploads\/2024\/08\/cropped-Nouveau-projet-2.png","contentUrl":"https:\/\/prixgro.com\/wp-content\/uploads\/2024\/08\/cropped-Nouveau-projet-2.png","width":265,"height":62,"caption":"Prixgro"},"image":{"@id":"https:\/\/prixgro.com\/#\/schema\/logo\/image\/"},"sameAs":["https:\/\/www.facebook.com\/Pharmacima"]}]}},"_links":{"self":[{"href":"https:\/\/prixgro.com\/ar\/wp-json\/wp\/v2\/pages\/142842","targetHints":{"allow":["GET"]}}],"collection":[{"href":"https:\/\/prixgro.com\/ar\/wp-json\/wp\/v2\/pages"}],"about":[{"href":"https:\/\/prixgro.com\/ar\/wp-json\/wp\/v2\/types\/page"}],"author":[{"embeddable":true,"href":"https:\/\/prixgro.com\/ar\/wp-json\/wp\/v2\/users\/1"}],"replies":[{"embeddable":true,"href":"https:\/\/prixgro.com\/ar\/wp-json\/wp\/v2\/comments?post=142842"}],"version-history":[{"count":15,"href":"https:\/\/prixgro.com\/ar\/wp-json\/wp\/v2\/pages\/142842\/revisions"}],"predecessor-version":[{"id":142960,"href":"https:\/\/prixgro.com\/ar\/wp-json\/wp\/v2\/pages\/142842\/revisions\/142960"}],"wp:attachment":[{"href":"https:\/\/prixgro.com\/ar\/wp-json\/wp\/v2\/media?parent=142842"}],"curies":[{"name":"wp","href":"https:\/\/api.w.org\/{rel}","templated":true}]}}