{"id":141353,"date":"2024-04-09T14:26:16","date_gmt":"2024-04-09T12:26:16","guid":{"rendered":"https:\/\/cloodmanager.net\/?post_type=product&#038;p=141353"},"modified":"2024-04-09T14:26:19","modified_gmt":"2024-04-09T12:26:19","slug":"gel-hydroalcoolique-desinfectant-500-ml-palc","status":"publish","type":"product","link":"https:\/\/prixgro.com\/ar\/product\/gel-hydroalcoolique-desinfectant-500-ml-palc\/","title":{"rendered":"gel hydroalcoolique d\u00e9sinfectant &#8211; 500 ml PALC"},"content":{"rendered":"<p>Le\u00a0<strong>gel hydroalcoolique<\/strong> d\u00e9sinfectant les mains de 5<strong>00 ml<\/strong>\u00a0fabriqu\u00e9 par la marque\u00a0<strong>Palc<\/strong>.<\/p>\n<p>Ou Que vous soyez\u00a0 \u00a0le\u00a0<strong>gel antibact\u00e9rien<\/strong>\u00a0de\u00a0<strong>Palc<\/strong>\u00a0vous assure des mains propres pendant toutes vos activit\u00e9s de plein air.<\/p>\n<p>Con\u00e7u pour combattre les infections en d\u00e9truisant les microbes, les virus et les bact\u00e9ries, le\u00a0<strong>gel hydroalcoolique 500 ml <\/strong>de\u00a0<strong>Palc<\/strong>\u00a0est facile \u00e0 transporter !<\/p>\n<ul>\n<li>D\u00e9sinfecte les mains<\/li>\n<li>Volume : 500 ml<\/li>\n<li>Gel hyrdroalcoolique<\/li>\n<\/ul>","protected":false},"excerpt":{"rendered":"<p>Marque : Palc <strong>espagnol<\/strong><\/p>\n<ul>\n<li>D\u00e9sinfecte les mains<\/li>\n<li>Volume : 500 ml<\/li>\n<li>Antibact\u00e9rien in\u00e9gal\u00e9<\/li>\n<\/ul>","protected":false},"featured_media":1586,"comment_status":"open","ping_status":"closed","template":"","meta":[],"product_cat":[30,28],"product_tag":[31,32,34],"berocket_brand":[],"class_list":{"0":"post-141353","1":"product","2":"type-product","3":"status-publish","4":"has-post-thumbnail","6":"product_cat-desinfection","7":"product_cat-hygiene-et-protection","8":"product_tag-anti-bacterien","9":"product_tag-anti-septique","10":"product_tag-gel","11":"product_shipping_class-alger","13":"first","14":"outofstock","15":"shipping-taxable","16":"purchasable","17":"product-type-simple"},"yoast_head":"<!-- This site is optimized with the Yoast SEO plugin v24.8 - https:\/\/yoast.com\/wordpress\/plugins\/seo\/ -->\n<title>gel hydroalcoolique d\u00e9sinfectant - 500 ml PALC - Prixgro<\/title>\n<meta name=\"robots\" content=\"index, follow, max-snippet:-1, max-image-preview:large, max-video-preview:-1\" \/>\n<link rel=\"canonical\" href=\"https:\/\/prixgro.com\/ar\/product\/gel-hydroalcoolique-desinfectant-500-ml-palc\/\" \/>\n<meta property=\"og:locale\" content=\"ar_AR\" \/>\n<meta property=\"og:type\" content=\"article\" \/>\n<meta property=\"og:title\" content=\"gel hydroalcoolique d\u00e9sinfectant - 500 ml PALC - Prixgro\" \/>\n<meta property=\"og:description\" content=\"Marque : Palc espagnolD\u00e9sinfecte les mainsVolume : 500 mlAntibact\u00e9rien in\u00e9gal\u00e9\" \/>\n<meta property=\"og:url\" content=\"https:\/\/prixgro.com\/ar\/product\/gel-hydroalcoolique-desinfectant-500-ml-palc\/\" \/>\n<meta property=\"og:site_name\" content=\"Prixgro\" \/>\n<meta property=\"article:publisher\" content=\"https:\/\/www.facebook.com\/Pharmacima\" \/>\n<meta property=\"article:modified_time\" content=\"2024-04-09T12:26:19+00:00\" \/>\n<meta property=\"og:image\" content=\"https:\/\/prixgro.com\/wp-content\/uploads\/2023\/09\/palc-500ml-2.png\" \/>\n\t<meta property=\"og:image:width\" content=\"433\" \/>\n\t<meta property=\"og:image:height\" content=\"577\" \/>\n\t<meta property=\"og:image:type\" content=\"image\/png\" \/>\n<meta name=\"twitter:card\" content=\"summary_large_image\" \/>\n<script type=\"application\/ld+json\" class=\"yoast-schema-graph\">{\"@context\":\"https:\/\/schema.org\",\"@graph\":[{\"@type\":\"WebPage\",\"@id\":\"https:\/\/prixgro.com\/product\/gel-hydroalcoolique-desinfectant-500-ml-palc\/\",\"url\":\"https:\/\/prixgro.com\/product\/gel-hydroalcoolique-desinfectant-500-ml-palc\/\",\"name\":\"gel hydroalcoolique d\u00e9sinfectant - 500 ml PALC - Prixgro\",\"isPartOf\":{\"@id\":\"https:\/\/prixgro.com\/#website\"},\"primaryImageOfPage\":{\"@id\":\"https:\/\/prixgro.com\/product\/gel-hydroalcoolique-desinfectant-500-ml-palc\/#primaryimage\"},\"image\":{\"@id\":\"https:\/\/prixgro.com\/product\/gel-hydroalcoolique-desinfectant-500-ml-palc\/#primaryimage\"},\"thumbnailUrl\":\"https:\/\/prixgro.com\/wp-content\/uploads\/2023\/09\/palc-500ml-2.png\",\"datePublished\":\"2024-04-09T12:26:16+00:00\",\"dateModified\":\"2024-04-09T12:26:19+00:00\",\"breadcrumb\":{\"@id\":\"https:\/\/prixgro.com\/product\/gel-hydroalcoolique-desinfectant-500-ml-palc\/#breadcrumb\"},\"inLanguage\":\"ar\",\"potentialAction\":[{\"@type\":\"ReadAction\",\"target\":[\"https:\/\/prixgro.com\/product\/gel-hydroalcoolique-desinfectant-500-ml-palc\/\"]}]},{\"@type\":\"ImageObject\",\"inLanguage\":\"ar\",\"@id\":\"https:\/\/prixgro.com\/product\/gel-hydroalcoolique-desinfectant-500-ml-palc\/#primaryimage\",\"url\":\"https:\/\/prixgro.com\/wp-content\/uploads\/2023\/09\/palc-500ml-2.png\",\"contentUrl\":\"https:\/\/prixgro.com\/wp-content\/uploads\/2023\/09\/palc-500ml-2.png\",\"width\":433,\"height\":577},{\"@type\":\"BreadcrumbList\",\"@id\":\"https:\/\/prixgro.com\/product\/gel-hydroalcoolique-desinfectant-500-ml-palc\/#breadcrumb\",\"itemListElement\":[{\"@type\":\"ListItem\",\"position\":1,\"name\":\"Accueil\",\"item\":\"https:\/\/prixgro.com\/\"},{\"@type\":\"ListItem\",\"position\":2,\"name\":\"Boutique en ligne\",\"item\":\"https:\/\/prixgro.com\/shop\/\"},{\"@type\":\"ListItem\",\"position\":3,\"name\":\"gel hydroalcoolique d\u00e9sinfectant &#8211; 500 ml PALC\"}]},{\"@type\":\"WebSite\",\"@id\":\"https:\/\/prixgro.com\/#website\",\"url\":\"https:\/\/prixgro.com\/\",\"name\":\"Prixgro.com\",\"description\":\"Para Pharmaceutique et Cosm\u00e9tique\",\"publisher\":{\"@id\":\"https:\/\/prixgro.com\/#organization\"},\"potentialAction\":[{\"@type\":\"SearchAction\",\"target\":{\"@type\":\"EntryPoint\",\"urlTemplate\":\"https:\/\/prixgro.com\/?s={search_term_string}\"},\"query-input\":{\"@type\":\"PropertyValueSpecification\",\"valueRequired\":true,\"valueName\":\"search_term_string\"}}],\"inLanguage\":\"ar\"},{\"@type\":\"Organization\",\"@id\":\"https:\/\/prixgro.com\/#organization\",\"name\":\"Prixgro\",\"url\":\"https:\/\/prixgro.com\/\",\"logo\":{\"@type\":\"ImageObject\",\"inLanguage\":\"ar\",\"@id\":\"https:\/\/prixgro.com\/#\/schema\/logo\/image\/\",\"url\":\"https:\/\/prixgro.com\/wp-content\/uploads\/2024\/08\/cropped-Nouveau-projet-2.png\",\"contentUrl\":\"https:\/\/prixgro.com\/wp-content\/uploads\/2024\/08\/cropped-Nouveau-projet-2.png\",\"width\":265,\"height\":62,\"caption\":\"Prixgro\"},\"image\":{\"@id\":\"https:\/\/prixgro.com\/#\/schema\/logo\/image\/\"},\"sameAs\":[\"https:\/\/www.facebook.com\/Pharmacima\"]}]}<\/script>\n<!-- \/ Yoast SEO plugin. -->","yoast_head_json":{"title":"gel hydroalcoolique d\u00e9sinfectant - 500 ml PALC - Prixgro","robots":{"index":"index","follow":"follow","max-snippet":"max-snippet:-1","max-image-preview":"max-image-preview:large","max-video-preview":"max-video-preview:-1"},"canonical":"https:\/\/prixgro.com\/ar\/product\/gel-hydroalcoolique-desinfectant-500-ml-palc\/","og_locale":"ar_AR","og_type":"article","og_title":"gel hydroalcoolique d\u00e9sinfectant - 500 ml PALC - Prixgro","og_description":"Marque : Palc espagnolD\u00e9sinfecte les mainsVolume : 500 mlAntibact\u00e9rien in\u00e9gal\u00e9","og_url":"https:\/\/prixgro.com\/ar\/product\/gel-hydroalcoolique-desinfectant-500-ml-palc\/","og_site_name":"Prixgro","article_publisher":"https:\/\/www.facebook.com\/Pharmacima","article_modified_time":"2024-04-09T12:26:19+00:00","og_image":[{"width":433,"height":577,"url":"https:\/\/prixgro.com\/wp-content\/uploads\/2023\/09\/palc-500ml-2.png","type":"image\/png"}],"twitter_card":"summary_large_image","schema":{"@context":"https:\/\/schema.org","@graph":[{"@type":"WebPage","@id":"https:\/\/prixgro.com\/product\/gel-hydroalcoolique-desinfectant-500-ml-palc\/","url":"https:\/\/prixgro.com\/product\/gel-hydroalcoolique-desinfectant-500-ml-palc\/","name":"gel hydroalcoolique d\u00e9sinfectant - 500 ml PALC - Prixgro","isPartOf":{"@id":"https:\/\/prixgro.com\/#website"},"primaryImageOfPage":{"@id":"https:\/\/prixgro.com\/product\/gel-hydroalcoolique-desinfectant-500-ml-palc\/#primaryimage"},"image":{"@id":"https:\/\/prixgro.com\/product\/gel-hydroalcoolique-desinfectant-500-ml-palc\/#primaryimage"},"thumbnailUrl":"https:\/\/prixgro.com\/wp-content\/uploads\/2023\/09\/palc-500ml-2.png","datePublished":"2024-04-09T12:26:16+00:00","dateModified":"2024-04-09T12:26:19+00:00","breadcrumb":{"@id":"https:\/\/prixgro.com\/product\/gel-hydroalcoolique-desinfectant-500-ml-palc\/#breadcrumb"},"inLanguage":"ar","potentialAction":[{"@type":"ReadAction","target":["https:\/\/prixgro.com\/product\/gel-hydroalcoolique-desinfectant-500-ml-palc\/"]}]},{"@type":"ImageObject","inLanguage":"ar","@id":"https:\/\/prixgro.com\/product\/gel-hydroalcoolique-desinfectant-500-ml-palc\/#primaryimage","url":"https:\/\/prixgro.com\/wp-content\/uploads\/2023\/09\/palc-500ml-2.png","contentUrl":"https:\/\/prixgro.com\/wp-content\/uploads\/2023\/09\/palc-500ml-2.png","width":433,"height":577},{"@type":"BreadcrumbList","@id":"https:\/\/prixgro.com\/product\/gel-hydroalcoolique-desinfectant-500-ml-palc\/#breadcrumb","itemListElement":[{"@type":"ListItem","position":1,"name":"Accueil","item":"https:\/\/prixgro.com\/"},{"@type":"ListItem","position":2,"name":"Boutique en ligne","item":"https:\/\/prixgro.com\/shop\/"},{"@type":"ListItem","position":3,"name":"gel hydroalcoolique d\u00e9sinfectant &#8211; 500 ml PALC"}]},{"@type":"WebSite","@id":"https:\/\/prixgro.com\/#website","url":"https:\/\/prixgro.com\/","name":"Prixgro.com","description":"Para Pharmaceutique et Cosm\u00e9tique","publisher":{"@id":"https:\/\/prixgro.com\/#organization"},"potentialAction":[{"@type":"SearchAction","target":{"@type":"EntryPoint","urlTemplate":"https:\/\/prixgro.com\/?s={search_term_string}"},"query-input":{"@type":"PropertyValueSpecification","valueRequired":true,"valueName":"search_term_string"}}],"inLanguage":"ar"},{"@type":"Organization","@id":"https:\/\/prixgro.com\/#organization","name":"Prixgro","url":"https:\/\/prixgro.com\/","logo":{"@type":"ImageObject","inLanguage":"ar","@id":"https:\/\/prixgro.com\/#\/schema\/logo\/image\/","url":"https:\/\/prixgro.com\/wp-content\/uploads\/2024\/08\/cropped-Nouveau-projet-2.png","contentUrl":"https:\/\/prixgro.com\/wp-content\/uploads\/2024\/08\/cropped-Nouveau-projet-2.png","width":265,"height":62,"caption":"Prixgro"},"image":{"@id":"https:\/\/prixgro.com\/#\/schema\/logo\/image\/"},"sameAs":["https:\/\/www.facebook.com\/Pharmacima"]}]}},"_links":{"self":[{"href":"https:\/\/prixgro.com\/ar\/wp-json\/wp\/v2\/product\/141353","targetHints":{"allow":["GET"]}}],"collection":[{"href":"https:\/\/prixgro.com\/ar\/wp-json\/wp\/v2\/product"}],"about":[{"href":"https:\/\/prixgro.com\/ar\/wp-json\/wp\/v2\/types\/product"}],"replies":[{"embeddable":true,"href":"https:\/\/prixgro.com\/ar\/wp-json\/wp\/v2\/comments?post=141353"}],"wp:featuredmedia":[{"embeddable":true,"href":"https:\/\/prixgro.com\/ar\/wp-json\/wp\/v2\/media\/1586"}],"wp:attachment":[{"href":"https:\/\/prixgro.com\/ar\/wp-json\/wp\/v2\/media?parent=141353"}],"wp:term":[{"taxonomy":"product_cat","embeddable":true,"href":"https:\/\/prixgro.com\/ar\/wp-json\/wp\/v2\/product_cat?post=141353"},{"taxonomy":"product_tag","embeddable":true,"href":"https:\/\/prixgro.com\/ar\/wp-json\/wp\/v2\/product_tag?post=141353"},{"taxonomy":"berocket_brand","embeddable":true,"href":"https:\/\/prixgro.com\/ar\/wp-json\/wp\/v2\/berocket_brand?post=141353"}],"curies":[{"name":"wp","href":"https:\/\/api.w.org\/{rel}","templated":true}]}}