{"id":141363,"date":"2024-04-09T14:26:17","date_gmt":"2024-04-09T12:26:17","guid":{"rendered":"https:\/\/cloodmanager.net\/?post_type=product&#038;p=141363"},"modified":"2024-08-08T12:59:37","modified_gmt":"2024-08-08T10:59:37","slug":"fluide-toucher-sec-spf-50-50ml-avene","status":"publish","type":"product","link":"https:\/\/prixgro.com\/ar\/product\/fluide-toucher-sec-spf-50-50ml-avene\/","title":{"rendered":"FLUIDE (TOUCHER SEC) SPF 50+ &#8211; 50ML &#8211; Av\u00e9ne"},"content":{"rendered":"<ul id=\"descProduct\" class=\"nav nav-tabs no-gutters mt-4 mb-2\" role=\"tablist\">\n<li class=\"col-4 nav-item\">\n<h3 class=\"title-brand font-weight-bold mb-0 pb-2\">DESCRIPTION:<\/h3>\n<\/li>\n<\/ul>\n<div id=\"myTabContent\" class=\"tab-content\">\n<div id=\"longDescription\" class=\"tab-pane fade active show\" role=\"tabpanel\" aria-labelledby=\"longDescription-tab\"><\/div>\n<\/div>\n<div role=\"tabpanel\" aria-labelledby=\"longDescription-tab\">\n<div id=\"detail\">\n<div class=\"dp09\">\n<p>Tr\u00e8s haute protection solaire des peaux sensibles, hypersensibles au soleil ou expos\u00e9es \u00e0 un ensoeillement intense.<\/p>\n<p>Le fluide 50+ assure une protection optimale contre les rayons UVB UVA.<br \/>Enrichie en eau thermale d&#8217;Av\u00e8ne et en poudres matifiantes, sa texture l\u00e9g\u00e8re offre \u00e0 votre peau un fini mat et non brillant.<\/p>\n<p>Syst\u00e8me filtrant UVB-UVA, tr\u00e8s large spectre photostable.<br \/>Complexe antioxydant unique, protection cellulaire globale.<br \/>Eau thermale d&#8217;Av\u00e8ne apaisante et anti-irritation.<\/p>\n<hr>\n<h3><span style=\"color: #ff9900\" data-mce-style=\"color: #ff9900;\"><strong>Conseils d&#8217;utilisation:<\/strong><\/span><\/h3>\n<p>Avant toute exposition au soleil, appliquer 6 doses en moyenne sur le visage et le cou.<br \/>Renouvelez fr\u00e9quemment l&#8217;application pour maintenir la protection, surtout apr\u00e8s avoir transpir\u00e9, nag\u00e9 ou vous \u00eatre essuy\u00e9.<br \/>Ne rester pas trop longtemps au soleil, m\u00eame si vous utilisez un produit solaire.<br \/>L&#8217;abus de soleilest dangereux.<br \/>N&#8217;exposer pas les b\u00e9b\u00e9es et les jeunes enfants directement au soleil.<br \/>Eviter de s&#8217;exposer entre 11h et 16h.<br \/>Eviter le contact avec les yeux et en cas de contact avec les yeux, rincer abondamment \u00e0 l&#8217;eau clair.<\/p>\n<hr>\n<h3><span style=\"color: #008080\" data-mce-style=\"color: #008080;\"><strong>Composition:<\/strong><\/span><\/h3>\n<p>Formule INCI :\u00a0Avene Aqua, C 12-15 Alkyl Benzoate, Methylene Bis-Benzotriazoyl Tetramethylbutylphenol [Nano], Water (Aqua), Cetearyl Isononanoate, Diisopropyl Adipate, Isodecyl Neopentanoate, Bis-Ethylhexyloxphenol Methoxyphenyl Triazine, Diethylhexyl Butamido Triazone, Aluminium Starch Octenyl Scucinate, Butyl Methoxydibenzoylmethane, Potassium Cetyl Phosphate, Decyl Glucoside, Acrylates\/C10-30 Alkyl Acrylate, Crosspolymer, Benzoic Acid, Caprylic\/Capric Triglyceride, Caprylyl Glycol, Disodium Edta, Fragrance (Parfum), Glyceryl Behenate, Glyceryl Dibehenate, Glyceryl Laurate, Hydrogenated Palm Glycerides, Hydrogenated Palm Kernel Glycerides, Propylene Glycol, Silica, Sodium Hydroxide, Tocoheryl Glucoside, Tribenein, Xanthan Gum.<\/p>\n<hr>\n<p><em>Non com\u00e9dog\u00e8ne<\/em><\/p>\n<\/div>\n<\/div>\n<div id=\"briefcase_product\"><\/div>\n<\/div>","protected":false},"excerpt":{"rendered":"<h3><span style=\"color: #ff6600\" data-mce-style=\"color: #ff6600;\">50ML<\/span><\/h3>\n<hr>\n<div>\n<p>Tr\u00e8s haute protection<\/p>\n<\/div>","protected":false},"featured_media":261,"comment_status":"open","ping_status":"closed","template":"","meta":[],"product_cat":[64,17,36],"product_tag":[481,475,45],"berocket_brand":[],"class_list":{"0":"post-141363","1":"product","2":"type-product","3":"status-publish","4":"has-post-thumbnail","6":"product_cat-corps","7":"product_cat-soin-et-bien-etre","8":"product_cat-visage-soin-et-bien-etre","9":"product_tag-peaux-mixte-2","10":"product_tag-peaux-seches-3","11":"product_tag-peaux-sensibles","13":"first","14":"outofstock","15":"shipping-taxable","16":"purchasable","17":"product-type-simple"},"yoast_head":"<!-- This site is optimized with the Yoast SEO plugin v24.8 - https:\/\/yoast.com\/wordpress\/plugins\/seo\/ -->\n<title>FLUIDE (TOUCHER SEC) SPF 50+ - 50ML - Av\u00e9ne - Prixgro<\/title>\n<meta name=\"robots\" content=\"index, follow, max-snippet:-1, max-image-preview:large, max-video-preview:-1\" \/>\n<link rel=\"canonical\" href=\"https:\/\/prixgro.com\/ar\/product\/fluide-toucher-sec-spf-50-50ml-avene\/\" \/>\n<meta property=\"og:locale\" content=\"ar_AR\" \/>\n<meta property=\"og:type\" content=\"article\" \/>\n<meta property=\"og:title\" content=\"FLUIDE (TOUCHER SEC) SPF 50+ - 50ML - Av\u00e9ne - Prixgro\" \/>\n<meta property=\"og:description\" content=\"50MLTr\u00e8s haute protection\" \/>\n<meta property=\"og:url\" content=\"https:\/\/prixgro.com\/ar\/product\/fluide-toucher-sec-spf-50-50ml-avene\/\" \/>\n<meta property=\"og:site_name\" content=\"Prixgro\" \/>\n<meta property=\"article:publisher\" content=\"https:\/\/www.facebook.com\/Pharmacima\" \/>\n<meta property=\"article:modified_time\" content=\"2024-08-08T10:59:37+00:00\" \/>\n<meta property=\"og:image\" content=\"https:\/\/prixgro.com\/wp-content\/uploads\/2023\/09\/avene_solaire_fluide_spf50_50ml.jpg\" \/>\n\t<meta property=\"og:image:width\" content=\"494\" \/>\n\t<meta property=\"og:image:height\" content=\"494\" \/>\n\t<meta property=\"og:image:type\" content=\"image\/jpeg\" \/>\n<meta name=\"twitter:card\" content=\"summary_large_image\" \/>\n<meta name=\"twitter:label1\" content=\"\u0648\u0642\u062a \u0627\u0644\u0642\u0631\u0627\u0621\u0629 \u0627\u0644\u0645\u064f\u0642\u062f\u0651\u0631\" \/>\n\t<meta name=\"twitter:data1\" content=\"\u062f\u0642\u064a\u0642\u0629 \u0648\u0627\u062d\u062f\u0629\" \/>\n<script type=\"application\/ld+json\" class=\"yoast-schema-graph\">{\"@context\":\"https:\/\/schema.org\",\"@graph\":[{\"@type\":\"WebPage\",\"@id\":\"https:\/\/prixgro.com\/product\/fluide-toucher-sec-spf-50-50ml-avene\/\",\"url\":\"https:\/\/prixgro.com\/product\/fluide-toucher-sec-spf-50-50ml-avene\/\",\"name\":\"FLUIDE (TOUCHER SEC) SPF 50+ - 50ML - Av\u00e9ne - Prixgro\",\"isPartOf\":{\"@id\":\"https:\/\/prixgro.com\/#website\"},\"primaryImageOfPage\":{\"@id\":\"https:\/\/prixgro.com\/product\/fluide-toucher-sec-spf-50-50ml-avene\/#primaryimage\"},\"image\":{\"@id\":\"https:\/\/prixgro.com\/product\/fluide-toucher-sec-spf-50-50ml-avene\/#primaryimage\"},\"thumbnailUrl\":\"https:\/\/prixgro.com\/wp-content\/uploads\/2023\/09\/avene_solaire_fluide_spf50_50ml.jpg\",\"datePublished\":\"2024-04-09T12:26:17+00:00\",\"dateModified\":\"2024-08-08T10:59:37+00:00\",\"breadcrumb\":{\"@id\":\"https:\/\/prixgro.com\/product\/fluide-toucher-sec-spf-50-50ml-avene\/#breadcrumb\"},\"inLanguage\":\"ar\",\"potentialAction\":[{\"@type\":\"ReadAction\",\"target\":[\"https:\/\/prixgro.com\/product\/fluide-toucher-sec-spf-50-50ml-avene\/\"]}]},{\"@type\":\"ImageObject\",\"inLanguage\":\"ar\",\"@id\":\"https:\/\/prixgro.com\/product\/fluide-toucher-sec-spf-50-50ml-avene\/#primaryimage\",\"url\":\"https:\/\/prixgro.com\/wp-content\/uploads\/2023\/09\/avene_solaire_fluide_spf50_50ml.jpg\",\"contentUrl\":\"https:\/\/prixgro.com\/wp-content\/uploads\/2023\/09\/avene_solaire_fluide_spf50_50ml.jpg\",\"width\":494,\"height\":494},{\"@type\":\"BreadcrumbList\",\"@id\":\"https:\/\/prixgro.com\/product\/fluide-toucher-sec-spf-50-50ml-avene\/#breadcrumb\",\"itemListElement\":[{\"@type\":\"ListItem\",\"position\":1,\"name\":\"Accueil\",\"item\":\"https:\/\/prixgro.com\/\"},{\"@type\":\"ListItem\",\"position\":2,\"name\":\"Boutique en ligne\",\"item\":\"https:\/\/prixgro.com\/shop\/\"},{\"@type\":\"ListItem\",\"position\":3,\"name\":\"FLUIDE (TOUCHER SEC) SPF 50+ &#8211; 50ML &#8211; Av\u00e9ne\"}]},{\"@type\":\"WebSite\",\"@id\":\"https:\/\/prixgro.com\/#website\",\"url\":\"https:\/\/prixgro.com\/\",\"name\":\"Prixgro.com\",\"description\":\"Para Pharmaceutique et Cosm\u00e9tique\",\"publisher\":{\"@id\":\"https:\/\/prixgro.com\/#organization\"},\"potentialAction\":[{\"@type\":\"SearchAction\",\"target\":{\"@type\":\"EntryPoint\",\"urlTemplate\":\"https:\/\/prixgro.com\/?s={search_term_string}\"},\"query-input\":{\"@type\":\"PropertyValueSpecification\",\"valueRequired\":true,\"valueName\":\"search_term_string\"}}],\"inLanguage\":\"ar\"},{\"@type\":\"Organization\",\"@id\":\"https:\/\/prixgro.com\/#organization\",\"name\":\"Prixgro\",\"url\":\"https:\/\/prixgro.com\/\",\"logo\":{\"@type\":\"ImageObject\",\"inLanguage\":\"ar\",\"@id\":\"https:\/\/prixgro.com\/#\/schema\/logo\/image\/\",\"url\":\"https:\/\/prixgro.com\/wp-content\/uploads\/2024\/08\/cropped-Nouveau-projet-2.png\",\"contentUrl\":\"https:\/\/prixgro.com\/wp-content\/uploads\/2024\/08\/cropped-Nouveau-projet-2.png\",\"width\":265,\"height\":62,\"caption\":\"Prixgro\"},\"image\":{\"@id\":\"https:\/\/prixgro.com\/#\/schema\/logo\/image\/\"},\"sameAs\":[\"https:\/\/www.facebook.com\/Pharmacima\"]}]}<\/script>\n<!-- \/ Yoast SEO plugin. -->","yoast_head_json":{"title":"FLUIDE (TOUCHER SEC) SPF 50+ - 50ML - Av\u00e9ne - Prixgro","robots":{"index":"index","follow":"follow","max-snippet":"max-snippet:-1","max-image-preview":"max-image-preview:large","max-video-preview":"max-video-preview:-1"},"canonical":"https:\/\/prixgro.com\/ar\/product\/fluide-toucher-sec-spf-50-50ml-avene\/","og_locale":"ar_AR","og_type":"article","og_title":"FLUIDE (TOUCHER SEC) SPF 50+ - 50ML - Av\u00e9ne - Prixgro","og_description":"50MLTr\u00e8s haute protection","og_url":"https:\/\/prixgro.com\/ar\/product\/fluide-toucher-sec-spf-50-50ml-avene\/","og_site_name":"Prixgro","article_publisher":"https:\/\/www.facebook.com\/Pharmacima","article_modified_time":"2024-08-08T10:59:37+00:00","og_image":[{"width":494,"height":494,"url":"https:\/\/prixgro.com\/wp-content\/uploads\/2023\/09\/avene_solaire_fluide_spf50_50ml.jpg","type":"image\/jpeg"}],"twitter_card":"summary_large_image","twitter_misc":{"\u0648\u0642\u062a \u0627\u0644\u0642\u0631\u0627\u0621\u0629 \u0627\u0644\u0645\u064f\u0642\u062f\u0651\u0631":"\u062f\u0642\u064a\u0642\u0629 \u0648\u0627\u062d\u062f\u0629"},"schema":{"@context":"https:\/\/schema.org","@graph":[{"@type":"WebPage","@id":"https:\/\/prixgro.com\/product\/fluide-toucher-sec-spf-50-50ml-avene\/","url":"https:\/\/prixgro.com\/product\/fluide-toucher-sec-spf-50-50ml-avene\/","name":"FLUIDE (TOUCHER SEC) SPF 50+ - 50ML - Av\u00e9ne - Prixgro","isPartOf":{"@id":"https:\/\/prixgro.com\/#website"},"primaryImageOfPage":{"@id":"https:\/\/prixgro.com\/product\/fluide-toucher-sec-spf-50-50ml-avene\/#primaryimage"},"image":{"@id":"https:\/\/prixgro.com\/product\/fluide-toucher-sec-spf-50-50ml-avene\/#primaryimage"},"thumbnailUrl":"https:\/\/prixgro.com\/wp-content\/uploads\/2023\/09\/avene_solaire_fluide_spf50_50ml.jpg","datePublished":"2024-04-09T12:26:17+00:00","dateModified":"2024-08-08T10:59:37+00:00","breadcrumb":{"@id":"https:\/\/prixgro.com\/product\/fluide-toucher-sec-spf-50-50ml-avene\/#breadcrumb"},"inLanguage":"ar","potentialAction":[{"@type":"ReadAction","target":["https:\/\/prixgro.com\/product\/fluide-toucher-sec-spf-50-50ml-avene\/"]}]},{"@type":"ImageObject","inLanguage":"ar","@id":"https:\/\/prixgro.com\/product\/fluide-toucher-sec-spf-50-50ml-avene\/#primaryimage","url":"https:\/\/prixgro.com\/wp-content\/uploads\/2023\/09\/avene_solaire_fluide_spf50_50ml.jpg","contentUrl":"https:\/\/prixgro.com\/wp-content\/uploads\/2023\/09\/avene_solaire_fluide_spf50_50ml.jpg","width":494,"height":494},{"@type":"BreadcrumbList","@id":"https:\/\/prixgro.com\/product\/fluide-toucher-sec-spf-50-50ml-avene\/#breadcrumb","itemListElement":[{"@type":"ListItem","position":1,"name":"Accueil","item":"https:\/\/prixgro.com\/"},{"@type":"ListItem","position":2,"name":"Boutique en ligne","item":"https:\/\/prixgro.com\/shop\/"},{"@type":"ListItem","position":3,"name":"FLUIDE (TOUCHER SEC) SPF 50+ &#8211; 50ML &#8211; Av\u00e9ne"}]},{"@type":"WebSite","@id":"https:\/\/prixgro.com\/#website","url":"https:\/\/prixgro.com\/","name":"Prixgro.com","description":"Para Pharmaceutique et Cosm\u00e9tique","publisher":{"@id":"https:\/\/prixgro.com\/#organization"},"potentialAction":[{"@type":"SearchAction","target":{"@type":"EntryPoint","urlTemplate":"https:\/\/prixgro.com\/?s={search_term_string}"},"query-input":{"@type":"PropertyValueSpecification","valueRequired":true,"valueName":"search_term_string"}}],"inLanguage":"ar"},{"@type":"Organization","@id":"https:\/\/prixgro.com\/#organization","name":"Prixgro","url":"https:\/\/prixgro.com\/","logo":{"@type":"ImageObject","inLanguage":"ar","@id":"https:\/\/prixgro.com\/#\/schema\/logo\/image\/","url":"https:\/\/prixgro.com\/wp-content\/uploads\/2024\/08\/cropped-Nouveau-projet-2.png","contentUrl":"https:\/\/prixgro.com\/wp-content\/uploads\/2024\/08\/cropped-Nouveau-projet-2.png","width":265,"height":62,"caption":"Prixgro"},"image":{"@id":"https:\/\/prixgro.com\/#\/schema\/logo\/image\/"},"sameAs":["https:\/\/www.facebook.com\/Pharmacima"]}]}},"_links":{"self":[{"href":"https:\/\/prixgro.com\/ar\/wp-json\/wp\/v2\/product\/141363","targetHints":{"allow":["GET"]}}],"collection":[{"href":"https:\/\/prixgro.com\/ar\/wp-json\/wp\/v2\/product"}],"about":[{"href":"https:\/\/prixgro.com\/ar\/wp-json\/wp\/v2\/types\/product"}],"replies":[{"embeddable":true,"href":"https:\/\/prixgro.com\/ar\/wp-json\/wp\/v2\/comments?post=141363"}],"wp:featuredmedia":[{"embeddable":true,"href":"https:\/\/prixgro.com\/ar\/wp-json\/wp\/v2\/media\/261"}],"wp:attachment":[{"href":"https:\/\/prixgro.com\/ar\/wp-json\/wp\/v2\/media?parent=141363"}],"wp:term":[{"taxonomy":"product_cat","embeddable":true,"href":"https:\/\/prixgro.com\/ar\/wp-json\/wp\/v2\/product_cat?post=141363"},{"taxonomy":"product_tag","embeddable":true,"href":"https:\/\/prixgro.com\/ar\/wp-json\/wp\/v2\/product_tag?post=141363"},{"taxonomy":"berocket_brand","embeddable":true,"href":"https:\/\/prixgro.com\/ar\/wp-json\/wp\/v2\/berocket_brand?post=141363"}],"curies":[{"name":"wp","href":"https:\/\/api.w.org\/{rel}","templated":true}]}}