{"id":141378,"date":"2024-04-09T14:26:18","date_gmt":"2024-04-09T12:26:18","guid":{"rendered":"https:\/\/cloodmanager.net\/?post_type=product&#038;p=141378"},"modified":"2024-08-26T16:45:09","modified_gmt":"2024-08-26T14:45:09","slug":"hartmann-thermoval-basic","status":"publish","type":"product","link":"https:\/\/prixgro.com\/ar\/product\/hartmann-thermoval-basic\/","title":{"rendered":"Hartmann Thermoval basic"},"content":{"rendered":"<p><strong>Produit<\/strong><\/p>\n<p>Thermom\u00e8tre m\u00e9dical \u00e9lectronique avec un affichage num\u00e9rique facilement lisible; temps de mesure env. 60-90 secondes; un signal acoustique indique quand le thermom\u00e8tre est pr\u00eat \u00e0 fonctionner et \u00e0 la fin de la mesure;<\/p>\n<p>fonction de m\u00e9moire; fonction d&#8217;arr\u00eat automatique; bo\u00eetier \u00e9tanche et r\u00e9sistant aux chocs; peut \u00eatre d\u00e9sinfect\u00e9; avec batterie longue dur\u00e9e rempla\u00e7able.<\/p>\n<p><strong>Application\u00a0<\/strong><\/p>\n<p>Pour la mesure orale, axillaire et rectale de la temp\u00e9rature corporelle.<\/p>","protected":false},"excerpt":{"rendered":"<p>Le thermom\u00e8tre clinique \u00e9lectronique qui peut \u00eatre enti\u00e8rement d\u00e9sinfect\u00e9 et garantit une mesure et une possibilit\u00e9 de temp\u00e9rature fiables<\/p>\n<p>REF: 925038<\/p>","protected":false},"featured_media":1590,"comment_status":"open","ping_status":"closed","template":"","meta":[],"product_cat":[21],"product_tag":[23],"berocket_brand":[],"class_list":{"0":"post-141378","1":"product","2":"type-product","3":"status-publish","4":"has-post-thumbnail","6":"product_cat-diagnostic","7":"product_tag-divers","9":"first","10":"outofstock","11":"shipping-taxable","12":"purchasable","13":"product-type-simple"},"yoast_head":"<!-- This site is optimized with the Yoast SEO plugin v24.8 - https:\/\/yoast.com\/wordpress\/plugins\/seo\/ -->\n<title>Hartmann Thermoval basic - Prixgro<\/title>\n<meta name=\"robots\" content=\"index, follow, max-snippet:-1, max-image-preview:large, max-video-preview:-1\" \/>\n<link rel=\"canonical\" href=\"https:\/\/prixgro.com\/ar\/product\/hartmann-thermoval-basic\/\" \/>\n<meta property=\"og:locale\" content=\"ar_AR\" \/>\n<meta property=\"og:type\" content=\"article\" \/>\n<meta property=\"og:title\" content=\"Hartmann Thermoval basic - Prixgro\" \/>\n<meta property=\"og:description\" content=\"Le thermom\u00e8tre clinique \u00e9lectronique qui peut \u00eatre enti\u00e8rement d\u00e9sinfect\u00e9 et garantit une mesure et une possibilit\u00e9 de temp\u00e9rature fiablesREF: 925038\" \/>\n<meta property=\"og:url\" content=\"https:\/\/prixgro.com\/ar\/product\/hartmann-thermoval-basic\/\" \/>\n<meta property=\"og:site_name\" content=\"Prixgro\" \/>\n<meta property=\"article:publisher\" content=\"https:\/\/www.facebook.com\/Pharmacima\" \/>\n<meta property=\"article:modified_time\" content=\"2024-08-26T14:45:09+00:00\" \/>\n<meta property=\"og:image\" content=\"https:\/\/prixgro.com\/wp-content\/uploads\/2023\/09\/thermoval-basic-v1.jpg\" \/>\n\t<meta property=\"og:image:width\" content=\"413\" \/>\n\t<meta property=\"og:image:height\" content=\"549\" \/>\n\t<meta property=\"og:image:type\" content=\"image\/jpeg\" \/>\n<meta name=\"twitter:card\" content=\"summary_large_image\" \/>\n<script type=\"application\/ld+json\" class=\"yoast-schema-graph\">{\"@context\":\"https:\/\/schema.org\",\"@graph\":[{\"@type\":\"WebPage\",\"@id\":\"https:\/\/prixgro.com\/product\/hartmann-thermoval-basic\/\",\"url\":\"https:\/\/prixgro.com\/product\/hartmann-thermoval-basic\/\",\"name\":\"Hartmann Thermoval basic - Prixgro\",\"isPartOf\":{\"@id\":\"https:\/\/prixgro.com\/#website\"},\"primaryImageOfPage\":{\"@id\":\"https:\/\/prixgro.com\/product\/hartmann-thermoval-basic\/#primaryimage\"},\"image\":{\"@id\":\"https:\/\/prixgro.com\/product\/hartmann-thermoval-basic\/#primaryimage\"},\"thumbnailUrl\":\"https:\/\/prixgro.com\/wp-content\/uploads\/2023\/09\/thermoval-basic-v1.jpg\",\"datePublished\":\"2024-04-09T12:26:18+00:00\",\"dateModified\":\"2024-08-26T14:45:09+00:00\",\"breadcrumb\":{\"@id\":\"https:\/\/prixgro.com\/product\/hartmann-thermoval-basic\/#breadcrumb\"},\"inLanguage\":\"ar\",\"potentialAction\":[{\"@type\":\"ReadAction\",\"target\":[\"https:\/\/prixgro.com\/product\/hartmann-thermoval-basic\/\"]}]},{\"@type\":\"ImageObject\",\"inLanguage\":\"ar\",\"@id\":\"https:\/\/prixgro.com\/product\/hartmann-thermoval-basic\/#primaryimage\",\"url\":\"https:\/\/prixgro.com\/wp-content\/uploads\/2023\/09\/thermoval-basic-v1.jpg\",\"contentUrl\":\"https:\/\/prixgro.com\/wp-content\/uploads\/2023\/09\/thermoval-basic-v1.jpg\",\"width\":413,\"height\":549},{\"@type\":\"BreadcrumbList\",\"@id\":\"https:\/\/prixgro.com\/product\/hartmann-thermoval-basic\/#breadcrumb\",\"itemListElement\":[{\"@type\":\"ListItem\",\"position\":1,\"name\":\"Accueil\",\"item\":\"https:\/\/prixgro.com\/\"},{\"@type\":\"ListItem\",\"position\":2,\"name\":\"Boutique en ligne\",\"item\":\"https:\/\/prixgro.com\/shop\/\"},{\"@type\":\"ListItem\",\"position\":3,\"name\":\"Hartmann Thermoval basic\"}]},{\"@type\":\"WebSite\",\"@id\":\"https:\/\/prixgro.com\/#website\",\"url\":\"https:\/\/prixgro.com\/\",\"name\":\"Prixgro.com\",\"description\":\"Para Pharmaceutique et Cosm\u00e9tique\",\"publisher\":{\"@id\":\"https:\/\/prixgro.com\/#organization\"},\"potentialAction\":[{\"@type\":\"SearchAction\",\"target\":{\"@type\":\"EntryPoint\",\"urlTemplate\":\"https:\/\/prixgro.com\/?s={search_term_string}\"},\"query-input\":{\"@type\":\"PropertyValueSpecification\",\"valueRequired\":true,\"valueName\":\"search_term_string\"}}],\"inLanguage\":\"ar\"},{\"@type\":\"Organization\",\"@id\":\"https:\/\/prixgro.com\/#organization\",\"name\":\"Prixgro\",\"url\":\"https:\/\/prixgro.com\/\",\"logo\":{\"@type\":\"ImageObject\",\"inLanguage\":\"ar\",\"@id\":\"https:\/\/prixgro.com\/#\/schema\/logo\/image\/\",\"url\":\"https:\/\/prixgro.com\/wp-content\/uploads\/2024\/08\/cropped-Nouveau-projet-2.png\",\"contentUrl\":\"https:\/\/prixgro.com\/wp-content\/uploads\/2024\/08\/cropped-Nouveau-projet-2.png\",\"width\":265,\"height\":62,\"caption\":\"Prixgro\"},\"image\":{\"@id\":\"https:\/\/prixgro.com\/#\/schema\/logo\/image\/\"},\"sameAs\":[\"https:\/\/www.facebook.com\/Pharmacima\"]}]}<\/script>\n<!-- \/ Yoast SEO plugin. -->","yoast_head_json":{"title":"Hartmann Thermoval basic - Prixgro","robots":{"index":"index","follow":"follow","max-snippet":"max-snippet:-1","max-image-preview":"max-image-preview:large","max-video-preview":"max-video-preview:-1"},"canonical":"https:\/\/prixgro.com\/ar\/product\/hartmann-thermoval-basic\/","og_locale":"ar_AR","og_type":"article","og_title":"Hartmann Thermoval basic - Prixgro","og_description":"Le thermom\u00e8tre clinique \u00e9lectronique qui peut \u00eatre enti\u00e8rement d\u00e9sinfect\u00e9 et garantit une mesure et une possibilit\u00e9 de temp\u00e9rature fiablesREF: 925038","og_url":"https:\/\/prixgro.com\/ar\/product\/hartmann-thermoval-basic\/","og_site_name":"Prixgro","article_publisher":"https:\/\/www.facebook.com\/Pharmacima","article_modified_time":"2024-08-26T14:45:09+00:00","og_image":[{"width":413,"height":549,"url":"https:\/\/prixgro.com\/wp-content\/uploads\/2023\/09\/thermoval-basic-v1.jpg","type":"image\/jpeg"}],"twitter_card":"summary_large_image","schema":{"@context":"https:\/\/schema.org","@graph":[{"@type":"WebPage","@id":"https:\/\/prixgro.com\/product\/hartmann-thermoval-basic\/","url":"https:\/\/prixgro.com\/product\/hartmann-thermoval-basic\/","name":"Hartmann Thermoval basic - Prixgro","isPartOf":{"@id":"https:\/\/prixgro.com\/#website"},"primaryImageOfPage":{"@id":"https:\/\/prixgro.com\/product\/hartmann-thermoval-basic\/#primaryimage"},"image":{"@id":"https:\/\/prixgro.com\/product\/hartmann-thermoval-basic\/#primaryimage"},"thumbnailUrl":"https:\/\/prixgro.com\/wp-content\/uploads\/2023\/09\/thermoval-basic-v1.jpg","datePublished":"2024-04-09T12:26:18+00:00","dateModified":"2024-08-26T14:45:09+00:00","breadcrumb":{"@id":"https:\/\/prixgro.com\/product\/hartmann-thermoval-basic\/#breadcrumb"},"inLanguage":"ar","potentialAction":[{"@type":"ReadAction","target":["https:\/\/prixgro.com\/product\/hartmann-thermoval-basic\/"]}]},{"@type":"ImageObject","inLanguage":"ar","@id":"https:\/\/prixgro.com\/product\/hartmann-thermoval-basic\/#primaryimage","url":"https:\/\/prixgro.com\/wp-content\/uploads\/2023\/09\/thermoval-basic-v1.jpg","contentUrl":"https:\/\/prixgro.com\/wp-content\/uploads\/2023\/09\/thermoval-basic-v1.jpg","width":413,"height":549},{"@type":"BreadcrumbList","@id":"https:\/\/prixgro.com\/product\/hartmann-thermoval-basic\/#breadcrumb","itemListElement":[{"@type":"ListItem","position":1,"name":"Accueil","item":"https:\/\/prixgro.com\/"},{"@type":"ListItem","position":2,"name":"Boutique en ligne","item":"https:\/\/prixgro.com\/shop\/"},{"@type":"ListItem","position":3,"name":"Hartmann Thermoval basic"}]},{"@type":"WebSite","@id":"https:\/\/prixgro.com\/#website","url":"https:\/\/prixgro.com\/","name":"Prixgro.com","description":"Para Pharmaceutique et Cosm\u00e9tique","publisher":{"@id":"https:\/\/prixgro.com\/#organization"},"potentialAction":[{"@type":"SearchAction","target":{"@type":"EntryPoint","urlTemplate":"https:\/\/prixgro.com\/?s={search_term_string}"},"query-input":{"@type":"PropertyValueSpecification","valueRequired":true,"valueName":"search_term_string"}}],"inLanguage":"ar"},{"@type":"Organization","@id":"https:\/\/prixgro.com\/#organization","name":"Prixgro","url":"https:\/\/prixgro.com\/","logo":{"@type":"ImageObject","inLanguage":"ar","@id":"https:\/\/prixgro.com\/#\/schema\/logo\/image\/","url":"https:\/\/prixgro.com\/wp-content\/uploads\/2024\/08\/cropped-Nouveau-projet-2.png","contentUrl":"https:\/\/prixgro.com\/wp-content\/uploads\/2024\/08\/cropped-Nouveau-projet-2.png","width":265,"height":62,"caption":"Prixgro"},"image":{"@id":"https:\/\/prixgro.com\/#\/schema\/logo\/image\/"},"sameAs":["https:\/\/www.facebook.com\/Pharmacima"]}]}},"_links":{"self":[{"href":"https:\/\/prixgro.com\/ar\/wp-json\/wp\/v2\/product\/141378","targetHints":{"allow":["GET"]}}],"collection":[{"href":"https:\/\/prixgro.com\/ar\/wp-json\/wp\/v2\/product"}],"about":[{"href":"https:\/\/prixgro.com\/ar\/wp-json\/wp\/v2\/types\/product"}],"replies":[{"embeddable":true,"href":"https:\/\/prixgro.com\/ar\/wp-json\/wp\/v2\/comments?post=141378"}],"wp:featuredmedia":[{"embeddable":true,"href":"https:\/\/prixgro.com\/ar\/wp-json\/wp\/v2\/media\/1590"}],"wp:attachment":[{"href":"https:\/\/prixgro.com\/ar\/wp-json\/wp\/v2\/media?parent=141378"}],"wp:term":[{"taxonomy":"product_cat","embeddable":true,"href":"https:\/\/prixgro.com\/ar\/wp-json\/wp\/v2\/product_cat?post=141378"},{"taxonomy":"product_tag","embeddable":true,"href":"https:\/\/prixgro.com\/ar\/wp-json\/wp\/v2\/product_tag?post=141378"},{"taxonomy":"berocket_brand","embeddable":true,"href":"https:\/\/prixgro.com\/ar\/wp-json\/wp\/v2\/berocket_brand?post=141378"}],"curies":[{"name":"wp","href":"https:\/\/api.w.org\/{rel}","templated":true}]}}