{"id":141380,"date":"2024-04-09T14:26:27","date_gmt":"2024-04-09T12:26:27","guid":{"rendered":"https:\/\/cloodmanager.net\/?post_type=product&#038;p=141380"},"modified":"2024-08-08T13:01:44","modified_gmt":"2024-08-08T11:01:44","slug":"dolorol-aux-huiles-essentielles-8-ml","status":"publish","type":"product","link":"https:\/\/prixgro.com\/ar\/product\/dolorol-aux-huiles-essentielles-8-ml\/","title":{"rendered":"DOLOROL Aux Huiles Essentielles 8 Ml"},"content":{"rendered":"<ul>\n<li>Maux de t\u00eate.<\/li>\n<\/ul>\n<ul>\n<li>Migraine.<\/li>\n<li>Douleurs articulaires et musculaires.<\/li>\n<\/ul>\n<h3><strong>PR\u00c9CAUTIONS D\u2019UTILISATION<\/strong><\/h3>\n<ul>\n<li>Ne pas d\u00e9passer 3 jours de traitement.<\/li>\n<li>\u00c9viter le contact avec les yeux, les muqueuses et les plaies.<\/li>\n<li>Ne pas utiliser chez la femme enceinte et pendant l\u2019allaitement.<\/li>\n<li>\u00c0 usage externe.<\/li>\n<\/ul>\n<h3><strong>CONSERVATION<\/strong><\/h3>\n<ul>\n<li>Tenir hors de la port\u00e9e des enfants.<\/li>\n<li>\u00c0 conserver dans un endroit sec \u00e0 l\u2019abri de la chaleur, \u00e0 temp\u00e9rature inf\u00e9rieure \u00e0 25\u00b0C.<\/li>\n<\/ul>","protected":false},"excerpt":{"rendered":"<ul>\n<li>Appliquer Dolorol sur les parties fronto-temporales, les muscles et les articulations par des mouvements circulaires, une \u00e0 deux fois par jour.<\/li>\n<li>Adulte et enfant de plus de 6 ans.<\/li>\n<\/ul>","protected":false},"featured_media":328,"comment_status":"open","ping_status":"closed","template":"","meta":[],"product_cat":[64,17,66],"product_tag":[],"berocket_brand":[],"class_list":{"0":"post-141380","1":"product","2":"type-product","3":"status-publish","4":"has-post-thumbnail","6":"product_cat-corps","7":"product_cat-soin-et-bien-etre","8":"product_cat-sport-sante","10":"first","11":"outofstock","12":"shipping-taxable","13":"purchasable","14":"product-type-simple"},"yoast_head":"<!-- This site is optimized with the Yoast SEO plugin v24.8 - https:\/\/yoast.com\/wordpress\/plugins\/seo\/ -->\n<title>DOLOROL Aux Huiles Essentielles 8 Ml - Prixgro<\/title>\n<meta name=\"robots\" content=\"index, follow, max-snippet:-1, max-image-preview:large, max-video-preview:-1\" \/>\n<link rel=\"canonical\" href=\"https:\/\/prixgro.com\/ar\/product\/dolorol-aux-huiles-essentielles-8-ml\/\" \/>\n<meta property=\"og:locale\" content=\"ar_AR\" \/>\n<meta property=\"og:type\" content=\"article\" \/>\n<meta property=\"og:title\" content=\"DOLOROL Aux Huiles Essentielles 8 Ml - Prixgro\" \/>\n<meta property=\"og:description\" content=\"Appliquer Dolorol sur les parties fronto-temporales, les muscles et les articulations par des mouvements circulaires, une \u00e0 deux fois par jour.Adulte et enfant de plus de 6 ans.\" \/>\n<meta property=\"og:url\" content=\"https:\/\/prixgro.com\/ar\/product\/dolorol-aux-huiles-essentielles-8-ml\/\" \/>\n<meta property=\"og:site_name\" content=\"Prixgro\" \/>\n<meta property=\"article:publisher\" content=\"https:\/\/www.facebook.com\/Pharmacima\" \/>\n<meta property=\"article:modified_time\" content=\"2024-08-08T11:01:44+00:00\" \/>\n<meta property=\"og:image\" content=\"https:\/\/prixgro.com\/wp-content\/uploads\/2023\/09\/DOLOROL-aux-huiles-essentielles-8-ml-2.jpg\" \/>\n\t<meta property=\"og:image:width\" content=\"500\" \/>\n\t<meta property=\"og:image:height\" content=\"500\" \/>\n\t<meta property=\"og:image:type\" content=\"image\/jpeg\" \/>\n<meta name=\"twitter:card\" content=\"summary_large_image\" \/>\n<script type=\"application\/ld+json\" class=\"yoast-schema-graph\">{\"@context\":\"https:\/\/schema.org\",\"@graph\":[{\"@type\":\"WebPage\",\"@id\":\"https:\/\/prixgro.com\/product\/dolorol-aux-huiles-essentielles-8-ml\/\",\"url\":\"https:\/\/prixgro.com\/product\/dolorol-aux-huiles-essentielles-8-ml\/\",\"name\":\"DOLOROL Aux Huiles Essentielles 8 Ml - Prixgro\",\"isPartOf\":{\"@id\":\"https:\/\/prixgro.com\/#website\"},\"primaryImageOfPage\":{\"@id\":\"https:\/\/prixgro.com\/product\/dolorol-aux-huiles-essentielles-8-ml\/#primaryimage\"},\"image\":{\"@id\":\"https:\/\/prixgro.com\/product\/dolorol-aux-huiles-essentielles-8-ml\/#primaryimage\"},\"thumbnailUrl\":\"https:\/\/prixgro.com\/wp-content\/uploads\/2023\/09\/DOLOROL-aux-huiles-essentielles-8-ml-2.jpg\",\"datePublished\":\"2024-04-09T12:26:27+00:00\",\"dateModified\":\"2024-08-08T11:01:44+00:00\",\"breadcrumb\":{\"@id\":\"https:\/\/prixgro.com\/product\/dolorol-aux-huiles-essentielles-8-ml\/#breadcrumb\"},\"inLanguage\":\"ar\",\"potentialAction\":[{\"@type\":\"ReadAction\",\"target\":[\"https:\/\/prixgro.com\/product\/dolorol-aux-huiles-essentielles-8-ml\/\"]}]},{\"@type\":\"ImageObject\",\"inLanguage\":\"ar\",\"@id\":\"https:\/\/prixgro.com\/product\/dolorol-aux-huiles-essentielles-8-ml\/#primaryimage\",\"url\":\"https:\/\/prixgro.com\/wp-content\/uploads\/2023\/09\/DOLOROL-aux-huiles-essentielles-8-ml-2.jpg\",\"contentUrl\":\"https:\/\/prixgro.com\/wp-content\/uploads\/2023\/09\/DOLOROL-aux-huiles-essentielles-8-ml-2.jpg\",\"width\":500,\"height\":500},{\"@type\":\"BreadcrumbList\",\"@id\":\"https:\/\/prixgro.com\/product\/dolorol-aux-huiles-essentielles-8-ml\/#breadcrumb\",\"itemListElement\":[{\"@type\":\"ListItem\",\"position\":1,\"name\":\"Accueil\",\"item\":\"https:\/\/prixgro.com\/\"},{\"@type\":\"ListItem\",\"position\":2,\"name\":\"Boutique en ligne\",\"item\":\"https:\/\/prixgro.com\/shop\/\"},{\"@type\":\"ListItem\",\"position\":3,\"name\":\"DOLOROL Aux Huiles Essentielles 8 Ml\"}]},{\"@type\":\"WebSite\",\"@id\":\"https:\/\/prixgro.com\/#website\",\"url\":\"https:\/\/prixgro.com\/\",\"name\":\"Prixgro.com\",\"description\":\"Para Pharmaceutique et Cosm\u00e9tique\",\"publisher\":{\"@id\":\"https:\/\/prixgro.com\/#organization\"},\"potentialAction\":[{\"@type\":\"SearchAction\",\"target\":{\"@type\":\"EntryPoint\",\"urlTemplate\":\"https:\/\/prixgro.com\/?s={search_term_string}\"},\"query-input\":{\"@type\":\"PropertyValueSpecification\",\"valueRequired\":true,\"valueName\":\"search_term_string\"}}],\"inLanguage\":\"ar\"},{\"@type\":\"Organization\",\"@id\":\"https:\/\/prixgro.com\/#organization\",\"name\":\"Prixgro\",\"url\":\"https:\/\/prixgro.com\/\",\"logo\":{\"@type\":\"ImageObject\",\"inLanguage\":\"ar\",\"@id\":\"https:\/\/prixgro.com\/#\/schema\/logo\/image\/\",\"url\":\"https:\/\/prixgro.com\/wp-content\/uploads\/2024\/08\/cropped-Nouveau-projet-2.png\",\"contentUrl\":\"https:\/\/prixgro.com\/wp-content\/uploads\/2024\/08\/cropped-Nouveau-projet-2.png\",\"width\":265,\"height\":62,\"caption\":\"Prixgro\"},\"image\":{\"@id\":\"https:\/\/prixgro.com\/#\/schema\/logo\/image\/\"},\"sameAs\":[\"https:\/\/www.facebook.com\/Pharmacima\"]}]}<\/script>\n<!-- \/ Yoast SEO plugin. -->","yoast_head_json":{"title":"DOLOROL Aux Huiles Essentielles 8 Ml - Prixgro","robots":{"index":"index","follow":"follow","max-snippet":"max-snippet:-1","max-image-preview":"max-image-preview:large","max-video-preview":"max-video-preview:-1"},"canonical":"https:\/\/prixgro.com\/ar\/product\/dolorol-aux-huiles-essentielles-8-ml\/","og_locale":"ar_AR","og_type":"article","og_title":"DOLOROL Aux Huiles Essentielles 8 Ml - Prixgro","og_description":"Appliquer Dolorol sur les parties fronto-temporales, les muscles et les articulations par des mouvements circulaires, une \u00e0 deux fois par jour.Adulte et enfant de plus de 6 ans.","og_url":"https:\/\/prixgro.com\/ar\/product\/dolorol-aux-huiles-essentielles-8-ml\/","og_site_name":"Prixgro","article_publisher":"https:\/\/www.facebook.com\/Pharmacima","article_modified_time":"2024-08-08T11:01:44+00:00","og_image":[{"width":500,"height":500,"url":"https:\/\/prixgro.com\/wp-content\/uploads\/2023\/09\/DOLOROL-aux-huiles-essentielles-8-ml-2.jpg","type":"image\/jpeg"}],"twitter_card":"summary_large_image","schema":{"@context":"https:\/\/schema.org","@graph":[{"@type":"WebPage","@id":"https:\/\/prixgro.com\/product\/dolorol-aux-huiles-essentielles-8-ml\/","url":"https:\/\/prixgro.com\/product\/dolorol-aux-huiles-essentielles-8-ml\/","name":"DOLOROL Aux Huiles Essentielles 8 Ml - Prixgro","isPartOf":{"@id":"https:\/\/prixgro.com\/#website"},"primaryImageOfPage":{"@id":"https:\/\/prixgro.com\/product\/dolorol-aux-huiles-essentielles-8-ml\/#primaryimage"},"image":{"@id":"https:\/\/prixgro.com\/product\/dolorol-aux-huiles-essentielles-8-ml\/#primaryimage"},"thumbnailUrl":"https:\/\/prixgro.com\/wp-content\/uploads\/2023\/09\/DOLOROL-aux-huiles-essentielles-8-ml-2.jpg","datePublished":"2024-04-09T12:26:27+00:00","dateModified":"2024-08-08T11:01:44+00:00","breadcrumb":{"@id":"https:\/\/prixgro.com\/product\/dolorol-aux-huiles-essentielles-8-ml\/#breadcrumb"},"inLanguage":"ar","potentialAction":[{"@type":"ReadAction","target":["https:\/\/prixgro.com\/product\/dolorol-aux-huiles-essentielles-8-ml\/"]}]},{"@type":"ImageObject","inLanguage":"ar","@id":"https:\/\/prixgro.com\/product\/dolorol-aux-huiles-essentielles-8-ml\/#primaryimage","url":"https:\/\/prixgro.com\/wp-content\/uploads\/2023\/09\/DOLOROL-aux-huiles-essentielles-8-ml-2.jpg","contentUrl":"https:\/\/prixgro.com\/wp-content\/uploads\/2023\/09\/DOLOROL-aux-huiles-essentielles-8-ml-2.jpg","width":500,"height":500},{"@type":"BreadcrumbList","@id":"https:\/\/prixgro.com\/product\/dolorol-aux-huiles-essentielles-8-ml\/#breadcrumb","itemListElement":[{"@type":"ListItem","position":1,"name":"Accueil","item":"https:\/\/prixgro.com\/"},{"@type":"ListItem","position":2,"name":"Boutique en ligne","item":"https:\/\/prixgro.com\/shop\/"},{"@type":"ListItem","position":3,"name":"DOLOROL Aux Huiles Essentielles 8 Ml"}]},{"@type":"WebSite","@id":"https:\/\/prixgro.com\/#website","url":"https:\/\/prixgro.com\/","name":"Prixgro.com","description":"Para Pharmaceutique et Cosm\u00e9tique","publisher":{"@id":"https:\/\/prixgro.com\/#organization"},"potentialAction":[{"@type":"SearchAction","target":{"@type":"EntryPoint","urlTemplate":"https:\/\/prixgro.com\/?s={search_term_string}"},"query-input":{"@type":"PropertyValueSpecification","valueRequired":true,"valueName":"search_term_string"}}],"inLanguage":"ar"},{"@type":"Organization","@id":"https:\/\/prixgro.com\/#organization","name":"Prixgro","url":"https:\/\/prixgro.com\/","logo":{"@type":"ImageObject","inLanguage":"ar","@id":"https:\/\/prixgro.com\/#\/schema\/logo\/image\/","url":"https:\/\/prixgro.com\/wp-content\/uploads\/2024\/08\/cropped-Nouveau-projet-2.png","contentUrl":"https:\/\/prixgro.com\/wp-content\/uploads\/2024\/08\/cropped-Nouveau-projet-2.png","width":265,"height":62,"caption":"Prixgro"},"image":{"@id":"https:\/\/prixgro.com\/#\/schema\/logo\/image\/"},"sameAs":["https:\/\/www.facebook.com\/Pharmacima"]}]}},"_links":{"self":[{"href":"https:\/\/prixgro.com\/ar\/wp-json\/wp\/v2\/product\/141380","targetHints":{"allow":["GET"]}}],"collection":[{"href":"https:\/\/prixgro.com\/ar\/wp-json\/wp\/v2\/product"}],"about":[{"href":"https:\/\/prixgro.com\/ar\/wp-json\/wp\/v2\/types\/product"}],"replies":[{"embeddable":true,"href":"https:\/\/prixgro.com\/ar\/wp-json\/wp\/v2\/comments?post=141380"}],"wp:featuredmedia":[{"embeddable":true,"href":"https:\/\/prixgro.com\/ar\/wp-json\/wp\/v2\/media\/328"}],"wp:attachment":[{"href":"https:\/\/prixgro.com\/ar\/wp-json\/wp\/v2\/media?parent=141380"}],"wp:term":[{"taxonomy":"product_cat","embeddable":true,"href":"https:\/\/prixgro.com\/ar\/wp-json\/wp\/v2\/product_cat?post=141380"},{"taxonomy":"product_tag","embeddable":true,"href":"https:\/\/prixgro.com\/ar\/wp-json\/wp\/v2\/product_tag?post=141380"},{"taxonomy":"berocket_brand","embeddable":true,"href":"https:\/\/prixgro.com\/ar\/wp-json\/wp\/v2\/berocket_brand?post=141380"}],"curies":[{"name":"wp","href":"https:\/\/api.w.org\/{rel}","templated":true}]}}