{"id":141386,"date":"2024-04-09T14:26:28","date_gmt":"2024-04-09T12:26:28","guid":{"rendered":"https:\/\/cloodmanager.net\/?post_type=product&#038;p=141386"},"modified":"2024-08-26T16:43:43","modified_gmt":"2024-08-26T14:43:43","slug":"debitmetre-spirometre-pf120-rossmax","status":"publish","type":"product","link":"https:\/\/prixgro.com\/ar\/product\/debitmetre-spirometre-pf120-rossmax\/","title":{"rendered":"debitmetre spirometre PF120 Rossmax"},"content":{"rendered":"<h3>DESCRIPTION DU D\u00c9BITM\u00c8TRE SPIROM\u00c8TRE PEAK FLOW METER PF120 ADULTE ROSSMAX :<\/h3>\n<p>Le D\u00e9bitm\u00e8tre Spirom\u00e8tre Peak Flow Meter PF120 Adulte Rossmax de pointe EST id\u00e9al pour \u00e9valuer la capacit\u00e9 pulmonaire du patient<\/p>\n<p>Sa fonction auto-mesure permet de d\u00e9terminer la s\u00e9v\u00e9rit\u00e9 d&#8217;une crise d&#8217;asthme.<\/p>\n<p>Le d\u00e9bim\u00e8tre Peak Flow Asmaplan peut-\u00eatre utilis\u00e9 en cabinet m\u00e9dical o\u00f9 il servira \u00e0 suivre l&#8217;\u00e9volution du souffle du patient.<br \/>Sa facilit\u00e9 d&#8217;utilisation en fait un appareil de diagnostic particuli\u00e8rement adapt\u00e9 \u00e0 la p\u00e9dagogie.<\/p>\n<h3>CARACT\u00c9RISTUQUES TECHNIQUES DU D\u00c9BITM\u00c8TRE PEAK FLOW ASMAPLAN ADULTE :<\/h3>\n<p>&#8211; L&#8217;\u00e9chelle du d\u00e9bim\u00e8tre s&#8217;\u00e9tend de 50 \u00e0 800 l\/min.<br \/>&#8211; Poids : 250 g<\/p>\n<p>&#8211; R\u00e9f\u00e9rence : CC6921000<\/p>","protected":false},"excerpt":{"rendered":"<p>D\u00e9bitm\u00e8tre de pointe Spirom\u00e8tre Peak Flow Meter PF120 Adulte Rossmax &#8211; Pour adulte et enfant &#8211; Echelle de 50 \u00e0 800 l\/min<\/p>\n<p>REF: PF120A<\/p>","protected":false},"featured_media":1596,"comment_status":"open","ping_status":"closed","template":"","meta":[],"product_cat":[21],"product_tag":[],"berocket_brand":[],"class_list":{"0":"post-141386","1":"product","2":"type-product","3":"status-publish","4":"has-post-thumbnail","6":"product_cat-diagnostic","8":"first","9":"outofstock","10":"shipping-taxable","11":"purchasable","12":"product-type-simple"},"yoast_head":"<!-- This site is optimized with the Yoast SEO plugin v24.8 - https:\/\/yoast.com\/wordpress\/plugins\/seo\/ -->\n<title>debitmetre spirometre PF120 Rossmax - Prixgro<\/title>\n<meta name=\"robots\" content=\"index, follow, max-snippet:-1, max-image-preview:large, max-video-preview:-1\" \/>\n<link rel=\"canonical\" href=\"https:\/\/prixgro.com\/ar\/product\/debitmetre-spirometre-pf120-rossmax\/\" \/>\n<meta property=\"og:locale\" content=\"ar_AR\" \/>\n<meta property=\"og:type\" content=\"article\" \/>\n<meta property=\"og:title\" content=\"debitmetre spirometre PF120 Rossmax - Prixgro\" \/>\n<meta property=\"og:description\" content=\"D\u00e9bitm\u00e8tre de pointe Spirom\u00e8tre Peak Flow Meter PF120 Adulte Rossmax - Pour adulte et enfant - Echelle de 50 \u00e0 800 l\/minREF: PF120A\" \/>\n<meta property=\"og:url\" content=\"https:\/\/prixgro.com\/ar\/product\/debitmetre-spirometre-pf120-rossmax\/\" \/>\n<meta property=\"og:site_name\" content=\"Prixgro\" \/>\n<meta property=\"article:publisher\" content=\"https:\/\/www.facebook.com\/Pharmacima\" \/>\n<meta property=\"article:modified_time\" content=\"2024-08-26T14:43:43+00:00\" \/>\n<meta property=\"og:image\" content=\"https:\/\/prixgro.com\/wp-content\/uploads\/2023\/09\/rossmax_pf120c_1-510x510-1.jpg\" \/>\n\t<meta property=\"og:image:width\" content=\"510\" \/>\n\t<meta property=\"og:image:height\" content=\"510\" \/>\n\t<meta property=\"og:image:type\" content=\"image\/jpeg\" \/>\n<meta name=\"twitter:card\" content=\"summary_large_image\" \/>\n<meta name=\"twitter:label1\" content=\"\u0648\u0642\u062a \u0627\u0644\u0642\u0631\u0627\u0621\u0629 \u0627\u0644\u0645\u064f\u0642\u062f\u0651\u0631\" \/>\n\t<meta name=\"twitter:data1\" content=\"\u062f\u0642\u064a\u0642\u0629 \u0648\u0627\u062d\u062f\u0629\" \/>\n<script type=\"application\/ld+json\" class=\"yoast-schema-graph\">{\"@context\":\"https:\/\/schema.org\",\"@graph\":[{\"@type\":\"WebPage\",\"@id\":\"https:\/\/prixgro.com\/product\/debitmetre-spirometre-pf120-rossmax\/\",\"url\":\"https:\/\/prixgro.com\/product\/debitmetre-spirometre-pf120-rossmax\/\",\"name\":\"debitmetre spirometre PF120 Rossmax - Prixgro\",\"isPartOf\":{\"@id\":\"https:\/\/prixgro.com\/#website\"},\"primaryImageOfPage\":{\"@id\":\"https:\/\/prixgro.com\/product\/debitmetre-spirometre-pf120-rossmax\/#primaryimage\"},\"image\":{\"@id\":\"https:\/\/prixgro.com\/product\/debitmetre-spirometre-pf120-rossmax\/#primaryimage\"},\"thumbnailUrl\":\"https:\/\/prixgro.com\/wp-content\/uploads\/2023\/09\/rossmax_pf120c_1-510x510-1.jpg\",\"datePublished\":\"2024-04-09T12:26:28+00:00\",\"dateModified\":\"2024-08-26T14:43:43+00:00\",\"breadcrumb\":{\"@id\":\"https:\/\/prixgro.com\/product\/debitmetre-spirometre-pf120-rossmax\/#breadcrumb\"},\"inLanguage\":\"ar\",\"potentialAction\":[{\"@type\":\"ReadAction\",\"target\":[\"https:\/\/prixgro.com\/product\/debitmetre-spirometre-pf120-rossmax\/\"]}]},{\"@type\":\"ImageObject\",\"inLanguage\":\"ar\",\"@id\":\"https:\/\/prixgro.com\/product\/debitmetre-spirometre-pf120-rossmax\/#primaryimage\",\"url\":\"https:\/\/prixgro.com\/wp-content\/uploads\/2023\/09\/rossmax_pf120c_1-510x510-1.jpg\",\"contentUrl\":\"https:\/\/prixgro.com\/wp-content\/uploads\/2023\/09\/rossmax_pf120c_1-510x510-1.jpg\",\"width\":510,\"height\":510},{\"@type\":\"BreadcrumbList\",\"@id\":\"https:\/\/prixgro.com\/product\/debitmetre-spirometre-pf120-rossmax\/#breadcrumb\",\"itemListElement\":[{\"@type\":\"ListItem\",\"position\":1,\"name\":\"Accueil\",\"item\":\"https:\/\/prixgro.com\/\"},{\"@type\":\"ListItem\",\"position\":2,\"name\":\"Boutique en ligne\",\"item\":\"https:\/\/prixgro.com\/shop\/\"},{\"@type\":\"ListItem\",\"position\":3,\"name\":\"debitmetre spirometre PF120 Rossmax\"}]},{\"@type\":\"WebSite\",\"@id\":\"https:\/\/prixgro.com\/#website\",\"url\":\"https:\/\/prixgro.com\/\",\"name\":\"Prixgro.com\",\"description\":\"Para Pharmaceutique et Cosm\u00e9tique\",\"publisher\":{\"@id\":\"https:\/\/prixgro.com\/#organization\"},\"potentialAction\":[{\"@type\":\"SearchAction\",\"target\":{\"@type\":\"EntryPoint\",\"urlTemplate\":\"https:\/\/prixgro.com\/?s={search_term_string}\"},\"query-input\":{\"@type\":\"PropertyValueSpecification\",\"valueRequired\":true,\"valueName\":\"search_term_string\"}}],\"inLanguage\":\"ar\"},{\"@type\":\"Organization\",\"@id\":\"https:\/\/prixgro.com\/#organization\",\"name\":\"Prixgro\",\"url\":\"https:\/\/prixgro.com\/\",\"logo\":{\"@type\":\"ImageObject\",\"inLanguage\":\"ar\",\"@id\":\"https:\/\/prixgro.com\/#\/schema\/logo\/image\/\",\"url\":\"https:\/\/prixgro.com\/wp-content\/uploads\/2024\/08\/cropped-Nouveau-projet-2.png\",\"contentUrl\":\"https:\/\/prixgro.com\/wp-content\/uploads\/2024\/08\/cropped-Nouveau-projet-2.png\",\"width\":265,\"height\":62,\"caption\":\"Prixgro\"},\"image\":{\"@id\":\"https:\/\/prixgro.com\/#\/schema\/logo\/image\/\"},\"sameAs\":[\"https:\/\/www.facebook.com\/Pharmacima\"]}]}<\/script>\n<!-- \/ Yoast SEO plugin. -->","yoast_head_json":{"title":"debitmetre spirometre PF120 Rossmax - Prixgro","robots":{"index":"index","follow":"follow","max-snippet":"max-snippet:-1","max-image-preview":"max-image-preview:large","max-video-preview":"max-video-preview:-1"},"canonical":"https:\/\/prixgro.com\/ar\/product\/debitmetre-spirometre-pf120-rossmax\/","og_locale":"ar_AR","og_type":"article","og_title":"debitmetre spirometre PF120 Rossmax - Prixgro","og_description":"D\u00e9bitm\u00e8tre de pointe Spirom\u00e8tre Peak Flow Meter PF120 Adulte Rossmax - Pour adulte et enfant - Echelle de 50 \u00e0 800 l\/minREF: PF120A","og_url":"https:\/\/prixgro.com\/ar\/product\/debitmetre-spirometre-pf120-rossmax\/","og_site_name":"Prixgro","article_publisher":"https:\/\/www.facebook.com\/Pharmacima","article_modified_time":"2024-08-26T14:43:43+00:00","og_image":[{"width":510,"height":510,"url":"https:\/\/prixgro.com\/wp-content\/uploads\/2023\/09\/rossmax_pf120c_1-510x510-1.jpg","type":"image\/jpeg"}],"twitter_card":"summary_large_image","twitter_misc":{"\u0648\u0642\u062a \u0627\u0644\u0642\u0631\u0627\u0621\u0629 \u0627\u0644\u0645\u064f\u0642\u062f\u0651\u0631":"\u062f\u0642\u064a\u0642\u0629 \u0648\u0627\u062d\u062f\u0629"},"schema":{"@context":"https:\/\/schema.org","@graph":[{"@type":"WebPage","@id":"https:\/\/prixgro.com\/product\/debitmetre-spirometre-pf120-rossmax\/","url":"https:\/\/prixgro.com\/product\/debitmetre-spirometre-pf120-rossmax\/","name":"debitmetre spirometre PF120 Rossmax - Prixgro","isPartOf":{"@id":"https:\/\/prixgro.com\/#website"},"primaryImageOfPage":{"@id":"https:\/\/prixgro.com\/product\/debitmetre-spirometre-pf120-rossmax\/#primaryimage"},"image":{"@id":"https:\/\/prixgro.com\/product\/debitmetre-spirometre-pf120-rossmax\/#primaryimage"},"thumbnailUrl":"https:\/\/prixgro.com\/wp-content\/uploads\/2023\/09\/rossmax_pf120c_1-510x510-1.jpg","datePublished":"2024-04-09T12:26:28+00:00","dateModified":"2024-08-26T14:43:43+00:00","breadcrumb":{"@id":"https:\/\/prixgro.com\/product\/debitmetre-spirometre-pf120-rossmax\/#breadcrumb"},"inLanguage":"ar","potentialAction":[{"@type":"ReadAction","target":["https:\/\/prixgro.com\/product\/debitmetre-spirometre-pf120-rossmax\/"]}]},{"@type":"ImageObject","inLanguage":"ar","@id":"https:\/\/prixgro.com\/product\/debitmetre-spirometre-pf120-rossmax\/#primaryimage","url":"https:\/\/prixgro.com\/wp-content\/uploads\/2023\/09\/rossmax_pf120c_1-510x510-1.jpg","contentUrl":"https:\/\/prixgro.com\/wp-content\/uploads\/2023\/09\/rossmax_pf120c_1-510x510-1.jpg","width":510,"height":510},{"@type":"BreadcrumbList","@id":"https:\/\/prixgro.com\/product\/debitmetre-spirometre-pf120-rossmax\/#breadcrumb","itemListElement":[{"@type":"ListItem","position":1,"name":"Accueil","item":"https:\/\/prixgro.com\/"},{"@type":"ListItem","position":2,"name":"Boutique en ligne","item":"https:\/\/prixgro.com\/shop\/"},{"@type":"ListItem","position":3,"name":"debitmetre spirometre PF120 Rossmax"}]},{"@type":"WebSite","@id":"https:\/\/prixgro.com\/#website","url":"https:\/\/prixgro.com\/","name":"Prixgro.com","description":"Para Pharmaceutique et Cosm\u00e9tique","publisher":{"@id":"https:\/\/prixgro.com\/#organization"},"potentialAction":[{"@type":"SearchAction","target":{"@type":"EntryPoint","urlTemplate":"https:\/\/prixgro.com\/?s={search_term_string}"},"query-input":{"@type":"PropertyValueSpecification","valueRequired":true,"valueName":"search_term_string"}}],"inLanguage":"ar"},{"@type":"Organization","@id":"https:\/\/prixgro.com\/#organization","name":"Prixgro","url":"https:\/\/prixgro.com\/","logo":{"@type":"ImageObject","inLanguage":"ar","@id":"https:\/\/prixgro.com\/#\/schema\/logo\/image\/","url":"https:\/\/prixgro.com\/wp-content\/uploads\/2024\/08\/cropped-Nouveau-projet-2.png","contentUrl":"https:\/\/prixgro.com\/wp-content\/uploads\/2024\/08\/cropped-Nouveau-projet-2.png","width":265,"height":62,"caption":"Prixgro"},"image":{"@id":"https:\/\/prixgro.com\/#\/schema\/logo\/image\/"},"sameAs":["https:\/\/www.facebook.com\/Pharmacima"]}]}},"_links":{"self":[{"href":"https:\/\/prixgro.com\/ar\/wp-json\/wp\/v2\/product\/141386","targetHints":{"allow":["GET"]}}],"collection":[{"href":"https:\/\/prixgro.com\/ar\/wp-json\/wp\/v2\/product"}],"about":[{"href":"https:\/\/prixgro.com\/ar\/wp-json\/wp\/v2\/types\/product"}],"replies":[{"embeddable":true,"href":"https:\/\/prixgro.com\/ar\/wp-json\/wp\/v2\/comments?post=141386"}],"wp:featuredmedia":[{"embeddable":true,"href":"https:\/\/prixgro.com\/ar\/wp-json\/wp\/v2\/media\/1596"}],"wp:attachment":[{"href":"https:\/\/prixgro.com\/ar\/wp-json\/wp\/v2\/media?parent=141386"}],"wp:term":[{"taxonomy":"product_cat","embeddable":true,"href":"https:\/\/prixgro.com\/ar\/wp-json\/wp\/v2\/product_cat?post=141386"},{"taxonomy":"product_tag","embeddable":true,"href":"https:\/\/prixgro.com\/ar\/wp-json\/wp\/v2\/product_tag?post=141386"},{"taxonomy":"berocket_brand","embeddable":true,"href":"https:\/\/prixgro.com\/ar\/wp-json\/wp\/v2\/berocket_brand?post=141386"}],"curies":[{"name":"wp","href":"https:\/\/api.w.org\/{rel}","templated":true}]}}