{"id":141394,"date":"2024-04-09T14:26:28","date_gmt":"2024-04-09T12:26:28","guid":{"rendered":"https:\/\/cloodmanager.net\/?post_type=product&#038;p=141394"},"modified":"2024-08-08T13:01:25","modified_gmt":"2024-08-08T11:01:25","slug":"creme-reparatrice-dermalibour-50ml-a-derma","status":"publish","type":"product","link":"https:\/\/prixgro.com\/ar\/product\/creme-reparatrice-dermalibour-50ml-a-derma\/","title":{"rendered":"Creme reparatrice Dermalibour 50ml A DERMA"},"content":{"rendered":"<div class=\"product-tabs\">\n<h2 class=\"tabs-title\"><strong>DESCRIPTION :<\/strong><\/h2>\n<div class=\"block-content\">\n<p>DERMALIBOUR+ CICA-Cr\u00e8me r\u00e9paratrice assainissante vient au secours des peaux irrit\u00e9es de toute la famille d\u00e8s la naissance. Sa formule haute tol\u00e9rance est parfaitement adapt\u00e9e aux peaux irrit\u00e9es du visage, du corps, des paupi\u00e8res et des zones intimes externes des nouveau-n\u00e9s, enfants et adultes.<\/p>\n<p>Elle assainit, r\u00e9pare* d\u00e8s 24h\u00b9 et apaise imm\u00e9diatement, toutes les zones irrit\u00e9es qui rougissent, piquent ou tiraillent, y compris les irritations du mamelon li\u00e9es \u00e0 l\u2019allaitement**.<br \/>\nSa formule 100% d&#8217;origine naturelle contient seulement 14\u00a0ingr\u00e9dients essentiels, dont l\u2019extrait apaisant, r\u00e9parateur et anti-irritant de Plantules d\u2019Avoine Rhealba\u00ae et le complexe de cuivre-zinc, qui limite le risque de prolif\u00e9ration bact\u00e9rienne.<\/p>\n<p>Sa texture agr\u00e9able, r\u00e9manente et invisible est facile \u00e0 appliquer et absorb\u00e9e rapidement par la peau, ne laissant pas de traces blanches. Elle ne contient pas d\u2019huile min\u00e9rale ni de parfum.<br \/>\nAvoine Rhealba\u00ae issue de l&#8217;agriculture biologique.<br \/>\nInfo vegan : sans ingr\u00e9dient d&#8217;origine animale.<\/p>\n<\/div>\n<div class=\"std new-std\"><\/div>\n<\/div>\n<div class=\"product-tabs\">\n<h2 class=\"tabs-title\"><span style=\"color: #99cc00;\"><strong>CONSEIL D&#8217;UTILISATION :<\/strong><\/span><\/h2>\n<div class=\"std new-std\">\n<p>Appliquer Dermalibour 2 \u00e0 3 fois par jour sur la zone \u00e0 traiter.<\/p>\n<\/div>\n<\/div>\n<div class=\"product-tabs\">\n<h2 class=\"tabs-title\"><span style=\"color: #808080;\"><strong>COMPOSITION :<\/strong><\/span><\/h2>\n<div class=\"std new-std\">\n<p>La\u00a0liste\u00a0des\u00a0ingr\u00e9dients\u00a0peut\u00a0\u00eatre\u00a0soumise\u00a0\u00e0\u00a0des\u00a0variations,\u00a0nous\u00a0vous\u00a0conseillons\u00a0de\u00a0toujours\u00a0v\u00e9rifier\u00a0la\u00a0liste\u00a0figurant\u00a0sur\u00a0le\u00a0produit\u00a0achet\u00e9.<\/p>\n<p>WATER (AQUA). CAPRYLIC\/CAPRIC TRIGLYCERIDE. GLYCERIN. HYDROGENATED VEGETABLE OIL. POLYGLYCERYL-2 DIPOLYHYDROXYSTEARATE. ZINC OXIDE. MAGNESIUM SULFATE. POLYGLYCERYL-3 DIISOSTEARATE. AVENA SATIVA (OAT) LEAF\/STEM EXTRACT (AVENA SATIVA LEAF\/STEM EXTRACT). COPPER SULFATE. ZINC SULFATE. HELIANTHUS ANNUUS (SUNFLOWER) SEED OIL (HELIANTHUS ANNUUS SEED OIL). SIMMONDSIA CHINENSIS (JOJOBA) SEED OIL (SIMMONDSIA CHINENSIS SEED OIL). TOCOPHEROL<\/p>\n<\/div>\n<\/div>","protected":false},"excerpt":{"rendered":"<div class=\"block-fiche-description\">\n<p><em><strong><span class=\"ezstring-field\" style=\"color: #808000;\">CICA-Cr\u00e8me r\u00e9paratrice assainissante<\/span><\/strong><\/em><em><strong>Contenance<\/strong><\/em>: 50 ml<\/p>\n<\/div>","protected":false},"featured_media":141411,"comment_status":"open","ping_status":"closed","template":"","meta":[],"product_cat":[64,17,36],"product_tag":[73,499,60,77,45,78,63,133],"berocket_brand":[],"class_list":{"0":"post-141394","1":"product","2":"type-product","3":"status-publish","4":"has-post-thumbnail","6":"product_cat-corps","7":"product_cat-soin-et-bien-etre","8":"product_cat-visage-soin-et-bien-etre","9":"product_tag-creme","10":"product_tag-peau-traitee-2","11":"product_tag-peaux-abimes","12":"product_tag-peaux-seches-a-tres-seches","13":"product_tag-peaux-sensibles","14":"product_tag-reparateur","15":"product_tag-soin-apaisant","16":"product_tag-traitement-cicatrisant","18":"first","19":"outofstock","20":"shipping-taxable","21":"purchasable","22":"product-type-simple"},"yoast_head":"<!-- This site is optimized with the Yoast SEO plugin v24.8 - https:\/\/yoast.com\/wordpress\/plugins\/seo\/ -->\n<title>Creme reparatrice Dermalibour 50ml A DERMA - Prixgro<\/title>\n<meta name=\"robots\" content=\"index, follow, max-snippet:-1, max-image-preview:large, max-video-preview:-1\" \/>\n<link rel=\"canonical\" href=\"https:\/\/prixgro.com\/ar\/product\/creme-reparatrice-dermalibour-50ml-a-derma\/\" \/>\n<meta property=\"og:locale\" content=\"ar_AR\" \/>\n<meta property=\"og:type\" content=\"article\" \/>\n<meta property=\"og:title\" content=\"Creme reparatrice Dermalibour 50ml A DERMA - Prixgro\" \/>\n<meta property=\"og:description\" content=\"CICA-Cr\u00e8me r\u00e9paratrice assainissanteContenance: 50 ml\" \/>\n<meta property=\"og:url\" content=\"https:\/\/prixgro.com\/ar\/product\/creme-reparatrice-dermalibour-50ml-a-derma\/\" \/>\n<meta property=\"og:site_name\" content=\"Prixgro\" \/>\n<meta property=\"article:publisher\" content=\"https:\/\/www.facebook.com\/Pharmacima\" \/>\n<meta property=\"article:modified_time\" content=\"2024-08-08T11:01:25+00:00\" \/>\n<meta property=\"og:image\" content=\"https:\/\/prixgro.com\/wp-content\/uploads\/2024\/04\/dermalibour-.png\" \/>\n\t<meta property=\"og:image:width\" content=\"540\" \/>\n\t<meta property=\"og:image:height\" content=\"540\" \/>\n\t<meta property=\"og:image:type\" content=\"image\/png\" \/>\n<meta name=\"twitter:card\" content=\"summary_large_image\" \/>\n<meta name=\"twitter:label1\" content=\"\u0648\u0642\u062a \u0627\u0644\u0642\u0631\u0627\u0621\u0629 \u0627\u0644\u0645\u064f\u0642\u062f\u0651\u0631\" \/>\n\t<meta name=\"twitter:data1\" content=\"\u062f\u0642\u064a\u0642\u0629 \u0648\u0627\u062d\u062f\u0629\" \/>\n<script type=\"application\/ld+json\" class=\"yoast-schema-graph\">{\"@context\":\"https:\/\/schema.org\",\"@graph\":[{\"@type\":\"WebPage\",\"@id\":\"https:\/\/prixgro.com\/product\/creme-reparatrice-dermalibour-50ml-a-derma\/\",\"url\":\"https:\/\/prixgro.com\/product\/creme-reparatrice-dermalibour-50ml-a-derma\/\",\"name\":\"Creme reparatrice Dermalibour 50ml A DERMA - Prixgro\",\"isPartOf\":{\"@id\":\"https:\/\/prixgro.com\/#website\"},\"primaryImageOfPage\":{\"@id\":\"https:\/\/prixgro.com\/product\/creme-reparatrice-dermalibour-50ml-a-derma\/#primaryimage\"},\"image\":{\"@id\":\"https:\/\/prixgro.com\/product\/creme-reparatrice-dermalibour-50ml-a-derma\/#primaryimage\"},\"thumbnailUrl\":\"https:\/\/prixgro.com\/wp-content\/uploads\/2024\/04\/dermalibour-.png\",\"datePublished\":\"2024-04-09T12:26:28+00:00\",\"dateModified\":\"2024-08-08T11:01:25+00:00\",\"breadcrumb\":{\"@id\":\"https:\/\/prixgro.com\/product\/creme-reparatrice-dermalibour-50ml-a-derma\/#breadcrumb\"},\"inLanguage\":\"ar\",\"potentialAction\":[{\"@type\":\"ReadAction\",\"target\":[\"https:\/\/prixgro.com\/product\/creme-reparatrice-dermalibour-50ml-a-derma\/\"]}]},{\"@type\":\"ImageObject\",\"inLanguage\":\"ar\",\"@id\":\"https:\/\/prixgro.com\/product\/creme-reparatrice-dermalibour-50ml-a-derma\/#primaryimage\",\"url\":\"https:\/\/prixgro.com\/wp-content\/uploads\/2024\/04\/dermalibour-.png\",\"contentUrl\":\"https:\/\/prixgro.com\/wp-content\/uploads\/2024\/04\/dermalibour-.png\",\"width\":540,\"height\":540},{\"@type\":\"BreadcrumbList\",\"@id\":\"https:\/\/prixgro.com\/product\/creme-reparatrice-dermalibour-50ml-a-derma\/#breadcrumb\",\"itemListElement\":[{\"@type\":\"ListItem\",\"position\":1,\"name\":\"Accueil\",\"item\":\"https:\/\/prixgro.com\/\"},{\"@type\":\"ListItem\",\"position\":2,\"name\":\"Boutique en ligne\",\"item\":\"https:\/\/prixgro.com\/shop\/\"},{\"@type\":\"ListItem\",\"position\":3,\"name\":\"Creme reparatrice Dermalibour 50ml A DERMA\"}]},{\"@type\":\"WebSite\",\"@id\":\"https:\/\/prixgro.com\/#website\",\"url\":\"https:\/\/prixgro.com\/\",\"name\":\"Prixgro.com\",\"description\":\"Para Pharmaceutique et Cosm\u00e9tique\",\"publisher\":{\"@id\":\"https:\/\/prixgro.com\/#organization\"},\"potentialAction\":[{\"@type\":\"SearchAction\",\"target\":{\"@type\":\"EntryPoint\",\"urlTemplate\":\"https:\/\/prixgro.com\/?s={search_term_string}\"},\"query-input\":{\"@type\":\"PropertyValueSpecification\",\"valueRequired\":true,\"valueName\":\"search_term_string\"}}],\"inLanguage\":\"ar\"},{\"@type\":\"Organization\",\"@id\":\"https:\/\/prixgro.com\/#organization\",\"name\":\"Prixgro\",\"url\":\"https:\/\/prixgro.com\/\",\"logo\":{\"@type\":\"ImageObject\",\"inLanguage\":\"ar\",\"@id\":\"https:\/\/prixgro.com\/#\/schema\/logo\/image\/\",\"url\":\"https:\/\/prixgro.com\/wp-content\/uploads\/2024\/08\/cropped-Nouveau-projet-2.png\",\"contentUrl\":\"https:\/\/prixgro.com\/wp-content\/uploads\/2024\/08\/cropped-Nouveau-projet-2.png\",\"width\":265,\"height\":62,\"caption\":\"Prixgro\"},\"image\":{\"@id\":\"https:\/\/prixgro.com\/#\/schema\/logo\/image\/\"},\"sameAs\":[\"https:\/\/www.facebook.com\/Pharmacima\"]}]}<\/script>\n<!-- \/ Yoast SEO plugin. -->","yoast_head_json":{"title":"Creme reparatrice Dermalibour 50ml A DERMA - Prixgro","robots":{"index":"index","follow":"follow","max-snippet":"max-snippet:-1","max-image-preview":"max-image-preview:large","max-video-preview":"max-video-preview:-1"},"canonical":"https:\/\/prixgro.com\/ar\/product\/creme-reparatrice-dermalibour-50ml-a-derma\/","og_locale":"ar_AR","og_type":"article","og_title":"Creme reparatrice Dermalibour 50ml A DERMA - Prixgro","og_description":"CICA-Cr\u00e8me r\u00e9paratrice assainissanteContenance: 50 ml","og_url":"https:\/\/prixgro.com\/ar\/product\/creme-reparatrice-dermalibour-50ml-a-derma\/","og_site_name":"Prixgro","article_publisher":"https:\/\/www.facebook.com\/Pharmacima","article_modified_time":"2024-08-08T11:01:25+00:00","og_image":[{"width":540,"height":540,"url":"https:\/\/prixgro.com\/wp-content\/uploads\/2024\/04\/dermalibour-.png","type":"image\/png"}],"twitter_card":"summary_large_image","twitter_misc":{"\u0648\u0642\u062a \u0627\u0644\u0642\u0631\u0627\u0621\u0629 \u0627\u0644\u0645\u064f\u0642\u062f\u0651\u0631":"\u062f\u0642\u064a\u0642\u0629 \u0648\u0627\u062d\u062f\u0629"},"schema":{"@context":"https:\/\/schema.org","@graph":[{"@type":"WebPage","@id":"https:\/\/prixgro.com\/product\/creme-reparatrice-dermalibour-50ml-a-derma\/","url":"https:\/\/prixgro.com\/product\/creme-reparatrice-dermalibour-50ml-a-derma\/","name":"Creme reparatrice Dermalibour 50ml A DERMA - Prixgro","isPartOf":{"@id":"https:\/\/prixgro.com\/#website"},"primaryImageOfPage":{"@id":"https:\/\/prixgro.com\/product\/creme-reparatrice-dermalibour-50ml-a-derma\/#primaryimage"},"image":{"@id":"https:\/\/prixgro.com\/product\/creme-reparatrice-dermalibour-50ml-a-derma\/#primaryimage"},"thumbnailUrl":"https:\/\/prixgro.com\/wp-content\/uploads\/2024\/04\/dermalibour-.png","datePublished":"2024-04-09T12:26:28+00:00","dateModified":"2024-08-08T11:01:25+00:00","breadcrumb":{"@id":"https:\/\/prixgro.com\/product\/creme-reparatrice-dermalibour-50ml-a-derma\/#breadcrumb"},"inLanguage":"ar","potentialAction":[{"@type":"ReadAction","target":["https:\/\/prixgro.com\/product\/creme-reparatrice-dermalibour-50ml-a-derma\/"]}]},{"@type":"ImageObject","inLanguage":"ar","@id":"https:\/\/prixgro.com\/product\/creme-reparatrice-dermalibour-50ml-a-derma\/#primaryimage","url":"https:\/\/prixgro.com\/wp-content\/uploads\/2024\/04\/dermalibour-.png","contentUrl":"https:\/\/prixgro.com\/wp-content\/uploads\/2024\/04\/dermalibour-.png","width":540,"height":540},{"@type":"BreadcrumbList","@id":"https:\/\/prixgro.com\/product\/creme-reparatrice-dermalibour-50ml-a-derma\/#breadcrumb","itemListElement":[{"@type":"ListItem","position":1,"name":"Accueil","item":"https:\/\/prixgro.com\/"},{"@type":"ListItem","position":2,"name":"Boutique en ligne","item":"https:\/\/prixgro.com\/shop\/"},{"@type":"ListItem","position":3,"name":"Creme reparatrice Dermalibour 50ml A DERMA"}]},{"@type":"WebSite","@id":"https:\/\/prixgro.com\/#website","url":"https:\/\/prixgro.com\/","name":"Prixgro.com","description":"Para Pharmaceutique et Cosm\u00e9tique","publisher":{"@id":"https:\/\/prixgro.com\/#organization"},"potentialAction":[{"@type":"SearchAction","target":{"@type":"EntryPoint","urlTemplate":"https:\/\/prixgro.com\/?s={search_term_string}"},"query-input":{"@type":"PropertyValueSpecification","valueRequired":true,"valueName":"search_term_string"}}],"inLanguage":"ar"},{"@type":"Organization","@id":"https:\/\/prixgro.com\/#organization","name":"Prixgro","url":"https:\/\/prixgro.com\/","logo":{"@type":"ImageObject","inLanguage":"ar","@id":"https:\/\/prixgro.com\/#\/schema\/logo\/image\/","url":"https:\/\/prixgro.com\/wp-content\/uploads\/2024\/08\/cropped-Nouveau-projet-2.png","contentUrl":"https:\/\/prixgro.com\/wp-content\/uploads\/2024\/08\/cropped-Nouveau-projet-2.png","width":265,"height":62,"caption":"Prixgro"},"image":{"@id":"https:\/\/prixgro.com\/#\/schema\/logo\/image\/"},"sameAs":["https:\/\/www.facebook.com\/Pharmacima"]}]}},"_links":{"self":[{"href":"https:\/\/prixgro.com\/ar\/wp-json\/wp\/v2\/product\/141394","targetHints":{"allow":["GET"]}}],"collection":[{"href":"https:\/\/prixgro.com\/ar\/wp-json\/wp\/v2\/product"}],"about":[{"href":"https:\/\/prixgro.com\/ar\/wp-json\/wp\/v2\/types\/product"}],"replies":[{"embeddable":true,"href":"https:\/\/prixgro.com\/ar\/wp-json\/wp\/v2\/comments?post=141394"}],"wp:featuredmedia":[{"embeddable":true,"href":"https:\/\/prixgro.com\/ar\/wp-json\/wp\/v2\/media\/141411"}],"wp:attachment":[{"href":"https:\/\/prixgro.com\/ar\/wp-json\/wp\/v2\/media?parent=141394"}],"wp:term":[{"taxonomy":"product_cat","embeddable":true,"href":"https:\/\/prixgro.com\/ar\/wp-json\/wp\/v2\/product_cat?post=141394"},{"taxonomy":"product_tag","embeddable":true,"href":"https:\/\/prixgro.com\/ar\/wp-json\/wp\/v2\/product_tag?post=141394"},{"taxonomy":"berocket_brand","embeddable":true,"href":"https:\/\/prixgro.com\/ar\/wp-json\/wp\/v2\/berocket_brand?post=141394"}],"curies":[{"name":"wp","href":"https:\/\/api.w.org\/{rel}","templated":true}]}}