{"id":141506,"date":"2024-04-09T14:27:19","date_gmt":"2024-04-09T12:27:19","guid":{"rendered":"https:\/\/cloodmanager.net\/?post_type=product&#038;p=141506"},"modified":"2025-01-06T16:48:17","modified_gmt":"2025-01-06T15:48:17","slug":"detranspirant-aisselles-peaux-sensible-roll-on-15ml-etiaxil","status":"publish","type":"product","link":"https:\/\/prixgro.com\/ar\/product\/detranspirant-aisselles-peaux-sensible-roll-on-15ml-etiaxil\/","title":{"rendered":"Detranspirant Aisselles Peaux Sensible Roll-on 15ML Etiaxil"},"content":{"rendered":"<div class=\"product-tabs\">\n<h3 class=\"tabs-title\"><strong>Description<\/strong><\/h3>\n<div class=\"std new-std\">\n<p>ETIAXIL D\u00e9transpirant Traitement transpiration excessive Aisselles<br \/>Peaux sensibles Roll-on Sans parfum et sans paraben 15ml<\/p>\n<p>Le d\u00e9transpirant Etiaxil aisselles peaux sensibles a \u00e9t\u00e9 con\u00e7u pour traiter efficacement la transpiration excessive des aisselles, tout en respectant les peaux sensibles. Appliqu\u00e9 sur les aisselles, le produit permet de mettre au repos les glandes sudoripares, responsables de la production de sueur. Le d\u00e9bit de la transpiration est ainsi sous contr\u00f4le pendant plusieurs jours<\/p>\n<\/div>\n<\/div>\n<div class=\"product-tabs\">\n<h3 class=\"tabs-title\"><strong>Conseils d&#8217;utilisation<\/strong><\/h3>\n<div class=\"std new-std\">\n<p>Appliquez Etiaxil sous les aisselles en respectant la r\u00e8gle des \u00ab 3 S \u00bb (le Soir, sur une peau S\u00e8che et Saine) et les conseils d&#8217;utilisation d\u00e9crits dans la notice.<br \/>Laissez s\u00e9cher naturellement \u00e0 l&#8217;air. Le lendemain matin, rincez \u00e0 l&#8217;eau et au savon.<br \/>En d\u00e9but de traitement, appliquez Etiaxil tous les soirs.<br \/>Lorsque le niveau de confort souhait\u00e9 est atteint (normalement en 2 \u00e0 3 jours), appliquez Etiaxil 2 \u00e0 3 fois par semaine.<\/p>\n<\/div>\n<\/div>\n<div class=\"product-tabs\">\n<h3 class=\"tabs-title\"><strong>Composition<\/strong><\/h3>\n<div class=\"std new-std\">\n<p>La\u00a0liste\u00a0des\u00a0ingr\u00e9dients\u00a0peut\u00a0\u00eatre\u00a0soumise\u00a0\u00e0\u00a0des\u00a0variations,\u00a0nous\u00a0vous\u00a0conseillons\u00a0de\u00a0toujours\u00a0v\u00e9rifier\u00a0la\u00a0liste\u00a0figurant\u00a0sur\u00a0le\u00a0produit\u00a0achet\u00e9.<\/p>\n<p>Formule INCI:\u00a0Alcohol Denat., Aluminum Chloride, Aluminum Lactate, Propylene Glycol, Glyceryl Stearate, Cetyl Palmitate, Cera Microcristallina, Trihydroxystearin.<\/p>\n<\/div>\n<\/div>","protected":false},"excerpt":{"rendered":"<p><\/p>","protected":false},"featured_media":1018,"comment_status":"open","ping_status":"closed","template":"","meta":[],"product_cat":[64,17],"product_tag":[],"berocket_brand":[461],"class_list":{"0":"post-141506","1":"product","2":"type-product","3":"status-publish","4":"has-post-thumbnail","6":"product_cat-corps","7":"product_cat-soin-et-bien-etre","8":"berocket_brand-etiaxil","10":"first","11":"instock","12":"sale","13":"shipping-taxable","14":"purchasable","15":"product-type-simple"},"yoast_head":"<!-- This site is optimized with the Yoast SEO plugin v24.8 - https:\/\/yoast.com\/wordpress\/plugins\/seo\/ -->\n<title>Detranspirant Aisselles Peaux Sensible Roll-on 15ML Etiaxil - Prixgro<\/title>\n<meta name=\"robots\" content=\"index, follow, max-snippet:-1, max-image-preview:large, max-video-preview:-1\" \/>\n<link rel=\"canonical\" href=\"https:\/\/prixgro.com\/ar\/product\/detranspirant-aisselles-peaux-sensible-roll-on-15ml-etiaxil\/\" \/>\n<meta property=\"og:locale\" content=\"ar_AR\" \/>\n<meta property=\"og:type\" content=\"article\" \/>\n<meta property=\"og:title\" content=\"Detranspirant Aisselles Peaux Sensible Roll-on 15ML Etiaxil - Prixgro\" \/>\n<meta property=\"og:url\" content=\"https:\/\/prixgro.com\/ar\/product\/detranspirant-aisselles-peaux-sensible-roll-on-15ml-etiaxil\/\" \/>\n<meta property=\"og:site_name\" content=\"Prixgro\" \/>\n<meta property=\"article:publisher\" content=\"https:\/\/www.facebook.com\/Pharmacima\" \/>\n<meta property=\"article:modified_time\" content=\"2025-01-06T15:48:17+00:00\" \/>\n<meta property=\"og:image\" content=\"https:\/\/prixgro.com\/wp-content\/uploads\/2023\/09\/etiaxil-detranspirant-traitement-transpiration-excessice-peaux-sensibles-15ml.png\" \/>\n\t<meta property=\"og:image:width\" content=\"350\" \/>\n\t<meta property=\"og:image:height\" content=\"350\" \/>\n\t<meta property=\"og:image:type\" content=\"image\/png\" \/>\n<meta name=\"twitter:card\" content=\"summary_large_image\" \/>\n<meta name=\"twitter:label1\" content=\"\u0648\u0642\u062a \u0627\u0644\u0642\u0631\u0627\u0621\u0629 \u0627\u0644\u0645\u064f\u0642\u062f\u0651\u0631\" \/>\n\t<meta name=\"twitter:data1\" content=\"\u062f\u0642\u064a\u0642\u0629 \u0648\u0627\u062d\u062f\u0629\" \/>\n<script type=\"application\/ld+json\" class=\"yoast-schema-graph\">{\"@context\":\"https:\/\/schema.org\",\"@graph\":[{\"@type\":\"WebPage\",\"@id\":\"https:\/\/prixgro.com\/product\/detranspirant-aisselles-peaux-sensible-roll-on-15ml-etiaxil\/\",\"url\":\"https:\/\/prixgro.com\/product\/detranspirant-aisselles-peaux-sensible-roll-on-15ml-etiaxil\/\",\"name\":\"Detranspirant Aisselles Peaux Sensible Roll-on 15ML Etiaxil - Prixgro\",\"isPartOf\":{\"@id\":\"https:\/\/prixgro.com\/#website\"},\"primaryImageOfPage\":{\"@id\":\"https:\/\/prixgro.com\/product\/detranspirant-aisselles-peaux-sensible-roll-on-15ml-etiaxil\/#primaryimage\"},\"image\":{\"@id\":\"https:\/\/prixgro.com\/product\/detranspirant-aisselles-peaux-sensible-roll-on-15ml-etiaxil\/#primaryimage\"},\"thumbnailUrl\":\"https:\/\/prixgro.com\/wp-content\/uploads\/2023\/09\/etiaxil-detranspirant-traitement-transpiration-excessice-peaux-sensibles-15ml.png\",\"datePublished\":\"2024-04-09T12:27:19+00:00\",\"dateModified\":\"2025-01-06T15:48:17+00:00\",\"breadcrumb\":{\"@id\":\"https:\/\/prixgro.com\/product\/detranspirant-aisselles-peaux-sensible-roll-on-15ml-etiaxil\/#breadcrumb\"},\"inLanguage\":\"ar\",\"potentialAction\":[{\"@type\":\"ReadAction\",\"target\":[\"https:\/\/prixgro.com\/product\/detranspirant-aisselles-peaux-sensible-roll-on-15ml-etiaxil\/\"]}]},{\"@type\":\"ImageObject\",\"inLanguage\":\"ar\",\"@id\":\"https:\/\/prixgro.com\/product\/detranspirant-aisselles-peaux-sensible-roll-on-15ml-etiaxil\/#primaryimage\",\"url\":\"https:\/\/prixgro.com\/wp-content\/uploads\/2023\/09\/etiaxil-detranspirant-traitement-transpiration-excessice-peaux-sensibles-15ml.png\",\"contentUrl\":\"https:\/\/prixgro.com\/wp-content\/uploads\/2023\/09\/etiaxil-detranspirant-traitement-transpiration-excessice-peaux-sensibles-15ml.png\",\"width\":350,\"height\":350},{\"@type\":\"BreadcrumbList\",\"@id\":\"https:\/\/prixgro.com\/product\/detranspirant-aisselles-peaux-sensible-roll-on-15ml-etiaxil\/#breadcrumb\",\"itemListElement\":[{\"@type\":\"ListItem\",\"position\":1,\"name\":\"Accueil\",\"item\":\"https:\/\/prixgro.com\/\"},{\"@type\":\"ListItem\",\"position\":2,\"name\":\"Boutique en ligne\",\"item\":\"https:\/\/prixgro.com\/shop\/\"},{\"@type\":\"ListItem\",\"position\":3,\"name\":\"Detranspirant Aisselles Peaux Sensible Roll-on 15ML Etiaxil\"}]},{\"@type\":\"WebSite\",\"@id\":\"https:\/\/prixgro.com\/#website\",\"url\":\"https:\/\/prixgro.com\/\",\"name\":\"Prixgro.com\",\"description\":\"Para Pharmaceutique et Cosm\u00e9tique\",\"publisher\":{\"@id\":\"https:\/\/prixgro.com\/#organization\"},\"potentialAction\":[{\"@type\":\"SearchAction\",\"target\":{\"@type\":\"EntryPoint\",\"urlTemplate\":\"https:\/\/prixgro.com\/?s={search_term_string}\"},\"query-input\":{\"@type\":\"PropertyValueSpecification\",\"valueRequired\":true,\"valueName\":\"search_term_string\"}}],\"inLanguage\":\"ar\"},{\"@type\":\"Organization\",\"@id\":\"https:\/\/prixgro.com\/#organization\",\"name\":\"Prixgro\",\"url\":\"https:\/\/prixgro.com\/\",\"logo\":{\"@type\":\"ImageObject\",\"inLanguage\":\"ar\",\"@id\":\"https:\/\/prixgro.com\/#\/schema\/logo\/image\/\",\"url\":\"https:\/\/prixgro.com\/wp-content\/uploads\/2024\/08\/cropped-Nouveau-projet-2.png\",\"contentUrl\":\"https:\/\/prixgro.com\/wp-content\/uploads\/2024\/08\/cropped-Nouveau-projet-2.png\",\"width\":265,\"height\":62,\"caption\":\"Prixgro\"},\"image\":{\"@id\":\"https:\/\/prixgro.com\/#\/schema\/logo\/image\/\"},\"sameAs\":[\"https:\/\/www.facebook.com\/Pharmacima\"]}]}<\/script>\n<!-- \/ Yoast SEO plugin. -->","yoast_head_json":{"title":"Detranspirant Aisselles Peaux Sensible Roll-on 15ML Etiaxil - Prixgro","robots":{"index":"index","follow":"follow","max-snippet":"max-snippet:-1","max-image-preview":"max-image-preview:large","max-video-preview":"max-video-preview:-1"},"canonical":"https:\/\/prixgro.com\/ar\/product\/detranspirant-aisselles-peaux-sensible-roll-on-15ml-etiaxil\/","og_locale":"ar_AR","og_type":"article","og_title":"Detranspirant Aisselles Peaux Sensible Roll-on 15ML Etiaxil - Prixgro","og_url":"https:\/\/prixgro.com\/ar\/product\/detranspirant-aisselles-peaux-sensible-roll-on-15ml-etiaxil\/","og_site_name":"Prixgro","article_publisher":"https:\/\/www.facebook.com\/Pharmacima","article_modified_time":"2025-01-06T15:48:17+00:00","og_image":[{"width":350,"height":350,"url":"https:\/\/prixgro.com\/wp-content\/uploads\/2023\/09\/etiaxil-detranspirant-traitement-transpiration-excessice-peaux-sensibles-15ml.png","type":"image\/png"}],"twitter_card":"summary_large_image","twitter_misc":{"\u0648\u0642\u062a \u0627\u0644\u0642\u0631\u0627\u0621\u0629 \u0627\u0644\u0645\u064f\u0642\u062f\u0651\u0631":"\u062f\u0642\u064a\u0642\u0629 \u0648\u0627\u062d\u062f\u0629"},"schema":{"@context":"https:\/\/schema.org","@graph":[{"@type":"WebPage","@id":"https:\/\/prixgro.com\/product\/detranspirant-aisselles-peaux-sensible-roll-on-15ml-etiaxil\/","url":"https:\/\/prixgro.com\/product\/detranspirant-aisselles-peaux-sensible-roll-on-15ml-etiaxil\/","name":"Detranspirant Aisselles Peaux Sensible Roll-on 15ML Etiaxil - Prixgro","isPartOf":{"@id":"https:\/\/prixgro.com\/#website"},"primaryImageOfPage":{"@id":"https:\/\/prixgro.com\/product\/detranspirant-aisselles-peaux-sensible-roll-on-15ml-etiaxil\/#primaryimage"},"image":{"@id":"https:\/\/prixgro.com\/product\/detranspirant-aisselles-peaux-sensible-roll-on-15ml-etiaxil\/#primaryimage"},"thumbnailUrl":"https:\/\/prixgro.com\/wp-content\/uploads\/2023\/09\/etiaxil-detranspirant-traitement-transpiration-excessice-peaux-sensibles-15ml.png","datePublished":"2024-04-09T12:27:19+00:00","dateModified":"2025-01-06T15:48:17+00:00","breadcrumb":{"@id":"https:\/\/prixgro.com\/product\/detranspirant-aisselles-peaux-sensible-roll-on-15ml-etiaxil\/#breadcrumb"},"inLanguage":"ar","potentialAction":[{"@type":"ReadAction","target":["https:\/\/prixgro.com\/product\/detranspirant-aisselles-peaux-sensible-roll-on-15ml-etiaxil\/"]}]},{"@type":"ImageObject","inLanguage":"ar","@id":"https:\/\/prixgro.com\/product\/detranspirant-aisselles-peaux-sensible-roll-on-15ml-etiaxil\/#primaryimage","url":"https:\/\/prixgro.com\/wp-content\/uploads\/2023\/09\/etiaxil-detranspirant-traitement-transpiration-excessice-peaux-sensibles-15ml.png","contentUrl":"https:\/\/prixgro.com\/wp-content\/uploads\/2023\/09\/etiaxil-detranspirant-traitement-transpiration-excessice-peaux-sensibles-15ml.png","width":350,"height":350},{"@type":"BreadcrumbList","@id":"https:\/\/prixgro.com\/product\/detranspirant-aisselles-peaux-sensible-roll-on-15ml-etiaxil\/#breadcrumb","itemListElement":[{"@type":"ListItem","position":1,"name":"Accueil","item":"https:\/\/prixgro.com\/"},{"@type":"ListItem","position":2,"name":"Boutique en ligne","item":"https:\/\/prixgro.com\/shop\/"},{"@type":"ListItem","position":3,"name":"Detranspirant Aisselles Peaux Sensible Roll-on 15ML Etiaxil"}]},{"@type":"WebSite","@id":"https:\/\/prixgro.com\/#website","url":"https:\/\/prixgro.com\/","name":"Prixgro.com","description":"Para Pharmaceutique et Cosm\u00e9tique","publisher":{"@id":"https:\/\/prixgro.com\/#organization"},"potentialAction":[{"@type":"SearchAction","target":{"@type":"EntryPoint","urlTemplate":"https:\/\/prixgro.com\/?s={search_term_string}"},"query-input":{"@type":"PropertyValueSpecification","valueRequired":true,"valueName":"search_term_string"}}],"inLanguage":"ar"},{"@type":"Organization","@id":"https:\/\/prixgro.com\/#organization","name":"Prixgro","url":"https:\/\/prixgro.com\/","logo":{"@type":"ImageObject","inLanguage":"ar","@id":"https:\/\/prixgro.com\/#\/schema\/logo\/image\/","url":"https:\/\/prixgro.com\/wp-content\/uploads\/2024\/08\/cropped-Nouveau-projet-2.png","contentUrl":"https:\/\/prixgro.com\/wp-content\/uploads\/2024\/08\/cropped-Nouveau-projet-2.png","width":265,"height":62,"caption":"Prixgro"},"image":{"@id":"https:\/\/prixgro.com\/#\/schema\/logo\/image\/"},"sameAs":["https:\/\/www.facebook.com\/Pharmacima"]}]}},"_links":{"self":[{"href":"https:\/\/prixgro.com\/ar\/wp-json\/wp\/v2\/product\/141506","targetHints":{"allow":["GET"]}}],"collection":[{"href":"https:\/\/prixgro.com\/ar\/wp-json\/wp\/v2\/product"}],"about":[{"href":"https:\/\/prixgro.com\/ar\/wp-json\/wp\/v2\/types\/product"}],"replies":[{"embeddable":true,"href":"https:\/\/prixgro.com\/ar\/wp-json\/wp\/v2\/comments?post=141506"}],"wp:featuredmedia":[{"embeddable":true,"href":"https:\/\/prixgro.com\/ar\/wp-json\/wp\/v2\/media\/1018"}],"wp:attachment":[{"href":"https:\/\/prixgro.com\/ar\/wp-json\/wp\/v2\/media?parent=141506"}],"wp:term":[{"taxonomy":"product_cat","embeddable":true,"href":"https:\/\/prixgro.com\/ar\/wp-json\/wp\/v2\/product_cat?post=141506"},{"taxonomy":"product_tag","embeddable":true,"href":"https:\/\/prixgro.com\/ar\/wp-json\/wp\/v2\/product_tag?post=141506"},{"taxonomy":"berocket_brand","embeddable":true,"href":"https:\/\/prixgro.com\/ar\/wp-json\/wp\/v2\/berocket_brand?post=141506"}],"curies":[{"name":"wp","href":"https:\/\/api.w.org\/{rel}","templated":true}]}}