{"id":141514,"date":"2024-04-09T14:27:19","date_gmt":"2024-04-09T12:27:19","guid":{"rendered":"https:\/\/cloodmanager.net\/?post_type=product&#038;p=141514"},"modified":"2024-08-08T13:09:31","modified_gmt":"2024-08-08T11:09:31","slug":"dermo-purifyer-oil-control-200ml-eucerin","status":"publish","type":"product","link":"https:\/\/prixgro.com\/ar\/product\/dermo-purifyer-oil-control-200ml-eucerin\/","title":{"rendered":"Dermo Purifyer Oil Control \u2013 200Ml Eucerin"},"content":{"rendered":"<h2><strong>DESCRIPTION :<\/strong><\/h2>\n<p>Le Gel Nettoyant Eucerin Dermo Purifyer nettoie la peau en douceur et \u00e9limine efficacement l&#8217;exc\u00e8s de s\u00e9bum, tout en enlevant les impuret\u00e9s et le maquillage gr\u00e2ce \u00e0 sa formule sans savon.<\/p>\n<p>La peau du visage est propre, fra\u00eeche et souple.<\/p>\n<p>Propri\u00e9t\u00e9s<\/p>\n<p>Eucerin DermoPurifyer Gel Nettoyant est compos\u00e9 d&#8217;une formule haute tol\u00e9rance sans savon ni parfum pour le respect de la sensibilit\u00e9 cutan\u00e9e, et poss\u00e8de une base lavante douce aux vertus antibact\u00e9riennes, afin d&#8217;\u00e9liminer les impuret\u00e9s et l&#8217;exc\u00e8s de s\u00e9bum tout en limitant la formation d&#8217;imperfections.<\/p>\n<h2><strong>CONSEIL D&#8217;UTILISATION :<\/strong><\/h2>\n<ul>\n<li>Utilisez le gel nettoyant comme premi\u00e8re \u00e9tape de votre routine de soins de la peau &#8211; de pr\u00e9f\u00e9rence deux fois par jour\u00a0: matin et soir<\/li>\n<li>Utilisez une quantit\u00e9 de la taille d&#8217;une cerise et faites-la mousser dans votre main avec un peu d&#8217;eau<\/li>\n<li>Massez votre visage.<\/li>\n<li>Rincer \u00e0 l&#8217;eau ti\u00e8de<\/li>\n<li>Evitez le contact avec vos yeux<\/li>\n<\/ul>\n<h2><strong>COMPOSITION :<\/strong><\/h2>\n<p>Aqua,\u00a0cocoamphoac\u00e9tate de sodium,\u00a0propyl\u00e8ne glycol,\u00a0laureth sulfate de sodium,\u00a0chlorure de sodium,\u00a0acide citrique,\u00a0benzoate de sodium,\u00a0acide salicylique,\u00a0technologie de r\u00e9gulation du s\u00e9bum<\/p>","protected":false},"excerpt":{"rendered":"<p>DESCRIPTION : Le Gel Nettoyant Eucerin Dermo Purifyer nettoie la peau en douceur et \u00e9limine efficacement l&#8217;exc\u00e8s de s\u00e9bum, tout&#8230;<\/p>","protected":false},"featured_media":1047,"comment_status":"open","ping_status":"closed","template":"","meta":[],"product_cat":[17,36],"product_tag":[],"berocket_brand":[],"class_list":{"0":"post-141514","1":"product","2":"type-product","3":"status-publish","4":"has-post-thumbnail","6":"product_cat-soin-et-bien-etre","7":"product_cat-visage-soin-et-bien-etre","9":"first","10":"outofstock","11":"shipping-taxable","12":"purchasable","13":"product-type-simple"},"yoast_head":"<!-- This site is optimized with the Yoast SEO plugin v24.8 - https:\/\/yoast.com\/wordpress\/plugins\/seo\/ -->\n<title>Dermo Purifyer Oil Control \u2013 200Ml Eucerin - Prixgro<\/title>\n<meta name=\"robots\" content=\"index, follow, max-snippet:-1, max-image-preview:large, max-video-preview:-1\" \/>\n<link rel=\"canonical\" href=\"https:\/\/prixgro.com\/ar\/product\/dermo-purifyer-oil-control-200ml-eucerin\/\" \/>\n<meta property=\"og:locale\" content=\"ar_AR\" \/>\n<meta property=\"og:type\" content=\"article\" \/>\n<meta property=\"og:title\" content=\"Dermo Purifyer Oil Control \u2013 200Ml Eucerin - Prixgro\" \/>\n<meta property=\"og:description\" content=\"DESCRIPTION : Le Gel Nettoyant Eucerin Dermo Purifyer nettoie la peau en douceur et \u00e9limine efficacement l&#8217;exc\u00e8s de s\u00e9bum, tout...\" \/>\n<meta property=\"og:url\" content=\"https:\/\/prixgro.com\/ar\/product\/dermo-purifyer-oil-control-200ml-eucerin\/\" \/>\n<meta property=\"og:site_name\" content=\"Prixgro\" \/>\n<meta property=\"article:publisher\" content=\"https:\/\/www.facebook.com\/Pharmacima\" \/>\n<meta property=\"article:modified_time\" content=\"2024-08-08T11:09:31+00:00\" \/>\n<meta property=\"og:image\" content=\"https:\/\/prixgro.com\/wp-content\/uploads\/2023\/09\/gel-nettoyant-eucerin-dermo-purifyer-oil-control-200ml.jpg\" \/>\n\t<meta property=\"og:image:width\" content=\"458\" \/>\n\t<meta property=\"og:image:height\" content=\"485\" \/>\n\t<meta property=\"og:image:type\" content=\"image\/jpeg\" \/>\n<meta name=\"twitter:card\" content=\"summary_large_image\" \/>\n<meta name=\"twitter:label1\" content=\"\u0648\u0642\u062a \u0627\u0644\u0642\u0631\u0627\u0621\u0629 \u0627\u0644\u0645\u064f\u0642\u062f\u0651\u0631\" \/>\n\t<meta name=\"twitter:data1\" content=\"\u062f\u0642\u064a\u0642\u0629 \u0648\u0627\u062d\u062f\u0629\" \/>\n<script type=\"application\/ld+json\" class=\"yoast-schema-graph\">{\"@context\":\"https:\/\/schema.org\",\"@graph\":[{\"@type\":\"WebPage\",\"@id\":\"https:\/\/prixgro.com\/product\/dermo-purifyer-oil-control-200ml-eucerin\/\",\"url\":\"https:\/\/prixgro.com\/product\/dermo-purifyer-oil-control-200ml-eucerin\/\",\"name\":\"Dermo Purifyer Oil Control \u2013 200Ml Eucerin - Prixgro\",\"isPartOf\":{\"@id\":\"https:\/\/prixgro.com\/#website\"},\"primaryImageOfPage\":{\"@id\":\"https:\/\/prixgro.com\/product\/dermo-purifyer-oil-control-200ml-eucerin\/#primaryimage\"},\"image\":{\"@id\":\"https:\/\/prixgro.com\/product\/dermo-purifyer-oil-control-200ml-eucerin\/#primaryimage\"},\"thumbnailUrl\":\"https:\/\/prixgro.com\/wp-content\/uploads\/2023\/09\/gel-nettoyant-eucerin-dermo-purifyer-oil-control-200ml.jpg\",\"datePublished\":\"2024-04-09T12:27:19+00:00\",\"dateModified\":\"2024-08-08T11:09:31+00:00\",\"breadcrumb\":{\"@id\":\"https:\/\/prixgro.com\/product\/dermo-purifyer-oil-control-200ml-eucerin\/#breadcrumb\"},\"inLanguage\":\"ar\",\"potentialAction\":[{\"@type\":\"ReadAction\",\"target\":[\"https:\/\/prixgro.com\/product\/dermo-purifyer-oil-control-200ml-eucerin\/\"]}]},{\"@type\":\"ImageObject\",\"inLanguage\":\"ar\",\"@id\":\"https:\/\/prixgro.com\/product\/dermo-purifyer-oil-control-200ml-eucerin\/#primaryimage\",\"url\":\"https:\/\/prixgro.com\/wp-content\/uploads\/2023\/09\/gel-nettoyant-eucerin-dermo-purifyer-oil-control-200ml.jpg\",\"contentUrl\":\"https:\/\/prixgro.com\/wp-content\/uploads\/2023\/09\/gel-nettoyant-eucerin-dermo-purifyer-oil-control-200ml.jpg\",\"width\":458,\"height\":485},{\"@type\":\"BreadcrumbList\",\"@id\":\"https:\/\/prixgro.com\/product\/dermo-purifyer-oil-control-200ml-eucerin\/#breadcrumb\",\"itemListElement\":[{\"@type\":\"ListItem\",\"position\":1,\"name\":\"Accueil\",\"item\":\"https:\/\/prixgro.com\/\"},{\"@type\":\"ListItem\",\"position\":2,\"name\":\"Boutique en ligne\",\"item\":\"https:\/\/prixgro.com\/shop\/\"},{\"@type\":\"ListItem\",\"position\":3,\"name\":\"Dermo Purifyer Oil Control \u2013 200Ml Eucerin\"}]},{\"@type\":\"WebSite\",\"@id\":\"https:\/\/prixgro.com\/#website\",\"url\":\"https:\/\/prixgro.com\/\",\"name\":\"Prixgro.com\",\"description\":\"Para Pharmaceutique et Cosm\u00e9tique\",\"publisher\":{\"@id\":\"https:\/\/prixgro.com\/#organization\"},\"potentialAction\":[{\"@type\":\"SearchAction\",\"target\":{\"@type\":\"EntryPoint\",\"urlTemplate\":\"https:\/\/prixgro.com\/?s={search_term_string}\"},\"query-input\":{\"@type\":\"PropertyValueSpecification\",\"valueRequired\":true,\"valueName\":\"search_term_string\"}}],\"inLanguage\":\"ar\"},{\"@type\":\"Organization\",\"@id\":\"https:\/\/prixgro.com\/#organization\",\"name\":\"Prixgro\",\"url\":\"https:\/\/prixgro.com\/\",\"logo\":{\"@type\":\"ImageObject\",\"inLanguage\":\"ar\",\"@id\":\"https:\/\/prixgro.com\/#\/schema\/logo\/image\/\",\"url\":\"https:\/\/prixgro.com\/wp-content\/uploads\/2024\/08\/cropped-Nouveau-projet-2.png\",\"contentUrl\":\"https:\/\/prixgro.com\/wp-content\/uploads\/2024\/08\/cropped-Nouveau-projet-2.png\",\"width\":265,\"height\":62,\"caption\":\"Prixgro\"},\"image\":{\"@id\":\"https:\/\/prixgro.com\/#\/schema\/logo\/image\/\"},\"sameAs\":[\"https:\/\/www.facebook.com\/Pharmacima\"]}]}<\/script>\n<!-- \/ Yoast SEO plugin. -->","yoast_head_json":{"title":"Dermo Purifyer Oil Control \u2013 200Ml Eucerin - Prixgro","robots":{"index":"index","follow":"follow","max-snippet":"max-snippet:-1","max-image-preview":"max-image-preview:large","max-video-preview":"max-video-preview:-1"},"canonical":"https:\/\/prixgro.com\/ar\/product\/dermo-purifyer-oil-control-200ml-eucerin\/","og_locale":"ar_AR","og_type":"article","og_title":"Dermo Purifyer Oil Control \u2013 200Ml Eucerin - Prixgro","og_description":"DESCRIPTION : Le Gel Nettoyant Eucerin Dermo Purifyer nettoie la peau en douceur et \u00e9limine efficacement l&#8217;exc\u00e8s de s\u00e9bum, tout...","og_url":"https:\/\/prixgro.com\/ar\/product\/dermo-purifyer-oil-control-200ml-eucerin\/","og_site_name":"Prixgro","article_publisher":"https:\/\/www.facebook.com\/Pharmacima","article_modified_time":"2024-08-08T11:09:31+00:00","og_image":[{"width":458,"height":485,"url":"https:\/\/prixgro.com\/wp-content\/uploads\/2023\/09\/gel-nettoyant-eucerin-dermo-purifyer-oil-control-200ml.jpg","type":"image\/jpeg"}],"twitter_card":"summary_large_image","twitter_misc":{"\u0648\u0642\u062a \u0627\u0644\u0642\u0631\u0627\u0621\u0629 \u0627\u0644\u0645\u064f\u0642\u062f\u0651\u0631":"\u062f\u0642\u064a\u0642\u0629 \u0648\u0627\u062d\u062f\u0629"},"schema":{"@context":"https:\/\/schema.org","@graph":[{"@type":"WebPage","@id":"https:\/\/prixgro.com\/product\/dermo-purifyer-oil-control-200ml-eucerin\/","url":"https:\/\/prixgro.com\/product\/dermo-purifyer-oil-control-200ml-eucerin\/","name":"Dermo Purifyer Oil Control \u2013 200Ml Eucerin - Prixgro","isPartOf":{"@id":"https:\/\/prixgro.com\/#website"},"primaryImageOfPage":{"@id":"https:\/\/prixgro.com\/product\/dermo-purifyer-oil-control-200ml-eucerin\/#primaryimage"},"image":{"@id":"https:\/\/prixgro.com\/product\/dermo-purifyer-oil-control-200ml-eucerin\/#primaryimage"},"thumbnailUrl":"https:\/\/prixgro.com\/wp-content\/uploads\/2023\/09\/gel-nettoyant-eucerin-dermo-purifyer-oil-control-200ml.jpg","datePublished":"2024-04-09T12:27:19+00:00","dateModified":"2024-08-08T11:09:31+00:00","breadcrumb":{"@id":"https:\/\/prixgro.com\/product\/dermo-purifyer-oil-control-200ml-eucerin\/#breadcrumb"},"inLanguage":"ar","potentialAction":[{"@type":"ReadAction","target":["https:\/\/prixgro.com\/product\/dermo-purifyer-oil-control-200ml-eucerin\/"]}]},{"@type":"ImageObject","inLanguage":"ar","@id":"https:\/\/prixgro.com\/product\/dermo-purifyer-oil-control-200ml-eucerin\/#primaryimage","url":"https:\/\/prixgro.com\/wp-content\/uploads\/2023\/09\/gel-nettoyant-eucerin-dermo-purifyer-oil-control-200ml.jpg","contentUrl":"https:\/\/prixgro.com\/wp-content\/uploads\/2023\/09\/gel-nettoyant-eucerin-dermo-purifyer-oil-control-200ml.jpg","width":458,"height":485},{"@type":"BreadcrumbList","@id":"https:\/\/prixgro.com\/product\/dermo-purifyer-oil-control-200ml-eucerin\/#breadcrumb","itemListElement":[{"@type":"ListItem","position":1,"name":"Accueil","item":"https:\/\/prixgro.com\/"},{"@type":"ListItem","position":2,"name":"Boutique en ligne","item":"https:\/\/prixgro.com\/shop\/"},{"@type":"ListItem","position":3,"name":"Dermo Purifyer Oil Control \u2013 200Ml Eucerin"}]},{"@type":"WebSite","@id":"https:\/\/prixgro.com\/#website","url":"https:\/\/prixgro.com\/","name":"Prixgro.com","description":"Para Pharmaceutique et Cosm\u00e9tique","publisher":{"@id":"https:\/\/prixgro.com\/#organization"},"potentialAction":[{"@type":"SearchAction","target":{"@type":"EntryPoint","urlTemplate":"https:\/\/prixgro.com\/?s={search_term_string}"},"query-input":{"@type":"PropertyValueSpecification","valueRequired":true,"valueName":"search_term_string"}}],"inLanguage":"ar"},{"@type":"Organization","@id":"https:\/\/prixgro.com\/#organization","name":"Prixgro","url":"https:\/\/prixgro.com\/","logo":{"@type":"ImageObject","inLanguage":"ar","@id":"https:\/\/prixgro.com\/#\/schema\/logo\/image\/","url":"https:\/\/prixgro.com\/wp-content\/uploads\/2024\/08\/cropped-Nouveau-projet-2.png","contentUrl":"https:\/\/prixgro.com\/wp-content\/uploads\/2024\/08\/cropped-Nouveau-projet-2.png","width":265,"height":62,"caption":"Prixgro"},"image":{"@id":"https:\/\/prixgro.com\/#\/schema\/logo\/image\/"},"sameAs":["https:\/\/www.facebook.com\/Pharmacima"]}]}},"_links":{"self":[{"href":"https:\/\/prixgro.com\/ar\/wp-json\/wp\/v2\/product\/141514","targetHints":{"allow":["GET"]}}],"collection":[{"href":"https:\/\/prixgro.com\/ar\/wp-json\/wp\/v2\/product"}],"about":[{"href":"https:\/\/prixgro.com\/ar\/wp-json\/wp\/v2\/types\/product"}],"replies":[{"embeddable":true,"href":"https:\/\/prixgro.com\/ar\/wp-json\/wp\/v2\/comments?post=141514"}],"wp:featuredmedia":[{"embeddable":true,"href":"https:\/\/prixgro.com\/ar\/wp-json\/wp\/v2\/media\/1047"}],"wp:attachment":[{"href":"https:\/\/prixgro.com\/ar\/wp-json\/wp\/v2\/media?parent=141514"}],"wp:term":[{"taxonomy":"product_cat","embeddable":true,"href":"https:\/\/prixgro.com\/ar\/wp-json\/wp\/v2\/product_cat?post=141514"},{"taxonomy":"product_tag","embeddable":true,"href":"https:\/\/prixgro.com\/ar\/wp-json\/wp\/v2\/product_tag?post=141514"},{"taxonomy":"berocket_brand","embeddable":true,"href":"https:\/\/prixgro.com\/ar\/wp-json\/wp\/v2\/berocket_brand?post=141514"}],"curies":[{"name":"wp","href":"https:\/\/api.w.org\/{rel}","templated":true}]}}