{"id":141518,"date":"2024-04-09T14:27:19","date_gmt":"2024-04-09T12:27:19","guid":{"rendered":"https:\/\/cloodmanager.net\/?post_type=product&#038;p=141518"},"modified":"2024-04-09T14:27:23","modified_gmt":"2024-04-09T12:27:23","slug":"dermopure-mat-fluide-matifiant-50-ml-eucerin","status":"publish","type":"product","link":"https:\/\/prixgro.com\/ar\/product\/dermopure-mat-fluide-matifiant-50-ml-eucerin\/","title":{"rendered":"DermoPure Mat fluide matifiant 50 ml Eucerin"},"content":{"rendered":"<h3 class=\"titre_zone_desc\"><strong>DESCRIPTION<\/strong><\/h3>\n<div class=\"content_zone_desc tabcontent\">\n<div id=\"type_info_prio_11_1\">\n<p>Eucerin DermoPure Mat Fluide Matifiant 50 ml parfaitement recommand\u00e9 pour les peaux \u00e0 imperfections, va r\u00e9duire la brillance, les imperfections et apaiser les irritations.<\/p>\n<p>Ce fluide qui offre une bonne tol\u00e9rance cutan\u00e9e et une bonne efficacit\u00e9 sur les peaux sujettes aux imperfections et qui convient aux peaux sensibles contient :<\/p>\n<p>&#8211; l&#8217;acide salicylique qui r\u00e9duit efficacement les imperfections et aide \u00e0 pr\u00e9venir leur r\u00e9apparition gr\u00e2ce \u00e0 son action antibact\u00e9rienne et com\u00e9dolytique.<\/p>\n<p>&#8211; la licochalcone A issue de la r\u00e9glisse calme les irritations et aide \u00e0 r\u00e9duire les rougeurs.<\/p>\n<p>&#8211; la technologie de r\u00e9gulation du s\u00e9bum r\u00e9duit la production de s\u00e9bum.<\/p>\n<p>&#8211; les particules matifiantes assurent un effet anti-brillance pendant 8 heures sans obstruer les pores.<\/p>\n<\/div>\n<\/div>\n<div class=\"titre_zone_desc bloc_depliable_zone_click\">\n<h3><strong>CONSEIL D&#8217;UTILISATION<\/strong><\/h3>\n<div><\/div>\n<div class=\"div_arrow_desc\">Appliquer sur le visage propre et masser.<\/div>\n<\/div>\n<div class=\"content_zone_desc bloc_depliable_cnt cnt_deplie tabcontent\">\n<div id=\"type_info_prio_6_1\">\n<p>Ne pas appliquer chez l&#8217;enfant de moins de 8 ans.<\/p>\n<\/div>\n<div class=\"description_indication\"><span class=\"bold\">Indication<\/span>\u00a0:\u00a0<span id=\"type_info_prio_6_2_1\">R\u00e9duire la brillance, les imperfections et apaiser les irritations. Peaux \u00e0 imperfections.<\/span><\/div>\n<div><\/div>\n<\/div>\n<div><\/div>\n<div>\n<div class=\"titre_zone_desc bloc_depliable_zone_click\">\n<h3><strong>COMPOSITION<\/strong><\/h3>\n<\/div>\n<div class=\"content_zone_desc bloc_depliable_cnt tabcontent cnt_deplie\">\n<div class=\"longcompo\">\n<p>Aqua, Tapioca Starch, Glycerin, Dimethicone, Cetearyl Alcohol, Salicylic Acid, Carnitine, Decylene Glycol, Glycyrrhiza Inflata Root Extract, Peg-150 Distearate, Ammonium Acryloyldimethyltaurate\/VP Copolymer, Sodium Stearoyl Glutamate, Acrylates\/C10-30 Alkyl Acrylate Crosspolymer, Xanthan Gum, Hydroxyethylcellulose, Trisodium Edta, Sodium Hydroxide, Sodium Chloride, Phenoxyethanol, Parfum.<\/p>\n<\/div>\n<\/div>\n<\/div>\n<div class=\"col-lg-4 col-md-3 hidden-sm hidden-xs\"><\/div>","protected":false},"excerpt":{"rendered":"<div class=\"subtitle\">R\u00e9duit les imperfections &#8211; Anti-brillance 8h<\/div>\n<div class=\"attributes\">\n<ul>\n<li><span class=\"attribute-title\">Texture<\/span>\u00a0: Fluide<\/li>\n<\/ul>\n<\/div>","protected":false},"featured_media":1051,"comment_status":"open","ping_status":"closed","template":"","meta":[],"product_cat":[17,36],"product_tag":[],"berocket_brand":[],"class_list":{"0":"post-141518","1":"product","2":"type-product","3":"status-publish","4":"has-post-thumbnail","6":"product_cat-soin-et-bien-etre","7":"product_cat-visage-soin-et-bien-etre","9":"first","10":"outofstock","11":"shipping-taxable","12":"purchasable","13":"product-type-simple"},"yoast_head":"<!-- This site is optimized with the Yoast SEO plugin v24.8 - https:\/\/yoast.com\/wordpress\/plugins\/seo\/ -->\n<title>DermoPure Mat fluide matifiant 50 ml Eucerin - Prixgro<\/title>\n<meta name=\"robots\" content=\"index, follow, max-snippet:-1, max-image-preview:large, max-video-preview:-1\" \/>\n<link rel=\"canonical\" href=\"https:\/\/prixgro.com\/ar\/product\/dermopure-mat-fluide-matifiant-50-ml-eucerin\/\" \/>\n<meta property=\"og:locale\" content=\"ar_AR\" \/>\n<meta property=\"og:type\" content=\"article\" \/>\n<meta property=\"og:title\" content=\"DermoPure Mat fluide matifiant 50 ml Eucerin - Prixgro\" \/>\n<meta property=\"og:description\" content=\"R\u00e9duit les imperfections - Anti-brillance 8hTexture\u00a0: Fluide\" \/>\n<meta property=\"og:url\" content=\"https:\/\/prixgro.com\/ar\/product\/dermopure-mat-fluide-matifiant-50-ml-eucerin\/\" \/>\n<meta property=\"og:site_name\" content=\"Prixgro\" \/>\n<meta property=\"article:publisher\" content=\"https:\/\/www.facebook.com\/Pharmacima\" \/>\n<meta property=\"article:modified_time\" content=\"2024-04-09T12:27:23+00:00\" \/>\n<meta property=\"og:image\" content=\"https:\/\/prixgro.com\/wp-content\/uploads\/2023\/09\/eucerin-dermopure-mat-fluide-matifiant-peaux-a-imperfections-50ml-e1610385086726.jpg\" \/>\n\t<meta property=\"og:image:width\" content=\"350\" \/>\n\t<meta property=\"og:image:height\" content=\"350\" \/>\n\t<meta property=\"og:image:type\" content=\"image\/jpeg\" \/>\n<meta name=\"twitter:card\" content=\"summary_large_image\" \/>\n<meta name=\"twitter:label1\" content=\"\u0648\u0642\u062a \u0627\u0644\u0642\u0631\u0627\u0621\u0629 \u0627\u0644\u0645\u064f\u0642\u062f\u0651\u0631\" \/>\n\t<meta name=\"twitter:data1\" content=\"\u062f\u0642\u064a\u0642\u0629 \u0648\u0627\u062d\u062f\u0629\" \/>\n<script type=\"application\/ld+json\" class=\"yoast-schema-graph\">{\"@context\":\"https:\/\/schema.org\",\"@graph\":[{\"@type\":\"WebPage\",\"@id\":\"https:\/\/prixgro.com\/product\/dermopure-mat-fluide-matifiant-50-ml-eucerin\/\",\"url\":\"https:\/\/prixgro.com\/product\/dermopure-mat-fluide-matifiant-50-ml-eucerin\/\",\"name\":\"DermoPure Mat fluide matifiant 50 ml Eucerin - Prixgro\",\"isPartOf\":{\"@id\":\"https:\/\/prixgro.com\/#website\"},\"primaryImageOfPage\":{\"@id\":\"https:\/\/prixgro.com\/product\/dermopure-mat-fluide-matifiant-50-ml-eucerin\/#primaryimage\"},\"image\":{\"@id\":\"https:\/\/prixgro.com\/product\/dermopure-mat-fluide-matifiant-50-ml-eucerin\/#primaryimage\"},\"thumbnailUrl\":\"https:\/\/prixgro.com\/wp-content\/uploads\/2023\/09\/eucerin-dermopure-mat-fluide-matifiant-peaux-a-imperfections-50ml-e1610385086726.jpg\",\"datePublished\":\"2024-04-09T12:27:19+00:00\",\"dateModified\":\"2024-04-09T12:27:23+00:00\",\"breadcrumb\":{\"@id\":\"https:\/\/prixgro.com\/product\/dermopure-mat-fluide-matifiant-50-ml-eucerin\/#breadcrumb\"},\"inLanguage\":\"ar\",\"potentialAction\":[{\"@type\":\"ReadAction\",\"target\":[\"https:\/\/prixgro.com\/product\/dermopure-mat-fluide-matifiant-50-ml-eucerin\/\"]}]},{\"@type\":\"ImageObject\",\"inLanguage\":\"ar\",\"@id\":\"https:\/\/prixgro.com\/product\/dermopure-mat-fluide-matifiant-50-ml-eucerin\/#primaryimage\",\"url\":\"https:\/\/prixgro.com\/wp-content\/uploads\/2023\/09\/eucerin-dermopure-mat-fluide-matifiant-peaux-a-imperfections-50ml-e1610385086726.jpg\",\"contentUrl\":\"https:\/\/prixgro.com\/wp-content\/uploads\/2023\/09\/eucerin-dermopure-mat-fluide-matifiant-peaux-a-imperfections-50ml-e1610385086726.jpg\",\"width\":350,\"height\":350},{\"@type\":\"BreadcrumbList\",\"@id\":\"https:\/\/prixgro.com\/product\/dermopure-mat-fluide-matifiant-50-ml-eucerin\/#breadcrumb\",\"itemListElement\":[{\"@type\":\"ListItem\",\"position\":1,\"name\":\"Accueil\",\"item\":\"https:\/\/prixgro.com\/\"},{\"@type\":\"ListItem\",\"position\":2,\"name\":\"Boutique en ligne\",\"item\":\"https:\/\/prixgro.com\/shop\/\"},{\"@type\":\"ListItem\",\"position\":3,\"name\":\"DermoPure Mat fluide matifiant 50 ml Eucerin\"}]},{\"@type\":\"WebSite\",\"@id\":\"https:\/\/prixgro.com\/#website\",\"url\":\"https:\/\/prixgro.com\/\",\"name\":\"Prixgro.com\",\"description\":\"Para Pharmaceutique et Cosm\u00e9tique\",\"publisher\":{\"@id\":\"https:\/\/prixgro.com\/#organization\"},\"potentialAction\":[{\"@type\":\"SearchAction\",\"target\":{\"@type\":\"EntryPoint\",\"urlTemplate\":\"https:\/\/prixgro.com\/?s={search_term_string}\"},\"query-input\":{\"@type\":\"PropertyValueSpecification\",\"valueRequired\":true,\"valueName\":\"search_term_string\"}}],\"inLanguage\":\"ar\"},{\"@type\":\"Organization\",\"@id\":\"https:\/\/prixgro.com\/#organization\",\"name\":\"Prixgro\",\"url\":\"https:\/\/prixgro.com\/\",\"logo\":{\"@type\":\"ImageObject\",\"inLanguage\":\"ar\",\"@id\":\"https:\/\/prixgro.com\/#\/schema\/logo\/image\/\",\"url\":\"https:\/\/prixgro.com\/wp-content\/uploads\/2024\/08\/cropped-Nouveau-projet-2.png\",\"contentUrl\":\"https:\/\/prixgro.com\/wp-content\/uploads\/2024\/08\/cropped-Nouveau-projet-2.png\",\"width\":265,\"height\":62,\"caption\":\"Prixgro\"},\"image\":{\"@id\":\"https:\/\/prixgro.com\/#\/schema\/logo\/image\/\"},\"sameAs\":[\"https:\/\/www.facebook.com\/Pharmacima\"]}]}<\/script>\n<!-- \/ Yoast SEO plugin. -->","yoast_head_json":{"title":"DermoPure Mat fluide matifiant 50 ml Eucerin - Prixgro","robots":{"index":"index","follow":"follow","max-snippet":"max-snippet:-1","max-image-preview":"max-image-preview:large","max-video-preview":"max-video-preview:-1"},"canonical":"https:\/\/prixgro.com\/ar\/product\/dermopure-mat-fluide-matifiant-50-ml-eucerin\/","og_locale":"ar_AR","og_type":"article","og_title":"DermoPure Mat fluide matifiant 50 ml Eucerin - Prixgro","og_description":"R\u00e9duit les imperfections - Anti-brillance 8hTexture\u00a0: Fluide","og_url":"https:\/\/prixgro.com\/ar\/product\/dermopure-mat-fluide-matifiant-50-ml-eucerin\/","og_site_name":"Prixgro","article_publisher":"https:\/\/www.facebook.com\/Pharmacima","article_modified_time":"2024-04-09T12:27:23+00:00","og_image":[{"width":350,"height":350,"url":"https:\/\/prixgro.com\/wp-content\/uploads\/2023\/09\/eucerin-dermopure-mat-fluide-matifiant-peaux-a-imperfections-50ml-e1610385086726.jpg","type":"image\/jpeg"}],"twitter_card":"summary_large_image","twitter_misc":{"\u0648\u0642\u062a \u0627\u0644\u0642\u0631\u0627\u0621\u0629 \u0627\u0644\u0645\u064f\u0642\u062f\u0651\u0631":"\u062f\u0642\u064a\u0642\u0629 \u0648\u0627\u062d\u062f\u0629"},"schema":{"@context":"https:\/\/schema.org","@graph":[{"@type":"WebPage","@id":"https:\/\/prixgro.com\/product\/dermopure-mat-fluide-matifiant-50-ml-eucerin\/","url":"https:\/\/prixgro.com\/product\/dermopure-mat-fluide-matifiant-50-ml-eucerin\/","name":"DermoPure Mat fluide matifiant 50 ml Eucerin - Prixgro","isPartOf":{"@id":"https:\/\/prixgro.com\/#website"},"primaryImageOfPage":{"@id":"https:\/\/prixgro.com\/product\/dermopure-mat-fluide-matifiant-50-ml-eucerin\/#primaryimage"},"image":{"@id":"https:\/\/prixgro.com\/product\/dermopure-mat-fluide-matifiant-50-ml-eucerin\/#primaryimage"},"thumbnailUrl":"https:\/\/prixgro.com\/wp-content\/uploads\/2023\/09\/eucerin-dermopure-mat-fluide-matifiant-peaux-a-imperfections-50ml-e1610385086726.jpg","datePublished":"2024-04-09T12:27:19+00:00","dateModified":"2024-04-09T12:27:23+00:00","breadcrumb":{"@id":"https:\/\/prixgro.com\/product\/dermopure-mat-fluide-matifiant-50-ml-eucerin\/#breadcrumb"},"inLanguage":"ar","potentialAction":[{"@type":"ReadAction","target":["https:\/\/prixgro.com\/product\/dermopure-mat-fluide-matifiant-50-ml-eucerin\/"]}]},{"@type":"ImageObject","inLanguage":"ar","@id":"https:\/\/prixgro.com\/product\/dermopure-mat-fluide-matifiant-50-ml-eucerin\/#primaryimage","url":"https:\/\/prixgro.com\/wp-content\/uploads\/2023\/09\/eucerin-dermopure-mat-fluide-matifiant-peaux-a-imperfections-50ml-e1610385086726.jpg","contentUrl":"https:\/\/prixgro.com\/wp-content\/uploads\/2023\/09\/eucerin-dermopure-mat-fluide-matifiant-peaux-a-imperfections-50ml-e1610385086726.jpg","width":350,"height":350},{"@type":"BreadcrumbList","@id":"https:\/\/prixgro.com\/product\/dermopure-mat-fluide-matifiant-50-ml-eucerin\/#breadcrumb","itemListElement":[{"@type":"ListItem","position":1,"name":"Accueil","item":"https:\/\/prixgro.com\/"},{"@type":"ListItem","position":2,"name":"Boutique en ligne","item":"https:\/\/prixgro.com\/shop\/"},{"@type":"ListItem","position":3,"name":"DermoPure Mat fluide matifiant 50 ml Eucerin"}]},{"@type":"WebSite","@id":"https:\/\/prixgro.com\/#website","url":"https:\/\/prixgro.com\/","name":"Prixgro.com","description":"Para Pharmaceutique et Cosm\u00e9tique","publisher":{"@id":"https:\/\/prixgro.com\/#organization"},"potentialAction":[{"@type":"SearchAction","target":{"@type":"EntryPoint","urlTemplate":"https:\/\/prixgro.com\/?s={search_term_string}"},"query-input":{"@type":"PropertyValueSpecification","valueRequired":true,"valueName":"search_term_string"}}],"inLanguage":"ar"},{"@type":"Organization","@id":"https:\/\/prixgro.com\/#organization","name":"Prixgro","url":"https:\/\/prixgro.com\/","logo":{"@type":"ImageObject","inLanguage":"ar","@id":"https:\/\/prixgro.com\/#\/schema\/logo\/image\/","url":"https:\/\/prixgro.com\/wp-content\/uploads\/2024\/08\/cropped-Nouveau-projet-2.png","contentUrl":"https:\/\/prixgro.com\/wp-content\/uploads\/2024\/08\/cropped-Nouveau-projet-2.png","width":265,"height":62,"caption":"Prixgro"},"image":{"@id":"https:\/\/prixgro.com\/#\/schema\/logo\/image\/"},"sameAs":["https:\/\/www.facebook.com\/Pharmacima"]}]}},"_links":{"self":[{"href":"https:\/\/prixgro.com\/ar\/wp-json\/wp\/v2\/product\/141518","targetHints":{"allow":["GET"]}}],"collection":[{"href":"https:\/\/prixgro.com\/ar\/wp-json\/wp\/v2\/product"}],"about":[{"href":"https:\/\/prixgro.com\/ar\/wp-json\/wp\/v2\/types\/product"}],"replies":[{"embeddable":true,"href":"https:\/\/prixgro.com\/ar\/wp-json\/wp\/v2\/comments?post=141518"}],"wp:featuredmedia":[{"embeddable":true,"href":"https:\/\/prixgro.com\/ar\/wp-json\/wp\/v2\/media\/1051"}],"wp:attachment":[{"href":"https:\/\/prixgro.com\/ar\/wp-json\/wp\/v2\/media?parent=141518"}],"wp:term":[{"taxonomy":"product_cat","embeddable":true,"href":"https:\/\/prixgro.com\/ar\/wp-json\/wp\/v2\/product_cat?post=141518"},{"taxonomy":"product_tag","embeddable":true,"href":"https:\/\/prixgro.com\/ar\/wp-json\/wp\/v2\/product_tag?post=141518"},{"taxonomy":"berocket_brand","embeddable":true,"href":"https:\/\/prixgro.com\/ar\/wp-json\/wp\/v2\/berocket_brand?post=141518"}],"curies":[{"name":"wp","href":"https:\/\/api.w.org\/{rel}","templated":true}]}}