{"id":141526,"date":"2024-04-09T14:27:20","date_gmt":"2024-04-09T12:27:20","guid":{"rendered":"https:\/\/cloodmanager.net\/?post_type=product&#038;p=141526"},"modified":"2024-04-09T14:27:25","modified_gmt":"2024-04-09T12:27:25","slug":"hyaluron-filler-cc-cream-spf-15-50ml-eucerin","status":"publish","type":"product","link":"https:\/\/prixgro.com\/ar\/product\/hyaluron-filler-cc-cream-spf-15-50ml-eucerin\/","title":{"rendered":"Hyaluron-Filler CC Cream SPF 15 50ml Eucerin"},"content":{"rendered":"<h3><strong>DESCRIPTION<\/strong><\/h3>\n<p>EUCERIN HYALURON-FILLER CC Cream ne se contente pas d&#8217;uniformiser le teint, elle offre \u00e9galement un soin anti-rides efficace.<\/p>\n<p>Soin anti-rides :<br \/>La formule associe de l&#8217;acide hyaluronique de haut et de faible poids mol\u00e9culaire, pour agir \u00e0 la source de la formation des rides, et de la glycine saponine, un ingr\u00e9dient bio-actif, qui stimule la production naturelle d&#8217;acide hyaluronique de la peau.<br \/>La protection anti-UVB (SPF 15) et anti-UVA pr\u00e9vient de mani\u00e8re efficace le vieillissement cutan\u00e9 pr\u00e9matur\u00e9 caus\u00e9 par les rayons UV. La peau est visiblement plus lisse.<\/p>\n<p>Correction du teint :<br \/>Les pigments color\u00e9s\u00e0 dominante beige dor\u00e9e offrent un teint plus homog\u00e8ne en corrigeant instantan\u00e9ment l&#8217;apparence de la peau.<br \/>La couvrance est homog\u00e8ne, sans marques, et constitue une excellente base de maquillage avant l&#8217;application de fond de teint (si une couvrance suppl\u00e9mentaire est n\u00e9cessaire) ou d&#8217;autres produits de make-up.<\/p>\n<p>EUCERIN HYALURON-FILLER CC Cream a une texture non grasse qui fond sur la peau et elle peut \u00eatre utilis\u00e9e en remplacement ou en compl\u00e9ment de votre soin hydratant habituel.<br \/>Des tests cliniques et dermatologiques ont d\u00e9montr\u00e9 qu&#8217;elle convient \u00e0 tous les types de peau.<\/p>\n<h3><strong>CONSEILS D&#8217;UTILISATION<\/strong><\/h3>\n<p>Appliquez sur le visage bien nettoy\u00e9 en \u00e9talant d\u00e9licatement sur la peau de mani\u00e8re homog\u00e8ne.<br \/>Peut \u00eatre utilis\u00e9e seule ou apr\u00e8s votre soin habituel, selon votre type de peau<\/p>","protected":false},"excerpt":{"rendered":"<p><\/p>","protected":false},"featured_media":1059,"comment_status":"open","ping_status":"closed","template":"","meta":[],"product_cat":[17,36],"product_tag":[],"berocket_brand":[],"class_list":{"0":"post-141526","1":"product","2":"type-product","3":"status-publish","4":"has-post-thumbnail","6":"product_cat-soin-et-bien-etre","7":"product_cat-visage-soin-et-bien-etre","9":"first","10":"outofstock","11":"shipping-taxable","12":"purchasable","13":"product-type-simple"},"yoast_head":"<!-- This site is optimized with the Yoast SEO plugin v24.8 - https:\/\/yoast.com\/wordpress\/plugins\/seo\/ -->\n<title>Hyaluron-Filler CC Cream SPF 15 50ml Eucerin - Prixgro<\/title>\n<meta name=\"robots\" content=\"index, follow, max-snippet:-1, max-image-preview:large, max-video-preview:-1\" \/>\n<link rel=\"canonical\" href=\"https:\/\/prixgro.com\/ar\/product\/hyaluron-filler-cc-cream-spf-15-50ml-eucerin\/\" \/>\n<meta property=\"og:locale\" content=\"ar_AR\" \/>\n<meta property=\"og:type\" content=\"article\" \/>\n<meta property=\"og:title\" content=\"Hyaluron-Filler CC Cream SPF 15 50ml Eucerin - Prixgro\" \/>\n<meta property=\"og:url\" content=\"https:\/\/prixgro.com\/ar\/product\/hyaluron-filler-cc-cream-spf-15-50ml-eucerin\/\" \/>\n<meta property=\"og:site_name\" content=\"Prixgro\" \/>\n<meta property=\"article:publisher\" content=\"https:\/\/www.facebook.com\/Pharmacima\" \/>\n<meta property=\"article:modified_time\" content=\"2024-04-09T12:27:25+00:00\" \/>\n<meta property=\"og:image\" content=\"https:\/\/prixgro.com\/wp-content\/uploads\/2023\/09\/eucerin_hyaluron-filler_cc_cr_me_light_50ml.png\" \/>\n\t<meta property=\"og:image:width\" content=\"768\" \/>\n\t<meta property=\"og:image:height\" content=\"768\" \/>\n\t<meta property=\"og:image:type\" content=\"image\/png\" \/>\n<meta name=\"twitter:card\" content=\"summary_large_image\" \/>\n<meta name=\"twitter:label1\" content=\"\u0648\u0642\u062a \u0627\u0644\u0642\u0631\u0627\u0621\u0629 \u0627\u0644\u0645\u064f\u0642\u062f\u0651\u0631\" \/>\n\t<meta name=\"twitter:data1\" content=\"\u062f\u0642\u064a\u0642\u0629 \u0648\u0627\u062d\u062f\u0629\" \/>\n<script type=\"application\/ld+json\" class=\"yoast-schema-graph\">{\"@context\":\"https:\/\/schema.org\",\"@graph\":[{\"@type\":\"WebPage\",\"@id\":\"https:\/\/prixgro.com\/product\/hyaluron-filler-cc-cream-spf-15-50ml-eucerin\/\",\"url\":\"https:\/\/prixgro.com\/product\/hyaluron-filler-cc-cream-spf-15-50ml-eucerin\/\",\"name\":\"Hyaluron-Filler CC Cream SPF 15 50ml Eucerin - Prixgro\",\"isPartOf\":{\"@id\":\"https:\/\/prixgro.com\/#website\"},\"primaryImageOfPage\":{\"@id\":\"https:\/\/prixgro.com\/product\/hyaluron-filler-cc-cream-spf-15-50ml-eucerin\/#primaryimage\"},\"image\":{\"@id\":\"https:\/\/prixgro.com\/product\/hyaluron-filler-cc-cream-spf-15-50ml-eucerin\/#primaryimage\"},\"thumbnailUrl\":\"https:\/\/prixgro.com\/wp-content\/uploads\/2023\/09\/eucerin_hyaluron-filler_cc_cr_me_light_50ml.png\",\"datePublished\":\"2024-04-09T12:27:20+00:00\",\"dateModified\":\"2024-04-09T12:27:25+00:00\",\"breadcrumb\":{\"@id\":\"https:\/\/prixgro.com\/product\/hyaluron-filler-cc-cream-spf-15-50ml-eucerin\/#breadcrumb\"},\"inLanguage\":\"ar\",\"potentialAction\":[{\"@type\":\"ReadAction\",\"target\":[\"https:\/\/prixgro.com\/product\/hyaluron-filler-cc-cream-spf-15-50ml-eucerin\/\"]}]},{\"@type\":\"ImageObject\",\"inLanguage\":\"ar\",\"@id\":\"https:\/\/prixgro.com\/product\/hyaluron-filler-cc-cream-spf-15-50ml-eucerin\/#primaryimage\",\"url\":\"https:\/\/prixgro.com\/wp-content\/uploads\/2023\/09\/eucerin_hyaluron-filler_cc_cr_me_light_50ml.png\",\"contentUrl\":\"https:\/\/prixgro.com\/wp-content\/uploads\/2023\/09\/eucerin_hyaluron-filler_cc_cr_me_light_50ml.png\",\"width\":768,\"height\":768},{\"@type\":\"BreadcrumbList\",\"@id\":\"https:\/\/prixgro.com\/product\/hyaluron-filler-cc-cream-spf-15-50ml-eucerin\/#breadcrumb\",\"itemListElement\":[{\"@type\":\"ListItem\",\"position\":1,\"name\":\"Accueil\",\"item\":\"https:\/\/prixgro.com\/\"},{\"@type\":\"ListItem\",\"position\":2,\"name\":\"Boutique en ligne\",\"item\":\"https:\/\/prixgro.com\/shop\/\"},{\"@type\":\"ListItem\",\"position\":3,\"name\":\"Hyaluron-Filler CC Cream SPF 15 50ml Eucerin\"}]},{\"@type\":\"WebSite\",\"@id\":\"https:\/\/prixgro.com\/#website\",\"url\":\"https:\/\/prixgro.com\/\",\"name\":\"Prixgro.com\",\"description\":\"Para Pharmaceutique et Cosm\u00e9tique\",\"publisher\":{\"@id\":\"https:\/\/prixgro.com\/#organization\"},\"potentialAction\":[{\"@type\":\"SearchAction\",\"target\":{\"@type\":\"EntryPoint\",\"urlTemplate\":\"https:\/\/prixgro.com\/?s={search_term_string}\"},\"query-input\":{\"@type\":\"PropertyValueSpecification\",\"valueRequired\":true,\"valueName\":\"search_term_string\"}}],\"inLanguage\":\"ar\"},{\"@type\":\"Organization\",\"@id\":\"https:\/\/prixgro.com\/#organization\",\"name\":\"Prixgro\",\"url\":\"https:\/\/prixgro.com\/\",\"logo\":{\"@type\":\"ImageObject\",\"inLanguage\":\"ar\",\"@id\":\"https:\/\/prixgro.com\/#\/schema\/logo\/image\/\",\"url\":\"https:\/\/prixgro.com\/wp-content\/uploads\/2024\/08\/cropped-Nouveau-projet-2.png\",\"contentUrl\":\"https:\/\/prixgro.com\/wp-content\/uploads\/2024\/08\/cropped-Nouveau-projet-2.png\",\"width\":265,\"height\":62,\"caption\":\"Prixgro\"},\"image\":{\"@id\":\"https:\/\/prixgro.com\/#\/schema\/logo\/image\/\"},\"sameAs\":[\"https:\/\/www.facebook.com\/Pharmacima\"]}]}<\/script>\n<!-- \/ Yoast SEO plugin. -->","yoast_head_json":{"title":"Hyaluron-Filler CC Cream SPF 15 50ml Eucerin - Prixgro","robots":{"index":"index","follow":"follow","max-snippet":"max-snippet:-1","max-image-preview":"max-image-preview:large","max-video-preview":"max-video-preview:-1"},"canonical":"https:\/\/prixgro.com\/ar\/product\/hyaluron-filler-cc-cream-spf-15-50ml-eucerin\/","og_locale":"ar_AR","og_type":"article","og_title":"Hyaluron-Filler CC Cream SPF 15 50ml Eucerin - Prixgro","og_url":"https:\/\/prixgro.com\/ar\/product\/hyaluron-filler-cc-cream-spf-15-50ml-eucerin\/","og_site_name":"Prixgro","article_publisher":"https:\/\/www.facebook.com\/Pharmacima","article_modified_time":"2024-04-09T12:27:25+00:00","og_image":[{"width":768,"height":768,"url":"https:\/\/prixgro.com\/wp-content\/uploads\/2023\/09\/eucerin_hyaluron-filler_cc_cr_me_light_50ml.png","type":"image\/png"}],"twitter_card":"summary_large_image","twitter_misc":{"\u0648\u0642\u062a \u0627\u0644\u0642\u0631\u0627\u0621\u0629 \u0627\u0644\u0645\u064f\u0642\u062f\u0651\u0631":"\u062f\u0642\u064a\u0642\u0629 \u0648\u0627\u062d\u062f\u0629"},"schema":{"@context":"https:\/\/schema.org","@graph":[{"@type":"WebPage","@id":"https:\/\/prixgro.com\/product\/hyaluron-filler-cc-cream-spf-15-50ml-eucerin\/","url":"https:\/\/prixgro.com\/product\/hyaluron-filler-cc-cream-spf-15-50ml-eucerin\/","name":"Hyaluron-Filler CC Cream SPF 15 50ml Eucerin - Prixgro","isPartOf":{"@id":"https:\/\/prixgro.com\/#website"},"primaryImageOfPage":{"@id":"https:\/\/prixgro.com\/product\/hyaluron-filler-cc-cream-spf-15-50ml-eucerin\/#primaryimage"},"image":{"@id":"https:\/\/prixgro.com\/product\/hyaluron-filler-cc-cream-spf-15-50ml-eucerin\/#primaryimage"},"thumbnailUrl":"https:\/\/prixgro.com\/wp-content\/uploads\/2023\/09\/eucerin_hyaluron-filler_cc_cr_me_light_50ml.png","datePublished":"2024-04-09T12:27:20+00:00","dateModified":"2024-04-09T12:27:25+00:00","breadcrumb":{"@id":"https:\/\/prixgro.com\/product\/hyaluron-filler-cc-cream-spf-15-50ml-eucerin\/#breadcrumb"},"inLanguage":"ar","potentialAction":[{"@type":"ReadAction","target":["https:\/\/prixgro.com\/product\/hyaluron-filler-cc-cream-spf-15-50ml-eucerin\/"]}]},{"@type":"ImageObject","inLanguage":"ar","@id":"https:\/\/prixgro.com\/product\/hyaluron-filler-cc-cream-spf-15-50ml-eucerin\/#primaryimage","url":"https:\/\/prixgro.com\/wp-content\/uploads\/2023\/09\/eucerin_hyaluron-filler_cc_cr_me_light_50ml.png","contentUrl":"https:\/\/prixgro.com\/wp-content\/uploads\/2023\/09\/eucerin_hyaluron-filler_cc_cr_me_light_50ml.png","width":768,"height":768},{"@type":"BreadcrumbList","@id":"https:\/\/prixgro.com\/product\/hyaluron-filler-cc-cream-spf-15-50ml-eucerin\/#breadcrumb","itemListElement":[{"@type":"ListItem","position":1,"name":"Accueil","item":"https:\/\/prixgro.com\/"},{"@type":"ListItem","position":2,"name":"Boutique en ligne","item":"https:\/\/prixgro.com\/shop\/"},{"@type":"ListItem","position":3,"name":"Hyaluron-Filler CC Cream SPF 15 50ml Eucerin"}]},{"@type":"WebSite","@id":"https:\/\/prixgro.com\/#website","url":"https:\/\/prixgro.com\/","name":"Prixgro.com","description":"Para Pharmaceutique et Cosm\u00e9tique","publisher":{"@id":"https:\/\/prixgro.com\/#organization"},"potentialAction":[{"@type":"SearchAction","target":{"@type":"EntryPoint","urlTemplate":"https:\/\/prixgro.com\/?s={search_term_string}"},"query-input":{"@type":"PropertyValueSpecification","valueRequired":true,"valueName":"search_term_string"}}],"inLanguage":"ar"},{"@type":"Organization","@id":"https:\/\/prixgro.com\/#organization","name":"Prixgro","url":"https:\/\/prixgro.com\/","logo":{"@type":"ImageObject","inLanguage":"ar","@id":"https:\/\/prixgro.com\/#\/schema\/logo\/image\/","url":"https:\/\/prixgro.com\/wp-content\/uploads\/2024\/08\/cropped-Nouveau-projet-2.png","contentUrl":"https:\/\/prixgro.com\/wp-content\/uploads\/2024\/08\/cropped-Nouveau-projet-2.png","width":265,"height":62,"caption":"Prixgro"},"image":{"@id":"https:\/\/prixgro.com\/#\/schema\/logo\/image\/"},"sameAs":["https:\/\/www.facebook.com\/Pharmacima"]}]}},"_links":{"self":[{"href":"https:\/\/prixgro.com\/ar\/wp-json\/wp\/v2\/product\/141526","targetHints":{"allow":["GET"]}}],"collection":[{"href":"https:\/\/prixgro.com\/ar\/wp-json\/wp\/v2\/product"}],"about":[{"href":"https:\/\/prixgro.com\/ar\/wp-json\/wp\/v2\/types\/product"}],"replies":[{"embeddable":true,"href":"https:\/\/prixgro.com\/ar\/wp-json\/wp\/v2\/comments?post=141526"}],"wp:featuredmedia":[{"embeddable":true,"href":"https:\/\/prixgro.com\/ar\/wp-json\/wp\/v2\/media\/1059"}],"wp:attachment":[{"href":"https:\/\/prixgro.com\/ar\/wp-json\/wp\/v2\/media?parent=141526"}],"wp:term":[{"taxonomy":"product_cat","embeddable":true,"href":"https:\/\/prixgro.com\/ar\/wp-json\/wp\/v2\/product_cat?post=141526"},{"taxonomy":"product_tag","embeddable":true,"href":"https:\/\/prixgro.com\/ar\/wp-json\/wp\/v2\/product_tag?post=141526"},{"taxonomy":"berocket_brand","embeddable":true,"href":"https:\/\/prixgro.com\/ar\/wp-json\/wp\/v2\/berocket_brand?post=141526"}],"curies":[{"name":"wp","href":"https:\/\/api.w.org\/{rel}","templated":true}]}}