{"id":141528,"date":"2024-04-09T14:27:20","date_gmt":"2024-04-09T12:27:20","guid":{"rendered":"https:\/\/cloodmanager.net\/?post_type=product&#038;p=141528"},"modified":"2024-04-09T14:27:26","modified_gmt":"2024-04-09T12:27:26","slug":"eucerin-hyaluron-filler-elasticity-soin-de-nuit","status":"publish","type":"product","link":"https:\/\/prixgro.com\/ar\/product\/eucerin-hyaluron-filler-elasticity-soin-de-nuit\/","title":{"rendered":"EUCERIN HYALURON-FILLER + ELASTICITY Soin de Nuit"},"content":{"rendered":"<h3><strong>DESCRIPTION <\/strong><\/h3>\n<p>Renforce la structure de la peau en am\u00e9liorant son \u00e9lasticit\u00e9 et en comblant les rides, m\u00eame profondes.<br \/>Sa formule unique et innovante fournit de multiples b\u00e9n\u00e9fices anti-\u00e2ge gr\u00e2ce \u00e0 la pr\u00e9sence d&#8217;ingr\u00e9dients actifs minutieusement choisis. Apr\u00e8s utilisation, la peau est plus ferme, elle est visiblement plus fra\u00eeche et \u00e9clatante, et les rides sont combl\u00e9es.<\/p>\n<p>La formule contient de l&#8217;Arctiine (un ingr\u00e9dient actif qui acc\u00e9l\u00e8re le renouvellement du collag\u00e8ne dans les cellules de la peau), qui fonctionne en combinaison avec la Silymarine (un antioxydant puissant qui prot\u00e8ge le collag\u00e8ne et l&#8217;\u00e9lastine de leur d\u00e9gradation et am\u00e9liore la circulation de la peau au niveau cellulaire).<br \/>La formule contient \u00e9galement de l&#8217;Acide Hyaluronique de bas et de haut poids mol\u00e9culaire afin de combler visiblement les rides.<br \/>Ce soin contient \u00e9galement une protection anti-UVB (SPF15) et une protection anti-UVA pour pr\u00e9venir des dommages pouvant \u00eatre caus\u00e9s par les rayons solaires, comme le creusement des rides profondes ou l&#8217;acc\u00e9l\u00e9ration des processus de vieillissement cutan\u00e9.<\/p>\n<h3><strong>Conseils d&#8217;utilisation<\/strong><\/h3>\n<p>Appliquer le soir sur le visage, le cou et le d\u00e9collet\u00e9, apr\u00e8s les avoir bien nettoy\u00e9s. Masser doucement pour faire p\u00e9n\u00e9trer dans la peau. \u00c9viter tout contact avec les yeux.<\/p>","protected":false},"excerpt":{"rendered":"<p>&#8211; peaux matures<\/p>","protected":false},"featured_media":1061,"comment_status":"open","ping_status":"closed","template":"","meta":[],"product_cat":[17,36],"product_tag":[],"berocket_brand":[],"class_list":{"0":"post-141528","1":"product","2":"type-product","3":"status-publish","4":"has-post-thumbnail","6":"product_cat-soin-et-bien-etre","7":"product_cat-visage-soin-et-bien-etre","9":"first","10":"outofstock","11":"shipping-taxable","12":"purchasable","13":"product-type-simple"},"yoast_head":"<!-- This site is optimized with the Yoast SEO plugin v24.8 - https:\/\/yoast.com\/wordpress\/plugins\/seo\/ -->\n<title>EUCERIN HYALURON-FILLER + ELASTICITY Soin de Nuit - Prixgro<\/title>\n<meta name=\"robots\" content=\"index, follow, max-snippet:-1, max-image-preview:large, max-video-preview:-1\" \/>\n<link rel=\"canonical\" href=\"https:\/\/prixgro.com\/ar\/product\/eucerin-hyaluron-filler-elasticity-soin-de-nuit\/\" \/>\n<meta property=\"og:locale\" content=\"ar_AR\" \/>\n<meta property=\"og:type\" content=\"article\" \/>\n<meta property=\"og:title\" content=\"EUCERIN HYALURON-FILLER + ELASTICITY Soin de Nuit - Prixgro\" \/>\n<meta property=\"og:description\" content=\"- peaux matures\" \/>\n<meta property=\"og:url\" content=\"https:\/\/prixgro.com\/ar\/product\/eucerin-hyaluron-filler-elasticity-soin-de-nuit\/\" \/>\n<meta property=\"og:site_name\" content=\"Prixgro\" \/>\n<meta property=\"article:publisher\" content=\"https:\/\/www.facebook.com\/Pharmacima\" \/>\n<meta property=\"article:modified_time\" content=\"2024-04-09T12:27:26+00:00\" \/>\n<meta property=\"og:image\" content=\"https:\/\/prixgro.com\/wp-content\/uploads\/2023\/09\/telechargement-2.jpg\" \/>\n\t<meta property=\"og:image:width\" content=\"242\" \/>\n\t<meta property=\"og:image:height\" content=\"208\" \/>\n\t<meta property=\"og:image:type\" content=\"image\/jpeg\" \/>\n<meta name=\"twitter:card\" content=\"summary_large_image\" \/>\n<meta name=\"twitter:label1\" content=\"\u0648\u0642\u062a \u0627\u0644\u0642\u0631\u0627\u0621\u0629 \u0627\u0644\u0645\u064f\u0642\u062f\u0651\u0631\" \/>\n\t<meta name=\"twitter:data1\" content=\"\u062f\u0642\u064a\u0642\u0629 \u0648\u0627\u062d\u062f\u0629\" \/>\n<script type=\"application\/ld+json\" class=\"yoast-schema-graph\">{\"@context\":\"https:\/\/schema.org\",\"@graph\":[{\"@type\":\"WebPage\",\"@id\":\"https:\/\/prixgro.com\/product\/eucerin-hyaluron-filler-elasticity-soin-de-nuit\/\",\"url\":\"https:\/\/prixgro.com\/product\/eucerin-hyaluron-filler-elasticity-soin-de-nuit\/\",\"name\":\"EUCERIN HYALURON-FILLER + ELASTICITY Soin de Nuit - Prixgro\",\"isPartOf\":{\"@id\":\"https:\/\/prixgro.com\/#website\"},\"primaryImageOfPage\":{\"@id\":\"https:\/\/prixgro.com\/product\/eucerin-hyaluron-filler-elasticity-soin-de-nuit\/#primaryimage\"},\"image\":{\"@id\":\"https:\/\/prixgro.com\/product\/eucerin-hyaluron-filler-elasticity-soin-de-nuit\/#primaryimage\"},\"thumbnailUrl\":\"https:\/\/prixgro.com\/wp-content\/uploads\/2023\/09\/telechargement-2.jpg\",\"datePublished\":\"2024-04-09T12:27:20+00:00\",\"dateModified\":\"2024-04-09T12:27:26+00:00\",\"breadcrumb\":{\"@id\":\"https:\/\/prixgro.com\/product\/eucerin-hyaluron-filler-elasticity-soin-de-nuit\/#breadcrumb\"},\"inLanguage\":\"ar\",\"potentialAction\":[{\"@type\":\"ReadAction\",\"target\":[\"https:\/\/prixgro.com\/product\/eucerin-hyaluron-filler-elasticity-soin-de-nuit\/\"]}]},{\"@type\":\"ImageObject\",\"inLanguage\":\"ar\",\"@id\":\"https:\/\/prixgro.com\/product\/eucerin-hyaluron-filler-elasticity-soin-de-nuit\/#primaryimage\",\"url\":\"https:\/\/prixgro.com\/wp-content\/uploads\/2023\/09\/telechargement-2.jpg\",\"contentUrl\":\"https:\/\/prixgro.com\/wp-content\/uploads\/2023\/09\/telechargement-2.jpg\",\"width\":242,\"height\":208},{\"@type\":\"BreadcrumbList\",\"@id\":\"https:\/\/prixgro.com\/product\/eucerin-hyaluron-filler-elasticity-soin-de-nuit\/#breadcrumb\",\"itemListElement\":[{\"@type\":\"ListItem\",\"position\":1,\"name\":\"Accueil\",\"item\":\"https:\/\/prixgro.com\/\"},{\"@type\":\"ListItem\",\"position\":2,\"name\":\"Boutique en ligne\",\"item\":\"https:\/\/prixgro.com\/shop\/\"},{\"@type\":\"ListItem\",\"position\":3,\"name\":\"EUCERIN HYALURON-FILLER + ELASTICITY Soin de Nuit\"}]},{\"@type\":\"WebSite\",\"@id\":\"https:\/\/prixgro.com\/#website\",\"url\":\"https:\/\/prixgro.com\/\",\"name\":\"Prixgro.com\",\"description\":\"Para Pharmaceutique et Cosm\u00e9tique\",\"publisher\":{\"@id\":\"https:\/\/prixgro.com\/#organization\"},\"potentialAction\":[{\"@type\":\"SearchAction\",\"target\":{\"@type\":\"EntryPoint\",\"urlTemplate\":\"https:\/\/prixgro.com\/?s={search_term_string}\"},\"query-input\":{\"@type\":\"PropertyValueSpecification\",\"valueRequired\":true,\"valueName\":\"search_term_string\"}}],\"inLanguage\":\"ar\"},{\"@type\":\"Organization\",\"@id\":\"https:\/\/prixgro.com\/#organization\",\"name\":\"Prixgro\",\"url\":\"https:\/\/prixgro.com\/\",\"logo\":{\"@type\":\"ImageObject\",\"inLanguage\":\"ar\",\"@id\":\"https:\/\/prixgro.com\/#\/schema\/logo\/image\/\",\"url\":\"https:\/\/prixgro.com\/wp-content\/uploads\/2024\/08\/cropped-Nouveau-projet-2.png\",\"contentUrl\":\"https:\/\/prixgro.com\/wp-content\/uploads\/2024\/08\/cropped-Nouveau-projet-2.png\",\"width\":265,\"height\":62,\"caption\":\"Prixgro\"},\"image\":{\"@id\":\"https:\/\/prixgro.com\/#\/schema\/logo\/image\/\"},\"sameAs\":[\"https:\/\/www.facebook.com\/Pharmacima\"]}]}<\/script>\n<!-- \/ Yoast SEO plugin. -->","yoast_head_json":{"title":"EUCERIN HYALURON-FILLER + ELASTICITY Soin de Nuit - Prixgro","robots":{"index":"index","follow":"follow","max-snippet":"max-snippet:-1","max-image-preview":"max-image-preview:large","max-video-preview":"max-video-preview:-1"},"canonical":"https:\/\/prixgro.com\/ar\/product\/eucerin-hyaluron-filler-elasticity-soin-de-nuit\/","og_locale":"ar_AR","og_type":"article","og_title":"EUCERIN HYALURON-FILLER + ELASTICITY Soin de Nuit - Prixgro","og_description":"- peaux matures","og_url":"https:\/\/prixgro.com\/ar\/product\/eucerin-hyaluron-filler-elasticity-soin-de-nuit\/","og_site_name":"Prixgro","article_publisher":"https:\/\/www.facebook.com\/Pharmacima","article_modified_time":"2024-04-09T12:27:26+00:00","og_image":[{"width":242,"height":208,"url":"https:\/\/prixgro.com\/wp-content\/uploads\/2023\/09\/telechargement-2.jpg","type":"image\/jpeg"}],"twitter_card":"summary_large_image","twitter_misc":{"\u0648\u0642\u062a \u0627\u0644\u0642\u0631\u0627\u0621\u0629 \u0627\u0644\u0645\u064f\u0642\u062f\u0651\u0631":"\u062f\u0642\u064a\u0642\u0629 \u0648\u0627\u062d\u062f\u0629"},"schema":{"@context":"https:\/\/schema.org","@graph":[{"@type":"WebPage","@id":"https:\/\/prixgro.com\/product\/eucerin-hyaluron-filler-elasticity-soin-de-nuit\/","url":"https:\/\/prixgro.com\/product\/eucerin-hyaluron-filler-elasticity-soin-de-nuit\/","name":"EUCERIN HYALURON-FILLER + ELASTICITY Soin de Nuit - Prixgro","isPartOf":{"@id":"https:\/\/prixgro.com\/#website"},"primaryImageOfPage":{"@id":"https:\/\/prixgro.com\/product\/eucerin-hyaluron-filler-elasticity-soin-de-nuit\/#primaryimage"},"image":{"@id":"https:\/\/prixgro.com\/product\/eucerin-hyaluron-filler-elasticity-soin-de-nuit\/#primaryimage"},"thumbnailUrl":"https:\/\/prixgro.com\/wp-content\/uploads\/2023\/09\/telechargement-2.jpg","datePublished":"2024-04-09T12:27:20+00:00","dateModified":"2024-04-09T12:27:26+00:00","breadcrumb":{"@id":"https:\/\/prixgro.com\/product\/eucerin-hyaluron-filler-elasticity-soin-de-nuit\/#breadcrumb"},"inLanguage":"ar","potentialAction":[{"@type":"ReadAction","target":["https:\/\/prixgro.com\/product\/eucerin-hyaluron-filler-elasticity-soin-de-nuit\/"]}]},{"@type":"ImageObject","inLanguage":"ar","@id":"https:\/\/prixgro.com\/product\/eucerin-hyaluron-filler-elasticity-soin-de-nuit\/#primaryimage","url":"https:\/\/prixgro.com\/wp-content\/uploads\/2023\/09\/telechargement-2.jpg","contentUrl":"https:\/\/prixgro.com\/wp-content\/uploads\/2023\/09\/telechargement-2.jpg","width":242,"height":208},{"@type":"BreadcrumbList","@id":"https:\/\/prixgro.com\/product\/eucerin-hyaluron-filler-elasticity-soin-de-nuit\/#breadcrumb","itemListElement":[{"@type":"ListItem","position":1,"name":"Accueil","item":"https:\/\/prixgro.com\/"},{"@type":"ListItem","position":2,"name":"Boutique en ligne","item":"https:\/\/prixgro.com\/shop\/"},{"@type":"ListItem","position":3,"name":"EUCERIN HYALURON-FILLER + ELASTICITY Soin de Nuit"}]},{"@type":"WebSite","@id":"https:\/\/prixgro.com\/#website","url":"https:\/\/prixgro.com\/","name":"Prixgro.com","description":"Para Pharmaceutique et Cosm\u00e9tique","publisher":{"@id":"https:\/\/prixgro.com\/#organization"},"potentialAction":[{"@type":"SearchAction","target":{"@type":"EntryPoint","urlTemplate":"https:\/\/prixgro.com\/?s={search_term_string}"},"query-input":{"@type":"PropertyValueSpecification","valueRequired":true,"valueName":"search_term_string"}}],"inLanguage":"ar"},{"@type":"Organization","@id":"https:\/\/prixgro.com\/#organization","name":"Prixgro","url":"https:\/\/prixgro.com\/","logo":{"@type":"ImageObject","inLanguage":"ar","@id":"https:\/\/prixgro.com\/#\/schema\/logo\/image\/","url":"https:\/\/prixgro.com\/wp-content\/uploads\/2024\/08\/cropped-Nouveau-projet-2.png","contentUrl":"https:\/\/prixgro.com\/wp-content\/uploads\/2024\/08\/cropped-Nouveau-projet-2.png","width":265,"height":62,"caption":"Prixgro"},"image":{"@id":"https:\/\/prixgro.com\/#\/schema\/logo\/image\/"},"sameAs":["https:\/\/www.facebook.com\/Pharmacima"]}]}},"_links":{"self":[{"href":"https:\/\/prixgro.com\/ar\/wp-json\/wp\/v2\/product\/141528","targetHints":{"allow":["GET"]}}],"collection":[{"href":"https:\/\/prixgro.com\/ar\/wp-json\/wp\/v2\/product"}],"about":[{"href":"https:\/\/prixgro.com\/ar\/wp-json\/wp\/v2\/types\/product"}],"replies":[{"embeddable":true,"href":"https:\/\/prixgro.com\/ar\/wp-json\/wp\/v2\/comments?post=141528"}],"wp:featuredmedia":[{"embeddable":true,"href":"https:\/\/prixgro.com\/ar\/wp-json\/wp\/v2\/media\/1061"}],"wp:attachment":[{"href":"https:\/\/prixgro.com\/ar\/wp-json\/wp\/v2\/media?parent=141528"}],"wp:term":[{"taxonomy":"product_cat","embeddable":true,"href":"https:\/\/prixgro.com\/ar\/wp-json\/wp\/v2\/product_cat?post=141528"},{"taxonomy":"product_tag","embeddable":true,"href":"https:\/\/prixgro.com\/ar\/wp-json\/wp\/v2\/product_tag?post=141528"},{"taxonomy":"berocket_brand","embeddable":true,"href":"https:\/\/prixgro.com\/ar\/wp-json\/wp\/v2\/berocket_brand?post=141528"}],"curies":[{"name":"wp","href":"https:\/\/api.w.org\/{rel}","templated":true}]}}