{"id":141536,"date":"2024-04-09T14:27:28","date_gmt":"2024-04-09T12:27:28","guid":{"rendered":"https:\/\/cloodmanager.net\/?post_type=product&#038;p=141536"},"modified":"2024-08-08T13:09:58","modified_gmt":"2024-08-08T11:09:58","slug":"urea-repair-creme-pieds-10-duree-100ml-eucerin","status":"publish","type":"product","link":"https:\/\/prixgro.com\/ar\/product\/urea-repair-creme-pieds-10-duree-100ml-eucerin\/","title":{"rendered":"Urea Repair Cr\u00e8me Pieds 10% D\u2019Ur\u00e9e 100ml Eucerin"},"content":{"rendered":"<h2><strong>DESCRIPTION : <\/strong><\/h2>\n<p>La <span style=\"box-sizing: border-box;font-weight: bold\" data-mce-style=\"box-sizing: border-box; font-weight: bold;\">cr\u00e8me pour pieds 10 %<\/span>\u00a0d\u2019Ur\u00e9e d\u2019Eucerin est efficace contre la\u00a0<span style=\"box-sizing: border-box;font-weight: bold\" data-mce-style=\"box-sizing: border-box; font-weight: bold;\">s\u00e9cheresse<\/span>\u00a0de la peau et pour soulager les\u00a0<span style=\"box-sizing: border-box;font-weight: bold\" data-mce-style=\"box-sizing: border-box; font-weight: bold;\">irritations<\/span>.<br style=\"box-sizing: border-box\" data-mce-style=\"box-sizing: border-box;\">D\u00e9couvrez\u00a0<span style=\"box-sizing: border-box;font-weight: bold\" data-mce-style=\"box-sizing: border-box; font-weight: bold;\">Eucerin UreaRepair PLUS Cr\u00e8me Pieds 10% d\u2019Ur\u00e9e<\/span><br style=\"box-sizing: border-box\" data-mce-style=\"box-sizing: border-box;\">Eucerin UreaRepair PLUS Cr\u00e8me Pieds 10% d\u2019Ur\u00e9e permet d\u2019apaiser efficacement les sensations de\u00a0<span style=\"box-sizing: border-box;font-weight: bold\" data-mce-style=\"box-sizing: border-box; font-weight: bold;\">tiraillement<\/span>\u00a0et de\u00a0<span style=\"box-sizing: border-box;font-weight: bold\" data-mce-style=\"box-sizing: border-box; font-weight: bold;\">picotement<\/span>\u00a0en adoucissant durablement\u00a0<span style=\"box-sizing: border-box;font-weight: bold\" data-mce-style=\"box-sizing: border-box; font-weight: bold;\">la peau des pieds<\/span>.<br style=\"box-sizing: border-box\" data-mce-style=\"box-sizing: border-box;\">Sans parfum, cette\u00a0<span style=\"box-sizing: border-box;font-weight: bold\" data-mce-style=\"box-sizing: border-box; font-weight: bold;\">cr\u00e8me<\/span>\u00a0permet de prendre soin des\u00a0<span style=\"box-sizing: border-box;font-weight: bold\" data-mce-style=\"box-sizing: border-box; font-weight: bold;\">peaux<\/span>\u00a0<span style=\"box-sizing: border-box;font-weight: bold\" data-mce-style=\"box-sizing: border-box; font-weight: bold;\">s\u00e8ches<\/span>\u00a0\u00e0\u00a0<span style=\"box-sizing: border-box;font-weight: bold\" data-mce-style=\"box-sizing: border-box; font-weight: bold;\">extr\u00eamement s\u00e8ches<\/span>\u00a0en hydratant et en apaisant les pieds.<br style=\"box-sizing: border-box\" data-mce-style=\"box-sizing: border-box;\">Cette cr\u00e8me hydrate notamment les talons fendill\u00e9s pour laisser la\u00a0<span style=\"box-sizing: border-box;font-weight: bold\" data-mce-style=\"box-sizing: border-box; font-weight: bold;\">peau douce et souple<\/span>, sans irritation.<\/p>\n<p>Cette cr\u00e8me contient de<span style=\"box-sizing: border-box;font-weight: bold\" data-mce-style=\"box-sizing: border-box; font-weight: bold;\">\u00a0l\u2019ur\u00e9e et du lactate<\/span>.<br style=\"box-sizing: border-box\" data-mce-style=\"box-sizing: border-box;\">Elle permet :<br style=\"box-sizing: border-box\" data-mce-style=\"box-sizing: border-box;\">\u25cf Une<span style=\"box-sizing: border-box;font-weight: bold\" data-mce-style=\"box-sizing: border-box; font-weight: bold;\">\u00a0bonne hydratation<\/span>\u00a0m\u00eame sur les peaux tr\u00e8s s\u00e8ches et ab\u00eem\u00e9es<br style=\"box-sizing: border-box\" data-mce-style=\"box-sizing: border-box;\">\u25cf Un bon traitement contre la\u00a0<span style=\"box-sizing: border-box;font-weight: bold\" data-mce-style=\"box-sizing: border-box; font-weight: bold;\">s\u00e9cheresse<\/span>\u00a0<span style=\"box-sizing: border-box;font-weight: bold\" data-mce-style=\"box-sizing: border-box; font-weight: bold;\">cutan\u00e9e<\/span>\u00a0et lutte contre l\u2019inconfort<br style=\"box-sizing: border-box\" data-mce-style=\"box-sizing: border-box;\">\u25cf Une meilleure souplesse de la\u00a0<span style=\"box-sizing: border-box;font-weight: bold\" data-mce-style=\"box-sizing: border-box; font-weight: bold;\">peau<\/span>\u00a0<span style=\"box-sizing: border-box;font-weight: bold\" data-mce-style=\"box-sizing: border-box; font-weight: bold;\">des pieds<\/span>\u00a0apportant confort et douceur<\/p>\n<p>Ce flacon de 100 ml am\u00e9liore visiblement, et pour longtemps, l\u2019\u00e9tat de la peau des pieds.<br style=\"box-sizing: border-box\" data-mce-style=\"box-sizing: border-box;\">Cette cr\u00e8me pr\u00e9vient de la desquamation, des durillons et des callosit\u00e9s.<br style=\"box-sizing: border-box\" data-mce-style=\"box-sizing: border-box;\">Ses propri\u00e9t\u00e9s hydratantes permettent aux pieds d\u2019\u00eatre plus doux et d\u2019\u00e9liminer les sensations d\u00e9sagr\u00e9ables au toucher.<\/p>\n<h2 class=\"tabs-title\"><span style=\"box-sizing: border-box;font-weight: bold\" data-mce-style=\"box-sizing: border-box; font-weight: bold;\">CONSEIL D&#8217;UTILISATION :<\/span><\/h2>\n<div class=\"std new-std\">\n<p style=\"box-sizing: border-box;margin-bottom: 1.7em;margin-top: 0px\" data-mce-style=\"box-sizing: border-box; margin-bottom: 1.7em; margin-top: 0px;\">Cette<span style=\"box-sizing: border-box;font-weight: bold\" data-mce-style=\"box-sizing: border-box; font-weight: bold;\">\u00a0cr\u00e8me pour pieds 10 % d\u2019Ur\u00e9e<\/span>\u00a0est \u00e0 appliquer\u00a0<span style=\"box-sizing: border-box;font-weight: bold\" data-mce-style=\"box-sizing: border-box; font-weight: bold;\">deux fois par jour<\/span>\u00a0si la peau des pieds est s\u00e8che ou tr\u00e8s s\u00e8che.<br style=\"box-sizing: border-box\" data-mce-style=\"box-sizing: border-box;\">Vous pouvez appliquer la cr\u00e8me pendant plusieurs semaines jusqu\u2019\u00e0 ce que la peau soit douce, sans craquelure.<\/p>\n<p style=\"box-sizing: border-box;margin-bottom: 1.7em;margin-top: 0px\" data-mce-style=\"box-sizing: border-box; margin-bottom: 1.7em; margin-top: 0px;\">Avant application de la cr\u00e8me, il faut s\u2019assurer que les\u00a0<span style=\"box-sizing: border-box;font-weight: bold\" data-mce-style=\"box-sizing: border-box; font-weight: bold;\">pieds<\/span>\u00a0soient correctement\u00a0<span style=\"box-sizing: border-box;font-weight: bold\" data-mce-style=\"box-sizing: border-box; font-weight: bold;\">nettoy\u00e9s<\/span>\u00a0et\u00a0<span style=\"box-sizing: border-box;font-weight: bold\" data-mce-style=\"box-sizing: border-box; font-weight: bold;\">secs<\/span>.<br style=\"box-sizing: border-box\" data-mce-style=\"box-sizing: border-box;\">Pour une meilleure p\u00e9n\u00e9tration, il faut masser d\u00e9licatement une petite portion de cr\u00e8me sur les pieds en insistant particuli\u00e8rement sur les\u00a0<span style=\"box-sizing: border-box;font-weight: bold\" data-mce-style=\"box-sizing: border-box; font-weight: bold;\">talons<\/span>.<br style=\"box-sizing: border-box\" data-mce-style=\"box-sizing: border-box;\">Ce produit est \u00e0 appliquer\u00a0<span style=\"box-sizing: border-box;font-weight: bold\" data-mce-style=\"box-sizing: border-box; font-weight: bold;\">matin<\/span>\u00a0<span style=\"box-sizing: border-box;font-weight: bold\" data-mce-style=\"box-sizing: border-box; font-weight: bold;\">et<\/span>\u00a0<span style=\"box-sizing: border-box;font-weight: bold\" data-mce-style=\"box-sizing: border-box; font-weight: bold;\">soir<\/span>\u00a0pour un meilleur r\u00e9sultat.<br style=\"box-sizing: border-box\" data-mce-style=\"box-sizing: border-box;\">Gr\u00e2ce \u00e0 ses propri\u00e9t\u00e9s hydratantes pour\u00a0<span style=\"box-sizing: border-box;font-weight: bold\" data-mce-style=\"box-sizing: border-box; font-weight: bold;\">peau tr\u00e8s s\u00e8che<\/span>, les\u00a0<span style=\"box-sizing: border-box;font-weight: bold\" data-mce-style=\"box-sizing: border-box; font-weight: bold;\">talons<\/span>\u00a0et les\u00a0<span style=\"box-sizing: border-box;font-weight: bold\" data-mce-style=\"box-sizing: border-box; font-weight: bold;\">points de friction des pieds<\/span>\u00a0sont r\u00e9par\u00e9s au bout de quelques semaines.<\/p>\n<p style=\"box-sizing: border-box;margin-bottom: 1.7em;margin-top: 0px\" data-mce-style=\"box-sizing: border-box; margin-bottom: 1.7em; margin-top: 0px;\">La cr\u00e8me UreaRepair PLUS pour pieds 10% d\u2019Ur\u00e9e est id\u00e9ale pour hydrater les pieds secs ou tr\u00e8s secs aux<span style=\"box-sizing: border-box;font-weight: bold\" data-mce-style=\"box-sizing: border-box; font-weight: bold;\">\u00a0talons rugueux, craquel\u00e9s ou fendill\u00e9s<\/span>\u00a0et \u00e9radiquer les sensations d\u00e9sagr\u00e9ables au toucher.<\/p>\n<h2 class=\"tabs-title\" style=\"box-sizing: border-box;margin-bottom: 1.7em;margin-top: 0px\" data-mce-style=\"box-sizing: border-box; margin-bottom: 1.7em; margin-top: 0px;\"><span style=\"box-sizing: border-box;font-weight: bold\" data-mce-style=\"box-sizing: border-box; font-weight: bold;\">COMPOSITION :<\/span><\/h2>\n<div class=\"std new-std\" style=\"box-sizing: border-box\" data-mce-style=\"box-sizing: border-box;\">\n<p style=\"box-sizing: border-box;margin-bottom: 1.7em;margin-top: 0px\" data-mce-style=\"box-sizing: border-box; margin-bottom: 1.7em; margin-top: 0px;\">La\u00a0liste\u00a0des\u00a0ingr\u00e9dients\u00a0peut\u00a0\u00eatre\u00a0soumise\u00a0\u00e0\u00a0des\u00a0variations,\u00a0nous\u00a0vous\u00a0conseillons\u00a0de\u00a0toujours\u00a0v\u00e9rifier\u00a0la\u00a0liste\u00a0figurant\u00a0sur\u00a0le\u00a0produit\u00a0achet\u00e9.<\/p>\n<p style=\"box-sizing: border-box;margin-bottom: 1.7em;margin-top: 0px\" data-mce-style=\"box-sizing: border-box; margin-bottom: 1.7em; margin-top: 0px;\">Formule INCI : Aqua, Urea, Glycerin, Cetearyl Alcohol, Caprylic Capric Triglyceride, Glyceryl Caprate, Ethylhexyl Cocoate, Hydrogenated Coco-Glycerides, Octyldodecanol, Sodium Lactate, Glyceryl Stearate SE, Distarch Phosphate, Ceramide NP, Lactic Acid, Arginine HCL, Sodium PCA, Cholesterol, Helianthus Annuus Seed Oil, Alanine, Carnitine, Glycine, Sodium Chloride, Dimethicone, Carbomer, Sorbitan Stearate,Sodium Cetearyl Sulfate, Phenoxyethanol.<\/p>\n<p style=\"box-sizing: border-box;margin-bottom: 1.7em;margin-top: 0px\" data-mce-style=\"box-sizing: border-box; margin-bottom: 1.7em; margin-top: 0px;\"><em style=\"box-sizing: border-box\" data-mce-style=\"box-sizing: border-box;\">La liste des ingr\u00e9dients peut \u00eatre soumise \u00e0 des variations, nous vous conseillons de toujours v\u00e9rifier la liste figurant sur le produit achet\u00e9.<\/em><\/p>\n<\/div>\n<\/div>","protected":false},"excerpt":{"rendered":"<h3><em><strong>Une peau plus douce et un confort am\u00e9lior\u00e9 d\u00e8s la premi\u00e8re utilisation.<\/strong><\/em><\/h3>\n<p>100ml.<\/p>","protected":false},"featured_media":1096,"comment_status":"open","ping_status":"closed","template":"","meta":[],"product_cat":[158,17],"product_tag":[],"berocket_brand":[],"class_list":{"0":"post-141536","1":"product","2":"type-product","3":"status-publish","4":"has-post-thumbnail","6":"product_cat-pieds","7":"product_cat-soin-et-bien-etre","9":"first","10":"outofstock","11":"shipping-taxable","12":"purchasable","13":"product-type-simple"},"yoast_head":"<!-- This site is optimized with the Yoast SEO plugin v24.8 - https:\/\/yoast.com\/wordpress\/plugins\/seo\/ -->\n<title>Urea Repair Cr\u00e8me Pieds 10% D\u2019Ur\u00e9e 100ml Eucerin - Prixgro<\/title>\n<meta name=\"robots\" content=\"index, follow, max-snippet:-1, max-image-preview:large, max-video-preview:-1\" \/>\n<link rel=\"canonical\" href=\"https:\/\/prixgro.com\/ar\/product\/urea-repair-creme-pieds-10-duree-100ml-eucerin\/\" \/>\n<meta property=\"og:locale\" content=\"ar_AR\" \/>\n<meta property=\"og:type\" content=\"article\" \/>\n<meta property=\"og:title\" content=\"Urea Repair Cr\u00e8me Pieds 10% D\u2019Ur\u00e9e 100ml Eucerin - Prixgro\" \/>\n<meta property=\"og:description\" content=\"Une peau plus douce et un confort am\u00e9lior\u00e9 d\u00e8s la premi\u00e8re utilisation.100ml.\" \/>\n<meta property=\"og:url\" content=\"https:\/\/prixgro.com\/ar\/product\/urea-repair-creme-pieds-10-duree-100ml-eucerin\/\" \/>\n<meta property=\"og:site_name\" content=\"Prixgro\" \/>\n<meta property=\"article:publisher\" content=\"https:\/\/www.facebook.com\/Pharmacima\" \/>\n<meta property=\"article:modified_time\" content=\"2024-08-08T11:09:58+00:00\" \/>\n<meta property=\"og:image\" content=\"https:\/\/prixgro.com\/wp-content\/uploads\/2023\/09\/Urea-Repair-Creme-Pieds-Reparatrice-10-Uree-100ml-Eucerin.jpg\" \/>\n\t<meta property=\"og:image:width\" content=\"500\" \/>\n\t<meta property=\"og:image:height\" content=\"500\" \/>\n\t<meta property=\"og:image:type\" content=\"image\/jpeg\" \/>\n<meta name=\"twitter:card\" content=\"summary_large_image\" \/>\n<meta name=\"twitter:label1\" content=\"\u0648\u0642\u062a \u0627\u0644\u0642\u0631\u0627\u0621\u0629 \u0627\u0644\u0645\u064f\u0642\u062f\u0651\u0631\" \/>\n\t<meta name=\"twitter:data1\" content=\"\u062f\u0642\u064a\u0642\u062a\u0627\u0646\" \/>\n<script type=\"application\/ld+json\" class=\"yoast-schema-graph\">{\"@context\":\"https:\/\/schema.org\",\"@graph\":[{\"@type\":\"WebPage\",\"@id\":\"https:\/\/prixgro.com\/product\/urea-repair-creme-pieds-10-duree-100ml-eucerin\/\",\"url\":\"https:\/\/prixgro.com\/product\/urea-repair-creme-pieds-10-duree-100ml-eucerin\/\",\"name\":\"Urea Repair Cr\u00e8me Pieds 10% D\u2019Ur\u00e9e 100ml Eucerin - Prixgro\",\"isPartOf\":{\"@id\":\"https:\/\/prixgro.com\/#website\"},\"primaryImageOfPage\":{\"@id\":\"https:\/\/prixgro.com\/product\/urea-repair-creme-pieds-10-duree-100ml-eucerin\/#primaryimage\"},\"image\":{\"@id\":\"https:\/\/prixgro.com\/product\/urea-repair-creme-pieds-10-duree-100ml-eucerin\/#primaryimage\"},\"thumbnailUrl\":\"https:\/\/prixgro.com\/wp-content\/uploads\/2023\/09\/Urea-Repair-Creme-Pieds-Reparatrice-10-Uree-100ml-Eucerin.jpg\",\"datePublished\":\"2024-04-09T12:27:28+00:00\",\"dateModified\":\"2024-08-08T11:09:58+00:00\",\"breadcrumb\":{\"@id\":\"https:\/\/prixgro.com\/product\/urea-repair-creme-pieds-10-duree-100ml-eucerin\/#breadcrumb\"},\"inLanguage\":\"ar\",\"potentialAction\":[{\"@type\":\"ReadAction\",\"target\":[\"https:\/\/prixgro.com\/product\/urea-repair-creme-pieds-10-duree-100ml-eucerin\/\"]}]},{\"@type\":\"ImageObject\",\"inLanguage\":\"ar\",\"@id\":\"https:\/\/prixgro.com\/product\/urea-repair-creme-pieds-10-duree-100ml-eucerin\/#primaryimage\",\"url\":\"https:\/\/prixgro.com\/wp-content\/uploads\/2023\/09\/Urea-Repair-Creme-Pieds-Reparatrice-10-Uree-100ml-Eucerin.jpg\",\"contentUrl\":\"https:\/\/prixgro.com\/wp-content\/uploads\/2023\/09\/Urea-Repair-Creme-Pieds-Reparatrice-10-Uree-100ml-Eucerin.jpg\",\"width\":500,\"height\":500},{\"@type\":\"BreadcrumbList\",\"@id\":\"https:\/\/prixgro.com\/product\/urea-repair-creme-pieds-10-duree-100ml-eucerin\/#breadcrumb\",\"itemListElement\":[{\"@type\":\"ListItem\",\"position\":1,\"name\":\"Accueil\",\"item\":\"https:\/\/prixgro.com\/\"},{\"@type\":\"ListItem\",\"position\":2,\"name\":\"Boutique en ligne\",\"item\":\"https:\/\/prixgro.com\/shop\/\"},{\"@type\":\"ListItem\",\"position\":3,\"name\":\"Urea Repair Cr\u00e8me Pieds 10% D\u2019Ur\u00e9e 100ml Eucerin\"}]},{\"@type\":\"WebSite\",\"@id\":\"https:\/\/prixgro.com\/#website\",\"url\":\"https:\/\/prixgro.com\/\",\"name\":\"Prixgro.com\",\"description\":\"Para Pharmaceutique et Cosm\u00e9tique\",\"publisher\":{\"@id\":\"https:\/\/prixgro.com\/#organization\"},\"potentialAction\":[{\"@type\":\"SearchAction\",\"target\":{\"@type\":\"EntryPoint\",\"urlTemplate\":\"https:\/\/prixgro.com\/?s={search_term_string}\"},\"query-input\":{\"@type\":\"PropertyValueSpecification\",\"valueRequired\":true,\"valueName\":\"search_term_string\"}}],\"inLanguage\":\"ar\"},{\"@type\":\"Organization\",\"@id\":\"https:\/\/prixgro.com\/#organization\",\"name\":\"Prixgro\",\"url\":\"https:\/\/prixgro.com\/\",\"logo\":{\"@type\":\"ImageObject\",\"inLanguage\":\"ar\",\"@id\":\"https:\/\/prixgro.com\/#\/schema\/logo\/image\/\",\"url\":\"https:\/\/prixgro.com\/wp-content\/uploads\/2024\/08\/cropped-Nouveau-projet-2.png\",\"contentUrl\":\"https:\/\/prixgro.com\/wp-content\/uploads\/2024\/08\/cropped-Nouveau-projet-2.png\",\"width\":265,\"height\":62,\"caption\":\"Prixgro\"},\"image\":{\"@id\":\"https:\/\/prixgro.com\/#\/schema\/logo\/image\/\"},\"sameAs\":[\"https:\/\/www.facebook.com\/Pharmacima\"]}]}<\/script>\n<!-- \/ Yoast SEO plugin. -->","yoast_head_json":{"title":"Urea Repair Cr\u00e8me Pieds 10% D\u2019Ur\u00e9e 100ml Eucerin - Prixgro","robots":{"index":"index","follow":"follow","max-snippet":"max-snippet:-1","max-image-preview":"max-image-preview:large","max-video-preview":"max-video-preview:-1"},"canonical":"https:\/\/prixgro.com\/ar\/product\/urea-repair-creme-pieds-10-duree-100ml-eucerin\/","og_locale":"ar_AR","og_type":"article","og_title":"Urea Repair Cr\u00e8me Pieds 10% D\u2019Ur\u00e9e 100ml Eucerin - Prixgro","og_description":"Une peau plus douce et un confort am\u00e9lior\u00e9 d\u00e8s la premi\u00e8re utilisation.100ml.","og_url":"https:\/\/prixgro.com\/ar\/product\/urea-repair-creme-pieds-10-duree-100ml-eucerin\/","og_site_name":"Prixgro","article_publisher":"https:\/\/www.facebook.com\/Pharmacima","article_modified_time":"2024-08-08T11:09:58+00:00","og_image":[{"width":500,"height":500,"url":"https:\/\/prixgro.com\/wp-content\/uploads\/2023\/09\/Urea-Repair-Creme-Pieds-Reparatrice-10-Uree-100ml-Eucerin.jpg","type":"image\/jpeg"}],"twitter_card":"summary_large_image","twitter_misc":{"\u0648\u0642\u062a \u0627\u0644\u0642\u0631\u0627\u0621\u0629 \u0627\u0644\u0645\u064f\u0642\u062f\u0651\u0631":"\u062f\u0642\u064a\u0642\u062a\u0627\u0646"},"schema":{"@context":"https:\/\/schema.org","@graph":[{"@type":"WebPage","@id":"https:\/\/prixgro.com\/product\/urea-repair-creme-pieds-10-duree-100ml-eucerin\/","url":"https:\/\/prixgro.com\/product\/urea-repair-creme-pieds-10-duree-100ml-eucerin\/","name":"Urea Repair Cr\u00e8me Pieds 10% D\u2019Ur\u00e9e 100ml Eucerin - Prixgro","isPartOf":{"@id":"https:\/\/prixgro.com\/#website"},"primaryImageOfPage":{"@id":"https:\/\/prixgro.com\/product\/urea-repair-creme-pieds-10-duree-100ml-eucerin\/#primaryimage"},"image":{"@id":"https:\/\/prixgro.com\/product\/urea-repair-creme-pieds-10-duree-100ml-eucerin\/#primaryimage"},"thumbnailUrl":"https:\/\/prixgro.com\/wp-content\/uploads\/2023\/09\/Urea-Repair-Creme-Pieds-Reparatrice-10-Uree-100ml-Eucerin.jpg","datePublished":"2024-04-09T12:27:28+00:00","dateModified":"2024-08-08T11:09:58+00:00","breadcrumb":{"@id":"https:\/\/prixgro.com\/product\/urea-repair-creme-pieds-10-duree-100ml-eucerin\/#breadcrumb"},"inLanguage":"ar","potentialAction":[{"@type":"ReadAction","target":["https:\/\/prixgro.com\/product\/urea-repair-creme-pieds-10-duree-100ml-eucerin\/"]}]},{"@type":"ImageObject","inLanguage":"ar","@id":"https:\/\/prixgro.com\/product\/urea-repair-creme-pieds-10-duree-100ml-eucerin\/#primaryimage","url":"https:\/\/prixgro.com\/wp-content\/uploads\/2023\/09\/Urea-Repair-Creme-Pieds-Reparatrice-10-Uree-100ml-Eucerin.jpg","contentUrl":"https:\/\/prixgro.com\/wp-content\/uploads\/2023\/09\/Urea-Repair-Creme-Pieds-Reparatrice-10-Uree-100ml-Eucerin.jpg","width":500,"height":500},{"@type":"BreadcrumbList","@id":"https:\/\/prixgro.com\/product\/urea-repair-creme-pieds-10-duree-100ml-eucerin\/#breadcrumb","itemListElement":[{"@type":"ListItem","position":1,"name":"Accueil","item":"https:\/\/prixgro.com\/"},{"@type":"ListItem","position":2,"name":"Boutique en ligne","item":"https:\/\/prixgro.com\/shop\/"},{"@type":"ListItem","position":3,"name":"Urea Repair Cr\u00e8me Pieds 10% D\u2019Ur\u00e9e 100ml Eucerin"}]},{"@type":"WebSite","@id":"https:\/\/prixgro.com\/#website","url":"https:\/\/prixgro.com\/","name":"Prixgro.com","description":"Para Pharmaceutique et Cosm\u00e9tique","publisher":{"@id":"https:\/\/prixgro.com\/#organization"},"potentialAction":[{"@type":"SearchAction","target":{"@type":"EntryPoint","urlTemplate":"https:\/\/prixgro.com\/?s={search_term_string}"},"query-input":{"@type":"PropertyValueSpecification","valueRequired":true,"valueName":"search_term_string"}}],"inLanguage":"ar"},{"@type":"Organization","@id":"https:\/\/prixgro.com\/#organization","name":"Prixgro","url":"https:\/\/prixgro.com\/","logo":{"@type":"ImageObject","inLanguage":"ar","@id":"https:\/\/prixgro.com\/#\/schema\/logo\/image\/","url":"https:\/\/prixgro.com\/wp-content\/uploads\/2024\/08\/cropped-Nouveau-projet-2.png","contentUrl":"https:\/\/prixgro.com\/wp-content\/uploads\/2024\/08\/cropped-Nouveau-projet-2.png","width":265,"height":62,"caption":"Prixgro"},"image":{"@id":"https:\/\/prixgro.com\/#\/schema\/logo\/image\/"},"sameAs":["https:\/\/www.facebook.com\/Pharmacima"]}]}},"_links":{"self":[{"href":"https:\/\/prixgro.com\/ar\/wp-json\/wp\/v2\/product\/141536","targetHints":{"allow":["GET"]}}],"collection":[{"href":"https:\/\/prixgro.com\/ar\/wp-json\/wp\/v2\/product"}],"about":[{"href":"https:\/\/prixgro.com\/ar\/wp-json\/wp\/v2\/types\/product"}],"replies":[{"embeddable":true,"href":"https:\/\/prixgro.com\/ar\/wp-json\/wp\/v2\/comments?post=141536"}],"wp:featuredmedia":[{"embeddable":true,"href":"https:\/\/prixgro.com\/ar\/wp-json\/wp\/v2\/media\/1096"}],"wp:attachment":[{"href":"https:\/\/prixgro.com\/ar\/wp-json\/wp\/v2\/media?parent=141536"}],"wp:term":[{"taxonomy":"product_cat","embeddable":true,"href":"https:\/\/prixgro.com\/ar\/wp-json\/wp\/v2\/product_cat?post=141536"},{"taxonomy":"product_tag","embeddable":true,"href":"https:\/\/prixgro.com\/ar\/wp-json\/wp\/v2\/product_tag?post=141536"},{"taxonomy":"berocket_brand","embeddable":true,"href":"https:\/\/prixgro.com\/ar\/wp-json\/wp\/v2\/berocket_brand?post=141536"}],"curies":[{"name":"wp","href":"https:\/\/api.w.org\/{rel}","templated":true}]}}