{"id":141575,"date":"2024-04-09T14:27:38","date_gmt":"2024-04-09T12:27:38","guid":{"rendered":"https:\/\/cloodmanager.net\/?post_type=product&#038;p=141575"},"modified":"2024-08-08T13:10:56","modified_gmt":"2024-08-08T11:10:56","slug":"xerolys-30-soin-pour-peau-rugueuses-100ml","status":"publish","type":"product","link":"https:\/\/prixgro.com\/ar\/product\/xerolys-30-soin-pour-peau-rugueuses-100ml\/","title":{"rendered":"xerolys 30 soin pour peau rugueuses 100ml"},"content":{"rendered":"<h3>DISCRIPTION<\/h3>\n<p>Xerolys30 est un soin corporel k\u00e9rato-r\u00e9gulateur et hydratant pour les peaux rugueuses et les \u00e9paississements cutan\u00e9s.<\/p>\n<h5>Propri\u00e9t\u00e9s<\/h5>\n<p>Xerolys30 lisse les peaux granuleuses et leur apporte rapidement confort, souplesse et apaisement.<\/p>\n<p>L\u2019URODIUM\u00ae contenu dans Xerolys30, est une formule active brevet\u00e9e, qui am\u00e9liore les pouvoirs exfoliants, k\u00e9rato-r\u00e9gulateurs et hydratants de l\u2019Ur\u00e9e (dos\u00e9 \u00e0 30% \u2013 Actif k\u00e9rator\u00e9gulateur et Facteur Naturel d\u2019Hydratation de la peau) et surtout sa r\u00e9manence (action de tr\u00e8s longue dur\u00e9e). Le mode d\u2019\u00e9mulsion Huile dans Eau apporte un grand confort d\u2019utilisation.<\/p>\n<p>Facile d\u2019application et l\u00e9g\u00e8rement parfum\u00e9e (le parfum exempt des 26 allerg\u00e8nes incrimin\u00e9s par la Communaut\u00e9 Europ\u00e9ene minimise les risques d\u2019allergie)\u00a0XEROlys30\u00a0convient aux adultes.<\/p>\n<h3>CONSEILS D&#8217;UTILISATION<\/h3>\n<p>Appliquez Xerolys30, 1 \u00e0 2 fois par jour, sur les zones rugueuses concern\u00e9es<\/p>\n<h3>COMPOSITION<\/h3>\n<p>AQUA (WATER), UREA, BUTYROSPERMUM PARKII BUTTER, GLYCERYL STEARATE, GLYCERIN, PARAFFINUM LIQUIDUM, SODIUM CHLORIDE, SODIUM LACTATE, CETYL ALCOHOL, CETEARETH-20, SQUALANE, ALLANTOIN, PANTHENOL, TOCOPHERYL ACETATE, LACTIC ACID, DIMETHICONE, CETEARETH- 12, CETEARYL ALCOHOL, CETYL PALMITATE, PHENOXYETHANOL, XANTHAN GUM, METHYLPARABEN, PROPYLENE GLYCOL, PROPYLPARABEN, CITRIC ACID, DISODIUM EDTA, PARFUM.<\/p>","protected":false},"excerpt":{"rendered":"<p><\/p>","protected":false},"featured_media":1211,"comment_status":"open","ping_status":"closed","template":"","meta":[],"product_cat":[64],"product_tag":[],"berocket_brand":[],"class_list":{"0":"post-141575","1":"product","2":"type-product","3":"status-publish","4":"has-post-thumbnail","6":"product_cat-corps","8":"first","9":"outofstock","10":"shipping-taxable","11":"purchasable","12":"product-type-simple"},"yoast_head":"<!-- This site is optimized with the Yoast SEO plugin v24.8 - https:\/\/yoast.com\/wordpress\/plugins\/seo\/ -->\n<title>xerolys 30 soin pour peau rugueuses 100ml - Prixgro<\/title>\n<meta name=\"robots\" content=\"index, follow, max-snippet:-1, max-image-preview:large, max-video-preview:-1\" \/>\n<link rel=\"canonical\" href=\"https:\/\/prixgro.com\/ar\/product\/xerolys-30-soin-pour-peau-rugueuses-100ml\/\" \/>\n<meta property=\"og:locale\" content=\"ar_AR\" \/>\n<meta property=\"og:type\" content=\"article\" \/>\n<meta property=\"og:title\" content=\"xerolys 30 soin pour peau rugueuses 100ml - Prixgro\" \/>\n<meta property=\"og:url\" content=\"https:\/\/prixgro.com\/ar\/product\/xerolys-30-soin-pour-peau-rugueuses-100ml\/\" \/>\n<meta property=\"og:site_name\" content=\"Prixgro\" \/>\n<meta property=\"article:publisher\" content=\"https:\/\/www.facebook.com\/Pharmacima\" \/>\n<meta property=\"article:modified_time\" content=\"2024-08-08T11:10:56+00:00\" \/>\n<meta property=\"og:image\" content=\"https:\/\/prixgro.com\/wp-content\/uploads\/2023\/09\/telechargement-30.jpg\" \/>\n\t<meta property=\"og:image:width\" content=\"218\" \/>\n\t<meta property=\"og:image:height\" content=\"231\" \/>\n\t<meta property=\"og:image:type\" content=\"image\/jpeg\" \/>\n<meta name=\"twitter:card\" content=\"summary_large_image\" \/>\n<meta name=\"twitter:label1\" content=\"\u0648\u0642\u062a \u0627\u0644\u0642\u0631\u0627\u0621\u0629 \u0627\u0644\u0645\u064f\u0642\u062f\u0651\u0631\" \/>\n\t<meta name=\"twitter:data1\" content=\"\u062f\u0642\u064a\u0642\u0629 \u0648\u0627\u062d\u062f\u0629\" \/>\n<script type=\"application\/ld+json\" class=\"yoast-schema-graph\">{\"@context\":\"https:\/\/schema.org\",\"@graph\":[{\"@type\":\"WebPage\",\"@id\":\"https:\/\/prixgro.com\/product\/xerolys-30-soin-pour-peau-rugueuses-100ml\/\",\"url\":\"https:\/\/prixgro.com\/product\/xerolys-30-soin-pour-peau-rugueuses-100ml\/\",\"name\":\"xerolys 30 soin pour peau rugueuses 100ml - Prixgro\",\"isPartOf\":{\"@id\":\"https:\/\/prixgro.com\/#website\"},\"primaryImageOfPage\":{\"@id\":\"https:\/\/prixgro.com\/product\/xerolys-30-soin-pour-peau-rugueuses-100ml\/#primaryimage\"},\"image\":{\"@id\":\"https:\/\/prixgro.com\/product\/xerolys-30-soin-pour-peau-rugueuses-100ml\/#primaryimage\"},\"thumbnailUrl\":\"https:\/\/prixgro.com\/wp-content\/uploads\/2023\/09\/telechargement-30.jpg\",\"datePublished\":\"2024-04-09T12:27:38+00:00\",\"dateModified\":\"2024-08-08T11:10:56+00:00\",\"breadcrumb\":{\"@id\":\"https:\/\/prixgro.com\/product\/xerolys-30-soin-pour-peau-rugueuses-100ml\/#breadcrumb\"},\"inLanguage\":\"ar\",\"potentialAction\":[{\"@type\":\"ReadAction\",\"target\":[\"https:\/\/prixgro.com\/product\/xerolys-30-soin-pour-peau-rugueuses-100ml\/\"]}]},{\"@type\":\"ImageObject\",\"inLanguage\":\"ar\",\"@id\":\"https:\/\/prixgro.com\/product\/xerolys-30-soin-pour-peau-rugueuses-100ml\/#primaryimage\",\"url\":\"https:\/\/prixgro.com\/wp-content\/uploads\/2023\/09\/telechargement-30.jpg\",\"contentUrl\":\"https:\/\/prixgro.com\/wp-content\/uploads\/2023\/09\/telechargement-30.jpg\",\"width\":218,\"height\":231},{\"@type\":\"BreadcrumbList\",\"@id\":\"https:\/\/prixgro.com\/product\/xerolys-30-soin-pour-peau-rugueuses-100ml\/#breadcrumb\",\"itemListElement\":[{\"@type\":\"ListItem\",\"position\":1,\"name\":\"Accueil\",\"item\":\"https:\/\/prixgro.com\/\"},{\"@type\":\"ListItem\",\"position\":2,\"name\":\"Boutique en ligne\",\"item\":\"https:\/\/prixgro.com\/shop\/\"},{\"@type\":\"ListItem\",\"position\":3,\"name\":\"xerolys 30 soin pour peau rugueuses 100ml\"}]},{\"@type\":\"WebSite\",\"@id\":\"https:\/\/prixgro.com\/#website\",\"url\":\"https:\/\/prixgro.com\/\",\"name\":\"Prixgro.com\",\"description\":\"Para Pharmaceutique et Cosm\u00e9tique\",\"publisher\":{\"@id\":\"https:\/\/prixgro.com\/#organization\"},\"potentialAction\":[{\"@type\":\"SearchAction\",\"target\":{\"@type\":\"EntryPoint\",\"urlTemplate\":\"https:\/\/prixgro.com\/?s={search_term_string}\"},\"query-input\":{\"@type\":\"PropertyValueSpecification\",\"valueRequired\":true,\"valueName\":\"search_term_string\"}}],\"inLanguage\":\"ar\"},{\"@type\":\"Organization\",\"@id\":\"https:\/\/prixgro.com\/#organization\",\"name\":\"Prixgro\",\"url\":\"https:\/\/prixgro.com\/\",\"logo\":{\"@type\":\"ImageObject\",\"inLanguage\":\"ar\",\"@id\":\"https:\/\/prixgro.com\/#\/schema\/logo\/image\/\",\"url\":\"https:\/\/prixgro.com\/wp-content\/uploads\/2024\/08\/cropped-Nouveau-projet-2.png\",\"contentUrl\":\"https:\/\/prixgro.com\/wp-content\/uploads\/2024\/08\/cropped-Nouveau-projet-2.png\",\"width\":265,\"height\":62,\"caption\":\"Prixgro\"},\"image\":{\"@id\":\"https:\/\/prixgro.com\/#\/schema\/logo\/image\/\"},\"sameAs\":[\"https:\/\/www.facebook.com\/Pharmacima\"]}]}<\/script>\n<!-- \/ Yoast SEO plugin. -->","yoast_head_json":{"title":"xerolys 30 soin pour peau rugueuses 100ml - Prixgro","robots":{"index":"index","follow":"follow","max-snippet":"max-snippet:-1","max-image-preview":"max-image-preview:large","max-video-preview":"max-video-preview:-1"},"canonical":"https:\/\/prixgro.com\/ar\/product\/xerolys-30-soin-pour-peau-rugueuses-100ml\/","og_locale":"ar_AR","og_type":"article","og_title":"xerolys 30 soin pour peau rugueuses 100ml - Prixgro","og_url":"https:\/\/prixgro.com\/ar\/product\/xerolys-30-soin-pour-peau-rugueuses-100ml\/","og_site_name":"Prixgro","article_publisher":"https:\/\/www.facebook.com\/Pharmacima","article_modified_time":"2024-08-08T11:10:56+00:00","og_image":[{"width":218,"height":231,"url":"https:\/\/prixgro.com\/wp-content\/uploads\/2023\/09\/telechargement-30.jpg","type":"image\/jpeg"}],"twitter_card":"summary_large_image","twitter_misc":{"\u0648\u0642\u062a \u0627\u0644\u0642\u0631\u0627\u0621\u0629 \u0627\u0644\u0645\u064f\u0642\u062f\u0651\u0631":"\u062f\u0642\u064a\u0642\u0629 \u0648\u0627\u062d\u062f\u0629"},"schema":{"@context":"https:\/\/schema.org","@graph":[{"@type":"WebPage","@id":"https:\/\/prixgro.com\/product\/xerolys-30-soin-pour-peau-rugueuses-100ml\/","url":"https:\/\/prixgro.com\/product\/xerolys-30-soin-pour-peau-rugueuses-100ml\/","name":"xerolys 30 soin pour peau rugueuses 100ml - Prixgro","isPartOf":{"@id":"https:\/\/prixgro.com\/#website"},"primaryImageOfPage":{"@id":"https:\/\/prixgro.com\/product\/xerolys-30-soin-pour-peau-rugueuses-100ml\/#primaryimage"},"image":{"@id":"https:\/\/prixgro.com\/product\/xerolys-30-soin-pour-peau-rugueuses-100ml\/#primaryimage"},"thumbnailUrl":"https:\/\/prixgro.com\/wp-content\/uploads\/2023\/09\/telechargement-30.jpg","datePublished":"2024-04-09T12:27:38+00:00","dateModified":"2024-08-08T11:10:56+00:00","breadcrumb":{"@id":"https:\/\/prixgro.com\/product\/xerolys-30-soin-pour-peau-rugueuses-100ml\/#breadcrumb"},"inLanguage":"ar","potentialAction":[{"@type":"ReadAction","target":["https:\/\/prixgro.com\/product\/xerolys-30-soin-pour-peau-rugueuses-100ml\/"]}]},{"@type":"ImageObject","inLanguage":"ar","@id":"https:\/\/prixgro.com\/product\/xerolys-30-soin-pour-peau-rugueuses-100ml\/#primaryimage","url":"https:\/\/prixgro.com\/wp-content\/uploads\/2023\/09\/telechargement-30.jpg","contentUrl":"https:\/\/prixgro.com\/wp-content\/uploads\/2023\/09\/telechargement-30.jpg","width":218,"height":231},{"@type":"BreadcrumbList","@id":"https:\/\/prixgro.com\/product\/xerolys-30-soin-pour-peau-rugueuses-100ml\/#breadcrumb","itemListElement":[{"@type":"ListItem","position":1,"name":"Accueil","item":"https:\/\/prixgro.com\/"},{"@type":"ListItem","position":2,"name":"Boutique en ligne","item":"https:\/\/prixgro.com\/shop\/"},{"@type":"ListItem","position":3,"name":"xerolys 30 soin pour peau rugueuses 100ml"}]},{"@type":"WebSite","@id":"https:\/\/prixgro.com\/#website","url":"https:\/\/prixgro.com\/","name":"Prixgro.com","description":"Para Pharmaceutique et Cosm\u00e9tique","publisher":{"@id":"https:\/\/prixgro.com\/#organization"},"potentialAction":[{"@type":"SearchAction","target":{"@type":"EntryPoint","urlTemplate":"https:\/\/prixgro.com\/?s={search_term_string}"},"query-input":{"@type":"PropertyValueSpecification","valueRequired":true,"valueName":"search_term_string"}}],"inLanguage":"ar"},{"@type":"Organization","@id":"https:\/\/prixgro.com\/#organization","name":"Prixgro","url":"https:\/\/prixgro.com\/","logo":{"@type":"ImageObject","inLanguage":"ar","@id":"https:\/\/prixgro.com\/#\/schema\/logo\/image\/","url":"https:\/\/prixgro.com\/wp-content\/uploads\/2024\/08\/cropped-Nouveau-projet-2.png","contentUrl":"https:\/\/prixgro.com\/wp-content\/uploads\/2024\/08\/cropped-Nouveau-projet-2.png","width":265,"height":62,"caption":"Prixgro"},"image":{"@id":"https:\/\/prixgro.com\/#\/schema\/logo\/image\/"},"sameAs":["https:\/\/www.facebook.com\/Pharmacima"]}]}},"_links":{"self":[{"href":"https:\/\/prixgro.com\/ar\/wp-json\/wp\/v2\/product\/141575","targetHints":{"allow":["GET"]}}],"collection":[{"href":"https:\/\/prixgro.com\/ar\/wp-json\/wp\/v2\/product"}],"about":[{"href":"https:\/\/prixgro.com\/ar\/wp-json\/wp\/v2\/types\/product"}],"replies":[{"embeddable":true,"href":"https:\/\/prixgro.com\/ar\/wp-json\/wp\/v2\/comments?post=141575"}],"wp:featuredmedia":[{"embeddable":true,"href":"https:\/\/prixgro.com\/ar\/wp-json\/wp\/v2\/media\/1211"}],"wp:attachment":[{"href":"https:\/\/prixgro.com\/ar\/wp-json\/wp\/v2\/media?parent=141575"}],"wp:term":[{"taxonomy":"product_cat","embeddable":true,"href":"https:\/\/prixgro.com\/ar\/wp-json\/wp\/v2\/product_cat?post=141575"},{"taxonomy":"product_tag","embeddable":true,"href":"https:\/\/prixgro.com\/ar\/wp-json\/wp\/v2\/product_tag?post=141575"},{"taxonomy":"berocket_brand","embeddable":true,"href":"https:\/\/prixgro.com\/ar\/wp-json\/wp\/v2\/berocket_brand?post=141575"}],"curies":[{"name":"wp","href":"https:\/\/api.w.org\/{rel}","templated":true}]}}