{"id":141576,"date":"2024-04-09T14:27:38","date_gmt":"2024-04-09T12:27:38","guid":{"rendered":"https:\/\/cloodmanager.net\/?post_type=product&#038;p=141576"},"modified":"2024-08-08T13:11:03","modified_gmt":"2024-08-08T11:11:03","slug":"xerolys-5-soin-emollient-longue-duree-peau-seche-200ml","status":"publish","type":"product","link":"https:\/\/prixgro.com\/ar\/product\/xerolys-5-soin-emollient-longue-duree-peau-seche-200ml\/","title":{"rendered":"xerolys 5 soin emollient longue duree peau seche 200ml"},"content":{"rendered":"<h3>DISCRIPTION<\/h3>\n<p>L\u2019URODIUM contenu dans XEROlys 5 est un principe actif brevet\u00e9, mis au point par la recherche LYSASKIN, qui am\u00e9liore le pouvoir hydratant de l\u2019Ur\u00e9e (Facteur d\u2019hydratation naturellement pr\u00e9sent dans la peau) dos\u00e9e \u00e0 5% et surtout sa r\u00e9manence (action de tr\u00e8s longue dur\u00e9e).<\/p>\n<h5>XEROlys 5 contient aussi des actifs :<\/h5>\n<ul>\n<li>hydratants (Chlorure de Sodium, Glyc\u00e9rine, Acide Lactique, \u2026),<\/li>\n<li>re-lipidants (Beurre de Karit\u00e9, Huile de Jojoba, Cire d\u2019Abeille, Huile de Noyau d\u2019Abricot, \u2026) qui permettent de restaurer le film hydro-lipidique et la fonction barri\u00e8re de la peau,<\/li>\n<li>apaisants (Allantoine,\u2026),<\/li>\n<\/ul>\n<p>Le type d\u2019\u00e9mulsion Huile dans Eau apporte un grand confort d\u2019utilisation.<\/p>\n<p>Facile d\u2019application et l\u00e9g\u00e8rement parfum\u00e9e (le parfum exempt des 26 allerg\u00e8nes incrimin\u00e9s par la Communaut\u00e9 Europ\u00e9ene minimise les risques d\u2019allergie) XEROlys 5 est le produit id\u00e9al pour toute la famille (enfants, adultes).<\/p>\n<p>Contenances : Flacons pompes de 200ml, 500ml et de 1.000ml<\/p>\n<h5><strong>Indications<\/strong>\u00a0: X\u00e9rose, Agressions Climatiques, Vieillissement Cutan\u00e9, Puvath\u00e9rapie, Prurit (d\u00e9mangeaisons) mod\u00e9r\u00e9,\u2026<\/h5>\n<h3><b>CONSEILS D&#8217;UTILISATION <\/b><\/h3>\n<p>Appliquer 1 \u00e0 2 fois par jour apr\u00e8s le bain ou la douche<\/p>\n<p>&nbsp;<\/p>\n<p>&nbsp;<\/p>\n<h3>COMPOSITION<\/h3>\n<p>: AQUA (WATER), UREA, GLYCERIN, PARAFFINUM LIQUIDUM (MINERAL OIL), STEARETH-2, BUTYROSPERMUM PARKII (SHEA BUTTER), SODIUM CHLORIDE, PRUNUS ARMENIACA (APRICOT) KERNEL OIL, CERA ALBA (BEESWAX), CETYL ALCOHOL, SIMMONDSIA CHINENSIS (JOJOBA) SEED OIL, STEARETH-21, LACTIC ACID, ALLANTOIN, SODIUM LACTATE, PHENOXYETHANOL, DIMETHICONE, HYDROXYPROPYL STARCH PHOSPHATE, CYCLOPENTASILOXANE, CYCLOHEXASILOXANE, XANTHAN GUM, SODIUM HYDROXIDE, METHYL PARABEN, PROPYL PARABEN, CERA MICROCRISTALLINA, PARAFFIN, PARFUM (FRAGRANCE).<\/p>","protected":false},"excerpt":{"rendered":"<p>DISCRIPTION L\u2019URODIUM contenu dans XEROlys 5 est un principe actif brevet\u00e9, mis au point par la recherche LYSASKIN, qui am\u00e9liore&#8230;<\/p>","protected":false},"featured_media":1212,"comment_status":"open","ping_status":"closed","template":"","meta":[],"product_cat":[64],"product_tag":[],"berocket_brand":[],"class_list":{"0":"post-141576","1":"product","2":"type-product","3":"status-publish","4":"has-post-thumbnail","6":"product_cat-corps","8":"first","9":"outofstock","10":"shipping-taxable","11":"purchasable","12":"product-type-simple"},"yoast_head":"<!-- This site is optimized with the Yoast SEO plugin v24.8 - https:\/\/yoast.com\/wordpress\/plugins\/seo\/ -->\n<title>xerolys 5 soin emollient longue duree peau seche 200ml - Prixgro<\/title>\n<meta name=\"robots\" content=\"index, follow, max-snippet:-1, max-image-preview:large, max-video-preview:-1\" \/>\n<link rel=\"canonical\" href=\"https:\/\/prixgro.com\/ar\/product\/xerolys-5-soin-emollient-longue-duree-peau-seche-200ml\/\" \/>\n<meta property=\"og:locale\" content=\"ar_AR\" \/>\n<meta property=\"og:type\" content=\"article\" \/>\n<meta property=\"og:title\" content=\"xerolys 5 soin emollient longue duree peau seche 200ml - Prixgro\" \/>\n<meta property=\"og:description\" content=\"DISCRIPTION L\u2019URODIUM contenu dans XEROlys 5 est un principe actif brevet\u00e9, mis au point par la recherche LYSASKIN, qui am\u00e9liore...\" \/>\n<meta property=\"og:url\" content=\"https:\/\/prixgro.com\/ar\/product\/xerolys-5-soin-emollient-longue-duree-peau-seche-200ml\/\" \/>\n<meta property=\"og:site_name\" content=\"Prixgro\" \/>\n<meta property=\"article:publisher\" content=\"https:\/\/www.facebook.com\/Pharmacima\" \/>\n<meta property=\"article:modified_time\" content=\"2024-08-08T11:11:03+00:00\" \/>\n<meta property=\"og:image\" content=\"https:\/\/prixgro.com\/wp-content\/uploads\/2023\/09\/xerolys-5-new-design_redim.jpg\" \/>\n\t<meta property=\"og:image:width\" content=\"650\" \/>\n\t<meta property=\"og:image:height\" content=\"690\" \/>\n\t<meta property=\"og:image:type\" content=\"image\/jpeg\" \/>\n<meta name=\"twitter:card\" content=\"summary_large_image\" \/>\n<meta name=\"twitter:label1\" content=\"\u0648\u0642\u062a \u0627\u0644\u0642\u0631\u0627\u0621\u0629 \u0627\u0644\u0645\u064f\u0642\u062f\u0651\u0631\" \/>\n\t<meta name=\"twitter:data1\" content=\"\u062f\u0642\u064a\u0642\u0629 \u0648\u0627\u062d\u062f\u0629\" \/>\n<script type=\"application\/ld+json\" class=\"yoast-schema-graph\">{\"@context\":\"https:\/\/schema.org\",\"@graph\":[{\"@type\":\"WebPage\",\"@id\":\"https:\/\/prixgro.com\/product\/xerolys-5-soin-emollient-longue-duree-peau-seche-200ml\/\",\"url\":\"https:\/\/prixgro.com\/product\/xerolys-5-soin-emollient-longue-duree-peau-seche-200ml\/\",\"name\":\"xerolys 5 soin emollient longue duree peau seche 200ml - Prixgro\",\"isPartOf\":{\"@id\":\"https:\/\/prixgro.com\/#website\"},\"primaryImageOfPage\":{\"@id\":\"https:\/\/prixgro.com\/product\/xerolys-5-soin-emollient-longue-duree-peau-seche-200ml\/#primaryimage\"},\"image\":{\"@id\":\"https:\/\/prixgro.com\/product\/xerolys-5-soin-emollient-longue-duree-peau-seche-200ml\/#primaryimage\"},\"thumbnailUrl\":\"https:\/\/prixgro.com\/wp-content\/uploads\/2023\/09\/xerolys-5-new-design_redim.jpg\",\"datePublished\":\"2024-04-09T12:27:38+00:00\",\"dateModified\":\"2024-08-08T11:11:03+00:00\",\"breadcrumb\":{\"@id\":\"https:\/\/prixgro.com\/product\/xerolys-5-soin-emollient-longue-duree-peau-seche-200ml\/#breadcrumb\"},\"inLanguage\":\"ar\",\"potentialAction\":[{\"@type\":\"ReadAction\",\"target\":[\"https:\/\/prixgro.com\/product\/xerolys-5-soin-emollient-longue-duree-peau-seche-200ml\/\"]}]},{\"@type\":\"ImageObject\",\"inLanguage\":\"ar\",\"@id\":\"https:\/\/prixgro.com\/product\/xerolys-5-soin-emollient-longue-duree-peau-seche-200ml\/#primaryimage\",\"url\":\"https:\/\/prixgro.com\/wp-content\/uploads\/2023\/09\/xerolys-5-new-design_redim.jpg\",\"contentUrl\":\"https:\/\/prixgro.com\/wp-content\/uploads\/2023\/09\/xerolys-5-new-design_redim.jpg\",\"width\":650,\"height\":690},{\"@type\":\"BreadcrumbList\",\"@id\":\"https:\/\/prixgro.com\/product\/xerolys-5-soin-emollient-longue-duree-peau-seche-200ml\/#breadcrumb\",\"itemListElement\":[{\"@type\":\"ListItem\",\"position\":1,\"name\":\"Accueil\",\"item\":\"https:\/\/prixgro.com\/\"},{\"@type\":\"ListItem\",\"position\":2,\"name\":\"Boutique en ligne\",\"item\":\"https:\/\/prixgro.com\/shop\/\"},{\"@type\":\"ListItem\",\"position\":3,\"name\":\"xerolys 5 soin emollient longue duree peau seche 200ml\"}]},{\"@type\":\"WebSite\",\"@id\":\"https:\/\/prixgro.com\/#website\",\"url\":\"https:\/\/prixgro.com\/\",\"name\":\"Prixgro.com\",\"description\":\"Para Pharmaceutique et Cosm\u00e9tique\",\"publisher\":{\"@id\":\"https:\/\/prixgro.com\/#organization\"},\"potentialAction\":[{\"@type\":\"SearchAction\",\"target\":{\"@type\":\"EntryPoint\",\"urlTemplate\":\"https:\/\/prixgro.com\/?s={search_term_string}\"},\"query-input\":{\"@type\":\"PropertyValueSpecification\",\"valueRequired\":true,\"valueName\":\"search_term_string\"}}],\"inLanguage\":\"ar\"},{\"@type\":\"Organization\",\"@id\":\"https:\/\/prixgro.com\/#organization\",\"name\":\"Prixgro\",\"url\":\"https:\/\/prixgro.com\/\",\"logo\":{\"@type\":\"ImageObject\",\"inLanguage\":\"ar\",\"@id\":\"https:\/\/prixgro.com\/#\/schema\/logo\/image\/\",\"url\":\"https:\/\/prixgro.com\/wp-content\/uploads\/2024\/08\/cropped-Nouveau-projet-2.png\",\"contentUrl\":\"https:\/\/prixgro.com\/wp-content\/uploads\/2024\/08\/cropped-Nouveau-projet-2.png\",\"width\":265,\"height\":62,\"caption\":\"Prixgro\"},\"image\":{\"@id\":\"https:\/\/prixgro.com\/#\/schema\/logo\/image\/\"},\"sameAs\":[\"https:\/\/www.facebook.com\/Pharmacima\"]}]}<\/script>\n<!-- \/ Yoast SEO plugin. -->","yoast_head_json":{"title":"xerolys 5 soin emollient longue duree peau seche 200ml - Prixgro","robots":{"index":"index","follow":"follow","max-snippet":"max-snippet:-1","max-image-preview":"max-image-preview:large","max-video-preview":"max-video-preview:-1"},"canonical":"https:\/\/prixgro.com\/ar\/product\/xerolys-5-soin-emollient-longue-duree-peau-seche-200ml\/","og_locale":"ar_AR","og_type":"article","og_title":"xerolys 5 soin emollient longue duree peau seche 200ml - Prixgro","og_description":"DISCRIPTION L\u2019URODIUM contenu dans XEROlys 5 est un principe actif brevet\u00e9, mis au point par la recherche LYSASKIN, qui am\u00e9liore...","og_url":"https:\/\/prixgro.com\/ar\/product\/xerolys-5-soin-emollient-longue-duree-peau-seche-200ml\/","og_site_name":"Prixgro","article_publisher":"https:\/\/www.facebook.com\/Pharmacima","article_modified_time":"2024-08-08T11:11:03+00:00","og_image":[{"width":650,"height":690,"url":"https:\/\/prixgro.com\/wp-content\/uploads\/2023\/09\/xerolys-5-new-design_redim.jpg","type":"image\/jpeg"}],"twitter_card":"summary_large_image","twitter_misc":{"\u0648\u0642\u062a \u0627\u0644\u0642\u0631\u0627\u0621\u0629 \u0627\u0644\u0645\u064f\u0642\u062f\u0651\u0631":"\u062f\u0642\u064a\u0642\u0629 \u0648\u0627\u062d\u062f\u0629"},"schema":{"@context":"https:\/\/schema.org","@graph":[{"@type":"WebPage","@id":"https:\/\/prixgro.com\/product\/xerolys-5-soin-emollient-longue-duree-peau-seche-200ml\/","url":"https:\/\/prixgro.com\/product\/xerolys-5-soin-emollient-longue-duree-peau-seche-200ml\/","name":"xerolys 5 soin emollient longue duree peau seche 200ml - Prixgro","isPartOf":{"@id":"https:\/\/prixgro.com\/#website"},"primaryImageOfPage":{"@id":"https:\/\/prixgro.com\/product\/xerolys-5-soin-emollient-longue-duree-peau-seche-200ml\/#primaryimage"},"image":{"@id":"https:\/\/prixgro.com\/product\/xerolys-5-soin-emollient-longue-duree-peau-seche-200ml\/#primaryimage"},"thumbnailUrl":"https:\/\/prixgro.com\/wp-content\/uploads\/2023\/09\/xerolys-5-new-design_redim.jpg","datePublished":"2024-04-09T12:27:38+00:00","dateModified":"2024-08-08T11:11:03+00:00","breadcrumb":{"@id":"https:\/\/prixgro.com\/product\/xerolys-5-soin-emollient-longue-duree-peau-seche-200ml\/#breadcrumb"},"inLanguage":"ar","potentialAction":[{"@type":"ReadAction","target":["https:\/\/prixgro.com\/product\/xerolys-5-soin-emollient-longue-duree-peau-seche-200ml\/"]}]},{"@type":"ImageObject","inLanguage":"ar","@id":"https:\/\/prixgro.com\/product\/xerolys-5-soin-emollient-longue-duree-peau-seche-200ml\/#primaryimage","url":"https:\/\/prixgro.com\/wp-content\/uploads\/2023\/09\/xerolys-5-new-design_redim.jpg","contentUrl":"https:\/\/prixgro.com\/wp-content\/uploads\/2023\/09\/xerolys-5-new-design_redim.jpg","width":650,"height":690},{"@type":"BreadcrumbList","@id":"https:\/\/prixgro.com\/product\/xerolys-5-soin-emollient-longue-duree-peau-seche-200ml\/#breadcrumb","itemListElement":[{"@type":"ListItem","position":1,"name":"Accueil","item":"https:\/\/prixgro.com\/"},{"@type":"ListItem","position":2,"name":"Boutique en ligne","item":"https:\/\/prixgro.com\/shop\/"},{"@type":"ListItem","position":3,"name":"xerolys 5 soin emollient longue duree peau seche 200ml"}]},{"@type":"WebSite","@id":"https:\/\/prixgro.com\/#website","url":"https:\/\/prixgro.com\/","name":"Prixgro.com","description":"Para Pharmaceutique et Cosm\u00e9tique","publisher":{"@id":"https:\/\/prixgro.com\/#organization"},"potentialAction":[{"@type":"SearchAction","target":{"@type":"EntryPoint","urlTemplate":"https:\/\/prixgro.com\/?s={search_term_string}"},"query-input":{"@type":"PropertyValueSpecification","valueRequired":true,"valueName":"search_term_string"}}],"inLanguage":"ar"},{"@type":"Organization","@id":"https:\/\/prixgro.com\/#organization","name":"Prixgro","url":"https:\/\/prixgro.com\/","logo":{"@type":"ImageObject","inLanguage":"ar","@id":"https:\/\/prixgro.com\/#\/schema\/logo\/image\/","url":"https:\/\/prixgro.com\/wp-content\/uploads\/2024\/08\/cropped-Nouveau-projet-2.png","contentUrl":"https:\/\/prixgro.com\/wp-content\/uploads\/2024\/08\/cropped-Nouveau-projet-2.png","width":265,"height":62,"caption":"Prixgro"},"image":{"@id":"https:\/\/prixgro.com\/#\/schema\/logo\/image\/"},"sameAs":["https:\/\/www.facebook.com\/Pharmacima"]}]}},"_links":{"self":[{"href":"https:\/\/prixgro.com\/ar\/wp-json\/wp\/v2\/product\/141576","targetHints":{"allow":["GET"]}}],"collection":[{"href":"https:\/\/prixgro.com\/ar\/wp-json\/wp\/v2\/product"}],"about":[{"href":"https:\/\/prixgro.com\/ar\/wp-json\/wp\/v2\/types\/product"}],"replies":[{"embeddable":true,"href":"https:\/\/prixgro.com\/ar\/wp-json\/wp\/v2\/comments?post=141576"}],"wp:featuredmedia":[{"embeddable":true,"href":"https:\/\/prixgro.com\/ar\/wp-json\/wp\/v2\/media\/1212"}],"wp:attachment":[{"href":"https:\/\/prixgro.com\/ar\/wp-json\/wp\/v2\/media?parent=141576"}],"wp:term":[{"taxonomy":"product_cat","embeddable":true,"href":"https:\/\/prixgro.com\/ar\/wp-json\/wp\/v2\/product_cat?post=141576"},{"taxonomy":"product_tag","embeddable":true,"href":"https:\/\/prixgro.com\/ar\/wp-json\/wp\/v2\/product_tag?post=141576"},{"taxonomy":"berocket_brand","embeddable":true,"href":"https:\/\/prixgro.com\/ar\/wp-json\/wp\/v2\/berocket_brand?post=141576"}],"curies":[{"name":"wp","href":"https:\/\/api.w.org\/{rel}","templated":true}]}}