{"id":141580,"date":"2024-04-09T14:27:39","date_gmt":"2024-04-09T12:27:39","guid":{"rendered":"https:\/\/cloodmanager.net\/?post_type=product&#038;p=141580"},"modified":"2024-08-08T21:40:07","modified_gmt":"2024-08-08T19:40:07","slug":"acide-hyaluronique-2-b5-serum-hydratant-30ml-the-ordinary","status":"publish","type":"product","link":"https:\/\/prixgro.com\/ar\/product\/acide-hyaluronique-2-b5-serum-hydratant-30ml-the-ordinary\/","title":{"rendered":"Acide Hyaluronique 2% + B5 S\u00e9rum Hydratant 30ML THE ORDINARY"},"content":{"rendered":"<h3>DESCRIPTION<\/h3>\n<p><strong>Flacon 30ml<\/strong><\/p>\n<p>Une Formule de Soutien d&#8217;Hydratation avec de l&#8217;Acide Hyaluronique V\u00e9g\u00e9talien Ultra-Pur<\/p>\n<p>Une formule hydratante \u00e0 base d\u2019Acide Hyaluronique vegan ultra-pur. Le poids mol\u00e9culaire de l\u2019Acide Hyaluronique d\u00e9termine sa capacit\u00e9 \u00e0 agir en profondeur dans la peau. Cette formule contient 3 poids mol\u00e9culaires d&#8217;Acide Hyaluronique (haut, moyen et bas), ainsi qu\u2019un polym\u00e8re r\u00e9ticul\u00e9 d\u2019Acide Hyaluronique de nouvelle g\u00e9n\u00e9ration, offrant une hydratation multicouche (en surface et en profondeur), sans huile. Cette concentration de 2% d\u2019Acide Hyaluronique est soutenue par la pr\u00e9sence de Vitamine B5, qui renforce l\u2019hydratation de la surface de la peau.<\/p>\n<div class=\"prdct__details-benefits\">\n<hr>\n<h3 class=\"prdct__details-title\"><span style=\"color: #ff0000\" data-mce-style=\"color: #ff0000;\"><strong>B\u00e9n\u00e9fice produit<\/strong><\/span><\/h3>\n<p style=\"background: white\" data-mce-style=\"background: white;\"><span style=\"font-family: 'Arial','sans-serif';color: #444444\" data-mce-style=\"font-family: 'Arial','sans-serif'; color: #444444;\">-Une formule pour soutenir l\u2019hydratation avec de l\u2019acide hyaluronique v\u00e9g\u00e9tal ultra-pur<br style=\"box-sizing: border-box\" data-mce-style=\"box-sizing: border-box; outline: 0px;\">L\u2019acide hyaluronique (AH) peut absorber jusqu\u2019\u00e0 1000 fois son poids en eau. Le poids mol\u00e9culaire de l\u2019acide hyaluronique d\u00e9termine la profondeur \u00e0 laquelle il se diss\u00e9mine dans la peau.<\/span><\/p>\n<p style=\"background: white;box-sizing: border-box;margin: 1rem\" data-mce-style=\"background: white; box-sizing: border-box; outline: 0px; margin: 1rem;\"><span style=\"font-family: 'Arial','sans-serif';color: #444444\" data-mce-style=\"font-family: 'Arial','sans-serif'; color: #444444;\">-Cette formule sans huile combine de l\u2019acide hyaluronique au poids mol\u00e9culaire faible, moyen et \u00e9lev\u00e9 avec un polym\u00e8re r\u00e9ticul\u00e9 d\u2019acide hyaluronique de nouvelle g\u00e9n\u00e9ration, et ce, dans une concentration combin\u00e9e de 2 % pour assurer une hydratation en profondeur.<\/span><\/p>\n<p style=\"background: white;box-sizing: border-box;margin: 1rem\" data-mce-style=\"background: white; box-sizing: border-box; outline: 0px; margin: 1rem;\"><span style=\"font-family: 'Arial','sans-serif';color: #444444\" data-mce-style=\"font-family: 'Arial','sans-serif'; color: #444444;\">-L\u2019ajout de vitamine B5 \u00e0 la formule contribue \u00e9galement \u00e0 l\u2019hydratation superficielle de la peau.<\/span><\/p>\n<p style=\"background: white;box-sizing: border-box;margin: 1rem\" data-mce-style=\"background: white; box-sizing: border-box; outline: 0px; margin: 1rem;\"><span style=\"font-family: 'Arial','sans-serif';color: #444444\" data-mce-style=\"font-family: 'Arial','sans-serif'; color: #444444;\">-Soutient l\u2019hydratation et la r\u00e9paration de la peau<\/span><\/p>\n<hr>\n<h3><span style=\"color: #808080\" data-mce-style=\"color: #808080;\"><strong>UTILISATION<\/strong><\/span><\/h3>\n<p>Appliquer quelques gouttes sur le visage matin et soir avant les cr\u00e8mes. En cas d&#8217;irritation, cesser l&#8217;utilisation et consulter un m\u00e9decin. Utiliser uniquement<br \/>conform\u00e9ment au mode d&#8217;emploi sur une peau intacte.<\/p>\n<p>Il est conseill\u00e9 d&#8217;effectuer un test cutan\u00e9 avant l&#8217;utilisation. Pour un guide d\u00e9taill\u00e9 sur la proc\u00e9dure \u00e0 suivre pour<br \/>effectuer un test cutan\u00e9, consulter notre site Internet. Garder hors de port\u00e9e des enfants.<\/p>\n<hr>\n<\/div>\n<h3><span style=\"color: #333399\" data-mce-style=\"color: #333399;\"><strong>COMPOSITION<\/strong><\/span><\/h3>\n<div class=\"prdct__details-wrap\">\n<div id=\"ingredients\" class=\"prdct__details-content\">\n<p>AQUA (WATER), SODIUM HYALURONATE, PENTYLENE GLYCOL, PROPANEDIOL, SODIUM HYALURONATE CROSSPOLYMER, PANTHENOL, AHNFELTIA CONCINNA EXTRACT, GLYCERIN, TRISODIUM ETHYLENEDIAMINE DISUCCINATE, CITRIC ACID, ISOCETETH-20, ETHOXYDIGLYCOL, ETHYLHEXYLGLYCERIN, HEXYLENE GLYCOL, 1,2-HEXANEDIOL, PHENOXYETHANOL, CAPRYLYL GLYCOL.<\/p>\n<\/div>\n<\/div>","protected":false},"excerpt":{"rendered":"<p><strong>Flacon 30ml<\/strong><\/p>","protected":false},"featured_media":1290,"comment_status":"open","ping_status":"closed","template":"","meta":[],"product_cat":[98,17,66,36],"product_tag":[77],"berocket_brand":[460],"class_list":{"0":"post-141580","1":"product","2":"type-product","3":"status-publish","4":"has-post-thumbnail","6":"product_cat-cou","7":"product_cat-soin-et-bien-etre","8":"product_cat-sport-sante","9":"product_cat-visage-soin-et-bien-etre","10":"product_tag-peaux-seches-a-tres-seches","11":"berocket_brand-theordinary","13":"first","14":"outofstock","15":"shipping-taxable","16":"purchasable","17":"product-type-simple"},"yoast_head":"<!-- This site is optimized with the Yoast SEO plugin v24.8 - https:\/\/yoast.com\/wordpress\/plugins\/seo\/ -->\n<title>Acide Hyaluronique 2% + B5 S\u00e9rum Hydratant 30ML THE ORDINARY - Prixgro<\/title>\n<meta name=\"robots\" content=\"index, follow, max-snippet:-1, max-image-preview:large, max-video-preview:-1\" \/>\n<link rel=\"canonical\" href=\"https:\/\/prixgro.com\/ar\/product\/acide-hyaluronique-2-b5-serum-hydratant-30ml-the-ordinary\/\" \/>\n<meta property=\"og:locale\" content=\"ar_AR\" \/>\n<meta property=\"og:type\" content=\"article\" \/>\n<meta property=\"og:title\" content=\"Acide Hyaluronique 2% + B5 S\u00e9rum Hydratant 30ML THE ORDINARY - Prixgro\" \/>\n<meta property=\"og:description\" content=\"Flacon 30ml\" \/>\n<meta property=\"og:url\" content=\"https:\/\/prixgro.com\/ar\/product\/acide-hyaluronique-2-b5-serum-hydratant-30ml-the-ordinary\/\" \/>\n<meta property=\"og:site_name\" content=\"Prixgro\" \/>\n<meta property=\"article:publisher\" content=\"https:\/\/www.facebook.com\/Pharmacima\" \/>\n<meta property=\"article:modified_time\" content=\"2024-08-08T19:40:07+00:00\" \/>\n<meta property=\"og:image\" content=\"https:\/\/prixgro.com\/wp-content\/uploads\/2023\/09\/233772-the-ordinary-acide-hyaluronique-2-b5-serum-hydratant-30ml-flacon-1000x1000-1-e1612190375361.jpg\" \/>\n\t<meta property=\"og:image:width\" content=\"400\" \/>\n\t<meta property=\"og:image:height\" content=\"400\" \/>\n\t<meta property=\"og:image:type\" content=\"image\/jpeg\" \/>\n<meta name=\"twitter:card\" content=\"summary_large_image\" \/>\n<meta name=\"twitter:label1\" content=\"\u0648\u0642\u062a \u0627\u0644\u0642\u0631\u0627\u0621\u0629 \u0627\u0644\u0645\u064f\u0642\u062f\u0651\u0631\" \/>\n\t<meta name=\"twitter:data1\" content=\"\u062f\u0642\u064a\u0642\u062a\u0627\u0646\" \/>\n<script type=\"application\/ld+json\" class=\"yoast-schema-graph\">{\"@context\":\"https:\/\/schema.org\",\"@graph\":[{\"@type\":\"WebPage\",\"@id\":\"https:\/\/prixgro.com\/product\/acide-hyaluronique-2-b5-serum-hydratant-30ml-the-ordinary\/\",\"url\":\"https:\/\/prixgro.com\/product\/acide-hyaluronique-2-b5-serum-hydratant-30ml-the-ordinary\/\",\"name\":\"Acide Hyaluronique 2% + B5 S\u00e9rum Hydratant 30ML THE ORDINARY - Prixgro\",\"isPartOf\":{\"@id\":\"https:\/\/prixgro.com\/#website\"},\"primaryImageOfPage\":{\"@id\":\"https:\/\/prixgro.com\/product\/acide-hyaluronique-2-b5-serum-hydratant-30ml-the-ordinary\/#primaryimage\"},\"image\":{\"@id\":\"https:\/\/prixgro.com\/product\/acide-hyaluronique-2-b5-serum-hydratant-30ml-the-ordinary\/#primaryimage\"},\"thumbnailUrl\":\"https:\/\/prixgro.com\/wp-content\/uploads\/2023\/09\/233772-the-ordinary-acide-hyaluronique-2-b5-serum-hydratant-30ml-flacon-1000x1000-1-e1612190375361.jpg\",\"datePublished\":\"2024-04-09T12:27:39+00:00\",\"dateModified\":\"2024-08-08T19:40:07+00:00\",\"breadcrumb\":{\"@id\":\"https:\/\/prixgro.com\/product\/acide-hyaluronique-2-b5-serum-hydratant-30ml-the-ordinary\/#breadcrumb\"},\"inLanguage\":\"ar\",\"potentialAction\":[{\"@type\":\"ReadAction\",\"target\":[\"https:\/\/prixgro.com\/product\/acide-hyaluronique-2-b5-serum-hydratant-30ml-the-ordinary\/\"]}]},{\"@type\":\"ImageObject\",\"inLanguage\":\"ar\",\"@id\":\"https:\/\/prixgro.com\/product\/acide-hyaluronique-2-b5-serum-hydratant-30ml-the-ordinary\/#primaryimage\",\"url\":\"https:\/\/prixgro.com\/wp-content\/uploads\/2023\/09\/233772-the-ordinary-acide-hyaluronique-2-b5-serum-hydratant-30ml-flacon-1000x1000-1-e1612190375361.jpg\",\"contentUrl\":\"https:\/\/prixgro.com\/wp-content\/uploads\/2023\/09\/233772-the-ordinary-acide-hyaluronique-2-b5-serum-hydratant-30ml-flacon-1000x1000-1-e1612190375361.jpg\",\"width\":400,\"height\":400},{\"@type\":\"BreadcrumbList\",\"@id\":\"https:\/\/prixgro.com\/product\/acide-hyaluronique-2-b5-serum-hydratant-30ml-the-ordinary\/#breadcrumb\",\"itemListElement\":[{\"@type\":\"ListItem\",\"position\":1,\"name\":\"Accueil\",\"item\":\"https:\/\/prixgro.com\/\"},{\"@type\":\"ListItem\",\"position\":2,\"name\":\"Boutique en ligne\",\"item\":\"https:\/\/prixgro.com\/shop\/\"},{\"@type\":\"ListItem\",\"position\":3,\"name\":\"Acide Hyaluronique 2% + B5 S\u00e9rum Hydratant 30ML THE ORDINARY\"}]},{\"@type\":\"WebSite\",\"@id\":\"https:\/\/prixgro.com\/#website\",\"url\":\"https:\/\/prixgro.com\/\",\"name\":\"Prixgro.com\",\"description\":\"Para Pharmaceutique et Cosm\u00e9tique\",\"publisher\":{\"@id\":\"https:\/\/prixgro.com\/#organization\"},\"potentialAction\":[{\"@type\":\"SearchAction\",\"target\":{\"@type\":\"EntryPoint\",\"urlTemplate\":\"https:\/\/prixgro.com\/?s={search_term_string}\"},\"query-input\":{\"@type\":\"PropertyValueSpecification\",\"valueRequired\":true,\"valueName\":\"search_term_string\"}}],\"inLanguage\":\"ar\"},{\"@type\":\"Organization\",\"@id\":\"https:\/\/prixgro.com\/#organization\",\"name\":\"Prixgro\",\"url\":\"https:\/\/prixgro.com\/\",\"logo\":{\"@type\":\"ImageObject\",\"inLanguage\":\"ar\",\"@id\":\"https:\/\/prixgro.com\/#\/schema\/logo\/image\/\",\"url\":\"https:\/\/prixgro.com\/wp-content\/uploads\/2024\/08\/cropped-Nouveau-projet-2.png\",\"contentUrl\":\"https:\/\/prixgro.com\/wp-content\/uploads\/2024\/08\/cropped-Nouveau-projet-2.png\",\"width\":265,\"height\":62,\"caption\":\"Prixgro\"},\"image\":{\"@id\":\"https:\/\/prixgro.com\/#\/schema\/logo\/image\/\"},\"sameAs\":[\"https:\/\/www.facebook.com\/Pharmacima\"]}]}<\/script>\n<!-- \/ Yoast SEO plugin. -->","yoast_head_json":{"title":"Acide Hyaluronique 2% + B5 S\u00e9rum Hydratant 30ML THE ORDINARY - Prixgro","robots":{"index":"index","follow":"follow","max-snippet":"max-snippet:-1","max-image-preview":"max-image-preview:large","max-video-preview":"max-video-preview:-1"},"canonical":"https:\/\/prixgro.com\/ar\/product\/acide-hyaluronique-2-b5-serum-hydratant-30ml-the-ordinary\/","og_locale":"ar_AR","og_type":"article","og_title":"Acide Hyaluronique 2% + B5 S\u00e9rum Hydratant 30ML THE ORDINARY - Prixgro","og_description":"Flacon 30ml","og_url":"https:\/\/prixgro.com\/ar\/product\/acide-hyaluronique-2-b5-serum-hydratant-30ml-the-ordinary\/","og_site_name":"Prixgro","article_publisher":"https:\/\/www.facebook.com\/Pharmacima","article_modified_time":"2024-08-08T19:40:07+00:00","og_image":[{"width":400,"height":400,"url":"https:\/\/prixgro.com\/wp-content\/uploads\/2023\/09\/233772-the-ordinary-acide-hyaluronique-2-b5-serum-hydratant-30ml-flacon-1000x1000-1-e1612190375361.jpg","type":"image\/jpeg"}],"twitter_card":"summary_large_image","twitter_misc":{"\u0648\u0642\u062a \u0627\u0644\u0642\u0631\u0627\u0621\u0629 \u0627\u0644\u0645\u064f\u0642\u062f\u0651\u0631":"\u062f\u0642\u064a\u0642\u062a\u0627\u0646"},"schema":{"@context":"https:\/\/schema.org","@graph":[{"@type":"WebPage","@id":"https:\/\/prixgro.com\/product\/acide-hyaluronique-2-b5-serum-hydratant-30ml-the-ordinary\/","url":"https:\/\/prixgro.com\/product\/acide-hyaluronique-2-b5-serum-hydratant-30ml-the-ordinary\/","name":"Acide Hyaluronique 2% + B5 S\u00e9rum Hydratant 30ML THE ORDINARY - Prixgro","isPartOf":{"@id":"https:\/\/prixgro.com\/#website"},"primaryImageOfPage":{"@id":"https:\/\/prixgro.com\/product\/acide-hyaluronique-2-b5-serum-hydratant-30ml-the-ordinary\/#primaryimage"},"image":{"@id":"https:\/\/prixgro.com\/product\/acide-hyaluronique-2-b5-serum-hydratant-30ml-the-ordinary\/#primaryimage"},"thumbnailUrl":"https:\/\/prixgro.com\/wp-content\/uploads\/2023\/09\/233772-the-ordinary-acide-hyaluronique-2-b5-serum-hydratant-30ml-flacon-1000x1000-1-e1612190375361.jpg","datePublished":"2024-04-09T12:27:39+00:00","dateModified":"2024-08-08T19:40:07+00:00","breadcrumb":{"@id":"https:\/\/prixgro.com\/product\/acide-hyaluronique-2-b5-serum-hydratant-30ml-the-ordinary\/#breadcrumb"},"inLanguage":"ar","potentialAction":[{"@type":"ReadAction","target":["https:\/\/prixgro.com\/product\/acide-hyaluronique-2-b5-serum-hydratant-30ml-the-ordinary\/"]}]},{"@type":"ImageObject","inLanguage":"ar","@id":"https:\/\/prixgro.com\/product\/acide-hyaluronique-2-b5-serum-hydratant-30ml-the-ordinary\/#primaryimage","url":"https:\/\/prixgro.com\/wp-content\/uploads\/2023\/09\/233772-the-ordinary-acide-hyaluronique-2-b5-serum-hydratant-30ml-flacon-1000x1000-1-e1612190375361.jpg","contentUrl":"https:\/\/prixgro.com\/wp-content\/uploads\/2023\/09\/233772-the-ordinary-acide-hyaluronique-2-b5-serum-hydratant-30ml-flacon-1000x1000-1-e1612190375361.jpg","width":400,"height":400},{"@type":"BreadcrumbList","@id":"https:\/\/prixgro.com\/product\/acide-hyaluronique-2-b5-serum-hydratant-30ml-the-ordinary\/#breadcrumb","itemListElement":[{"@type":"ListItem","position":1,"name":"Accueil","item":"https:\/\/prixgro.com\/"},{"@type":"ListItem","position":2,"name":"Boutique en ligne","item":"https:\/\/prixgro.com\/shop\/"},{"@type":"ListItem","position":3,"name":"Acide Hyaluronique 2% + B5 S\u00e9rum Hydratant 30ML THE ORDINARY"}]},{"@type":"WebSite","@id":"https:\/\/prixgro.com\/#website","url":"https:\/\/prixgro.com\/","name":"Prixgro.com","description":"Para Pharmaceutique et Cosm\u00e9tique","publisher":{"@id":"https:\/\/prixgro.com\/#organization"},"potentialAction":[{"@type":"SearchAction","target":{"@type":"EntryPoint","urlTemplate":"https:\/\/prixgro.com\/?s={search_term_string}"},"query-input":{"@type":"PropertyValueSpecification","valueRequired":true,"valueName":"search_term_string"}}],"inLanguage":"ar"},{"@type":"Organization","@id":"https:\/\/prixgro.com\/#organization","name":"Prixgro","url":"https:\/\/prixgro.com\/","logo":{"@type":"ImageObject","inLanguage":"ar","@id":"https:\/\/prixgro.com\/#\/schema\/logo\/image\/","url":"https:\/\/prixgro.com\/wp-content\/uploads\/2024\/08\/cropped-Nouveau-projet-2.png","contentUrl":"https:\/\/prixgro.com\/wp-content\/uploads\/2024\/08\/cropped-Nouveau-projet-2.png","width":265,"height":62,"caption":"Prixgro"},"image":{"@id":"https:\/\/prixgro.com\/#\/schema\/logo\/image\/"},"sameAs":["https:\/\/www.facebook.com\/Pharmacima"]}]}},"_links":{"self":[{"href":"https:\/\/prixgro.com\/ar\/wp-json\/wp\/v2\/product\/141580","targetHints":{"allow":["GET"]}}],"collection":[{"href":"https:\/\/prixgro.com\/ar\/wp-json\/wp\/v2\/product"}],"about":[{"href":"https:\/\/prixgro.com\/ar\/wp-json\/wp\/v2\/types\/product"}],"replies":[{"embeddable":true,"href":"https:\/\/prixgro.com\/ar\/wp-json\/wp\/v2\/comments?post=141580"}],"wp:featuredmedia":[{"embeddable":true,"href":"https:\/\/prixgro.com\/ar\/wp-json\/wp\/v2\/media\/1290"}],"wp:attachment":[{"href":"https:\/\/prixgro.com\/ar\/wp-json\/wp\/v2\/media?parent=141580"}],"wp:term":[{"taxonomy":"product_cat","embeddable":true,"href":"https:\/\/prixgro.com\/ar\/wp-json\/wp\/v2\/product_cat?post=141580"},{"taxonomy":"product_tag","embeddable":true,"href":"https:\/\/prixgro.com\/ar\/wp-json\/wp\/v2\/product_tag?post=141580"},{"taxonomy":"berocket_brand","embeddable":true,"href":"https:\/\/prixgro.com\/ar\/wp-json\/wp\/v2\/berocket_brand?post=141580"}],"curies":[{"name":"wp","href":"https:\/\/api.w.org\/{rel}","templated":true}]}}