{"id":141615,"date":"2024-04-09T14:27:49","date_gmt":"2024-04-09T12:27:49","guid":{"rendered":"https:\/\/cloodmanager.net\/?post_type=product&#038;p=141615"},"modified":"2024-04-09T14:27:55","modified_gmt":"2024-04-09T12:27:55","slug":"xerial-creme-fissures-et-crevasses-50ml-svr","status":"publish","type":"product","link":"https:\/\/prixgro.com\/ar\/product\/xerial-creme-fissures-et-crevasses-50ml-svr\/","title":{"rendered":"Xerial cr\u00e8me fissures et crevasses 50ml SVR"},"content":{"rendered":"<div id=\"hello\">\n<section class=\"page-product-box wrapper\">La gamme X\u00e9rial renferme plusieurs soins destin\u00e9s aux peaux tr\u00e8s r\u00e9actives, comme la peau des\u00a0<strong>mains s\u00e8ches<\/strong>. La\u00a0<strong>cr\u00e8me pour les pieds<\/strong>\u00a0et les mains de cette gamme contribue \u00e0 r\u00e9duire progressivement les crevasses sur l\u2019\u00e9piderme. Elle participe au\u00a0<strong>renforcement de la barri\u00e8re d\u00e9fensive<\/strong>\u00a0de la peau.50 ML<\/p>\n<h3 class=\"page-product-heading page-heading-title\"><strong>Description :<\/strong><\/h3>\n<div class=\"cat_desc rte\">\n<h4>Un soin r\u00e9parateur qui pr\u00e9serve et soutient la barri\u00e8re cutan\u00e9e<\/h4>\n<p>Lorsqu\u2019elles sont soumises \u00e0 des conditions climatiques difficiles, les peaux des extr\u00e9mit\u00e9s comme les mains ou les pieds peuvent souffrir de ger\u00e7ures et de tiraillements. La\u00a0<strong>cr\u00e8me pour les mains<\/strong>\u00a0et les\u00a0<strong>pieds secs<\/strong>\u00a0permet notamment :<\/p>\n<ul>\n<li>d\u2019hydrater intens\u00e9ment et durablement la peau s\u00e8che des mains et des pieds<\/li>\n<li>d\u2019apaiser les tiraillements et les d\u00e9mangeaisons de l\u2019\u00e9piderme dess\u00e9ch\u00e9<\/li>\n<li>de participer \u00e0 la r\u00e9paration des crevasses et des fissures cutan\u00e9es<\/li>\n<\/ul>\n<p>D\u00e8s la premi\u00e8re application, les\u00a0<strong>sensations d\u2019inconfort sont att\u00e9nu\u00e9es<\/strong>. Jour apr\u00e8s jour, l\u2019\u00e9piderme se renforce pour devenir moins sensible au froid, \u00e0 l\u2019humidit\u00e9 ou aux frottements.<\/p>\n<h3>Une cr\u00e8me aux compos\u00e9s apaisants et avec un complexe brevet\u00e9<\/h3>\n<p>Ce\u00a0<strong>soin hydratant<\/strong>\u00a0contient de nombreux ingr\u00e9dients actifs et un complexe brevet\u00e9 par la marque pour prendre soin des \u00e9pidermes d\u00e9shydrat\u00e9s :<\/p>\n<ul>\n<li>Le brevet technologique Ur\u00e9e Pure apporte une action k\u00e9ratolytique qui favorise la desquamation des peaux mortes et la reconstitution des cellules cutan\u00e9es. Il soulage les\u00a0<strong>mains s\u00e8ches<\/strong>\u00a0et des pieds d\u00e9shydrat\u00e9s.<\/li>\n<li>Le beurre de karit\u00e9, un compos\u00e9 d\u2019origine v\u00e9g\u00e9tale, favorise l\u2019hydratation durable des couches sup\u00e9rieures de l\u2019\u00e9piderme. Il r\u00e9pare les\u00a0<strong>pieds secs<\/strong>\u00a0et les mains fragiles.<\/li>\n<li>L\u2019allanto\u00efne, un ingr\u00e9dient actif apaisant, permet d\u2019adoucir les tissus cutan\u00e9s et de calmer les sensations d\u2019inconfort.<\/li>\n<\/ul>\n<p>La texture onctueuse et enveloppante de ce soin des\u00a0<strong>mains s\u00e8ches<\/strong>\u00a0et des pieds d\u00e9shydrat\u00e9s p\u00e9n\u00e8tre imm\u00e9diatement. Elle est formul\u00e9e\u00a0<strong>sans parfum et sans paraben<\/strong>, pour une tol\u00e9rance optimale des peaux sensibles.<\/p>\n<p>La\u00a0<strong>cr\u00e8me pour les mains et les pieds secs<\/strong>\u00a0X\u00e9rial de SVR permet de\u00a0<strong>soulager les irritations et les crevasses<\/strong>. Elle\u00a0<strong>soutient la barri\u00e8re d\u00e9fensive<\/strong>\u00a0de la peau, pour la renforcer jour apr\u00e8s jour contre les agressions ext\u00e9rieures responsables de la s\u00e9cheresse cutan\u00e9e.<\/p>\n<\/div>\n<\/section>\n<\/div>\n<div id=\"settings\">\n<section class=\"page-product-box\">\n<div id=\"conseil-d-utilisation\"><\/div>\n<section class=\"section_native_menu tab_content_1 page-product-box tab-pane\">\n<div data-tab=\"21\">\n<h3 class=\"page-product-heading page-heading-title\"><strong>Conseils d&#8217;utilisation :<\/strong><\/h3>\n<div class=\"wrapper-content-tabs\">\n<p>Appliquez une g\u00e9n\u00e9reuse noisette de produit, sur le dos et au creux de vos mains comme sur vos pieds. Frictionnez vos mains entre elles ou massez vos pieds de mani\u00e8re \u00e0 faire p\u00e9n\u00e9trer le soin. Renouvelez l\u2019application autant de fois que vous en ressentez le besoin.<\/p>\n<\/div>\n<\/div>\n<\/section>\n<div id=\"composition\"><\/div>\n<section class=\"section_native_menu tab_content_4 page-product-box tab-pane\">\n<div data-tab=\"24\">\n<h3 class=\"page-product-heading page-heading-title\"><strong>Composition :<\/strong><\/h3>\n<div class=\"wrapper-content-tabs\">\n<p>Formule INCI : Aqua (Purified Water), Glycerin, Urea, Butyrospermum Parkii Butter (Shea Butter), Orbignya Oleifera Oil, Caprylic\/Capric Triglyceride, Dicaprylyl Carbonate, Cyclopentasiloxane, Paraffinum Liquidum (Mineral Oil), Polyglyceryl-4 Isostearate, Cetyl PEG\/PPG-10\/1 Dimethicone, Hexyl Laurate, Pentylene Glycol, Polyisoprene, Sorbitol, Silica Dimethyl Silylate, Sodium Chloride, Bacillus Ferment Filtrate Faex Exrtact, Tetra-Di-T-Butyl Hydroxyhydroxycinnamate, Petrolatum Propylene Glycol, Serine, Sodium Phosphate, Allantoin, Tocopherol, Citric Acid, Disodium EDTA, Chlorphenesin, O-Cymen-5-Ol, Phenoxyethanol, Potassium Sorbate.<\/p>\n<\/div>\n<\/div>\n<\/section>\n<\/section>\n<\/div>","protected":false},"excerpt":{"rendered":"<div class=\"product__main\">\n<div class=\"product__sidebar product__sidebar--is-sticky\">\n<div class=\"inner-wrapper-sticky\">\n<div class=\"product__actions\">\n<div class=\"product__quantity-switcher\"><\/div>\n<div class=\"product__quantity-switcher\">\n<div class=\"x11i5rnm xat24cr x1mh8g0r x1vvkbs xtlvy1s x126k92a\">\n<div dir=\"auto\" style=\"font-family: inherit\" data-mce-style=\"font-family: inherit;\"><strong> Date de p\u00e9remption : 04\/2023 et apr\u00e8s l\u2019ouverture 12 mois<\/strong><\/div>\n<\/div>\n<div class=\"x11i5rnm xat24cr x1mh8g0r x1vvkbs xtlvy1s x126k92a\">\n<div dir=\"auto\" style=\"font-family: inherit\" data-mce-style=\"font-family: inherit;\"><\/div>\n<\/div>\n<\/div>\n<\/div>\n<\/div>\n<\/div>\n<\/div>","protected":false},"featured_media":1844,"comment_status":"open","ping_status":"closed","template":"","meta":[],"product_cat":[65,158,17],"product_tag":[216,105,43,78,270,47,549,545],"berocket_brand":[],"class_list":{"0":"post-141615","1":"product","2":"type-product","3":"status-publish","4":"has-post-thumbnail","6":"product_cat-mains","7":"product_cat-pieds","8":"product_cat-soin-et-bien-etre","9":"product_tag-anti-crevasses","10":"product_tag-anti-dessechement","11":"product_tag-hydratant","12":"product_tag-reparateur","13":"product_tag-sans-paraben-2","14":"product_tag-sans-parfum","15":"product_tag-soin-des-mains-3","16":"product_tag-soin-des-pieds-3","18":"first","19":"outofstock","20":"shipping-taxable","21":"purchasable","22":"product-type-simple"},"yoast_head":"<!-- This site is optimized with the Yoast SEO plugin v24.8 - https:\/\/yoast.com\/wordpress\/plugins\/seo\/ -->\n<title>Xerial cr\u00e8me fissures et crevasses 50ml SVR - Prixgro<\/title>\n<meta name=\"robots\" content=\"index, follow, max-snippet:-1, max-image-preview:large, max-video-preview:-1\" \/>\n<link rel=\"canonical\" href=\"https:\/\/prixgro.com\/ar\/product\/xerial-creme-fissures-et-crevasses-50ml-svr\/\" \/>\n<meta property=\"og:locale\" content=\"ar_AR\" \/>\n<meta property=\"og:type\" content=\"article\" \/>\n<meta property=\"og:title\" content=\"Xerial cr\u00e8me fissures et crevasses 50ml SVR - Prixgro\" \/>\n<meta property=\"og:description\" content=\"Date de p\u00e9remption : 04\/2023 et apr\u00e8s l\u2019ouverture 12 mois\" \/>\n<meta property=\"og:url\" content=\"https:\/\/prixgro.com\/ar\/product\/xerial-creme-fissures-et-crevasses-50ml-svr\/\" \/>\n<meta property=\"og:site_name\" content=\"Prixgro\" \/>\n<meta property=\"article:publisher\" content=\"https:\/\/www.facebook.com\/Pharmacima\" \/>\n<meta property=\"article:modified_time\" content=\"2024-04-09T12:27:55+00:00\" \/>\n<meta property=\"og:image\" content=\"https:\/\/prixgro.com\/wp-content\/uploads\/2023\/09\/71612-e1665937046843.jpg\" \/>\n\t<meta property=\"og:image:width\" content=\"500\" \/>\n\t<meta property=\"og:image:height\" content=\"500\" \/>\n\t<meta property=\"og:image:type\" content=\"image\/jpeg\" \/>\n<meta name=\"twitter:card\" content=\"summary_large_image\" \/>\n<meta name=\"twitter:label1\" content=\"\u0648\u0642\u062a \u0627\u0644\u0642\u0631\u0627\u0621\u0629 \u0627\u0644\u0645\u064f\u0642\u062f\u0651\u0631\" \/>\n\t<meta name=\"twitter:data1\" content=\"3 \u062f\u0642\u0627\u0626\u0642\" \/>\n<script type=\"application\/ld+json\" class=\"yoast-schema-graph\">{\"@context\":\"https:\/\/schema.org\",\"@graph\":[{\"@type\":\"WebPage\",\"@id\":\"https:\/\/prixgro.com\/product\/xerial-creme-fissures-et-crevasses-50ml-svr\/\",\"url\":\"https:\/\/prixgro.com\/product\/xerial-creme-fissures-et-crevasses-50ml-svr\/\",\"name\":\"Xerial cr\u00e8me fissures et crevasses 50ml SVR - Prixgro\",\"isPartOf\":{\"@id\":\"https:\/\/prixgro.com\/#website\"},\"primaryImageOfPage\":{\"@id\":\"https:\/\/prixgro.com\/product\/xerial-creme-fissures-et-crevasses-50ml-svr\/#primaryimage\"},\"image\":{\"@id\":\"https:\/\/prixgro.com\/product\/xerial-creme-fissures-et-crevasses-50ml-svr\/#primaryimage\"},\"thumbnailUrl\":\"https:\/\/prixgro.com\/wp-content\/uploads\/2023\/09\/71612-e1665937046843.jpg\",\"datePublished\":\"2024-04-09T12:27:49+00:00\",\"dateModified\":\"2024-04-09T12:27:55+00:00\",\"breadcrumb\":{\"@id\":\"https:\/\/prixgro.com\/product\/xerial-creme-fissures-et-crevasses-50ml-svr\/#breadcrumb\"},\"inLanguage\":\"ar\",\"potentialAction\":[{\"@type\":\"ReadAction\",\"target\":[\"https:\/\/prixgro.com\/product\/xerial-creme-fissures-et-crevasses-50ml-svr\/\"]}]},{\"@type\":\"ImageObject\",\"inLanguage\":\"ar\",\"@id\":\"https:\/\/prixgro.com\/product\/xerial-creme-fissures-et-crevasses-50ml-svr\/#primaryimage\",\"url\":\"https:\/\/prixgro.com\/wp-content\/uploads\/2023\/09\/71612-e1665937046843.jpg\",\"contentUrl\":\"https:\/\/prixgro.com\/wp-content\/uploads\/2023\/09\/71612-e1665937046843.jpg\",\"width\":500,\"height\":500},{\"@type\":\"BreadcrumbList\",\"@id\":\"https:\/\/prixgro.com\/product\/xerial-creme-fissures-et-crevasses-50ml-svr\/#breadcrumb\",\"itemListElement\":[{\"@type\":\"ListItem\",\"position\":1,\"name\":\"Accueil\",\"item\":\"https:\/\/prixgro.com\/\"},{\"@type\":\"ListItem\",\"position\":2,\"name\":\"Boutique en ligne\",\"item\":\"https:\/\/prixgro.com\/shop\/\"},{\"@type\":\"ListItem\",\"position\":3,\"name\":\"Xerial cr\u00e8me fissures et crevasses 50ml SVR\"}]},{\"@type\":\"WebSite\",\"@id\":\"https:\/\/prixgro.com\/#website\",\"url\":\"https:\/\/prixgro.com\/\",\"name\":\"Prixgro.com\",\"description\":\"Para Pharmaceutique et Cosm\u00e9tique\",\"publisher\":{\"@id\":\"https:\/\/prixgro.com\/#organization\"},\"potentialAction\":[{\"@type\":\"SearchAction\",\"target\":{\"@type\":\"EntryPoint\",\"urlTemplate\":\"https:\/\/prixgro.com\/?s={search_term_string}\"},\"query-input\":{\"@type\":\"PropertyValueSpecification\",\"valueRequired\":true,\"valueName\":\"search_term_string\"}}],\"inLanguage\":\"ar\"},{\"@type\":\"Organization\",\"@id\":\"https:\/\/prixgro.com\/#organization\",\"name\":\"Prixgro\",\"url\":\"https:\/\/prixgro.com\/\",\"logo\":{\"@type\":\"ImageObject\",\"inLanguage\":\"ar\",\"@id\":\"https:\/\/prixgro.com\/#\/schema\/logo\/image\/\",\"url\":\"https:\/\/prixgro.com\/wp-content\/uploads\/2024\/08\/cropped-Nouveau-projet-2.png\",\"contentUrl\":\"https:\/\/prixgro.com\/wp-content\/uploads\/2024\/08\/cropped-Nouveau-projet-2.png\",\"width\":265,\"height\":62,\"caption\":\"Prixgro\"},\"image\":{\"@id\":\"https:\/\/prixgro.com\/#\/schema\/logo\/image\/\"},\"sameAs\":[\"https:\/\/www.facebook.com\/Pharmacima\"]}]}<\/script>\n<!-- \/ Yoast SEO plugin. -->","yoast_head_json":{"title":"Xerial cr\u00e8me fissures et crevasses 50ml SVR - Prixgro","robots":{"index":"index","follow":"follow","max-snippet":"max-snippet:-1","max-image-preview":"max-image-preview:large","max-video-preview":"max-video-preview:-1"},"canonical":"https:\/\/prixgro.com\/ar\/product\/xerial-creme-fissures-et-crevasses-50ml-svr\/","og_locale":"ar_AR","og_type":"article","og_title":"Xerial cr\u00e8me fissures et crevasses 50ml SVR - Prixgro","og_description":"Date de p\u00e9remption : 04\/2023 et apr\u00e8s l\u2019ouverture 12 mois","og_url":"https:\/\/prixgro.com\/ar\/product\/xerial-creme-fissures-et-crevasses-50ml-svr\/","og_site_name":"Prixgro","article_publisher":"https:\/\/www.facebook.com\/Pharmacima","article_modified_time":"2024-04-09T12:27:55+00:00","og_image":[{"width":500,"height":500,"url":"https:\/\/prixgro.com\/wp-content\/uploads\/2023\/09\/71612-e1665937046843.jpg","type":"image\/jpeg"}],"twitter_card":"summary_large_image","twitter_misc":{"\u0648\u0642\u062a \u0627\u0644\u0642\u0631\u0627\u0621\u0629 \u0627\u0644\u0645\u064f\u0642\u062f\u0651\u0631":"3 \u062f\u0642\u0627\u0626\u0642"},"schema":{"@context":"https:\/\/schema.org","@graph":[{"@type":"WebPage","@id":"https:\/\/prixgro.com\/product\/xerial-creme-fissures-et-crevasses-50ml-svr\/","url":"https:\/\/prixgro.com\/product\/xerial-creme-fissures-et-crevasses-50ml-svr\/","name":"Xerial cr\u00e8me fissures et crevasses 50ml SVR - Prixgro","isPartOf":{"@id":"https:\/\/prixgro.com\/#website"},"primaryImageOfPage":{"@id":"https:\/\/prixgro.com\/product\/xerial-creme-fissures-et-crevasses-50ml-svr\/#primaryimage"},"image":{"@id":"https:\/\/prixgro.com\/product\/xerial-creme-fissures-et-crevasses-50ml-svr\/#primaryimage"},"thumbnailUrl":"https:\/\/prixgro.com\/wp-content\/uploads\/2023\/09\/71612-e1665937046843.jpg","datePublished":"2024-04-09T12:27:49+00:00","dateModified":"2024-04-09T12:27:55+00:00","breadcrumb":{"@id":"https:\/\/prixgro.com\/product\/xerial-creme-fissures-et-crevasses-50ml-svr\/#breadcrumb"},"inLanguage":"ar","potentialAction":[{"@type":"ReadAction","target":["https:\/\/prixgro.com\/product\/xerial-creme-fissures-et-crevasses-50ml-svr\/"]}]},{"@type":"ImageObject","inLanguage":"ar","@id":"https:\/\/prixgro.com\/product\/xerial-creme-fissures-et-crevasses-50ml-svr\/#primaryimage","url":"https:\/\/prixgro.com\/wp-content\/uploads\/2023\/09\/71612-e1665937046843.jpg","contentUrl":"https:\/\/prixgro.com\/wp-content\/uploads\/2023\/09\/71612-e1665937046843.jpg","width":500,"height":500},{"@type":"BreadcrumbList","@id":"https:\/\/prixgro.com\/product\/xerial-creme-fissures-et-crevasses-50ml-svr\/#breadcrumb","itemListElement":[{"@type":"ListItem","position":1,"name":"Accueil","item":"https:\/\/prixgro.com\/"},{"@type":"ListItem","position":2,"name":"Boutique en ligne","item":"https:\/\/prixgro.com\/shop\/"},{"@type":"ListItem","position":3,"name":"Xerial cr\u00e8me fissures et crevasses 50ml SVR"}]},{"@type":"WebSite","@id":"https:\/\/prixgro.com\/#website","url":"https:\/\/prixgro.com\/","name":"Prixgro.com","description":"Para Pharmaceutique et Cosm\u00e9tique","publisher":{"@id":"https:\/\/prixgro.com\/#organization"},"potentialAction":[{"@type":"SearchAction","target":{"@type":"EntryPoint","urlTemplate":"https:\/\/prixgro.com\/?s={search_term_string}"},"query-input":{"@type":"PropertyValueSpecification","valueRequired":true,"valueName":"search_term_string"}}],"inLanguage":"ar"},{"@type":"Organization","@id":"https:\/\/prixgro.com\/#organization","name":"Prixgro","url":"https:\/\/prixgro.com\/","logo":{"@type":"ImageObject","inLanguage":"ar","@id":"https:\/\/prixgro.com\/#\/schema\/logo\/image\/","url":"https:\/\/prixgro.com\/wp-content\/uploads\/2024\/08\/cropped-Nouveau-projet-2.png","contentUrl":"https:\/\/prixgro.com\/wp-content\/uploads\/2024\/08\/cropped-Nouveau-projet-2.png","width":265,"height":62,"caption":"Prixgro"},"image":{"@id":"https:\/\/prixgro.com\/#\/schema\/logo\/image\/"},"sameAs":["https:\/\/www.facebook.com\/Pharmacima"]}]}},"_links":{"self":[{"href":"https:\/\/prixgro.com\/ar\/wp-json\/wp\/v2\/product\/141615","targetHints":{"allow":["GET"]}}],"collection":[{"href":"https:\/\/prixgro.com\/ar\/wp-json\/wp\/v2\/product"}],"about":[{"href":"https:\/\/prixgro.com\/ar\/wp-json\/wp\/v2\/types\/product"}],"replies":[{"embeddable":true,"href":"https:\/\/prixgro.com\/ar\/wp-json\/wp\/v2\/comments?post=141615"}],"wp:featuredmedia":[{"embeddable":true,"href":"https:\/\/prixgro.com\/ar\/wp-json\/wp\/v2\/media\/1844"}],"wp:attachment":[{"href":"https:\/\/prixgro.com\/ar\/wp-json\/wp\/v2\/media?parent=141615"}],"wp:term":[{"taxonomy":"product_cat","embeddable":true,"href":"https:\/\/prixgro.com\/ar\/wp-json\/wp\/v2\/product_cat?post=141615"},{"taxonomy":"product_tag","embeddable":true,"href":"https:\/\/prixgro.com\/ar\/wp-json\/wp\/v2\/product_tag?post=141615"},{"taxonomy":"berocket_brand","embeddable":true,"href":"https:\/\/prixgro.com\/ar\/wp-json\/wp\/v2\/berocket_brand?post=141615"}],"curies":[{"name":"wp","href":"https:\/\/api.w.org\/{rel}","templated":true}]}}