{"id":141617,"date":"2024-04-09T14:27:49","date_gmt":"2024-04-09T12:27:49","guid":{"rendered":"https:\/\/cloodmanager.net\/?post_type=product&#038;p=141617"},"modified":"2024-04-09T14:27:55","modified_gmt":"2024-04-09T12:27:55","slug":"clairial-creme-spf50-tres-haute-protection-solaire-anti-taches-50-ml-svr","status":"publish","type":"product","link":"https:\/\/prixgro.com\/ar\/product\/clairial-creme-spf50-tres-haute-protection-solaire-anti-taches-50-ml-svr\/","title":{"rendered":"Clairial Cr\u00e8me SPF50+ Tr\u00e8s Haute Protection Solaire Anti-Taches 50 ml SVR"},"content":{"rendered":"<h3 class=\"titre_zone_desc\">DESCRIPTION :<\/h3>\n<div class=\"content_zone_desc tabcontent\">\n<div id=\"type_info_prio_11_1\">\n<p>SVR Clairial Cr\u00e8me SPF50+ Tr\u00e8s Haute Protection Solaire Anti-Taches 50 ml \u00e0 la texture fluide et au fini mat att\u00e9nue et pr\u00e9vient l&#8217;apparition des taches.<\/p>\n<p>En effet, ce soin solaire, contient des filtres protecteurs UVA\/UVB \u00e0 large spectre et photostables ainsi que du Lumiwhite brevet\u00e9 qui associe plusieurs actifs d\u00e9pigmentants nouvelle g\u00e9n\u00e9ration pour contr\u00f4ler la m\u00e9lanog\u00e9n\u00e8se.<\/p>\n<p>Sa texture s&#8217;\u00e9tale facilement, ne laisse pas de traces blanches et permet le maquillage.<\/p>\n<p>Fabriqu\u00e9 en France. Non com\u00e9dog\u00e8ne, parfum sans allerg\u00e8nes. Sans paraben, sans octocryl\u00e8ne.<\/p>\n<div class=\"titre_zone_desc bloc_depliable_zone_click\">\n<h3>CONSEIL D&#8217;UTILISATION :<\/h3>\n<div class=\"div_arrow_desc\"><\/div>\n<\/div>\n<div class=\"content_zone_desc bloc_depliable_cnt cnt_deplie tabcontent\">\n<div>\n<div id=\"type_info_prio_6_1\">\n<p>Appliquer uniform\u00e9ment le matin. En cas d&#8217;exposition au soleil, renouveler fr\u00e9quemment l&#8217;application.<\/p>\n<p>Hypoallerg\u00e9nique.<\/p>\n<\/div>\n<div class=\"description_indication\"><span class=\"bold\">Indication<\/span>\u00a0:\u00a0<span id=\"type_info_prio_6_2_1\">Taches brunes. Tr\u00e8s haute protection solaire , Tous types de peaux, m\u00eame sensibles. Tous types de taches. Teint terne et irr\u00e9gulier.<br \/><\/span><\/div>\n<div>\n<div class=\"col-xs-12\">\n<p>Visage &#8211; Cou &#8211; D\u00e9collet\u00e9 &#8211; Mains &#8211; Avant-bras.<\/p>\n<\/div>\n<div><\/div>\n<div class=\"col-xs-12\">\n<h3>Formule :<\/h3>\n<p>LAB16.23C.01 Ingredients contains :\u00a0<a class=\"lien_chimie\" href=\"https:\/\/www.beaute-test.com\/clairial-creme-spf50-svr-laboratoire-dermatologique.php\" data-mce-href=\"https:\/\/www.beaute-test.com\/clairial-creme-spf50-svr-laboratoire-dermatologique.php\">Aqua<\/a>\u00a0purified water, diethylamino hydroxybenzoyl hexyl benzoate, diisopropyl adipate,\u00a0<a class=\"lien_chimie\" href=\"https:\/\/www.beaute-test.com\/clairial-creme-spf50-svr-laboratoire-dermatologique.php\" data-mce-href=\"https:\/\/www.beaute-test.com\/clairial-creme-spf50-svr-laboratoire-dermatologique.php\">ethylhexyl methoxycinnamate<\/a>, methyl methacrylate crosspolymer,\u00a0<a class=\"lien_chimie\" href=\"https:\/\/www.beaute-test.com\/clairial-creme-spf50-svr-laboratoire-dermatologique.php\" data-mce-href=\"https:\/\/www.beaute-test.com\/clairial-creme-spf50-svr-laboratoire-dermatologique.php\">cetearyl alcohol<\/a>, bisethylhexyloxyphenol methoxyphenyl triazine, c1215 alkyl benzoate,\u00a0<a class=\"lien_chimie\" href=\"https:\/\/www.beaute-test.com\/clairial-creme-spf50-svr-laboratoire-dermatologique.php\" data-mce-href=\"https:\/\/www.beaute-test.com\/clairial-creme-spf50-svr-laboratoire-dermatologique.php\">silica<\/a>, ceteareth20,\u00a0<a class=\"lien_chimie\" href=\"https:\/\/www.beaute-test.com\/clairial-creme-spf50-svr-laboratoire-dermatologique.php\" data-mce-href=\"https:\/\/www.beaute-test.com\/clairial-creme-spf50-svr-laboratoire-dermatologique.php\">dimethicone<\/a>, ethylhexyl triazone, propanediol, capryliccapric triglyceride, polymethyl methacrylate,\u00a0<a class=\"lien_chimie\" href=\"https:\/\/www.beaute-test.com\/clairial-creme-spf50-svr-laboratoire-dermatologique.php\" data-mce-href=\"https:\/\/www.beaute-test.com\/clairial-creme-spf50-svr-laboratoire-dermatologique.php\">butylene glycol<\/a>,\u00a0<a class=\"lien_chimie\" href=\"https:\/\/www.beaute-test.com\/clairial-creme-spf50-svr-laboratoire-dermatologique.php\" data-mce-href=\"https:\/\/www.beaute-test.com\/clairial-creme-spf50-svr-laboratoire-dermatologique.php\">glycerin<\/a>, phenylbenzimidazole sulfonic acid, aminomethyl propanol,\u00a0<a class=\"lien_chimie\" href=\"https:\/\/www.beaute-test.com\/clairial-creme-spf50-svr-laboratoire-dermatologique.php\" data-mce-href=\"https:\/\/www.beaute-test.com\/clairial-creme-spf50-svr-laboratoire-dermatologique.php\">arginine<\/a>,\u00a0<a class=\"lien_chimie\" href=\"https:\/\/www.beaute-test.com\/clairial-creme-spf50-svr-laboratoire-dermatologique.php\" data-mce-href=\"https:\/\/www.beaute-test.com\/clairial-creme-spf50-svr-laboratoire-dermatologique.php\">bentonite<\/a>, betacarotene, caprylhydroxamic acid, cetearyl\u00a0<a class=\"lien_chimie\" href=\"https:\/\/www.beaute-test.com\/clairial-creme-spf50-svr-laboratoire-dermatologique.php\" data-mce-href=\"https:\/\/www.beaute-test.com\/clairial-creme-spf50-svr-laboratoire-dermatologique.php\">dimethicone<\/a>\u00a0crosspolymer, ci 15850, daucus carota sativa carrot root extract, ethylhexyl ferulate,\u00a0<a class=\"lien_chimie\" href=\"https:\/\/www.beaute-test.com\/clairial-creme-spf50-svr-laboratoire-dermatologique.php\" data-mce-href=\"https:\/\/www.beaute-test.com\/clairial-creme-spf50-svr-laboratoire-dermatologique.php\">glycine soja<\/a>\u00a0soybean oil, hydrogenated phosphatidylcholine,\u00a0<a class=\"lien_chimie\" href=\"https:\/\/www.beaute-test.com\/clairial-creme-spf50-svr-laboratoire-dermatologique.php\" data-mce-href=\"https:\/\/www.beaute-test.com\/clairial-creme-spf50-svr-laboratoire-dermatologique.php\">lecithin<\/a>, phenethyl alcohol, plankton extract, diacetyl boldine, squalane,\u00a0<a class=\"lien_chimie\" href=\"https:\/\/www.beaute-test.com\/clairial-creme-spf50-svr-laboratoire-dermatologique.php\" data-mce-href=\"https:\/\/www.beaute-test.com\/clairial-creme-spf50-svr-laboratoire-dermatologique.php\">tocopherol<\/a>,\u00a0<a class=\"lien_chimie\" href=\"https:\/\/www.beaute-test.com\/clairial-creme-spf50-svr-laboratoire-dermatologique.php\" data-mce-href=\"https:\/\/www.beaute-test.com\/clairial-creme-spf50-svr-laboratoire-dermatologique.php\">tocopheryl acetate<\/a>, undecylenoyl phenylalanine, 1,2hexanediol, caprylyl glycol,\u00a0<a class=\"lien_chimie\" href=\"https:\/\/www.beaute-test.com\/clairial-creme-spf50-svr-laboratoire-dermatologique.php\" data-mce-href=\"https:\/\/www.beaute-test.com\/clairial-creme-spf50-svr-laboratoire-dermatologique.php\">citric acid<\/a>,\u00a0<a class=\"lien_chimie\" href=\"https:\/\/www.beaute-test.com\/clairial-creme-spf50-svr-laboratoire-dermatologique.php\" data-mce-href=\"https:\/\/www.beaute-test.com\/clairial-creme-spf50-svr-laboratoire-dermatologique.php\">disodium edta<\/a>, hydroxyethyl acrylatesodium acryloyldimethyl taurate copolymer, lysolecithin, pentylene glycol,\u00a0<a class=\"lien_chimie\" href=\"https:\/\/www.beaute-test.com\/clairial-creme-spf50-svr-laboratoire-dermatologique.php\" data-mce-href=\"https:\/\/www.beaute-test.com\/clairial-creme-spf50-svr-laboratoire-dermatologique.php\">polysorbate 60<\/a>,\u00a0<a class=\"lien_chimie\" href=\"https:\/\/www.beaute-test.com\/clairial-creme-spf50-svr-laboratoire-dermatologique.php\" data-mce-href=\"https:\/\/www.beaute-test.com\/clairial-creme-spf50-svr-laboratoire-dermatologique.php\">sodium hydroxide<\/a>,\u00a0<a class=\"lien_chimie\" href=\"https:\/\/www.beaute-test.com\/clairial-creme-spf50-svr-laboratoire-dermatologique.php\" data-mce-href=\"https:\/\/www.beaute-test.com\/clairial-creme-spf50-svr-laboratoire-dermatologique.php\">sodium laureth sulfate<\/a>, sorbitan isostearate, triethoxycaprylylsilane,\u00a0<a class=\"lien_chimie\" href=\"https:\/\/www.beaute-test.com\/clairial-creme-spf50-svr-laboratoire-dermatologique.php\" data-mce-href=\"https:\/\/www.beaute-test.com\/clairial-creme-spf50-svr-laboratoire-dermatologique.php\">xanthan gum<\/a>,\u00a0<a class=\"lien_chimie\" href=\"https:\/\/www.beaute-test.com\/clairial-creme-spf50-svr-laboratoire-dermatologique.php\" data-mce-href=\"https:\/\/www.beaute-test.com\/clairial-creme-spf50-svr-laboratoire-dermatologique.php\">parfum<\/a>\u00a0fragrance,\u00a0<a class=\"lien_chimie\" href=\"https:\/\/www.beaute-test.com\/clairial-creme-spf50-svr-laboratoire-dermatologique.php\" data-mce-href=\"https:\/\/www.beaute-test.com\/clairial-creme-spf50-svr-laboratoire-dermatologique.php\">CI 77891<\/a>.<\/p>\n<\/div>\n<\/div>\n<\/div>\n<\/div>\n<\/div>\n<\/div>","protected":false},"excerpt":{"rendered":"<p>Clairial cr\u00e8me SPF50+ SVR est une cr\u00e8me \u00e0 tr\u00e8s haute protection solaire, qui prot\u00e8ge des UVA et UVB \u00e0 large spectre et phtostables. Sa texture fluide et son fini mat att\u00e9nue et pr\u00e9vient les taches.<\/p>","protected":false},"featured_media":1846,"comment_status":"open","ping_status":"closed","template":"","meta":[],"product_cat":[35,17,36],"product_tag":[],"berocket_brand":[],"class_list":{"0":"post-141617","1":"product","2":"type-product","3":"status-publish","4":"has-post-thumbnail","6":"product_cat-protection-solaire","7":"product_cat-soin-et-bien-etre","8":"product_cat-visage-soin-et-bien-etre","10":"first","11":"outofstock","12":"shipping-taxable","13":"purchasable","14":"product-type-simple"},"yoast_head":"<!-- This site is optimized with the Yoast SEO plugin v24.8 - https:\/\/yoast.com\/wordpress\/plugins\/seo\/ -->\n<title>Clairial Cr\u00e8me SPF50+ Tr\u00e8s Haute Protection Solaire Anti-Taches 50 ml SVR - Prixgro<\/title>\n<meta name=\"robots\" content=\"index, follow, max-snippet:-1, max-image-preview:large, max-video-preview:-1\" \/>\n<link rel=\"canonical\" href=\"https:\/\/prixgro.com\/ar\/product\/clairial-creme-spf50-tres-haute-protection-solaire-anti-taches-50-ml-svr\/\" \/>\n<meta property=\"og:locale\" content=\"ar_AR\" \/>\n<meta property=\"og:type\" content=\"article\" \/>\n<meta property=\"og:title\" content=\"Clairial Cr\u00e8me SPF50+ Tr\u00e8s Haute Protection Solaire Anti-Taches 50 ml SVR - Prixgro\" \/>\n<meta property=\"og:description\" content=\"Clairial cr\u00e8me SPF50+ SVR est une cr\u00e8me \u00e0 tr\u00e8s haute protection solaire, qui prot\u00e8ge des UVA et UVB \u00e0 large spectre et phtostables. Sa texture fluide et son fini mat att\u00e9nue et pr\u00e9vient les taches.\" \/>\n<meta property=\"og:url\" content=\"https:\/\/prixgro.com\/ar\/product\/clairial-creme-spf50-tres-haute-protection-solaire-anti-taches-50-ml-svr\/\" \/>\n<meta property=\"og:site_name\" content=\"Prixgro\" \/>\n<meta property=\"article:publisher\" content=\"https:\/\/www.facebook.com\/Pharmacima\" \/>\n<meta property=\"article:modified_time\" content=\"2024-04-09T12:27:55+00:00\" \/>\n<meta property=\"og:image\" content=\"https:\/\/prixgro.com\/wp-content\/uploads\/2023\/09\/clairial_SPF50_svr-e1652214020454.png\" \/>\n\t<meta property=\"og:image:width\" content=\"500\" \/>\n\t<meta property=\"og:image:height\" content=\"500\" \/>\n\t<meta property=\"og:image:type\" content=\"image\/png\" \/>\n<meta name=\"twitter:card\" content=\"summary_large_image\" \/>\n<meta name=\"twitter:label1\" content=\"\u0648\u0642\u062a \u0627\u0644\u0642\u0631\u0627\u0621\u0629 \u0627\u0644\u0645\u064f\u0642\u062f\u0651\u0631\" \/>\n\t<meta name=\"twitter:data1\" content=\"\u062f\u0642\u064a\u0642\u0629 \u0648\u0627\u062d\u062f\u0629\" \/>\n<script type=\"application\/ld+json\" class=\"yoast-schema-graph\">{\"@context\":\"https:\/\/schema.org\",\"@graph\":[{\"@type\":\"WebPage\",\"@id\":\"https:\/\/prixgro.com\/product\/clairial-creme-spf50-tres-haute-protection-solaire-anti-taches-50-ml-svr\/\",\"url\":\"https:\/\/prixgro.com\/product\/clairial-creme-spf50-tres-haute-protection-solaire-anti-taches-50-ml-svr\/\",\"name\":\"Clairial Cr\u00e8me SPF50+ Tr\u00e8s Haute Protection Solaire Anti-Taches 50 ml SVR - Prixgro\",\"isPartOf\":{\"@id\":\"https:\/\/prixgro.com\/#website\"},\"primaryImageOfPage\":{\"@id\":\"https:\/\/prixgro.com\/product\/clairial-creme-spf50-tres-haute-protection-solaire-anti-taches-50-ml-svr\/#primaryimage\"},\"image\":{\"@id\":\"https:\/\/prixgro.com\/product\/clairial-creme-spf50-tres-haute-protection-solaire-anti-taches-50-ml-svr\/#primaryimage\"},\"thumbnailUrl\":\"https:\/\/prixgro.com\/wp-content\/uploads\/2023\/09\/clairial_SPF50_svr-e1652214020454.png\",\"datePublished\":\"2024-04-09T12:27:49+00:00\",\"dateModified\":\"2024-04-09T12:27:55+00:00\",\"breadcrumb\":{\"@id\":\"https:\/\/prixgro.com\/product\/clairial-creme-spf50-tres-haute-protection-solaire-anti-taches-50-ml-svr\/#breadcrumb\"},\"inLanguage\":\"ar\",\"potentialAction\":[{\"@type\":\"ReadAction\",\"target\":[\"https:\/\/prixgro.com\/product\/clairial-creme-spf50-tres-haute-protection-solaire-anti-taches-50-ml-svr\/\"]}]},{\"@type\":\"ImageObject\",\"inLanguage\":\"ar\",\"@id\":\"https:\/\/prixgro.com\/product\/clairial-creme-spf50-tres-haute-protection-solaire-anti-taches-50-ml-svr\/#primaryimage\",\"url\":\"https:\/\/prixgro.com\/wp-content\/uploads\/2023\/09\/clairial_SPF50_svr-e1652214020454.png\",\"contentUrl\":\"https:\/\/prixgro.com\/wp-content\/uploads\/2023\/09\/clairial_SPF50_svr-e1652214020454.png\",\"width\":500,\"height\":500},{\"@type\":\"BreadcrumbList\",\"@id\":\"https:\/\/prixgro.com\/product\/clairial-creme-spf50-tres-haute-protection-solaire-anti-taches-50-ml-svr\/#breadcrumb\",\"itemListElement\":[{\"@type\":\"ListItem\",\"position\":1,\"name\":\"Accueil\",\"item\":\"https:\/\/prixgro.com\/\"},{\"@type\":\"ListItem\",\"position\":2,\"name\":\"Boutique en ligne\",\"item\":\"https:\/\/prixgro.com\/shop\/\"},{\"@type\":\"ListItem\",\"position\":3,\"name\":\"Clairial Cr\u00e8me SPF50+ Tr\u00e8s Haute Protection Solaire Anti-Taches 50 ml SVR\"}]},{\"@type\":\"WebSite\",\"@id\":\"https:\/\/prixgro.com\/#website\",\"url\":\"https:\/\/prixgro.com\/\",\"name\":\"Prixgro.com\",\"description\":\"Para Pharmaceutique et Cosm\u00e9tique\",\"publisher\":{\"@id\":\"https:\/\/prixgro.com\/#organization\"},\"potentialAction\":[{\"@type\":\"SearchAction\",\"target\":{\"@type\":\"EntryPoint\",\"urlTemplate\":\"https:\/\/prixgro.com\/?s={search_term_string}\"},\"query-input\":{\"@type\":\"PropertyValueSpecification\",\"valueRequired\":true,\"valueName\":\"search_term_string\"}}],\"inLanguage\":\"ar\"},{\"@type\":\"Organization\",\"@id\":\"https:\/\/prixgro.com\/#organization\",\"name\":\"Prixgro\",\"url\":\"https:\/\/prixgro.com\/\",\"logo\":{\"@type\":\"ImageObject\",\"inLanguage\":\"ar\",\"@id\":\"https:\/\/prixgro.com\/#\/schema\/logo\/image\/\",\"url\":\"https:\/\/prixgro.com\/wp-content\/uploads\/2024\/08\/cropped-Nouveau-projet-2.png\",\"contentUrl\":\"https:\/\/prixgro.com\/wp-content\/uploads\/2024\/08\/cropped-Nouveau-projet-2.png\",\"width\":265,\"height\":62,\"caption\":\"Prixgro\"},\"image\":{\"@id\":\"https:\/\/prixgro.com\/#\/schema\/logo\/image\/\"},\"sameAs\":[\"https:\/\/www.facebook.com\/Pharmacima\"]}]}<\/script>\n<!-- \/ Yoast SEO plugin. -->","yoast_head_json":{"title":"Clairial Cr\u00e8me SPF50+ Tr\u00e8s Haute Protection Solaire Anti-Taches 50 ml SVR - Prixgro","robots":{"index":"index","follow":"follow","max-snippet":"max-snippet:-1","max-image-preview":"max-image-preview:large","max-video-preview":"max-video-preview:-1"},"canonical":"https:\/\/prixgro.com\/ar\/product\/clairial-creme-spf50-tres-haute-protection-solaire-anti-taches-50-ml-svr\/","og_locale":"ar_AR","og_type":"article","og_title":"Clairial Cr\u00e8me SPF50+ Tr\u00e8s Haute Protection Solaire Anti-Taches 50 ml SVR - Prixgro","og_description":"Clairial cr\u00e8me SPF50+ SVR est une cr\u00e8me \u00e0 tr\u00e8s haute protection solaire, qui prot\u00e8ge des UVA et UVB \u00e0 large spectre et phtostables. Sa texture fluide et son fini mat att\u00e9nue et pr\u00e9vient les taches.","og_url":"https:\/\/prixgro.com\/ar\/product\/clairial-creme-spf50-tres-haute-protection-solaire-anti-taches-50-ml-svr\/","og_site_name":"Prixgro","article_publisher":"https:\/\/www.facebook.com\/Pharmacima","article_modified_time":"2024-04-09T12:27:55+00:00","og_image":[{"width":500,"height":500,"url":"https:\/\/prixgro.com\/wp-content\/uploads\/2023\/09\/clairial_SPF50_svr-e1652214020454.png","type":"image\/png"}],"twitter_card":"summary_large_image","twitter_misc":{"\u0648\u0642\u062a \u0627\u0644\u0642\u0631\u0627\u0621\u0629 \u0627\u0644\u0645\u064f\u0642\u062f\u0651\u0631":"\u062f\u0642\u064a\u0642\u0629 \u0648\u0627\u062d\u062f\u0629"},"schema":{"@context":"https:\/\/schema.org","@graph":[{"@type":"WebPage","@id":"https:\/\/prixgro.com\/product\/clairial-creme-spf50-tres-haute-protection-solaire-anti-taches-50-ml-svr\/","url":"https:\/\/prixgro.com\/product\/clairial-creme-spf50-tres-haute-protection-solaire-anti-taches-50-ml-svr\/","name":"Clairial Cr\u00e8me SPF50+ Tr\u00e8s Haute Protection Solaire Anti-Taches 50 ml SVR - Prixgro","isPartOf":{"@id":"https:\/\/prixgro.com\/#website"},"primaryImageOfPage":{"@id":"https:\/\/prixgro.com\/product\/clairial-creme-spf50-tres-haute-protection-solaire-anti-taches-50-ml-svr\/#primaryimage"},"image":{"@id":"https:\/\/prixgro.com\/product\/clairial-creme-spf50-tres-haute-protection-solaire-anti-taches-50-ml-svr\/#primaryimage"},"thumbnailUrl":"https:\/\/prixgro.com\/wp-content\/uploads\/2023\/09\/clairial_SPF50_svr-e1652214020454.png","datePublished":"2024-04-09T12:27:49+00:00","dateModified":"2024-04-09T12:27:55+00:00","breadcrumb":{"@id":"https:\/\/prixgro.com\/product\/clairial-creme-spf50-tres-haute-protection-solaire-anti-taches-50-ml-svr\/#breadcrumb"},"inLanguage":"ar","potentialAction":[{"@type":"ReadAction","target":["https:\/\/prixgro.com\/product\/clairial-creme-spf50-tres-haute-protection-solaire-anti-taches-50-ml-svr\/"]}]},{"@type":"ImageObject","inLanguage":"ar","@id":"https:\/\/prixgro.com\/product\/clairial-creme-spf50-tres-haute-protection-solaire-anti-taches-50-ml-svr\/#primaryimage","url":"https:\/\/prixgro.com\/wp-content\/uploads\/2023\/09\/clairial_SPF50_svr-e1652214020454.png","contentUrl":"https:\/\/prixgro.com\/wp-content\/uploads\/2023\/09\/clairial_SPF50_svr-e1652214020454.png","width":500,"height":500},{"@type":"BreadcrumbList","@id":"https:\/\/prixgro.com\/product\/clairial-creme-spf50-tres-haute-protection-solaire-anti-taches-50-ml-svr\/#breadcrumb","itemListElement":[{"@type":"ListItem","position":1,"name":"Accueil","item":"https:\/\/prixgro.com\/"},{"@type":"ListItem","position":2,"name":"Boutique en ligne","item":"https:\/\/prixgro.com\/shop\/"},{"@type":"ListItem","position":3,"name":"Clairial Cr\u00e8me SPF50+ Tr\u00e8s Haute Protection Solaire Anti-Taches 50 ml SVR"}]},{"@type":"WebSite","@id":"https:\/\/prixgro.com\/#website","url":"https:\/\/prixgro.com\/","name":"Prixgro.com","description":"Para Pharmaceutique et Cosm\u00e9tique","publisher":{"@id":"https:\/\/prixgro.com\/#organization"},"potentialAction":[{"@type":"SearchAction","target":{"@type":"EntryPoint","urlTemplate":"https:\/\/prixgro.com\/?s={search_term_string}"},"query-input":{"@type":"PropertyValueSpecification","valueRequired":true,"valueName":"search_term_string"}}],"inLanguage":"ar"},{"@type":"Organization","@id":"https:\/\/prixgro.com\/#organization","name":"Prixgro","url":"https:\/\/prixgro.com\/","logo":{"@type":"ImageObject","inLanguage":"ar","@id":"https:\/\/prixgro.com\/#\/schema\/logo\/image\/","url":"https:\/\/prixgro.com\/wp-content\/uploads\/2024\/08\/cropped-Nouveau-projet-2.png","contentUrl":"https:\/\/prixgro.com\/wp-content\/uploads\/2024\/08\/cropped-Nouveau-projet-2.png","width":265,"height":62,"caption":"Prixgro"},"image":{"@id":"https:\/\/prixgro.com\/#\/schema\/logo\/image\/"},"sameAs":["https:\/\/www.facebook.com\/Pharmacima"]}]}},"_links":{"self":[{"href":"https:\/\/prixgro.com\/ar\/wp-json\/wp\/v2\/product\/141617","targetHints":{"allow":["GET"]}}],"collection":[{"href":"https:\/\/prixgro.com\/ar\/wp-json\/wp\/v2\/product"}],"about":[{"href":"https:\/\/prixgro.com\/ar\/wp-json\/wp\/v2\/types\/product"}],"replies":[{"embeddable":true,"href":"https:\/\/prixgro.com\/ar\/wp-json\/wp\/v2\/comments?post=141617"}],"wp:featuredmedia":[{"embeddable":true,"href":"https:\/\/prixgro.com\/ar\/wp-json\/wp\/v2\/media\/1846"}],"wp:attachment":[{"href":"https:\/\/prixgro.com\/ar\/wp-json\/wp\/v2\/media?parent=141617"}],"wp:term":[{"taxonomy":"product_cat","embeddable":true,"href":"https:\/\/prixgro.com\/ar\/wp-json\/wp\/v2\/product_cat?post=141617"},{"taxonomy":"product_tag","embeddable":true,"href":"https:\/\/prixgro.com\/ar\/wp-json\/wp\/v2\/product_tag?post=141617"},{"taxonomy":"berocket_brand","embeddable":true,"href":"https:\/\/prixgro.com\/ar\/wp-json\/wp\/v2\/berocket_brand?post=141617"}],"curies":[{"name":"wp","href":"https:\/\/api.w.org\/{rel}","templated":true}]}}