{"id":141620,"date":"2024-04-09T14:27:49","date_gmt":"2024-04-09T12:27:49","guid":{"rendered":"https:\/\/cloodmanager.net\/?post_type=product&#038;p=141620"},"modified":"2024-04-09T14:27:56","modified_gmt":"2024-04-09T12:27:56","slug":"cicavit-plus-creme-40-ml-svr","status":"publish","type":"product","link":"https:\/\/prixgro.com\/ar\/product\/cicavit-plus-creme-40-ml-svr\/","title":{"rendered":"Cicavit plus Cr\u00e8me 40 ML SVR"},"content":{"rendered":"<h3><strong>DESCRIPTION :<\/strong><\/h3>\n<p>Peau irrit\u00e9e, ab\u00eem\u00e9e , fragilis\u00e9e ? Quotidiennement, la peau de toute la famille subit des agressions entra\u00eenant irritations et inconforts, affectant aussi bien le corps que les zones fragiles du visage ou des muqueuses externes :<\/p>\n<p>&#8211; S\u00e9cheresse, rougeurs<\/p>\n<p>&#8211; Ger\u00e7ures, \u00e9corchures<\/p>\n<p>&#8211; Rougeurs du si\u00e8ge<\/p>\n<p>&#8211; Tatouage, post-actes dermatologiques (peeling)<\/p>\n<p>&#8211; \u00c9chauffements, coups de soleil<\/p>\n<p>&#8211; Epilation, rasage<\/p>\n<p>INNOVATION : SVR cr\u00e9e CICAVIT+ Cr\u00e8me, le soin SOS tout en un !<\/p>\n<p>Le 1er* soin r\u00e9parateur SOS bobos quotidiens qui soulage et r\u00e9\u00e9quilibre les peaux abim\u00e9es et irrit\u00e9es de toute la famille :<\/p>\n<p>+ Une prouesse formulatoire, association unique d\u2019actifs r\u00e9parateurs et apaisants \u00e0 la plus haute concentration* (43%) pour :<\/p>\n<ol>\n<li>Une puissante action r\u00e9paratrice : acc\u00e9l\u00e8re x7** la r\u00e9paration cutan\u00e9e<\/li>\n<li>Une action anti-bact\u00e9rienne s\u00e9lective<\/li>\n<li>Une action sur l\u2019\u00e9quilibre de la flore cutan\u00e9e<\/li>\n<\/ol>\n<p>+ Efficacit\u00e9 prouv\u00e9e anti-marques &amp; anti-rougeurs<\/p>\n<p>+ Actions renforc\u00e9es anti-grattage &amp; anti-irritations<\/p>\n<p>+ Des volontaires convaincus et des r\u00e9sultats bluffants m\u00eame sur des peaux fragilis\u00e9es apr\u00e8s un peeling dermatologique<\/p>\n<p>+ Le tout dans une texture fondante et protectrice qui ne colle pas et p\u00e9n\u00e8tre rapidement<\/p>\n<h3><strong>Conseils d&#8217;utilisation :<\/strong><\/h3>\n<p>A appliquer sur les zones concern\u00e9es propres et s\u00e8ches 2 fois par jour, jusqu\u2019\u00e0 r\u00e9paration compl\u00e8te.<\/p>\n<p>Usage externe.<\/p>\n<p><strong>Composition :<\/strong><\/p>\n<p>Formule INCI:<br \/>Aqua (Purified water), hydrogenated polyisobutene, butyrospermum parkii (shea) butter, glycerin, dimethiconol behenate, orbignya oleifera seed oil, propanediol, ethylhexyl stearate, dimethicone, peg-30 dipolyhydroxystearate, alpha-glucan oligosaccharide, caffeyl, glucoside, disodium acetyl glucosamine phosphate, glucose, rhamnose, tocopherol, 1-2-hexanediol, caprylyl glycol, citric acid, glucuronic acid, magnesium sulfate, pentylene glycol, sodium hydroxide, xanthan gum, p-anisic acid.<\/p>","protected":false},"excerpt":{"rendered":"<p>Cr\u00e8me apaisante r\u00e9paration acc\u00e9l\u00e9r\u00e9e anti-marques. Peaux abim\u00e9es, irrit\u00e9es. B\u00e9b\u00e9, enfant et adulte.<\/p>\n<p>40 ML.<\/p>","protected":false},"featured_media":1868,"comment_status":"open","ping_status":"closed","template":"","meta":[],"product_cat":[17,36],"product_tag":[52,105,483,54,501,80,73,56,476,60,529,63],"berocket_brand":[],"class_list":{"0":"post-141620","1":"product","2":"type-product","3":"status-publish","4":"has-post-thumbnail","6":"product_cat-soin-et-bien-etre","7":"product_cat-visage-soin-et-bien-etre","8":"product_tag-adultes","9":"product_tag-anti-dessechement","10":"product_tag-anti-grattage-2","11":"product_tag-anti-irritant","12":"product_tag-anti-marques-2","13":"product_tag-anti-rougeurs","14":"product_tag-creme","15":"product_tag-enfants","16":"product_tag-nourrissant-bebe-2","17":"product_tag-peaux-abimes","18":"product_tag-peaux-fragiles-2","19":"product_tag-soin-apaisant","21":"first","22":"outofstock","23":"shipping-taxable","24":"purchasable","25":"product-type-simple"},"yoast_head":"<!-- This site is optimized with the Yoast SEO plugin v24.8 - https:\/\/yoast.com\/wordpress\/plugins\/seo\/ -->\n<title>Cicavit plus Cr\u00e8me 40 ML SVR - Prixgro<\/title>\n<meta name=\"robots\" content=\"index, follow, max-snippet:-1, max-image-preview:large, max-video-preview:-1\" \/>\n<link rel=\"canonical\" href=\"https:\/\/prixgro.com\/ar\/product\/cicavit-plus-creme-40-ml-svr\/\" \/>\n<meta property=\"og:locale\" content=\"ar_AR\" \/>\n<meta property=\"og:type\" content=\"article\" \/>\n<meta property=\"og:title\" content=\"Cicavit plus Cr\u00e8me 40 ML SVR - Prixgro\" \/>\n<meta property=\"og:description\" content=\"Cr\u00e8me apaisante r\u00e9paration acc\u00e9l\u00e9r\u00e9e anti-marques. Peaux abim\u00e9es, irrit\u00e9es. B\u00e9b\u00e9, enfant et adulte.40 ML.\" \/>\n<meta property=\"og:url\" content=\"https:\/\/prixgro.com\/ar\/product\/cicavit-plus-creme-40-ml-svr\/\" \/>\n<meta property=\"og:site_name\" content=\"Prixgro\" \/>\n<meta property=\"article:publisher\" content=\"https:\/\/www.facebook.com\/Pharmacima\" \/>\n<meta property=\"article:modified_time\" content=\"2024-04-09T12:27:56+00:00\" \/>\n<meta property=\"og:image\" content=\"https:\/\/prixgro.com\/wp-content\/uploads\/2023\/09\/cicavit_creme-100ml_2000x2000_6cfb23ca-b64d-4871-a0d9-9df7f0af32bc_600x600_crop_center-e1617529535716.jpg\" \/>\n\t<meta property=\"og:image:width\" content=\"450\" \/>\n\t<meta property=\"og:image:height\" content=\"450\" \/>\n\t<meta property=\"og:image:type\" content=\"image\/jpeg\" \/>\n<meta name=\"twitter:card\" content=\"summary_large_image\" \/>\n<meta name=\"twitter:label1\" content=\"\u0648\u0642\u062a \u0627\u0644\u0642\u0631\u0627\u0621\u0629 \u0627\u0644\u0645\u064f\u0642\u062f\u0651\u0631\" \/>\n\t<meta name=\"twitter:data1\" content=\"\u062f\u0642\u064a\u0642\u0629 \u0648\u0627\u062d\u062f\u0629\" \/>\n<script type=\"application\/ld+json\" class=\"yoast-schema-graph\">{\"@context\":\"https:\/\/schema.org\",\"@graph\":[{\"@type\":\"WebPage\",\"@id\":\"https:\/\/prixgro.com\/product\/cicavit-plus-creme-40-ml-svr\/\",\"url\":\"https:\/\/prixgro.com\/product\/cicavit-plus-creme-40-ml-svr\/\",\"name\":\"Cicavit plus Cr\u00e8me 40 ML SVR - Prixgro\",\"isPartOf\":{\"@id\":\"https:\/\/prixgro.com\/#website\"},\"primaryImageOfPage\":{\"@id\":\"https:\/\/prixgro.com\/product\/cicavit-plus-creme-40-ml-svr\/#primaryimage\"},\"image\":{\"@id\":\"https:\/\/prixgro.com\/product\/cicavit-plus-creme-40-ml-svr\/#primaryimage\"},\"thumbnailUrl\":\"https:\/\/prixgro.com\/wp-content\/uploads\/2023\/09\/cicavit_creme-100ml_2000x2000_6cfb23ca-b64d-4871-a0d9-9df7f0af32bc_600x600_crop_center-e1617529535716.jpg\",\"datePublished\":\"2024-04-09T12:27:49+00:00\",\"dateModified\":\"2024-04-09T12:27:56+00:00\",\"breadcrumb\":{\"@id\":\"https:\/\/prixgro.com\/product\/cicavit-plus-creme-40-ml-svr\/#breadcrumb\"},\"inLanguage\":\"ar\",\"potentialAction\":[{\"@type\":\"ReadAction\",\"target\":[\"https:\/\/prixgro.com\/product\/cicavit-plus-creme-40-ml-svr\/\"]}]},{\"@type\":\"ImageObject\",\"inLanguage\":\"ar\",\"@id\":\"https:\/\/prixgro.com\/product\/cicavit-plus-creme-40-ml-svr\/#primaryimage\",\"url\":\"https:\/\/prixgro.com\/wp-content\/uploads\/2023\/09\/cicavit_creme-100ml_2000x2000_6cfb23ca-b64d-4871-a0d9-9df7f0af32bc_600x600_crop_center-e1617529535716.jpg\",\"contentUrl\":\"https:\/\/prixgro.com\/wp-content\/uploads\/2023\/09\/cicavit_creme-100ml_2000x2000_6cfb23ca-b64d-4871-a0d9-9df7f0af32bc_600x600_crop_center-e1617529535716.jpg\",\"width\":450,\"height\":450},{\"@type\":\"BreadcrumbList\",\"@id\":\"https:\/\/prixgro.com\/product\/cicavit-plus-creme-40-ml-svr\/#breadcrumb\",\"itemListElement\":[{\"@type\":\"ListItem\",\"position\":1,\"name\":\"Accueil\",\"item\":\"https:\/\/prixgro.com\/\"},{\"@type\":\"ListItem\",\"position\":2,\"name\":\"Boutique en ligne\",\"item\":\"https:\/\/prixgro.com\/shop\/\"},{\"@type\":\"ListItem\",\"position\":3,\"name\":\"Cicavit plus Cr\u00e8me 40 ML SVR\"}]},{\"@type\":\"WebSite\",\"@id\":\"https:\/\/prixgro.com\/#website\",\"url\":\"https:\/\/prixgro.com\/\",\"name\":\"Prixgro.com\",\"description\":\"Para Pharmaceutique et Cosm\u00e9tique\",\"publisher\":{\"@id\":\"https:\/\/prixgro.com\/#organization\"},\"potentialAction\":[{\"@type\":\"SearchAction\",\"target\":{\"@type\":\"EntryPoint\",\"urlTemplate\":\"https:\/\/prixgro.com\/?s={search_term_string}\"},\"query-input\":{\"@type\":\"PropertyValueSpecification\",\"valueRequired\":true,\"valueName\":\"search_term_string\"}}],\"inLanguage\":\"ar\"},{\"@type\":\"Organization\",\"@id\":\"https:\/\/prixgro.com\/#organization\",\"name\":\"Prixgro\",\"url\":\"https:\/\/prixgro.com\/\",\"logo\":{\"@type\":\"ImageObject\",\"inLanguage\":\"ar\",\"@id\":\"https:\/\/prixgro.com\/#\/schema\/logo\/image\/\",\"url\":\"https:\/\/prixgro.com\/wp-content\/uploads\/2024\/08\/cropped-Nouveau-projet-2.png\",\"contentUrl\":\"https:\/\/prixgro.com\/wp-content\/uploads\/2024\/08\/cropped-Nouveau-projet-2.png\",\"width\":265,\"height\":62,\"caption\":\"Prixgro\"},\"image\":{\"@id\":\"https:\/\/prixgro.com\/#\/schema\/logo\/image\/\"},\"sameAs\":[\"https:\/\/www.facebook.com\/Pharmacima\"]}]}<\/script>\n<!-- \/ Yoast SEO plugin. -->","yoast_head_json":{"title":"Cicavit plus Cr\u00e8me 40 ML SVR - Prixgro","robots":{"index":"index","follow":"follow","max-snippet":"max-snippet:-1","max-image-preview":"max-image-preview:large","max-video-preview":"max-video-preview:-1"},"canonical":"https:\/\/prixgro.com\/ar\/product\/cicavit-plus-creme-40-ml-svr\/","og_locale":"ar_AR","og_type":"article","og_title":"Cicavit plus Cr\u00e8me 40 ML SVR - Prixgro","og_description":"Cr\u00e8me apaisante r\u00e9paration acc\u00e9l\u00e9r\u00e9e anti-marques. Peaux abim\u00e9es, irrit\u00e9es. B\u00e9b\u00e9, enfant et adulte.40 ML.","og_url":"https:\/\/prixgro.com\/ar\/product\/cicavit-plus-creme-40-ml-svr\/","og_site_name":"Prixgro","article_publisher":"https:\/\/www.facebook.com\/Pharmacima","article_modified_time":"2024-04-09T12:27:56+00:00","og_image":[{"width":450,"height":450,"url":"https:\/\/prixgro.com\/wp-content\/uploads\/2023\/09\/cicavit_creme-100ml_2000x2000_6cfb23ca-b64d-4871-a0d9-9df7f0af32bc_600x600_crop_center-e1617529535716.jpg","type":"image\/jpeg"}],"twitter_card":"summary_large_image","twitter_misc":{"\u0648\u0642\u062a \u0627\u0644\u0642\u0631\u0627\u0621\u0629 \u0627\u0644\u0645\u064f\u0642\u062f\u0651\u0631":"\u062f\u0642\u064a\u0642\u0629 \u0648\u0627\u062d\u062f\u0629"},"schema":{"@context":"https:\/\/schema.org","@graph":[{"@type":"WebPage","@id":"https:\/\/prixgro.com\/product\/cicavit-plus-creme-40-ml-svr\/","url":"https:\/\/prixgro.com\/product\/cicavit-plus-creme-40-ml-svr\/","name":"Cicavit plus Cr\u00e8me 40 ML SVR - Prixgro","isPartOf":{"@id":"https:\/\/prixgro.com\/#website"},"primaryImageOfPage":{"@id":"https:\/\/prixgro.com\/product\/cicavit-plus-creme-40-ml-svr\/#primaryimage"},"image":{"@id":"https:\/\/prixgro.com\/product\/cicavit-plus-creme-40-ml-svr\/#primaryimage"},"thumbnailUrl":"https:\/\/prixgro.com\/wp-content\/uploads\/2023\/09\/cicavit_creme-100ml_2000x2000_6cfb23ca-b64d-4871-a0d9-9df7f0af32bc_600x600_crop_center-e1617529535716.jpg","datePublished":"2024-04-09T12:27:49+00:00","dateModified":"2024-04-09T12:27:56+00:00","breadcrumb":{"@id":"https:\/\/prixgro.com\/product\/cicavit-plus-creme-40-ml-svr\/#breadcrumb"},"inLanguage":"ar","potentialAction":[{"@type":"ReadAction","target":["https:\/\/prixgro.com\/product\/cicavit-plus-creme-40-ml-svr\/"]}]},{"@type":"ImageObject","inLanguage":"ar","@id":"https:\/\/prixgro.com\/product\/cicavit-plus-creme-40-ml-svr\/#primaryimage","url":"https:\/\/prixgro.com\/wp-content\/uploads\/2023\/09\/cicavit_creme-100ml_2000x2000_6cfb23ca-b64d-4871-a0d9-9df7f0af32bc_600x600_crop_center-e1617529535716.jpg","contentUrl":"https:\/\/prixgro.com\/wp-content\/uploads\/2023\/09\/cicavit_creme-100ml_2000x2000_6cfb23ca-b64d-4871-a0d9-9df7f0af32bc_600x600_crop_center-e1617529535716.jpg","width":450,"height":450},{"@type":"BreadcrumbList","@id":"https:\/\/prixgro.com\/product\/cicavit-plus-creme-40-ml-svr\/#breadcrumb","itemListElement":[{"@type":"ListItem","position":1,"name":"Accueil","item":"https:\/\/prixgro.com\/"},{"@type":"ListItem","position":2,"name":"Boutique en ligne","item":"https:\/\/prixgro.com\/shop\/"},{"@type":"ListItem","position":3,"name":"Cicavit plus Cr\u00e8me 40 ML SVR"}]},{"@type":"WebSite","@id":"https:\/\/prixgro.com\/#website","url":"https:\/\/prixgro.com\/","name":"Prixgro.com","description":"Para Pharmaceutique et Cosm\u00e9tique","publisher":{"@id":"https:\/\/prixgro.com\/#organization"},"potentialAction":[{"@type":"SearchAction","target":{"@type":"EntryPoint","urlTemplate":"https:\/\/prixgro.com\/?s={search_term_string}"},"query-input":{"@type":"PropertyValueSpecification","valueRequired":true,"valueName":"search_term_string"}}],"inLanguage":"ar"},{"@type":"Organization","@id":"https:\/\/prixgro.com\/#organization","name":"Prixgro","url":"https:\/\/prixgro.com\/","logo":{"@type":"ImageObject","inLanguage":"ar","@id":"https:\/\/prixgro.com\/#\/schema\/logo\/image\/","url":"https:\/\/prixgro.com\/wp-content\/uploads\/2024\/08\/cropped-Nouveau-projet-2.png","contentUrl":"https:\/\/prixgro.com\/wp-content\/uploads\/2024\/08\/cropped-Nouveau-projet-2.png","width":265,"height":62,"caption":"Prixgro"},"image":{"@id":"https:\/\/prixgro.com\/#\/schema\/logo\/image\/"},"sameAs":["https:\/\/www.facebook.com\/Pharmacima"]}]}},"_links":{"self":[{"href":"https:\/\/prixgro.com\/ar\/wp-json\/wp\/v2\/product\/141620","targetHints":{"allow":["GET"]}}],"collection":[{"href":"https:\/\/prixgro.com\/ar\/wp-json\/wp\/v2\/product"}],"about":[{"href":"https:\/\/prixgro.com\/ar\/wp-json\/wp\/v2\/types\/product"}],"replies":[{"embeddable":true,"href":"https:\/\/prixgro.com\/ar\/wp-json\/wp\/v2\/comments?post=141620"}],"wp:featuredmedia":[{"embeddable":true,"href":"https:\/\/prixgro.com\/ar\/wp-json\/wp\/v2\/media\/1868"}],"wp:attachment":[{"href":"https:\/\/prixgro.com\/ar\/wp-json\/wp\/v2\/media?parent=141620"}],"wp:term":[{"taxonomy":"product_cat","embeddable":true,"href":"https:\/\/prixgro.com\/ar\/wp-json\/wp\/v2\/product_cat?post=141620"},{"taxonomy":"product_tag","embeddable":true,"href":"https:\/\/prixgro.com\/ar\/wp-json\/wp\/v2\/product_tag?post=141620"},{"taxonomy":"berocket_brand","embeddable":true,"href":"https:\/\/prixgro.com\/ar\/wp-json\/wp\/v2\/berocket_brand?post=141620"}],"curies":[{"name":"wp","href":"https:\/\/api.w.org\/{rel}","templated":true}]}}