{"id":141623,"date":"2024-04-09T14:27:49","date_gmt":"2024-04-09T12:27:49","guid":{"rendered":"https:\/\/cloodmanager.net\/?post_type=product&#038;p=141623"},"modified":"2024-08-06T18:20:50","modified_gmt":"2024-08-06T16:20:50","slug":"sun-secure-blur-spf50-50ml-svr","status":"publish","type":"product","link":"https:\/\/prixgro.com\/ar\/product\/sun-secure-blur-spf50-50ml-svr\/","title":{"rendered":"Sun Secure Blur SPF50 50ml SVR"},"content":{"rendered":"<h2><strong>DESCRIPTION :\u00a0<\/strong><\/h2>\n<p>Pour toutes les peaux sensibles. Adultes. Visage.<\/p>\n<p>SUN SECURE Blur offre une haute protection solaire dans une texture mousse magique\u00a0!<\/p>\n<p>La cr\u00e8me mousse abricot\u00e9e fond instantan\u00e9ment sur la peau et devient invisible pour un effet peau nue. Les imperfections sont flout\u00e9es, le teint liss\u00e9 et unifi\u00e9, la peau incroyablement velout\u00e9e. Comme une base de maquillage, la protection en plus.<\/p>\n<p>Le plaisir d\u2019\u00eatre bien prot\u00e9g\u00e9 !<\/p>\n<p>\u2022\u00a0<strong>100%<\/strong>\u00a0Fond instantan\u00e9ment sur la peau, Lisse la peau durablement<sup>(1)<\/sup><br \/>\u2022\u00a0<strong>95%<\/strong>\u00a0de volontaires convaincus<sup>(1)<\/sup><\/p>\n<p>(1) SVR SUN SECURE Blur, test d\u2019usage 20 volontaires, 28 jours, % de satisfaction<\/p>\n<h2><strong>CONSEIL D&#8217;UTILISATION :\u00a0<\/strong><\/h2>\n<p>Appliquer une noisette de produit. La r\u00e9partir sur toutes les zones du visage et l\u2019\u00e9tirer comme une base de maquillage.<\/p>\n<p>Appliquer le matin et avant chaque exposition au soleil sur le visage. Renouveler fr\u00e9quemment lors d\u2019exposition prolong\u00e9e.<\/p>\n<h2><strong>COMPOSITION :<br \/><\/strong><\/h2>\n<p>AQUA\/WATER\/EAU, SILICA, ISODODECANE, DIETHYLAMINO HYDROXYBENZOYL HEXYL BENZOATE, DICAPRYLYL CARBONATE, ISOPROPYL LAUROYL SARCOSINATE, ETHYLHEXYL TRIAZONE, BEHENETH-25, DIETHYLHEXYL BUTAMIDO TRIAZONE, BIS-ETHYLHEXYLOXYPHENOL METHOXYPHENYL TRIAZINE, COCO-CAPRYLATE\/CAPRATE, DIMETHICONE\/BIS-ISOBUTYL PPG-20 CROSSPOLYMER, PENTYLENE GLYCOL, CETEARYL ALCOHOL, 1,2-HEXANEDIOL, NIACINAMIDE, CI 15850 (RED 6), GLYCINE SOJA (SOYBEAN) OIL, LECITHIN, LEPIDIUM SATIVUM SPROUT EXTRACT, GLYCERIN, TOCOPHEROL, CAPRYLYL GLYCOL, ETHYLHEXYLGLYCERIN, SODIUM POLYACRYLATE STARCH, TRIETHOXYCAPRYLYLSILANE, COCO-GLUCOSIDE, PARFUM (FRAGRANCE), CI 77492 (IRON OXIDES)<\/p>\n<p>La liste des ingr\u00e9dients peut \u00eatre soumise \u00e0 des modifications, nous vous conseillons de v\u00e9rifier la liste figurant sur le produit achet\u00e9.<\/p>","protected":false},"excerpt":{"rendered":"<h3 class=\"product__title\"><span style=\"color: #f0691a\" data-mce-style=\"color: #f0691a;\"><em><strong>Cr\u00e8me mousse flouteur optique SPF50<\/strong><\/em><\/span><\/h3>\n<p><span style=\"color: #008000\" data-mce-style=\"color: #008000;\"><strong>Contenance : 50ML.<\/strong><\/span><\/p>\n<div class=\"product__subtitle\"><\/div>","protected":false},"featured_media":1871,"comment_status":"open","ping_status":"closed","template":"","meta":[],"product_cat":[98,17,36],"product_tag":[],"berocket_brand":[751],"class_list":{"0":"post-141623","1":"product","2":"type-product","3":"status-publish","4":"has-post-thumbnail","6":"product_cat-cou","7":"product_cat-soin-et-bien-etre","8":"product_cat-visage-soin-et-bien-etre","9":"berocket_brand-svr","11":"first","12":"outofstock","13":"shipping-taxable","14":"purchasable","15":"product-type-simple"},"yoast_head":"<!-- This site is optimized with the Yoast SEO plugin v24.8 - https:\/\/yoast.com\/wordpress\/plugins\/seo\/ -->\n<title>Sun Secure Blur SPF50 50ml SVR - Prixgro<\/title>\n<meta name=\"robots\" content=\"index, follow, max-snippet:-1, max-image-preview:large, max-video-preview:-1\" \/>\n<link rel=\"canonical\" href=\"https:\/\/prixgro.com\/ar\/product\/sun-secure-blur-spf50-50ml-svr\/\" \/>\n<meta property=\"og:locale\" content=\"ar_AR\" \/>\n<meta property=\"og:type\" content=\"article\" \/>\n<meta property=\"og:title\" content=\"Sun Secure Blur SPF50 50ml SVR - Prixgro\" \/>\n<meta property=\"og:description\" content=\"Cr\u00e8me mousse flouteur optique SPF50Contenance : 50ML.\" \/>\n<meta property=\"og:url\" content=\"https:\/\/prixgro.com\/ar\/product\/sun-secure-blur-spf50-50ml-svr\/\" \/>\n<meta property=\"og:site_name\" content=\"Prixgro\" \/>\n<meta property=\"article:publisher\" content=\"https:\/\/www.facebook.com\/Pharmacima\" \/>\n<meta property=\"article:modified_time\" content=\"2024-08-06T16:20:50+00:00\" \/>\n<meta property=\"og:image\" content=\"https:\/\/prixgro.com\/wp-content\/uploads\/2023\/09\/Sun-secure_blur_2000x2000_2022_3_a97cee70-2f2e-4090-9e09-77e1c2862a21_600x600_crop_center-e1682335465875.jpg\" \/>\n\t<meta property=\"og:image:width\" content=\"500\" \/>\n\t<meta property=\"og:image:height\" content=\"500\" \/>\n\t<meta property=\"og:image:type\" content=\"image\/jpeg\" \/>\n<meta name=\"twitter:card\" content=\"summary_large_image\" \/>\n<meta name=\"twitter:label1\" content=\"\u0648\u0642\u062a \u0627\u0644\u0642\u0631\u0627\u0621\u0629 \u0627\u0644\u0645\u064f\u0642\u062f\u0651\u0631\" \/>\n\t<meta name=\"twitter:data1\" content=\"\u062f\u0642\u064a\u0642\u0629 \u0648\u0627\u062d\u062f\u0629\" \/>\n<script type=\"application\/ld+json\" class=\"yoast-schema-graph\">{\"@context\":\"https:\/\/schema.org\",\"@graph\":[{\"@type\":\"WebPage\",\"@id\":\"https:\/\/prixgro.com\/product\/sun-secure-blur-spf50-50ml-svr\/\",\"url\":\"https:\/\/prixgro.com\/product\/sun-secure-blur-spf50-50ml-svr\/\",\"name\":\"Sun Secure Blur SPF50 50ml SVR - Prixgro\",\"isPartOf\":{\"@id\":\"https:\/\/prixgro.com\/#website\"},\"primaryImageOfPage\":{\"@id\":\"https:\/\/prixgro.com\/product\/sun-secure-blur-spf50-50ml-svr\/#primaryimage\"},\"image\":{\"@id\":\"https:\/\/prixgro.com\/product\/sun-secure-blur-spf50-50ml-svr\/#primaryimage\"},\"thumbnailUrl\":\"https:\/\/prixgro.com\/wp-content\/uploads\/2023\/09\/Sun-secure_blur_2000x2000_2022_3_a97cee70-2f2e-4090-9e09-77e1c2862a21_600x600_crop_center-e1682335465875.jpg\",\"datePublished\":\"2024-04-09T12:27:49+00:00\",\"dateModified\":\"2024-08-06T16:20:50+00:00\",\"breadcrumb\":{\"@id\":\"https:\/\/prixgro.com\/product\/sun-secure-blur-spf50-50ml-svr\/#breadcrumb\"},\"inLanguage\":\"ar\",\"potentialAction\":[{\"@type\":\"ReadAction\",\"target\":[\"https:\/\/prixgro.com\/product\/sun-secure-blur-spf50-50ml-svr\/\"]}]},{\"@type\":\"ImageObject\",\"inLanguage\":\"ar\",\"@id\":\"https:\/\/prixgro.com\/product\/sun-secure-blur-spf50-50ml-svr\/#primaryimage\",\"url\":\"https:\/\/prixgro.com\/wp-content\/uploads\/2023\/09\/Sun-secure_blur_2000x2000_2022_3_a97cee70-2f2e-4090-9e09-77e1c2862a21_600x600_crop_center-e1682335465875.jpg\",\"contentUrl\":\"https:\/\/prixgro.com\/wp-content\/uploads\/2023\/09\/Sun-secure_blur_2000x2000_2022_3_a97cee70-2f2e-4090-9e09-77e1c2862a21_600x600_crop_center-e1682335465875.jpg\",\"width\":500,\"height\":500},{\"@type\":\"BreadcrumbList\",\"@id\":\"https:\/\/prixgro.com\/product\/sun-secure-blur-spf50-50ml-svr\/#breadcrumb\",\"itemListElement\":[{\"@type\":\"ListItem\",\"position\":1,\"name\":\"Accueil\",\"item\":\"https:\/\/prixgro.com\/\"},{\"@type\":\"ListItem\",\"position\":2,\"name\":\"Boutique en ligne\",\"item\":\"https:\/\/prixgro.com\/shop\/\"},{\"@type\":\"ListItem\",\"position\":3,\"name\":\"Sun Secure Blur SPF50 50ml SVR\"}]},{\"@type\":\"WebSite\",\"@id\":\"https:\/\/prixgro.com\/#website\",\"url\":\"https:\/\/prixgro.com\/\",\"name\":\"Prixgro.com\",\"description\":\"Para Pharmaceutique et Cosm\u00e9tique\",\"publisher\":{\"@id\":\"https:\/\/prixgro.com\/#organization\"},\"potentialAction\":[{\"@type\":\"SearchAction\",\"target\":{\"@type\":\"EntryPoint\",\"urlTemplate\":\"https:\/\/prixgro.com\/?s={search_term_string}\"},\"query-input\":{\"@type\":\"PropertyValueSpecification\",\"valueRequired\":true,\"valueName\":\"search_term_string\"}}],\"inLanguage\":\"ar\"},{\"@type\":\"Organization\",\"@id\":\"https:\/\/prixgro.com\/#organization\",\"name\":\"Prixgro\",\"url\":\"https:\/\/prixgro.com\/\",\"logo\":{\"@type\":\"ImageObject\",\"inLanguage\":\"ar\",\"@id\":\"https:\/\/prixgro.com\/#\/schema\/logo\/image\/\",\"url\":\"https:\/\/prixgro.com\/wp-content\/uploads\/2024\/08\/cropped-Nouveau-projet-2.png\",\"contentUrl\":\"https:\/\/prixgro.com\/wp-content\/uploads\/2024\/08\/cropped-Nouveau-projet-2.png\",\"width\":265,\"height\":62,\"caption\":\"Prixgro\"},\"image\":{\"@id\":\"https:\/\/prixgro.com\/#\/schema\/logo\/image\/\"},\"sameAs\":[\"https:\/\/www.facebook.com\/Pharmacima\"]}]}<\/script>\n<!-- \/ Yoast SEO plugin. -->","yoast_head_json":{"title":"Sun Secure Blur SPF50 50ml SVR - Prixgro","robots":{"index":"index","follow":"follow","max-snippet":"max-snippet:-1","max-image-preview":"max-image-preview:large","max-video-preview":"max-video-preview:-1"},"canonical":"https:\/\/prixgro.com\/ar\/product\/sun-secure-blur-spf50-50ml-svr\/","og_locale":"ar_AR","og_type":"article","og_title":"Sun Secure Blur SPF50 50ml SVR - Prixgro","og_description":"Cr\u00e8me mousse flouteur optique SPF50Contenance : 50ML.","og_url":"https:\/\/prixgro.com\/ar\/product\/sun-secure-blur-spf50-50ml-svr\/","og_site_name":"Prixgro","article_publisher":"https:\/\/www.facebook.com\/Pharmacima","article_modified_time":"2024-08-06T16:20:50+00:00","og_image":[{"width":500,"height":500,"url":"https:\/\/prixgro.com\/wp-content\/uploads\/2023\/09\/Sun-secure_blur_2000x2000_2022_3_a97cee70-2f2e-4090-9e09-77e1c2862a21_600x600_crop_center-e1682335465875.jpg","type":"image\/jpeg"}],"twitter_card":"summary_large_image","twitter_misc":{"\u0648\u0642\u062a \u0627\u0644\u0642\u0631\u0627\u0621\u0629 \u0627\u0644\u0645\u064f\u0642\u062f\u0651\u0631":"\u062f\u0642\u064a\u0642\u0629 \u0648\u0627\u062d\u062f\u0629"},"schema":{"@context":"https:\/\/schema.org","@graph":[{"@type":"WebPage","@id":"https:\/\/prixgro.com\/product\/sun-secure-blur-spf50-50ml-svr\/","url":"https:\/\/prixgro.com\/product\/sun-secure-blur-spf50-50ml-svr\/","name":"Sun Secure Blur SPF50 50ml SVR - Prixgro","isPartOf":{"@id":"https:\/\/prixgro.com\/#website"},"primaryImageOfPage":{"@id":"https:\/\/prixgro.com\/product\/sun-secure-blur-spf50-50ml-svr\/#primaryimage"},"image":{"@id":"https:\/\/prixgro.com\/product\/sun-secure-blur-spf50-50ml-svr\/#primaryimage"},"thumbnailUrl":"https:\/\/prixgro.com\/wp-content\/uploads\/2023\/09\/Sun-secure_blur_2000x2000_2022_3_a97cee70-2f2e-4090-9e09-77e1c2862a21_600x600_crop_center-e1682335465875.jpg","datePublished":"2024-04-09T12:27:49+00:00","dateModified":"2024-08-06T16:20:50+00:00","breadcrumb":{"@id":"https:\/\/prixgro.com\/product\/sun-secure-blur-spf50-50ml-svr\/#breadcrumb"},"inLanguage":"ar","potentialAction":[{"@type":"ReadAction","target":["https:\/\/prixgro.com\/product\/sun-secure-blur-spf50-50ml-svr\/"]}]},{"@type":"ImageObject","inLanguage":"ar","@id":"https:\/\/prixgro.com\/product\/sun-secure-blur-spf50-50ml-svr\/#primaryimage","url":"https:\/\/prixgro.com\/wp-content\/uploads\/2023\/09\/Sun-secure_blur_2000x2000_2022_3_a97cee70-2f2e-4090-9e09-77e1c2862a21_600x600_crop_center-e1682335465875.jpg","contentUrl":"https:\/\/prixgro.com\/wp-content\/uploads\/2023\/09\/Sun-secure_blur_2000x2000_2022_3_a97cee70-2f2e-4090-9e09-77e1c2862a21_600x600_crop_center-e1682335465875.jpg","width":500,"height":500},{"@type":"BreadcrumbList","@id":"https:\/\/prixgro.com\/product\/sun-secure-blur-spf50-50ml-svr\/#breadcrumb","itemListElement":[{"@type":"ListItem","position":1,"name":"Accueil","item":"https:\/\/prixgro.com\/"},{"@type":"ListItem","position":2,"name":"Boutique en ligne","item":"https:\/\/prixgro.com\/shop\/"},{"@type":"ListItem","position":3,"name":"Sun Secure Blur SPF50 50ml SVR"}]},{"@type":"WebSite","@id":"https:\/\/prixgro.com\/#website","url":"https:\/\/prixgro.com\/","name":"Prixgro.com","description":"Para Pharmaceutique et Cosm\u00e9tique","publisher":{"@id":"https:\/\/prixgro.com\/#organization"},"potentialAction":[{"@type":"SearchAction","target":{"@type":"EntryPoint","urlTemplate":"https:\/\/prixgro.com\/?s={search_term_string}"},"query-input":{"@type":"PropertyValueSpecification","valueRequired":true,"valueName":"search_term_string"}}],"inLanguage":"ar"},{"@type":"Organization","@id":"https:\/\/prixgro.com\/#organization","name":"Prixgro","url":"https:\/\/prixgro.com\/","logo":{"@type":"ImageObject","inLanguage":"ar","@id":"https:\/\/prixgro.com\/#\/schema\/logo\/image\/","url":"https:\/\/prixgro.com\/wp-content\/uploads\/2024\/08\/cropped-Nouveau-projet-2.png","contentUrl":"https:\/\/prixgro.com\/wp-content\/uploads\/2024\/08\/cropped-Nouveau-projet-2.png","width":265,"height":62,"caption":"Prixgro"},"image":{"@id":"https:\/\/prixgro.com\/#\/schema\/logo\/image\/"},"sameAs":["https:\/\/www.facebook.com\/Pharmacima"]}]}},"_links":{"self":[{"href":"https:\/\/prixgro.com\/ar\/wp-json\/wp\/v2\/product\/141623","targetHints":{"allow":["GET"]}}],"collection":[{"href":"https:\/\/prixgro.com\/ar\/wp-json\/wp\/v2\/product"}],"about":[{"href":"https:\/\/prixgro.com\/ar\/wp-json\/wp\/v2\/types\/product"}],"replies":[{"embeddable":true,"href":"https:\/\/prixgro.com\/ar\/wp-json\/wp\/v2\/comments?post=141623"}],"wp:featuredmedia":[{"embeddable":true,"href":"https:\/\/prixgro.com\/ar\/wp-json\/wp\/v2\/media\/1871"}],"wp:attachment":[{"href":"https:\/\/prixgro.com\/ar\/wp-json\/wp\/v2\/media?parent=141623"}],"wp:term":[{"taxonomy":"product_cat","embeddable":true,"href":"https:\/\/prixgro.com\/ar\/wp-json\/wp\/v2\/product_cat?post=141623"},{"taxonomy":"product_tag","embeddable":true,"href":"https:\/\/prixgro.com\/ar\/wp-json\/wp\/v2\/product_tag?post=141623"},{"taxonomy":"berocket_brand","embeddable":true,"href":"https:\/\/prixgro.com\/ar\/wp-json\/wp\/v2\/berocket_brand?post=141623"}],"curies":[{"name":"wp","href":"https:\/\/api.w.org\/{rel}","templated":true}]}}