{"id":141626,"date":"2024-04-09T14:27:58","date_gmt":"2024-04-09T12:27:58","guid":{"rendered":"https:\/\/cloodmanager.net\/?post_type=product&#038;p=141626"},"modified":"2024-11-30T11:23:24","modified_gmt":"2024-11-30T10:23:24","slug":"sun-secure-fluide-spf-50-50-ml-svr-sv","status":"publish","type":"product","link":"https:\/\/prixgro.com\/ar\/product\/sun-secure-fluide-spf-50-50-ml-svr-sv\/","title":{"rendered":"Sun secure fluide SPF 50+ 50 ML SVR SV"},"content":{"rendered":"<h2><strong>DESCRIPTION :<\/strong><\/h2>\n<p>Notre SUN SECURE Fluide SPF50+ offre une tr\u00e8s haute protection dermatologique dans une texture super fluide au toucher sec.<\/p>\n<p>Sa texture l\u00e9g\u00e8re, particuli\u00e8rement adapt\u00e9e aux peaux normales \u00e0 mixtes, p\u00e9n\u00e8tre instantan\u00e9ment pour laisser la peau mat, non grasse et non collante.<\/p>\n<p>Son d\u00e9licat parfum d\u2019\u00e9t\u00e9 donne envie d\u2019en r\u00e9appliquer encore et encore. R\u00e9siste \u00e0 l\u2019eau, \u00e0 la transpiration et aux frottements pour une protection optimale.<\/p>\n<h2><strong>CONSEILS D&#8217;UTILISATION :<\/strong><\/h2>\n<p>Appliquer matin et avant chaque exposition au soleil sur le visage. Renouveler fr\u00e9quemment lors d\u2019exposition prolong\u00e9e.<\/p>\n<h2><strong>INGR\u00c9DIENTS :<\/strong><\/h2>\n<p>AQUA (PURIFIED WATER), DIISOPROPYL ADIPATE, ETHYLHEXYL METHOXYCINNAMATE, DIETHYLAMINO HYDROXYBENZOYL HEXYL BENZOATE, HOMOSALATE, METHYL METHACRYLATE CROSSPOLYMER, METHYLENE BIS-BENZOTRIAZOLYL TETRAMETHYLBUTYLPHENOL [NANO], BIS-ETHYLHEXYLOXYPHENOL METHOXYPHENYL TRIAZINE, C12-15 ALKYL BENZOATE, CYCLOPENTASILOXANE, SILICA, BEHENETH-25, ETHYLHEXYL TRIAZONE, POLYMETHYL METHACRYLATE, DIMETHICONE, GLYCERYL STEARATE CITRATE, POLYESTER-7, NIACINAMIDE, AMINOMETHYL PROPANOL, BETA-CAROTENE, CAPRYLHYDROXAMIC ACID, CETEARYL DIMETHICONE CROSSPOLYMER, DAUCUS CAROTA SATIVA (CARROT) ROOT EXTRACT, DECYL GLUCOSIDE, GLYCINE SOJA (SOYBEAN) OIL, HYDROGENATED PHOSPHATIDYLCHOLINE, LECITHIN, LEPIDIUM SATIVUM SPROUT EXTRACT, PHENETHYL ALCOHOL, GLYCERIN, SQUALANE, TOCOPHEROL, TOCOPHERYL ACETATE, 1,2-HEXANEDIOL, CAPRYLYL GLYCOL, CITRIC ACID, DISODIUM EDTA, HYDROXYETHYL ACRYLATE\/SODIUM ACRYLOYLDIMETHYL TAURATE COPOLYMER, LYSOLECITHIN, NEOPENTYL GLYCOL DIHEPTANOATE, PENTYLENE GLYCOL, POLYSORBATE 60, SODIUM LAURETH SULFATE, SORBITAN ISOSTEARATE, XANTHAN GUM, PHENOXYETHANOL, PARFUM (FRAGRANCE)<\/p>\n<p>La liste des ingr\u00e9dients peut \u00eatre soumise \u00e0 des modifications, nous vous conseillons de v\u00e9rifier la liste figurant sur le produit achet\u00e9.<\/p>","protected":false},"excerpt":{"rendered":"<h3><span style=\"color: #ff6600\" data-mce-style=\"color: #ff6600;\"><em><strong>SUN SECURE Fluide SPF50+ offre une tr\u00e8s haute protection dermatologique dans une texture super fluide au toucher sec.<\/strong><\/em><\/span><\/h3>\n<p><strong>Contenance : 50ml\u00a0<\/strong><\/p>","protected":false},"featured_media":1879,"comment_status":"open","ping_status":"closed","template":"","meta":[],"product_cat":[35,17,36],"product_tag":[476,45],"berocket_brand":[751],"class_list":{"0":"post-141626","1":"product","2":"type-product","3":"status-publish","4":"has-post-thumbnail","6":"product_cat-protection-solaire","7":"product_cat-soin-et-bien-etre","8":"product_cat-visage-soin-et-bien-etre","9":"product_tag-nourrissant-bebe-2","10":"product_tag-peaux-sensibles","11":"berocket_brand-svr","13":"first","14":"instock","15":"sale","16":"shipping-taxable","17":"purchasable","18":"product-type-simple"},"yoast_head":"<!-- This site is optimized with the Yoast SEO plugin v24.8 - https:\/\/yoast.com\/wordpress\/plugins\/seo\/ -->\n<title>Sun secure fluide SPF 50+ 50 ML SVR SV - Prixgro<\/title>\n<meta name=\"robots\" content=\"index, follow, max-snippet:-1, max-image-preview:large, max-video-preview:-1\" \/>\n<link rel=\"canonical\" href=\"https:\/\/prixgro.com\/ar\/product\/sun-secure-fluide-spf-50-50-ml-svr-sv\/\" \/>\n<meta property=\"og:locale\" content=\"ar_AR\" \/>\n<meta property=\"og:type\" content=\"article\" \/>\n<meta property=\"og:title\" content=\"Sun secure fluide SPF 50+ 50 ML SVR SV - Prixgro\" \/>\n<meta property=\"og:description\" content=\"SUN SECURE Fluide SPF50+ offre une tr\u00e8s haute protection dermatologique dans une texture super fluide au toucher sec.Contenance : 50ml\u00a0\" \/>\n<meta property=\"og:url\" content=\"https:\/\/prixgro.com\/ar\/product\/sun-secure-fluide-spf-50-50-ml-svr-sv\/\" \/>\n<meta property=\"og:site_name\" content=\"Prixgro\" \/>\n<meta property=\"article:publisher\" content=\"https:\/\/www.facebook.com\/Pharmacima\" \/>\n<meta property=\"article:modified_time\" content=\"2024-11-30T10:23:24+00:00\" \/>\n<meta property=\"og:image\" content=\"https:\/\/prixgro.com\/wp-content\/uploads\/2023\/09\/Test_maquette-Solaires-fluide_600x600_crop_center-removebg-preview.png\" \/>\n\t<meta property=\"og:image:width\" content=\"500\" \/>\n\t<meta property=\"og:image:height\" content=\"500\" \/>\n\t<meta property=\"og:image:type\" content=\"image\/png\" \/>\n<meta name=\"twitter:card\" content=\"summary_large_image\" \/>\n<meta name=\"twitter:label1\" content=\"\u0648\u0642\u062a \u0627\u0644\u0642\u0631\u0627\u0621\u0629 \u0627\u0644\u0645\u064f\u0642\u062f\u0651\u0631\" \/>\n\t<meta name=\"twitter:data1\" content=\"\u062f\u0642\u064a\u0642\u0629 \u0648\u0627\u062d\u062f\u0629\" \/>\n<script type=\"application\/ld+json\" class=\"yoast-schema-graph\">{\"@context\":\"https:\/\/schema.org\",\"@graph\":[{\"@type\":\"WebPage\",\"@id\":\"https:\/\/prixgro.com\/product\/sun-secure-fluide-spf-50-50-ml-svr-sv\/\",\"url\":\"https:\/\/prixgro.com\/product\/sun-secure-fluide-spf-50-50-ml-svr-sv\/\",\"name\":\"Sun secure fluide SPF 50+ 50 ML SVR SV - Prixgro\",\"isPartOf\":{\"@id\":\"https:\/\/prixgro.com\/#website\"},\"primaryImageOfPage\":{\"@id\":\"https:\/\/prixgro.com\/product\/sun-secure-fluide-spf-50-50-ml-svr-sv\/#primaryimage\"},\"image\":{\"@id\":\"https:\/\/prixgro.com\/product\/sun-secure-fluide-spf-50-50-ml-svr-sv\/#primaryimage\"},\"thumbnailUrl\":\"https:\/\/prixgro.com\/wp-content\/uploads\/2023\/09\/Test_maquette-Solaires-fluide_600x600_crop_center-removebg-preview.png\",\"datePublished\":\"2024-04-09T12:27:58+00:00\",\"dateModified\":\"2024-11-30T10:23:24+00:00\",\"breadcrumb\":{\"@id\":\"https:\/\/prixgro.com\/product\/sun-secure-fluide-spf-50-50-ml-svr-sv\/#breadcrumb\"},\"inLanguage\":\"ar\",\"potentialAction\":[{\"@type\":\"ReadAction\",\"target\":[\"https:\/\/prixgro.com\/product\/sun-secure-fluide-spf-50-50-ml-svr-sv\/\"]}]},{\"@type\":\"ImageObject\",\"inLanguage\":\"ar\",\"@id\":\"https:\/\/prixgro.com\/product\/sun-secure-fluide-spf-50-50-ml-svr-sv\/#primaryimage\",\"url\":\"https:\/\/prixgro.com\/wp-content\/uploads\/2023\/09\/Test_maquette-Solaires-fluide_600x600_crop_center-removebg-preview.png\",\"contentUrl\":\"https:\/\/prixgro.com\/wp-content\/uploads\/2023\/09\/Test_maquette-Solaires-fluide_600x600_crop_center-removebg-preview.png\",\"width\":500,\"height\":500},{\"@type\":\"BreadcrumbList\",\"@id\":\"https:\/\/prixgro.com\/product\/sun-secure-fluide-spf-50-50-ml-svr-sv\/#breadcrumb\",\"itemListElement\":[{\"@type\":\"ListItem\",\"position\":1,\"name\":\"Accueil\",\"item\":\"https:\/\/prixgro.com\/\"},{\"@type\":\"ListItem\",\"position\":2,\"name\":\"Boutique en ligne\",\"item\":\"https:\/\/prixgro.com\/shop\/\"},{\"@type\":\"ListItem\",\"position\":3,\"name\":\"Sun secure fluide SPF 50+ 50 ML SVR SV\"}]},{\"@type\":\"WebSite\",\"@id\":\"https:\/\/prixgro.com\/#website\",\"url\":\"https:\/\/prixgro.com\/\",\"name\":\"Prixgro.com\",\"description\":\"Para Pharmaceutique et Cosm\u00e9tique\",\"publisher\":{\"@id\":\"https:\/\/prixgro.com\/#organization\"},\"potentialAction\":[{\"@type\":\"SearchAction\",\"target\":{\"@type\":\"EntryPoint\",\"urlTemplate\":\"https:\/\/prixgro.com\/?s={search_term_string}\"},\"query-input\":{\"@type\":\"PropertyValueSpecification\",\"valueRequired\":true,\"valueName\":\"search_term_string\"}}],\"inLanguage\":\"ar\"},{\"@type\":\"Organization\",\"@id\":\"https:\/\/prixgro.com\/#organization\",\"name\":\"Prixgro\",\"url\":\"https:\/\/prixgro.com\/\",\"logo\":{\"@type\":\"ImageObject\",\"inLanguage\":\"ar\",\"@id\":\"https:\/\/prixgro.com\/#\/schema\/logo\/image\/\",\"url\":\"https:\/\/prixgro.com\/wp-content\/uploads\/2024\/08\/cropped-Nouveau-projet-2.png\",\"contentUrl\":\"https:\/\/prixgro.com\/wp-content\/uploads\/2024\/08\/cropped-Nouveau-projet-2.png\",\"width\":265,\"height\":62,\"caption\":\"Prixgro\"},\"image\":{\"@id\":\"https:\/\/prixgro.com\/#\/schema\/logo\/image\/\"},\"sameAs\":[\"https:\/\/www.facebook.com\/Pharmacima\"]}]}<\/script>\n<!-- \/ Yoast SEO plugin. -->","yoast_head_json":{"title":"Sun secure fluide SPF 50+ 50 ML SVR SV - Prixgro","robots":{"index":"index","follow":"follow","max-snippet":"max-snippet:-1","max-image-preview":"max-image-preview:large","max-video-preview":"max-video-preview:-1"},"canonical":"https:\/\/prixgro.com\/ar\/product\/sun-secure-fluide-spf-50-50-ml-svr-sv\/","og_locale":"ar_AR","og_type":"article","og_title":"Sun secure fluide SPF 50+ 50 ML SVR SV - Prixgro","og_description":"SUN SECURE Fluide SPF50+ offre une tr\u00e8s haute protection dermatologique dans une texture super fluide au toucher sec.Contenance : 50ml\u00a0","og_url":"https:\/\/prixgro.com\/ar\/product\/sun-secure-fluide-spf-50-50-ml-svr-sv\/","og_site_name":"Prixgro","article_publisher":"https:\/\/www.facebook.com\/Pharmacima","article_modified_time":"2024-11-30T10:23:24+00:00","og_image":[{"width":500,"height":500,"url":"https:\/\/prixgro.com\/wp-content\/uploads\/2023\/09\/Test_maquette-Solaires-fluide_600x600_crop_center-removebg-preview.png","type":"image\/png"}],"twitter_card":"summary_large_image","twitter_misc":{"\u0648\u0642\u062a \u0627\u0644\u0642\u0631\u0627\u0621\u0629 \u0627\u0644\u0645\u064f\u0642\u062f\u0651\u0631":"\u062f\u0642\u064a\u0642\u0629 \u0648\u0627\u062d\u062f\u0629"},"schema":{"@context":"https:\/\/schema.org","@graph":[{"@type":"WebPage","@id":"https:\/\/prixgro.com\/product\/sun-secure-fluide-spf-50-50-ml-svr-sv\/","url":"https:\/\/prixgro.com\/product\/sun-secure-fluide-spf-50-50-ml-svr-sv\/","name":"Sun secure fluide SPF 50+ 50 ML SVR SV - Prixgro","isPartOf":{"@id":"https:\/\/prixgro.com\/#website"},"primaryImageOfPage":{"@id":"https:\/\/prixgro.com\/product\/sun-secure-fluide-spf-50-50-ml-svr-sv\/#primaryimage"},"image":{"@id":"https:\/\/prixgro.com\/product\/sun-secure-fluide-spf-50-50-ml-svr-sv\/#primaryimage"},"thumbnailUrl":"https:\/\/prixgro.com\/wp-content\/uploads\/2023\/09\/Test_maquette-Solaires-fluide_600x600_crop_center-removebg-preview.png","datePublished":"2024-04-09T12:27:58+00:00","dateModified":"2024-11-30T10:23:24+00:00","breadcrumb":{"@id":"https:\/\/prixgro.com\/product\/sun-secure-fluide-spf-50-50-ml-svr-sv\/#breadcrumb"},"inLanguage":"ar","potentialAction":[{"@type":"ReadAction","target":["https:\/\/prixgro.com\/product\/sun-secure-fluide-spf-50-50-ml-svr-sv\/"]}]},{"@type":"ImageObject","inLanguage":"ar","@id":"https:\/\/prixgro.com\/product\/sun-secure-fluide-spf-50-50-ml-svr-sv\/#primaryimage","url":"https:\/\/prixgro.com\/wp-content\/uploads\/2023\/09\/Test_maquette-Solaires-fluide_600x600_crop_center-removebg-preview.png","contentUrl":"https:\/\/prixgro.com\/wp-content\/uploads\/2023\/09\/Test_maquette-Solaires-fluide_600x600_crop_center-removebg-preview.png","width":500,"height":500},{"@type":"BreadcrumbList","@id":"https:\/\/prixgro.com\/product\/sun-secure-fluide-spf-50-50-ml-svr-sv\/#breadcrumb","itemListElement":[{"@type":"ListItem","position":1,"name":"Accueil","item":"https:\/\/prixgro.com\/"},{"@type":"ListItem","position":2,"name":"Boutique en ligne","item":"https:\/\/prixgro.com\/shop\/"},{"@type":"ListItem","position":3,"name":"Sun secure fluide SPF 50+ 50 ML SVR SV"}]},{"@type":"WebSite","@id":"https:\/\/prixgro.com\/#website","url":"https:\/\/prixgro.com\/","name":"Prixgro.com","description":"Para Pharmaceutique et Cosm\u00e9tique","publisher":{"@id":"https:\/\/prixgro.com\/#organization"},"potentialAction":[{"@type":"SearchAction","target":{"@type":"EntryPoint","urlTemplate":"https:\/\/prixgro.com\/?s={search_term_string}"},"query-input":{"@type":"PropertyValueSpecification","valueRequired":true,"valueName":"search_term_string"}}],"inLanguage":"ar"},{"@type":"Organization","@id":"https:\/\/prixgro.com\/#organization","name":"Prixgro","url":"https:\/\/prixgro.com\/","logo":{"@type":"ImageObject","inLanguage":"ar","@id":"https:\/\/prixgro.com\/#\/schema\/logo\/image\/","url":"https:\/\/prixgro.com\/wp-content\/uploads\/2024\/08\/cropped-Nouveau-projet-2.png","contentUrl":"https:\/\/prixgro.com\/wp-content\/uploads\/2024\/08\/cropped-Nouveau-projet-2.png","width":265,"height":62,"caption":"Prixgro"},"image":{"@id":"https:\/\/prixgro.com\/#\/schema\/logo\/image\/"},"sameAs":["https:\/\/www.facebook.com\/Pharmacima"]}]}},"_links":{"self":[{"href":"https:\/\/prixgro.com\/ar\/wp-json\/wp\/v2\/product\/141626","targetHints":{"allow":["GET"]}}],"collection":[{"href":"https:\/\/prixgro.com\/ar\/wp-json\/wp\/v2\/product"}],"about":[{"href":"https:\/\/prixgro.com\/ar\/wp-json\/wp\/v2\/types\/product"}],"replies":[{"embeddable":true,"href":"https:\/\/prixgro.com\/ar\/wp-json\/wp\/v2\/comments?post=141626"}],"wp:featuredmedia":[{"embeddable":true,"href":"https:\/\/prixgro.com\/ar\/wp-json\/wp\/v2\/media\/1879"}],"wp:attachment":[{"href":"https:\/\/prixgro.com\/ar\/wp-json\/wp\/v2\/media?parent=141626"}],"wp:term":[{"taxonomy":"product_cat","embeddable":true,"href":"https:\/\/prixgro.com\/ar\/wp-json\/wp\/v2\/product_cat?post=141626"},{"taxonomy":"product_tag","embeddable":true,"href":"https:\/\/prixgro.com\/ar\/wp-json\/wp\/v2\/product_tag?post=141626"},{"taxonomy":"berocket_brand","embeddable":true,"href":"https:\/\/prixgro.com\/ar\/wp-json\/wp\/v2\/berocket_brand?post=141626"}],"curies":[{"name":"wp","href":"https:\/\/api.w.org\/{rel}","templated":true}]}}