{"id":141637,"date":"2024-04-09T14:27:59","date_gmt":"2024-04-09T12:27:59","guid":{"rendered":"https:\/\/cloodmanager.net\/?post_type=product&#038;p=141637"},"modified":"2024-04-09T14:28:04","modified_gmt":"2024-04-09T12:28:04","slug":"cc-creme-spf50-light-clairial-svr","status":"publish","type":"product","link":"https:\/\/prixgro.com\/ar\/product\/cc-creme-spf50-light-clairial-svr\/","title":{"rendered":"CC Cr\u00e8me SPF50+ Light CLAIRIAL SVR"},"content":{"rendered":"<h3><strong>Description<\/strong><\/h3>\n<div class=\"product__main\">\n<div class=\"product__sidebar product__sidebar--is-sticky\">\n<div class=\"inner-wrapper-sticky\">\n<div class=\"product__actions\">\n<div class=\"product__quantity-switcher\"><\/div>\n<\/div>\n<\/div>\n<\/div>\n<\/div>\n<div class=\"product__content\">\n<div class=\"product__tab expanded\" data-drawer-container=\"\">\n<div class=\"product__tab-content\" data-drawer-content=\"\">\n<p>CLAIRIAL CC Cr\u00e8me poss\u00e8de une double action anti-taches en prot\u00e9geant la peau contre les UVA, UVB &amp; lumi\u00e8re visible + unifie instantan\u00e9ment le teint, masque &amp; corrige taches et d\u00e9faut cutan\u00e9s et pr\u00e9vient leur apparition\u00a0!<\/p>\n<p>Pour tous les types de taches brunes li\u00e9es au soleil, au vieillissement, aux marques d\u2019imperfections. Peaux sensibles. Adultes. Visage &amp; cou.<\/p>\n<\/div>\n<p>Test\u00e9 sur peaux sensibles. Test\u00e9e sous contr\u00f4le dermatologique. Hypoallerg\u00e9nique.<\/p>\n<h4><b>ACTIFS DERMATOLOGIQUES DE R\u00c9F\u00c9RENCE<\/b><\/h4>\n<p>Complexe d\u00e9pigmentant 5.6%\u00a0: Estompe et r\u00e9duit les taches, limite leur apparition<\/p>\n<p>Pigments correcteurs haute couvrance\u00a0: Protection contre la lumi\u00e8re visible. Couvrent les taches, unifient et illuminent le teint<\/p>\n<p>Protection SPF50+ anti-UVA\/UVB<\/p>\n<\/div>\n<\/div>\n<h3><strong>Conseil d&#8217;utilisation<\/strong><\/h3>\n<div class=\"product product--template\" data-section-id=\"\" data-section-type=\"product\" data-enable-history-state=\"true\">\n<div class=\"container\">\n<div class=\"product__content\">\n<div class=\"product__tab expanded\" data-drawer-container=\"\">\n<div class=\"product__tab-content\" data-drawer-content=\"\">\n<p>Appliquer le matin uniform\u00e9ment sur le visage et le cou. En cas d\u2019exposition au soleil, renouveler fr\u00e9quemment l\u2019application.<\/p>\n<\/div>\n<\/div>\n<\/div>\n<\/div>\n<\/div>\n<div class=\"section section--products\">\n<div class=\"container\">\n<div class=\"section__header\"><\/div>\n<\/div>\n<\/div>\n<h3><strong>Composition<\/strong><\/h3>\n<p>LAB16.37\/A.17 &#8211; INGREDIENTS (CONTAINS) : AQUA (PURIFIED WATER), CI 77891, METHYLENE BIS-BENZOTRIAZOLYL TETRAMETHYLBUTYLPHENOL [NANO], ETHYLHEXYL METHOXYCINNAMATE, TITANIUM DIOXIDE [NANO], DIISOPROPYL ADIPATE, HOMOSALATE, POLYGLYCERYL-3 METHYLGLUCOSE DISTEARATE, DIETHYLAMINO HYDROXYBENZOYL HEXYL BENZOATE, BIS-ETHYLHEXYLOXYPHENOL METHOXYPHENYL TRIAZINE, PROPANEDIOL, SILICA, CAPRYLIC\/CAPRIC TRIGLYCERIDE, BUTYLENE GLYCOL, BEHENETH-25, BENTONITE, DECYL GLUCOSIDE, ETHYLHEXYL FERULATE, PLANKTON EXTRACT, POLYHYDROXYSTEARIC ACID, DIACETYL BOLDINE, GLYCERIN, TOCOPHERYL ACETATE, UNDECYLENOYL PHENYLALANINE, 1,2-HEXANEDIOL, ALUMINA, CAPRYLYL GLYCOL, CITRIC ACID, PENTYLENE GLYCOL, POTASSIUM CETYL PHOSPHATE, SODIUM HYDROXIDE, STEARIC ACID, TRIETHOXYCAPRYLYLSILANE, XANTHAN GUM, PHENOXYETHANOL, CI 77491, CI 77492, CI 77499<\/p>","protected":false},"excerpt":{"rendered":"<div class=\"product__heading\">\n<div class=\"product__subtitle\">Correcteur teint\u00e9 unifiant anti-taches<\/div>\n<\/div>","protected":false},"featured_media":1898,"comment_status":"open","ping_status":"closed","template":"","meta":[],"product_cat":[17,36],"product_tag":[],"berocket_brand":[],"class_list":{"0":"post-141637","1":"product","2":"type-product","3":"status-publish","4":"has-post-thumbnail","6":"product_cat-soin-et-bien-etre","7":"product_cat-visage-soin-et-bien-etre","9":"first","10":"outofstock","11":"shipping-taxable","12":"purchasable","13":"product-type-simple"},"yoast_head":"<!-- This site is optimized with the Yoast SEO plugin v24.8 - https:\/\/yoast.com\/wordpress\/plugins\/seo\/ -->\n<title>CC Cr\u00e8me SPF50+ Light CLAIRIAL SVR - Prixgro<\/title>\n<meta name=\"robots\" content=\"index, follow, max-snippet:-1, max-image-preview:large, max-video-preview:-1\" \/>\n<link rel=\"canonical\" href=\"https:\/\/prixgro.com\/ar\/product\/cc-creme-spf50-light-clairial-svr\/\" \/>\n<meta property=\"og:locale\" content=\"ar_AR\" \/>\n<meta property=\"og:type\" content=\"article\" \/>\n<meta property=\"og:title\" content=\"CC Cr\u00e8me SPF50+ Light CLAIRIAL SVR - Prixgro\" \/>\n<meta property=\"og:description\" content=\"Correcteur teint\u00e9 unifiant anti-taches\" \/>\n<meta property=\"og:url\" content=\"https:\/\/prixgro.com\/ar\/product\/cc-creme-spf50-light-clairial-svr\/\" \/>\n<meta property=\"og:site_name\" content=\"Prixgro\" \/>\n<meta property=\"article:publisher\" content=\"https:\/\/www.facebook.com\/Pharmacima\" \/>\n<meta property=\"article:modified_time\" content=\"2024-04-09T12:28:04+00:00\" \/>\n<meta property=\"og:image\" content=\"https:\/\/prixgro.com\/wp-content\/uploads\/2023\/09\/clairial_CC-Lightm_2000x2000_dd345bcd-9534-49c8-b384-bced4a1591c5_x3000-scaled-e1617387453921.jpg\" \/>\n\t<meta property=\"og:image:width\" content=\"400\" \/>\n\t<meta property=\"og:image:height\" content=\"400\" \/>\n\t<meta property=\"og:image:type\" content=\"image\/jpeg\" \/>\n<meta name=\"twitter:card\" content=\"summary_large_image\" \/>\n<meta name=\"twitter:label1\" content=\"\u0648\u0642\u062a \u0627\u0644\u0642\u0631\u0627\u0621\u0629 \u0627\u0644\u0645\u064f\u0642\u062f\u0651\u0631\" \/>\n\t<meta name=\"twitter:data1\" content=\"\u062f\u0642\u064a\u0642\u0629 \u0648\u0627\u062d\u062f\u0629\" \/>\n<script type=\"application\/ld+json\" class=\"yoast-schema-graph\">{\"@context\":\"https:\/\/schema.org\",\"@graph\":[{\"@type\":\"WebPage\",\"@id\":\"https:\/\/prixgro.com\/product\/cc-creme-spf50-light-clairial-svr\/\",\"url\":\"https:\/\/prixgro.com\/product\/cc-creme-spf50-light-clairial-svr\/\",\"name\":\"CC Cr\u00e8me SPF50+ Light CLAIRIAL SVR - Prixgro\",\"isPartOf\":{\"@id\":\"https:\/\/prixgro.com\/#website\"},\"primaryImageOfPage\":{\"@id\":\"https:\/\/prixgro.com\/product\/cc-creme-spf50-light-clairial-svr\/#primaryimage\"},\"image\":{\"@id\":\"https:\/\/prixgro.com\/product\/cc-creme-spf50-light-clairial-svr\/#primaryimage\"},\"thumbnailUrl\":\"https:\/\/prixgro.com\/wp-content\/uploads\/2023\/09\/clairial_CC-Lightm_2000x2000_dd345bcd-9534-49c8-b384-bced4a1591c5_x3000-scaled-e1617387453921.jpg\",\"datePublished\":\"2024-04-09T12:27:59+00:00\",\"dateModified\":\"2024-04-09T12:28:04+00:00\",\"breadcrumb\":{\"@id\":\"https:\/\/prixgro.com\/product\/cc-creme-spf50-light-clairial-svr\/#breadcrumb\"},\"inLanguage\":\"ar\",\"potentialAction\":[{\"@type\":\"ReadAction\",\"target\":[\"https:\/\/prixgro.com\/product\/cc-creme-spf50-light-clairial-svr\/\"]}]},{\"@type\":\"ImageObject\",\"inLanguage\":\"ar\",\"@id\":\"https:\/\/prixgro.com\/product\/cc-creme-spf50-light-clairial-svr\/#primaryimage\",\"url\":\"https:\/\/prixgro.com\/wp-content\/uploads\/2023\/09\/clairial_CC-Lightm_2000x2000_dd345bcd-9534-49c8-b384-bced4a1591c5_x3000-scaled-e1617387453921.jpg\",\"contentUrl\":\"https:\/\/prixgro.com\/wp-content\/uploads\/2023\/09\/clairial_CC-Lightm_2000x2000_dd345bcd-9534-49c8-b384-bced4a1591c5_x3000-scaled-e1617387453921.jpg\",\"width\":400,\"height\":400},{\"@type\":\"BreadcrumbList\",\"@id\":\"https:\/\/prixgro.com\/product\/cc-creme-spf50-light-clairial-svr\/#breadcrumb\",\"itemListElement\":[{\"@type\":\"ListItem\",\"position\":1,\"name\":\"Accueil\",\"item\":\"https:\/\/prixgro.com\/\"},{\"@type\":\"ListItem\",\"position\":2,\"name\":\"Boutique en ligne\",\"item\":\"https:\/\/prixgro.com\/shop\/\"},{\"@type\":\"ListItem\",\"position\":3,\"name\":\"CC Cr\u00e8me SPF50+ Light CLAIRIAL SVR\"}]},{\"@type\":\"WebSite\",\"@id\":\"https:\/\/prixgro.com\/#website\",\"url\":\"https:\/\/prixgro.com\/\",\"name\":\"Prixgro.com\",\"description\":\"Para Pharmaceutique et Cosm\u00e9tique\",\"publisher\":{\"@id\":\"https:\/\/prixgro.com\/#organization\"},\"potentialAction\":[{\"@type\":\"SearchAction\",\"target\":{\"@type\":\"EntryPoint\",\"urlTemplate\":\"https:\/\/prixgro.com\/?s={search_term_string}\"},\"query-input\":{\"@type\":\"PropertyValueSpecification\",\"valueRequired\":true,\"valueName\":\"search_term_string\"}}],\"inLanguage\":\"ar\"},{\"@type\":\"Organization\",\"@id\":\"https:\/\/prixgro.com\/#organization\",\"name\":\"Prixgro\",\"url\":\"https:\/\/prixgro.com\/\",\"logo\":{\"@type\":\"ImageObject\",\"inLanguage\":\"ar\",\"@id\":\"https:\/\/prixgro.com\/#\/schema\/logo\/image\/\",\"url\":\"https:\/\/prixgro.com\/wp-content\/uploads\/2024\/08\/cropped-Nouveau-projet-2.png\",\"contentUrl\":\"https:\/\/prixgro.com\/wp-content\/uploads\/2024\/08\/cropped-Nouveau-projet-2.png\",\"width\":265,\"height\":62,\"caption\":\"Prixgro\"},\"image\":{\"@id\":\"https:\/\/prixgro.com\/#\/schema\/logo\/image\/\"},\"sameAs\":[\"https:\/\/www.facebook.com\/Pharmacima\"]}]}<\/script>\n<!-- \/ Yoast SEO plugin. -->","yoast_head_json":{"title":"CC Cr\u00e8me SPF50+ Light CLAIRIAL SVR - Prixgro","robots":{"index":"index","follow":"follow","max-snippet":"max-snippet:-1","max-image-preview":"max-image-preview:large","max-video-preview":"max-video-preview:-1"},"canonical":"https:\/\/prixgro.com\/ar\/product\/cc-creme-spf50-light-clairial-svr\/","og_locale":"ar_AR","og_type":"article","og_title":"CC Cr\u00e8me SPF50+ Light CLAIRIAL SVR - Prixgro","og_description":"Correcteur teint\u00e9 unifiant anti-taches","og_url":"https:\/\/prixgro.com\/ar\/product\/cc-creme-spf50-light-clairial-svr\/","og_site_name":"Prixgro","article_publisher":"https:\/\/www.facebook.com\/Pharmacima","article_modified_time":"2024-04-09T12:28:04+00:00","og_image":[{"width":400,"height":400,"url":"https:\/\/prixgro.com\/wp-content\/uploads\/2023\/09\/clairial_CC-Lightm_2000x2000_dd345bcd-9534-49c8-b384-bced4a1591c5_x3000-scaled-e1617387453921.jpg","type":"image\/jpeg"}],"twitter_card":"summary_large_image","twitter_misc":{"\u0648\u0642\u062a \u0627\u0644\u0642\u0631\u0627\u0621\u0629 \u0627\u0644\u0645\u064f\u0642\u062f\u0651\u0631":"\u062f\u0642\u064a\u0642\u0629 \u0648\u0627\u062d\u062f\u0629"},"schema":{"@context":"https:\/\/schema.org","@graph":[{"@type":"WebPage","@id":"https:\/\/prixgro.com\/product\/cc-creme-spf50-light-clairial-svr\/","url":"https:\/\/prixgro.com\/product\/cc-creme-spf50-light-clairial-svr\/","name":"CC Cr\u00e8me SPF50+ Light CLAIRIAL SVR - Prixgro","isPartOf":{"@id":"https:\/\/prixgro.com\/#website"},"primaryImageOfPage":{"@id":"https:\/\/prixgro.com\/product\/cc-creme-spf50-light-clairial-svr\/#primaryimage"},"image":{"@id":"https:\/\/prixgro.com\/product\/cc-creme-spf50-light-clairial-svr\/#primaryimage"},"thumbnailUrl":"https:\/\/prixgro.com\/wp-content\/uploads\/2023\/09\/clairial_CC-Lightm_2000x2000_dd345bcd-9534-49c8-b384-bced4a1591c5_x3000-scaled-e1617387453921.jpg","datePublished":"2024-04-09T12:27:59+00:00","dateModified":"2024-04-09T12:28:04+00:00","breadcrumb":{"@id":"https:\/\/prixgro.com\/product\/cc-creme-spf50-light-clairial-svr\/#breadcrumb"},"inLanguage":"ar","potentialAction":[{"@type":"ReadAction","target":["https:\/\/prixgro.com\/product\/cc-creme-spf50-light-clairial-svr\/"]}]},{"@type":"ImageObject","inLanguage":"ar","@id":"https:\/\/prixgro.com\/product\/cc-creme-spf50-light-clairial-svr\/#primaryimage","url":"https:\/\/prixgro.com\/wp-content\/uploads\/2023\/09\/clairial_CC-Lightm_2000x2000_dd345bcd-9534-49c8-b384-bced4a1591c5_x3000-scaled-e1617387453921.jpg","contentUrl":"https:\/\/prixgro.com\/wp-content\/uploads\/2023\/09\/clairial_CC-Lightm_2000x2000_dd345bcd-9534-49c8-b384-bced4a1591c5_x3000-scaled-e1617387453921.jpg","width":400,"height":400},{"@type":"BreadcrumbList","@id":"https:\/\/prixgro.com\/product\/cc-creme-spf50-light-clairial-svr\/#breadcrumb","itemListElement":[{"@type":"ListItem","position":1,"name":"Accueil","item":"https:\/\/prixgro.com\/"},{"@type":"ListItem","position":2,"name":"Boutique en ligne","item":"https:\/\/prixgro.com\/shop\/"},{"@type":"ListItem","position":3,"name":"CC Cr\u00e8me SPF50+ Light CLAIRIAL SVR"}]},{"@type":"WebSite","@id":"https:\/\/prixgro.com\/#website","url":"https:\/\/prixgro.com\/","name":"Prixgro.com","description":"Para Pharmaceutique et Cosm\u00e9tique","publisher":{"@id":"https:\/\/prixgro.com\/#organization"},"potentialAction":[{"@type":"SearchAction","target":{"@type":"EntryPoint","urlTemplate":"https:\/\/prixgro.com\/?s={search_term_string}"},"query-input":{"@type":"PropertyValueSpecification","valueRequired":true,"valueName":"search_term_string"}}],"inLanguage":"ar"},{"@type":"Organization","@id":"https:\/\/prixgro.com\/#organization","name":"Prixgro","url":"https:\/\/prixgro.com\/","logo":{"@type":"ImageObject","inLanguage":"ar","@id":"https:\/\/prixgro.com\/#\/schema\/logo\/image\/","url":"https:\/\/prixgro.com\/wp-content\/uploads\/2024\/08\/cropped-Nouveau-projet-2.png","contentUrl":"https:\/\/prixgro.com\/wp-content\/uploads\/2024\/08\/cropped-Nouveau-projet-2.png","width":265,"height":62,"caption":"Prixgro"},"image":{"@id":"https:\/\/prixgro.com\/#\/schema\/logo\/image\/"},"sameAs":["https:\/\/www.facebook.com\/Pharmacima"]}]}},"_links":{"self":[{"href":"https:\/\/prixgro.com\/ar\/wp-json\/wp\/v2\/product\/141637","targetHints":{"allow":["GET"]}}],"collection":[{"href":"https:\/\/prixgro.com\/ar\/wp-json\/wp\/v2\/product"}],"about":[{"href":"https:\/\/prixgro.com\/ar\/wp-json\/wp\/v2\/types\/product"}],"replies":[{"embeddable":true,"href":"https:\/\/prixgro.com\/ar\/wp-json\/wp\/v2\/comments?post=141637"}],"wp:featuredmedia":[{"embeddable":true,"href":"https:\/\/prixgro.com\/ar\/wp-json\/wp\/v2\/media\/1898"}],"wp:attachment":[{"href":"https:\/\/prixgro.com\/ar\/wp-json\/wp\/v2\/media?parent=141637"}],"wp:term":[{"taxonomy":"product_cat","embeddable":true,"href":"https:\/\/prixgro.com\/ar\/wp-json\/wp\/v2\/product_cat?post=141637"},{"taxonomy":"product_tag","embeddable":true,"href":"https:\/\/prixgro.com\/ar\/wp-json\/wp\/v2\/product_tag?post=141637"},{"taxonomy":"berocket_brand","embeddable":true,"href":"https:\/\/prixgro.com\/ar\/wp-json\/wp\/v2\/berocket_brand?post=141637"}],"curies":[{"name":"wp","href":"https:\/\/api.w.org\/{rel}","templated":true}]}}