{"id":141641,"date":"2024-04-09T14:27:59","date_gmt":"2024-04-09T12:27:59","guid":{"rendered":"https:\/\/cloodmanager.net\/?post_type=product&#038;p=141641"},"modified":"2024-08-12T13:35:57","modified_gmt":"2024-08-12T11:35:57","slug":"100-hemi-squalane-derive-de-plantes-serum-hydratant-the-ordinary","status":"publish","type":"product","link":"https:\/\/prixgro.com\/ar\/product\/100-hemi-squalane-derive-de-plantes-serum-hydratant-the-ordinary\/","title":{"rendered":"100% H\u00e9mi Squalane D\u00e9riv\u00e9 de Plantes S\u00e9rum Hydratant THE ORDINARY"},"content":{"rendered":"<h3><strong>DESCRIPTION<\/strong><\/h3>\n<p><strong>Flacon 30ml<\/strong><\/p>\n<p>H\u00e9mi-Squalane Pur<\/p>\n<p>L&#8217;H\u00e9mi-Squalane est un hydrocarbure apolaire produit \u00e0 partir de la fermentation d&#8217;une mati\u00e8re premi\u00e8re \u00e0 base de sucre.<\/p>\n<p>Le Squalane et l&#8217;H\u00e9mi-Squalane sont tous les deux d&#8217;excellents \u00e9mollients non com\u00e9dog\u00e8nes qui favorisent l&#8217;hydratation et la souplesse de la peau et des cheveux. Cependant, le poids mol\u00e9culaire faible de l&#8217;H\u00e9mi-Squalane lui permet une meilleure absorption par la peau et les cheveux et lui conf\u00e8re une texture l\u00e9g\u00e8re et non grasse.<\/p>\n<p>NB : le 100% H\u00e9mi-Squalane d\u00e9riv\u00e9 de plantes utilis\u00e9 dans ce produit est certifi\u00e9 bio.<\/p>\n<div class=\"prdct__details-benefits\">\n<hr>\n<h3 class=\"prdct__details-title\"><span style=\"color: #ff0000\" data-mce-style=\"color: #ff0000;\"><strong>B\u00e9n\u00e9fice produit<\/strong><\/span><\/h3>\n<\/div>\n<p>-Une solution l\u00e9g\u00e8re d\u00e9riv\u00e9e des plantes pour favoriser une hydratation saine<br \/>Le Squalane est non-com\u00e9dog\u00e8ne et convient \u00e0 tous les types de peau.<\/p>\n<p>-Peut \u00eatre appliqu\u00e9 sur les cheveux pour augmenter la protection thermique, ajouter de la brillance et r\u00e9duire le risque de casse.<\/p>\n<p>-Ce produit utilise du squalane pur \u00e0 100 % d&#8217;origine v\u00e9g\u00e9tale approuv\u00e9 par Ecocert et est un produit biosourc\u00e9 certifi\u00e9 USDA.<\/p>\n<div class=\"prdct__details-benefits\">\n<p>-Soutient la sant\u00e9 capillaire, dompte les frisottis, soutient la sant\u00e9 de la peau et hydrate la peau.<\/p>\n<\/div>\n<div class=\"prdct__details-ref\"><\/div>\n<div><\/div>\n<div>\n<hr>\n<\/div>\n<h3><span style=\"color: #808080\" data-mce-style=\"color: #808080;\"><strong>UTILISATION<\/strong><\/span><\/h3>\n<div><\/div>\n<div>Pour les cheveux\u2014Appliquer quotidiennement ou selon le besoin sur cheveux propres et humides. Pour la peau\u2014Appliquer quelques gouttes sur le visage<br \/>quotidiennement ou selon le besoin. En cas d\u2019irritation, cesser l\u2019utilisation et consulter un m\u00e9decin.<br \/>Utiliser uniquement conform\u00e9ment au mode d&#8217;emploi sur une peau intacte. Il est conseill\u00e9 d&#8217;effectuer<br \/>un test cutan\u00e9 avant l&#8217;utilisation. Pour un guide d\u00e9taill\u00e9 sur la proc\u00e9dure \u00e0 suivre pour effectuer<br \/>un test cutan\u00e9, consulter notre site Internet. Garder hors de port\u00e9e des enfants.<\/div>\n<div>\n<hr>\n<\/div>\n<div><\/div>\n<h3><span style=\"color: #333399\" data-mce-style=\"color: #333399;\"><strong>COMPOSITION<\/strong><\/span><\/h3>\n<div><\/div>\n<div>\n<div class=\"prdct__content go-back\">\n<div id=\"prdct-details\" class=\"prdct__details\">\n<div class=\"prdct__details-wrap\">\n<div id=\"ingredients\" class=\"prdct__details-content\">\n<p>C13-16 ISOPARAFFIN.<\/p>\n<\/div>\n<\/div>\n<\/div>\n<\/div>\n<div><\/div>\n<\/div>","protected":false},"excerpt":{"rendered":"<p><\/p>","protected":false},"featured_media":1902,"comment_status":"open","ping_status":"closed","template":"","meta":[],"product_cat":[126,17,36],"product_tag":[],"berocket_brand":[460],"class_list":{"0":"post-141641","1":"product","2":"type-product","3":"status-publish","4":"has-post-thumbnail","6":"product_cat-cheveux","7":"product_cat-soin-et-bien-etre","8":"product_cat-visage-soin-et-bien-etre","9":"berocket_brand-theordinary","11":"first","12":"instock","13":"shipping-taxable","14":"purchasable","15":"product-type-simple"},"yoast_head":"<!-- This site is optimized with the Yoast SEO plugin v24.8 - https:\/\/yoast.com\/wordpress\/plugins\/seo\/ -->\n<title>100% H\u00e9mi Squalane D\u00e9riv\u00e9 de Plantes S\u00e9rum Hydratant THE ORDINARY - Prixgro<\/title>\n<meta name=\"robots\" content=\"index, follow, max-snippet:-1, max-image-preview:large, max-video-preview:-1\" \/>\n<link rel=\"canonical\" href=\"https:\/\/prixgro.com\/ar\/product\/100-hemi-squalane-derive-de-plantes-serum-hydratant-the-ordinary\/\" \/>\n<meta property=\"og:locale\" content=\"ar_AR\" \/>\n<meta property=\"og:type\" content=\"article\" \/>\n<meta property=\"og:title\" content=\"100% H\u00e9mi Squalane D\u00e9riv\u00e9 de Plantes S\u00e9rum Hydratant THE ORDINARY - Prixgro\" \/>\n<meta property=\"og:url\" content=\"https:\/\/prixgro.com\/ar\/product\/100-hemi-squalane-derive-de-plantes-serum-hydratant-the-ordinary\/\" \/>\n<meta property=\"og:site_name\" content=\"Prixgro\" \/>\n<meta property=\"article:publisher\" content=\"https:\/\/www.facebook.com\/Pharmacima\" \/>\n<meta property=\"article:modified_time\" content=\"2024-08-12T11:35:57+00:00\" \/>\n<meta property=\"og:image\" content=\"https:\/\/prixgro.com\/wp-content\/uploads\/2023\/09\/233820-the-ordinary-100-hemi-squalane-derive-de-plantes-serum-hydratant-30ml-flacon-1000x1000-1-e1617716797835.jpg\" \/>\n\t<meta property=\"og:image:width\" content=\"400\" \/>\n\t<meta property=\"og:image:height\" content=\"400\" \/>\n\t<meta property=\"og:image:type\" content=\"image\/jpeg\" \/>\n<meta name=\"twitter:card\" content=\"summary_large_image\" \/>\n<meta name=\"twitter:label1\" content=\"\u0648\u0642\u062a \u0627\u0644\u0642\u0631\u0627\u0621\u0629 \u0627\u0644\u0645\u064f\u0642\u062f\u0651\u0631\" \/>\n\t<meta name=\"twitter:data1\" content=\"\u062f\u0642\u064a\u0642\u0629 \u0648\u0627\u062d\u062f\u0629\" \/>\n<script type=\"application\/ld+json\" class=\"yoast-schema-graph\">{\"@context\":\"https:\/\/schema.org\",\"@graph\":[{\"@type\":\"WebPage\",\"@id\":\"https:\/\/prixgro.com\/product\/100-hemi-squalane-derive-de-plantes-serum-hydratant-the-ordinary\/\",\"url\":\"https:\/\/prixgro.com\/product\/100-hemi-squalane-derive-de-plantes-serum-hydratant-the-ordinary\/\",\"name\":\"100% H\u00e9mi Squalane D\u00e9riv\u00e9 de Plantes S\u00e9rum Hydratant THE ORDINARY - Prixgro\",\"isPartOf\":{\"@id\":\"https:\/\/prixgro.com\/#website\"},\"primaryImageOfPage\":{\"@id\":\"https:\/\/prixgro.com\/product\/100-hemi-squalane-derive-de-plantes-serum-hydratant-the-ordinary\/#primaryimage\"},\"image\":{\"@id\":\"https:\/\/prixgro.com\/product\/100-hemi-squalane-derive-de-plantes-serum-hydratant-the-ordinary\/#primaryimage\"},\"thumbnailUrl\":\"https:\/\/prixgro.com\/wp-content\/uploads\/2023\/09\/233820-the-ordinary-100-hemi-squalane-derive-de-plantes-serum-hydratant-30ml-flacon-1000x1000-1-e1617716797835.jpg\",\"datePublished\":\"2024-04-09T12:27:59+00:00\",\"dateModified\":\"2024-08-12T11:35:57+00:00\",\"breadcrumb\":{\"@id\":\"https:\/\/prixgro.com\/product\/100-hemi-squalane-derive-de-plantes-serum-hydratant-the-ordinary\/#breadcrumb\"},\"inLanguage\":\"ar\",\"potentialAction\":[{\"@type\":\"ReadAction\",\"target\":[\"https:\/\/prixgro.com\/product\/100-hemi-squalane-derive-de-plantes-serum-hydratant-the-ordinary\/\"]}]},{\"@type\":\"ImageObject\",\"inLanguage\":\"ar\",\"@id\":\"https:\/\/prixgro.com\/product\/100-hemi-squalane-derive-de-plantes-serum-hydratant-the-ordinary\/#primaryimage\",\"url\":\"https:\/\/prixgro.com\/wp-content\/uploads\/2023\/09\/233820-the-ordinary-100-hemi-squalane-derive-de-plantes-serum-hydratant-30ml-flacon-1000x1000-1-e1617716797835.jpg\",\"contentUrl\":\"https:\/\/prixgro.com\/wp-content\/uploads\/2023\/09\/233820-the-ordinary-100-hemi-squalane-derive-de-plantes-serum-hydratant-30ml-flacon-1000x1000-1-e1617716797835.jpg\",\"width\":400,\"height\":400},{\"@type\":\"BreadcrumbList\",\"@id\":\"https:\/\/prixgro.com\/product\/100-hemi-squalane-derive-de-plantes-serum-hydratant-the-ordinary\/#breadcrumb\",\"itemListElement\":[{\"@type\":\"ListItem\",\"position\":1,\"name\":\"Accueil\",\"item\":\"https:\/\/prixgro.com\/\"},{\"@type\":\"ListItem\",\"position\":2,\"name\":\"Boutique en ligne\",\"item\":\"https:\/\/prixgro.com\/shop\/\"},{\"@type\":\"ListItem\",\"position\":3,\"name\":\"100% H\u00e9mi Squalane D\u00e9riv\u00e9 de Plantes S\u00e9rum Hydratant THE ORDINARY\"}]},{\"@type\":\"WebSite\",\"@id\":\"https:\/\/prixgro.com\/#website\",\"url\":\"https:\/\/prixgro.com\/\",\"name\":\"Prixgro.com\",\"description\":\"Para Pharmaceutique et Cosm\u00e9tique\",\"publisher\":{\"@id\":\"https:\/\/prixgro.com\/#organization\"},\"potentialAction\":[{\"@type\":\"SearchAction\",\"target\":{\"@type\":\"EntryPoint\",\"urlTemplate\":\"https:\/\/prixgro.com\/?s={search_term_string}\"},\"query-input\":{\"@type\":\"PropertyValueSpecification\",\"valueRequired\":true,\"valueName\":\"search_term_string\"}}],\"inLanguage\":\"ar\"},{\"@type\":\"Organization\",\"@id\":\"https:\/\/prixgro.com\/#organization\",\"name\":\"Prixgro\",\"url\":\"https:\/\/prixgro.com\/\",\"logo\":{\"@type\":\"ImageObject\",\"inLanguage\":\"ar\",\"@id\":\"https:\/\/prixgro.com\/#\/schema\/logo\/image\/\",\"url\":\"https:\/\/prixgro.com\/wp-content\/uploads\/2024\/08\/cropped-Nouveau-projet-2.png\",\"contentUrl\":\"https:\/\/prixgro.com\/wp-content\/uploads\/2024\/08\/cropped-Nouveau-projet-2.png\",\"width\":265,\"height\":62,\"caption\":\"Prixgro\"},\"image\":{\"@id\":\"https:\/\/prixgro.com\/#\/schema\/logo\/image\/\"},\"sameAs\":[\"https:\/\/www.facebook.com\/Pharmacima\"]}]}<\/script>\n<!-- \/ Yoast SEO plugin. -->","yoast_head_json":{"title":"100% H\u00e9mi Squalane D\u00e9riv\u00e9 de Plantes S\u00e9rum Hydratant THE ORDINARY - Prixgro","robots":{"index":"index","follow":"follow","max-snippet":"max-snippet:-1","max-image-preview":"max-image-preview:large","max-video-preview":"max-video-preview:-1"},"canonical":"https:\/\/prixgro.com\/ar\/product\/100-hemi-squalane-derive-de-plantes-serum-hydratant-the-ordinary\/","og_locale":"ar_AR","og_type":"article","og_title":"100% H\u00e9mi Squalane D\u00e9riv\u00e9 de Plantes S\u00e9rum Hydratant THE ORDINARY - Prixgro","og_url":"https:\/\/prixgro.com\/ar\/product\/100-hemi-squalane-derive-de-plantes-serum-hydratant-the-ordinary\/","og_site_name":"Prixgro","article_publisher":"https:\/\/www.facebook.com\/Pharmacima","article_modified_time":"2024-08-12T11:35:57+00:00","og_image":[{"width":400,"height":400,"url":"https:\/\/prixgro.com\/wp-content\/uploads\/2023\/09\/233820-the-ordinary-100-hemi-squalane-derive-de-plantes-serum-hydratant-30ml-flacon-1000x1000-1-e1617716797835.jpg","type":"image\/jpeg"}],"twitter_card":"summary_large_image","twitter_misc":{"\u0648\u0642\u062a \u0627\u0644\u0642\u0631\u0627\u0621\u0629 \u0627\u0644\u0645\u064f\u0642\u062f\u0651\u0631":"\u062f\u0642\u064a\u0642\u0629 \u0648\u0627\u062d\u062f\u0629"},"schema":{"@context":"https:\/\/schema.org","@graph":[{"@type":"WebPage","@id":"https:\/\/prixgro.com\/product\/100-hemi-squalane-derive-de-plantes-serum-hydratant-the-ordinary\/","url":"https:\/\/prixgro.com\/product\/100-hemi-squalane-derive-de-plantes-serum-hydratant-the-ordinary\/","name":"100% H\u00e9mi Squalane D\u00e9riv\u00e9 de Plantes S\u00e9rum Hydratant THE ORDINARY - Prixgro","isPartOf":{"@id":"https:\/\/prixgro.com\/#website"},"primaryImageOfPage":{"@id":"https:\/\/prixgro.com\/product\/100-hemi-squalane-derive-de-plantes-serum-hydratant-the-ordinary\/#primaryimage"},"image":{"@id":"https:\/\/prixgro.com\/product\/100-hemi-squalane-derive-de-plantes-serum-hydratant-the-ordinary\/#primaryimage"},"thumbnailUrl":"https:\/\/prixgro.com\/wp-content\/uploads\/2023\/09\/233820-the-ordinary-100-hemi-squalane-derive-de-plantes-serum-hydratant-30ml-flacon-1000x1000-1-e1617716797835.jpg","datePublished":"2024-04-09T12:27:59+00:00","dateModified":"2024-08-12T11:35:57+00:00","breadcrumb":{"@id":"https:\/\/prixgro.com\/product\/100-hemi-squalane-derive-de-plantes-serum-hydratant-the-ordinary\/#breadcrumb"},"inLanguage":"ar","potentialAction":[{"@type":"ReadAction","target":["https:\/\/prixgro.com\/product\/100-hemi-squalane-derive-de-plantes-serum-hydratant-the-ordinary\/"]}]},{"@type":"ImageObject","inLanguage":"ar","@id":"https:\/\/prixgro.com\/product\/100-hemi-squalane-derive-de-plantes-serum-hydratant-the-ordinary\/#primaryimage","url":"https:\/\/prixgro.com\/wp-content\/uploads\/2023\/09\/233820-the-ordinary-100-hemi-squalane-derive-de-plantes-serum-hydratant-30ml-flacon-1000x1000-1-e1617716797835.jpg","contentUrl":"https:\/\/prixgro.com\/wp-content\/uploads\/2023\/09\/233820-the-ordinary-100-hemi-squalane-derive-de-plantes-serum-hydratant-30ml-flacon-1000x1000-1-e1617716797835.jpg","width":400,"height":400},{"@type":"BreadcrumbList","@id":"https:\/\/prixgro.com\/product\/100-hemi-squalane-derive-de-plantes-serum-hydratant-the-ordinary\/#breadcrumb","itemListElement":[{"@type":"ListItem","position":1,"name":"Accueil","item":"https:\/\/prixgro.com\/"},{"@type":"ListItem","position":2,"name":"Boutique en ligne","item":"https:\/\/prixgro.com\/shop\/"},{"@type":"ListItem","position":3,"name":"100% H\u00e9mi Squalane D\u00e9riv\u00e9 de Plantes S\u00e9rum Hydratant THE ORDINARY"}]},{"@type":"WebSite","@id":"https:\/\/prixgro.com\/#website","url":"https:\/\/prixgro.com\/","name":"Prixgro.com","description":"Para Pharmaceutique et Cosm\u00e9tique","publisher":{"@id":"https:\/\/prixgro.com\/#organization"},"potentialAction":[{"@type":"SearchAction","target":{"@type":"EntryPoint","urlTemplate":"https:\/\/prixgro.com\/?s={search_term_string}"},"query-input":{"@type":"PropertyValueSpecification","valueRequired":true,"valueName":"search_term_string"}}],"inLanguage":"ar"},{"@type":"Organization","@id":"https:\/\/prixgro.com\/#organization","name":"Prixgro","url":"https:\/\/prixgro.com\/","logo":{"@type":"ImageObject","inLanguage":"ar","@id":"https:\/\/prixgro.com\/#\/schema\/logo\/image\/","url":"https:\/\/prixgro.com\/wp-content\/uploads\/2024\/08\/cropped-Nouveau-projet-2.png","contentUrl":"https:\/\/prixgro.com\/wp-content\/uploads\/2024\/08\/cropped-Nouveau-projet-2.png","width":265,"height":62,"caption":"Prixgro"},"image":{"@id":"https:\/\/prixgro.com\/#\/schema\/logo\/image\/"},"sameAs":["https:\/\/www.facebook.com\/Pharmacima"]}]}},"_links":{"self":[{"href":"https:\/\/prixgro.com\/ar\/wp-json\/wp\/v2\/product\/141641","targetHints":{"allow":["GET"]}}],"collection":[{"href":"https:\/\/prixgro.com\/ar\/wp-json\/wp\/v2\/product"}],"about":[{"href":"https:\/\/prixgro.com\/ar\/wp-json\/wp\/v2\/types\/product"}],"replies":[{"embeddable":true,"href":"https:\/\/prixgro.com\/ar\/wp-json\/wp\/v2\/comments?post=141641"}],"wp:featuredmedia":[{"embeddable":true,"href":"https:\/\/prixgro.com\/ar\/wp-json\/wp\/v2\/media\/1902"}],"wp:attachment":[{"href":"https:\/\/prixgro.com\/ar\/wp-json\/wp\/v2\/media?parent=141641"}],"wp:term":[{"taxonomy":"product_cat","embeddable":true,"href":"https:\/\/prixgro.com\/ar\/wp-json\/wp\/v2\/product_cat?post=141641"},{"taxonomy":"product_tag","embeddable":true,"href":"https:\/\/prixgro.com\/ar\/wp-json\/wp\/v2\/product_tag?post=141641"},{"taxonomy":"berocket_brand","embeddable":true,"href":"https:\/\/prixgro.com\/ar\/wp-json\/wp\/v2\/berocket_brand?post=141641"}],"curies":[{"name":"wp","href":"https:\/\/api.w.org\/{rel}","templated":true}]}}