{"id":141644,"date":"2024-04-09T14:28:00","date_gmt":"2024-04-09T12:28:00","guid":{"rendered":"https:\/\/cloodmanager.net\/?post_type=product&#038;p=141644"},"modified":"2025-01-06T16:48:22","modified_gmt":"2025-01-06T15:48:22","slug":"100-huile-dargan-bio-du-maroc-hydratante-the-ordinary","status":"publish","type":"product","link":"https:\/\/prixgro.com\/ar\/product\/100-huile-dargan-bio-du-maroc-hydratante-the-ordinary\/","title":{"rendered":"100% Huile d&#8217;Argan Bio du Maroc Hydratante THE ORDINARY"},"content":{"rendered":"<h3><strong>DESCRIPTION<\/strong><\/h3>\n<p><strong>Flacon 30ml<\/strong><\/p>\n<p>Formule Quotidienne de Soutien pour les Cheveux et la Peau<\/p>\n<p>Cette formule utilise 100% d&#8217;Huile d&#8217;Argan Bio du Maroc extraite gr\u00e2ce au proc\u00e9d\u00e9 de pressage \u00e0 froid qui pr\u00e9serve l&#8217;int\u00e9grit\u00e9 des acides gras, vitamines, ph\u00e9nols (dont l&#8217;acide caf\u00e9ique) et les carot\u00e8nes qui la composent. Le principal acide gras de l&#8217;Huile d&#8217;Argan est compos\u00e9 d&#8217;acide ol\u00e9ique et linol\u00e9ique. Cette huile nourrie intens\u00e9ment la peau et att\u00e9nue la desquamation visible. Elle contribue \u00e9galement \u00e0 fortifier les cheveux et leur redonner de l&#8217;\u00e9clat.<\/p>\n<div class=\"prdct__details-benefits\">\n<hr \/>\n<h3 class=\"prdct__details-title\"><span style=\"color: #ff0000;\"><strong>B\u00e9n\u00e9fice produit<\/strong><\/span><\/h3>\n<p>-Extraite gr\u00e2ce \u00e0 un processus de pression \u00e0 froid unique qui pr\u00e9serve l\u2019int\u00e9grit\u00e9 de la composition des ingr\u00e9dients.<\/p>\n<p>-Cette huile est riche en acides gras et en vitamines qui agissent pour soutenir des cheveux sains, dompter les frisottis, hydrater et soutenir une peau saine.<\/p>\n<p>-Un r\u00e9gal luxueux pour la peau s\u00e8che et squameuse, et id\u00e9al pour ajouter une brillance douce aux cheveux.<\/p>\n<p>-Soutient la sant\u00e9 capillaire, dompte les frisottis, soutient la sant\u00e9 de la peau et hydrate la peau.<\/p>\n<\/div>\n<div class=\"prdct__details-ref\"><\/div>\n<div>\n<hr \/>\n<\/div>\n<div><\/div>\n<h3><span style=\"color: #808080;\"><strong>UTILISATION<\/strong><\/span><\/h3>\n<div>\n<div class=\"prdct__content go-back\">\n<div id=\"prdct-details\" class=\"prdct__details\">\n<div class=\"prdct__details-wrap\">\n<div id=\"conseils\" class=\"prdct__details-content\">\n<p>Pour les cheveux\u2014Appliquer quotidiennement ou selon le besoin sur cheveux propres<br \/>\net humides. Pour la peau\u2014Appliquer quelques gouttes sur le visage quotidiennement ou selon le besoin.<\/p>\n<hr \/>\n<\/div>\n<h3><span style=\"color: #333399;\"><strong>COMPOSITION<\/strong><\/span><\/h3>\n<\/div>\n<\/div>\n<\/div>\n<div>\n<div class=\"prdct__content go-back\">\n<div id=\"prdct-details\" class=\"prdct__details\">\n<div class=\"prdct__details-wrap\">\n<div id=\"ingredients\" class=\"prdct__details-content\">\n<p>ARGANIA SPINOSA KERNEL OIL.<\/p>\n<\/div>\n<\/div>\n<\/div>\n<\/div>\n<div><\/div>\n<\/div>\n<\/div>","protected":false},"excerpt":{"rendered":"<p>DESCRIPTION Flacon 30ml Formule Quotidienne de Soutien pour les Cheveux et la Peau Cette formule utilise 100% d&#8217;Huile d&#8217;Argan Bio&#8230;<\/p>","protected":false},"featured_media":1914,"comment_status":"open","ping_status":"closed","template":"","meta":[],"product_cat":[126,17],"product_tag":[45],"berocket_brand":[460],"class_list":{"0":"post-141644","1":"product","2":"type-product","3":"status-publish","4":"has-post-thumbnail","6":"product_cat-cheveux","7":"product_cat-soin-et-bien-etre","8":"product_tag-peaux-sensibles","9":"berocket_brand-theordinary","11":"first","12":"instock","13":"shipping-taxable","14":"purchasable","15":"product-type-simple"},"yoast_head":"<!-- This site is optimized with the Yoast SEO plugin v24.8 - https:\/\/yoast.com\/wordpress\/plugins\/seo\/ -->\n<title>100% Huile d&#8217;Argan Bio du Maroc Hydratante THE ORDINARY - Prixgro<\/title>\n<meta name=\"robots\" content=\"index, follow, max-snippet:-1, max-image-preview:large, max-video-preview:-1\" \/>\n<link rel=\"canonical\" href=\"https:\/\/prixgro.com\/ar\/product\/100-huile-dargan-bio-du-maroc-hydratante-the-ordinary\/\" \/>\n<meta property=\"og:locale\" content=\"ar_AR\" \/>\n<meta property=\"og:type\" content=\"article\" \/>\n<meta property=\"og:title\" content=\"100% Huile d&#8217;Argan Bio du Maroc Hydratante THE ORDINARY - Prixgro\" \/>\n<meta property=\"og:description\" content=\"DESCRIPTION Flacon 30ml Formule Quotidienne de Soutien pour les Cheveux et la Peau Cette formule utilise 100% d&#8217;Huile d&#8217;Argan Bio...\" \/>\n<meta property=\"og:url\" content=\"https:\/\/prixgro.com\/ar\/product\/100-huile-dargan-bio-du-maroc-hydratante-the-ordinary\/\" \/>\n<meta property=\"og:site_name\" content=\"Prixgro\" \/>\n<meta property=\"article:publisher\" content=\"https:\/\/www.facebook.com\/Pharmacima\" \/>\n<meta property=\"article:modified_time\" content=\"2025-01-06T15:48:22+00:00\" \/>\n<meta property=\"og:image\" content=\"https:\/\/prixgro.com\/wp-content\/uploads\/2023\/09\/233779-the-ordinary-100-huile-d-argan-bio-du-maroc-presseea-froid-huile-hydratante-30ml-flacon-1000x1000-1-e1617729893682.jpg\" \/>\n\t<meta property=\"og:image:width\" content=\"400\" \/>\n\t<meta property=\"og:image:height\" content=\"400\" \/>\n\t<meta property=\"og:image:type\" content=\"image\/jpeg\" \/>\n<meta name=\"twitter:card\" content=\"summary_large_image\" \/>\n<meta name=\"twitter:label1\" content=\"\u0648\u0642\u062a \u0627\u0644\u0642\u0631\u0627\u0621\u0629 \u0627\u0644\u0645\u064f\u0642\u062f\u0651\u0631\" \/>\n\t<meta name=\"twitter:data1\" content=\"\u062f\u0642\u064a\u0642\u0629 \u0648\u0627\u062d\u062f\u0629\" \/>\n<script type=\"application\/ld+json\" class=\"yoast-schema-graph\">{\"@context\":\"https:\/\/schema.org\",\"@graph\":[{\"@type\":\"WebPage\",\"@id\":\"https:\/\/prixgro.com\/product\/100-huile-dargan-bio-du-maroc-hydratante-the-ordinary\/\",\"url\":\"https:\/\/prixgro.com\/product\/100-huile-dargan-bio-du-maroc-hydratante-the-ordinary\/\",\"name\":\"100% Huile d&#8217;Argan Bio du Maroc Hydratante THE ORDINARY - Prixgro\",\"isPartOf\":{\"@id\":\"https:\/\/prixgro.com\/#website\"},\"primaryImageOfPage\":{\"@id\":\"https:\/\/prixgro.com\/product\/100-huile-dargan-bio-du-maroc-hydratante-the-ordinary\/#primaryimage\"},\"image\":{\"@id\":\"https:\/\/prixgro.com\/product\/100-huile-dargan-bio-du-maroc-hydratante-the-ordinary\/#primaryimage\"},\"thumbnailUrl\":\"https:\/\/prixgro.com\/wp-content\/uploads\/2023\/09\/233779-the-ordinary-100-huile-d-argan-bio-du-maroc-presseea-froid-huile-hydratante-30ml-flacon-1000x1000-1-e1617729893682.jpg\",\"datePublished\":\"2024-04-09T12:28:00+00:00\",\"dateModified\":\"2025-01-06T15:48:22+00:00\",\"breadcrumb\":{\"@id\":\"https:\/\/prixgro.com\/product\/100-huile-dargan-bio-du-maroc-hydratante-the-ordinary\/#breadcrumb\"},\"inLanguage\":\"ar\",\"potentialAction\":[{\"@type\":\"ReadAction\",\"target\":[\"https:\/\/prixgro.com\/product\/100-huile-dargan-bio-du-maroc-hydratante-the-ordinary\/\"]}]},{\"@type\":\"ImageObject\",\"inLanguage\":\"ar\",\"@id\":\"https:\/\/prixgro.com\/product\/100-huile-dargan-bio-du-maroc-hydratante-the-ordinary\/#primaryimage\",\"url\":\"https:\/\/prixgro.com\/wp-content\/uploads\/2023\/09\/233779-the-ordinary-100-huile-d-argan-bio-du-maroc-presseea-froid-huile-hydratante-30ml-flacon-1000x1000-1-e1617729893682.jpg\",\"contentUrl\":\"https:\/\/prixgro.com\/wp-content\/uploads\/2023\/09\/233779-the-ordinary-100-huile-d-argan-bio-du-maroc-presseea-froid-huile-hydratante-30ml-flacon-1000x1000-1-e1617729893682.jpg\",\"width\":400,\"height\":400},{\"@type\":\"BreadcrumbList\",\"@id\":\"https:\/\/prixgro.com\/product\/100-huile-dargan-bio-du-maroc-hydratante-the-ordinary\/#breadcrumb\",\"itemListElement\":[{\"@type\":\"ListItem\",\"position\":1,\"name\":\"Accueil\",\"item\":\"https:\/\/prixgro.com\/\"},{\"@type\":\"ListItem\",\"position\":2,\"name\":\"Boutique en ligne\",\"item\":\"https:\/\/prixgro.com\/shop\/\"},{\"@type\":\"ListItem\",\"position\":3,\"name\":\"100% Huile d&#8217;Argan Bio du Maroc Hydratante THE ORDINARY\"}]},{\"@type\":\"WebSite\",\"@id\":\"https:\/\/prixgro.com\/#website\",\"url\":\"https:\/\/prixgro.com\/\",\"name\":\"Prixgro.com\",\"description\":\"Para Pharmaceutique et Cosm\u00e9tique\",\"publisher\":{\"@id\":\"https:\/\/prixgro.com\/#organization\"},\"potentialAction\":[{\"@type\":\"SearchAction\",\"target\":{\"@type\":\"EntryPoint\",\"urlTemplate\":\"https:\/\/prixgro.com\/?s={search_term_string}\"},\"query-input\":{\"@type\":\"PropertyValueSpecification\",\"valueRequired\":true,\"valueName\":\"search_term_string\"}}],\"inLanguage\":\"ar\"},{\"@type\":\"Organization\",\"@id\":\"https:\/\/prixgro.com\/#organization\",\"name\":\"Prixgro\",\"url\":\"https:\/\/prixgro.com\/\",\"logo\":{\"@type\":\"ImageObject\",\"inLanguage\":\"ar\",\"@id\":\"https:\/\/prixgro.com\/#\/schema\/logo\/image\/\",\"url\":\"https:\/\/prixgro.com\/wp-content\/uploads\/2024\/08\/cropped-Nouveau-projet-2.png\",\"contentUrl\":\"https:\/\/prixgro.com\/wp-content\/uploads\/2024\/08\/cropped-Nouveau-projet-2.png\",\"width\":265,\"height\":62,\"caption\":\"Prixgro\"},\"image\":{\"@id\":\"https:\/\/prixgro.com\/#\/schema\/logo\/image\/\"},\"sameAs\":[\"https:\/\/www.facebook.com\/Pharmacima\"]}]}<\/script>\n<!-- \/ Yoast SEO plugin. -->","yoast_head_json":{"title":"100% Huile d&#8217;Argan Bio du Maroc Hydratante THE ORDINARY - Prixgro","robots":{"index":"index","follow":"follow","max-snippet":"max-snippet:-1","max-image-preview":"max-image-preview:large","max-video-preview":"max-video-preview:-1"},"canonical":"https:\/\/prixgro.com\/ar\/product\/100-huile-dargan-bio-du-maroc-hydratante-the-ordinary\/","og_locale":"ar_AR","og_type":"article","og_title":"100% Huile d&#8217;Argan Bio du Maroc Hydratante THE ORDINARY - Prixgro","og_description":"DESCRIPTION Flacon 30ml Formule Quotidienne de Soutien pour les Cheveux et la Peau Cette formule utilise 100% d&#8217;Huile d&#8217;Argan Bio...","og_url":"https:\/\/prixgro.com\/ar\/product\/100-huile-dargan-bio-du-maroc-hydratante-the-ordinary\/","og_site_name":"Prixgro","article_publisher":"https:\/\/www.facebook.com\/Pharmacima","article_modified_time":"2025-01-06T15:48:22+00:00","og_image":[{"width":400,"height":400,"url":"https:\/\/prixgro.com\/wp-content\/uploads\/2023\/09\/233779-the-ordinary-100-huile-d-argan-bio-du-maroc-presseea-froid-huile-hydratante-30ml-flacon-1000x1000-1-e1617729893682.jpg","type":"image\/jpeg"}],"twitter_card":"summary_large_image","twitter_misc":{"\u0648\u0642\u062a \u0627\u0644\u0642\u0631\u0627\u0621\u0629 \u0627\u0644\u0645\u064f\u0642\u062f\u0651\u0631":"\u062f\u0642\u064a\u0642\u0629 \u0648\u0627\u062d\u062f\u0629"},"schema":{"@context":"https:\/\/schema.org","@graph":[{"@type":"WebPage","@id":"https:\/\/prixgro.com\/product\/100-huile-dargan-bio-du-maroc-hydratante-the-ordinary\/","url":"https:\/\/prixgro.com\/product\/100-huile-dargan-bio-du-maroc-hydratante-the-ordinary\/","name":"100% Huile d&#8217;Argan Bio du Maroc Hydratante THE ORDINARY - Prixgro","isPartOf":{"@id":"https:\/\/prixgro.com\/#website"},"primaryImageOfPage":{"@id":"https:\/\/prixgro.com\/product\/100-huile-dargan-bio-du-maroc-hydratante-the-ordinary\/#primaryimage"},"image":{"@id":"https:\/\/prixgro.com\/product\/100-huile-dargan-bio-du-maroc-hydratante-the-ordinary\/#primaryimage"},"thumbnailUrl":"https:\/\/prixgro.com\/wp-content\/uploads\/2023\/09\/233779-the-ordinary-100-huile-d-argan-bio-du-maroc-presseea-froid-huile-hydratante-30ml-flacon-1000x1000-1-e1617729893682.jpg","datePublished":"2024-04-09T12:28:00+00:00","dateModified":"2025-01-06T15:48:22+00:00","breadcrumb":{"@id":"https:\/\/prixgro.com\/product\/100-huile-dargan-bio-du-maroc-hydratante-the-ordinary\/#breadcrumb"},"inLanguage":"ar","potentialAction":[{"@type":"ReadAction","target":["https:\/\/prixgro.com\/product\/100-huile-dargan-bio-du-maroc-hydratante-the-ordinary\/"]}]},{"@type":"ImageObject","inLanguage":"ar","@id":"https:\/\/prixgro.com\/product\/100-huile-dargan-bio-du-maroc-hydratante-the-ordinary\/#primaryimage","url":"https:\/\/prixgro.com\/wp-content\/uploads\/2023\/09\/233779-the-ordinary-100-huile-d-argan-bio-du-maroc-presseea-froid-huile-hydratante-30ml-flacon-1000x1000-1-e1617729893682.jpg","contentUrl":"https:\/\/prixgro.com\/wp-content\/uploads\/2023\/09\/233779-the-ordinary-100-huile-d-argan-bio-du-maroc-presseea-froid-huile-hydratante-30ml-flacon-1000x1000-1-e1617729893682.jpg","width":400,"height":400},{"@type":"BreadcrumbList","@id":"https:\/\/prixgro.com\/product\/100-huile-dargan-bio-du-maroc-hydratante-the-ordinary\/#breadcrumb","itemListElement":[{"@type":"ListItem","position":1,"name":"Accueil","item":"https:\/\/prixgro.com\/"},{"@type":"ListItem","position":2,"name":"Boutique en ligne","item":"https:\/\/prixgro.com\/shop\/"},{"@type":"ListItem","position":3,"name":"100% Huile d&#8217;Argan Bio du Maroc Hydratante THE ORDINARY"}]},{"@type":"WebSite","@id":"https:\/\/prixgro.com\/#website","url":"https:\/\/prixgro.com\/","name":"Prixgro.com","description":"Para Pharmaceutique et Cosm\u00e9tique","publisher":{"@id":"https:\/\/prixgro.com\/#organization"},"potentialAction":[{"@type":"SearchAction","target":{"@type":"EntryPoint","urlTemplate":"https:\/\/prixgro.com\/?s={search_term_string}"},"query-input":{"@type":"PropertyValueSpecification","valueRequired":true,"valueName":"search_term_string"}}],"inLanguage":"ar"},{"@type":"Organization","@id":"https:\/\/prixgro.com\/#organization","name":"Prixgro","url":"https:\/\/prixgro.com\/","logo":{"@type":"ImageObject","inLanguage":"ar","@id":"https:\/\/prixgro.com\/#\/schema\/logo\/image\/","url":"https:\/\/prixgro.com\/wp-content\/uploads\/2024\/08\/cropped-Nouveau-projet-2.png","contentUrl":"https:\/\/prixgro.com\/wp-content\/uploads\/2024\/08\/cropped-Nouveau-projet-2.png","width":265,"height":62,"caption":"Prixgro"},"image":{"@id":"https:\/\/prixgro.com\/#\/schema\/logo\/image\/"},"sameAs":["https:\/\/www.facebook.com\/Pharmacima"]}]}},"_links":{"self":[{"href":"https:\/\/prixgro.com\/ar\/wp-json\/wp\/v2\/product\/141644","targetHints":{"allow":["GET"]}}],"collection":[{"href":"https:\/\/prixgro.com\/ar\/wp-json\/wp\/v2\/product"}],"about":[{"href":"https:\/\/prixgro.com\/ar\/wp-json\/wp\/v2\/types\/product"}],"replies":[{"embeddable":true,"href":"https:\/\/prixgro.com\/ar\/wp-json\/wp\/v2\/comments?post=141644"}],"wp:featuredmedia":[{"embeddable":true,"href":"https:\/\/prixgro.com\/ar\/wp-json\/wp\/v2\/media\/1914"}],"wp:attachment":[{"href":"https:\/\/prixgro.com\/ar\/wp-json\/wp\/v2\/media?parent=141644"}],"wp:term":[{"taxonomy":"product_cat","embeddable":true,"href":"https:\/\/prixgro.com\/ar\/wp-json\/wp\/v2\/product_cat?post=141644"},{"taxonomy":"product_tag","embeddable":true,"href":"https:\/\/prixgro.com\/ar\/wp-json\/wp\/v2\/product_tag?post=141644"},{"taxonomy":"berocket_brand","embeddable":true,"href":"https:\/\/prixgro.com\/ar\/wp-json\/wp\/v2\/berocket_brand?post=141644"}],"curies":[{"name":"wp","href":"https:\/\/api.w.org\/{rel}","templated":true}]}}