{"id":141664,"date":"2024-04-09T14:28:10","date_gmt":"2024-04-09T12:28:10","guid":{"rendered":"https:\/\/cloodmanager.net\/?post_type=product&#038;p=141664"},"modified":"2024-08-08T13:17:31","modified_gmt":"2024-08-08T11:17:31","slug":"retinol-1-dans-du-squalane-the-ordinary","status":"publish","type":"product","link":"https:\/\/prixgro.com\/ar\/product\/retinol-1-dans-du-squalane-the-ordinary\/","title":{"rendered":"R\u00e9tinol 1% dans du Squalane THE ORDINARY"},"content":{"rendered":"<h3><strong>DESCRIPTION<\/strong><\/h3>\n<p><strong>Flacon 30ml<\/strong><\/p>\n<p>Solution Ultra-Stable et Sans Eau de R\u00e9tinol Pur Concentr\u00e9 \u00e0 1%<\/p>\n<p>Une solution sans eau offrant une concentration de r\u00e9tinol pur de 0,2%, 0,5% ou 1%, permettant de lutter contre les signes de l&#8217;\u00e2ge, notamment les rides et le photo-vieillissement.<\/p>\n<p>Le pouvoir irritant du R\u00e9tinol a \u00e9t\u00e9 \u00e9tudi\u00e9 et d\u00e9montr\u00e9, et de nouvelles technologies qui miment les effets visibles du R\u00e9tinol sans causer d&#8217;irritation existent.<\/p>\n<p>The Ordinary recommande donc g\u00e9n\u00e9ralement d&#8217;utiliser les formules de Granactive R\u00e9tino\u00efde \u00e0 la place.<\/p>\n<div class=\"prdct__details-benefits\">\n<hr>\n<h3 class=\"prdct__details-title\"><span style=\"color: #ff0000\" data-mce-style=\"color: #ff0000;\"><strong>B\u00e9n\u00e9fice produit<\/strong><\/span><\/h3>\n<p>-Solution hautement stable et sans eau de r\u00e9tinol pur \u00e0 1 %<br \/>Cette solution sans eau contient 1 % de r\u00e9tinol pur, un ingr\u00e9dient capable de r\u00e9duire l&#8217;apparence des ridules, des dommages photographiques et du vieillissement g\u00e9n\u00e9ral de la peau.<\/p>\n<p>-il est\u00a0<strong>anti-acn\u00e9.<\/strong><\/p>\n<p>-R\u00e9gule le gras du visage ( s\u00e9bum)<\/p>\n<p>-Anti-\u00e2ge: Aide la production du collag\u00e8ne.<\/p>\n<p>-Anti-Rides.<\/p>\n<p class=\"has-text-align-justify\">-il est \u00e9claircissant =\u00a0<strong>anti-taches.<\/strong><\/p>\n<\/div>\n<div class=\"prdct__details-ref\"><\/div>\n<div>\n<hr>\n<\/div>\n<div><\/div>\n<h3><span style=\"color: #808080\" data-mce-style=\"color: #808080;\"><strong>CONSEIL UTILISATION<\/strong><\/span><\/h3>\n<div><\/div>\n<div>Appliquer en petite quantit\u00e9 sur le visage le soir, en compl\u00e9ment d&#8217;une routine de soins, apr\u00e8s les s\u00e9rums \u00e0 base d&#8217;eau mais avant les soins plus \u00e9pais.<\/div>\n<div>Ne pas utiliser en conjonction avec d&#8217;autres soins \u00e0 base de r\u00e9tino\u00efde.<\/div>\n<div>\u00c9viter l&#8217;exposition au soleil sans protection.<\/div>\n<div>R\u00e9frig\u00e9rer apr\u00e8s ouverture. Attention :<\/div>\n<div>Le R\u00e9tinol peut entra\u00eener des irritations importantes, des rougeurs et une peau qui p\u00e8le,<br \/>particuli\u00e8rement autour des yeux et de la bouche, pendant les premiers jours d&#8217;utilisation et jusqu&#8217;\u00e0 ce que la peau devienne plus tol\u00e9rante.<\/div>\n<div>\n<hr>\n<\/div>\n<div><\/div>\n<h3><span style=\"color: #333399\" data-mce-style=\"color: #333399;\"><strong>COMPOSITION<\/strong><\/span><\/h3>\n<div>\n<div class=\"prdct__content go-back\">\n<div id=\"prdct-details\" class=\"prdct__details\">\n<div class=\"prdct__details-wrap\">\n<div id=\"ingredients\" class=\"prdct__details-content\">\n<p>SQUALANE, CAPRYLIC\/CAPRIC TRIGLYCERIDE, SIMMONDSIA CHINENSIS (JOJOBA) SEED OIL, RETINOL, SOLANUM LYCOPERSICUM (TOMATO) FRUIT EXTRACT, ROSMARINUS OFFICINALIS (ROSEMARY) LEAF EXTRACT, HYDROXYMETHOXYPHENYL DECANONE, BHT.<\/p>\n<\/div>\n<\/div>\n<\/div>\n<\/div>\n<div><\/div>\n<\/div>\n<div><\/div>\n<div><\/div>","protected":false},"excerpt":{"rendered":"<p><\/p>","protected":false},"featured_media":1969,"comment_status":"open","ping_status":"closed","template":"","meta":[],"product_cat":[98,17,36],"product_tag":[],"berocket_brand":[460],"class_list":{"0":"post-141664","1":"product","2":"type-product","3":"status-publish","4":"has-post-thumbnail","6":"product_cat-cou","7":"product_cat-soin-et-bien-etre","8":"product_cat-visage-soin-et-bien-etre","9":"berocket_brand-theordinary","11":"first","12":"outofstock","13":"shipping-taxable","14":"purchasable","15":"product-type-simple"},"yoast_head":"<!-- This site is optimized with the Yoast SEO plugin v24.8 - https:\/\/yoast.com\/wordpress\/plugins\/seo\/ -->\n<title>R\u00e9tinol 1% dans du Squalane THE ORDINARY - Prixgro<\/title>\n<meta name=\"robots\" content=\"index, follow, max-snippet:-1, max-image-preview:large, max-video-preview:-1\" \/>\n<link rel=\"canonical\" href=\"https:\/\/prixgro.com\/ar\/product\/retinol-1-dans-du-squalane-the-ordinary\/\" \/>\n<meta property=\"og:locale\" content=\"ar_AR\" \/>\n<meta property=\"og:type\" content=\"article\" \/>\n<meta property=\"og:title\" content=\"R\u00e9tinol 1% dans du Squalane THE ORDINARY - Prixgro\" \/>\n<meta property=\"og:url\" content=\"https:\/\/prixgro.com\/ar\/product\/retinol-1-dans-du-squalane-the-ordinary\/\" \/>\n<meta property=\"og:site_name\" content=\"Prixgro\" \/>\n<meta property=\"article:publisher\" content=\"https:\/\/www.facebook.com\/Pharmacima\" \/>\n<meta property=\"article:modified_time\" content=\"2024-08-08T11:17:31+00:00\" \/>\n<meta property=\"og:image\" content=\"https:\/\/prixgro.com\/wp-content\/uploads\/2023\/09\/233806-the-ordinary-retinol-1-dans-du-squalane-retinoide-30ml-flacon-1000x1000-1-e1618527542705.jpg\" \/>\n\t<meta property=\"og:image:width\" content=\"400\" \/>\n\t<meta property=\"og:image:height\" content=\"400\" \/>\n\t<meta property=\"og:image:type\" content=\"image\/jpeg\" \/>\n<meta name=\"twitter:card\" content=\"summary_large_image\" \/>\n<meta name=\"twitter:label1\" content=\"\u0648\u0642\u062a \u0627\u0644\u0642\u0631\u0627\u0621\u0629 \u0627\u0644\u0645\u064f\u0642\u062f\u0651\u0631\" \/>\n\t<meta name=\"twitter:data1\" content=\"\u062f\u0642\u064a\u0642\u0629 \u0648\u0627\u062d\u062f\u0629\" \/>\n<script type=\"application\/ld+json\" class=\"yoast-schema-graph\">{\"@context\":\"https:\/\/schema.org\",\"@graph\":[{\"@type\":\"WebPage\",\"@id\":\"https:\/\/prixgro.com\/product\/retinol-1-dans-du-squalane-the-ordinary\/\",\"url\":\"https:\/\/prixgro.com\/product\/retinol-1-dans-du-squalane-the-ordinary\/\",\"name\":\"R\u00e9tinol 1% dans du Squalane THE ORDINARY - Prixgro\",\"isPartOf\":{\"@id\":\"https:\/\/prixgro.com\/#website\"},\"primaryImageOfPage\":{\"@id\":\"https:\/\/prixgro.com\/product\/retinol-1-dans-du-squalane-the-ordinary\/#primaryimage\"},\"image\":{\"@id\":\"https:\/\/prixgro.com\/product\/retinol-1-dans-du-squalane-the-ordinary\/#primaryimage\"},\"thumbnailUrl\":\"https:\/\/prixgro.com\/wp-content\/uploads\/2023\/09\/233806-the-ordinary-retinol-1-dans-du-squalane-retinoide-30ml-flacon-1000x1000-1-e1618527542705.jpg\",\"datePublished\":\"2024-04-09T12:28:10+00:00\",\"dateModified\":\"2024-08-08T11:17:31+00:00\",\"breadcrumb\":{\"@id\":\"https:\/\/prixgro.com\/product\/retinol-1-dans-du-squalane-the-ordinary\/#breadcrumb\"},\"inLanguage\":\"ar\",\"potentialAction\":[{\"@type\":\"ReadAction\",\"target\":[\"https:\/\/prixgro.com\/product\/retinol-1-dans-du-squalane-the-ordinary\/\"]}]},{\"@type\":\"ImageObject\",\"inLanguage\":\"ar\",\"@id\":\"https:\/\/prixgro.com\/product\/retinol-1-dans-du-squalane-the-ordinary\/#primaryimage\",\"url\":\"https:\/\/prixgro.com\/wp-content\/uploads\/2023\/09\/233806-the-ordinary-retinol-1-dans-du-squalane-retinoide-30ml-flacon-1000x1000-1-e1618527542705.jpg\",\"contentUrl\":\"https:\/\/prixgro.com\/wp-content\/uploads\/2023\/09\/233806-the-ordinary-retinol-1-dans-du-squalane-retinoide-30ml-flacon-1000x1000-1-e1618527542705.jpg\",\"width\":400,\"height\":400},{\"@type\":\"BreadcrumbList\",\"@id\":\"https:\/\/prixgro.com\/product\/retinol-1-dans-du-squalane-the-ordinary\/#breadcrumb\",\"itemListElement\":[{\"@type\":\"ListItem\",\"position\":1,\"name\":\"Accueil\",\"item\":\"https:\/\/prixgro.com\/\"},{\"@type\":\"ListItem\",\"position\":2,\"name\":\"Boutique en ligne\",\"item\":\"https:\/\/prixgro.com\/shop\/\"},{\"@type\":\"ListItem\",\"position\":3,\"name\":\"R\u00e9tinol 1% dans du Squalane THE ORDINARY\"}]},{\"@type\":\"WebSite\",\"@id\":\"https:\/\/prixgro.com\/#website\",\"url\":\"https:\/\/prixgro.com\/\",\"name\":\"Prixgro.com\",\"description\":\"Para Pharmaceutique et Cosm\u00e9tique\",\"publisher\":{\"@id\":\"https:\/\/prixgro.com\/#organization\"},\"potentialAction\":[{\"@type\":\"SearchAction\",\"target\":{\"@type\":\"EntryPoint\",\"urlTemplate\":\"https:\/\/prixgro.com\/?s={search_term_string}\"},\"query-input\":{\"@type\":\"PropertyValueSpecification\",\"valueRequired\":true,\"valueName\":\"search_term_string\"}}],\"inLanguage\":\"ar\"},{\"@type\":\"Organization\",\"@id\":\"https:\/\/prixgro.com\/#organization\",\"name\":\"Prixgro\",\"url\":\"https:\/\/prixgro.com\/\",\"logo\":{\"@type\":\"ImageObject\",\"inLanguage\":\"ar\",\"@id\":\"https:\/\/prixgro.com\/#\/schema\/logo\/image\/\",\"url\":\"https:\/\/prixgro.com\/wp-content\/uploads\/2024\/08\/cropped-Nouveau-projet-2.png\",\"contentUrl\":\"https:\/\/prixgro.com\/wp-content\/uploads\/2024\/08\/cropped-Nouveau-projet-2.png\",\"width\":265,\"height\":62,\"caption\":\"Prixgro\"},\"image\":{\"@id\":\"https:\/\/prixgro.com\/#\/schema\/logo\/image\/\"},\"sameAs\":[\"https:\/\/www.facebook.com\/Pharmacima\"]}]}<\/script>\n<!-- \/ Yoast SEO plugin. -->","yoast_head_json":{"title":"R\u00e9tinol 1% dans du Squalane THE ORDINARY - Prixgro","robots":{"index":"index","follow":"follow","max-snippet":"max-snippet:-1","max-image-preview":"max-image-preview:large","max-video-preview":"max-video-preview:-1"},"canonical":"https:\/\/prixgro.com\/ar\/product\/retinol-1-dans-du-squalane-the-ordinary\/","og_locale":"ar_AR","og_type":"article","og_title":"R\u00e9tinol 1% dans du Squalane THE ORDINARY - Prixgro","og_url":"https:\/\/prixgro.com\/ar\/product\/retinol-1-dans-du-squalane-the-ordinary\/","og_site_name":"Prixgro","article_publisher":"https:\/\/www.facebook.com\/Pharmacima","article_modified_time":"2024-08-08T11:17:31+00:00","og_image":[{"width":400,"height":400,"url":"https:\/\/prixgro.com\/wp-content\/uploads\/2023\/09\/233806-the-ordinary-retinol-1-dans-du-squalane-retinoide-30ml-flacon-1000x1000-1-e1618527542705.jpg","type":"image\/jpeg"}],"twitter_card":"summary_large_image","twitter_misc":{"\u0648\u0642\u062a \u0627\u0644\u0642\u0631\u0627\u0621\u0629 \u0627\u0644\u0645\u064f\u0642\u062f\u0651\u0631":"\u062f\u0642\u064a\u0642\u0629 \u0648\u0627\u062d\u062f\u0629"},"schema":{"@context":"https:\/\/schema.org","@graph":[{"@type":"WebPage","@id":"https:\/\/prixgro.com\/product\/retinol-1-dans-du-squalane-the-ordinary\/","url":"https:\/\/prixgro.com\/product\/retinol-1-dans-du-squalane-the-ordinary\/","name":"R\u00e9tinol 1% dans du Squalane THE ORDINARY - Prixgro","isPartOf":{"@id":"https:\/\/prixgro.com\/#website"},"primaryImageOfPage":{"@id":"https:\/\/prixgro.com\/product\/retinol-1-dans-du-squalane-the-ordinary\/#primaryimage"},"image":{"@id":"https:\/\/prixgro.com\/product\/retinol-1-dans-du-squalane-the-ordinary\/#primaryimage"},"thumbnailUrl":"https:\/\/prixgro.com\/wp-content\/uploads\/2023\/09\/233806-the-ordinary-retinol-1-dans-du-squalane-retinoide-30ml-flacon-1000x1000-1-e1618527542705.jpg","datePublished":"2024-04-09T12:28:10+00:00","dateModified":"2024-08-08T11:17:31+00:00","breadcrumb":{"@id":"https:\/\/prixgro.com\/product\/retinol-1-dans-du-squalane-the-ordinary\/#breadcrumb"},"inLanguage":"ar","potentialAction":[{"@type":"ReadAction","target":["https:\/\/prixgro.com\/product\/retinol-1-dans-du-squalane-the-ordinary\/"]}]},{"@type":"ImageObject","inLanguage":"ar","@id":"https:\/\/prixgro.com\/product\/retinol-1-dans-du-squalane-the-ordinary\/#primaryimage","url":"https:\/\/prixgro.com\/wp-content\/uploads\/2023\/09\/233806-the-ordinary-retinol-1-dans-du-squalane-retinoide-30ml-flacon-1000x1000-1-e1618527542705.jpg","contentUrl":"https:\/\/prixgro.com\/wp-content\/uploads\/2023\/09\/233806-the-ordinary-retinol-1-dans-du-squalane-retinoide-30ml-flacon-1000x1000-1-e1618527542705.jpg","width":400,"height":400},{"@type":"BreadcrumbList","@id":"https:\/\/prixgro.com\/product\/retinol-1-dans-du-squalane-the-ordinary\/#breadcrumb","itemListElement":[{"@type":"ListItem","position":1,"name":"Accueil","item":"https:\/\/prixgro.com\/"},{"@type":"ListItem","position":2,"name":"Boutique en ligne","item":"https:\/\/prixgro.com\/shop\/"},{"@type":"ListItem","position":3,"name":"R\u00e9tinol 1% dans du Squalane THE ORDINARY"}]},{"@type":"WebSite","@id":"https:\/\/prixgro.com\/#website","url":"https:\/\/prixgro.com\/","name":"Prixgro.com","description":"Para Pharmaceutique et Cosm\u00e9tique","publisher":{"@id":"https:\/\/prixgro.com\/#organization"},"potentialAction":[{"@type":"SearchAction","target":{"@type":"EntryPoint","urlTemplate":"https:\/\/prixgro.com\/?s={search_term_string}"},"query-input":{"@type":"PropertyValueSpecification","valueRequired":true,"valueName":"search_term_string"}}],"inLanguage":"ar"},{"@type":"Organization","@id":"https:\/\/prixgro.com\/#organization","name":"Prixgro","url":"https:\/\/prixgro.com\/","logo":{"@type":"ImageObject","inLanguage":"ar","@id":"https:\/\/prixgro.com\/#\/schema\/logo\/image\/","url":"https:\/\/prixgro.com\/wp-content\/uploads\/2024\/08\/cropped-Nouveau-projet-2.png","contentUrl":"https:\/\/prixgro.com\/wp-content\/uploads\/2024\/08\/cropped-Nouveau-projet-2.png","width":265,"height":62,"caption":"Prixgro"},"image":{"@id":"https:\/\/prixgro.com\/#\/schema\/logo\/image\/"},"sameAs":["https:\/\/www.facebook.com\/Pharmacima"]}]}},"_links":{"self":[{"href":"https:\/\/prixgro.com\/ar\/wp-json\/wp\/v2\/product\/141664","targetHints":{"allow":["GET"]}}],"collection":[{"href":"https:\/\/prixgro.com\/ar\/wp-json\/wp\/v2\/product"}],"about":[{"href":"https:\/\/prixgro.com\/ar\/wp-json\/wp\/v2\/types\/product"}],"replies":[{"embeddable":true,"href":"https:\/\/prixgro.com\/ar\/wp-json\/wp\/v2\/comments?post=141664"}],"wp:featuredmedia":[{"embeddable":true,"href":"https:\/\/prixgro.com\/ar\/wp-json\/wp\/v2\/media\/1969"}],"wp:attachment":[{"href":"https:\/\/prixgro.com\/ar\/wp-json\/wp\/v2\/media?parent=141664"}],"wp:term":[{"taxonomy":"product_cat","embeddable":true,"href":"https:\/\/prixgro.com\/ar\/wp-json\/wp\/v2\/product_cat?post=141664"},{"taxonomy":"product_tag","embeddable":true,"href":"https:\/\/prixgro.com\/ar\/wp-json\/wp\/v2\/product_tag?post=141664"},{"taxonomy":"berocket_brand","embeddable":true,"href":"https:\/\/prixgro.com\/ar\/wp-json\/wp\/v2\/berocket_brand?post=141664"}],"curies":[{"name":"wp","href":"https:\/\/api.w.org\/{rel}","templated":true}]}}