{"id":141671,"date":"2024-04-09T14:28:11","date_gmt":"2024-04-09T12:28:11","guid":{"rendered":"https:\/\/cloodmanager.net\/?post_type=product&#038;p=141671"},"modified":"2024-08-06T19:20:31","modified_gmt":"2024-08-06T17:20:31","slug":"nicorette-4mg-classique-105-gommes","status":"publish","type":"product","link":"https:\/\/prixgro.com\/ar\/product\/nicorette-4mg-classique-105-gommes\/","title":{"rendered":"Nicorette 4MG Classique 105 Gommes"},"content":{"rendered":"<h2><strong>DESCRIPTION :<\/strong><\/h2>\n<p><b>Nicorette 4mg Classique<\/b>\u00a0est un m\u00e9dicament sous forme de gomme \u00e0 m\u00e2cher sans sucre<strong>.<\/strong><\/p>\n<p>Il est indiqu\u00e9 dans le cadre d\u2019un\u00a0<strong>traitement anti-tabagique<\/strong>\u00a0et permet de\u00a0<strong>soulager les sympt\u00f4mes dus au sevrage nicotinique<\/strong>\u00a0chez les fumeurs fortement d\u00e9pendants.<\/p>\n<h2>Posologie et voie d\u2019administration<\/h2>\n<p>Ce m\u00e9dicament est \u00e0 utiliser par voie buccale.<\/p>\n<p>Il convient de m\u00e2cher une premi\u00e8re fois la gomme, puis la garder contre la joue environ 10 minutes : la gomme\u00a0se ramollit et permet \u00e0 la nicotine de se lib\u00e9rer progressivement.<\/p>\n<p>M\u00e2chez ensuite tr\u00e8s lentement la gomme afin que l&#8217;absorption de la nicotine par les muqueuses buccales soit optimale.<\/p>\n<p>Il est important de toujours bien respecter la posologie indiqu\u00e9e sur la notice ou par votre m\u00e9decin ou votre pharmacien.<\/p>\n<p>Le dosage d\u00e9pend de votre degr\u00e9 de d\u00e9pendance \u00e0 la nicotine. Pour conna\u00eetre la posologie la plus adapt\u00e9e \u00e0 votre situation, rapprochez-vous de votre m\u00e9decin.<\/p>\n<p>Vous retrouverez les diff\u00e9rentes posologies list\u00e9es dans la notice.<\/p>\n<h2><strong>CONSEIL D&#8217;UTILISATION :<\/strong><\/h2>\n<p>N&#8217;utilisez jamais Nicorette 4mg Classique si vous \u00eates allergique \u00e0 l&#8217;un des constituants du m\u00e9dicament ou si vous \u00eates simplement un fumeur occasionnel.<\/p>\n<p>Les mises en garde sp\u00e9ciales et la liste des effets ind\u00e9sirables sont disponibles sur la notice. Pour plus de renseignements, rapprochez vous de votre m\u00e9decin ou de votre pharmacien.<\/p>\n<p>Pr\u00e9cisez \u00e0 votre m\u00e9decin si vous suivez ou avez r\u00e9cemment suivi un traitement m\u00eame obtenu sans ordonnance.<\/p>\n<p>Vous \u00eates enceinte : l&#8217;utilisation de Nicorette 4mg Classique\u00a0est d\u00e9conseill\u00e9e.<br \/>\nVous allaitez :\u00a0 la nicotine passe dans le lait maternel. N&#8217;utilisez donc pas ce m\u00e9dicament lors de l&#8217;allaitement. Si vous ne souhaitez pas arr\u00eater le tabac, optez plut\u00f4t pour un allaitement artificiel.<\/p>\n<h2><strong>Conditionnement :<\/strong><\/h2>\n<p>105 gommes m\u00e9dicamenteuses \u00e0 m\u00e2cher.<\/p>","protected":false},"excerpt":{"rendered":"<p>DESCRIPTION : Nicorette 4mg Classique\u00a0est un m\u00e9dicament sous forme de gomme \u00e0 m\u00e2cher sans sucre. Il est indiqu\u00e9 dans le&#8230;<\/p>","protected":false},"featured_media":1982,"comment_status":"open","ping_status":"closed","template":"","meta":[],"product_cat":[66],"product_tag":[],"berocket_brand":[655],"class_list":{"0":"post-141671","1":"product","2":"type-product","3":"status-publish","4":"has-post-thumbnail","6":"product_cat-sport-sante","7":"berocket_brand-nicorette","9":"first","10":"outofstock","11":"shipping-taxable","12":"purchasable","13":"product-type-simple"},"yoast_head":"<!-- This site is optimized with the Yoast SEO plugin v24.8 - https:\/\/yoast.com\/wordpress\/plugins\/seo\/ -->\n<title>Nicorette 4MG Classique 105 Gommes - Prixgro<\/title>\n<meta name=\"robots\" content=\"index, follow, max-snippet:-1, max-image-preview:large, max-video-preview:-1\" \/>\n<link rel=\"canonical\" href=\"https:\/\/prixgro.com\/ar\/product\/nicorette-4mg-classique-105-gommes\/\" \/>\n<meta property=\"og:locale\" content=\"ar_AR\" \/>\n<meta property=\"og:type\" content=\"article\" \/>\n<meta property=\"og:title\" content=\"Nicorette 4MG Classique 105 Gommes - Prixgro\" \/>\n<meta property=\"og:description\" content=\"DESCRIPTION : Nicorette 4mg Classique\u00a0est un m\u00e9dicament sous forme de gomme \u00e0 m\u00e2cher sans sucre. Il est indiqu\u00e9 dans le...\" \/>\n<meta property=\"og:url\" content=\"https:\/\/prixgro.com\/ar\/product\/nicorette-4mg-classique-105-gommes\/\" \/>\n<meta property=\"og:site_name\" content=\"Prixgro\" \/>\n<meta property=\"article:publisher\" content=\"https:\/\/www.facebook.com\/Pharmacima\" \/>\n<meta property=\"article:modified_time\" content=\"2024-08-06T17:20:31+00:00\" \/>\n<meta property=\"og:image\" content=\"https:\/\/prixgro.com\/wp-content\/uploads\/2023\/09\/w-1200-h-630-zc-2-nicorette-4-mg-105-gommes-sans-sucre-2-1529404805-scaled-1.jpg\" \/>\n\t<meta property=\"og:image:width\" content=\"900\" \/>\n\t<meta property=\"og:image:height\" content=\"473\" \/>\n\t<meta property=\"og:image:type\" content=\"image\/jpeg\" \/>\n<meta name=\"twitter:card\" content=\"summary_large_image\" \/>\n<meta name=\"twitter:label1\" content=\"\u0648\u0642\u062a \u0627\u0644\u0642\u0631\u0627\u0621\u0629 \u0627\u0644\u0645\u064f\u0642\u062f\u0651\u0631\" \/>\n\t<meta name=\"twitter:data1\" content=\"\u062f\u0642\u064a\u0642\u0629 \u0648\u0627\u062d\u062f\u0629\" \/>\n<script type=\"application\/ld+json\" class=\"yoast-schema-graph\">{\"@context\":\"https:\/\/schema.org\",\"@graph\":[{\"@type\":\"WebPage\",\"@id\":\"https:\/\/prixgro.com\/product\/nicorette-4mg-classique-105-gommes\/\",\"url\":\"https:\/\/prixgro.com\/product\/nicorette-4mg-classique-105-gommes\/\",\"name\":\"Nicorette 4MG Classique 105 Gommes - Prixgro\",\"isPartOf\":{\"@id\":\"https:\/\/prixgro.com\/#website\"},\"primaryImageOfPage\":{\"@id\":\"https:\/\/prixgro.com\/product\/nicorette-4mg-classique-105-gommes\/#primaryimage\"},\"image\":{\"@id\":\"https:\/\/prixgro.com\/product\/nicorette-4mg-classique-105-gommes\/#primaryimage\"},\"thumbnailUrl\":\"https:\/\/prixgro.com\/wp-content\/uploads\/2023\/09\/w-1200-h-630-zc-2-nicorette-4-mg-105-gommes-sans-sucre-2-1529404805-scaled-1.jpg\",\"datePublished\":\"2024-04-09T12:28:11+00:00\",\"dateModified\":\"2024-08-06T17:20:31+00:00\",\"breadcrumb\":{\"@id\":\"https:\/\/prixgro.com\/product\/nicorette-4mg-classique-105-gommes\/#breadcrumb\"},\"inLanguage\":\"ar\",\"potentialAction\":[{\"@type\":\"ReadAction\",\"target\":[\"https:\/\/prixgro.com\/product\/nicorette-4mg-classique-105-gommes\/\"]}]},{\"@type\":\"ImageObject\",\"inLanguage\":\"ar\",\"@id\":\"https:\/\/prixgro.com\/product\/nicorette-4mg-classique-105-gommes\/#primaryimage\",\"url\":\"https:\/\/prixgro.com\/wp-content\/uploads\/2023\/09\/w-1200-h-630-zc-2-nicorette-4-mg-105-gommes-sans-sucre-2-1529404805-scaled-1.jpg\",\"contentUrl\":\"https:\/\/prixgro.com\/wp-content\/uploads\/2023\/09\/w-1200-h-630-zc-2-nicorette-4-mg-105-gommes-sans-sucre-2-1529404805-scaled-1.jpg\",\"width\":900,\"height\":473},{\"@type\":\"BreadcrumbList\",\"@id\":\"https:\/\/prixgro.com\/product\/nicorette-4mg-classique-105-gommes\/#breadcrumb\",\"itemListElement\":[{\"@type\":\"ListItem\",\"position\":1,\"name\":\"Accueil\",\"item\":\"https:\/\/prixgro.com\/\"},{\"@type\":\"ListItem\",\"position\":2,\"name\":\"Boutique en ligne\",\"item\":\"https:\/\/prixgro.com\/shop\/\"},{\"@type\":\"ListItem\",\"position\":3,\"name\":\"Nicorette 4MG Classique 105 Gommes\"}]},{\"@type\":\"WebSite\",\"@id\":\"https:\/\/prixgro.com\/#website\",\"url\":\"https:\/\/prixgro.com\/\",\"name\":\"Prixgro.com\",\"description\":\"Para Pharmaceutique et Cosm\u00e9tique\",\"publisher\":{\"@id\":\"https:\/\/prixgro.com\/#organization\"},\"potentialAction\":[{\"@type\":\"SearchAction\",\"target\":{\"@type\":\"EntryPoint\",\"urlTemplate\":\"https:\/\/prixgro.com\/?s={search_term_string}\"},\"query-input\":{\"@type\":\"PropertyValueSpecification\",\"valueRequired\":true,\"valueName\":\"search_term_string\"}}],\"inLanguage\":\"ar\"},{\"@type\":\"Organization\",\"@id\":\"https:\/\/prixgro.com\/#organization\",\"name\":\"Prixgro\",\"url\":\"https:\/\/prixgro.com\/\",\"logo\":{\"@type\":\"ImageObject\",\"inLanguage\":\"ar\",\"@id\":\"https:\/\/prixgro.com\/#\/schema\/logo\/image\/\",\"url\":\"https:\/\/prixgro.com\/wp-content\/uploads\/2024\/08\/cropped-Nouveau-projet-2.png\",\"contentUrl\":\"https:\/\/prixgro.com\/wp-content\/uploads\/2024\/08\/cropped-Nouveau-projet-2.png\",\"width\":265,\"height\":62,\"caption\":\"Prixgro\"},\"image\":{\"@id\":\"https:\/\/prixgro.com\/#\/schema\/logo\/image\/\"},\"sameAs\":[\"https:\/\/www.facebook.com\/Pharmacima\"]}]}<\/script>\n<!-- \/ Yoast SEO plugin. -->","yoast_head_json":{"title":"Nicorette 4MG Classique 105 Gommes - Prixgro","robots":{"index":"index","follow":"follow","max-snippet":"max-snippet:-1","max-image-preview":"max-image-preview:large","max-video-preview":"max-video-preview:-1"},"canonical":"https:\/\/prixgro.com\/ar\/product\/nicorette-4mg-classique-105-gommes\/","og_locale":"ar_AR","og_type":"article","og_title":"Nicorette 4MG Classique 105 Gommes - Prixgro","og_description":"DESCRIPTION : Nicorette 4mg Classique\u00a0est un m\u00e9dicament sous forme de gomme \u00e0 m\u00e2cher sans sucre. Il est indiqu\u00e9 dans le...","og_url":"https:\/\/prixgro.com\/ar\/product\/nicorette-4mg-classique-105-gommes\/","og_site_name":"Prixgro","article_publisher":"https:\/\/www.facebook.com\/Pharmacima","article_modified_time":"2024-08-06T17:20:31+00:00","og_image":[{"width":900,"height":473,"url":"https:\/\/prixgro.com\/wp-content\/uploads\/2023\/09\/w-1200-h-630-zc-2-nicorette-4-mg-105-gommes-sans-sucre-2-1529404805-scaled-1.jpg","type":"image\/jpeg"}],"twitter_card":"summary_large_image","twitter_misc":{"\u0648\u0642\u062a \u0627\u0644\u0642\u0631\u0627\u0621\u0629 \u0627\u0644\u0645\u064f\u0642\u062f\u0651\u0631":"\u062f\u0642\u064a\u0642\u0629 \u0648\u0627\u062d\u062f\u0629"},"schema":{"@context":"https:\/\/schema.org","@graph":[{"@type":"WebPage","@id":"https:\/\/prixgro.com\/product\/nicorette-4mg-classique-105-gommes\/","url":"https:\/\/prixgro.com\/product\/nicorette-4mg-classique-105-gommes\/","name":"Nicorette 4MG Classique 105 Gommes - Prixgro","isPartOf":{"@id":"https:\/\/prixgro.com\/#website"},"primaryImageOfPage":{"@id":"https:\/\/prixgro.com\/product\/nicorette-4mg-classique-105-gommes\/#primaryimage"},"image":{"@id":"https:\/\/prixgro.com\/product\/nicorette-4mg-classique-105-gommes\/#primaryimage"},"thumbnailUrl":"https:\/\/prixgro.com\/wp-content\/uploads\/2023\/09\/w-1200-h-630-zc-2-nicorette-4-mg-105-gommes-sans-sucre-2-1529404805-scaled-1.jpg","datePublished":"2024-04-09T12:28:11+00:00","dateModified":"2024-08-06T17:20:31+00:00","breadcrumb":{"@id":"https:\/\/prixgro.com\/product\/nicorette-4mg-classique-105-gommes\/#breadcrumb"},"inLanguage":"ar","potentialAction":[{"@type":"ReadAction","target":["https:\/\/prixgro.com\/product\/nicorette-4mg-classique-105-gommes\/"]}]},{"@type":"ImageObject","inLanguage":"ar","@id":"https:\/\/prixgro.com\/product\/nicorette-4mg-classique-105-gommes\/#primaryimage","url":"https:\/\/prixgro.com\/wp-content\/uploads\/2023\/09\/w-1200-h-630-zc-2-nicorette-4-mg-105-gommes-sans-sucre-2-1529404805-scaled-1.jpg","contentUrl":"https:\/\/prixgro.com\/wp-content\/uploads\/2023\/09\/w-1200-h-630-zc-2-nicorette-4-mg-105-gommes-sans-sucre-2-1529404805-scaled-1.jpg","width":900,"height":473},{"@type":"BreadcrumbList","@id":"https:\/\/prixgro.com\/product\/nicorette-4mg-classique-105-gommes\/#breadcrumb","itemListElement":[{"@type":"ListItem","position":1,"name":"Accueil","item":"https:\/\/prixgro.com\/"},{"@type":"ListItem","position":2,"name":"Boutique en ligne","item":"https:\/\/prixgro.com\/shop\/"},{"@type":"ListItem","position":3,"name":"Nicorette 4MG Classique 105 Gommes"}]},{"@type":"WebSite","@id":"https:\/\/prixgro.com\/#website","url":"https:\/\/prixgro.com\/","name":"Prixgro.com","description":"Para Pharmaceutique et Cosm\u00e9tique","publisher":{"@id":"https:\/\/prixgro.com\/#organization"},"potentialAction":[{"@type":"SearchAction","target":{"@type":"EntryPoint","urlTemplate":"https:\/\/prixgro.com\/?s={search_term_string}"},"query-input":{"@type":"PropertyValueSpecification","valueRequired":true,"valueName":"search_term_string"}}],"inLanguage":"ar"},{"@type":"Organization","@id":"https:\/\/prixgro.com\/#organization","name":"Prixgro","url":"https:\/\/prixgro.com\/","logo":{"@type":"ImageObject","inLanguage":"ar","@id":"https:\/\/prixgro.com\/#\/schema\/logo\/image\/","url":"https:\/\/prixgro.com\/wp-content\/uploads\/2024\/08\/cropped-Nouveau-projet-2.png","contentUrl":"https:\/\/prixgro.com\/wp-content\/uploads\/2024\/08\/cropped-Nouveau-projet-2.png","width":265,"height":62,"caption":"Prixgro"},"image":{"@id":"https:\/\/prixgro.com\/#\/schema\/logo\/image\/"},"sameAs":["https:\/\/www.facebook.com\/Pharmacima"]}]}},"_links":{"self":[{"href":"https:\/\/prixgro.com\/ar\/wp-json\/wp\/v2\/product\/141671","targetHints":{"allow":["GET"]}}],"collection":[{"href":"https:\/\/prixgro.com\/ar\/wp-json\/wp\/v2\/product"}],"about":[{"href":"https:\/\/prixgro.com\/ar\/wp-json\/wp\/v2\/types\/product"}],"replies":[{"embeddable":true,"href":"https:\/\/prixgro.com\/ar\/wp-json\/wp\/v2\/comments?post=141671"}],"wp:featuredmedia":[{"embeddable":true,"href":"https:\/\/prixgro.com\/ar\/wp-json\/wp\/v2\/media\/1982"}],"wp:attachment":[{"href":"https:\/\/prixgro.com\/ar\/wp-json\/wp\/v2\/media?parent=141671"}],"wp:term":[{"taxonomy":"product_cat","embeddable":true,"href":"https:\/\/prixgro.com\/ar\/wp-json\/wp\/v2\/product_cat?post=141671"},{"taxonomy":"product_tag","embeddable":true,"href":"https:\/\/prixgro.com\/ar\/wp-json\/wp\/v2\/product_tag?post=141671"},{"taxonomy":"berocket_brand","embeddable":true,"href":"https:\/\/prixgro.com\/ar\/wp-json\/wp\/v2\/berocket_brand?post=141671"}],"curies":[{"name":"wp","href":"https:\/\/api.w.org\/{rel}","templated":true}]}}