{"id":141685,"date":"2024-04-09T14:28:12","date_gmt":"2024-04-09T12:28:12","guid":{"rendered":"https:\/\/cloodmanager.net\/?post_type=product&#038;p=141685"},"modified":"2024-08-08T13:19:04","modified_gmt":"2024-08-08T11:19:04","slug":"granactive-retinoid-5-dans-du-squalane-the-ordinary","status":"publish","type":"product","link":"https:\/\/prixgro.com\/ar\/product\/granactive-retinoid-5-dans-du-squalane-the-ordinary\/","title":{"rendered":"Granactive Retinoid 5% dans du Squalane &#8211; THE ORDINARY"},"content":{"rendered":"<h3><strong>DESCRIPTION<\/strong><\/h3>\n<p><strong>Flacon 30ml<\/strong><\/p>\n<p>Solution Ultra-Stable et Sans Eau d&#8217;Ester d&#8217;Acide Tout-Trans-R\u00e9tino\u00efque concentr\u00e9 \u00e0 0.5%<\/p>\n<p>Le Granactive R\u00e9tino\u00efde s\u2019est av\u00e9r\u00e9 \u00eatre une technologie anti-\u00e2ge plus puissante que le r\u00e9tinol, mais sans entra\u00eener l\u2019irritation que le r\u00e9tinol d\u00e9clenche souvent.<br \/>Le Granactive R\u00e9tino\u00efde est un syst\u00e8me solubilis\u00e9 d\u2019Hydroxypinacolone R\u00e9tinoate : une forme avanc\u00e9e de r\u00e9tino\u00efde qui est un ester d\u2019Acide Tout-Trans R\u00e9tino\u00efque.<\/p>\n<p>L\u2019Hydroxypinacolone R\u00e9tinoate est plus efficace contre les signes de l\u2019\u00e2ge que le r\u00e9tinol, le palmitate de r\u00e9tinyle, et presque toutes les autres formes de r\u00e9tino\u00efde disponibles sur le march\u00e9 sans ordonnance. Ces formules sans eau offrent une concentration de 2% et 5% de Granactive R\u00e9tino\u00efde dans une base silicon\u00e9e tr\u00e8s l\u00e9g\u00e8re.<\/p>\n<div class=\"prdct__details-benefits\">\n<hr>\n<h3 class=\"prdct__details-title\"><span style=\"color: #ff0000\" data-mce-style=\"color: #ff0000;\"><strong>B\u00e9n\u00e9fice produit<\/strong><\/span><\/h3>\n<\/div>\n<p>-Anti \u00e2ge , anti rides plus puissant que le R\u00e9tinol.<\/p>\n<p>-Effet anti acn\u00e9 aussi.<\/p>\n<hr>\n<h3><span style=\"color: #808080\" data-mce-style=\"color: #808080;\"><strong>CONSEILS D&#8217;UTILISATION<\/strong><\/span><\/h3>\n<p>Appliquer en petite quantit\u00e9 sur le visage le soir, en compl\u00e9ment d&#8217;une routine de soins, apr\u00e8s les s\u00e9rums \u00e0 base d&#8217;eau mais avant les soins plus \u00e9pais.<\/p>\n<p>Ne pas utiliser en conjonction avec d&#8217;autres soins \u00e0 base de r\u00e9tino\u00efde.<\/p>\n<p>\u00c9viter l&#8217;exposition au soleil sans protection.<br \/>R\u00e9frig\u00e9rer apr\u00e8s ouverture<\/p>\n<hr>\n<h3><span style=\"color: #333399\" data-mce-style=\"color: #333399;\"><strong>COMPOSITION<\/strong><\/span><\/h3>\n<div class=\"prdct__content go-back\">\n<div id=\"prdct-details\" class=\"prdct__details\">\n<div class=\"prdct__details-wrap\">\n<div id=\"ingredients\" class=\"prdct__details-content\">\n<p>SQUALANE, C12-15 ALKYL BENZOATE, BISABOLOL, DIMETHYL ISOSORBIDE, CAPRYLIC\/CAPRIC TRIGLYCERIDE, SIMMONDSIA CHINENSIS (JOJOBA) SEED OIL, HYDROXYPINACOLONE RETINOATE, SOLANUM LYCOPERSICUM (TOMATO) FRUIT EXTRACT, ROSMARINUS OFFICINALIS (ROSEMARY) LEAF EXTRACT, HYDROXYMETHOXYPHENYL DECANONE.<\/p>\n<\/div>\n<\/div>\n<\/div>\n<\/div>\n<div><\/div>","protected":false},"excerpt":{"rendered":"<p><\/p>","protected":false},"featured_media":2019,"comment_status":"open","ping_status":"closed","template":"","meta":[],"product_cat":[98,17,36],"product_tag":[],"berocket_brand":[460],"class_list":{"0":"post-141685","1":"product","2":"type-product","3":"status-publish","4":"has-post-thumbnail","6":"product_cat-cou","7":"product_cat-soin-et-bien-etre","8":"product_cat-visage-soin-et-bien-etre","9":"berocket_brand-theordinary","11":"first","12":"outofstock","13":"shipping-taxable","14":"purchasable","15":"product-type-simple"},"yoast_head":"<!-- This site is optimized with the Yoast SEO plugin v24.8 - https:\/\/yoast.com\/wordpress\/plugins\/seo\/ -->\n<title>Granactive Retinoid 5% dans du Squalane - THE ORDINARY - Prixgro<\/title>\n<meta name=\"robots\" content=\"index, follow, max-snippet:-1, max-image-preview:large, max-video-preview:-1\" \/>\n<link rel=\"canonical\" href=\"https:\/\/prixgro.com\/ar\/product\/granactive-retinoid-5-dans-du-squalane-the-ordinary\/\" \/>\n<meta property=\"og:locale\" content=\"ar_AR\" \/>\n<meta property=\"og:type\" content=\"article\" \/>\n<meta property=\"og:title\" content=\"Granactive Retinoid 5% dans du Squalane - THE ORDINARY - Prixgro\" \/>\n<meta property=\"og:url\" content=\"https:\/\/prixgro.com\/ar\/product\/granactive-retinoid-5-dans-du-squalane-the-ordinary\/\" \/>\n<meta property=\"og:site_name\" content=\"Prixgro\" \/>\n<meta property=\"article:publisher\" content=\"https:\/\/www.facebook.com\/Pharmacima\" \/>\n<meta property=\"article:modified_time\" content=\"2024-08-08T11:19:04+00:00\" \/>\n<meta property=\"og:image\" content=\"https:\/\/prixgro.com\/wp-content\/uploads\/2023\/09\/233803-the-ordinary-granactive-retinoid-5-dans-du-squalane-retinoide-30ml-flacon-1000x1000-1-e1620261348397.jpg\" \/>\n\t<meta property=\"og:image:width\" content=\"400\" \/>\n\t<meta property=\"og:image:height\" content=\"400\" \/>\n\t<meta property=\"og:image:type\" content=\"image\/jpeg\" \/>\n<meta name=\"twitter:card\" content=\"summary_large_image\" \/>\n<meta name=\"twitter:label1\" content=\"\u0648\u0642\u062a \u0627\u0644\u0642\u0631\u0627\u0621\u0629 \u0627\u0644\u0645\u064f\u0642\u062f\u0651\u0631\" \/>\n\t<meta name=\"twitter:data1\" content=\"\u062f\u0642\u064a\u0642\u0629 \u0648\u0627\u062d\u062f\u0629\" \/>\n<script type=\"application\/ld+json\" class=\"yoast-schema-graph\">{\"@context\":\"https:\/\/schema.org\",\"@graph\":[{\"@type\":\"WebPage\",\"@id\":\"https:\/\/prixgro.com\/product\/granactive-retinoid-5-dans-du-squalane-the-ordinary\/\",\"url\":\"https:\/\/prixgro.com\/product\/granactive-retinoid-5-dans-du-squalane-the-ordinary\/\",\"name\":\"Granactive Retinoid 5% dans du Squalane - THE ORDINARY - Prixgro\",\"isPartOf\":{\"@id\":\"https:\/\/prixgro.com\/#website\"},\"primaryImageOfPage\":{\"@id\":\"https:\/\/prixgro.com\/product\/granactive-retinoid-5-dans-du-squalane-the-ordinary\/#primaryimage\"},\"image\":{\"@id\":\"https:\/\/prixgro.com\/product\/granactive-retinoid-5-dans-du-squalane-the-ordinary\/#primaryimage\"},\"thumbnailUrl\":\"https:\/\/prixgro.com\/wp-content\/uploads\/2023\/09\/233803-the-ordinary-granactive-retinoid-5-dans-du-squalane-retinoide-30ml-flacon-1000x1000-1-e1620261348397.jpg\",\"datePublished\":\"2024-04-09T12:28:12+00:00\",\"dateModified\":\"2024-08-08T11:19:04+00:00\",\"breadcrumb\":{\"@id\":\"https:\/\/prixgro.com\/product\/granactive-retinoid-5-dans-du-squalane-the-ordinary\/#breadcrumb\"},\"inLanguage\":\"ar\",\"potentialAction\":[{\"@type\":\"ReadAction\",\"target\":[\"https:\/\/prixgro.com\/product\/granactive-retinoid-5-dans-du-squalane-the-ordinary\/\"]}]},{\"@type\":\"ImageObject\",\"inLanguage\":\"ar\",\"@id\":\"https:\/\/prixgro.com\/product\/granactive-retinoid-5-dans-du-squalane-the-ordinary\/#primaryimage\",\"url\":\"https:\/\/prixgro.com\/wp-content\/uploads\/2023\/09\/233803-the-ordinary-granactive-retinoid-5-dans-du-squalane-retinoide-30ml-flacon-1000x1000-1-e1620261348397.jpg\",\"contentUrl\":\"https:\/\/prixgro.com\/wp-content\/uploads\/2023\/09\/233803-the-ordinary-granactive-retinoid-5-dans-du-squalane-retinoide-30ml-flacon-1000x1000-1-e1620261348397.jpg\",\"width\":400,\"height\":400},{\"@type\":\"BreadcrumbList\",\"@id\":\"https:\/\/prixgro.com\/product\/granactive-retinoid-5-dans-du-squalane-the-ordinary\/#breadcrumb\",\"itemListElement\":[{\"@type\":\"ListItem\",\"position\":1,\"name\":\"Accueil\",\"item\":\"https:\/\/prixgro.com\/\"},{\"@type\":\"ListItem\",\"position\":2,\"name\":\"Boutique en ligne\",\"item\":\"https:\/\/prixgro.com\/shop\/\"},{\"@type\":\"ListItem\",\"position\":3,\"name\":\"Granactive Retinoid 5% dans du Squalane &#8211; THE ORDINARY\"}]},{\"@type\":\"WebSite\",\"@id\":\"https:\/\/prixgro.com\/#website\",\"url\":\"https:\/\/prixgro.com\/\",\"name\":\"Prixgro.com\",\"description\":\"Para Pharmaceutique et Cosm\u00e9tique\",\"publisher\":{\"@id\":\"https:\/\/prixgro.com\/#organization\"},\"potentialAction\":[{\"@type\":\"SearchAction\",\"target\":{\"@type\":\"EntryPoint\",\"urlTemplate\":\"https:\/\/prixgro.com\/?s={search_term_string}\"},\"query-input\":{\"@type\":\"PropertyValueSpecification\",\"valueRequired\":true,\"valueName\":\"search_term_string\"}}],\"inLanguage\":\"ar\"},{\"@type\":\"Organization\",\"@id\":\"https:\/\/prixgro.com\/#organization\",\"name\":\"Prixgro\",\"url\":\"https:\/\/prixgro.com\/\",\"logo\":{\"@type\":\"ImageObject\",\"inLanguage\":\"ar\",\"@id\":\"https:\/\/prixgro.com\/#\/schema\/logo\/image\/\",\"url\":\"https:\/\/prixgro.com\/wp-content\/uploads\/2024\/08\/cropped-Nouveau-projet-2.png\",\"contentUrl\":\"https:\/\/prixgro.com\/wp-content\/uploads\/2024\/08\/cropped-Nouveau-projet-2.png\",\"width\":265,\"height\":62,\"caption\":\"Prixgro\"},\"image\":{\"@id\":\"https:\/\/prixgro.com\/#\/schema\/logo\/image\/\"},\"sameAs\":[\"https:\/\/www.facebook.com\/Pharmacima\"]}]}<\/script>\n<!-- \/ Yoast SEO plugin. -->","yoast_head_json":{"title":"Granactive Retinoid 5% dans du Squalane - THE ORDINARY - Prixgro","robots":{"index":"index","follow":"follow","max-snippet":"max-snippet:-1","max-image-preview":"max-image-preview:large","max-video-preview":"max-video-preview:-1"},"canonical":"https:\/\/prixgro.com\/ar\/product\/granactive-retinoid-5-dans-du-squalane-the-ordinary\/","og_locale":"ar_AR","og_type":"article","og_title":"Granactive Retinoid 5% dans du Squalane - THE ORDINARY - Prixgro","og_url":"https:\/\/prixgro.com\/ar\/product\/granactive-retinoid-5-dans-du-squalane-the-ordinary\/","og_site_name":"Prixgro","article_publisher":"https:\/\/www.facebook.com\/Pharmacima","article_modified_time":"2024-08-08T11:19:04+00:00","og_image":[{"width":400,"height":400,"url":"https:\/\/prixgro.com\/wp-content\/uploads\/2023\/09\/233803-the-ordinary-granactive-retinoid-5-dans-du-squalane-retinoide-30ml-flacon-1000x1000-1-e1620261348397.jpg","type":"image\/jpeg"}],"twitter_card":"summary_large_image","twitter_misc":{"\u0648\u0642\u062a \u0627\u0644\u0642\u0631\u0627\u0621\u0629 \u0627\u0644\u0645\u064f\u0642\u062f\u0651\u0631":"\u062f\u0642\u064a\u0642\u0629 \u0648\u0627\u062d\u062f\u0629"},"schema":{"@context":"https:\/\/schema.org","@graph":[{"@type":"WebPage","@id":"https:\/\/prixgro.com\/product\/granactive-retinoid-5-dans-du-squalane-the-ordinary\/","url":"https:\/\/prixgro.com\/product\/granactive-retinoid-5-dans-du-squalane-the-ordinary\/","name":"Granactive Retinoid 5% dans du Squalane - THE ORDINARY - Prixgro","isPartOf":{"@id":"https:\/\/prixgro.com\/#website"},"primaryImageOfPage":{"@id":"https:\/\/prixgro.com\/product\/granactive-retinoid-5-dans-du-squalane-the-ordinary\/#primaryimage"},"image":{"@id":"https:\/\/prixgro.com\/product\/granactive-retinoid-5-dans-du-squalane-the-ordinary\/#primaryimage"},"thumbnailUrl":"https:\/\/prixgro.com\/wp-content\/uploads\/2023\/09\/233803-the-ordinary-granactive-retinoid-5-dans-du-squalane-retinoide-30ml-flacon-1000x1000-1-e1620261348397.jpg","datePublished":"2024-04-09T12:28:12+00:00","dateModified":"2024-08-08T11:19:04+00:00","breadcrumb":{"@id":"https:\/\/prixgro.com\/product\/granactive-retinoid-5-dans-du-squalane-the-ordinary\/#breadcrumb"},"inLanguage":"ar","potentialAction":[{"@type":"ReadAction","target":["https:\/\/prixgro.com\/product\/granactive-retinoid-5-dans-du-squalane-the-ordinary\/"]}]},{"@type":"ImageObject","inLanguage":"ar","@id":"https:\/\/prixgro.com\/product\/granactive-retinoid-5-dans-du-squalane-the-ordinary\/#primaryimage","url":"https:\/\/prixgro.com\/wp-content\/uploads\/2023\/09\/233803-the-ordinary-granactive-retinoid-5-dans-du-squalane-retinoide-30ml-flacon-1000x1000-1-e1620261348397.jpg","contentUrl":"https:\/\/prixgro.com\/wp-content\/uploads\/2023\/09\/233803-the-ordinary-granactive-retinoid-5-dans-du-squalane-retinoide-30ml-flacon-1000x1000-1-e1620261348397.jpg","width":400,"height":400},{"@type":"BreadcrumbList","@id":"https:\/\/prixgro.com\/product\/granactive-retinoid-5-dans-du-squalane-the-ordinary\/#breadcrumb","itemListElement":[{"@type":"ListItem","position":1,"name":"Accueil","item":"https:\/\/prixgro.com\/"},{"@type":"ListItem","position":2,"name":"Boutique en ligne","item":"https:\/\/prixgro.com\/shop\/"},{"@type":"ListItem","position":3,"name":"Granactive Retinoid 5% dans du Squalane &#8211; THE ORDINARY"}]},{"@type":"WebSite","@id":"https:\/\/prixgro.com\/#website","url":"https:\/\/prixgro.com\/","name":"Prixgro.com","description":"Para Pharmaceutique et Cosm\u00e9tique","publisher":{"@id":"https:\/\/prixgro.com\/#organization"},"potentialAction":[{"@type":"SearchAction","target":{"@type":"EntryPoint","urlTemplate":"https:\/\/prixgro.com\/?s={search_term_string}"},"query-input":{"@type":"PropertyValueSpecification","valueRequired":true,"valueName":"search_term_string"}}],"inLanguage":"ar"},{"@type":"Organization","@id":"https:\/\/prixgro.com\/#organization","name":"Prixgro","url":"https:\/\/prixgro.com\/","logo":{"@type":"ImageObject","inLanguage":"ar","@id":"https:\/\/prixgro.com\/#\/schema\/logo\/image\/","url":"https:\/\/prixgro.com\/wp-content\/uploads\/2024\/08\/cropped-Nouveau-projet-2.png","contentUrl":"https:\/\/prixgro.com\/wp-content\/uploads\/2024\/08\/cropped-Nouveau-projet-2.png","width":265,"height":62,"caption":"Prixgro"},"image":{"@id":"https:\/\/prixgro.com\/#\/schema\/logo\/image\/"},"sameAs":["https:\/\/www.facebook.com\/Pharmacima"]}]}},"_links":{"self":[{"href":"https:\/\/prixgro.com\/ar\/wp-json\/wp\/v2\/product\/141685","targetHints":{"allow":["GET"]}}],"collection":[{"href":"https:\/\/prixgro.com\/ar\/wp-json\/wp\/v2\/product"}],"about":[{"href":"https:\/\/prixgro.com\/ar\/wp-json\/wp\/v2\/types\/product"}],"replies":[{"embeddable":true,"href":"https:\/\/prixgro.com\/ar\/wp-json\/wp\/v2\/comments?post=141685"}],"wp:featuredmedia":[{"embeddable":true,"href":"https:\/\/prixgro.com\/ar\/wp-json\/wp\/v2\/media\/2019"}],"wp:attachment":[{"href":"https:\/\/prixgro.com\/ar\/wp-json\/wp\/v2\/media?parent=141685"}],"wp:term":[{"taxonomy":"product_cat","embeddable":true,"href":"https:\/\/prixgro.com\/ar\/wp-json\/wp\/v2\/product_cat?post=141685"},{"taxonomy":"product_tag","embeddable":true,"href":"https:\/\/prixgro.com\/ar\/wp-json\/wp\/v2\/product_tag?post=141685"},{"taxonomy":"berocket_brand","embeddable":true,"href":"https:\/\/prixgro.com\/ar\/wp-json\/wp\/v2\/berocket_brand?post=141685"}],"curies":[{"name":"wp","href":"https:\/\/api.w.org\/{rel}","templated":true}]}}