{"id":141690,"date":"2024-04-09T14:28:20","date_gmt":"2024-04-09T12:28:20","guid":{"rendered":"https:\/\/cloodmanager.net\/?post_type=product&#038;p=141690"},"modified":"2024-04-09T14:28:23","modified_gmt":"2024-04-09T12:28:23","slug":"solution-buvable-boite-de-30-recipients-unidoses-camilia-kb","status":"publish","type":"product","link":"https:\/\/prixgro.com\/ar\/product\/solution-buvable-boite-de-30-recipients-unidoses-camilia-kb\/","title":{"rendered":"Solution buvable bo\u00eete de 30 r\u00e9cipients unidoses -Camilia KB"},"content":{"rendered":"<h3><strong>Indications<\/strong><\/h3>\n<p>Camilia\u00a0est un\u00a0m\u00e9dicament hom\u00e9opathique\u00a0sous forme de\u00a0solution buvable en r\u00e9cipient unidose.<br \/>Il est indiqu\u00e9 en cas de\u00a0troubles li\u00e9s \u00e0 la dentition chez le nourrisson.<\/p>\n<hr>\n<h3><strong>Mode et voie d\u2019administration<\/strong><\/h3>\n<p><strong>Camilia<\/strong>\u00a0est \u00e0 administrer par voie orale.<br \/>Lavez-vous soigneusement les mains avant de manipuler l\u2019unidose.<br \/>Ouvrez le r\u00e9cipient unidose en tournant l\u2019embout. Mettez votre enfant en position assise et versez dans sa bouche le contenu de l\u2019unidose en pressant l\u00e9g\u00e8rement dessus.<br \/>Ne conservez pas une unidose apr\u00e8s ouverture m\u00eame si elle n\u2019est pas vide. Jetez la imm\u00e9diatement apr\u00e8s utilisation<\/p>\n<hr>\n<h3><strong>Posologie<\/strong><\/h3>\n<p>La posologie habituelle de Camilia est de\u00a0<strong>3 \u00e0 6 doses par 24 heures pendant 3 \u00e0 8 jours.<\/strong><\/p>\n<hr>\n<h3><strong>Pr\u00e9cautions d\u2019emploi<\/strong><\/h3>\n<p>N\u2019administrez jamais Camilia \u00e0 votre enfant s\u2019il est allergique \u00e0 l\u2019un des composants du m\u00e9dicament.<br \/>Vous retrouverez l\u2019ensemble des contre-indications, des mises en garde sp\u00e9ciales ainsi que la liste des effets ind\u00e9sirables li\u00e9s \u00e0 ce m\u00e9dicament dans la notice.<br \/>Comme tout produit actif, ce m\u00e9dicament peut entra\u00eener un certains nombres d\u2019effets ind\u00e9sirables. La liste de ces effets est disponible sur la notice.<br \/>Afin d\u2019\u00e9viter toute interaction m\u00e9dicamenteuse, informez votre m\u00e9decin si votre enfant est soumis ou a \u00e9t\u00e9 r\u00e9cemment soumis \u00e0 un autre traitement y compris obtenus sans ordonnance.<\/p>\n<hr>\n<h3><strong>Composition<\/strong><\/h3>\n<p>Substances actives (pour un r\u00e9cipient unidose)\u00a0:<\/p>\n<table border=\"1\" cellspacing=\"0\" cellpadding=\"0\">\n<tbody>\n<tr>\n<td width=\"307\">\n<p align=\"center\">Chamomilla vulgaris 9 CH<\/p>\n<\/td>\n<td width=\"307\">\n<p align=\"center\">333,3 mg<\/p>\n<\/td>\n<\/tr>\n<tr>\n<td width=\"307\">\n<p align=\"center\">Phytolacca decandra 5 CH<\/p>\n<\/td>\n<td width=\"307\">\n<p align=\"center\">333,3 mg<\/p>\n<\/td>\n<\/tr>\n<tr>\n<td width=\"307\">\n<p align=\"center\">Rheum 5 CH<\/p>\n<\/td>\n<td width=\"307\">\n<p align=\"center\">333,3mg<\/p>\n<\/td>\n<\/tr>\n<\/tbody>\n<\/table>\n<p>Autre composant\u00a0: eau purifi\u00e9e<\/p>","protected":false},"excerpt":{"rendered":"<p><\/p>","protected":false},"featured_media":2030,"comment_status":"open","ping_status":"closed","template":"","meta":[],"product_cat":[66],"product_tag":[476,110],"berocket_brand":[],"class_list":{"0":"post-141690","1":"product","2":"type-product","3":"status-publish","4":"has-post-thumbnail","6":"product_cat-sport-sante","7":"product_tag-nourrissant-bebe-2","8":"product_tag-solution","10":"first","11":"outofstock","12":"shipping-taxable","13":"purchasable","14":"product-type-simple"},"yoast_head":"<!-- This site is optimized with the Yoast SEO plugin v24.8 - https:\/\/yoast.com\/wordpress\/plugins\/seo\/ -->\n<title>Solution buvable bo\u00eete de 30 r\u00e9cipients unidoses -Camilia KB - Prixgro<\/title>\n<meta name=\"robots\" content=\"index, follow, max-snippet:-1, max-image-preview:large, max-video-preview:-1\" \/>\n<link rel=\"canonical\" href=\"https:\/\/prixgro.com\/ar\/product\/solution-buvable-boite-de-30-recipients-unidoses-camilia-kb\/\" \/>\n<meta property=\"og:locale\" content=\"ar_AR\" \/>\n<meta property=\"og:type\" content=\"article\" \/>\n<meta property=\"og:title\" content=\"Solution buvable bo\u00eete de 30 r\u00e9cipients unidoses -Camilia KB - Prixgro\" \/>\n<meta property=\"og:url\" content=\"https:\/\/prixgro.com\/ar\/product\/solution-buvable-boite-de-30-recipients-unidoses-camilia-kb\/\" \/>\n<meta property=\"og:site_name\" content=\"Prixgro\" \/>\n<meta property=\"article:publisher\" content=\"https:\/\/www.facebook.com\/Pharmacima\" \/>\n<meta property=\"article:modified_time\" content=\"2024-04-09T12:28:23+00:00\" \/>\n<meta property=\"og:image\" content=\"https:\/\/prixgro.com\/wp-content\/uploads\/2023\/09\/2de5a219497dc2f24ce1833c2173-e1621199360635.jpeg\" \/>\n\t<meta property=\"og:image:width\" content=\"400\" \/>\n\t<meta property=\"og:image:height\" content=\"298\" \/>\n\t<meta property=\"og:image:type\" content=\"image\/jpeg\" \/>\n<meta name=\"twitter:card\" content=\"summary_large_image\" \/>\n<meta name=\"twitter:label1\" content=\"\u0648\u0642\u062a \u0627\u0644\u0642\u0631\u0627\u0621\u0629 \u0627\u0644\u0645\u064f\u0642\u062f\u0651\u0631\" \/>\n\t<meta name=\"twitter:data1\" content=\"\u062f\u0642\u064a\u0642\u0629 \u0648\u0627\u062d\u062f\u0629\" \/>\n<script type=\"application\/ld+json\" class=\"yoast-schema-graph\">{\"@context\":\"https:\/\/schema.org\",\"@graph\":[{\"@type\":\"WebPage\",\"@id\":\"https:\/\/prixgro.com\/product\/solution-buvable-boite-de-30-recipients-unidoses-camilia-kb\/\",\"url\":\"https:\/\/prixgro.com\/product\/solution-buvable-boite-de-30-recipients-unidoses-camilia-kb\/\",\"name\":\"Solution buvable bo\u00eete de 30 r\u00e9cipients unidoses -Camilia KB - Prixgro\",\"isPartOf\":{\"@id\":\"https:\/\/prixgro.com\/#website\"},\"primaryImageOfPage\":{\"@id\":\"https:\/\/prixgro.com\/product\/solution-buvable-boite-de-30-recipients-unidoses-camilia-kb\/#primaryimage\"},\"image\":{\"@id\":\"https:\/\/prixgro.com\/product\/solution-buvable-boite-de-30-recipients-unidoses-camilia-kb\/#primaryimage\"},\"thumbnailUrl\":\"https:\/\/prixgro.com\/wp-content\/uploads\/2023\/09\/2de5a219497dc2f24ce1833c2173-e1621199360635.jpeg\",\"datePublished\":\"2024-04-09T12:28:20+00:00\",\"dateModified\":\"2024-04-09T12:28:23+00:00\",\"breadcrumb\":{\"@id\":\"https:\/\/prixgro.com\/product\/solution-buvable-boite-de-30-recipients-unidoses-camilia-kb\/#breadcrumb\"},\"inLanguage\":\"ar\",\"potentialAction\":[{\"@type\":\"ReadAction\",\"target\":[\"https:\/\/prixgro.com\/product\/solution-buvable-boite-de-30-recipients-unidoses-camilia-kb\/\"]}]},{\"@type\":\"ImageObject\",\"inLanguage\":\"ar\",\"@id\":\"https:\/\/prixgro.com\/product\/solution-buvable-boite-de-30-recipients-unidoses-camilia-kb\/#primaryimage\",\"url\":\"https:\/\/prixgro.com\/wp-content\/uploads\/2023\/09\/2de5a219497dc2f24ce1833c2173-e1621199360635.jpeg\",\"contentUrl\":\"https:\/\/prixgro.com\/wp-content\/uploads\/2023\/09\/2de5a219497dc2f24ce1833c2173-e1621199360635.jpeg\",\"width\":400,\"height\":298},{\"@type\":\"BreadcrumbList\",\"@id\":\"https:\/\/prixgro.com\/product\/solution-buvable-boite-de-30-recipients-unidoses-camilia-kb\/#breadcrumb\",\"itemListElement\":[{\"@type\":\"ListItem\",\"position\":1,\"name\":\"Accueil\",\"item\":\"https:\/\/prixgro.com\/\"},{\"@type\":\"ListItem\",\"position\":2,\"name\":\"Boutique en ligne\",\"item\":\"https:\/\/prixgro.com\/shop\/\"},{\"@type\":\"ListItem\",\"position\":3,\"name\":\"Solution buvable bo\u00eete de 30 r\u00e9cipients unidoses -Camilia KB\"}]},{\"@type\":\"WebSite\",\"@id\":\"https:\/\/prixgro.com\/#website\",\"url\":\"https:\/\/prixgro.com\/\",\"name\":\"Prixgro.com\",\"description\":\"Para Pharmaceutique et Cosm\u00e9tique\",\"publisher\":{\"@id\":\"https:\/\/prixgro.com\/#organization\"},\"potentialAction\":[{\"@type\":\"SearchAction\",\"target\":{\"@type\":\"EntryPoint\",\"urlTemplate\":\"https:\/\/prixgro.com\/?s={search_term_string}\"},\"query-input\":{\"@type\":\"PropertyValueSpecification\",\"valueRequired\":true,\"valueName\":\"search_term_string\"}}],\"inLanguage\":\"ar\"},{\"@type\":\"Organization\",\"@id\":\"https:\/\/prixgro.com\/#organization\",\"name\":\"Prixgro\",\"url\":\"https:\/\/prixgro.com\/\",\"logo\":{\"@type\":\"ImageObject\",\"inLanguage\":\"ar\",\"@id\":\"https:\/\/prixgro.com\/#\/schema\/logo\/image\/\",\"url\":\"https:\/\/prixgro.com\/wp-content\/uploads\/2024\/08\/cropped-Nouveau-projet-2.png\",\"contentUrl\":\"https:\/\/prixgro.com\/wp-content\/uploads\/2024\/08\/cropped-Nouveau-projet-2.png\",\"width\":265,\"height\":62,\"caption\":\"Prixgro\"},\"image\":{\"@id\":\"https:\/\/prixgro.com\/#\/schema\/logo\/image\/\"},\"sameAs\":[\"https:\/\/www.facebook.com\/Pharmacima\"]}]}<\/script>\n<!-- \/ Yoast SEO plugin. -->","yoast_head_json":{"title":"Solution buvable bo\u00eete de 30 r\u00e9cipients unidoses -Camilia KB - Prixgro","robots":{"index":"index","follow":"follow","max-snippet":"max-snippet:-1","max-image-preview":"max-image-preview:large","max-video-preview":"max-video-preview:-1"},"canonical":"https:\/\/prixgro.com\/ar\/product\/solution-buvable-boite-de-30-recipients-unidoses-camilia-kb\/","og_locale":"ar_AR","og_type":"article","og_title":"Solution buvable bo\u00eete de 30 r\u00e9cipients unidoses -Camilia KB - Prixgro","og_url":"https:\/\/prixgro.com\/ar\/product\/solution-buvable-boite-de-30-recipients-unidoses-camilia-kb\/","og_site_name":"Prixgro","article_publisher":"https:\/\/www.facebook.com\/Pharmacima","article_modified_time":"2024-04-09T12:28:23+00:00","og_image":[{"width":400,"height":298,"url":"https:\/\/prixgro.com\/wp-content\/uploads\/2023\/09\/2de5a219497dc2f24ce1833c2173-e1621199360635.jpeg","type":"image\/jpeg"}],"twitter_card":"summary_large_image","twitter_misc":{"\u0648\u0642\u062a \u0627\u0644\u0642\u0631\u0627\u0621\u0629 \u0627\u0644\u0645\u064f\u0642\u062f\u0651\u0631":"\u062f\u0642\u064a\u0642\u0629 \u0648\u0627\u062d\u062f\u0629"},"schema":{"@context":"https:\/\/schema.org","@graph":[{"@type":"WebPage","@id":"https:\/\/prixgro.com\/product\/solution-buvable-boite-de-30-recipients-unidoses-camilia-kb\/","url":"https:\/\/prixgro.com\/product\/solution-buvable-boite-de-30-recipients-unidoses-camilia-kb\/","name":"Solution buvable bo\u00eete de 30 r\u00e9cipients unidoses -Camilia KB - Prixgro","isPartOf":{"@id":"https:\/\/prixgro.com\/#website"},"primaryImageOfPage":{"@id":"https:\/\/prixgro.com\/product\/solution-buvable-boite-de-30-recipients-unidoses-camilia-kb\/#primaryimage"},"image":{"@id":"https:\/\/prixgro.com\/product\/solution-buvable-boite-de-30-recipients-unidoses-camilia-kb\/#primaryimage"},"thumbnailUrl":"https:\/\/prixgro.com\/wp-content\/uploads\/2023\/09\/2de5a219497dc2f24ce1833c2173-e1621199360635.jpeg","datePublished":"2024-04-09T12:28:20+00:00","dateModified":"2024-04-09T12:28:23+00:00","breadcrumb":{"@id":"https:\/\/prixgro.com\/product\/solution-buvable-boite-de-30-recipients-unidoses-camilia-kb\/#breadcrumb"},"inLanguage":"ar","potentialAction":[{"@type":"ReadAction","target":["https:\/\/prixgro.com\/product\/solution-buvable-boite-de-30-recipients-unidoses-camilia-kb\/"]}]},{"@type":"ImageObject","inLanguage":"ar","@id":"https:\/\/prixgro.com\/product\/solution-buvable-boite-de-30-recipients-unidoses-camilia-kb\/#primaryimage","url":"https:\/\/prixgro.com\/wp-content\/uploads\/2023\/09\/2de5a219497dc2f24ce1833c2173-e1621199360635.jpeg","contentUrl":"https:\/\/prixgro.com\/wp-content\/uploads\/2023\/09\/2de5a219497dc2f24ce1833c2173-e1621199360635.jpeg","width":400,"height":298},{"@type":"BreadcrumbList","@id":"https:\/\/prixgro.com\/product\/solution-buvable-boite-de-30-recipients-unidoses-camilia-kb\/#breadcrumb","itemListElement":[{"@type":"ListItem","position":1,"name":"Accueil","item":"https:\/\/prixgro.com\/"},{"@type":"ListItem","position":2,"name":"Boutique en ligne","item":"https:\/\/prixgro.com\/shop\/"},{"@type":"ListItem","position":3,"name":"Solution buvable bo\u00eete de 30 r\u00e9cipients unidoses -Camilia KB"}]},{"@type":"WebSite","@id":"https:\/\/prixgro.com\/#website","url":"https:\/\/prixgro.com\/","name":"Prixgro.com","description":"Para Pharmaceutique et Cosm\u00e9tique","publisher":{"@id":"https:\/\/prixgro.com\/#organization"},"potentialAction":[{"@type":"SearchAction","target":{"@type":"EntryPoint","urlTemplate":"https:\/\/prixgro.com\/?s={search_term_string}"},"query-input":{"@type":"PropertyValueSpecification","valueRequired":true,"valueName":"search_term_string"}}],"inLanguage":"ar"},{"@type":"Organization","@id":"https:\/\/prixgro.com\/#organization","name":"Prixgro","url":"https:\/\/prixgro.com\/","logo":{"@type":"ImageObject","inLanguage":"ar","@id":"https:\/\/prixgro.com\/#\/schema\/logo\/image\/","url":"https:\/\/prixgro.com\/wp-content\/uploads\/2024\/08\/cropped-Nouveau-projet-2.png","contentUrl":"https:\/\/prixgro.com\/wp-content\/uploads\/2024\/08\/cropped-Nouveau-projet-2.png","width":265,"height":62,"caption":"Prixgro"},"image":{"@id":"https:\/\/prixgro.com\/#\/schema\/logo\/image\/"},"sameAs":["https:\/\/www.facebook.com\/Pharmacima"]}]}},"_links":{"self":[{"href":"https:\/\/prixgro.com\/ar\/wp-json\/wp\/v2\/product\/141690","targetHints":{"allow":["GET"]}}],"collection":[{"href":"https:\/\/prixgro.com\/ar\/wp-json\/wp\/v2\/product"}],"about":[{"href":"https:\/\/prixgro.com\/ar\/wp-json\/wp\/v2\/types\/product"}],"replies":[{"embeddable":true,"href":"https:\/\/prixgro.com\/ar\/wp-json\/wp\/v2\/comments?post=141690"}],"wp:featuredmedia":[{"embeddable":true,"href":"https:\/\/prixgro.com\/ar\/wp-json\/wp\/v2\/media\/2030"}],"wp:attachment":[{"href":"https:\/\/prixgro.com\/ar\/wp-json\/wp\/v2\/media?parent=141690"}],"wp:term":[{"taxonomy":"product_cat","embeddable":true,"href":"https:\/\/prixgro.com\/ar\/wp-json\/wp\/v2\/product_cat?post=141690"},{"taxonomy":"product_tag","embeddable":true,"href":"https:\/\/prixgro.com\/ar\/wp-json\/wp\/v2\/product_tag?post=141690"},{"taxonomy":"berocket_brand","embeddable":true,"href":"https:\/\/prixgro.com\/ar\/wp-json\/wp\/v2\/berocket_brand?post=141690"}],"curies":[{"name":"wp","href":"https:\/\/api.w.org\/{rel}","templated":true}]}}