{"id":141698,"date":"2024-04-09T14:28:21","date_gmt":"2024-04-09T12:28:21","guid":{"rendered":"https:\/\/cloodmanager.net\/?post_type=product&#038;p=141698"},"modified":"2024-04-09T14:28:26","modified_gmt":"2024-04-09T12:28:26","slug":"nicopatchlib-14-mg-patch","status":"publish","type":"product","link":"https:\/\/prixgro.com\/ar\/product\/nicopatchlib-14-mg-patch\/","title":{"rendered":"Nicopatchlib 14 MG PATCH"},"content":{"rendered":"<h2 class=\"colored--blue\"><strong>Patch Nicopatchlib<\/strong><\/h2>\n<p><strong>Un contr\u00f4le de la lib\u00e9ration de nicotine pour une diffusion r\u00e9guli\u00e8re<\/strong><\/p>\n<p class=\"colored--blue\"><strong>Des dosages d\u00e9gressifs\u00a0<\/strong><\/p>\n<p>Pour une d\u00e9saccoutumance en douceur de la nicotine<\/p>\n<p class=\"colored--blue\"><strong>D\u00e9saccoutumance progressive\u00a0<\/strong><\/p>\n<p>En 3 p\u00e9riodes gr\u00e2ce \u00e0 la d\u00e9gressivit\u00e9 des dosages sur 3 \u00e0 6 mois.<\/p>\n<p class=\"colored--blue\"><strong>Pour chacun de vos objectifs, Nicopatchlib vous accompagne.<\/strong><\/p>\n<p>L\u2019accompagnement, les conseils, le suivi que peuvent vous apporter votre m\u00e9decin ou votre pharmacien seront pr\u00e9cieux pendant les 6 premiers mois de votre arr\u00eat du tabac.<br \/>Vous pouvez aussi recourir \u00e0 une consultation sp\u00e9cialis\u00e9e d\u2019aide au sevrage tabagique en particulier si vous avez d\u00e9j\u00e0 \u00e9chou\u00e9.<\/p>\n<p class=\"colored--blue\"><strong>Composition<\/strong><\/p>\n<ul>\n<li>14 mg de nicotine.<\/li>\n<li>Trois tailles de timbres sont disponibles :<br \/>10, 20 et 30 cm\u00b2 correspondant \u00e0 trois dosages diff\u00e9rents : respectivement 7, 14 et 21 mg\/24h.<\/li>\n<li>Existe par bo\u00eete de 7, 28 dispositifs transdermiques.<\/li>\n<\/ul>","protected":false},"excerpt":{"rendered":"<p><br data-mce-bogus=\"1\"><\/p>","protected":false},"featured_media":2069,"comment_status":"open","ping_status":"closed","template":"","meta":[],"product_cat":[66],"product_tag":[],"berocket_brand":[],"class_list":{"0":"post-141698","1":"product","2":"type-product","3":"status-publish","4":"has-post-thumbnail","6":"product_cat-sport-sante","8":"first","9":"outofstock","10":"shipping-taxable","11":"purchasable","12":"product-type-simple"},"yoast_head":"<!-- This site is optimized with the Yoast SEO plugin v24.8 - https:\/\/yoast.com\/wordpress\/plugins\/seo\/ -->\n<title>Nicopatchlib 14 MG PATCH - Prixgro<\/title>\n<meta name=\"robots\" content=\"index, follow, max-snippet:-1, max-image-preview:large, max-video-preview:-1\" \/>\n<link rel=\"canonical\" href=\"https:\/\/prixgro.com\/ar\/product\/nicopatchlib-14-mg-patch\/\" \/>\n<meta property=\"og:locale\" content=\"ar_AR\" \/>\n<meta property=\"og:type\" content=\"article\" \/>\n<meta property=\"og:title\" content=\"Nicopatchlib 14 MG PATCH - Prixgro\" \/>\n<meta property=\"og:url\" content=\"https:\/\/prixgro.com\/ar\/product\/nicopatchlib-14-mg-patch\/\" \/>\n<meta property=\"og:site_name\" content=\"Prixgro\" \/>\n<meta property=\"article:publisher\" content=\"https:\/\/www.facebook.com\/Pharmacima\" \/>\n<meta property=\"article:modified_time\" content=\"2024-04-09T12:28:26+00:00\" \/>\n<meta property=\"og:image\" content=\"https:\/\/prixgro.com\/wp-content\/uploads\/2023\/09\/pierre-fabre-nicopatch-lib-sevrage-tabagique-14-mg-24-h-7-dispositifs-face-e1622631170587.jpg\" \/>\n\t<meta property=\"og:image:width\" content=\"450\" \/>\n\t<meta property=\"og:image:height\" content=\"450\" \/>\n\t<meta property=\"og:image:type\" content=\"image\/jpeg\" \/>\n<meta name=\"twitter:card\" content=\"summary_large_image\" \/>\n<meta name=\"twitter:label1\" content=\"\u0648\u0642\u062a \u0627\u0644\u0642\u0631\u0627\u0621\u0629 \u0627\u0644\u0645\u064f\u0642\u062f\u0651\u0631\" \/>\n\t<meta name=\"twitter:data1\" content=\"\u062f\u0642\u064a\u0642\u0629 \u0648\u0627\u062d\u062f\u0629\" \/>\n<script type=\"application\/ld+json\" class=\"yoast-schema-graph\">{\"@context\":\"https:\/\/schema.org\",\"@graph\":[{\"@type\":\"WebPage\",\"@id\":\"https:\/\/prixgro.com\/product\/nicopatchlib-14-mg-patch\/\",\"url\":\"https:\/\/prixgro.com\/product\/nicopatchlib-14-mg-patch\/\",\"name\":\"Nicopatchlib 14 MG PATCH - Prixgro\",\"isPartOf\":{\"@id\":\"https:\/\/prixgro.com\/#website\"},\"primaryImageOfPage\":{\"@id\":\"https:\/\/prixgro.com\/product\/nicopatchlib-14-mg-patch\/#primaryimage\"},\"image\":{\"@id\":\"https:\/\/prixgro.com\/product\/nicopatchlib-14-mg-patch\/#primaryimage\"},\"thumbnailUrl\":\"https:\/\/prixgro.com\/wp-content\/uploads\/2023\/09\/pierre-fabre-nicopatch-lib-sevrage-tabagique-14-mg-24-h-7-dispositifs-face-e1622631170587.jpg\",\"datePublished\":\"2024-04-09T12:28:21+00:00\",\"dateModified\":\"2024-04-09T12:28:26+00:00\",\"breadcrumb\":{\"@id\":\"https:\/\/prixgro.com\/product\/nicopatchlib-14-mg-patch\/#breadcrumb\"},\"inLanguage\":\"ar\",\"potentialAction\":[{\"@type\":\"ReadAction\",\"target\":[\"https:\/\/prixgro.com\/product\/nicopatchlib-14-mg-patch\/\"]}]},{\"@type\":\"ImageObject\",\"inLanguage\":\"ar\",\"@id\":\"https:\/\/prixgro.com\/product\/nicopatchlib-14-mg-patch\/#primaryimage\",\"url\":\"https:\/\/prixgro.com\/wp-content\/uploads\/2023\/09\/pierre-fabre-nicopatch-lib-sevrage-tabagique-14-mg-24-h-7-dispositifs-face-e1622631170587.jpg\",\"contentUrl\":\"https:\/\/prixgro.com\/wp-content\/uploads\/2023\/09\/pierre-fabre-nicopatch-lib-sevrage-tabagique-14-mg-24-h-7-dispositifs-face-e1622631170587.jpg\",\"width\":450,\"height\":450},{\"@type\":\"BreadcrumbList\",\"@id\":\"https:\/\/prixgro.com\/product\/nicopatchlib-14-mg-patch\/#breadcrumb\",\"itemListElement\":[{\"@type\":\"ListItem\",\"position\":1,\"name\":\"Accueil\",\"item\":\"https:\/\/prixgro.com\/\"},{\"@type\":\"ListItem\",\"position\":2,\"name\":\"Boutique en ligne\",\"item\":\"https:\/\/prixgro.com\/shop\/\"},{\"@type\":\"ListItem\",\"position\":3,\"name\":\"Nicopatchlib 14 MG PATCH\"}]},{\"@type\":\"WebSite\",\"@id\":\"https:\/\/prixgro.com\/#website\",\"url\":\"https:\/\/prixgro.com\/\",\"name\":\"Prixgro.com\",\"description\":\"Para Pharmaceutique et Cosm\u00e9tique\",\"publisher\":{\"@id\":\"https:\/\/prixgro.com\/#organization\"},\"potentialAction\":[{\"@type\":\"SearchAction\",\"target\":{\"@type\":\"EntryPoint\",\"urlTemplate\":\"https:\/\/prixgro.com\/?s={search_term_string}\"},\"query-input\":{\"@type\":\"PropertyValueSpecification\",\"valueRequired\":true,\"valueName\":\"search_term_string\"}}],\"inLanguage\":\"ar\"},{\"@type\":\"Organization\",\"@id\":\"https:\/\/prixgro.com\/#organization\",\"name\":\"Prixgro\",\"url\":\"https:\/\/prixgro.com\/\",\"logo\":{\"@type\":\"ImageObject\",\"inLanguage\":\"ar\",\"@id\":\"https:\/\/prixgro.com\/#\/schema\/logo\/image\/\",\"url\":\"https:\/\/prixgro.com\/wp-content\/uploads\/2024\/08\/cropped-Nouveau-projet-2.png\",\"contentUrl\":\"https:\/\/prixgro.com\/wp-content\/uploads\/2024\/08\/cropped-Nouveau-projet-2.png\",\"width\":265,\"height\":62,\"caption\":\"Prixgro\"},\"image\":{\"@id\":\"https:\/\/prixgro.com\/#\/schema\/logo\/image\/\"},\"sameAs\":[\"https:\/\/www.facebook.com\/Pharmacima\"]}]}<\/script>\n<!-- \/ Yoast SEO plugin. -->","yoast_head_json":{"title":"Nicopatchlib 14 MG PATCH - Prixgro","robots":{"index":"index","follow":"follow","max-snippet":"max-snippet:-1","max-image-preview":"max-image-preview:large","max-video-preview":"max-video-preview:-1"},"canonical":"https:\/\/prixgro.com\/ar\/product\/nicopatchlib-14-mg-patch\/","og_locale":"ar_AR","og_type":"article","og_title":"Nicopatchlib 14 MG PATCH - Prixgro","og_url":"https:\/\/prixgro.com\/ar\/product\/nicopatchlib-14-mg-patch\/","og_site_name":"Prixgro","article_publisher":"https:\/\/www.facebook.com\/Pharmacima","article_modified_time":"2024-04-09T12:28:26+00:00","og_image":[{"width":450,"height":450,"url":"https:\/\/prixgro.com\/wp-content\/uploads\/2023\/09\/pierre-fabre-nicopatch-lib-sevrage-tabagique-14-mg-24-h-7-dispositifs-face-e1622631170587.jpg","type":"image\/jpeg"}],"twitter_card":"summary_large_image","twitter_misc":{"\u0648\u0642\u062a \u0627\u0644\u0642\u0631\u0627\u0621\u0629 \u0627\u0644\u0645\u064f\u0642\u062f\u0651\u0631":"\u062f\u0642\u064a\u0642\u0629 \u0648\u0627\u062d\u062f\u0629"},"schema":{"@context":"https:\/\/schema.org","@graph":[{"@type":"WebPage","@id":"https:\/\/prixgro.com\/product\/nicopatchlib-14-mg-patch\/","url":"https:\/\/prixgro.com\/product\/nicopatchlib-14-mg-patch\/","name":"Nicopatchlib 14 MG PATCH - Prixgro","isPartOf":{"@id":"https:\/\/prixgro.com\/#website"},"primaryImageOfPage":{"@id":"https:\/\/prixgro.com\/product\/nicopatchlib-14-mg-patch\/#primaryimage"},"image":{"@id":"https:\/\/prixgro.com\/product\/nicopatchlib-14-mg-patch\/#primaryimage"},"thumbnailUrl":"https:\/\/prixgro.com\/wp-content\/uploads\/2023\/09\/pierre-fabre-nicopatch-lib-sevrage-tabagique-14-mg-24-h-7-dispositifs-face-e1622631170587.jpg","datePublished":"2024-04-09T12:28:21+00:00","dateModified":"2024-04-09T12:28:26+00:00","breadcrumb":{"@id":"https:\/\/prixgro.com\/product\/nicopatchlib-14-mg-patch\/#breadcrumb"},"inLanguage":"ar","potentialAction":[{"@type":"ReadAction","target":["https:\/\/prixgro.com\/product\/nicopatchlib-14-mg-patch\/"]}]},{"@type":"ImageObject","inLanguage":"ar","@id":"https:\/\/prixgro.com\/product\/nicopatchlib-14-mg-patch\/#primaryimage","url":"https:\/\/prixgro.com\/wp-content\/uploads\/2023\/09\/pierre-fabre-nicopatch-lib-sevrage-tabagique-14-mg-24-h-7-dispositifs-face-e1622631170587.jpg","contentUrl":"https:\/\/prixgro.com\/wp-content\/uploads\/2023\/09\/pierre-fabre-nicopatch-lib-sevrage-tabagique-14-mg-24-h-7-dispositifs-face-e1622631170587.jpg","width":450,"height":450},{"@type":"BreadcrumbList","@id":"https:\/\/prixgro.com\/product\/nicopatchlib-14-mg-patch\/#breadcrumb","itemListElement":[{"@type":"ListItem","position":1,"name":"Accueil","item":"https:\/\/prixgro.com\/"},{"@type":"ListItem","position":2,"name":"Boutique en ligne","item":"https:\/\/prixgro.com\/shop\/"},{"@type":"ListItem","position":3,"name":"Nicopatchlib 14 MG PATCH"}]},{"@type":"WebSite","@id":"https:\/\/prixgro.com\/#website","url":"https:\/\/prixgro.com\/","name":"Prixgro.com","description":"Para Pharmaceutique et Cosm\u00e9tique","publisher":{"@id":"https:\/\/prixgro.com\/#organization"},"potentialAction":[{"@type":"SearchAction","target":{"@type":"EntryPoint","urlTemplate":"https:\/\/prixgro.com\/?s={search_term_string}"},"query-input":{"@type":"PropertyValueSpecification","valueRequired":true,"valueName":"search_term_string"}}],"inLanguage":"ar"},{"@type":"Organization","@id":"https:\/\/prixgro.com\/#organization","name":"Prixgro","url":"https:\/\/prixgro.com\/","logo":{"@type":"ImageObject","inLanguage":"ar","@id":"https:\/\/prixgro.com\/#\/schema\/logo\/image\/","url":"https:\/\/prixgro.com\/wp-content\/uploads\/2024\/08\/cropped-Nouveau-projet-2.png","contentUrl":"https:\/\/prixgro.com\/wp-content\/uploads\/2024\/08\/cropped-Nouveau-projet-2.png","width":265,"height":62,"caption":"Prixgro"},"image":{"@id":"https:\/\/prixgro.com\/#\/schema\/logo\/image\/"},"sameAs":["https:\/\/www.facebook.com\/Pharmacima"]}]}},"_links":{"self":[{"href":"https:\/\/prixgro.com\/ar\/wp-json\/wp\/v2\/product\/141698","targetHints":{"allow":["GET"]}}],"collection":[{"href":"https:\/\/prixgro.com\/ar\/wp-json\/wp\/v2\/product"}],"about":[{"href":"https:\/\/prixgro.com\/ar\/wp-json\/wp\/v2\/types\/product"}],"replies":[{"embeddable":true,"href":"https:\/\/prixgro.com\/ar\/wp-json\/wp\/v2\/comments?post=141698"}],"wp:featuredmedia":[{"embeddable":true,"href":"https:\/\/prixgro.com\/ar\/wp-json\/wp\/v2\/media\/2069"}],"wp:attachment":[{"href":"https:\/\/prixgro.com\/ar\/wp-json\/wp\/v2\/media?parent=141698"}],"wp:term":[{"taxonomy":"product_cat","embeddable":true,"href":"https:\/\/prixgro.com\/ar\/wp-json\/wp\/v2\/product_cat?post=141698"},{"taxonomy":"product_tag","embeddable":true,"href":"https:\/\/prixgro.com\/ar\/wp-json\/wp\/v2\/product_tag?post=141698"},{"taxonomy":"berocket_brand","embeddable":true,"href":"https:\/\/prixgro.com\/ar\/wp-json\/wp\/v2\/berocket_brand?post=141698"}],"curies":[{"name":"wp","href":"https:\/\/api.w.org\/{rel}","templated":true}]}}