{"id":141702,"date":"2024-04-09T14:28:21","date_gmt":"2024-04-09T12:28:21","guid":{"rendered":"https:\/\/cloodmanager.net\/?post_type=product&#038;p=141702"},"modified":"2024-08-08T13:20:01","modified_gmt":"2024-08-08T11:20:01","slug":"creme-hydratante-ha-tube-30ml-the-ordinary","status":"publish","type":"product","link":"https:\/\/prixgro.com\/ar\/product\/creme-hydratante-ha-tube-30ml-the-ordinary\/","title":{"rendered":"Cr\u00e8me Hydratante + HA Tube 30ml The Ordinary"},"content":{"rendered":"<h3><strong>DESCRIPTION<\/strong><\/h3>\n<p><strong>Tube 30ml<\/strong><\/p>\n<p>Formule d&#8217;Hydratation de Surface<\/p>\n<p>Les Facteurs Naturels d\u2019Hydratation (FNH) sont les \u00e9l\u00e9ments qui prot\u00e8gent la surface de la peau et la maintiennent hydrat\u00e9e.<\/p>\n<p>Les FNH sont compos\u00e9s de multiples acides amin\u00e9s, d\u2019acides gras, de triglyc\u00e9rides, d\u2019ur\u00e9e, de c\u00e9ramides, de phospholipides, de glyc\u00e9rine, de saccharides, de sodium PCA, d\u2019Acide Hyaluronique et encore d\u2019autres composants naturellement pr\u00e9sents dans la peau.<\/p>\n<p>Cette formule offre une hydratation non-grasse qui remplace et booste les compos\u00e9s des FNH aux facult\u00e9s affaiblies.<\/p>\n<p>Elle contient 11 acides amin\u00e9s, des phospholipides, des acides gras alpha, beta et gamma, des triglyc\u00e9rides, des st\u00e9rols et esters de st\u00e9rol, de la glyc\u00e9rine, des pr\u00e9curseurs de c\u00e9ramide, de l\u2019ur\u00e9e, des saccharides, du sodium PCA et de l\u2019Acide Hyaluronique. La formule offre une hydratation imm\u00e9diate et durable.<\/p>\n<div class=\"prdct__details-benefits\">\n<hr \/>\n<h3 class=\"prdct__details-title\"><span style=\"color: #ff0000;\"><strong>B\u00e9n\u00e9fice produit<\/strong><\/span><\/h3>\n<\/div>\n<div>\n<p>-Hydratation optimale.<\/p>\n<p>-Ne cause pas d\u2019irritation de la peau.<\/p>\n<p>-Hydratation dure 24h.<\/p>\n<p>-Prot\u00e8ge contre la pollution.<\/p>\n<\/div>\n<div>\n<hr \/>\n<\/div>\n<h3><span style=\"color: #808080;\"><strong>CONSEIL D&#8217;UTILISATION<\/strong><\/span><\/h3>\n<div>Appliquer apr\u00e8s les s\u00e9rums et selon le besoin<br \/>\npour obtenir une hydratation de surface efficace<\/div>\n<div>\n<hr \/>\n<\/div>\n<div><\/div>\n<h3><span style=\"color: #333399;\"><strong>COMPOSITION :<\/strong><\/span><\/h3>\n<div><\/div>\n<div>\n<div class=\"prdct__content go-back\">\n<div id=\"prdct-details\" class=\"prdct__details\">\n<div class=\"prdct__details-wrap\">\n<div id=\"ingredients\" class=\"prdct__details-content\">\n<p>AQUA (WATER), CAPRYLIC\/CAPRIC TRIGLYCERIDE, CETYL ALCOHOL, PROPANEDIOL, STEARYL ALCOHOL, GLYCERIN, SODIUM HYALURONATE, ARGININE, ASPARTIC ACID, GLYCINE, ALANINE, SERINE, VALINE, ISOLEUCINE, PROLINE, THREONINE, HISTIDINE, PHENYLALANINE, GLUCOSE, MALTOSE, FRUCTOSE, TREHALOSE, SODIUM PCA, PCA, SODIUM LACTATE, UREA, ALLANTOIN, LINOLEIC ACID, OLEIC ACID, PHYTOSTERYL CANOLA GLYCERIDES, PALMITIC ACID, STEARIC ACID, LECITHIN, TRIOLEIN, TOCOPHEROL, CARBOMER, ISOCETETH-20, POLYSORBATE 60, SODIUM CHLORIDE, CITRIC ACID, TRISODIUM ETHYLENEDIAMINE DISUCCINATE, PENTYLENE GLYCOL, TRIETHANOLAMINE, SODIUM HYDROXIDE, PHENOXYETHANOL, CHLORPHENESIN.<\/p>\n<\/div>\n<\/div>\n<\/div>\n<\/div>\n<div><\/div>\n<\/div>","protected":false},"excerpt":{"rendered":"<ul class=\"prdct__datas-wrap\">\n<li class=\"prdct__datas-item\">\n<div class=\"prdct__datas-icon\"><img decoding=\"async\" class=\"prdct__datas-img\" src=\"https:\/\/www.nocibe.fr\/bibliotheque\/FicheProduit\/Pictos\/Type_de_peau.png?frz-v=3545\" \/><\/div>\n<p>Type de peau :<strong>Tout type de peau m\u00eame S\u00e8che<\/strong><\/li>\n<li class=\"prdct__datas-item\">\n<div class=\"prdct__datas-icon\"><img decoding=\"async\" class=\"prdct__datas-img\" src=\"https:\/\/www.nocibe.fr\/bibliotheque\/FicheProduit\/Pictos\/Contenance.png?frz-v=3545\" \/><\/div>\n<p>Contenance :<strong>30 ml<\/strong><\/li>\n<li class=\"prdct__datas-item\">\n<div class=\"prdct__datas-icon\"><img decoding=\"async\" class=\"prdct__datas-img\" src=\"https:\/\/www.nocibe.fr\/bibliotheque\/FicheProduit\/Pictos\/Action.png?frz-v=3545\" \/><\/div>\n<p>Action :<strong>Hydrate<\/strong><\/li>\n<li class=\"prdct__datas-item\">\n<div class=\"prdct__datas-icon\"><img decoding=\"async\" class=\"prdct__datas-img\" src=\"https:\/\/www.nocibe.fr\/bibliotheque\/FicheProduit\/Pictos\/Format.png?frz-v=3545\" \/><\/div>\n<p>Format :<strong>Tube<\/strong><\/li>\n<li class=\"prdct__datas-item\">\n<div class=\"prdct__datas-icon\"><img decoding=\"async\" class=\"prdct__datas-img\" src=\"https:\/\/www.nocibe.fr\/bibliotheque\/FicheProduit\/Pictos\/Formulation.png?frz-v=3545\" \/><\/div>\n<p>Formulation :<strong>Sans parfum et Sans paraben<\/strong><\/li>\n<li class=\"prdct__datas-item\">\n<div class=\"prdct__datas-icon\"><img decoding=\"async\" class=\"prdct__datas-img\" src=\"https:\/\/www.nocibe.fr\/bibliotheque\/FicheProduit\/Pictos\/Soin_sp%C3%A9cifique.png?frz-v=3545\" \/><\/div>\n<p>Soin sp\u00e9cifique :<strong>Hydratation<\/strong><\/li>\n<\/ul>","protected":false},"featured_media":2075,"comment_status":"open","ping_status":"closed","template":"","meta":[],"product_cat":[64,17,36],"product_tag":[],"berocket_brand":[460],"class_list":{"0":"post-141702","1":"product","2":"type-product","3":"status-publish","4":"has-post-thumbnail","6":"product_cat-corps","7":"product_cat-soin-et-bien-etre","8":"product_cat-visage-soin-et-bien-etre","9":"berocket_brand-theordinary","11":"first","12":"outofstock","13":"shipping-taxable","14":"purchasable","15":"product-type-simple"},"yoast_head":"<!-- This site is optimized with the Yoast SEO plugin v24.8 - https:\/\/yoast.com\/wordpress\/plugins\/seo\/ -->\n<title>Cr\u00e8me Hydratante + HA Tube 30ml The Ordinary - Prixgro<\/title>\n<meta name=\"robots\" content=\"index, follow, max-snippet:-1, max-image-preview:large, max-video-preview:-1\" \/>\n<link rel=\"canonical\" href=\"https:\/\/prixgro.com\/ar\/product\/creme-hydratante-ha-tube-30ml-the-ordinary\/\" \/>\n<meta property=\"og:locale\" content=\"ar_AR\" \/>\n<meta property=\"og:type\" content=\"article\" \/>\n<meta property=\"og:title\" content=\"Cr\u00e8me Hydratante + HA Tube 30ml The Ordinary - Prixgro\" \/>\n<meta property=\"og:description\" content=\"Type de peau :Tout type de peau m\u00eame S\u00e8che    Contenance :30 ml    Action :Hydrate    Format :Tube    Formulation :Sans parfum et Sans paraben    Soin sp\u00e9cifique :Hydratation\" \/>\n<meta property=\"og:url\" content=\"https:\/\/prixgro.com\/ar\/product\/creme-hydratante-ha-tube-30ml-the-ordinary\/\" \/>\n<meta property=\"og:site_name\" content=\"Prixgro\" \/>\n<meta property=\"article:publisher\" content=\"https:\/\/www.facebook.com\/Pharmacima\" \/>\n<meta property=\"article:modified_time\" content=\"2024-08-08T11:20:01+00:00\" \/>\n<meta property=\"og:image\" content=\"https:\/\/prixgro.com\/wp-content\/uploads\/2023\/09\/233786-the-ordinary-facteurs-naturels-d-hydratation-ha-creme-hydratante-30ml-tube-1000x1000-1-e1622833931332.jpg\" \/>\n\t<meta property=\"og:image:width\" content=\"400\" \/>\n\t<meta property=\"og:image:height\" content=\"400\" \/>\n\t<meta property=\"og:image:type\" content=\"image\/jpeg\" \/>\n<meta name=\"twitter:card\" content=\"summary_large_image\" \/>\n<meta name=\"twitter:label1\" content=\"\u0648\u0642\u062a \u0627\u0644\u0642\u0631\u0627\u0621\u0629 \u0627\u0644\u0645\u064f\u0642\u062f\u0651\u0631\" \/>\n\t<meta name=\"twitter:data1\" content=\"\u062f\u0642\u064a\u0642\u0629 \u0648\u0627\u062d\u062f\u0629\" \/>\n<script type=\"application\/ld+json\" class=\"yoast-schema-graph\">{\"@context\":\"https:\/\/schema.org\",\"@graph\":[{\"@type\":\"WebPage\",\"@id\":\"https:\/\/prixgro.com\/product\/creme-hydratante-ha-tube-30ml-the-ordinary\/\",\"url\":\"https:\/\/prixgro.com\/product\/creme-hydratante-ha-tube-30ml-the-ordinary\/\",\"name\":\"Cr\u00e8me Hydratante + HA Tube 30ml The Ordinary - Prixgro\",\"isPartOf\":{\"@id\":\"https:\/\/prixgro.com\/#website\"},\"primaryImageOfPage\":{\"@id\":\"https:\/\/prixgro.com\/product\/creme-hydratante-ha-tube-30ml-the-ordinary\/#primaryimage\"},\"image\":{\"@id\":\"https:\/\/prixgro.com\/product\/creme-hydratante-ha-tube-30ml-the-ordinary\/#primaryimage\"},\"thumbnailUrl\":\"https:\/\/prixgro.com\/wp-content\/uploads\/2023\/09\/233786-the-ordinary-facteurs-naturels-d-hydratation-ha-creme-hydratante-30ml-tube-1000x1000-1-e1622833931332.jpg\",\"datePublished\":\"2024-04-09T12:28:21+00:00\",\"dateModified\":\"2024-08-08T11:20:01+00:00\",\"breadcrumb\":{\"@id\":\"https:\/\/prixgro.com\/product\/creme-hydratante-ha-tube-30ml-the-ordinary\/#breadcrumb\"},\"inLanguage\":\"ar\",\"potentialAction\":[{\"@type\":\"ReadAction\",\"target\":[\"https:\/\/prixgro.com\/product\/creme-hydratante-ha-tube-30ml-the-ordinary\/\"]}]},{\"@type\":\"ImageObject\",\"inLanguage\":\"ar\",\"@id\":\"https:\/\/prixgro.com\/product\/creme-hydratante-ha-tube-30ml-the-ordinary\/#primaryimage\",\"url\":\"https:\/\/prixgro.com\/wp-content\/uploads\/2023\/09\/233786-the-ordinary-facteurs-naturels-d-hydratation-ha-creme-hydratante-30ml-tube-1000x1000-1-e1622833931332.jpg\",\"contentUrl\":\"https:\/\/prixgro.com\/wp-content\/uploads\/2023\/09\/233786-the-ordinary-facteurs-naturels-d-hydratation-ha-creme-hydratante-30ml-tube-1000x1000-1-e1622833931332.jpg\",\"width\":400,\"height\":400},{\"@type\":\"BreadcrumbList\",\"@id\":\"https:\/\/prixgro.com\/product\/creme-hydratante-ha-tube-30ml-the-ordinary\/#breadcrumb\",\"itemListElement\":[{\"@type\":\"ListItem\",\"position\":1,\"name\":\"Accueil\",\"item\":\"https:\/\/prixgro.com\/\"},{\"@type\":\"ListItem\",\"position\":2,\"name\":\"Boutique en ligne\",\"item\":\"https:\/\/prixgro.com\/shop\/\"},{\"@type\":\"ListItem\",\"position\":3,\"name\":\"Cr\u00e8me Hydratante + HA Tube 30ml The Ordinary\"}]},{\"@type\":\"WebSite\",\"@id\":\"https:\/\/prixgro.com\/#website\",\"url\":\"https:\/\/prixgro.com\/\",\"name\":\"Prixgro.com\",\"description\":\"Para Pharmaceutique et Cosm\u00e9tique\",\"publisher\":{\"@id\":\"https:\/\/prixgro.com\/#organization\"},\"potentialAction\":[{\"@type\":\"SearchAction\",\"target\":{\"@type\":\"EntryPoint\",\"urlTemplate\":\"https:\/\/prixgro.com\/?s={search_term_string}\"},\"query-input\":{\"@type\":\"PropertyValueSpecification\",\"valueRequired\":true,\"valueName\":\"search_term_string\"}}],\"inLanguage\":\"ar\"},{\"@type\":\"Organization\",\"@id\":\"https:\/\/prixgro.com\/#organization\",\"name\":\"Prixgro\",\"url\":\"https:\/\/prixgro.com\/\",\"logo\":{\"@type\":\"ImageObject\",\"inLanguage\":\"ar\",\"@id\":\"https:\/\/prixgro.com\/#\/schema\/logo\/image\/\",\"url\":\"https:\/\/prixgro.com\/wp-content\/uploads\/2024\/08\/cropped-Nouveau-projet-2.png\",\"contentUrl\":\"https:\/\/prixgro.com\/wp-content\/uploads\/2024\/08\/cropped-Nouveau-projet-2.png\",\"width\":265,\"height\":62,\"caption\":\"Prixgro\"},\"image\":{\"@id\":\"https:\/\/prixgro.com\/#\/schema\/logo\/image\/\"},\"sameAs\":[\"https:\/\/www.facebook.com\/Pharmacima\"]}]}<\/script>\n<!-- \/ Yoast SEO plugin. -->","yoast_head_json":{"title":"Cr\u00e8me Hydratante + HA Tube 30ml The Ordinary - Prixgro","robots":{"index":"index","follow":"follow","max-snippet":"max-snippet:-1","max-image-preview":"max-image-preview:large","max-video-preview":"max-video-preview:-1"},"canonical":"https:\/\/prixgro.com\/ar\/product\/creme-hydratante-ha-tube-30ml-the-ordinary\/","og_locale":"ar_AR","og_type":"article","og_title":"Cr\u00e8me Hydratante + HA Tube 30ml The Ordinary - Prixgro","og_description":"Type de peau :Tout type de peau m\u00eame S\u00e8che    Contenance :30 ml    Action :Hydrate    Format :Tube    Formulation :Sans parfum et Sans paraben    Soin sp\u00e9cifique :Hydratation","og_url":"https:\/\/prixgro.com\/ar\/product\/creme-hydratante-ha-tube-30ml-the-ordinary\/","og_site_name":"Prixgro","article_publisher":"https:\/\/www.facebook.com\/Pharmacima","article_modified_time":"2024-08-08T11:20:01+00:00","og_image":[{"width":400,"height":400,"url":"https:\/\/prixgro.com\/wp-content\/uploads\/2023\/09\/233786-the-ordinary-facteurs-naturels-d-hydratation-ha-creme-hydratante-30ml-tube-1000x1000-1-e1622833931332.jpg","type":"image\/jpeg"}],"twitter_card":"summary_large_image","twitter_misc":{"\u0648\u0642\u062a \u0627\u0644\u0642\u0631\u0627\u0621\u0629 \u0627\u0644\u0645\u064f\u0642\u062f\u0651\u0631":"\u062f\u0642\u064a\u0642\u0629 \u0648\u0627\u062d\u062f\u0629"},"schema":{"@context":"https:\/\/schema.org","@graph":[{"@type":"WebPage","@id":"https:\/\/prixgro.com\/product\/creme-hydratante-ha-tube-30ml-the-ordinary\/","url":"https:\/\/prixgro.com\/product\/creme-hydratante-ha-tube-30ml-the-ordinary\/","name":"Cr\u00e8me Hydratante + HA Tube 30ml The Ordinary - Prixgro","isPartOf":{"@id":"https:\/\/prixgro.com\/#website"},"primaryImageOfPage":{"@id":"https:\/\/prixgro.com\/product\/creme-hydratante-ha-tube-30ml-the-ordinary\/#primaryimage"},"image":{"@id":"https:\/\/prixgro.com\/product\/creme-hydratante-ha-tube-30ml-the-ordinary\/#primaryimage"},"thumbnailUrl":"https:\/\/prixgro.com\/wp-content\/uploads\/2023\/09\/233786-the-ordinary-facteurs-naturels-d-hydratation-ha-creme-hydratante-30ml-tube-1000x1000-1-e1622833931332.jpg","datePublished":"2024-04-09T12:28:21+00:00","dateModified":"2024-08-08T11:20:01+00:00","breadcrumb":{"@id":"https:\/\/prixgro.com\/product\/creme-hydratante-ha-tube-30ml-the-ordinary\/#breadcrumb"},"inLanguage":"ar","potentialAction":[{"@type":"ReadAction","target":["https:\/\/prixgro.com\/product\/creme-hydratante-ha-tube-30ml-the-ordinary\/"]}]},{"@type":"ImageObject","inLanguage":"ar","@id":"https:\/\/prixgro.com\/product\/creme-hydratante-ha-tube-30ml-the-ordinary\/#primaryimage","url":"https:\/\/prixgro.com\/wp-content\/uploads\/2023\/09\/233786-the-ordinary-facteurs-naturels-d-hydratation-ha-creme-hydratante-30ml-tube-1000x1000-1-e1622833931332.jpg","contentUrl":"https:\/\/prixgro.com\/wp-content\/uploads\/2023\/09\/233786-the-ordinary-facteurs-naturels-d-hydratation-ha-creme-hydratante-30ml-tube-1000x1000-1-e1622833931332.jpg","width":400,"height":400},{"@type":"BreadcrumbList","@id":"https:\/\/prixgro.com\/product\/creme-hydratante-ha-tube-30ml-the-ordinary\/#breadcrumb","itemListElement":[{"@type":"ListItem","position":1,"name":"Accueil","item":"https:\/\/prixgro.com\/"},{"@type":"ListItem","position":2,"name":"Boutique en ligne","item":"https:\/\/prixgro.com\/shop\/"},{"@type":"ListItem","position":3,"name":"Cr\u00e8me Hydratante + HA Tube 30ml The Ordinary"}]},{"@type":"WebSite","@id":"https:\/\/prixgro.com\/#website","url":"https:\/\/prixgro.com\/","name":"Prixgro.com","description":"Para Pharmaceutique et Cosm\u00e9tique","publisher":{"@id":"https:\/\/prixgro.com\/#organization"},"potentialAction":[{"@type":"SearchAction","target":{"@type":"EntryPoint","urlTemplate":"https:\/\/prixgro.com\/?s={search_term_string}"},"query-input":{"@type":"PropertyValueSpecification","valueRequired":true,"valueName":"search_term_string"}}],"inLanguage":"ar"},{"@type":"Organization","@id":"https:\/\/prixgro.com\/#organization","name":"Prixgro","url":"https:\/\/prixgro.com\/","logo":{"@type":"ImageObject","inLanguage":"ar","@id":"https:\/\/prixgro.com\/#\/schema\/logo\/image\/","url":"https:\/\/prixgro.com\/wp-content\/uploads\/2024\/08\/cropped-Nouveau-projet-2.png","contentUrl":"https:\/\/prixgro.com\/wp-content\/uploads\/2024\/08\/cropped-Nouveau-projet-2.png","width":265,"height":62,"caption":"Prixgro"},"image":{"@id":"https:\/\/prixgro.com\/#\/schema\/logo\/image\/"},"sameAs":["https:\/\/www.facebook.com\/Pharmacima"]}]}},"_links":{"self":[{"href":"https:\/\/prixgro.com\/ar\/wp-json\/wp\/v2\/product\/141702","targetHints":{"allow":["GET"]}}],"collection":[{"href":"https:\/\/prixgro.com\/ar\/wp-json\/wp\/v2\/product"}],"about":[{"href":"https:\/\/prixgro.com\/ar\/wp-json\/wp\/v2\/types\/product"}],"replies":[{"embeddable":true,"href":"https:\/\/prixgro.com\/ar\/wp-json\/wp\/v2\/comments?post=141702"}],"wp:featuredmedia":[{"embeddable":true,"href":"https:\/\/prixgro.com\/ar\/wp-json\/wp\/v2\/media\/2075"}],"wp:attachment":[{"href":"https:\/\/prixgro.com\/ar\/wp-json\/wp\/v2\/media?parent=141702"}],"wp:term":[{"taxonomy":"product_cat","embeddable":true,"href":"https:\/\/prixgro.com\/ar\/wp-json\/wp\/v2\/product_cat?post=141702"},{"taxonomy":"product_tag","embeddable":true,"href":"https:\/\/prixgro.com\/ar\/wp-json\/wp\/v2\/product_tag?post=141702"},{"taxonomy":"berocket_brand","embeddable":true,"href":"https:\/\/prixgro.com\/ar\/wp-json\/wp\/v2\/berocket_brand?post=141702"}],"curies":[{"name":"wp","href":"https:\/\/api.w.org\/{rel}","templated":true}]}}