{"id":141732,"date":"2024-04-09T14:28:33","date_gmt":"2024-04-09T12:28:33","guid":{"rendered":"https:\/\/cloodmanager.net\/?post_type=product&#038;p=141732"},"modified":"2024-04-09T14:28:37","modified_gmt":"2024-04-09T12:28:37","slug":"cleanance-expert-emulsion-40-ml-avene","status":"publish","type":"product","link":"https:\/\/prixgro.com\/ar\/product\/cleanance-expert-emulsion-40-ml-avene\/","title":{"rendered":"Cleanance &#8211; Expert \u00e9mulsion &#8211; 40 ml-AV\u00c8NE"},"content":{"rendered":"<h3><strong>Description:\u00a0<\/strong><\/h3>\n<p>Cleanance Expert est formul\u00e9 \u00e0 base d\u2019actifs de source naturelle d\u00e9nomm\u00e9s x-pressin. Ces \u00e9l\u00e9ments contribuent efficacement \u00e0 l\u2019\u00e9limination de toutes traces d\u2019imperfections li\u00e9es \u00e0 une d\u00e9g\u00e9n\u00e9rescence cellulaire, notamment les points noirs et les boutons. Cette cr\u00e8me concoct\u00e9e par les laboratoires AVENE poss\u00e8de une texture non grasse et l\u00e9g\u00e8re. Contenant de l\u2019eau thermale d\u2019Av\u00e8ne, le produit procure une sensation de fra\u00eecheur et de confort apr\u00e8s application.<\/p>\n<p>C\u2019est un soin adapt\u00e9 \u00e0 tous les types de peaux, notamment gras et sensibles. Pouvant \u00eatre utilis\u00e9e par les personnes de tout \u00e2ge, cette cr\u00e8me convient sp\u00e9cialement aux jeunes pour traiter les cas d\u2019acn\u00e9 et pour servir de traitement de pr\u00e9vention.<\/p>\n<hr>\n<p><span style=\"color: #ff6600\" data-mce-style=\"color: #ff6600;\"><strong>Conseils d\u2019utilisation :\u00a0<\/strong><\/span><\/p>\n<p>Appliquer cette \u00e9mulsion AVENE directement sur les boutons et les points noirs une \u00e0 deux fois par jour, le matin et le soir. Pour une action pr\u00e9ventive, l\u2019\u00e9taler sur une zone souvent sujette aux imperfections cutan\u00e9es. Bien nettoyer et s\u00e9cher la peau avant l\u2019application.<\/p>\n<p>Cleanance Expert AVENE peut \u00eatre utilis\u00e9e en compl\u00e9ment d\u2019un traitement de l\u2019\u00e9piderme \u00e0 base de m\u00e9dicaments.<\/p>\n<hr>\n<h3><span style=\"color: #33cccc\" data-mce-style=\"color: #33cccc;\"><strong>Compostions:\u00a0<\/strong><\/span><\/h3>\n<p><em>Avene Thermal Spring Water (Avene Aqua), Isohexadecane, Propylene Glycol Dicaprylate\/Dicaprate, Cetearyl Alcohol, Butylene Glycol, Dimethicone, Polymethyl Methacrylate, Glycerin, 1.2-Hexanediol, Algin, Butyrospermum Parkii (Shea) Butter (Butyrospermum Parkii Butter), Caprylyl Glycol Linseedate, Carbomer, Cetearyl Glucoside.<\/em><\/p>\n<p><em>La liste des ingr\u00e9dients peut \u00eatre soumise \u00e0 des variations, nous vous conseillons de toujours v\u00e9rifier la liste figurant sur le produit achet\u00e9.<\/em><\/p>","protected":false},"excerpt":{"rendered":"<p>La cr\u00e8me Cleanance Expert d\u2019Av\u00e8ne am\u00e9liore le syst\u00e8me d\u2019hydratation de l\u2019\u00e9piderme et ravive la peau.<\/p>\n<p><span class=\"text--smaller\">40 ml.<\/span><\/p>","protected":false},"featured_media":2200,"comment_status":"open","ping_status":"closed","template":"","meta":[],"product_cat":[17,36],"product_tag":[45],"berocket_brand":[],"class_list":{"0":"post-141732","1":"product","2":"type-product","3":"status-publish","4":"has-post-thumbnail","6":"product_cat-soin-et-bien-etre","7":"product_cat-visage-soin-et-bien-etre","8":"product_tag-peaux-sensibles","10":"first","11":"outofstock","12":"shipping-taxable","13":"purchasable","14":"product-type-simple"},"yoast_head":"<!-- This site is optimized with the Yoast SEO plugin v24.8 - https:\/\/yoast.com\/wordpress\/plugins\/seo\/ -->\n<title>Cleanance - Expert \u00e9mulsion - 40 ml-AV\u00c8NE - Prixgro<\/title>\n<meta name=\"robots\" content=\"index, follow, max-snippet:-1, max-image-preview:large, max-video-preview:-1\" \/>\n<link rel=\"canonical\" href=\"https:\/\/prixgro.com\/ar\/product\/cleanance-expert-emulsion-40-ml-avene\/\" \/>\n<meta property=\"og:locale\" content=\"ar_AR\" \/>\n<meta property=\"og:type\" content=\"article\" \/>\n<meta property=\"og:title\" content=\"Cleanance - Expert \u00e9mulsion - 40 ml-AV\u00c8NE - Prixgro\" \/>\n<meta property=\"og:description\" content=\"La cr\u00e8me Cleanance Expert d\u2019Av\u00e8ne am\u00e9liore le syst\u00e8me d\u2019hydratation de l\u2019\u00e9piderme et ravive la peau.40 ml.\" \/>\n<meta property=\"og:url\" content=\"https:\/\/prixgro.com\/ar\/product\/cleanance-expert-emulsion-40-ml-avene\/\" \/>\n<meta property=\"og:site_name\" content=\"Prixgro\" \/>\n<meta property=\"article:publisher\" content=\"https:\/\/www.facebook.com\/Pharmacima\" \/>\n<meta property=\"article:modified_time\" content=\"2024-04-09T12:28:37+00:00\" \/>\n<meta property=\"og:image\" content=\"https:\/\/prixgro.com\/wp-content\/uploads\/2023\/09\/default-2.jpg\" \/>\n\t<meta property=\"og:image:width\" content=\"450\" \/>\n\t<meta property=\"og:image:height\" content=\"450\" \/>\n\t<meta property=\"og:image:type\" content=\"image\/jpeg\" \/>\n<meta name=\"twitter:card\" content=\"summary_large_image\" \/>\n<meta name=\"twitter:label1\" content=\"\u0648\u0642\u062a \u0627\u0644\u0642\u0631\u0627\u0621\u0629 \u0627\u0644\u0645\u064f\u0642\u062f\u0651\u0631\" \/>\n\t<meta name=\"twitter:data1\" content=\"\u062f\u0642\u064a\u0642\u0629 \u0648\u0627\u062d\u062f\u0629\" \/>\n<script type=\"application\/ld+json\" class=\"yoast-schema-graph\">{\"@context\":\"https:\/\/schema.org\",\"@graph\":[{\"@type\":\"WebPage\",\"@id\":\"https:\/\/prixgro.com\/product\/cleanance-expert-emulsion-40-ml-avene\/\",\"url\":\"https:\/\/prixgro.com\/product\/cleanance-expert-emulsion-40-ml-avene\/\",\"name\":\"Cleanance - Expert \u00e9mulsion - 40 ml-AV\u00c8NE - Prixgro\",\"isPartOf\":{\"@id\":\"https:\/\/prixgro.com\/#website\"},\"primaryImageOfPage\":{\"@id\":\"https:\/\/prixgro.com\/product\/cleanance-expert-emulsion-40-ml-avene\/#primaryimage\"},\"image\":{\"@id\":\"https:\/\/prixgro.com\/product\/cleanance-expert-emulsion-40-ml-avene\/#primaryimage\"},\"thumbnailUrl\":\"https:\/\/prixgro.com\/wp-content\/uploads\/2023\/09\/default-2.jpg\",\"datePublished\":\"2024-04-09T12:28:33+00:00\",\"dateModified\":\"2024-04-09T12:28:37+00:00\",\"breadcrumb\":{\"@id\":\"https:\/\/prixgro.com\/product\/cleanance-expert-emulsion-40-ml-avene\/#breadcrumb\"},\"inLanguage\":\"ar\",\"potentialAction\":[{\"@type\":\"ReadAction\",\"target\":[\"https:\/\/prixgro.com\/product\/cleanance-expert-emulsion-40-ml-avene\/\"]}]},{\"@type\":\"ImageObject\",\"inLanguage\":\"ar\",\"@id\":\"https:\/\/prixgro.com\/product\/cleanance-expert-emulsion-40-ml-avene\/#primaryimage\",\"url\":\"https:\/\/prixgro.com\/wp-content\/uploads\/2023\/09\/default-2.jpg\",\"contentUrl\":\"https:\/\/prixgro.com\/wp-content\/uploads\/2023\/09\/default-2.jpg\",\"width\":450,\"height\":450},{\"@type\":\"BreadcrumbList\",\"@id\":\"https:\/\/prixgro.com\/product\/cleanance-expert-emulsion-40-ml-avene\/#breadcrumb\",\"itemListElement\":[{\"@type\":\"ListItem\",\"position\":1,\"name\":\"Accueil\",\"item\":\"https:\/\/prixgro.com\/\"},{\"@type\":\"ListItem\",\"position\":2,\"name\":\"Boutique en ligne\",\"item\":\"https:\/\/prixgro.com\/shop\/\"},{\"@type\":\"ListItem\",\"position\":3,\"name\":\"Cleanance &#8211; Expert \u00e9mulsion &#8211; 40 ml-AV\u00c8NE\"}]},{\"@type\":\"WebSite\",\"@id\":\"https:\/\/prixgro.com\/#website\",\"url\":\"https:\/\/prixgro.com\/\",\"name\":\"Prixgro.com\",\"description\":\"Para Pharmaceutique et Cosm\u00e9tique\",\"publisher\":{\"@id\":\"https:\/\/prixgro.com\/#organization\"},\"potentialAction\":[{\"@type\":\"SearchAction\",\"target\":{\"@type\":\"EntryPoint\",\"urlTemplate\":\"https:\/\/prixgro.com\/?s={search_term_string}\"},\"query-input\":{\"@type\":\"PropertyValueSpecification\",\"valueRequired\":true,\"valueName\":\"search_term_string\"}}],\"inLanguage\":\"ar\"},{\"@type\":\"Organization\",\"@id\":\"https:\/\/prixgro.com\/#organization\",\"name\":\"Prixgro\",\"url\":\"https:\/\/prixgro.com\/\",\"logo\":{\"@type\":\"ImageObject\",\"inLanguage\":\"ar\",\"@id\":\"https:\/\/prixgro.com\/#\/schema\/logo\/image\/\",\"url\":\"https:\/\/prixgro.com\/wp-content\/uploads\/2024\/08\/cropped-Nouveau-projet-2.png\",\"contentUrl\":\"https:\/\/prixgro.com\/wp-content\/uploads\/2024\/08\/cropped-Nouveau-projet-2.png\",\"width\":265,\"height\":62,\"caption\":\"Prixgro\"},\"image\":{\"@id\":\"https:\/\/prixgro.com\/#\/schema\/logo\/image\/\"},\"sameAs\":[\"https:\/\/www.facebook.com\/Pharmacima\"]}]}<\/script>\n<!-- \/ Yoast SEO plugin. -->","yoast_head_json":{"title":"Cleanance - Expert \u00e9mulsion - 40 ml-AV\u00c8NE - Prixgro","robots":{"index":"index","follow":"follow","max-snippet":"max-snippet:-1","max-image-preview":"max-image-preview:large","max-video-preview":"max-video-preview:-1"},"canonical":"https:\/\/prixgro.com\/ar\/product\/cleanance-expert-emulsion-40-ml-avene\/","og_locale":"ar_AR","og_type":"article","og_title":"Cleanance - Expert \u00e9mulsion - 40 ml-AV\u00c8NE - Prixgro","og_description":"La cr\u00e8me Cleanance Expert d\u2019Av\u00e8ne am\u00e9liore le syst\u00e8me d\u2019hydratation de l\u2019\u00e9piderme et ravive la peau.40 ml.","og_url":"https:\/\/prixgro.com\/ar\/product\/cleanance-expert-emulsion-40-ml-avene\/","og_site_name":"Prixgro","article_publisher":"https:\/\/www.facebook.com\/Pharmacima","article_modified_time":"2024-04-09T12:28:37+00:00","og_image":[{"width":450,"height":450,"url":"https:\/\/prixgro.com\/wp-content\/uploads\/2023\/09\/default-2.jpg","type":"image\/jpeg"}],"twitter_card":"summary_large_image","twitter_misc":{"\u0648\u0642\u062a \u0627\u0644\u0642\u0631\u0627\u0621\u0629 \u0627\u0644\u0645\u064f\u0642\u062f\u0651\u0631":"\u062f\u0642\u064a\u0642\u0629 \u0648\u0627\u062d\u062f\u0629"},"schema":{"@context":"https:\/\/schema.org","@graph":[{"@type":"WebPage","@id":"https:\/\/prixgro.com\/product\/cleanance-expert-emulsion-40-ml-avene\/","url":"https:\/\/prixgro.com\/product\/cleanance-expert-emulsion-40-ml-avene\/","name":"Cleanance - Expert \u00e9mulsion - 40 ml-AV\u00c8NE - Prixgro","isPartOf":{"@id":"https:\/\/prixgro.com\/#website"},"primaryImageOfPage":{"@id":"https:\/\/prixgro.com\/product\/cleanance-expert-emulsion-40-ml-avene\/#primaryimage"},"image":{"@id":"https:\/\/prixgro.com\/product\/cleanance-expert-emulsion-40-ml-avene\/#primaryimage"},"thumbnailUrl":"https:\/\/prixgro.com\/wp-content\/uploads\/2023\/09\/default-2.jpg","datePublished":"2024-04-09T12:28:33+00:00","dateModified":"2024-04-09T12:28:37+00:00","breadcrumb":{"@id":"https:\/\/prixgro.com\/product\/cleanance-expert-emulsion-40-ml-avene\/#breadcrumb"},"inLanguage":"ar","potentialAction":[{"@type":"ReadAction","target":["https:\/\/prixgro.com\/product\/cleanance-expert-emulsion-40-ml-avene\/"]}]},{"@type":"ImageObject","inLanguage":"ar","@id":"https:\/\/prixgro.com\/product\/cleanance-expert-emulsion-40-ml-avene\/#primaryimage","url":"https:\/\/prixgro.com\/wp-content\/uploads\/2023\/09\/default-2.jpg","contentUrl":"https:\/\/prixgro.com\/wp-content\/uploads\/2023\/09\/default-2.jpg","width":450,"height":450},{"@type":"BreadcrumbList","@id":"https:\/\/prixgro.com\/product\/cleanance-expert-emulsion-40-ml-avene\/#breadcrumb","itemListElement":[{"@type":"ListItem","position":1,"name":"Accueil","item":"https:\/\/prixgro.com\/"},{"@type":"ListItem","position":2,"name":"Boutique en ligne","item":"https:\/\/prixgro.com\/shop\/"},{"@type":"ListItem","position":3,"name":"Cleanance &#8211; Expert \u00e9mulsion &#8211; 40 ml-AV\u00c8NE"}]},{"@type":"WebSite","@id":"https:\/\/prixgro.com\/#website","url":"https:\/\/prixgro.com\/","name":"Prixgro.com","description":"Para Pharmaceutique et Cosm\u00e9tique","publisher":{"@id":"https:\/\/prixgro.com\/#organization"},"potentialAction":[{"@type":"SearchAction","target":{"@type":"EntryPoint","urlTemplate":"https:\/\/prixgro.com\/?s={search_term_string}"},"query-input":{"@type":"PropertyValueSpecification","valueRequired":true,"valueName":"search_term_string"}}],"inLanguage":"ar"},{"@type":"Organization","@id":"https:\/\/prixgro.com\/#organization","name":"Prixgro","url":"https:\/\/prixgro.com\/","logo":{"@type":"ImageObject","inLanguage":"ar","@id":"https:\/\/prixgro.com\/#\/schema\/logo\/image\/","url":"https:\/\/prixgro.com\/wp-content\/uploads\/2024\/08\/cropped-Nouveau-projet-2.png","contentUrl":"https:\/\/prixgro.com\/wp-content\/uploads\/2024\/08\/cropped-Nouveau-projet-2.png","width":265,"height":62,"caption":"Prixgro"},"image":{"@id":"https:\/\/prixgro.com\/#\/schema\/logo\/image\/"},"sameAs":["https:\/\/www.facebook.com\/Pharmacima"]}]}},"_links":{"self":[{"href":"https:\/\/prixgro.com\/ar\/wp-json\/wp\/v2\/product\/141732","targetHints":{"allow":["GET"]}}],"collection":[{"href":"https:\/\/prixgro.com\/ar\/wp-json\/wp\/v2\/product"}],"about":[{"href":"https:\/\/prixgro.com\/ar\/wp-json\/wp\/v2\/types\/product"}],"replies":[{"embeddable":true,"href":"https:\/\/prixgro.com\/ar\/wp-json\/wp\/v2\/comments?post=141732"}],"wp:featuredmedia":[{"embeddable":true,"href":"https:\/\/prixgro.com\/ar\/wp-json\/wp\/v2\/media\/2200"}],"wp:attachment":[{"href":"https:\/\/prixgro.com\/ar\/wp-json\/wp\/v2\/media?parent=141732"}],"wp:term":[{"taxonomy":"product_cat","embeddable":true,"href":"https:\/\/prixgro.com\/ar\/wp-json\/wp\/v2\/product_cat?post=141732"},{"taxonomy":"product_tag","embeddable":true,"href":"https:\/\/prixgro.com\/ar\/wp-json\/wp\/v2\/product_tag?post=141732"},{"taxonomy":"berocket_brand","embeddable":true,"href":"https:\/\/prixgro.com\/ar\/wp-json\/wp\/v2\/berocket_brand?post=141732"}],"curies":[{"name":"wp","href":"https:\/\/api.w.org\/{rel}","templated":true}]}}