{"id":141737,"date":"2024-04-09T14:28:33","date_gmt":"2024-04-09T12:28:33","guid":{"rendered":"https:\/\/cloodmanager.net\/?post_type=product&#038;p=141737"},"modified":"2024-04-09T14:28:39","modified_gmt":"2024-04-09T12:28:39","slug":"mousse-nettoyante150-ml-avene","status":"publish","type":"product","link":"https:\/\/prixgro.com\/ar\/product\/mousse-nettoyante150-ml-avene\/","title":{"rendered":"Mousse nettoyante150 ml-Av\u00e9ne"},"content":{"rendered":"<h3><strong>Description:\u00a0<\/strong><\/h3>\n<div class=\"toggle-content\">\n<div class=\"toggle-content-caption\">SA BASE LAVANTE DOUCE\u00a0sans savon resserre les pores.<br \/>L\u2019ACIDE GLUTAMIQUE\u00a0r\u00e9\u00e9quilibre la production de s\u00e9bum<br \/>RICHE EN EAU THERMALE D\u2019AV\u00c8NE, elle en restitue les propri\u00e9t\u00e9s apaisantes et anti-irritantes. Au fil des jours, l&#8217;\u00e9quilibre cutan\u00e9 est r\u00e9tabli. La peau retrouve toute sa nettet\u00e9 et son \u00e9clat.<\/div>\n<\/div>\n<div>La Mousse nettoyante s&#8217;adresse aux peaux normales \u00e0 mixtes qui cherchent \u00e0 lutter contre les brillances principalement localis\u00e9es au niveau du front, du nez, et du menton, avec un produit rinc\u00e9 \u00e0 l&#8217;eau et non agressif. Sans paraben et sans savon.<\/div>\n<div><\/div>\n<hr>\n<h3><span style=\"color: #ff6600\" data-mce-style=\"color: #ff6600;\"><strong>Conseils d\u2019utilisation:\u00a0<\/strong><\/span><\/h3>\n<p>Appliquer le produit sur le visage (mouill\u00e9 ou non). Masser du bout des doigts en insistant sur la zone m\u00e9diane (front, nez, menton) puis rincer abondamment. S\u00e9cher et parfaire votre d\u00e9maquillage en pulv\u00e9risant une fine brume d&#8217;Eau Thermale Av\u00e8ne.<\/p>\n<hr>\n<h3><strong><span style=\"color: #008080\" data-mce-style=\"color: #008080;\">Composition:\u00a0<\/span><\/strong><\/h3>\n<div class=\"toggle-content\">\n<div class=\"toggle-content-caption\">\n<ul>AVENE THERMAL SPRING WATER (AVENE AQUA). WATER (AQUA). SODIUM COCOAMPHOACETATE. DISODIUM COCOYL GLUTAMATE. SODIUM CHLORIDE. CITRIC ACID. DISODIUM EDTA. FRAGRANCE (PARFUM). GLUTAMIC ACID. LACTIC ACID. PROPYLENE GLYCOL. SODIUM BENZOATE.<\/ul>\n<\/div>\n<\/div>","protected":false},"excerpt":{"rendered":"<h3 class=\"product-title\" data-gtm-vis-first-on-screen-544370_367=\"1656\" data-gtm-vis-recent-on-screen-544370_367=\"998672\" data-gtm-vis-total-visible-time-544370_367=\"100\" data-gtm-vis-has-fired-544370_367=\"1\"><strong><span style=\"color: #ff6600\" data-mce-style=\"color: #ff6600;\">MA<\/span><span style=\"color: #ff6600\" data-mce-style=\"color: #ff6600;\">TIFIANTE<\/span><span style=\"color: #ff6600\" data-mce-style=\"color: #ff6600;\">.<\/span><\/strong><\/h3>\n<p>Foamer &#8211; 150 ml.<\/p>\n<p>Nettoie et d\u00e9maquille en douceur visage, yeux et l\u00e8vres en \u00e9liminant les impuret\u00e9s et exc\u00e8s de s\u00e9bum.<\/p>","protected":false},"featured_media":2206,"comment_status":"open","ping_status":"closed","template":"","meta":[],"product_cat":[37,17,36,68],"product_tag":[481],"berocket_brand":[],"class_list":{"0":"post-141737","1":"product","2":"type-product","3":"status-publish","4":"has-post-thumbnail","6":"product_cat-levres","7":"product_cat-soin-et-bien-etre","8":"product_cat-visage-soin-et-bien-etre","9":"product_cat-yeux","10":"product_tag-peaux-mixte-2","12":"first","13":"outofstock","14":"shipping-taxable","15":"purchasable","16":"product-type-simple"},"yoast_head":"<!-- This site is optimized with the Yoast SEO plugin v24.8 - https:\/\/yoast.com\/wordpress\/plugins\/seo\/ -->\n<title>Mousse nettoyante150 ml-Av\u00e9ne - Prixgro<\/title>\n<meta name=\"robots\" content=\"index, follow, max-snippet:-1, max-image-preview:large, max-video-preview:-1\" \/>\n<link rel=\"canonical\" href=\"https:\/\/prixgro.com\/ar\/product\/mousse-nettoyante150-ml-avene\/\" \/>\n<meta property=\"og:locale\" content=\"ar_AR\" \/>\n<meta property=\"og:type\" content=\"article\" \/>\n<meta property=\"og:title\" content=\"Mousse nettoyante150 ml-Av\u00e9ne - Prixgro\" \/>\n<meta property=\"og:description\" content=\"MATIFIANTE.Foamer - 150 ml.Nettoie et d\u00e9maquille en douceur visage, yeux et l\u00e8vres en \u00e9liminant les impuret\u00e9s et exc\u00e8s de s\u00e9bum.\" \/>\n<meta property=\"og:url\" content=\"https:\/\/prixgro.com\/ar\/product\/mousse-nettoyante150-ml-avene\/\" \/>\n<meta property=\"og:site_name\" content=\"Prixgro\" \/>\n<meta property=\"article:publisher\" content=\"https:\/\/www.facebook.com\/Pharmacima\" \/>\n<meta property=\"article:modified_time\" content=\"2024-04-09T12:28:39+00:00\" \/>\n<meta property=\"og:image\" content=\"https:\/\/prixgro.com\/wp-content\/uploads\/2023\/09\/soins-essentiels-mousse-150ml_0.png\" \/>\n\t<meta property=\"og:image:width\" content=\"380\" \/>\n\t<meta property=\"og:image:height\" content=\"460\" \/>\n\t<meta property=\"og:image:type\" content=\"image\/png\" \/>\n<meta name=\"twitter:card\" content=\"summary_large_image\" \/>\n<meta name=\"twitter:label1\" content=\"\u0648\u0642\u062a \u0627\u0644\u0642\u0631\u0627\u0621\u0629 \u0627\u0644\u0645\u064f\u0642\u062f\u0651\u0631\" \/>\n\t<meta name=\"twitter:data1\" content=\"\u062f\u0642\u064a\u0642\u0629 \u0648\u0627\u062d\u062f\u0629\" \/>\n<script type=\"application\/ld+json\" class=\"yoast-schema-graph\">{\"@context\":\"https:\/\/schema.org\",\"@graph\":[{\"@type\":\"WebPage\",\"@id\":\"https:\/\/prixgro.com\/product\/mousse-nettoyante150-ml-avene\/\",\"url\":\"https:\/\/prixgro.com\/product\/mousse-nettoyante150-ml-avene\/\",\"name\":\"Mousse nettoyante150 ml-Av\u00e9ne - Prixgro\",\"isPartOf\":{\"@id\":\"https:\/\/prixgro.com\/#website\"},\"primaryImageOfPage\":{\"@id\":\"https:\/\/prixgro.com\/product\/mousse-nettoyante150-ml-avene\/#primaryimage\"},\"image\":{\"@id\":\"https:\/\/prixgro.com\/product\/mousse-nettoyante150-ml-avene\/#primaryimage\"},\"thumbnailUrl\":\"https:\/\/prixgro.com\/wp-content\/uploads\/2023\/09\/soins-essentiels-mousse-150ml_0.png\",\"datePublished\":\"2024-04-09T12:28:33+00:00\",\"dateModified\":\"2024-04-09T12:28:39+00:00\",\"breadcrumb\":{\"@id\":\"https:\/\/prixgro.com\/product\/mousse-nettoyante150-ml-avene\/#breadcrumb\"},\"inLanguage\":\"ar\",\"potentialAction\":[{\"@type\":\"ReadAction\",\"target\":[\"https:\/\/prixgro.com\/product\/mousse-nettoyante150-ml-avene\/\"]}]},{\"@type\":\"ImageObject\",\"inLanguage\":\"ar\",\"@id\":\"https:\/\/prixgro.com\/product\/mousse-nettoyante150-ml-avene\/#primaryimage\",\"url\":\"https:\/\/prixgro.com\/wp-content\/uploads\/2023\/09\/soins-essentiels-mousse-150ml_0.png\",\"contentUrl\":\"https:\/\/prixgro.com\/wp-content\/uploads\/2023\/09\/soins-essentiels-mousse-150ml_0.png\",\"width\":380,\"height\":460},{\"@type\":\"BreadcrumbList\",\"@id\":\"https:\/\/prixgro.com\/product\/mousse-nettoyante150-ml-avene\/#breadcrumb\",\"itemListElement\":[{\"@type\":\"ListItem\",\"position\":1,\"name\":\"Accueil\",\"item\":\"https:\/\/prixgro.com\/\"},{\"@type\":\"ListItem\",\"position\":2,\"name\":\"Boutique en ligne\",\"item\":\"https:\/\/prixgro.com\/shop\/\"},{\"@type\":\"ListItem\",\"position\":3,\"name\":\"Mousse nettoyante150 ml-Av\u00e9ne\"}]},{\"@type\":\"WebSite\",\"@id\":\"https:\/\/prixgro.com\/#website\",\"url\":\"https:\/\/prixgro.com\/\",\"name\":\"Prixgro.com\",\"description\":\"Para Pharmaceutique et Cosm\u00e9tique\",\"publisher\":{\"@id\":\"https:\/\/prixgro.com\/#organization\"},\"potentialAction\":[{\"@type\":\"SearchAction\",\"target\":{\"@type\":\"EntryPoint\",\"urlTemplate\":\"https:\/\/prixgro.com\/?s={search_term_string}\"},\"query-input\":{\"@type\":\"PropertyValueSpecification\",\"valueRequired\":true,\"valueName\":\"search_term_string\"}}],\"inLanguage\":\"ar\"},{\"@type\":\"Organization\",\"@id\":\"https:\/\/prixgro.com\/#organization\",\"name\":\"Prixgro\",\"url\":\"https:\/\/prixgro.com\/\",\"logo\":{\"@type\":\"ImageObject\",\"inLanguage\":\"ar\",\"@id\":\"https:\/\/prixgro.com\/#\/schema\/logo\/image\/\",\"url\":\"https:\/\/prixgro.com\/wp-content\/uploads\/2024\/08\/cropped-Nouveau-projet-2.png\",\"contentUrl\":\"https:\/\/prixgro.com\/wp-content\/uploads\/2024\/08\/cropped-Nouveau-projet-2.png\",\"width\":265,\"height\":62,\"caption\":\"Prixgro\"},\"image\":{\"@id\":\"https:\/\/prixgro.com\/#\/schema\/logo\/image\/\"},\"sameAs\":[\"https:\/\/www.facebook.com\/Pharmacima\"]}]}<\/script>\n<!-- \/ Yoast SEO plugin. -->","yoast_head_json":{"title":"Mousse nettoyante150 ml-Av\u00e9ne - Prixgro","robots":{"index":"index","follow":"follow","max-snippet":"max-snippet:-1","max-image-preview":"max-image-preview:large","max-video-preview":"max-video-preview:-1"},"canonical":"https:\/\/prixgro.com\/ar\/product\/mousse-nettoyante150-ml-avene\/","og_locale":"ar_AR","og_type":"article","og_title":"Mousse nettoyante150 ml-Av\u00e9ne - Prixgro","og_description":"MATIFIANTE.Foamer - 150 ml.Nettoie et d\u00e9maquille en douceur visage, yeux et l\u00e8vres en \u00e9liminant les impuret\u00e9s et exc\u00e8s de s\u00e9bum.","og_url":"https:\/\/prixgro.com\/ar\/product\/mousse-nettoyante150-ml-avene\/","og_site_name":"Prixgro","article_publisher":"https:\/\/www.facebook.com\/Pharmacima","article_modified_time":"2024-04-09T12:28:39+00:00","og_image":[{"width":380,"height":460,"url":"https:\/\/prixgro.com\/wp-content\/uploads\/2023\/09\/soins-essentiels-mousse-150ml_0.png","type":"image\/png"}],"twitter_card":"summary_large_image","twitter_misc":{"\u0648\u0642\u062a \u0627\u0644\u0642\u0631\u0627\u0621\u0629 \u0627\u0644\u0645\u064f\u0642\u062f\u0651\u0631":"\u062f\u0642\u064a\u0642\u0629 \u0648\u0627\u062d\u062f\u0629"},"schema":{"@context":"https:\/\/schema.org","@graph":[{"@type":"WebPage","@id":"https:\/\/prixgro.com\/product\/mousse-nettoyante150-ml-avene\/","url":"https:\/\/prixgro.com\/product\/mousse-nettoyante150-ml-avene\/","name":"Mousse nettoyante150 ml-Av\u00e9ne - Prixgro","isPartOf":{"@id":"https:\/\/prixgro.com\/#website"},"primaryImageOfPage":{"@id":"https:\/\/prixgro.com\/product\/mousse-nettoyante150-ml-avene\/#primaryimage"},"image":{"@id":"https:\/\/prixgro.com\/product\/mousse-nettoyante150-ml-avene\/#primaryimage"},"thumbnailUrl":"https:\/\/prixgro.com\/wp-content\/uploads\/2023\/09\/soins-essentiels-mousse-150ml_0.png","datePublished":"2024-04-09T12:28:33+00:00","dateModified":"2024-04-09T12:28:39+00:00","breadcrumb":{"@id":"https:\/\/prixgro.com\/product\/mousse-nettoyante150-ml-avene\/#breadcrumb"},"inLanguage":"ar","potentialAction":[{"@type":"ReadAction","target":["https:\/\/prixgro.com\/product\/mousse-nettoyante150-ml-avene\/"]}]},{"@type":"ImageObject","inLanguage":"ar","@id":"https:\/\/prixgro.com\/product\/mousse-nettoyante150-ml-avene\/#primaryimage","url":"https:\/\/prixgro.com\/wp-content\/uploads\/2023\/09\/soins-essentiels-mousse-150ml_0.png","contentUrl":"https:\/\/prixgro.com\/wp-content\/uploads\/2023\/09\/soins-essentiels-mousse-150ml_0.png","width":380,"height":460},{"@type":"BreadcrumbList","@id":"https:\/\/prixgro.com\/product\/mousse-nettoyante150-ml-avene\/#breadcrumb","itemListElement":[{"@type":"ListItem","position":1,"name":"Accueil","item":"https:\/\/prixgro.com\/"},{"@type":"ListItem","position":2,"name":"Boutique en ligne","item":"https:\/\/prixgro.com\/shop\/"},{"@type":"ListItem","position":3,"name":"Mousse nettoyante150 ml-Av\u00e9ne"}]},{"@type":"WebSite","@id":"https:\/\/prixgro.com\/#website","url":"https:\/\/prixgro.com\/","name":"Prixgro.com","description":"Para Pharmaceutique et Cosm\u00e9tique","publisher":{"@id":"https:\/\/prixgro.com\/#organization"},"potentialAction":[{"@type":"SearchAction","target":{"@type":"EntryPoint","urlTemplate":"https:\/\/prixgro.com\/?s={search_term_string}"},"query-input":{"@type":"PropertyValueSpecification","valueRequired":true,"valueName":"search_term_string"}}],"inLanguage":"ar"},{"@type":"Organization","@id":"https:\/\/prixgro.com\/#organization","name":"Prixgro","url":"https:\/\/prixgro.com\/","logo":{"@type":"ImageObject","inLanguage":"ar","@id":"https:\/\/prixgro.com\/#\/schema\/logo\/image\/","url":"https:\/\/prixgro.com\/wp-content\/uploads\/2024\/08\/cropped-Nouveau-projet-2.png","contentUrl":"https:\/\/prixgro.com\/wp-content\/uploads\/2024\/08\/cropped-Nouveau-projet-2.png","width":265,"height":62,"caption":"Prixgro"},"image":{"@id":"https:\/\/prixgro.com\/#\/schema\/logo\/image\/"},"sameAs":["https:\/\/www.facebook.com\/Pharmacima"]}]}},"_links":{"self":[{"href":"https:\/\/prixgro.com\/ar\/wp-json\/wp\/v2\/product\/141737","targetHints":{"allow":["GET"]}}],"collection":[{"href":"https:\/\/prixgro.com\/ar\/wp-json\/wp\/v2\/product"}],"about":[{"href":"https:\/\/prixgro.com\/ar\/wp-json\/wp\/v2\/types\/product"}],"replies":[{"embeddable":true,"href":"https:\/\/prixgro.com\/ar\/wp-json\/wp\/v2\/comments?post=141737"}],"wp:featuredmedia":[{"embeddable":true,"href":"https:\/\/prixgro.com\/ar\/wp-json\/wp\/v2\/media\/2206"}],"wp:attachment":[{"href":"https:\/\/prixgro.com\/ar\/wp-json\/wp\/v2\/media?parent=141737"}],"wp:term":[{"taxonomy":"product_cat","embeddable":true,"href":"https:\/\/prixgro.com\/ar\/wp-json\/wp\/v2\/product_cat?post=141737"},{"taxonomy":"product_tag","embeddable":true,"href":"https:\/\/prixgro.com\/ar\/wp-json\/wp\/v2\/product_tag?post=141737"},{"taxonomy":"berocket_brand","embeddable":true,"href":"https:\/\/prixgro.com\/ar\/wp-json\/wp\/v2\/berocket_brand?post=141737"}],"curies":[{"name":"wp","href":"https:\/\/api.w.org\/{rel}","templated":true}]}}