{"id":141785,"date":"2024-04-09T14:29:01","date_gmt":"2024-04-09T12:29:01","guid":{"rendered":"https:\/\/cloodmanager.net\/?post_type=product&#038;p=141785"},"modified":"2024-08-08T13:23:45","modified_gmt":"2024-08-08T11:23:45","slug":"nitral-plus-creme-hemoroides-40g-maria","status":"publish","type":"product","link":"https:\/\/prixgro.com\/ar\/product\/nitral-plus-creme-hemoroides-40g-maria\/","title":{"rendered":"Nitral plus creme hemoroides 40g- Maria"},"content":{"rendered":"<h3><strong>DESCRIPTION:\u00a0<\/strong><\/h3>\n<p>Les h\u00e9morro\u00efdes sont caus\u00e9es par un probl\u00e8me au niveau des vaisseaux sanguins. La dilatation de ces vaisseaux se fait mal et perturbe tout le syst\u00e8me de l\u2019anus et du rectum. C\u2019est un petit souci de sant\u00e9 tr\u00e8s r\u00e9pandu qui provoque chez la personne atteinte des sympt\u00f4mes plus ou moins g\u00eanants, tels que du sang dans les selles, des d\u00e9mangeaisons ou des douleurs. Les h\u00e9morro\u00efdes sont soit internes soit externes et dans tous les cas, la pommade nitral plus est mis \u00e0 votre disposition pour un soulagement et un traitement rapide et efficace contre ces derniers.<\/p>\n<h2 class=\"hdr -upp -fs14 -m -pam\">PRINCIPALES CARACT\u00c9RISTIQUES<\/h2>\n<div class=\"markup -pam\">\n<ul>\n<li>Les h\u00e9morro\u00efdes sont caus\u00e9es par un probl\u00e8me au niveau des vaisseaux sanguins.<\/li>\n<li>La pommade\u00a0<b>Nitral<\/b>\u00a0permet un soulagement et un traitement rapide et efficace contre les h\u00e9morro\u00efdes\u00a0internes et externes.<\/li>\n<li>Bien \u00e9taler la pommade sur l\u2019h\u00e9morro\u00efde s\u2019ils sont externes, puis la maintenir avec un coton ou une compresse st\u00e9rile.<\/li>\n<li>Utilisation : Trois \u00e0 quatre fois par jour.<\/li>\n<li>De Pr\u00e9f\u00e9rence laver avec savon nigelle avant toute utilisation.<\/li>\n<\/ul>\n<\/div>\n<hr \/>\n<h3><strong>CONSEILS D&#8217;UTILISATION:\u00a0<\/strong><\/h3>\n<p>Bien \u00e9taler la pommade sur l\u2019h\u00e9morro\u00efde s\u2019ils sont externes, puis la maintenir avec un coton ou une compresse st\u00e9rile. Trois \u00e0 quatre fois par jour. De Pr\u00e9f\u00e9rance y ajoutez 5 goutes de l\u2019huile de habbatousawda sur la pommade avant utilisation.<\/p>\n<hr \/>\n<p><strong>COMPOSITION:\u00a0<\/strong><\/p>\n<p>Vaseline, L\u00e9nitral,excpient&#8230;q.s.p 100g<\/p>","protected":false},"excerpt":{"rendered":"<p>DESCRIPTION:\u00a0 Les h\u00e9morro\u00efdes sont caus\u00e9es par un probl\u00e8me au niveau des vaisseaux sanguins. La dilatation de ces vaisseaux se fait&#8230;<\/p>","protected":false},"featured_media":2446,"comment_status":"open","ping_status":"closed","template":"","meta":[],"product_cat":[17],"product_tag":[79,181,63,333],"berocket_brand":[],"class_list":{"0":"post-141785","1":"product","2":"type-product","3":"status-publish","4":"has-post-thumbnail","6":"product_cat-soin-et-bien-etre","7":"product_tag-anti-demangeaison","8":"product_tag-pommade","9":"product_tag-soin-apaisant","10":"product_tag-traitement-hemoroides","12":"first","13":"outofstock","14":"shipping-taxable","15":"purchasable","16":"product-type-simple"},"yoast_head":"<!-- This site is optimized with the Yoast SEO plugin v24.8 - https:\/\/yoast.com\/wordpress\/plugins\/seo\/ -->\n<title>Nitral plus creme hemoroides 40g- Maria - Prixgro<\/title>\n<meta name=\"robots\" content=\"index, follow, max-snippet:-1, max-image-preview:large, max-video-preview:-1\" \/>\n<link rel=\"canonical\" href=\"https:\/\/prixgro.com\/ar\/product\/nitral-plus-creme-hemoroides-40g-maria\/\" \/>\n<meta property=\"og:locale\" content=\"ar_AR\" \/>\n<meta property=\"og:type\" content=\"article\" \/>\n<meta property=\"og:title\" content=\"Nitral plus creme hemoroides 40g- Maria - Prixgro\" \/>\n<meta property=\"og:description\" content=\"DESCRIPTION:\u00a0 Les h\u00e9morro\u00efdes sont caus\u00e9es par un probl\u00e8me au niveau des vaisseaux sanguins. La dilatation de ces vaisseaux se fait...\" \/>\n<meta property=\"og:url\" content=\"https:\/\/prixgro.com\/ar\/product\/nitral-plus-creme-hemoroides-40g-maria\/\" \/>\n<meta property=\"og:site_name\" content=\"Prixgro\" \/>\n<meta property=\"article:publisher\" content=\"https:\/\/www.facebook.com\/Pharmacima\" \/>\n<meta property=\"article:modified_time\" content=\"2024-08-08T11:23:45+00:00\" \/>\n<meta property=\"og:image\" content=\"https:\/\/prixgro.com\/wp-content\/uploads\/2023\/09\/09069-1-e1633871697895.png\" \/>\n\t<meta property=\"og:image:width\" content=\"450\" \/>\n\t<meta property=\"og:image:height\" content=\"450\" \/>\n\t<meta property=\"og:image:type\" content=\"image\/png\" \/>\n<meta name=\"twitter:card\" content=\"summary_large_image\" \/>\n<meta name=\"twitter:label1\" content=\"\u0648\u0642\u062a \u0627\u0644\u0642\u0631\u0627\u0621\u0629 \u0627\u0644\u0645\u064f\u0642\u062f\u0651\u0631\" \/>\n\t<meta name=\"twitter:data1\" content=\"\u062f\u0642\u064a\u0642\u0629 \u0648\u0627\u062d\u062f\u0629\" \/>\n<script type=\"application\/ld+json\" class=\"yoast-schema-graph\">{\"@context\":\"https:\/\/schema.org\",\"@graph\":[{\"@type\":\"WebPage\",\"@id\":\"https:\/\/prixgro.com\/product\/nitral-plus-creme-hemoroides-40g-maria\/\",\"url\":\"https:\/\/prixgro.com\/product\/nitral-plus-creme-hemoroides-40g-maria\/\",\"name\":\"Nitral plus creme hemoroides 40g- Maria - Prixgro\",\"isPartOf\":{\"@id\":\"https:\/\/prixgro.com\/#website\"},\"primaryImageOfPage\":{\"@id\":\"https:\/\/prixgro.com\/product\/nitral-plus-creme-hemoroides-40g-maria\/#primaryimage\"},\"image\":{\"@id\":\"https:\/\/prixgro.com\/product\/nitral-plus-creme-hemoroides-40g-maria\/#primaryimage\"},\"thumbnailUrl\":\"https:\/\/prixgro.com\/wp-content\/uploads\/2023\/09\/09069-1-e1633871697895.png\",\"datePublished\":\"2024-04-09T12:29:01+00:00\",\"dateModified\":\"2024-08-08T11:23:45+00:00\",\"breadcrumb\":{\"@id\":\"https:\/\/prixgro.com\/product\/nitral-plus-creme-hemoroides-40g-maria\/#breadcrumb\"},\"inLanguage\":\"ar\",\"potentialAction\":[{\"@type\":\"ReadAction\",\"target\":[\"https:\/\/prixgro.com\/product\/nitral-plus-creme-hemoroides-40g-maria\/\"]}]},{\"@type\":\"ImageObject\",\"inLanguage\":\"ar\",\"@id\":\"https:\/\/prixgro.com\/product\/nitral-plus-creme-hemoroides-40g-maria\/#primaryimage\",\"url\":\"https:\/\/prixgro.com\/wp-content\/uploads\/2023\/09\/09069-1-e1633871697895.png\",\"contentUrl\":\"https:\/\/prixgro.com\/wp-content\/uploads\/2023\/09\/09069-1-e1633871697895.png\",\"width\":450,\"height\":450},{\"@type\":\"BreadcrumbList\",\"@id\":\"https:\/\/prixgro.com\/product\/nitral-plus-creme-hemoroides-40g-maria\/#breadcrumb\",\"itemListElement\":[{\"@type\":\"ListItem\",\"position\":1,\"name\":\"Accueil\",\"item\":\"https:\/\/prixgro.com\/\"},{\"@type\":\"ListItem\",\"position\":2,\"name\":\"Boutique en ligne\",\"item\":\"https:\/\/prixgro.com\/shop\/\"},{\"@type\":\"ListItem\",\"position\":3,\"name\":\"Nitral plus creme hemoroides 40g- Maria\"}]},{\"@type\":\"WebSite\",\"@id\":\"https:\/\/prixgro.com\/#website\",\"url\":\"https:\/\/prixgro.com\/\",\"name\":\"Prixgro.com\",\"description\":\"Para Pharmaceutique et Cosm\u00e9tique\",\"publisher\":{\"@id\":\"https:\/\/prixgro.com\/#organization\"},\"potentialAction\":[{\"@type\":\"SearchAction\",\"target\":{\"@type\":\"EntryPoint\",\"urlTemplate\":\"https:\/\/prixgro.com\/?s={search_term_string}\"},\"query-input\":{\"@type\":\"PropertyValueSpecification\",\"valueRequired\":true,\"valueName\":\"search_term_string\"}}],\"inLanguage\":\"ar\"},{\"@type\":\"Organization\",\"@id\":\"https:\/\/prixgro.com\/#organization\",\"name\":\"Prixgro\",\"url\":\"https:\/\/prixgro.com\/\",\"logo\":{\"@type\":\"ImageObject\",\"inLanguage\":\"ar\",\"@id\":\"https:\/\/prixgro.com\/#\/schema\/logo\/image\/\",\"url\":\"https:\/\/prixgro.com\/wp-content\/uploads\/2024\/08\/cropped-Nouveau-projet-2.png\",\"contentUrl\":\"https:\/\/prixgro.com\/wp-content\/uploads\/2024\/08\/cropped-Nouveau-projet-2.png\",\"width\":265,\"height\":62,\"caption\":\"Prixgro\"},\"image\":{\"@id\":\"https:\/\/prixgro.com\/#\/schema\/logo\/image\/\"},\"sameAs\":[\"https:\/\/www.facebook.com\/Pharmacima\"]}]}<\/script>\n<!-- \/ Yoast SEO plugin. -->","yoast_head_json":{"title":"Nitral plus creme hemoroides 40g- Maria - Prixgro","robots":{"index":"index","follow":"follow","max-snippet":"max-snippet:-1","max-image-preview":"max-image-preview:large","max-video-preview":"max-video-preview:-1"},"canonical":"https:\/\/prixgro.com\/ar\/product\/nitral-plus-creme-hemoroides-40g-maria\/","og_locale":"ar_AR","og_type":"article","og_title":"Nitral plus creme hemoroides 40g- Maria - Prixgro","og_description":"DESCRIPTION:\u00a0 Les h\u00e9morro\u00efdes sont caus\u00e9es par un probl\u00e8me au niveau des vaisseaux sanguins. La dilatation de ces vaisseaux se fait...","og_url":"https:\/\/prixgro.com\/ar\/product\/nitral-plus-creme-hemoroides-40g-maria\/","og_site_name":"Prixgro","article_publisher":"https:\/\/www.facebook.com\/Pharmacima","article_modified_time":"2024-08-08T11:23:45+00:00","og_image":[{"width":450,"height":450,"url":"https:\/\/prixgro.com\/wp-content\/uploads\/2023\/09\/09069-1-e1633871697895.png","type":"image\/png"}],"twitter_card":"summary_large_image","twitter_misc":{"\u0648\u0642\u062a \u0627\u0644\u0642\u0631\u0627\u0621\u0629 \u0627\u0644\u0645\u064f\u0642\u062f\u0651\u0631":"\u062f\u0642\u064a\u0642\u0629 \u0648\u0627\u062d\u062f\u0629"},"schema":{"@context":"https:\/\/schema.org","@graph":[{"@type":"WebPage","@id":"https:\/\/prixgro.com\/product\/nitral-plus-creme-hemoroides-40g-maria\/","url":"https:\/\/prixgro.com\/product\/nitral-plus-creme-hemoroides-40g-maria\/","name":"Nitral plus creme hemoroides 40g- Maria - Prixgro","isPartOf":{"@id":"https:\/\/prixgro.com\/#website"},"primaryImageOfPage":{"@id":"https:\/\/prixgro.com\/product\/nitral-plus-creme-hemoroides-40g-maria\/#primaryimage"},"image":{"@id":"https:\/\/prixgro.com\/product\/nitral-plus-creme-hemoroides-40g-maria\/#primaryimage"},"thumbnailUrl":"https:\/\/prixgro.com\/wp-content\/uploads\/2023\/09\/09069-1-e1633871697895.png","datePublished":"2024-04-09T12:29:01+00:00","dateModified":"2024-08-08T11:23:45+00:00","breadcrumb":{"@id":"https:\/\/prixgro.com\/product\/nitral-plus-creme-hemoroides-40g-maria\/#breadcrumb"},"inLanguage":"ar","potentialAction":[{"@type":"ReadAction","target":["https:\/\/prixgro.com\/product\/nitral-plus-creme-hemoroides-40g-maria\/"]}]},{"@type":"ImageObject","inLanguage":"ar","@id":"https:\/\/prixgro.com\/product\/nitral-plus-creme-hemoroides-40g-maria\/#primaryimage","url":"https:\/\/prixgro.com\/wp-content\/uploads\/2023\/09\/09069-1-e1633871697895.png","contentUrl":"https:\/\/prixgro.com\/wp-content\/uploads\/2023\/09\/09069-1-e1633871697895.png","width":450,"height":450},{"@type":"BreadcrumbList","@id":"https:\/\/prixgro.com\/product\/nitral-plus-creme-hemoroides-40g-maria\/#breadcrumb","itemListElement":[{"@type":"ListItem","position":1,"name":"Accueil","item":"https:\/\/prixgro.com\/"},{"@type":"ListItem","position":2,"name":"Boutique en ligne","item":"https:\/\/prixgro.com\/shop\/"},{"@type":"ListItem","position":3,"name":"Nitral plus creme hemoroides 40g- Maria"}]},{"@type":"WebSite","@id":"https:\/\/prixgro.com\/#website","url":"https:\/\/prixgro.com\/","name":"Prixgro.com","description":"Para Pharmaceutique et Cosm\u00e9tique","publisher":{"@id":"https:\/\/prixgro.com\/#organization"},"potentialAction":[{"@type":"SearchAction","target":{"@type":"EntryPoint","urlTemplate":"https:\/\/prixgro.com\/?s={search_term_string}"},"query-input":{"@type":"PropertyValueSpecification","valueRequired":true,"valueName":"search_term_string"}}],"inLanguage":"ar"},{"@type":"Organization","@id":"https:\/\/prixgro.com\/#organization","name":"Prixgro","url":"https:\/\/prixgro.com\/","logo":{"@type":"ImageObject","inLanguage":"ar","@id":"https:\/\/prixgro.com\/#\/schema\/logo\/image\/","url":"https:\/\/prixgro.com\/wp-content\/uploads\/2024\/08\/cropped-Nouveau-projet-2.png","contentUrl":"https:\/\/prixgro.com\/wp-content\/uploads\/2024\/08\/cropped-Nouveau-projet-2.png","width":265,"height":62,"caption":"Prixgro"},"image":{"@id":"https:\/\/prixgro.com\/#\/schema\/logo\/image\/"},"sameAs":["https:\/\/www.facebook.com\/Pharmacima"]}]}},"_links":{"self":[{"href":"https:\/\/prixgro.com\/ar\/wp-json\/wp\/v2\/product\/141785","targetHints":{"allow":["GET"]}}],"collection":[{"href":"https:\/\/prixgro.com\/ar\/wp-json\/wp\/v2\/product"}],"about":[{"href":"https:\/\/prixgro.com\/ar\/wp-json\/wp\/v2\/types\/product"}],"replies":[{"embeddable":true,"href":"https:\/\/prixgro.com\/ar\/wp-json\/wp\/v2\/comments?post=141785"}],"wp:featuredmedia":[{"embeddable":true,"href":"https:\/\/prixgro.com\/ar\/wp-json\/wp\/v2\/media\/2446"}],"wp:attachment":[{"href":"https:\/\/prixgro.com\/ar\/wp-json\/wp\/v2\/media?parent=141785"}],"wp:term":[{"taxonomy":"product_cat","embeddable":true,"href":"https:\/\/prixgro.com\/ar\/wp-json\/wp\/v2\/product_cat?post=141785"},{"taxonomy":"product_tag","embeddable":true,"href":"https:\/\/prixgro.com\/ar\/wp-json\/wp\/v2\/product_tag?post=141785"},{"taxonomy":"berocket_brand","embeddable":true,"href":"https:\/\/prixgro.com\/ar\/wp-json\/wp\/v2\/berocket_brand?post=141785"}],"curies":[{"name":"wp","href":"https:\/\/api.w.org\/{rel}","templated":true}]}}