{"id":141826,"date":"2024-04-09T14:29:16","date_gmt":"2024-04-09T12:29:16","guid":{"rendered":"https:\/\/cloodmanager.net\/?post_type=product&#038;p=141826"},"modified":"2024-08-08T13:26:44","modified_gmt":"2024-08-08T11:26:44","slug":"no-6-bond-smoother-100ml-olaplex","status":"publish","type":"product","link":"https:\/\/prixgro.com\/ar\/product\/no-6-bond-smoother-100ml-olaplex\/","title":{"rendered":"No.6 Bond Smoother 100ml Olaplex"},"content":{"rendered":"<h2><strong>DESCRIPTION<\/strong><\/h2>\n<p>La cr\u00e8me de coiffage r\u00e9paratrice sans rin\u00e7age No.6 d&#8217;OLAPLEX hydrate et prot\u00e8ge tous les types de cheveux, et \u00e9limine les frisottis.<\/p>\n<p>Cette cr\u00e8me lissante concentr\u00e9e convient \u00e0 tous les types de cheveux, y compris les cheveux color\u00e9s et trait\u00e9s chimiquement.<br \/>La formule No.6 fortifie, hydrate et lisse la chevelure, et r\u00e9duit le temps de s\u00e9chage au s\u00e8che-cheveux.<\/p>\n<p>Le Bond Smoother d&#8217;OLAPLEX \u00e9limine les frisottis et les m\u00e8ches rebelles pendant 72\u00a0heures.<\/p>\n<p>Tous les types de cheveux.<\/p>\n<p>Des emballages \u00e9co-con\u00e7us et\/ou un sourcing responsable des ingr\u00e9dients<\/p>\n<p>Des produits sans ingr\u00e9dient d\u2019origine animale<\/p>\n<h2><strong>CONSEIL D&#8217;UTILISATION<\/strong><\/h2>\n<p>1. Appliquer une tr\u00e8s petite quantit\u00e9 sur les cheveux secs ou mouill\u00e9s, des mi-longueurs aux pointes.<br \/>2. Coiffer comme d&#8217;habitude.<\/p>\n<h2><strong>COMPOSITION<\/strong><\/h2>\n<div id=\"product-info\" class=\"product-info product-accordion product-info-tabs\">\n<div class=\"tabs-content\" data-tabs-content=\"o9jjcu-responsiveaccordiontabs\">\n<div id=\"dpbluy-accordion\" class=\"tabs-panel is-active\" role=\"tabpanel\" data-tab-content=\"\" aria-labelledby=\"dpbluy-accordion-label\">Bis-Aminopropyl Diglycol Dimaleate<br \/>INCI\u00a0: Bis-Aminopropyl Diglycol Dimaleate<br \/>Ingr\u00e9dient brevet\u00e9 d&#8217;OLAPLEX. Trouve les liaisons soufre et hydrog\u00e8ne simples et les unit pour former des liaisons disulfure. Les liaisons disulfure sont bris\u00e9es par des proc\u00e9d\u00e9s chimiques, thermiques et m\u00e9caniques, notamment lorsqu&#8217;on peigne et brosse les cheveux. Cet ingr\u00e9dient renforce les cheveux en r\u00e9parant les liens disulfure bris\u00e9s. Propri\u00e9t\u00e9s anti-cassures.Huile de p\u00e9pins de raisin\u00a0:<br \/>INCI\u00a0: Vitis Vinifera (Grape) Seed Oil<br \/>Riche en composants anti-\u00e2ge, comme le b\u00eata-carot\u00e8ne, les vitamines\u00a0C,\u00a0D,\u00a0E, des acides gras essentiels et des polyph\u00e9nols qui prot\u00e8gent et nourrissent les cheveux.Huile ferment\u00e9e de graines de th\u00e9 vert<br \/>INCI\u00a0: Pseudozyma Epicola\/Camellia Sinensis Seed Oil Ferment Extract Filtrate<br \/>Nourrit les cheveux. Les soins pour la peau cor\u00e9ens utilisent des huiles ferment\u00e9es pour leur capacit\u00e9 de p\u00e9n\u00e9tration sup\u00e9rieure et leurs nombreux bienfaits. Am\u00e9liore la texture, l&#8217;absorptivit\u00e9 et la compatibilit\u00e9 de la formule.<\/div>\n<\/div>\n<\/div>","protected":false},"excerpt":{"rendered":"<p><\/p>","protected":false},"featured_media":2751,"comment_status":"open","ping_status":"closed","template":"","meta":[],"product_cat":[126,17],"product_tag":[],"berocket_brand":[466],"class_list":{"0":"post-141826","1":"product","2":"type-product","3":"status-publish","4":"has-post-thumbnail","6":"product_cat-cheveux","7":"product_cat-soin-et-bien-etre","8":"berocket_brand-olaplex","10":"first","11":"outofstock","12":"shipping-taxable","13":"purchasable","14":"product-type-simple"},"yoast_head":"<!-- This site is optimized with the Yoast SEO plugin v24.8 - https:\/\/yoast.com\/wordpress\/plugins\/seo\/ -->\n<title>No.6 Bond Smoother 100ml Olaplex - Prixgro<\/title>\n<meta name=\"robots\" content=\"index, follow, max-snippet:-1, max-image-preview:large, max-video-preview:-1\" \/>\n<link rel=\"canonical\" href=\"https:\/\/prixgro.com\/ar\/product\/no-6-bond-smoother-100ml-olaplex\/\" \/>\n<meta property=\"og:locale\" content=\"ar_AR\" \/>\n<meta property=\"og:type\" content=\"article\" \/>\n<meta property=\"og:title\" content=\"No.6 Bond Smoother 100ml Olaplex - Prixgro\" \/>\n<meta property=\"og:url\" content=\"https:\/\/prixgro.com\/ar\/product\/no-6-bond-smoother-100ml-olaplex\/\" \/>\n<meta property=\"og:site_name\" content=\"Prixgro\" \/>\n<meta property=\"article:publisher\" content=\"https:\/\/www.facebook.com\/Pharmacima\" \/>\n<meta property=\"article:modified_time\" content=\"2024-08-08T11:26:44+00:00\" \/>\n<meta property=\"og:image\" content=\"https:\/\/prixgro.com\/wp-content\/uploads\/2023\/09\/OLAPLEX_n6_Brand_on_PP-e1639831715948.png\" \/>\n\t<meta property=\"og:image:width\" content=\"400\" \/>\n\t<meta property=\"og:image:height\" content=\"400\" \/>\n\t<meta property=\"og:image:type\" content=\"image\/png\" \/>\n<meta name=\"twitter:card\" content=\"summary_large_image\" \/>\n<meta name=\"twitter:label1\" content=\"\u0648\u0642\u062a \u0627\u0644\u0642\u0631\u0627\u0621\u0629 \u0627\u0644\u0645\u064f\u0642\u062f\u0651\u0631\" \/>\n\t<meta name=\"twitter:data1\" content=\"\u062f\u0642\u064a\u0642\u0629 \u0648\u0627\u062d\u062f\u0629\" \/>\n<script type=\"application\/ld+json\" class=\"yoast-schema-graph\">{\"@context\":\"https:\/\/schema.org\",\"@graph\":[{\"@type\":\"WebPage\",\"@id\":\"https:\/\/prixgro.com\/product\/no-6-bond-smoother-100ml-olaplex\/\",\"url\":\"https:\/\/prixgro.com\/product\/no-6-bond-smoother-100ml-olaplex\/\",\"name\":\"No.6 Bond Smoother 100ml Olaplex - Prixgro\",\"isPartOf\":{\"@id\":\"https:\/\/prixgro.com\/#website\"},\"primaryImageOfPage\":{\"@id\":\"https:\/\/prixgro.com\/product\/no-6-bond-smoother-100ml-olaplex\/#primaryimage\"},\"image\":{\"@id\":\"https:\/\/prixgro.com\/product\/no-6-bond-smoother-100ml-olaplex\/#primaryimage\"},\"thumbnailUrl\":\"https:\/\/prixgro.com\/wp-content\/uploads\/2023\/09\/OLAPLEX_n6_Brand_on_PP-e1639831715948.png\",\"datePublished\":\"2024-04-09T12:29:16+00:00\",\"dateModified\":\"2024-08-08T11:26:44+00:00\",\"breadcrumb\":{\"@id\":\"https:\/\/prixgro.com\/product\/no-6-bond-smoother-100ml-olaplex\/#breadcrumb\"},\"inLanguage\":\"ar\",\"potentialAction\":[{\"@type\":\"ReadAction\",\"target\":[\"https:\/\/prixgro.com\/product\/no-6-bond-smoother-100ml-olaplex\/\"]}]},{\"@type\":\"ImageObject\",\"inLanguage\":\"ar\",\"@id\":\"https:\/\/prixgro.com\/product\/no-6-bond-smoother-100ml-olaplex\/#primaryimage\",\"url\":\"https:\/\/prixgro.com\/wp-content\/uploads\/2023\/09\/OLAPLEX_n6_Brand_on_PP-e1639831715948.png\",\"contentUrl\":\"https:\/\/prixgro.com\/wp-content\/uploads\/2023\/09\/OLAPLEX_n6_Brand_on_PP-e1639831715948.png\",\"width\":400,\"height\":400},{\"@type\":\"BreadcrumbList\",\"@id\":\"https:\/\/prixgro.com\/product\/no-6-bond-smoother-100ml-olaplex\/#breadcrumb\",\"itemListElement\":[{\"@type\":\"ListItem\",\"position\":1,\"name\":\"Accueil\",\"item\":\"https:\/\/prixgro.com\/\"},{\"@type\":\"ListItem\",\"position\":2,\"name\":\"Boutique en ligne\",\"item\":\"https:\/\/prixgro.com\/shop\/\"},{\"@type\":\"ListItem\",\"position\":3,\"name\":\"No.6 Bond Smoother 100ml Olaplex\"}]},{\"@type\":\"WebSite\",\"@id\":\"https:\/\/prixgro.com\/#website\",\"url\":\"https:\/\/prixgro.com\/\",\"name\":\"Prixgro.com\",\"description\":\"Para Pharmaceutique et Cosm\u00e9tique\",\"publisher\":{\"@id\":\"https:\/\/prixgro.com\/#organization\"},\"potentialAction\":[{\"@type\":\"SearchAction\",\"target\":{\"@type\":\"EntryPoint\",\"urlTemplate\":\"https:\/\/prixgro.com\/?s={search_term_string}\"},\"query-input\":{\"@type\":\"PropertyValueSpecification\",\"valueRequired\":true,\"valueName\":\"search_term_string\"}}],\"inLanguage\":\"ar\"},{\"@type\":\"Organization\",\"@id\":\"https:\/\/prixgro.com\/#organization\",\"name\":\"Prixgro\",\"url\":\"https:\/\/prixgro.com\/\",\"logo\":{\"@type\":\"ImageObject\",\"inLanguage\":\"ar\",\"@id\":\"https:\/\/prixgro.com\/#\/schema\/logo\/image\/\",\"url\":\"https:\/\/prixgro.com\/wp-content\/uploads\/2024\/08\/cropped-Nouveau-projet-2.png\",\"contentUrl\":\"https:\/\/prixgro.com\/wp-content\/uploads\/2024\/08\/cropped-Nouveau-projet-2.png\",\"width\":265,\"height\":62,\"caption\":\"Prixgro\"},\"image\":{\"@id\":\"https:\/\/prixgro.com\/#\/schema\/logo\/image\/\"},\"sameAs\":[\"https:\/\/www.facebook.com\/Pharmacima\"]}]}<\/script>\n<!-- \/ Yoast SEO plugin. -->","yoast_head_json":{"title":"No.6 Bond Smoother 100ml Olaplex - Prixgro","robots":{"index":"index","follow":"follow","max-snippet":"max-snippet:-1","max-image-preview":"max-image-preview:large","max-video-preview":"max-video-preview:-1"},"canonical":"https:\/\/prixgro.com\/ar\/product\/no-6-bond-smoother-100ml-olaplex\/","og_locale":"ar_AR","og_type":"article","og_title":"No.6 Bond Smoother 100ml Olaplex - Prixgro","og_url":"https:\/\/prixgro.com\/ar\/product\/no-6-bond-smoother-100ml-olaplex\/","og_site_name":"Prixgro","article_publisher":"https:\/\/www.facebook.com\/Pharmacima","article_modified_time":"2024-08-08T11:26:44+00:00","og_image":[{"width":400,"height":400,"url":"https:\/\/prixgro.com\/wp-content\/uploads\/2023\/09\/OLAPLEX_n6_Brand_on_PP-e1639831715948.png","type":"image\/png"}],"twitter_card":"summary_large_image","twitter_misc":{"\u0648\u0642\u062a \u0627\u0644\u0642\u0631\u0627\u0621\u0629 \u0627\u0644\u0645\u064f\u0642\u062f\u0651\u0631":"\u062f\u0642\u064a\u0642\u0629 \u0648\u0627\u062d\u062f\u0629"},"schema":{"@context":"https:\/\/schema.org","@graph":[{"@type":"WebPage","@id":"https:\/\/prixgro.com\/product\/no-6-bond-smoother-100ml-olaplex\/","url":"https:\/\/prixgro.com\/product\/no-6-bond-smoother-100ml-olaplex\/","name":"No.6 Bond Smoother 100ml Olaplex - Prixgro","isPartOf":{"@id":"https:\/\/prixgro.com\/#website"},"primaryImageOfPage":{"@id":"https:\/\/prixgro.com\/product\/no-6-bond-smoother-100ml-olaplex\/#primaryimage"},"image":{"@id":"https:\/\/prixgro.com\/product\/no-6-bond-smoother-100ml-olaplex\/#primaryimage"},"thumbnailUrl":"https:\/\/prixgro.com\/wp-content\/uploads\/2023\/09\/OLAPLEX_n6_Brand_on_PP-e1639831715948.png","datePublished":"2024-04-09T12:29:16+00:00","dateModified":"2024-08-08T11:26:44+00:00","breadcrumb":{"@id":"https:\/\/prixgro.com\/product\/no-6-bond-smoother-100ml-olaplex\/#breadcrumb"},"inLanguage":"ar","potentialAction":[{"@type":"ReadAction","target":["https:\/\/prixgro.com\/product\/no-6-bond-smoother-100ml-olaplex\/"]}]},{"@type":"ImageObject","inLanguage":"ar","@id":"https:\/\/prixgro.com\/product\/no-6-bond-smoother-100ml-olaplex\/#primaryimage","url":"https:\/\/prixgro.com\/wp-content\/uploads\/2023\/09\/OLAPLEX_n6_Brand_on_PP-e1639831715948.png","contentUrl":"https:\/\/prixgro.com\/wp-content\/uploads\/2023\/09\/OLAPLEX_n6_Brand_on_PP-e1639831715948.png","width":400,"height":400},{"@type":"BreadcrumbList","@id":"https:\/\/prixgro.com\/product\/no-6-bond-smoother-100ml-olaplex\/#breadcrumb","itemListElement":[{"@type":"ListItem","position":1,"name":"Accueil","item":"https:\/\/prixgro.com\/"},{"@type":"ListItem","position":2,"name":"Boutique en ligne","item":"https:\/\/prixgro.com\/shop\/"},{"@type":"ListItem","position":3,"name":"No.6 Bond Smoother 100ml Olaplex"}]},{"@type":"WebSite","@id":"https:\/\/prixgro.com\/#website","url":"https:\/\/prixgro.com\/","name":"Prixgro.com","description":"Para Pharmaceutique et Cosm\u00e9tique","publisher":{"@id":"https:\/\/prixgro.com\/#organization"},"potentialAction":[{"@type":"SearchAction","target":{"@type":"EntryPoint","urlTemplate":"https:\/\/prixgro.com\/?s={search_term_string}"},"query-input":{"@type":"PropertyValueSpecification","valueRequired":true,"valueName":"search_term_string"}}],"inLanguage":"ar"},{"@type":"Organization","@id":"https:\/\/prixgro.com\/#organization","name":"Prixgro","url":"https:\/\/prixgro.com\/","logo":{"@type":"ImageObject","inLanguage":"ar","@id":"https:\/\/prixgro.com\/#\/schema\/logo\/image\/","url":"https:\/\/prixgro.com\/wp-content\/uploads\/2024\/08\/cropped-Nouveau-projet-2.png","contentUrl":"https:\/\/prixgro.com\/wp-content\/uploads\/2024\/08\/cropped-Nouveau-projet-2.png","width":265,"height":62,"caption":"Prixgro"},"image":{"@id":"https:\/\/prixgro.com\/#\/schema\/logo\/image\/"},"sameAs":["https:\/\/www.facebook.com\/Pharmacima"]}]}},"_links":{"self":[{"href":"https:\/\/prixgro.com\/ar\/wp-json\/wp\/v2\/product\/141826","targetHints":{"allow":["GET"]}}],"collection":[{"href":"https:\/\/prixgro.com\/ar\/wp-json\/wp\/v2\/product"}],"about":[{"href":"https:\/\/prixgro.com\/ar\/wp-json\/wp\/v2\/types\/product"}],"replies":[{"embeddable":true,"href":"https:\/\/prixgro.com\/ar\/wp-json\/wp\/v2\/comments?post=141826"}],"wp:featuredmedia":[{"embeddable":true,"href":"https:\/\/prixgro.com\/ar\/wp-json\/wp\/v2\/media\/2751"}],"wp:attachment":[{"href":"https:\/\/prixgro.com\/ar\/wp-json\/wp\/v2\/media?parent=141826"}],"wp:term":[{"taxonomy":"product_cat","embeddable":true,"href":"https:\/\/prixgro.com\/ar\/wp-json\/wp\/v2\/product_cat?post=141826"},{"taxonomy":"product_tag","embeddable":true,"href":"https:\/\/prixgro.com\/ar\/wp-json\/wp\/v2\/product_tag?post=141826"},{"taxonomy":"berocket_brand","embeddable":true,"href":"https:\/\/prixgro.com\/ar\/wp-json\/wp\/v2\/berocket_brand?post=141826"}],"curies":[{"name":"wp","href":"https:\/\/api.w.org\/{rel}","templated":true}]}}