{"id":141827,"date":"2024-04-09T14:29:16","date_gmt":"2024-04-09T12:29:16","guid":{"rendered":"https:\/\/cloodmanager.net\/?post_type=product&#038;p=141827"},"modified":"2024-08-08T21:22:14","modified_gmt":"2024-08-08T19:22:14","slug":"cicapair-tiger-grass-brume-apaisante-50ml-dr-jart","status":"publish","type":"product","link":"https:\/\/prixgro.com\/ar\/product\/cicapair-tiger-grass-brume-apaisante-50ml-dr-jart\/","title":{"rendered":"Cicapair Tiger Grass Brume Apaisante 50ml Dr.Jart+"},"content":{"rendered":"<h2><strong>DESCRIPTION<\/strong><\/h2>\n<p>Super Ingr\u00e9dients:<br \/>&#8211; Complexe de centella asiatica (herbe du tigre)\u00a0: prot\u00e8ge et apaise la peau.<br \/>&#8211; M\u00e9lange Cicabond\u00a0: aide au renouvellement cellulaire.<br \/>&#8211; Complexe Jartbiome\u00a0: permet de renforcer le microbiome cutan\u00e9 gr\u00e2ce \u00e0 des pr\u00e9biotiques et probiotiques.<\/p>\n<p>Pourquoi on aime ?<br \/>&#8211; Elle hydrate instantan\u00e9ment la peau d\u00e9shydrat\u00e9e et forme une fine barri\u00e8re pour emp\u00eacher la perte d\u2019hydratation.<br \/>&#8211; Cette brume l\u00e9g\u00e8re, qui prot\u00e8ge des agressions ext\u00e9rieures en emp\u00eachante les micro-poussi\u00e8res d\u2019adh\u00e9rer \u00e0 la peau, est id\u00e9ale pour la vie citadine.<\/p>\n<p><strong>la brume apaisante \u00e0 l&#8217;herbe du tigre Dr. Jart+ Cicapair\u00a0<\/strong>aide \u00e0 calmer et \u00e0 apaiser les peaux sujettes aux irritations ou aux rougeurs, et constitue un moyen durable d&#8217;obtenir confort et soulagement. En utilisant le complexe microbiome propre \u00e0 la marque, Jartbiome, votre peau b\u00e9n\u00e9ficiera d&#8217;un \u00e9quilibre et d&#8217;une force accrus, un duo harmonieux qui laisse votre teint mieux pr\u00e9par\u00e9 \u00e0 r\u00e9sister aux \u00e9preuves de la journ\u00e9e. Compos\u00e9 de quatre ferments probiotiques diff\u00e9rents qui jouent un r\u00f4le cl\u00e9 dans le maintien d&#8217;une peau normale, ce complexe imite l&#8217;\u00e9tat optimal et naturel dans lequel votre peau doit se trouver.<\/p>\n<p>L&#8217;ajout de Centella Rx, compos\u00e9 d&#8217;herbe du tigre, d&#8217;huile d&#8217;achill\u00e9e millefeuille, d&#8217;IIex Coarnuta et d&#8217;Houttuyinae, permet de prot\u00e9ger la peau des agressions environnementales tout en diminuant l&#8217;apparence des irritations. Cicabond, qui utilise des min\u00e9raux comme le calcium et le magn\u00e9sium ainsi que l&#8217;arabinogalactane extrait du lierre, soutient le cycle naturel de restauration de la peau pour un \u00e9clat plus frais.<\/p>\n<h2><strong>CONSEIL D&#8217;UTILISATION<\/strong><\/h2>\n<div id=\"product-info\" class=\"product-info product-accordion product-info-tabs\">\n<div class=\"tabs-content\" data-tabs-content=\"culwnf-responsiveaccordiontabs\">\n<div id=\"oazct3-accordion\" class=\"tabs-panel is-active\" role=\"tabpanel\" data-tab-content=\"\" aria-labelledby=\"oazct3-accordion-label\">\n<div>Utiliser tout au long de la journ\u00e9e, d\u00e8s que n\u00e9cessaire, avant ou apr\u00e8s le maquillage.<\/div>\n<\/div>\n<\/div>\n<\/div>\n<div class=\"routine-wrapper\" data-pid=\"504386\"><\/div>\n<div id=\"T2sRecommendations-section_541\" class=\"recommendations-section\" data-pagename=\"PDP\">\n<div class=\"product-carousel-wrapper\">\n<div class=\"product-carousel-title\"><\/div>\n<\/div>\n<\/div>\n<h2><strong>COMPOSITION<\/strong><\/h2>\n<p>Aqua, Dipropylene Glycol, Butylene Glycol, Eryngium Maritimum Callus Culture Filtrate, Niacinamide, Pentylene Glycol, Houttuynia Cordata Extract, Ilex Aquifolium Leaf Extract, Achillea Millefolium Oil, 1,2-Hexanediol, Erythritol, Chondrus Crispus Extract, C12-14 Sec-Pareth-12, Saccharum Officinarum Extract, Streptococcus Thermophilus Ferment, Panthenol, Caprylyl Glycol, Parfum, Ethylhexylglycerin, Lavandula Angustifolia Oil, Adenosine, Glycerin, Diphenyl Dimethicone, DNA, Citrus Aurantium Bergamia Fruit Oil, Carbomer, Triethylhexanoin, Linalool, Tromethamine, Disodium EDTA, Limonene, Melia Azadirachta Leaf Extract, Hydrogenated Lecithin, Hedera Helix Extract, Melia Azadirachta Flower Extract, Madecassoside, Tocopherol, Asiatic Acid, Asiaticoside, Madecassic Acid, Calcium Chloride, Centella Asiatica Extract, Magnesium Sulfate.<\/p>","protected":false},"excerpt":{"rendered":"<p>Une fine brume hydratante qui apaise instantan\u00e9ment et soulage la peau sensible, \u00e0 tout moment et pour longtemps.<\/p>","protected":false},"featured_media":2752,"comment_status":"open","ping_status":"closed","template":"","meta":[],"product_cat":[17,36],"product_tag":[45],"berocket_brand":[],"class_list":{"0":"post-141827","1":"product","2":"type-product","3":"status-publish","4":"has-post-thumbnail","6":"product_cat-soin-et-bien-etre","7":"product_cat-visage-soin-et-bien-etre","8":"product_tag-peaux-sensibles","10":"first","11":"outofstock","12":"shipping-taxable","13":"purchasable","14":"product-type-simple"},"yoast_head":"<!-- This site is optimized with the Yoast SEO plugin v24.8 - https:\/\/yoast.com\/wordpress\/plugins\/seo\/ -->\n<title>Cicapair Tiger Grass Brume Apaisante 50ml Dr.Jart+ - Prixgro<\/title>\n<meta name=\"robots\" content=\"index, follow, max-snippet:-1, max-image-preview:large, max-video-preview:-1\" \/>\n<link rel=\"canonical\" href=\"https:\/\/prixgro.com\/ar\/product\/cicapair-tiger-grass-brume-apaisante-50ml-dr-jart\/\" \/>\n<meta property=\"og:locale\" content=\"ar_AR\" \/>\n<meta property=\"og:type\" content=\"article\" \/>\n<meta property=\"og:title\" content=\"Cicapair Tiger Grass Brume Apaisante 50ml Dr.Jart+ - Prixgro\" \/>\n<meta property=\"og:description\" content=\"Une fine brume hydratante qui apaise instantan\u00e9ment et soulage la peau sensible, \u00e0 tout moment et pour longtemps.\" \/>\n<meta property=\"og:url\" content=\"https:\/\/prixgro.com\/ar\/product\/cicapair-tiger-grass-brume-apaisante-50ml-dr-jart\/\" \/>\n<meta property=\"og:site_name\" content=\"Prixgro\" \/>\n<meta property=\"article:publisher\" content=\"https:\/\/www.facebook.com\/Pharmacima\" \/>\n<meta property=\"article:modified_time\" content=\"2024-08-08T19:22:14+00:00\" \/>\n<meta property=\"og:image\" content=\"https:\/\/prixgro.com\/wp-content\/uploads\/2023\/09\/dr-jart-cica-repair-brume-50ml-e1639854957768.png\" \/>\n\t<meta property=\"og:image:width\" content=\"400\" \/>\n\t<meta property=\"og:image:height\" content=\"400\" \/>\n\t<meta property=\"og:image:type\" content=\"image\/png\" \/>\n<meta name=\"twitter:card\" content=\"summary_large_image\" \/>\n<meta name=\"twitter:label1\" content=\"\u0648\u0642\u062a \u0627\u0644\u0642\u0631\u0627\u0621\u0629 \u0627\u0644\u0645\u064f\u0642\u062f\u0651\u0631\" \/>\n\t<meta name=\"twitter:data1\" content=\"\u062f\u0642\u064a\u0642\u062a\u0627\u0646\" \/>\n<script type=\"application\/ld+json\" class=\"yoast-schema-graph\">{\"@context\":\"https:\/\/schema.org\",\"@graph\":[{\"@type\":\"WebPage\",\"@id\":\"https:\/\/prixgro.com\/product\/cicapair-tiger-grass-brume-apaisante-50ml-dr-jart\/\",\"url\":\"https:\/\/prixgro.com\/product\/cicapair-tiger-grass-brume-apaisante-50ml-dr-jart\/\",\"name\":\"Cicapair Tiger Grass Brume Apaisante 50ml Dr.Jart+ - Prixgro\",\"isPartOf\":{\"@id\":\"https:\/\/prixgro.com\/#website\"},\"primaryImageOfPage\":{\"@id\":\"https:\/\/prixgro.com\/product\/cicapair-tiger-grass-brume-apaisante-50ml-dr-jart\/#primaryimage\"},\"image\":{\"@id\":\"https:\/\/prixgro.com\/product\/cicapair-tiger-grass-brume-apaisante-50ml-dr-jart\/#primaryimage\"},\"thumbnailUrl\":\"https:\/\/prixgro.com\/wp-content\/uploads\/2023\/09\/dr-jart-cica-repair-brume-50ml-e1639854957768.png\",\"datePublished\":\"2024-04-09T12:29:16+00:00\",\"dateModified\":\"2024-08-08T19:22:14+00:00\",\"breadcrumb\":{\"@id\":\"https:\/\/prixgro.com\/product\/cicapair-tiger-grass-brume-apaisante-50ml-dr-jart\/#breadcrumb\"},\"inLanguage\":\"ar\",\"potentialAction\":[{\"@type\":\"ReadAction\",\"target\":[\"https:\/\/prixgro.com\/product\/cicapair-tiger-grass-brume-apaisante-50ml-dr-jart\/\"]}]},{\"@type\":\"ImageObject\",\"inLanguage\":\"ar\",\"@id\":\"https:\/\/prixgro.com\/product\/cicapair-tiger-grass-brume-apaisante-50ml-dr-jart\/#primaryimage\",\"url\":\"https:\/\/prixgro.com\/wp-content\/uploads\/2023\/09\/dr-jart-cica-repair-brume-50ml-e1639854957768.png\",\"contentUrl\":\"https:\/\/prixgro.com\/wp-content\/uploads\/2023\/09\/dr-jart-cica-repair-brume-50ml-e1639854957768.png\",\"width\":400,\"height\":400},{\"@type\":\"BreadcrumbList\",\"@id\":\"https:\/\/prixgro.com\/product\/cicapair-tiger-grass-brume-apaisante-50ml-dr-jart\/#breadcrumb\",\"itemListElement\":[{\"@type\":\"ListItem\",\"position\":1,\"name\":\"Accueil\",\"item\":\"https:\/\/prixgro.com\/\"},{\"@type\":\"ListItem\",\"position\":2,\"name\":\"Boutique en ligne\",\"item\":\"https:\/\/prixgro.com\/shop\/\"},{\"@type\":\"ListItem\",\"position\":3,\"name\":\"Cicapair Tiger Grass Brume Apaisante 50ml Dr.Jart+\"}]},{\"@type\":\"WebSite\",\"@id\":\"https:\/\/prixgro.com\/#website\",\"url\":\"https:\/\/prixgro.com\/\",\"name\":\"Prixgro.com\",\"description\":\"Para Pharmaceutique et Cosm\u00e9tique\",\"publisher\":{\"@id\":\"https:\/\/prixgro.com\/#organization\"},\"potentialAction\":[{\"@type\":\"SearchAction\",\"target\":{\"@type\":\"EntryPoint\",\"urlTemplate\":\"https:\/\/prixgro.com\/?s={search_term_string}\"},\"query-input\":{\"@type\":\"PropertyValueSpecification\",\"valueRequired\":true,\"valueName\":\"search_term_string\"}}],\"inLanguage\":\"ar\"},{\"@type\":\"Organization\",\"@id\":\"https:\/\/prixgro.com\/#organization\",\"name\":\"Prixgro\",\"url\":\"https:\/\/prixgro.com\/\",\"logo\":{\"@type\":\"ImageObject\",\"inLanguage\":\"ar\",\"@id\":\"https:\/\/prixgro.com\/#\/schema\/logo\/image\/\",\"url\":\"https:\/\/prixgro.com\/wp-content\/uploads\/2024\/08\/cropped-Nouveau-projet-2.png\",\"contentUrl\":\"https:\/\/prixgro.com\/wp-content\/uploads\/2024\/08\/cropped-Nouveau-projet-2.png\",\"width\":265,\"height\":62,\"caption\":\"Prixgro\"},\"image\":{\"@id\":\"https:\/\/prixgro.com\/#\/schema\/logo\/image\/\"},\"sameAs\":[\"https:\/\/www.facebook.com\/Pharmacima\"]}]}<\/script>\n<!-- \/ Yoast SEO plugin. -->","yoast_head_json":{"title":"Cicapair Tiger Grass Brume Apaisante 50ml Dr.Jart+ - Prixgro","robots":{"index":"index","follow":"follow","max-snippet":"max-snippet:-1","max-image-preview":"max-image-preview:large","max-video-preview":"max-video-preview:-1"},"canonical":"https:\/\/prixgro.com\/ar\/product\/cicapair-tiger-grass-brume-apaisante-50ml-dr-jart\/","og_locale":"ar_AR","og_type":"article","og_title":"Cicapair Tiger Grass Brume Apaisante 50ml Dr.Jart+ - Prixgro","og_description":"Une fine brume hydratante qui apaise instantan\u00e9ment et soulage la peau sensible, \u00e0 tout moment et pour longtemps.","og_url":"https:\/\/prixgro.com\/ar\/product\/cicapair-tiger-grass-brume-apaisante-50ml-dr-jart\/","og_site_name":"Prixgro","article_publisher":"https:\/\/www.facebook.com\/Pharmacima","article_modified_time":"2024-08-08T19:22:14+00:00","og_image":[{"width":400,"height":400,"url":"https:\/\/prixgro.com\/wp-content\/uploads\/2023\/09\/dr-jart-cica-repair-brume-50ml-e1639854957768.png","type":"image\/png"}],"twitter_card":"summary_large_image","twitter_misc":{"\u0648\u0642\u062a \u0627\u0644\u0642\u0631\u0627\u0621\u0629 \u0627\u0644\u0645\u064f\u0642\u062f\u0651\u0631":"\u062f\u0642\u064a\u0642\u062a\u0627\u0646"},"schema":{"@context":"https:\/\/schema.org","@graph":[{"@type":"WebPage","@id":"https:\/\/prixgro.com\/product\/cicapair-tiger-grass-brume-apaisante-50ml-dr-jart\/","url":"https:\/\/prixgro.com\/product\/cicapair-tiger-grass-brume-apaisante-50ml-dr-jart\/","name":"Cicapair Tiger Grass Brume Apaisante 50ml Dr.Jart+ - Prixgro","isPartOf":{"@id":"https:\/\/prixgro.com\/#website"},"primaryImageOfPage":{"@id":"https:\/\/prixgro.com\/product\/cicapair-tiger-grass-brume-apaisante-50ml-dr-jart\/#primaryimage"},"image":{"@id":"https:\/\/prixgro.com\/product\/cicapair-tiger-grass-brume-apaisante-50ml-dr-jart\/#primaryimage"},"thumbnailUrl":"https:\/\/prixgro.com\/wp-content\/uploads\/2023\/09\/dr-jart-cica-repair-brume-50ml-e1639854957768.png","datePublished":"2024-04-09T12:29:16+00:00","dateModified":"2024-08-08T19:22:14+00:00","breadcrumb":{"@id":"https:\/\/prixgro.com\/product\/cicapair-tiger-grass-brume-apaisante-50ml-dr-jart\/#breadcrumb"},"inLanguage":"ar","potentialAction":[{"@type":"ReadAction","target":["https:\/\/prixgro.com\/product\/cicapair-tiger-grass-brume-apaisante-50ml-dr-jart\/"]}]},{"@type":"ImageObject","inLanguage":"ar","@id":"https:\/\/prixgro.com\/product\/cicapair-tiger-grass-brume-apaisante-50ml-dr-jart\/#primaryimage","url":"https:\/\/prixgro.com\/wp-content\/uploads\/2023\/09\/dr-jart-cica-repair-brume-50ml-e1639854957768.png","contentUrl":"https:\/\/prixgro.com\/wp-content\/uploads\/2023\/09\/dr-jart-cica-repair-brume-50ml-e1639854957768.png","width":400,"height":400},{"@type":"BreadcrumbList","@id":"https:\/\/prixgro.com\/product\/cicapair-tiger-grass-brume-apaisante-50ml-dr-jart\/#breadcrumb","itemListElement":[{"@type":"ListItem","position":1,"name":"Accueil","item":"https:\/\/prixgro.com\/"},{"@type":"ListItem","position":2,"name":"Boutique en ligne","item":"https:\/\/prixgro.com\/shop\/"},{"@type":"ListItem","position":3,"name":"Cicapair Tiger Grass Brume Apaisante 50ml Dr.Jart+"}]},{"@type":"WebSite","@id":"https:\/\/prixgro.com\/#website","url":"https:\/\/prixgro.com\/","name":"Prixgro.com","description":"Para Pharmaceutique et Cosm\u00e9tique","publisher":{"@id":"https:\/\/prixgro.com\/#organization"},"potentialAction":[{"@type":"SearchAction","target":{"@type":"EntryPoint","urlTemplate":"https:\/\/prixgro.com\/?s={search_term_string}"},"query-input":{"@type":"PropertyValueSpecification","valueRequired":true,"valueName":"search_term_string"}}],"inLanguage":"ar"},{"@type":"Organization","@id":"https:\/\/prixgro.com\/#organization","name":"Prixgro","url":"https:\/\/prixgro.com\/","logo":{"@type":"ImageObject","inLanguage":"ar","@id":"https:\/\/prixgro.com\/#\/schema\/logo\/image\/","url":"https:\/\/prixgro.com\/wp-content\/uploads\/2024\/08\/cropped-Nouveau-projet-2.png","contentUrl":"https:\/\/prixgro.com\/wp-content\/uploads\/2024\/08\/cropped-Nouveau-projet-2.png","width":265,"height":62,"caption":"Prixgro"},"image":{"@id":"https:\/\/prixgro.com\/#\/schema\/logo\/image\/"},"sameAs":["https:\/\/www.facebook.com\/Pharmacima"]}]}},"_links":{"self":[{"href":"https:\/\/prixgro.com\/ar\/wp-json\/wp\/v2\/product\/141827","targetHints":{"allow":["GET"]}}],"collection":[{"href":"https:\/\/prixgro.com\/ar\/wp-json\/wp\/v2\/product"}],"about":[{"href":"https:\/\/prixgro.com\/ar\/wp-json\/wp\/v2\/types\/product"}],"replies":[{"embeddable":true,"href":"https:\/\/prixgro.com\/ar\/wp-json\/wp\/v2\/comments?post=141827"}],"wp:featuredmedia":[{"embeddable":true,"href":"https:\/\/prixgro.com\/ar\/wp-json\/wp\/v2\/media\/2752"}],"wp:attachment":[{"href":"https:\/\/prixgro.com\/ar\/wp-json\/wp\/v2\/media?parent=141827"}],"wp:term":[{"taxonomy":"product_cat","embeddable":true,"href":"https:\/\/prixgro.com\/ar\/wp-json\/wp\/v2\/product_cat?post=141827"},{"taxonomy":"product_tag","embeddable":true,"href":"https:\/\/prixgro.com\/ar\/wp-json\/wp\/v2\/product_tag?post=141827"},{"taxonomy":"berocket_brand","embeddable":true,"href":"https:\/\/prixgro.com\/ar\/wp-json\/wp\/v2\/berocket_brand?post=141827"}],"curies":[{"name":"wp","href":"https:\/\/api.w.org\/{rel}","templated":true}]}}