{"id":141835,"date":"2024-04-09T14:29:17","date_gmt":"2024-04-09T12:29:17","guid":{"rendered":"https:\/\/cloodmanager.net\/?post_type=product&#038;p=141835"},"modified":"2024-08-08T13:26:22","modified_gmt":"2024-08-08T11:26:22","slug":"soin-anti-imperfections-a-lacide-succinique-15ml-the-inkey-list","status":"publish","type":"product","link":"https:\/\/prixgro.com\/ar\/product\/soin-anti-imperfections-a-lacide-succinique-15ml-the-inkey-list\/","title":{"rendered":"Soin Anti-Imperfections \u00c0 L&#8217;acide Succinique 15ml The Inkey list"},"content":{"rendered":"<p><strong>Description :\u00a0<\/strong><\/p>\n<p>QU&#8217;EST-CE QUE C&#8217;EST ?<br \/>\nNon-dess\u00e9chant, doux et cibl\u00e9, le soin anti-imperfections de The INKEY List att\u00e9nue rapidement les imperfections, et pr\u00e9vient l&#8217;obstruction des pores.<\/p>\n<p>MODE D&#8217;ACTION :<br \/>\nEn plus d&#8217;agir sur les imperfections, l&#8217;acide succinique 2 % a un effet peeling doux pour exfolier la peau en douceur et d\u00e9sincruster les pores, tout en les emp\u00eachant de s&#8217;obstruer \u00e0 nouveau apr\u00e8s utilisation. Coupl\u00e9 \u00e0 du soufre 2 % et de l&#8217;acide hyaluronique, il r\u00e9duit l&#8217;exc\u00e8s de s\u00e9bum et d\u00e9sincruste les pores tout en hydratant la peau. Contenant \u00e9galement de l&#8217;acide salicylique 1%, ce soin cibl\u00e9 aidera \u00e0 r\u00e9duire les imperfections et les points noirs tout en restant doux pour la peau.<\/p>\n<p>INGR\u00c9DIENTS CL\u00c9S :<br \/>\n&#8211; Acide succinique 2 % : aide \u00e0 r\u00e9duire la taille des imperfections et l&#8217;exc\u00e8s de s\u00e9bum<br \/>\n&#8211; Poudre de soufre 2 % : r\u00e9duit l&#8217;exc\u00e8s de s\u00e9bum sans ass\u00e9cher la peau et aide \u00e0 d\u00e9sincruster les pores pour pr\u00e9venir les \u00e9ruptions ult\u00e9rieures.<br \/>\n&#8211; Acide salicylique 1 % : exfolie d\u00e9licatement la peau en r\u00e9duisant l&#8217;accumulation de cellules mortes, contribuant ainsi \u00e0 att\u00e9nuer les imperfections et les points noirs.<\/p>\n<p>INGR\u00c9DIENT COMPL\u00c9MENTAIRE :<br \/>\n&#8211; ACIDE HYALURONIQUE 0,4 % : hydrate la peau<\/p>\n<p>Succinic Acid Blemish Treatment pr\u00e9sente une formule de couleur verte obtenue \u00e0 partir d&#8217;un pigment v\u00e9g\u00e9tal naturel d\u00e9riv\u00e9 de la chlorophylle. En raison des diff\u00e9rentes conditions climatiques et saisons auxquelles la plante est expos\u00e9e, la teinte de la formule du produit que vous utilisez peut \u00eatre plus ou moins vive. Cela n&#8217;affecte en rien l&#8217;efficacit\u00e9 de la formule \u00e0 l&#8217;acide succinique 2 % pour r\u00e9duire rapidement l&#8217;apparence des imperfections.<\/p>\n<p>GOOD FOR YOU*<br \/>\nDes formules compos\u00e9es \u00e0 90% minimum d&#8217;ingr\u00e9dients d&#8217;origine naturelle<\/p>\n<p>GOOD FOR A BETTER PLANET**<br \/>\nDes emballages \u00e9co-con\u00e7us et\/ou un sourcing responsable des ingr\u00e9dients<\/p>\n<p>GOOD FOR VEGAN***<br \/>\nDes produits sans ingr\u00e9dient d\u2019origine animale<\/p>\n<p>*Bon pour vous<br \/>\n**Bons gestes pour prendre mieux soin de la plan\u00e8te<br \/>\n***Bon pour les v\u00e9g\u00e9taliens<\/p>\n<p>Conseils d&#8217;utilisation :<\/p>\n<p>Formule douce pour une utilisation quotidienne sur les imperfections uniquement.<br \/>\nPeut \u00eatre appliqu\u00e9 sur une imperfection jusqu&#8217;\u00e0 trois fois par jour.<br \/>\nIl est conseill\u00e9 de l&#8217;appliquer sur une peau nettoy\u00e9e apr\u00e8s Hyaluronic Acid Serum si ce soin fait partie de votre routine.<br \/>\nAppliquer une petite quantit\u00e9 en ciblant la zone concern\u00e9e uniquement.<br \/>\nLaisser s\u00e9cher la formule 10 minutes avant d&#8217;appliquer tout autre produit de soin ou de maquillage.<\/p>\n<p><strong>Conseils d&#8217;utilisation :<br \/>\n<\/strong><br \/>\nIl est recommand\u00e9 de toujours effectuer un test \u00e9picutan\u00e9 sur la face interne de l&#8217;avant-bras 24 heures avant l&#8217;utilisation.<br \/>\nL&#8217;introduction de nouveaux produits dans le rituel doit \u00eatre progressive afin de pouvoir identifier facilement toute source d&#8217;irritation.<br \/>\nUsage externe uniquement.<br \/>\nSi l&#8217;irritation persiste, cesser l&#8217;utilisation.<br \/>\nTenir hors de la port\u00e9e des enfants.<\/p>\n<p><strong>Composition :\u00a0<\/strong><\/p>\n<p>WATER (AQUA\/EAU), CAPRYLIC\/CAPRIC TRIGLYCERIDE, GLYCERYL STEARATE SE, STEARIC ACID, CETEARYL ALCOHOL, COLLOIDAL SULFUR, GLYCERIN, SUCCINIC ACID, HYDROXYETHYL ACRYLATE\/SODIUM ACRYLOYLDIMETHYL TAURATE COPOLYMER, SALICYLIC ACID, PHENOXYETHANOL, SQUALANE, BENZYL ALCOHOL, SODIUM HYALURONATE, POLYSORBATE 60, ETHYLHEXYLGLYCERIN, SODIUM HYDROXIDE, DEHYDROACETIC ACID, MALACHITE EXTRACT, SORBITAN ISOSTEARATE, TRISODIUM ETHYLENEDIAMINE DISUCCINATE, CI 75810 (CHLOROPHYLLIN-COPPER COMPLEX).<\/p>\n<p>Cette liste d&#8217;ingr\u00e9dients peut faire l&#8217;objet de modifications, veuillez consulter l&#8217;emballage du produit achet\u00e9.<\/p>","protected":false},"excerpt":{"rendered":"<p>Att\u00e9nue rapidement les imperfections.<\/p>\n<p>15ml.<\/p>","protected":false},"featured_media":142753,"comment_status":"open","ping_status":"closed","template":"","meta":[],"product_cat":[17,36],"product_tag":[],"berocket_brand":[465],"class_list":{"0":"post-141835","1":"product","2":"type-product","3":"status-publish","4":"has-post-thumbnail","6":"product_cat-soin-et-bien-etre","7":"product_cat-visage-soin-et-bien-etre","8":"berocket_brand-theinkeylist","10":"first","11":"outofstock","12":"shipping-taxable","13":"purchasable","14":"product-type-simple"},"yoast_head":"<!-- This site is optimized with the Yoast SEO plugin v24.8 - https:\/\/yoast.com\/wordpress\/plugins\/seo\/ -->\n<title>Soin Anti-Imperfections \u00c0 L&#039;acide Succinique 15ml The Inkey list - Prixgro<\/title>\n<meta name=\"description\" content=\"Non-dess\u00e9chant, doux et cibl\u00e9, le soin anti-imperfections de The INKEY List att\u00e9nue rapidement les imperfections, et pr\u00e9vient l&#039;obstruction des pores.\" \/>\n<meta name=\"robots\" content=\"index, follow, max-snippet:-1, max-image-preview:large, max-video-preview:-1\" \/>\n<link rel=\"canonical\" href=\"https:\/\/prixgro.com\/ar\/product\/soin-anti-imperfections-a-lacide-succinique-15ml-the-inkey-list\/\" \/>\n<meta property=\"og:locale\" content=\"ar_AR\" \/>\n<meta property=\"og:type\" content=\"article\" \/>\n<meta property=\"og:title\" content=\"Soin Anti-Imperfections \u00c0 L&#039;acide Succinique 15ml The Inkey list - Prixgro\" \/>\n<meta property=\"og:description\" content=\"Non-dess\u00e9chant, doux et cibl\u00e9, le soin anti-imperfections de The INKEY List att\u00e9nue rapidement les imperfections, et pr\u00e9vient l&#039;obstruction des pores.\" \/>\n<meta property=\"og:url\" content=\"https:\/\/prixgro.com\/ar\/product\/soin-anti-imperfections-a-lacide-succinique-15ml-the-inkey-list\/\" \/>\n<meta property=\"og:site_name\" content=\"Prixgro\" \/>\n<meta property=\"article:publisher\" content=\"https:\/\/www.facebook.com\/Pharmacima\" \/>\n<meta property=\"article:modified_time\" content=\"2024-08-08T11:26:22+00:00\" \/>\n<meta property=\"og:image\" content=\"https:\/\/prixgro.com\/wp-content\/uploads\/2024\/04\/the-inkey-27.png\" \/>\n\t<meta property=\"og:image:width\" content=\"540\" \/>\n\t<meta property=\"og:image:height\" content=\"540\" \/>\n\t<meta property=\"og:image:type\" content=\"image\/png\" \/>\n<meta name=\"twitter:card\" content=\"summary_large_image\" \/>\n<meta name=\"twitter:label1\" content=\"\u0648\u0642\u062a \u0627\u0644\u0642\u0631\u0627\u0621\u0629 \u0627\u0644\u0645\u064f\u0642\u062f\u0651\u0631\" \/>\n\t<meta name=\"twitter:data1\" content=\"3 \u062f\u0642\u0627\u0626\u0642\" \/>\n<script type=\"application\/ld+json\" class=\"yoast-schema-graph\">{\"@context\":\"https:\/\/schema.org\",\"@graph\":[{\"@type\":\"WebPage\",\"@id\":\"https:\/\/prixgro.com\/product\/soin-anti-imperfections-a-lacide-succinique-15ml-the-inkey-list\/\",\"url\":\"https:\/\/prixgro.com\/product\/soin-anti-imperfections-a-lacide-succinique-15ml-the-inkey-list\/\",\"name\":\"Soin Anti-Imperfections \u00c0 L'acide Succinique 15ml The Inkey list - Prixgro\",\"isPartOf\":{\"@id\":\"https:\/\/prixgro.com\/#website\"},\"primaryImageOfPage\":{\"@id\":\"https:\/\/prixgro.com\/product\/soin-anti-imperfections-a-lacide-succinique-15ml-the-inkey-list\/#primaryimage\"},\"image\":{\"@id\":\"https:\/\/prixgro.com\/product\/soin-anti-imperfections-a-lacide-succinique-15ml-the-inkey-list\/#primaryimage\"},\"thumbnailUrl\":\"https:\/\/prixgro.com\/wp-content\/uploads\/2024\/04\/the-inkey-27.png\",\"datePublished\":\"2024-04-09T12:29:17+00:00\",\"dateModified\":\"2024-08-08T11:26:22+00:00\",\"description\":\"Non-dess\u00e9chant, doux et cibl\u00e9, le soin anti-imperfections de The INKEY List att\u00e9nue rapidement les imperfections, et pr\u00e9vient l'obstruction des pores.\",\"breadcrumb\":{\"@id\":\"https:\/\/prixgro.com\/product\/soin-anti-imperfections-a-lacide-succinique-15ml-the-inkey-list\/#breadcrumb\"},\"inLanguage\":\"ar\",\"potentialAction\":[{\"@type\":\"ReadAction\",\"target\":[\"https:\/\/prixgro.com\/product\/soin-anti-imperfections-a-lacide-succinique-15ml-the-inkey-list\/\"]}]},{\"@type\":\"ImageObject\",\"inLanguage\":\"ar\",\"@id\":\"https:\/\/prixgro.com\/product\/soin-anti-imperfections-a-lacide-succinique-15ml-the-inkey-list\/#primaryimage\",\"url\":\"https:\/\/prixgro.com\/wp-content\/uploads\/2024\/04\/the-inkey-27.png\",\"contentUrl\":\"https:\/\/prixgro.com\/wp-content\/uploads\/2024\/04\/the-inkey-27.png\",\"width\":540,\"height\":540},{\"@type\":\"BreadcrumbList\",\"@id\":\"https:\/\/prixgro.com\/product\/soin-anti-imperfections-a-lacide-succinique-15ml-the-inkey-list\/#breadcrumb\",\"itemListElement\":[{\"@type\":\"ListItem\",\"position\":1,\"name\":\"Accueil\",\"item\":\"https:\/\/prixgro.com\/\"},{\"@type\":\"ListItem\",\"position\":2,\"name\":\"Boutique en ligne\",\"item\":\"https:\/\/prixgro.com\/shop\/\"},{\"@type\":\"ListItem\",\"position\":3,\"name\":\"Soin Anti-Imperfections \u00c0 L&#8217;acide Succinique 15ml The Inkey list\"}]},{\"@type\":\"WebSite\",\"@id\":\"https:\/\/prixgro.com\/#website\",\"url\":\"https:\/\/prixgro.com\/\",\"name\":\"Prixgro.com\",\"description\":\"Para Pharmaceutique et Cosm\u00e9tique\",\"publisher\":{\"@id\":\"https:\/\/prixgro.com\/#organization\"},\"potentialAction\":[{\"@type\":\"SearchAction\",\"target\":{\"@type\":\"EntryPoint\",\"urlTemplate\":\"https:\/\/prixgro.com\/?s={search_term_string}\"},\"query-input\":{\"@type\":\"PropertyValueSpecification\",\"valueRequired\":true,\"valueName\":\"search_term_string\"}}],\"inLanguage\":\"ar\"},{\"@type\":\"Organization\",\"@id\":\"https:\/\/prixgro.com\/#organization\",\"name\":\"Prixgro\",\"url\":\"https:\/\/prixgro.com\/\",\"logo\":{\"@type\":\"ImageObject\",\"inLanguage\":\"ar\",\"@id\":\"https:\/\/prixgro.com\/#\/schema\/logo\/image\/\",\"url\":\"https:\/\/prixgro.com\/wp-content\/uploads\/2024\/08\/cropped-Nouveau-projet-2.png\",\"contentUrl\":\"https:\/\/prixgro.com\/wp-content\/uploads\/2024\/08\/cropped-Nouveau-projet-2.png\",\"width\":265,\"height\":62,\"caption\":\"Prixgro\"},\"image\":{\"@id\":\"https:\/\/prixgro.com\/#\/schema\/logo\/image\/\"},\"sameAs\":[\"https:\/\/www.facebook.com\/Pharmacima\"]}]}<\/script>\n<!-- \/ Yoast SEO plugin. -->","yoast_head_json":{"title":"Soin Anti-Imperfections \u00c0 L'acide Succinique 15ml The Inkey list - Prixgro","description":"Non-dess\u00e9chant, doux et cibl\u00e9, le soin anti-imperfections de The INKEY List att\u00e9nue rapidement les imperfections, et pr\u00e9vient l'obstruction des pores.","robots":{"index":"index","follow":"follow","max-snippet":"max-snippet:-1","max-image-preview":"max-image-preview:large","max-video-preview":"max-video-preview:-1"},"canonical":"https:\/\/prixgro.com\/ar\/product\/soin-anti-imperfections-a-lacide-succinique-15ml-the-inkey-list\/","og_locale":"ar_AR","og_type":"article","og_title":"Soin Anti-Imperfections \u00c0 L'acide Succinique 15ml The Inkey list - Prixgro","og_description":"Non-dess\u00e9chant, doux et cibl\u00e9, le soin anti-imperfections de The INKEY List att\u00e9nue rapidement les imperfections, et pr\u00e9vient l'obstruction des pores.","og_url":"https:\/\/prixgro.com\/ar\/product\/soin-anti-imperfections-a-lacide-succinique-15ml-the-inkey-list\/","og_site_name":"Prixgro","article_publisher":"https:\/\/www.facebook.com\/Pharmacima","article_modified_time":"2024-08-08T11:26:22+00:00","og_image":[{"width":540,"height":540,"url":"https:\/\/prixgro.com\/wp-content\/uploads\/2024\/04\/the-inkey-27.png","type":"image\/png"}],"twitter_card":"summary_large_image","twitter_misc":{"\u0648\u0642\u062a \u0627\u0644\u0642\u0631\u0627\u0621\u0629 \u0627\u0644\u0645\u064f\u0642\u062f\u0651\u0631":"3 \u062f\u0642\u0627\u0626\u0642"},"schema":{"@context":"https:\/\/schema.org","@graph":[{"@type":"WebPage","@id":"https:\/\/prixgro.com\/product\/soin-anti-imperfections-a-lacide-succinique-15ml-the-inkey-list\/","url":"https:\/\/prixgro.com\/product\/soin-anti-imperfections-a-lacide-succinique-15ml-the-inkey-list\/","name":"Soin Anti-Imperfections \u00c0 L'acide Succinique 15ml The Inkey list - Prixgro","isPartOf":{"@id":"https:\/\/prixgro.com\/#website"},"primaryImageOfPage":{"@id":"https:\/\/prixgro.com\/product\/soin-anti-imperfections-a-lacide-succinique-15ml-the-inkey-list\/#primaryimage"},"image":{"@id":"https:\/\/prixgro.com\/product\/soin-anti-imperfections-a-lacide-succinique-15ml-the-inkey-list\/#primaryimage"},"thumbnailUrl":"https:\/\/prixgro.com\/wp-content\/uploads\/2024\/04\/the-inkey-27.png","datePublished":"2024-04-09T12:29:17+00:00","dateModified":"2024-08-08T11:26:22+00:00","description":"Non-dess\u00e9chant, doux et cibl\u00e9, le soin anti-imperfections de The INKEY List att\u00e9nue rapidement les imperfections, et pr\u00e9vient l'obstruction des pores.","breadcrumb":{"@id":"https:\/\/prixgro.com\/product\/soin-anti-imperfections-a-lacide-succinique-15ml-the-inkey-list\/#breadcrumb"},"inLanguage":"ar","potentialAction":[{"@type":"ReadAction","target":["https:\/\/prixgro.com\/product\/soin-anti-imperfections-a-lacide-succinique-15ml-the-inkey-list\/"]}]},{"@type":"ImageObject","inLanguage":"ar","@id":"https:\/\/prixgro.com\/product\/soin-anti-imperfections-a-lacide-succinique-15ml-the-inkey-list\/#primaryimage","url":"https:\/\/prixgro.com\/wp-content\/uploads\/2024\/04\/the-inkey-27.png","contentUrl":"https:\/\/prixgro.com\/wp-content\/uploads\/2024\/04\/the-inkey-27.png","width":540,"height":540},{"@type":"BreadcrumbList","@id":"https:\/\/prixgro.com\/product\/soin-anti-imperfections-a-lacide-succinique-15ml-the-inkey-list\/#breadcrumb","itemListElement":[{"@type":"ListItem","position":1,"name":"Accueil","item":"https:\/\/prixgro.com\/"},{"@type":"ListItem","position":2,"name":"Boutique en ligne","item":"https:\/\/prixgro.com\/shop\/"},{"@type":"ListItem","position":3,"name":"Soin Anti-Imperfections \u00c0 L&#8217;acide Succinique 15ml The Inkey list"}]},{"@type":"WebSite","@id":"https:\/\/prixgro.com\/#website","url":"https:\/\/prixgro.com\/","name":"Prixgro.com","description":"Para Pharmaceutique et Cosm\u00e9tique","publisher":{"@id":"https:\/\/prixgro.com\/#organization"},"potentialAction":[{"@type":"SearchAction","target":{"@type":"EntryPoint","urlTemplate":"https:\/\/prixgro.com\/?s={search_term_string}"},"query-input":{"@type":"PropertyValueSpecification","valueRequired":true,"valueName":"search_term_string"}}],"inLanguage":"ar"},{"@type":"Organization","@id":"https:\/\/prixgro.com\/#organization","name":"Prixgro","url":"https:\/\/prixgro.com\/","logo":{"@type":"ImageObject","inLanguage":"ar","@id":"https:\/\/prixgro.com\/#\/schema\/logo\/image\/","url":"https:\/\/prixgro.com\/wp-content\/uploads\/2024\/08\/cropped-Nouveau-projet-2.png","contentUrl":"https:\/\/prixgro.com\/wp-content\/uploads\/2024\/08\/cropped-Nouveau-projet-2.png","width":265,"height":62,"caption":"Prixgro"},"image":{"@id":"https:\/\/prixgro.com\/#\/schema\/logo\/image\/"},"sameAs":["https:\/\/www.facebook.com\/Pharmacima"]}]}},"_links":{"self":[{"href":"https:\/\/prixgro.com\/ar\/wp-json\/wp\/v2\/product\/141835","targetHints":{"allow":["GET"]}}],"collection":[{"href":"https:\/\/prixgro.com\/ar\/wp-json\/wp\/v2\/product"}],"about":[{"href":"https:\/\/prixgro.com\/ar\/wp-json\/wp\/v2\/types\/product"}],"replies":[{"embeddable":true,"href":"https:\/\/prixgro.com\/ar\/wp-json\/wp\/v2\/comments?post=141835"}],"wp:featuredmedia":[{"embeddable":true,"href":"https:\/\/prixgro.com\/ar\/wp-json\/wp\/v2\/media\/142753"}],"wp:attachment":[{"href":"https:\/\/prixgro.com\/ar\/wp-json\/wp\/v2\/media?parent=141835"}],"wp:term":[{"taxonomy":"product_cat","embeddable":true,"href":"https:\/\/prixgro.com\/ar\/wp-json\/wp\/v2\/product_cat?post=141835"},{"taxonomy":"product_tag","embeddable":true,"href":"https:\/\/prixgro.com\/ar\/wp-json\/wp\/v2\/product_tag?post=141835"},{"taxonomy":"berocket_brand","embeddable":true,"href":"https:\/\/prixgro.com\/ar\/wp-json\/wp\/v2\/berocket_brand?post=141835"}],"curies":[{"name":"wp","href":"https:\/\/api.w.org\/{rel}","templated":true}]}}