{"id":141839,"date":"2024-04-09T14:29:17","date_gmt":"2024-04-09T12:29:17","guid":{"rendered":"https:\/\/cloodmanager.net\/?post_type=product&#038;p=141839"},"modified":"2024-08-08T13:25:53","modified_gmt":"2024-08-08T11:25:53","slug":"solution-anhydre-dacide-salicylique-2-30ml-the-ordinary","status":"publish","type":"product","link":"https:\/\/prixgro.com\/ar\/product\/solution-anhydre-dacide-salicylique-2-30ml-the-ordinary\/","title":{"rendered":"Solution anhydre d\u2019acide salicylique 2% 30ml The Ordinary"},"content":{"rendered":"<p><strong>Description :\u00a0\u00a0<\/strong><\/p>\n<p>Flacon 30ml<\/p>\n<p>La solution anhydre d\u2019acide salicylique \u00e0 2\u00a0% de The Ordinary est un produit sans eau formul\u00e9 pour d\u00e9congestionner efficacement la peau et lui conf\u00e9rer un effet exfoliant superficiel.<\/p>\n<p>La solution anhydre d\u2019acide salicylique \u00e0 2\u00a0% de The Ordinary est un produit sans eau formul\u00e9 pour d\u00e9congestionner efficacement la peau et lui conf\u00e9rer un effet exfoliant superficiel. Cela se traduira par une r\u00e9duction visible de la taille apparente des pores et des irr\u00e9gularit\u00e9s de texture, avec une am\u00e9lioration de l\u2019homog\u00e9n\u00e9it\u00e9 et de la clart\u00e9 du teint au fil du temps.<\/p>\n<div class=\"prdct__details-ref\">\n<p>R\u00e9f :\u00a0278982\u00a0R164316<\/p>\n<p><strong>Conseils d&#8217;utilisation :\u00a0<\/strong><\/p>\n<\/div>\n<div>\n<div class=\"prdct__content go-back\">\n<div id=\"prdct-details\" class=\"prdct__details\">\n<div class=\"prdct__details-wrap\">\n<div id=\"conseils\" class=\"prdct__details-content\">\n<p>Appliquez matin et soir. Appliquez un petit point sur la zone concern\u00e9e ou appliquez une petite quantit\u00e9 sur le visage pour un usage g\u00e9n\u00e9ral.<\/p>\n<\/div>\n<\/div>\n<\/div>\n<\/div>\n<div>\n<p><strong>Composition :\u00a0<\/strong><\/p>\n<\/div>\n<div>\n<div class=\"prdct__content go-back\">\n<div id=\"prdct-details\" class=\"prdct__details\">\n<div class=\"prdct__details-wrap\">\n<div id=\"ingredients\" class=\"prdct__details-content\">\n<p>Squalane, Caprylic\/Capric Triglyceride, Pentylene Glycol, Salicylic Acid, Oleic\/Linoleic\/Linolenic Polyglycerides, 4-t-Butylcyclohexanol, Hydroxymethoxyphenyl Decanone, Phenoxyethanol, Chlorphenesin.<\/p>\n<\/div>\n<\/div>\n<\/div>\n<\/div>\n<div><\/div>\n<\/div>\n<\/div>","protected":false},"excerpt":{"rendered":"<p><span style=\"font-family: futura-pt, serif\" data-mce-style=\"font-family: futura-pt, serif;\">S\u00e9rum sans eau pour une exfoliation douce et une d\u00e9congestion des pores.<\/span><\/p>\n<p>30ml.<\/p>","protected":false},"featured_media":2800,"comment_status":"open","ping_status":"closed","template":"","meta":[],"product_cat":[17,36],"product_tag":[],"berocket_brand":[460],"class_list":{"0":"post-141839","1":"product","2":"type-product","3":"status-publish","4":"has-post-thumbnail","6":"product_cat-soin-et-bien-etre","7":"product_cat-visage-soin-et-bien-etre","8":"berocket_brand-theordinary","10":"first","11":"outofstock","12":"shipping-taxable","13":"purchasable","14":"product-type-simple"},"yoast_head":"<!-- This site is optimized with the Yoast SEO plugin v24.8 - https:\/\/yoast.com\/wordpress\/plugins\/seo\/ -->\n<title>Solution anhydre d\u2019acide salicylique 2% 30ml The Ordinary - Prixgro<\/title>\n<meta name=\"robots\" content=\"index, follow, max-snippet:-1, max-image-preview:large, max-video-preview:-1\" \/>\n<link rel=\"canonical\" href=\"https:\/\/prixgro.com\/ar\/product\/solution-anhydre-dacide-salicylique-2-30ml-the-ordinary\/\" \/>\n<meta property=\"og:locale\" content=\"ar_AR\" \/>\n<meta property=\"og:type\" content=\"article\" \/>\n<meta property=\"og:title\" content=\"Solution anhydre d\u2019acide salicylique 2% 30ml The Ordinary - Prixgro\" \/>\n<meta property=\"og:description\" content=\"S\u00e9rum sans eau pour une exfoliation douce et une d\u00e9congestion des pores.30ml.\" \/>\n<meta property=\"og:url\" content=\"https:\/\/prixgro.com\/ar\/product\/solution-anhydre-dacide-salicylique-2-30ml-the-ordinary\/\" \/>\n<meta property=\"og:site_name\" content=\"Prixgro\" \/>\n<meta property=\"article:publisher\" content=\"https:\/\/www.facebook.com\/Pharmacima\" \/>\n<meta property=\"article:modified_time\" content=\"2024-08-08T11:25:53+00:00\" \/>\n<meta property=\"og:image\" content=\"https:\/\/prixgro.com\/wp-content\/uploads\/2023\/09\/s2495687-main-zoom-e1641307795547.jpg\" \/>\n\t<meta property=\"og:image:width\" content=\"500\" \/>\n\t<meta property=\"og:image:height\" content=\"500\" \/>\n\t<meta property=\"og:image:type\" content=\"image\/jpeg\" \/>\n<meta name=\"twitter:card\" content=\"summary_large_image\" \/>\n<meta name=\"twitter:label1\" content=\"\u0648\u0642\u062a \u0627\u0644\u0642\u0631\u0627\u0621\u0629 \u0627\u0644\u0645\u064f\u0642\u062f\u0651\u0631\" \/>\n\t<meta name=\"twitter:data1\" content=\"\u062f\u0642\u064a\u0642\u0629 \u0648\u0627\u062d\u062f\u0629\" \/>\n<script type=\"application\/ld+json\" class=\"yoast-schema-graph\">{\"@context\":\"https:\/\/schema.org\",\"@graph\":[{\"@type\":\"WebPage\",\"@id\":\"https:\/\/prixgro.com\/product\/solution-anhydre-dacide-salicylique-2-30ml-the-ordinary\/\",\"url\":\"https:\/\/prixgro.com\/product\/solution-anhydre-dacide-salicylique-2-30ml-the-ordinary\/\",\"name\":\"Solution anhydre d\u2019acide salicylique 2% 30ml The Ordinary - Prixgro\",\"isPartOf\":{\"@id\":\"https:\/\/prixgro.com\/#website\"},\"primaryImageOfPage\":{\"@id\":\"https:\/\/prixgro.com\/product\/solution-anhydre-dacide-salicylique-2-30ml-the-ordinary\/#primaryimage\"},\"image\":{\"@id\":\"https:\/\/prixgro.com\/product\/solution-anhydre-dacide-salicylique-2-30ml-the-ordinary\/#primaryimage\"},\"thumbnailUrl\":\"https:\/\/prixgro.com\/wp-content\/uploads\/2023\/09\/s2495687-main-zoom-e1641307795547.jpg\",\"datePublished\":\"2024-04-09T12:29:17+00:00\",\"dateModified\":\"2024-08-08T11:25:53+00:00\",\"breadcrumb\":{\"@id\":\"https:\/\/prixgro.com\/product\/solution-anhydre-dacide-salicylique-2-30ml-the-ordinary\/#breadcrumb\"},\"inLanguage\":\"ar\",\"potentialAction\":[{\"@type\":\"ReadAction\",\"target\":[\"https:\/\/prixgro.com\/product\/solution-anhydre-dacide-salicylique-2-30ml-the-ordinary\/\"]}]},{\"@type\":\"ImageObject\",\"inLanguage\":\"ar\",\"@id\":\"https:\/\/prixgro.com\/product\/solution-anhydre-dacide-salicylique-2-30ml-the-ordinary\/#primaryimage\",\"url\":\"https:\/\/prixgro.com\/wp-content\/uploads\/2023\/09\/s2495687-main-zoom-e1641307795547.jpg\",\"contentUrl\":\"https:\/\/prixgro.com\/wp-content\/uploads\/2023\/09\/s2495687-main-zoom-e1641307795547.jpg\",\"width\":500,\"height\":500},{\"@type\":\"BreadcrumbList\",\"@id\":\"https:\/\/prixgro.com\/product\/solution-anhydre-dacide-salicylique-2-30ml-the-ordinary\/#breadcrumb\",\"itemListElement\":[{\"@type\":\"ListItem\",\"position\":1,\"name\":\"Accueil\",\"item\":\"https:\/\/prixgro.com\/\"},{\"@type\":\"ListItem\",\"position\":2,\"name\":\"Boutique en ligne\",\"item\":\"https:\/\/prixgro.com\/shop\/\"},{\"@type\":\"ListItem\",\"position\":3,\"name\":\"Solution anhydre d\u2019acide salicylique 2% 30ml The Ordinary\"}]},{\"@type\":\"WebSite\",\"@id\":\"https:\/\/prixgro.com\/#website\",\"url\":\"https:\/\/prixgro.com\/\",\"name\":\"Prixgro.com\",\"description\":\"Para Pharmaceutique et Cosm\u00e9tique\",\"publisher\":{\"@id\":\"https:\/\/prixgro.com\/#organization\"},\"potentialAction\":[{\"@type\":\"SearchAction\",\"target\":{\"@type\":\"EntryPoint\",\"urlTemplate\":\"https:\/\/prixgro.com\/?s={search_term_string}\"},\"query-input\":{\"@type\":\"PropertyValueSpecification\",\"valueRequired\":true,\"valueName\":\"search_term_string\"}}],\"inLanguage\":\"ar\"},{\"@type\":\"Organization\",\"@id\":\"https:\/\/prixgro.com\/#organization\",\"name\":\"Prixgro\",\"url\":\"https:\/\/prixgro.com\/\",\"logo\":{\"@type\":\"ImageObject\",\"inLanguage\":\"ar\",\"@id\":\"https:\/\/prixgro.com\/#\/schema\/logo\/image\/\",\"url\":\"https:\/\/prixgro.com\/wp-content\/uploads\/2024\/08\/cropped-Nouveau-projet-2.png\",\"contentUrl\":\"https:\/\/prixgro.com\/wp-content\/uploads\/2024\/08\/cropped-Nouveau-projet-2.png\",\"width\":265,\"height\":62,\"caption\":\"Prixgro\"},\"image\":{\"@id\":\"https:\/\/prixgro.com\/#\/schema\/logo\/image\/\"},\"sameAs\":[\"https:\/\/www.facebook.com\/Pharmacima\"]}]}<\/script>\n<!-- \/ Yoast SEO plugin. -->","yoast_head_json":{"title":"Solution anhydre d\u2019acide salicylique 2% 30ml The Ordinary - Prixgro","robots":{"index":"index","follow":"follow","max-snippet":"max-snippet:-1","max-image-preview":"max-image-preview:large","max-video-preview":"max-video-preview:-1"},"canonical":"https:\/\/prixgro.com\/ar\/product\/solution-anhydre-dacide-salicylique-2-30ml-the-ordinary\/","og_locale":"ar_AR","og_type":"article","og_title":"Solution anhydre d\u2019acide salicylique 2% 30ml The Ordinary - Prixgro","og_description":"S\u00e9rum sans eau pour une exfoliation douce et une d\u00e9congestion des pores.30ml.","og_url":"https:\/\/prixgro.com\/ar\/product\/solution-anhydre-dacide-salicylique-2-30ml-the-ordinary\/","og_site_name":"Prixgro","article_publisher":"https:\/\/www.facebook.com\/Pharmacima","article_modified_time":"2024-08-08T11:25:53+00:00","og_image":[{"width":500,"height":500,"url":"https:\/\/prixgro.com\/wp-content\/uploads\/2023\/09\/s2495687-main-zoom-e1641307795547.jpg","type":"image\/jpeg"}],"twitter_card":"summary_large_image","twitter_misc":{"\u0648\u0642\u062a \u0627\u0644\u0642\u0631\u0627\u0621\u0629 \u0627\u0644\u0645\u064f\u0642\u062f\u0651\u0631":"\u062f\u0642\u064a\u0642\u0629 \u0648\u0627\u062d\u062f\u0629"},"schema":{"@context":"https:\/\/schema.org","@graph":[{"@type":"WebPage","@id":"https:\/\/prixgro.com\/product\/solution-anhydre-dacide-salicylique-2-30ml-the-ordinary\/","url":"https:\/\/prixgro.com\/product\/solution-anhydre-dacide-salicylique-2-30ml-the-ordinary\/","name":"Solution anhydre d\u2019acide salicylique 2% 30ml The Ordinary - Prixgro","isPartOf":{"@id":"https:\/\/prixgro.com\/#website"},"primaryImageOfPage":{"@id":"https:\/\/prixgro.com\/product\/solution-anhydre-dacide-salicylique-2-30ml-the-ordinary\/#primaryimage"},"image":{"@id":"https:\/\/prixgro.com\/product\/solution-anhydre-dacide-salicylique-2-30ml-the-ordinary\/#primaryimage"},"thumbnailUrl":"https:\/\/prixgro.com\/wp-content\/uploads\/2023\/09\/s2495687-main-zoom-e1641307795547.jpg","datePublished":"2024-04-09T12:29:17+00:00","dateModified":"2024-08-08T11:25:53+00:00","breadcrumb":{"@id":"https:\/\/prixgro.com\/product\/solution-anhydre-dacide-salicylique-2-30ml-the-ordinary\/#breadcrumb"},"inLanguage":"ar","potentialAction":[{"@type":"ReadAction","target":["https:\/\/prixgro.com\/product\/solution-anhydre-dacide-salicylique-2-30ml-the-ordinary\/"]}]},{"@type":"ImageObject","inLanguage":"ar","@id":"https:\/\/prixgro.com\/product\/solution-anhydre-dacide-salicylique-2-30ml-the-ordinary\/#primaryimage","url":"https:\/\/prixgro.com\/wp-content\/uploads\/2023\/09\/s2495687-main-zoom-e1641307795547.jpg","contentUrl":"https:\/\/prixgro.com\/wp-content\/uploads\/2023\/09\/s2495687-main-zoom-e1641307795547.jpg","width":500,"height":500},{"@type":"BreadcrumbList","@id":"https:\/\/prixgro.com\/product\/solution-anhydre-dacide-salicylique-2-30ml-the-ordinary\/#breadcrumb","itemListElement":[{"@type":"ListItem","position":1,"name":"Accueil","item":"https:\/\/prixgro.com\/"},{"@type":"ListItem","position":2,"name":"Boutique en ligne","item":"https:\/\/prixgro.com\/shop\/"},{"@type":"ListItem","position":3,"name":"Solution anhydre d\u2019acide salicylique 2% 30ml The Ordinary"}]},{"@type":"WebSite","@id":"https:\/\/prixgro.com\/#website","url":"https:\/\/prixgro.com\/","name":"Prixgro.com","description":"Para Pharmaceutique et Cosm\u00e9tique","publisher":{"@id":"https:\/\/prixgro.com\/#organization"},"potentialAction":[{"@type":"SearchAction","target":{"@type":"EntryPoint","urlTemplate":"https:\/\/prixgro.com\/?s={search_term_string}"},"query-input":{"@type":"PropertyValueSpecification","valueRequired":true,"valueName":"search_term_string"}}],"inLanguage":"ar"},{"@type":"Organization","@id":"https:\/\/prixgro.com\/#organization","name":"Prixgro","url":"https:\/\/prixgro.com\/","logo":{"@type":"ImageObject","inLanguage":"ar","@id":"https:\/\/prixgro.com\/#\/schema\/logo\/image\/","url":"https:\/\/prixgro.com\/wp-content\/uploads\/2024\/08\/cropped-Nouveau-projet-2.png","contentUrl":"https:\/\/prixgro.com\/wp-content\/uploads\/2024\/08\/cropped-Nouveau-projet-2.png","width":265,"height":62,"caption":"Prixgro"},"image":{"@id":"https:\/\/prixgro.com\/#\/schema\/logo\/image\/"},"sameAs":["https:\/\/www.facebook.com\/Pharmacima"]}]}},"_links":{"self":[{"href":"https:\/\/prixgro.com\/ar\/wp-json\/wp\/v2\/product\/141839","targetHints":{"allow":["GET"]}}],"collection":[{"href":"https:\/\/prixgro.com\/ar\/wp-json\/wp\/v2\/product"}],"about":[{"href":"https:\/\/prixgro.com\/ar\/wp-json\/wp\/v2\/types\/product"}],"replies":[{"embeddable":true,"href":"https:\/\/prixgro.com\/ar\/wp-json\/wp\/v2\/comments?post=141839"}],"wp:featuredmedia":[{"embeddable":true,"href":"https:\/\/prixgro.com\/ar\/wp-json\/wp\/v2\/media\/2800"}],"wp:attachment":[{"href":"https:\/\/prixgro.com\/ar\/wp-json\/wp\/v2\/media?parent=141839"}],"wp:term":[{"taxonomy":"product_cat","embeddable":true,"href":"https:\/\/prixgro.com\/ar\/wp-json\/wp\/v2\/product_cat?post=141839"},{"taxonomy":"product_tag","embeddable":true,"href":"https:\/\/prixgro.com\/ar\/wp-json\/wp\/v2\/product_tag?post=141839"},{"taxonomy":"berocket_brand","embeddable":true,"href":"https:\/\/prixgro.com\/ar\/wp-json\/wp\/v2\/berocket_brand?post=141839"}],"curies":[{"name":"wp","href":"https:\/\/api.w.org\/{rel}","templated":true}]}}