{"id":141852,"date":"2024-04-09T14:29:27","date_gmt":"2024-04-09T12:29:27","guid":{"rendered":"https:\/\/cloodmanager.net\/?post_type=product&#038;p=141852"},"modified":"2024-08-08T20:27:41","modified_gmt":"2024-08-08T18:27:41","slug":"nuit-baume-lissant-regenerant-30ml-physiolift-avene","status":"publish","type":"product","link":"https:\/\/prixgro.com\/ar\/product\/nuit-baume-lissant-regenerant-30ml-physiolift-avene\/","title":{"rendered":"Nuit Baume Lissant r\u00e9g\u00e9n\u00e9rant 30ml Physiolift Avene"},"content":{"rendered":"<h2 class=\"tabs-title\"><strong>Description<\/strong><\/h2>\n<div class=\"std new-std\">\n<p>AVENE Physiolift Nuit Baume nuit Lissant r\u00e9g\u00e9n\u00e9rant Tous types de peaux Hypoallerg\u00e9nique et non com\u00e9dog\u00e8ne 30ml<\/p>\n<p>Ce\u00a0<strong>baume anti-ride lissant<\/strong>\u00a0et\u00a0<strong>r\u00e9g\u00e9n\u00e9rant<\/strong>\u00a0convient \u00e0 tous les types de peau, m\u00eame les plus sensibles. Il agit efficacement contre les rides d\u00e9j\u00e0 pr\u00e9sentes et renforce la fermet\u00e9 de la peau, limitant ainsi la venue de nouvelles rides.<br \/><strong>Physiolift nuit baume nuit lissant r\u00e9g\u00e9n\u00e9rant<\/strong>\u00a0a aussi le pouvoir de\u00a0<strong>d\u00e9fatiguer les traits<\/strong>, car sa formule a \u00e9t\u00e9 \u00e9labor\u00e9e pour s&#8217;adapter aux biorythmes de la peau.<\/p>\n<p>Elle contient des actifs innovants et puissants :<br \/>&#8211; l&#8217;AscofillineTM associ\u00e9 aux Mono-Oligom\u00e8res d&#8217;Acide Hyaluronique et au R\u00e9tinald\u00e9hyde<strong>\u00a0recharge la peau en collag\u00e8ne<\/strong>\u00a0et en\u00a0<strong>acide hyaluronique<\/strong>\u00a0(tests in-vitro)<br \/>&#8211; l&#8217;Hesp\u00e9ridine Methyl Chalcone, aux\u00a0<strong>effets d\u00e9toxifiants<\/strong>, d\u00e9froisse les traits<br \/>&#8211; l&#8217;eau thermale d&#8217;Av\u00e8ne\u00a0<strong>apaise<\/strong>\u00a0et emp\u00eache les irritations<\/p>\n<p>Tout au long de la nuit, le soin reconstruit la peau et au r\u00e9veil, votre visage para\u00eet plus lumineux et parfaitement repos\u00e9. La texture onctueuse et d\u00e9licatement parfum\u00e9e du baume Physiolift nuit apporte une sensation de douceur.<br \/>En vous r\u00e9veillant le matin, votre peau aura l&#8217;air plus fra\u00eeche et vos traits moins fatigu\u00e9s.<\/p>\n<\/div>\n<h2><strong>CONSEIL D&#8217;UTILISATION<\/strong><\/h2>\n<p>Avant de traiter la peau, prenez toujours soin de vous d\u00e9maquiller avec le Lait d\u00e9maquillant douceur.<br \/>Appliquez le matin la PhysioLift JOUR Cr\u00e8me lissante sur le visage, le cou et le d\u00e9collet\u00e9.<br \/>Le soir, apr\u00e8s le d\u00e9maquillage, appliquez<strong>\u00a0PhysioLift NUIT Baume lissant r\u00e9g\u00e9n\u00e9rant<\/strong>.<br \/>Ensuite, vous pouvez d\u00e9poser une noisette de PhysioLift YEUX sur le bout des doigts puis tapoter l\u00e9g\u00e8rement autour des yeux en insistant sur les pattes d&#8217;oie.<br \/>Pour encore plus d&#8217;efficacit\u00e9, appliquez PhysioLift PRECISION Soin combleur dans le creux des rides et faites p\u00e9n\u00e9trer d\u00e9licatement.<br \/><strong>Physiolift nuit baume nuit lissant r\u00e9g\u00e9n\u00e9rant<\/strong>\u00a0fait partie d&#8217;une gamme compl\u00e8te de soins ultra performants pour stopper les effets du vieillissement.<\/p>\n<h2><strong>COMPOSITION<\/strong><\/h2>\n<p>Formule INCI:\u00a0Av\u00e8ne Thermal Spring Water, Isohexadecane, Dimethicone, Caprylic\/Capric Triglyceride, Cetyl Alcohol, Glycerin, Cetearyl Alcohol, Pentylene Glycol, Glyceryl Stearate, Peg-100 Stearate, 1-2 Hexanediol, Tocopheryl Acetate, Ascophyllum Nodosum Extract, BHT, Ceteareth-33 Dimethicone Crosspolymer, Disodium Edta, Fragrance, Hesperidin Methyl Chalcone, Methyldihydrojasmonate PVP, Red 33 (CI 17200), Retinal Sodium Hyaluronate, Water (Aqua), Xanthan Gum.<\/p>","protected":false},"excerpt":{"rendered":"<p><\/p>","protected":false},"featured_media":2850,"comment_status":"open","ping_status":"closed","template":"","meta":[],"product_cat":[17,36],"product_tag":[519,532,494,552,74,485,63,190,112],"berocket_brand":[],"class_list":{"0":"post-141852","1":"product","2":"type-product","3":"status-publish","4":"has-post-thumbnail","6":"product_cat-soin-et-bien-etre","7":"product_cat-visage-soin-et-bien-etre","8":"product_tag-acide-hyaluronique-2","9":"product_tag-anti-rides-2","10":"product_tag-baume-2","11":"product_tag-collagene-2","12":"product_tag-eau-thermale","13":"product_tag-hypoallergenique-2","14":"product_tag-soin-apaisant","15":"product_tag-soin-de-nuit","16":"product_tag-tous-types-de-peaux","18":"first","19":"outofstock","20":"shipping-taxable","21":"purchasable","22":"product-type-simple"},"yoast_head":"<!-- This site is optimized with the Yoast SEO plugin v24.8 - https:\/\/yoast.com\/wordpress\/plugins\/seo\/ -->\n<title>Nuit Baume Lissant r\u00e9g\u00e9n\u00e9rant 30ml Physiolift Avene - Prixgro<\/title>\n<meta name=\"robots\" content=\"index, follow, max-snippet:-1, max-image-preview:large, max-video-preview:-1\" \/>\n<link rel=\"canonical\" href=\"https:\/\/prixgro.com\/ar\/product\/nuit-baume-lissant-regenerant-30ml-physiolift-avene\/\" \/>\n<meta property=\"og:locale\" content=\"ar_AR\" \/>\n<meta property=\"og:type\" content=\"article\" \/>\n<meta property=\"og:title\" content=\"Nuit Baume Lissant r\u00e9g\u00e9n\u00e9rant 30ml Physiolift Avene - Prixgro\" \/>\n<meta property=\"og:url\" content=\"https:\/\/prixgro.com\/ar\/product\/nuit-baume-lissant-regenerant-30ml-physiolift-avene\/\" \/>\n<meta property=\"og:site_name\" content=\"Prixgro\" \/>\n<meta property=\"article:publisher\" content=\"https:\/\/www.facebook.com\/Pharmacima\" \/>\n<meta property=\"article:modified_time\" content=\"2024-08-08T18:27:41+00:00\" \/>\n<meta property=\"og:image\" content=\"https:\/\/prixgro.com\/wp-content\/uploads\/2023\/09\/avene-physiolift-nuit-baume-lisssant-regenerant-30ml-e1643656030195.jpg\" \/>\n\t<meta property=\"og:image:width\" content=\"400\" \/>\n\t<meta property=\"og:image:height\" content=\"400\" \/>\n\t<meta property=\"og:image:type\" content=\"image\/jpeg\" \/>\n<meta name=\"twitter:card\" content=\"summary_large_image\" \/>\n<meta name=\"twitter:label1\" content=\"\u0648\u0642\u062a \u0627\u0644\u0642\u0631\u0627\u0621\u0629 \u0627\u0644\u0645\u064f\u0642\u062f\u0651\u0631\" \/>\n\t<meta name=\"twitter:data1\" content=\"\u062f\u0642\u064a\u0642\u062a\u0627\u0646\" \/>\n<script type=\"application\/ld+json\" class=\"yoast-schema-graph\">{\"@context\":\"https:\/\/schema.org\",\"@graph\":[{\"@type\":\"WebPage\",\"@id\":\"https:\/\/prixgro.com\/product\/nuit-baume-lissant-regenerant-30ml-physiolift-avene\/\",\"url\":\"https:\/\/prixgro.com\/product\/nuit-baume-lissant-regenerant-30ml-physiolift-avene\/\",\"name\":\"Nuit Baume Lissant r\u00e9g\u00e9n\u00e9rant 30ml Physiolift Avene - Prixgro\",\"isPartOf\":{\"@id\":\"https:\/\/prixgro.com\/#website\"},\"primaryImageOfPage\":{\"@id\":\"https:\/\/prixgro.com\/product\/nuit-baume-lissant-regenerant-30ml-physiolift-avene\/#primaryimage\"},\"image\":{\"@id\":\"https:\/\/prixgro.com\/product\/nuit-baume-lissant-regenerant-30ml-physiolift-avene\/#primaryimage\"},\"thumbnailUrl\":\"https:\/\/prixgro.com\/wp-content\/uploads\/2023\/09\/avene-physiolift-nuit-baume-lisssant-regenerant-30ml-e1643656030195.jpg\",\"datePublished\":\"2024-04-09T12:29:27+00:00\",\"dateModified\":\"2024-08-08T18:27:41+00:00\",\"breadcrumb\":{\"@id\":\"https:\/\/prixgro.com\/product\/nuit-baume-lissant-regenerant-30ml-physiolift-avene\/#breadcrumb\"},\"inLanguage\":\"ar\",\"potentialAction\":[{\"@type\":\"ReadAction\",\"target\":[\"https:\/\/prixgro.com\/product\/nuit-baume-lissant-regenerant-30ml-physiolift-avene\/\"]}]},{\"@type\":\"ImageObject\",\"inLanguage\":\"ar\",\"@id\":\"https:\/\/prixgro.com\/product\/nuit-baume-lissant-regenerant-30ml-physiolift-avene\/#primaryimage\",\"url\":\"https:\/\/prixgro.com\/wp-content\/uploads\/2023\/09\/avene-physiolift-nuit-baume-lisssant-regenerant-30ml-e1643656030195.jpg\",\"contentUrl\":\"https:\/\/prixgro.com\/wp-content\/uploads\/2023\/09\/avene-physiolift-nuit-baume-lisssant-regenerant-30ml-e1643656030195.jpg\",\"width\":400,\"height\":400},{\"@type\":\"BreadcrumbList\",\"@id\":\"https:\/\/prixgro.com\/product\/nuit-baume-lissant-regenerant-30ml-physiolift-avene\/#breadcrumb\",\"itemListElement\":[{\"@type\":\"ListItem\",\"position\":1,\"name\":\"Accueil\",\"item\":\"https:\/\/prixgro.com\/\"},{\"@type\":\"ListItem\",\"position\":2,\"name\":\"Boutique en ligne\",\"item\":\"https:\/\/prixgro.com\/shop\/\"},{\"@type\":\"ListItem\",\"position\":3,\"name\":\"Nuit Baume Lissant r\u00e9g\u00e9n\u00e9rant 30ml Physiolift Avene\"}]},{\"@type\":\"WebSite\",\"@id\":\"https:\/\/prixgro.com\/#website\",\"url\":\"https:\/\/prixgro.com\/\",\"name\":\"Prixgro.com\",\"description\":\"Para Pharmaceutique et Cosm\u00e9tique\",\"publisher\":{\"@id\":\"https:\/\/prixgro.com\/#organization\"},\"potentialAction\":[{\"@type\":\"SearchAction\",\"target\":{\"@type\":\"EntryPoint\",\"urlTemplate\":\"https:\/\/prixgro.com\/?s={search_term_string}\"},\"query-input\":{\"@type\":\"PropertyValueSpecification\",\"valueRequired\":true,\"valueName\":\"search_term_string\"}}],\"inLanguage\":\"ar\"},{\"@type\":\"Organization\",\"@id\":\"https:\/\/prixgro.com\/#organization\",\"name\":\"Prixgro\",\"url\":\"https:\/\/prixgro.com\/\",\"logo\":{\"@type\":\"ImageObject\",\"inLanguage\":\"ar\",\"@id\":\"https:\/\/prixgro.com\/#\/schema\/logo\/image\/\",\"url\":\"https:\/\/prixgro.com\/wp-content\/uploads\/2024\/08\/cropped-Nouveau-projet-2.png\",\"contentUrl\":\"https:\/\/prixgro.com\/wp-content\/uploads\/2024\/08\/cropped-Nouveau-projet-2.png\",\"width\":265,\"height\":62,\"caption\":\"Prixgro\"},\"image\":{\"@id\":\"https:\/\/prixgro.com\/#\/schema\/logo\/image\/\"},\"sameAs\":[\"https:\/\/www.facebook.com\/Pharmacima\"]}]}<\/script>\n<!-- \/ Yoast SEO plugin. -->","yoast_head_json":{"title":"Nuit Baume Lissant r\u00e9g\u00e9n\u00e9rant 30ml Physiolift Avene - Prixgro","robots":{"index":"index","follow":"follow","max-snippet":"max-snippet:-1","max-image-preview":"max-image-preview:large","max-video-preview":"max-video-preview:-1"},"canonical":"https:\/\/prixgro.com\/ar\/product\/nuit-baume-lissant-regenerant-30ml-physiolift-avene\/","og_locale":"ar_AR","og_type":"article","og_title":"Nuit Baume Lissant r\u00e9g\u00e9n\u00e9rant 30ml Physiolift Avene - Prixgro","og_url":"https:\/\/prixgro.com\/ar\/product\/nuit-baume-lissant-regenerant-30ml-physiolift-avene\/","og_site_name":"Prixgro","article_publisher":"https:\/\/www.facebook.com\/Pharmacima","article_modified_time":"2024-08-08T18:27:41+00:00","og_image":[{"width":400,"height":400,"url":"https:\/\/prixgro.com\/wp-content\/uploads\/2023\/09\/avene-physiolift-nuit-baume-lisssant-regenerant-30ml-e1643656030195.jpg","type":"image\/jpeg"}],"twitter_card":"summary_large_image","twitter_misc":{"\u0648\u0642\u062a \u0627\u0644\u0642\u0631\u0627\u0621\u0629 \u0627\u0644\u0645\u064f\u0642\u062f\u0651\u0631":"\u062f\u0642\u064a\u0642\u062a\u0627\u0646"},"schema":{"@context":"https:\/\/schema.org","@graph":[{"@type":"WebPage","@id":"https:\/\/prixgro.com\/product\/nuit-baume-lissant-regenerant-30ml-physiolift-avene\/","url":"https:\/\/prixgro.com\/product\/nuit-baume-lissant-regenerant-30ml-physiolift-avene\/","name":"Nuit Baume Lissant r\u00e9g\u00e9n\u00e9rant 30ml Physiolift Avene - Prixgro","isPartOf":{"@id":"https:\/\/prixgro.com\/#website"},"primaryImageOfPage":{"@id":"https:\/\/prixgro.com\/product\/nuit-baume-lissant-regenerant-30ml-physiolift-avene\/#primaryimage"},"image":{"@id":"https:\/\/prixgro.com\/product\/nuit-baume-lissant-regenerant-30ml-physiolift-avene\/#primaryimage"},"thumbnailUrl":"https:\/\/prixgro.com\/wp-content\/uploads\/2023\/09\/avene-physiolift-nuit-baume-lisssant-regenerant-30ml-e1643656030195.jpg","datePublished":"2024-04-09T12:29:27+00:00","dateModified":"2024-08-08T18:27:41+00:00","breadcrumb":{"@id":"https:\/\/prixgro.com\/product\/nuit-baume-lissant-regenerant-30ml-physiolift-avene\/#breadcrumb"},"inLanguage":"ar","potentialAction":[{"@type":"ReadAction","target":["https:\/\/prixgro.com\/product\/nuit-baume-lissant-regenerant-30ml-physiolift-avene\/"]}]},{"@type":"ImageObject","inLanguage":"ar","@id":"https:\/\/prixgro.com\/product\/nuit-baume-lissant-regenerant-30ml-physiolift-avene\/#primaryimage","url":"https:\/\/prixgro.com\/wp-content\/uploads\/2023\/09\/avene-physiolift-nuit-baume-lisssant-regenerant-30ml-e1643656030195.jpg","contentUrl":"https:\/\/prixgro.com\/wp-content\/uploads\/2023\/09\/avene-physiolift-nuit-baume-lisssant-regenerant-30ml-e1643656030195.jpg","width":400,"height":400},{"@type":"BreadcrumbList","@id":"https:\/\/prixgro.com\/product\/nuit-baume-lissant-regenerant-30ml-physiolift-avene\/#breadcrumb","itemListElement":[{"@type":"ListItem","position":1,"name":"Accueil","item":"https:\/\/prixgro.com\/"},{"@type":"ListItem","position":2,"name":"Boutique en ligne","item":"https:\/\/prixgro.com\/shop\/"},{"@type":"ListItem","position":3,"name":"Nuit Baume Lissant r\u00e9g\u00e9n\u00e9rant 30ml Physiolift Avene"}]},{"@type":"WebSite","@id":"https:\/\/prixgro.com\/#website","url":"https:\/\/prixgro.com\/","name":"Prixgro.com","description":"Para Pharmaceutique et Cosm\u00e9tique","publisher":{"@id":"https:\/\/prixgro.com\/#organization"},"potentialAction":[{"@type":"SearchAction","target":{"@type":"EntryPoint","urlTemplate":"https:\/\/prixgro.com\/?s={search_term_string}"},"query-input":{"@type":"PropertyValueSpecification","valueRequired":true,"valueName":"search_term_string"}}],"inLanguage":"ar"},{"@type":"Organization","@id":"https:\/\/prixgro.com\/#organization","name":"Prixgro","url":"https:\/\/prixgro.com\/","logo":{"@type":"ImageObject","inLanguage":"ar","@id":"https:\/\/prixgro.com\/#\/schema\/logo\/image\/","url":"https:\/\/prixgro.com\/wp-content\/uploads\/2024\/08\/cropped-Nouveau-projet-2.png","contentUrl":"https:\/\/prixgro.com\/wp-content\/uploads\/2024\/08\/cropped-Nouveau-projet-2.png","width":265,"height":62,"caption":"Prixgro"},"image":{"@id":"https:\/\/prixgro.com\/#\/schema\/logo\/image\/"},"sameAs":["https:\/\/www.facebook.com\/Pharmacima"]}]}},"_links":{"self":[{"href":"https:\/\/prixgro.com\/ar\/wp-json\/wp\/v2\/product\/141852","targetHints":{"allow":["GET"]}}],"collection":[{"href":"https:\/\/prixgro.com\/ar\/wp-json\/wp\/v2\/product"}],"about":[{"href":"https:\/\/prixgro.com\/ar\/wp-json\/wp\/v2\/types\/product"}],"replies":[{"embeddable":true,"href":"https:\/\/prixgro.com\/ar\/wp-json\/wp\/v2\/comments?post=141852"}],"wp:featuredmedia":[{"embeddable":true,"href":"https:\/\/prixgro.com\/ar\/wp-json\/wp\/v2\/media\/2850"}],"wp:attachment":[{"href":"https:\/\/prixgro.com\/ar\/wp-json\/wp\/v2\/media?parent=141852"}],"wp:term":[{"taxonomy":"product_cat","embeddable":true,"href":"https:\/\/prixgro.com\/ar\/wp-json\/wp\/v2\/product_cat?post=141852"},{"taxonomy":"product_tag","embeddable":true,"href":"https:\/\/prixgro.com\/ar\/wp-json\/wp\/v2\/product_tag?post=141852"},{"taxonomy":"berocket_brand","embeddable":true,"href":"https:\/\/prixgro.com\/ar\/wp-json\/wp\/v2\/berocket_brand?post=141852"}],"curies":[{"name":"wp","href":"https:\/\/api.w.org\/{rel}","templated":true}]}}