{"id":141864,"date":"2024-04-09T14:29:28","date_gmt":"2024-04-09T12:29:28","guid":{"rendered":"https:\/\/cloodmanager.net\/?post_type=product&#038;p=141864"},"modified":"2024-08-08T20:29:15","modified_gmt":"2024-08-08T18:29:15","slug":"normaderm-fluide-double-correction-50ml-vichy-sv","status":"publish","type":"product","link":"https:\/\/prixgro.com\/ar\/product\/normaderm-fluide-double-correction-50ml-vichy-sv\/","title":{"rendered":"Normaderm Fluide Double Correction 50ml Vichy SV"},"content":{"rendered":"<div class=\"col-xs-12\">\n<h2><strong>DESCRIPTION :<\/strong><\/h2>\n<\/div>\n<div class=\"col-xs-12\">\n<p>Cette cr\u00e8me 2 en 1 renferme dans sa formulation des actifs dermatologiques d\u2019origine naturelle pour purifier et hydrater la peau, corriger les imperfections et les marques sur les peaux \u00e0 tendance acn\u00e9ique, resserrer les pores et renforcer la barri\u00e8re cutan\u00e9e.<\/p>\n<p>Il est enrichi en acide salicylique (2 %) au pouvoir exfoliant, en acide hyaluronique hautement hydratant et repulpant et en phycosaccharide, r\u00e9gulateur de s\u00e9bum.<\/p>\n<p>Sa texture l\u00e9g\u00e8re, fra\u00eeche et a\u00e9rienne p\u00e9n\u00e8tre instantan\u00e9ment dans la peau, sans laisser de film gras. Imm\u00e9diatement, la peau est parfaitement hydrat\u00e9e.<\/p>\n<p>Au fur et \u00e0 mesure des applications, elle devient plus nette, plus \u00e9clatante et moins brillante. Les points noirs et autres imperfections diminuent.<\/p>\n<h3><strong>caract\u00e9ristiques :<\/strong><\/h3>\n<ul>\n<li>Une cr\u00e8me de jour anti-imperfections<\/li>\n<li>A 2% Acide Salicylique + Acide Sarcosinique +Acide Hyaluronique<\/li>\n<li>Texture cr\u00e8me ultra l\u00e9g\u00e8re, fra\u00eeche et a\u00e9rienne<\/li>\n<li>Formule hypoallerg\u00e9nique, test\u00e9e sur peau grasse \u00e0 tendance acn\u00e9ique<\/li>\n<\/ul>\n<h3><strong>Conseils d&#8217;utilisation<\/strong> :<\/h3>\n<p>Appliquer matin et soir sur le visage pr\u00e9alablement nettoy\u00e9, en \u00e9vitant le contour des yeux.<br \/>Excellente base de maquillage.<\/p>\n<\/div>\n<div class=\"col-xs-12\">\n<h3><strong>Composition<\/strong> :<\/h3>\n<p>Aqua\/water,\u00a0glycerin,\u00a0salicylicacid, isononyl isononanoate,\u00a0butylene glycol,\u00a0kaolin,\u00a0zinc sulfate, bifida ferment lysate,sodium hydroxide, sodium polyacrylate,\u00a0<a class=\"lien_chimie\" href=\"https:\/\/www.beaute-test.com\/soin-quotidien-double-correction-normaderm-phytosolution-vichy.php\" data-mce-href=\"https:\/\/www.beaute-test.com\/soin-quotidien-double-correction-normaderm-phytosolution-vichy.php\">s<\/a>odium hyaluronate,\u00a0sodium benzoate,\u00a0phenoxyethanol, ascorbyl glucoside, caprylyl glycol, hydrolyzed\u00a0algin, trisodium ethylenediamine disuccinate, biosaccharide gum-1, acrylates \/ c10-30 alkyl acrylate crosspolymer,parfum\/ fragrance.code f.i.l. :b225519\/1.<\/p>\n<div><\/div>\n<\/div>","protected":false},"excerpt":{"rendered":"<h3><span style=\"color: #339966\" data-mce-style=\"color: #339966;\"><em><strong>Soin visage quotidien purifiant et correcteur pour les peaux \u00e0 tendance acn\u00e9ique.<\/strong><\/em><\/span><\/h3>\n<p><strong>Contenance : 50ml\u00a0<\/strong><\/p>\n<p><\/p>","protected":false},"featured_media":2941,"comment_status":"open","ping_status":"closed","template":"","meta":[],"product_cat":[98,17,36],"product_tag":[480,481,125,45],"berocket_brand":[],"class_list":{"0":"post-141864","1":"product","2":"type-product","3":"status-publish","4":"has-post-thumbnail","6":"product_cat-cou","7":"product_cat-soin-et-bien-etre","8":"product_cat-visage-soin-et-bien-etre","9":"product_tag-peaux-grasses-3","10":"product_tag-peaux-mixte-2","11":"product_tag-peaux-acneiques-2","12":"product_tag-peaux-sensibles","14":"first","15":"outofstock","16":"shipping-taxable","17":"purchasable","18":"product-type-simple"},"yoast_head":"<!-- This site is optimized with the Yoast SEO plugin v24.8 - https:\/\/yoast.com\/wordpress\/plugins\/seo\/ -->\n<title>Normaderm Fluide Double Correction 50ml Vichy SV - Prixgro<\/title>\n<meta name=\"robots\" content=\"index, follow, max-snippet:-1, max-image-preview:large, max-video-preview:-1\" \/>\n<link rel=\"canonical\" href=\"https:\/\/prixgro.com\/ar\/product\/normaderm-fluide-double-correction-50ml-vichy-sv\/\" \/>\n<meta property=\"og:locale\" content=\"ar_AR\" \/>\n<meta property=\"og:type\" content=\"article\" \/>\n<meta property=\"og:title\" content=\"Normaderm Fluide Double Correction 50ml Vichy SV - Prixgro\" \/>\n<meta property=\"og:description\" content=\"Soin visage quotidien purifiant et correcteur pour les peaux \u00e0 tendance acn\u00e9ique.Contenance : 50ml\u00a0\" \/>\n<meta property=\"og:url\" content=\"https:\/\/prixgro.com\/ar\/product\/normaderm-fluide-double-correction-50ml-vichy-sv\/\" \/>\n<meta property=\"og:site_name\" content=\"Prixgro\" \/>\n<meta property=\"article:publisher\" content=\"https:\/\/www.facebook.com\/Pharmacima\" \/>\n<meta property=\"article:modified_time\" content=\"2024-08-08T18:29:15+00:00\" \/>\n<meta property=\"og:image\" content=\"https:\/\/prixgro.com\/wp-content\/uploads\/2023\/09\/Sans-titre-34.png\" \/>\n\t<meta property=\"og:image:width\" content=\"540\" \/>\n\t<meta property=\"og:image:height\" content=\"540\" \/>\n\t<meta property=\"og:image:type\" content=\"image\/png\" \/>\n<meta name=\"twitter:card\" content=\"summary_large_image\" \/>\n<meta name=\"twitter:label1\" content=\"\u0648\u0642\u062a \u0627\u0644\u0642\u0631\u0627\u0621\u0629 \u0627\u0644\u0645\u064f\u0642\u062f\u0651\u0631\" \/>\n\t<meta name=\"twitter:data1\" content=\"\u062f\u0642\u064a\u0642\u0629 \u0648\u0627\u062d\u062f\u0629\" \/>\n<script type=\"application\/ld+json\" class=\"yoast-schema-graph\">{\"@context\":\"https:\/\/schema.org\",\"@graph\":[{\"@type\":\"WebPage\",\"@id\":\"https:\/\/prixgro.com\/product\/normaderm-fluide-double-correction-50ml-vichy-sv\/\",\"url\":\"https:\/\/prixgro.com\/product\/normaderm-fluide-double-correction-50ml-vichy-sv\/\",\"name\":\"Normaderm Fluide Double Correction 50ml Vichy SV - Prixgro\",\"isPartOf\":{\"@id\":\"https:\/\/prixgro.com\/#website\"},\"primaryImageOfPage\":{\"@id\":\"https:\/\/prixgro.com\/product\/normaderm-fluide-double-correction-50ml-vichy-sv\/#primaryimage\"},\"image\":{\"@id\":\"https:\/\/prixgro.com\/product\/normaderm-fluide-double-correction-50ml-vichy-sv\/#primaryimage\"},\"thumbnailUrl\":\"https:\/\/prixgro.com\/wp-content\/uploads\/2023\/09\/Sans-titre-34.png\",\"datePublished\":\"2024-04-09T12:29:28+00:00\",\"dateModified\":\"2024-08-08T18:29:15+00:00\",\"breadcrumb\":{\"@id\":\"https:\/\/prixgro.com\/product\/normaderm-fluide-double-correction-50ml-vichy-sv\/#breadcrumb\"},\"inLanguage\":\"ar\",\"potentialAction\":[{\"@type\":\"ReadAction\",\"target\":[\"https:\/\/prixgro.com\/product\/normaderm-fluide-double-correction-50ml-vichy-sv\/\"]}]},{\"@type\":\"ImageObject\",\"inLanguage\":\"ar\",\"@id\":\"https:\/\/prixgro.com\/product\/normaderm-fluide-double-correction-50ml-vichy-sv\/#primaryimage\",\"url\":\"https:\/\/prixgro.com\/wp-content\/uploads\/2023\/09\/Sans-titre-34.png\",\"contentUrl\":\"https:\/\/prixgro.com\/wp-content\/uploads\/2023\/09\/Sans-titre-34.png\",\"width\":540,\"height\":540},{\"@type\":\"BreadcrumbList\",\"@id\":\"https:\/\/prixgro.com\/product\/normaderm-fluide-double-correction-50ml-vichy-sv\/#breadcrumb\",\"itemListElement\":[{\"@type\":\"ListItem\",\"position\":1,\"name\":\"Accueil\",\"item\":\"https:\/\/prixgro.com\/\"},{\"@type\":\"ListItem\",\"position\":2,\"name\":\"Boutique en ligne\",\"item\":\"https:\/\/prixgro.com\/shop\/\"},{\"@type\":\"ListItem\",\"position\":3,\"name\":\"Normaderm Fluide Double Correction 50ml Vichy SV\"}]},{\"@type\":\"WebSite\",\"@id\":\"https:\/\/prixgro.com\/#website\",\"url\":\"https:\/\/prixgro.com\/\",\"name\":\"Prixgro.com\",\"description\":\"Para Pharmaceutique et Cosm\u00e9tique\",\"publisher\":{\"@id\":\"https:\/\/prixgro.com\/#organization\"},\"potentialAction\":[{\"@type\":\"SearchAction\",\"target\":{\"@type\":\"EntryPoint\",\"urlTemplate\":\"https:\/\/prixgro.com\/?s={search_term_string}\"},\"query-input\":{\"@type\":\"PropertyValueSpecification\",\"valueRequired\":true,\"valueName\":\"search_term_string\"}}],\"inLanguage\":\"ar\"},{\"@type\":\"Organization\",\"@id\":\"https:\/\/prixgro.com\/#organization\",\"name\":\"Prixgro\",\"url\":\"https:\/\/prixgro.com\/\",\"logo\":{\"@type\":\"ImageObject\",\"inLanguage\":\"ar\",\"@id\":\"https:\/\/prixgro.com\/#\/schema\/logo\/image\/\",\"url\":\"https:\/\/prixgro.com\/wp-content\/uploads\/2024\/08\/cropped-Nouveau-projet-2.png\",\"contentUrl\":\"https:\/\/prixgro.com\/wp-content\/uploads\/2024\/08\/cropped-Nouveau-projet-2.png\",\"width\":265,\"height\":62,\"caption\":\"Prixgro\"},\"image\":{\"@id\":\"https:\/\/prixgro.com\/#\/schema\/logo\/image\/\"},\"sameAs\":[\"https:\/\/www.facebook.com\/Pharmacima\"]}]}<\/script>\n<!-- \/ Yoast SEO plugin. -->","yoast_head_json":{"title":"Normaderm Fluide Double Correction 50ml Vichy SV - Prixgro","robots":{"index":"index","follow":"follow","max-snippet":"max-snippet:-1","max-image-preview":"max-image-preview:large","max-video-preview":"max-video-preview:-1"},"canonical":"https:\/\/prixgro.com\/ar\/product\/normaderm-fluide-double-correction-50ml-vichy-sv\/","og_locale":"ar_AR","og_type":"article","og_title":"Normaderm Fluide Double Correction 50ml Vichy SV - Prixgro","og_description":"Soin visage quotidien purifiant et correcteur pour les peaux \u00e0 tendance acn\u00e9ique.Contenance : 50ml\u00a0","og_url":"https:\/\/prixgro.com\/ar\/product\/normaderm-fluide-double-correction-50ml-vichy-sv\/","og_site_name":"Prixgro","article_publisher":"https:\/\/www.facebook.com\/Pharmacima","article_modified_time":"2024-08-08T18:29:15+00:00","og_image":[{"width":540,"height":540,"url":"https:\/\/prixgro.com\/wp-content\/uploads\/2023\/09\/Sans-titre-34.png","type":"image\/png"}],"twitter_card":"summary_large_image","twitter_misc":{"\u0648\u0642\u062a \u0627\u0644\u0642\u0631\u0627\u0621\u0629 \u0627\u0644\u0645\u064f\u0642\u062f\u0651\u0631":"\u062f\u0642\u064a\u0642\u0629 \u0648\u0627\u062d\u062f\u0629"},"schema":{"@context":"https:\/\/schema.org","@graph":[{"@type":"WebPage","@id":"https:\/\/prixgro.com\/product\/normaderm-fluide-double-correction-50ml-vichy-sv\/","url":"https:\/\/prixgro.com\/product\/normaderm-fluide-double-correction-50ml-vichy-sv\/","name":"Normaderm Fluide Double Correction 50ml Vichy SV - Prixgro","isPartOf":{"@id":"https:\/\/prixgro.com\/#website"},"primaryImageOfPage":{"@id":"https:\/\/prixgro.com\/product\/normaderm-fluide-double-correction-50ml-vichy-sv\/#primaryimage"},"image":{"@id":"https:\/\/prixgro.com\/product\/normaderm-fluide-double-correction-50ml-vichy-sv\/#primaryimage"},"thumbnailUrl":"https:\/\/prixgro.com\/wp-content\/uploads\/2023\/09\/Sans-titre-34.png","datePublished":"2024-04-09T12:29:28+00:00","dateModified":"2024-08-08T18:29:15+00:00","breadcrumb":{"@id":"https:\/\/prixgro.com\/product\/normaderm-fluide-double-correction-50ml-vichy-sv\/#breadcrumb"},"inLanguage":"ar","potentialAction":[{"@type":"ReadAction","target":["https:\/\/prixgro.com\/product\/normaderm-fluide-double-correction-50ml-vichy-sv\/"]}]},{"@type":"ImageObject","inLanguage":"ar","@id":"https:\/\/prixgro.com\/product\/normaderm-fluide-double-correction-50ml-vichy-sv\/#primaryimage","url":"https:\/\/prixgro.com\/wp-content\/uploads\/2023\/09\/Sans-titre-34.png","contentUrl":"https:\/\/prixgro.com\/wp-content\/uploads\/2023\/09\/Sans-titre-34.png","width":540,"height":540},{"@type":"BreadcrumbList","@id":"https:\/\/prixgro.com\/product\/normaderm-fluide-double-correction-50ml-vichy-sv\/#breadcrumb","itemListElement":[{"@type":"ListItem","position":1,"name":"Accueil","item":"https:\/\/prixgro.com\/"},{"@type":"ListItem","position":2,"name":"Boutique en ligne","item":"https:\/\/prixgro.com\/shop\/"},{"@type":"ListItem","position":3,"name":"Normaderm Fluide Double Correction 50ml Vichy SV"}]},{"@type":"WebSite","@id":"https:\/\/prixgro.com\/#website","url":"https:\/\/prixgro.com\/","name":"Prixgro.com","description":"Para Pharmaceutique et Cosm\u00e9tique","publisher":{"@id":"https:\/\/prixgro.com\/#organization"},"potentialAction":[{"@type":"SearchAction","target":{"@type":"EntryPoint","urlTemplate":"https:\/\/prixgro.com\/?s={search_term_string}"},"query-input":{"@type":"PropertyValueSpecification","valueRequired":true,"valueName":"search_term_string"}}],"inLanguage":"ar"},{"@type":"Organization","@id":"https:\/\/prixgro.com\/#organization","name":"Prixgro","url":"https:\/\/prixgro.com\/","logo":{"@type":"ImageObject","inLanguage":"ar","@id":"https:\/\/prixgro.com\/#\/schema\/logo\/image\/","url":"https:\/\/prixgro.com\/wp-content\/uploads\/2024\/08\/cropped-Nouveau-projet-2.png","contentUrl":"https:\/\/prixgro.com\/wp-content\/uploads\/2024\/08\/cropped-Nouveau-projet-2.png","width":265,"height":62,"caption":"Prixgro"},"image":{"@id":"https:\/\/prixgro.com\/#\/schema\/logo\/image\/"},"sameAs":["https:\/\/www.facebook.com\/Pharmacima"]}]}},"_links":{"self":[{"href":"https:\/\/prixgro.com\/ar\/wp-json\/wp\/v2\/product\/141864","targetHints":{"allow":["GET"]}}],"collection":[{"href":"https:\/\/prixgro.com\/ar\/wp-json\/wp\/v2\/product"}],"about":[{"href":"https:\/\/prixgro.com\/ar\/wp-json\/wp\/v2\/types\/product"}],"replies":[{"embeddable":true,"href":"https:\/\/prixgro.com\/ar\/wp-json\/wp\/v2\/comments?post=141864"}],"wp:featuredmedia":[{"embeddable":true,"href":"https:\/\/prixgro.com\/ar\/wp-json\/wp\/v2\/media\/2941"}],"wp:attachment":[{"href":"https:\/\/prixgro.com\/ar\/wp-json\/wp\/v2\/media?parent=141864"}],"wp:term":[{"taxonomy":"product_cat","embeddable":true,"href":"https:\/\/prixgro.com\/ar\/wp-json\/wp\/v2\/product_cat?post=141864"},{"taxonomy":"product_tag","embeddable":true,"href":"https:\/\/prixgro.com\/ar\/wp-json\/wp\/v2\/product_tag?post=141864"},{"taxonomy":"berocket_brand","embeddable":true,"href":"https:\/\/prixgro.com\/ar\/wp-json\/wp\/v2\/berocket_brand?post=141864"}],"curies":[{"name":"wp","href":"https:\/\/api.w.org\/{rel}","templated":true}]}}