{"id":141889,"date":"2024-04-09T14:29:39","date_gmt":"2024-04-09T12:29:39","guid":{"rendered":"https:\/\/cloodmanager.net\/?post_type=product&#038;p=141889"},"modified":"2024-08-06T17:58:26","modified_gmt":"2024-08-06T15:58:26","slug":"2-bha-lotion-exfoliante-a-lacide-salicylique-118ml-paulas-choice","status":"publish","type":"product","link":"https:\/\/prixgro.com\/ar\/product\/2-bha-lotion-exfoliante-a-lacide-salicylique-118ml-paulas-choice\/","title":{"rendered":"2% BHA Lotion Exfoliante \u00e0 L\u2019acide Salicylique 118ml Paula\u2019s Choice"},"content":{"rendered":"<div class=\"col-xs-12\">\n<div>\n<h2><strong>Description :<\/strong><\/h2>\n<\/div>\n<p>Lotion exfoliante quotidienne sans rin\u00e7age.<br \/>Cette lotion exfoliante quotidienne sans grain et sans rin\u00e7age permet de garder une peau nette et lumineuse tout au long de l\u2019ann\u00e9e.<br \/>Formul\u00e9e par Paula Begoun, v\u00e9ritable \u201d gourou beaut\u00e9 \u201d aux Etats-Unis, c\u2019est le bestseller de la marque.<\/p>\n<p>\u2013 Resserre les pores, affine le grain et la texture de la peau<br \/>\u2013 Aide \u00e0 r\u00e9guler les exc\u00e8s de s\u00e9bum, lutte contre les boutons et les points noirs<br \/>\u2013 Lisse les ridules<br \/>\u2013 Att\u00e9nue les taches et \u00e9claircit le teint<br \/>\u2013 Pr\u00e9vient le vieillissement cutan\u00e9<br \/>\u2013 Laisse la peau d\u2019apparence plus saine, plus jeune<br \/>\u2013 Adapt\u00e9 \u00e0 tous types de peaux<\/p>\n<p>ACTIFS<\/p>\n<p>Acide salicylique (BHA)<br \/>Actif exfoliant doux mais puissant qui gomme les cellules mortes non seulement en surface de la peau mais \u00e9galement \u00e0 l\u2019int\u00e9rieur des pores.<br \/>Il r\u00e9duit les imperfections (boutons, points noirs, exc\u00e8s de s\u00e9bum), lisse le relief cutan\u00e9 (pores, ridules), apporte de l\u2019\u00e9clat, att\u00e9nue les taches, apaise.<\/p>\n<p>Th\u00e9 vert<br \/>Fortement antioxydant, il apaise et pr\u00e9vient le vieillissement cutan\u00e9.<\/p>\n<p>Methylpropanediol<br \/>Aide \u00e0 faire p\u00e9n\u00e9trer les ingr\u00e9dients actifs comme l\u2019acide salicylique et laisse la peau douce et hydrat\u00e9e.<\/p>\n<p>100 % sans parfum<br \/>Non test\u00e9 sur les animaux<br \/>Disponible en format 30 ml et 118 ml<\/p>\n<div>\n<h2><strong>Conseils d\u2019utilisation :<\/strong><\/h2>\n<\/div>\n<p>Appliquer deux \u00e0 trois fois par semaine jusqu\u2019a adaptation de votre peau,ensuite le soin peut etre quotidien. Utiliser la lotion apr\u00e8s le nettoyant et avant le s\u00e9rum et\/ou la cr\u00e8me. Imbiber l\u00e9g\u00e8rement un coton et appliquer sur la totalit\u00e9 du visage (\u00e9viter le contour des yeux). Ne pas rincer.<\/p>\n<p>Pour la journ\u00e9e, faire suivre d\u2019une cr\u00e8me de jour avec protection solaire large spectre SPF 30 minimum<\/p>\n<h3>NB<strong>:<\/strong>\u00a0<strong>Appliquer deux \u00e0 trois fois par semaine jusqu\u2019a adaptation de votre peau.<\/strong><\/h3>\n<\/div>\n<div class=\"col-xs-12\">\n<div>\n<h2><strong>Composition :\u00a0<\/strong><\/h2>\n<\/div>\n<p>Aqua, Methylpropanediol (hydration),\u00a0Butylene Glycol\u00a0(hydration),\u00a0Salicylic Acid\u00a0(Beta Hydroxy Acid, exfoliant),\u00a0Polysorbate 20\u00a0(stabilizer), Camellia Oleifera (Green Tea) Leaf Extract (skin calming\/antioxidant),\u00a0Sodium Hydroxide\u00a0(pH balancer), Tetrasodium\u00a0EDTA\u00a0(stabilizer).<\/p>\n<\/div>","protected":false},"excerpt":{"rendered":"<p><strong>\u00c9limine les cellules mortes et lutte contre les points noirs et les imperfections.<\/strong><\/p>\n<p><strong>Contenance : 118ml<\/strong><\/p>\n<h3><span style=\"color: #ff0000\" data-mce-style=\"color: #ff0000;\"><strong>NB<\/strong><\/span><strong>:<\/strong>\u00a0<strong>Appliquer deux \u00e0 trois fois par semaine jusqu\u2019a adaptation de votre peau.<\/strong><\/h3>","protected":false},"featured_media":3045,"comment_status":"open","ping_status":"closed","template":"","meta":[],"product_cat":[17,36],"product_tag":[],"berocket_brand":[463],"class_list":{"0":"post-141889","1":"product","2":"type-product","3":"status-publish","4":"has-post-thumbnail","6":"product_cat-soin-et-bien-etre","7":"product_cat-visage-soin-et-bien-etre","8":"berocket_brand-paulaschoice","10":"first","11":"outofstock","12":"shipping-taxable","13":"purchasable","14":"product-type-simple"},"yoast_head":"<!-- This site is optimized with the Yoast SEO plugin v24.8 - https:\/\/yoast.com\/wordpress\/plugins\/seo\/ -->\n<title>2% BHA Lotion Exfoliante \u00e0 L\u2019acide Salicylique 118ml Paula\u2019s Choice - Prixgro<\/title>\n<meta name=\"robots\" content=\"index, follow, max-snippet:-1, max-image-preview:large, max-video-preview:-1\" \/>\n<link rel=\"canonical\" href=\"https:\/\/prixgro.com\/ar\/product\/2-bha-lotion-exfoliante-a-lacide-salicylique-118ml-paulas-choice\/\" \/>\n<meta property=\"og:locale\" content=\"ar_AR\" \/>\n<meta property=\"og:type\" content=\"article\" \/>\n<meta property=\"og:title\" content=\"2% BHA Lotion Exfoliante \u00e0 L\u2019acide Salicylique 118ml Paula\u2019s Choice - Prixgro\" \/>\n<meta property=\"og:description\" content=\"\u00c9limine les cellules mortes et lutte contre les points noirs et les imperfections.Contenance : 118mlNB:\u00a0Appliquer deux \u00e0 trois fois par semaine jusqu\u2019a adaptation de votre peau.\" \/>\n<meta property=\"og:url\" content=\"https:\/\/prixgro.com\/ar\/product\/2-bha-lotion-exfoliante-a-lacide-salicylique-118ml-paulas-choice\/\" \/>\n<meta property=\"og:site_name\" content=\"Prixgro\" \/>\n<meta property=\"article:publisher\" content=\"https:\/\/www.facebook.com\/Pharmacima\" \/>\n<meta property=\"article:modified_time\" content=\"2024-08-06T15:58:26+00:00\" \/>\n<meta property=\"og:image\" content=\"https:\/\/prixgro.com\/wp-content\/uploads\/2023\/09\/paulas-choice-acide-salicylique-scaled-e1647616077137.jpg\" \/>\n\t<meta property=\"og:image:width\" content=\"500\" \/>\n\t<meta property=\"og:image:height\" content=\"500\" \/>\n\t<meta property=\"og:image:type\" content=\"image\/jpeg\" \/>\n<meta name=\"twitter:card\" content=\"summary_large_image\" \/>\n<meta name=\"twitter:label1\" content=\"\u0648\u0642\u062a \u0627\u0644\u0642\u0631\u0627\u0621\u0629 \u0627\u0644\u0645\u064f\u0642\u062f\u0651\u0631\" \/>\n\t<meta name=\"twitter:data1\" content=\"\u062f\u0642\u064a\u0642\u062a\u0627\u0646\" \/>\n<script type=\"application\/ld+json\" class=\"yoast-schema-graph\">{\"@context\":\"https:\/\/schema.org\",\"@graph\":[{\"@type\":\"WebPage\",\"@id\":\"https:\/\/prixgro.com\/product\/2-bha-lotion-exfoliante-a-lacide-salicylique-118ml-paulas-choice\/\",\"url\":\"https:\/\/prixgro.com\/product\/2-bha-lotion-exfoliante-a-lacide-salicylique-118ml-paulas-choice\/\",\"name\":\"2% BHA Lotion Exfoliante \u00e0 L\u2019acide Salicylique 118ml Paula\u2019s Choice - Prixgro\",\"isPartOf\":{\"@id\":\"https:\/\/prixgro.com\/#website\"},\"primaryImageOfPage\":{\"@id\":\"https:\/\/prixgro.com\/product\/2-bha-lotion-exfoliante-a-lacide-salicylique-118ml-paulas-choice\/#primaryimage\"},\"image\":{\"@id\":\"https:\/\/prixgro.com\/product\/2-bha-lotion-exfoliante-a-lacide-salicylique-118ml-paulas-choice\/#primaryimage\"},\"thumbnailUrl\":\"https:\/\/prixgro.com\/wp-content\/uploads\/2023\/09\/paulas-choice-acide-salicylique-scaled-e1647616077137.jpg\",\"datePublished\":\"2024-04-09T12:29:39+00:00\",\"dateModified\":\"2024-08-06T15:58:26+00:00\",\"breadcrumb\":{\"@id\":\"https:\/\/prixgro.com\/product\/2-bha-lotion-exfoliante-a-lacide-salicylique-118ml-paulas-choice\/#breadcrumb\"},\"inLanguage\":\"ar\",\"potentialAction\":[{\"@type\":\"ReadAction\",\"target\":[\"https:\/\/prixgro.com\/product\/2-bha-lotion-exfoliante-a-lacide-salicylique-118ml-paulas-choice\/\"]}]},{\"@type\":\"ImageObject\",\"inLanguage\":\"ar\",\"@id\":\"https:\/\/prixgro.com\/product\/2-bha-lotion-exfoliante-a-lacide-salicylique-118ml-paulas-choice\/#primaryimage\",\"url\":\"https:\/\/prixgro.com\/wp-content\/uploads\/2023\/09\/paulas-choice-acide-salicylique-scaled-e1647616077137.jpg\",\"contentUrl\":\"https:\/\/prixgro.com\/wp-content\/uploads\/2023\/09\/paulas-choice-acide-salicylique-scaled-e1647616077137.jpg\",\"width\":500,\"height\":500},{\"@type\":\"BreadcrumbList\",\"@id\":\"https:\/\/prixgro.com\/product\/2-bha-lotion-exfoliante-a-lacide-salicylique-118ml-paulas-choice\/#breadcrumb\",\"itemListElement\":[{\"@type\":\"ListItem\",\"position\":1,\"name\":\"Accueil\",\"item\":\"https:\/\/prixgro.com\/\"},{\"@type\":\"ListItem\",\"position\":2,\"name\":\"Boutique en ligne\",\"item\":\"https:\/\/prixgro.com\/shop\/\"},{\"@type\":\"ListItem\",\"position\":3,\"name\":\"2% BHA Lotion Exfoliante \u00e0 L\u2019acide Salicylique 118ml Paula\u2019s Choice\"}]},{\"@type\":\"WebSite\",\"@id\":\"https:\/\/prixgro.com\/#website\",\"url\":\"https:\/\/prixgro.com\/\",\"name\":\"Prixgro.com\",\"description\":\"Para Pharmaceutique et Cosm\u00e9tique\",\"publisher\":{\"@id\":\"https:\/\/prixgro.com\/#organization\"},\"potentialAction\":[{\"@type\":\"SearchAction\",\"target\":{\"@type\":\"EntryPoint\",\"urlTemplate\":\"https:\/\/prixgro.com\/?s={search_term_string}\"},\"query-input\":{\"@type\":\"PropertyValueSpecification\",\"valueRequired\":true,\"valueName\":\"search_term_string\"}}],\"inLanguage\":\"ar\"},{\"@type\":\"Organization\",\"@id\":\"https:\/\/prixgro.com\/#organization\",\"name\":\"Prixgro\",\"url\":\"https:\/\/prixgro.com\/\",\"logo\":{\"@type\":\"ImageObject\",\"inLanguage\":\"ar\",\"@id\":\"https:\/\/prixgro.com\/#\/schema\/logo\/image\/\",\"url\":\"https:\/\/prixgro.com\/wp-content\/uploads\/2024\/08\/cropped-Nouveau-projet-2.png\",\"contentUrl\":\"https:\/\/prixgro.com\/wp-content\/uploads\/2024\/08\/cropped-Nouveau-projet-2.png\",\"width\":265,\"height\":62,\"caption\":\"Prixgro\"},\"image\":{\"@id\":\"https:\/\/prixgro.com\/#\/schema\/logo\/image\/\"},\"sameAs\":[\"https:\/\/www.facebook.com\/Pharmacima\"]}]}<\/script>\n<!-- \/ Yoast SEO plugin. -->","yoast_head_json":{"title":"2% BHA Lotion Exfoliante \u00e0 L\u2019acide Salicylique 118ml Paula\u2019s Choice - Prixgro","robots":{"index":"index","follow":"follow","max-snippet":"max-snippet:-1","max-image-preview":"max-image-preview:large","max-video-preview":"max-video-preview:-1"},"canonical":"https:\/\/prixgro.com\/ar\/product\/2-bha-lotion-exfoliante-a-lacide-salicylique-118ml-paulas-choice\/","og_locale":"ar_AR","og_type":"article","og_title":"2% BHA Lotion Exfoliante \u00e0 L\u2019acide Salicylique 118ml Paula\u2019s Choice - Prixgro","og_description":"\u00c9limine les cellules mortes et lutte contre les points noirs et les imperfections.Contenance : 118mlNB:\u00a0Appliquer deux \u00e0 trois fois par semaine jusqu\u2019a adaptation de votre peau.","og_url":"https:\/\/prixgro.com\/ar\/product\/2-bha-lotion-exfoliante-a-lacide-salicylique-118ml-paulas-choice\/","og_site_name":"Prixgro","article_publisher":"https:\/\/www.facebook.com\/Pharmacima","article_modified_time":"2024-08-06T15:58:26+00:00","og_image":[{"width":500,"height":500,"url":"https:\/\/prixgro.com\/wp-content\/uploads\/2023\/09\/paulas-choice-acide-salicylique-scaled-e1647616077137.jpg","type":"image\/jpeg"}],"twitter_card":"summary_large_image","twitter_misc":{"\u0648\u0642\u062a \u0627\u0644\u0642\u0631\u0627\u0621\u0629 \u0627\u0644\u0645\u064f\u0642\u062f\u0651\u0631":"\u062f\u0642\u064a\u0642\u062a\u0627\u0646"},"schema":{"@context":"https:\/\/schema.org","@graph":[{"@type":"WebPage","@id":"https:\/\/prixgro.com\/product\/2-bha-lotion-exfoliante-a-lacide-salicylique-118ml-paulas-choice\/","url":"https:\/\/prixgro.com\/product\/2-bha-lotion-exfoliante-a-lacide-salicylique-118ml-paulas-choice\/","name":"2% BHA Lotion Exfoliante \u00e0 L\u2019acide Salicylique 118ml Paula\u2019s Choice - Prixgro","isPartOf":{"@id":"https:\/\/prixgro.com\/#website"},"primaryImageOfPage":{"@id":"https:\/\/prixgro.com\/product\/2-bha-lotion-exfoliante-a-lacide-salicylique-118ml-paulas-choice\/#primaryimage"},"image":{"@id":"https:\/\/prixgro.com\/product\/2-bha-lotion-exfoliante-a-lacide-salicylique-118ml-paulas-choice\/#primaryimage"},"thumbnailUrl":"https:\/\/prixgro.com\/wp-content\/uploads\/2023\/09\/paulas-choice-acide-salicylique-scaled-e1647616077137.jpg","datePublished":"2024-04-09T12:29:39+00:00","dateModified":"2024-08-06T15:58:26+00:00","breadcrumb":{"@id":"https:\/\/prixgro.com\/product\/2-bha-lotion-exfoliante-a-lacide-salicylique-118ml-paulas-choice\/#breadcrumb"},"inLanguage":"ar","potentialAction":[{"@type":"ReadAction","target":["https:\/\/prixgro.com\/product\/2-bha-lotion-exfoliante-a-lacide-salicylique-118ml-paulas-choice\/"]}]},{"@type":"ImageObject","inLanguage":"ar","@id":"https:\/\/prixgro.com\/product\/2-bha-lotion-exfoliante-a-lacide-salicylique-118ml-paulas-choice\/#primaryimage","url":"https:\/\/prixgro.com\/wp-content\/uploads\/2023\/09\/paulas-choice-acide-salicylique-scaled-e1647616077137.jpg","contentUrl":"https:\/\/prixgro.com\/wp-content\/uploads\/2023\/09\/paulas-choice-acide-salicylique-scaled-e1647616077137.jpg","width":500,"height":500},{"@type":"BreadcrumbList","@id":"https:\/\/prixgro.com\/product\/2-bha-lotion-exfoliante-a-lacide-salicylique-118ml-paulas-choice\/#breadcrumb","itemListElement":[{"@type":"ListItem","position":1,"name":"Accueil","item":"https:\/\/prixgro.com\/"},{"@type":"ListItem","position":2,"name":"Boutique en ligne","item":"https:\/\/prixgro.com\/shop\/"},{"@type":"ListItem","position":3,"name":"2% BHA Lotion Exfoliante \u00e0 L\u2019acide Salicylique 118ml Paula\u2019s Choice"}]},{"@type":"WebSite","@id":"https:\/\/prixgro.com\/#website","url":"https:\/\/prixgro.com\/","name":"Prixgro.com","description":"Para Pharmaceutique et Cosm\u00e9tique","publisher":{"@id":"https:\/\/prixgro.com\/#organization"},"potentialAction":[{"@type":"SearchAction","target":{"@type":"EntryPoint","urlTemplate":"https:\/\/prixgro.com\/?s={search_term_string}"},"query-input":{"@type":"PropertyValueSpecification","valueRequired":true,"valueName":"search_term_string"}}],"inLanguage":"ar"},{"@type":"Organization","@id":"https:\/\/prixgro.com\/#organization","name":"Prixgro","url":"https:\/\/prixgro.com\/","logo":{"@type":"ImageObject","inLanguage":"ar","@id":"https:\/\/prixgro.com\/#\/schema\/logo\/image\/","url":"https:\/\/prixgro.com\/wp-content\/uploads\/2024\/08\/cropped-Nouveau-projet-2.png","contentUrl":"https:\/\/prixgro.com\/wp-content\/uploads\/2024\/08\/cropped-Nouveau-projet-2.png","width":265,"height":62,"caption":"Prixgro"},"image":{"@id":"https:\/\/prixgro.com\/#\/schema\/logo\/image\/"},"sameAs":["https:\/\/www.facebook.com\/Pharmacima"]}]}},"_links":{"self":[{"href":"https:\/\/prixgro.com\/ar\/wp-json\/wp\/v2\/product\/141889","targetHints":{"allow":["GET"]}}],"collection":[{"href":"https:\/\/prixgro.com\/ar\/wp-json\/wp\/v2\/product"}],"about":[{"href":"https:\/\/prixgro.com\/ar\/wp-json\/wp\/v2\/types\/product"}],"replies":[{"embeddable":true,"href":"https:\/\/prixgro.com\/ar\/wp-json\/wp\/v2\/comments?post=141889"}],"wp:featuredmedia":[{"embeddable":true,"href":"https:\/\/prixgro.com\/ar\/wp-json\/wp\/v2\/media\/3045"}],"wp:attachment":[{"href":"https:\/\/prixgro.com\/ar\/wp-json\/wp\/v2\/media?parent=141889"}],"wp:term":[{"taxonomy":"product_cat","embeddable":true,"href":"https:\/\/prixgro.com\/ar\/wp-json\/wp\/v2\/product_cat?post=141889"},{"taxonomy":"product_tag","embeddable":true,"href":"https:\/\/prixgro.com\/ar\/wp-json\/wp\/v2\/product_tag?post=141889"},{"taxonomy":"berocket_brand","embeddable":true,"href":"https:\/\/prixgro.com\/ar\/wp-json\/wp\/v2\/berocket_brand?post=141889"}],"curies":[{"name":"wp","href":"https:\/\/api.w.org\/{rel}","templated":true}]}}