{"id":141891,"date":"2024-04-09T14:29:39","date_gmt":"2024-04-09T12:29:39","guid":{"rendered":"https:\/\/cloodmanager.net\/?post_type=product&#038;p=141891"},"modified":"2024-04-09T14:29:46","modified_gmt":"2024-04-09T12:29:46","slug":"lait-solaire-kids-spf-50-150ml-daylong","status":"publish","type":"product","link":"https:\/\/prixgro.com\/ar\/product\/lait-solaire-kids-spf-50-150ml-daylong\/","title":{"rendered":"Lait Solaire Kids SPF 50+ 150ml Daylong"},"content":{"rendered":"<p><strong>Description<\/strong> :<\/p>\n<p><strong>La protection solaire Daylong Kids SPF 50+\u00a0<\/strong>contient des filtres anti-UV photostables qui offrent une protection tr\u00e8s efficace contre les UVA et les UVB.<\/p>\n<p>Ce lait solaire liposomal est tr\u00e8s<strong>\u00a0r\u00e9sistant \u00e0 l&#8217;eau<\/strong>\u00a0(eau douce et eau de mer) ainsi qu&#8217;\u00e0<strong>\u00a0la transpiration\u00a0<\/strong>et procure\u00a0une protection solaire longue dur\u00e9e.<\/p>\n<p>La protection solaire Daylong Kids est\u00a0<strong>facile \u00e0 appliquer<\/strong>.\u00a0Elle p\u00e9n\u00e8tre rapidement et ne laisse aucune sensation de film gras sur la peau.<br \/>Enfin, sa formule est sans parfum ni \u00e9mulsifiant PEG traditionnel.<\/p>\n<p>Cette lotion offre aux peaux sensibles une tol\u00e9rance \u00e9lev\u00e9e. La protection solaire Daylong kids offre une haute protection de la peau de l\u2019enfant de plus de 6 mois. Elle convient aussi bien pour le visage que pour le corps. La protection solaire Daylong kids est adapt\u00e9e aux activit\u00e9s en plein air des enfants.<\/p>\n<ul>\n<li>Le lait Daylong Kids p\u00e9n\u00e8tre rapidement et nourrit la peau des enfants gr\u00e2ce au dexpanth\u00e9nol, \u00e0 la glyc\u00e9rine, \u00e0 l&#8217;alo\u00e9 vera et \u00e0 la vitamine E.<\/li>\n<li>La pompe doseuse et le tableau de dosage ci-dessous permettent d&#8217;appliquer la bonne quantit\u00e9 pour une protection efficace.<\/li>\n<li>Les filtres UV photostables offrent une protection tr\u00e8s efficace contre les UVA et les UVB. Les l\u00e9sions de l&#8217;ADN et le vieillissement de la peau provoqu\u00e9s par le soleil sont pr\u00e9venus.<\/li>\n<\/ul>\n<p>Pour les patients immunod\u00e9prim\u00e9s, Daylong propose la\u00a0<a href=\"https:\/\/www.pharma-gdd.com\/fr\/daylong-actinica-lotion-spf50\" data-mce-href=\"https:\/\/www.pharma-gdd.com\/fr\/daylong-actinica-lotion-spf50\">lotion protection solaire Actinica\u00a0SPF 50 +<\/a>.<\/p>\n<p>Daylong Kids SPF 50 a \u00e9t\u00e9 mis au point pour assurer aux enfants une haute protection solaire longue dur\u00e9e, adapt\u00e9e \u00e0 leur peau et aux conditions de leur exposition (activit\u00e9 en plein air, transpiration, frottement&#8230;).<\/p>\n<p><strong>B\u00e9n\u00e9fices<\/strong><br \/>Soin solaire est destin\u00e9 aux enfants \u00e0 partir de 1 an et leurs peaux sensibles.<\/p>\n<p><strong>Conseils d&#8217;utilisation :<br \/><\/strong><br \/>Appliquer le photoprotecteur en couche suffisante environ 20 minutes avant l&#8217;exposition, bien laisser p\u00e9n\u00e9trer le produit. Eviter tout contact avec les yeux.<\/p>\n<p><strong>Composition :<br \/><\/strong><br \/>Eau, di\u00e9thylamino hydroxybenzoyl hexyl benzoate, m\u00e9thoxycinnamate d&#8217;\u00e9thylhexyle, bis-\u00e9thylhexyloxyph\u00e9nol m\u00e9thoxyph\u00e9nyl triazine, C12-15 alkyl benzoate, dibutyl adipate, dicaprylyl carbonate, pentyl\u00e8ne glycol, m\u00e9thyl\u00e8ne bis-benzotriazolyl t\u00e9tram\u00e9thylbutylph\u00e9nol (nano), dim\u00e9thicone, \u00e9thylhexyl triazone, alcool, phosphate de c\u00e9tyle, glyc\u00e9rine, alcool c\u00e9tylique, tri\u00e9thanolamine, panth\u00e9nol, tocoph\u00e9rol, l\u00e9cithine, carbom\u00e8re, d\u00e9cyle glucoside, propyl\u00e8ne glycol, gomme xanthane, BHT, poudre de jus de feuille d&#8217;Aloe Barbadensis<\/p>","protected":false},"excerpt":{"rendered":"<p>Offre une haute protection de la peau de l\u2019enfant de plus de 6 mois.<\/p>\n<p>150ml.<\/p>\n<p><em><b>Date de p\u00e9remption : 11-2022 et apr\u00e8s l&#8217;ouverture 12 mois\u00a0<\/b><\/em><\/p>","protected":false},"featured_media":3049,"comment_status":"open","ping_status":"closed","template":"","meta":[],"product_cat":[64,98,17,36],"product_tag":[56,43,491,58,119,497,45,70,46,495,47,48,49],"berocket_brand":[],"class_list":{"0":"post-141891","1":"product","2":"type-product","3":"status-publish","4":"has-post-thumbnail","6":"product_cat-corps","7":"product_cat-cou","8":"product_cat-soin-et-bien-etre","9":"product_cat-visage-soin-et-bien-etre","10":"product_tag-enfants","11":"product_tag-hydratant","12":"product_tag-lait-2","13":"product_tag-lotion","14":"product_tag-non-gras","15":"product_tag-non-teinte-2","16":"product_tag-peaux-sensibles","17":"product_tag-protecteur","18":"product_tag-protection-solaire","19":"product_tag-sans-conservateur-2","20":"product_tag-sans-parfum","21":"product_tag-spf50","22":"product_tag-vitamine-e","24":"first","25":"outofstock","26":"shipping-taxable","27":"purchasable","28":"product-type-simple"},"yoast_head":"<!-- This site is optimized with the Yoast SEO plugin v24.8 - https:\/\/yoast.com\/wordpress\/plugins\/seo\/ -->\n<title>Lait Solaire Kids SPF 50+ 150ml Daylong - Prixgro<\/title>\n<meta name=\"robots\" content=\"index, follow, max-snippet:-1, max-image-preview:large, max-video-preview:-1\" \/>\n<link rel=\"canonical\" href=\"https:\/\/prixgro.com\/ar\/product\/lait-solaire-kids-spf-50-150ml-daylong\/\" \/>\n<meta property=\"og:locale\" content=\"ar_AR\" \/>\n<meta property=\"og:type\" content=\"article\" \/>\n<meta property=\"og:title\" content=\"Lait Solaire Kids SPF 50+ 150ml Daylong - Prixgro\" \/>\n<meta property=\"og:description\" content=\"Offre une haute protection de la peau de l\u2019enfant de plus de 6 mois.150ml.Date de p\u00e9remption : 11-2022 et apr\u00e8s l&#039;ouverture 12 mois\u00a0\" \/>\n<meta property=\"og:url\" content=\"https:\/\/prixgro.com\/ar\/product\/lait-solaire-kids-spf-50-150ml-daylong\/\" \/>\n<meta property=\"og:site_name\" content=\"Prixgro\" \/>\n<meta property=\"article:publisher\" content=\"https:\/\/www.facebook.com\/Pharmacima\" \/>\n<meta property=\"article:modified_time\" content=\"2024-04-09T12:29:46+00:00\" \/>\n<meta property=\"og:image\" content=\"https:\/\/prixgro.com\/wp-content\/uploads\/2023\/09\/Daylong-\u2013-Kids-lotion-solaire-SPF50-\u2013-150-ml.png\" \/>\n\t<meta property=\"og:image:width\" content=\"500\" \/>\n\t<meta property=\"og:image:height\" content=\"500\" \/>\n\t<meta property=\"og:image:type\" content=\"image\/png\" \/>\n<meta name=\"twitter:card\" content=\"summary_large_image\" \/>\n<meta name=\"twitter:label1\" content=\"\u0648\u0642\u062a \u0627\u0644\u0642\u0631\u0627\u0621\u0629 \u0627\u0644\u0645\u064f\u0642\u062f\u0651\u0631\" \/>\n\t<meta name=\"twitter:data1\" content=\"\u062f\u0642\u064a\u0642\u062a\u0627\u0646\" \/>\n<script type=\"application\/ld+json\" class=\"yoast-schema-graph\">{\"@context\":\"https:\/\/schema.org\",\"@graph\":[{\"@type\":\"WebPage\",\"@id\":\"https:\/\/prixgro.com\/product\/lait-solaire-kids-spf-50-150ml-daylong\/\",\"url\":\"https:\/\/prixgro.com\/product\/lait-solaire-kids-spf-50-150ml-daylong\/\",\"name\":\"Lait Solaire Kids SPF 50+ 150ml Daylong - Prixgro\",\"isPartOf\":{\"@id\":\"https:\/\/prixgro.com\/#website\"},\"primaryImageOfPage\":{\"@id\":\"https:\/\/prixgro.com\/product\/lait-solaire-kids-spf-50-150ml-daylong\/#primaryimage\"},\"image\":{\"@id\":\"https:\/\/prixgro.com\/product\/lait-solaire-kids-spf-50-150ml-daylong\/#primaryimage\"},\"thumbnailUrl\":\"https:\/\/prixgro.com\/wp-content\/uploads\/2023\/09\/Daylong-\u2013-Kids-lotion-solaire-SPF50-\u2013-150-ml.png\",\"datePublished\":\"2024-04-09T12:29:39+00:00\",\"dateModified\":\"2024-04-09T12:29:46+00:00\",\"breadcrumb\":{\"@id\":\"https:\/\/prixgro.com\/product\/lait-solaire-kids-spf-50-150ml-daylong\/#breadcrumb\"},\"inLanguage\":\"ar\",\"potentialAction\":[{\"@type\":\"ReadAction\",\"target\":[\"https:\/\/prixgro.com\/product\/lait-solaire-kids-spf-50-150ml-daylong\/\"]}]},{\"@type\":\"ImageObject\",\"inLanguage\":\"ar\",\"@id\":\"https:\/\/prixgro.com\/product\/lait-solaire-kids-spf-50-150ml-daylong\/#primaryimage\",\"url\":\"https:\/\/prixgro.com\/wp-content\/uploads\/2023\/09\/Daylong-\u2013-Kids-lotion-solaire-SPF50-\u2013-150-ml.png\",\"contentUrl\":\"https:\/\/prixgro.com\/wp-content\/uploads\/2023\/09\/Daylong-\u2013-Kids-lotion-solaire-SPF50-\u2013-150-ml.png\",\"width\":500,\"height\":500},{\"@type\":\"BreadcrumbList\",\"@id\":\"https:\/\/prixgro.com\/product\/lait-solaire-kids-spf-50-150ml-daylong\/#breadcrumb\",\"itemListElement\":[{\"@type\":\"ListItem\",\"position\":1,\"name\":\"Accueil\",\"item\":\"https:\/\/prixgro.com\/\"},{\"@type\":\"ListItem\",\"position\":2,\"name\":\"Boutique en ligne\",\"item\":\"https:\/\/prixgro.com\/shop\/\"},{\"@type\":\"ListItem\",\"position\":3,\"name\":\"Lait Solaire Kids SPF 50+ 150ml Daylong\"}]},{\"@type\":\"WebSite\",\"@id\":\"https:\/\/prixgro.com\/#website\",\"url\":\"https:\/\/prixgro.com\/\",\"name\":\"Prixgro.com\",\"description\":\"Para Pharmaceutique et Cosm\u00e9tique\",\"publisher\":{\"@id\":\"https:\/\/prixgro.com\/#organization\"},\"potentialAction\":[{\"@type\":\"SearchAction\",\"target\":{\"@type\":\"EntryPoint\",\"urlTemplate\":\"https:\/\/prixgro.com\/?s={search_term_string}\"},\"query-input\":{\"@type\":\"PropertyValueSpecification\",\"valueRequired\":true,\"valueName\":\"search_term_string\"}}],\"inLanguage\":\"ar\"},{\"@type\":\"Organization\",\"@id\":\"https:\/\/prixgro.com\/#organization\",\"name\":\"Prixgro\",\"url\":\"https:\/\/prixgro.com\/\",\"logo\":{\"@type\":\"ImageObject\",\"inLanguage\":\"ar\",\"@id\":\"https:\/\/prixgro.com\/#\/schema\/logo\/image\/\",\"url\":\"https:\/\/prixgro.com\/wp-content\/uploads\/2024\/08\/cropped-Nouveau-projet-2.png\",\"contentUrl\":\"https:\/\/prixgro.com\/wp-content\/uploads\/2024\/08\/cropped-Nouveau-projet-2.png\",\"width\":265,\"height\":62,\"caption\":\"Prixgro\"},\"image\":{\"@id\":\"https:\/\/prixgro.com\/#\/schema\/logo\/image\/\"},\"sameAs\":[\"https:\/\/www.facebook.com\/Pharmacima\"]}]}<\/script>\n<!-- \/ Yoast SEO plugin. -->","yoast_head_json":{"title":"Lait Solaire Kids SPF 50+ 150ml Daylong - Prixgro","robots":{"index":"index","follow":"follow","max-snippet":"max-snippet:-1","max-image-preview":"max-image-preview:large","max-video-preview":"max-video-preview:-1"},"canonical":"https:\/\/prixgro.com\/ar\/product\/lait-solaire-kids-spf-50-150ml-daylong\/","og_locale":"ar_AR","og_type":"article","og_title":"Lait Solaire Kids SPF 50+ 150ml Daylong - Prixgro","og_description":"Offre une haute protection de la peau de l\u2019enfant de plus de 6 mois.150ml.Date de p\u00e9remption : 11-2022 et apr\u00e8s l'ouverture 12 mois\u00a0","og_url":"https:\/\/prixgro.com\/ar\/product\/lait-solaire-kids-spf-50-150ml-daylong\/","og_site_name":"Prixgro","article_publisher":"https:\/\/www.facebook.com\/Pharmacima","article_modified_time":"2024-04-09T12:29:46+00:00","og_image":[{"width":500,"height":500,"url":"https:\/\/prixgro.com\/wp-content\/uploads\/2023\/09\/Daylong-\u2013-Kids-lotion-solaire-SPF50-\u2013-150-ml.png","type":"image\/png"}],"twitter_card":"summary_large_image","twitter_misc":{"\u0648\u0642\u062a \u0627\u0644\u0642\u0631\u0627\u0621\u0629 \u0627\u0644\u0645\u064f\u0642\u062f\u0651\u0631":"\u062f\u0642\u064a\u0642\u062a\u0627\u0646"},"schema":{"@context":"https:\/\/schema.org","@graph":[{"@type":"WebPage","@id":"https:\/\/prixgro.com\/product\/lait-solaire-kids-spf-50-150ml-daylong\/","url":"https:\/\/prixgro.com\/product\/lait-solaire-kids-spf-50-150ml-daylong\/","name":"Lait Solaire Kids SPF 50+ 150ml Daylong - Prixgro","isPartOf":{"@id":"https:\/\/prixgro.com\/#website"},"primaryImageOfPage":{"@id":"https:\/\/prixgro.com\/product\/lait-solaire-kids-spf-50-150ml-daylong\/#primaryimage"},"image":{"@id":"https:\/\/prixgro.com\/product\/lait-solaire-kids-spf-50-150ml-daylong\/#primaryimage"},"thumbnailUrl":"https:\/\/prixgro.com\/wp-content\/uploads\/2023\/09\/Daylong-\u2013-Kids-lotion-solaire-SPF50-\u2013-150-ml.png","datePublished":"2024-04-09T12:29:39+00:00","dateModified":"2024-04-09T12:29:46+00:00","breadcrumb":{"@id":"https:\/\/prixgro.com\/product\/lait-solaire-kids-spf-50-150ml-daylong\/#breadcrumb"},"inLanguage":"ar","potentialAction":[{"@type":"ReadAction","target":["https:\/\/prixgro.com\/product\/lait-solaire-kids-spf-50-150ml-daylong\/"]}]},{"@type":"ImageObject","inLanguage":"ar","@id":"https:\/\/prixgro.com\/product\/lait-solaire-kids-spf-50-150ml-daylong\/#primaryimage","url":"https:\/\/prixgro.com\/wp-content\/uploads\/2023\/09\/Daylong-\u2013-Kids-lotion-solaire-SPF50-\u2013-150-ml.png","contentUrl":"https:\/\/prixgro.com\/wp-content\/uploads\/2023\/09\/Daylong-\u2013-Kids-lotion-solaire-SPF50-\u2013-150-ml.png","width":500,"height":500},{"@type":"BreadcrumbList","@id":"https:\/\/prixgro.com\/product\/lait-solaire-kids-spf-50-150ml-daylong\/#breadcrumb","itemListElement":[{"@type":"ListItem","position":1,"name":"Accueil","item":"https:\/\/prixgro.com\/"},{"@type":"ListItem","position":2,"name":"Boutique en ligne","item":"https:\/\/prixgro.com\/shop\/"},{"@type":"ListItem","position":3,"name":"Lait Solaire Kids SPF 50+ 150ml Daylong"}]},{"@type":"WebSite","@id":"https:\/\/prixgro.com\/#website","url":"https:\/\/prixgro.com\/","name":"Prixgro.com","description":"Para Pharmaceutique et Cosm\u00e9tique","publisher":{"@id":"https:\/\/prixgro.com\/#organization"},"potentialAction":[{"@type":"SearchAction","target":{"@type":"EntryPoint","urlTemplate":"https:\/\/prixgro.com\/?s={search_term_string}"},"query-input":{"@type":"PropertyValueSpecification","valueRequired":true,"valueName":"search_term_string"}}],"inLanguage":"ar"},{"@type":"Organization","@id":"https:\/\/prixgro.com\/#organization","name":"Prixgro","url":"https:\/\/prixgro.com\/","logo":{"@type":"ImageObject","inLanguage":"ar","@id":"https:\/\/prixgro.com\/#\/schema\/logo\/image\/","url":"https:\/\/prixgro.com\/wp-content\/uploads\/2024\/08\/cropped-Nouveau-projet-2.png","contentUrl":"https:\/\/prixgro.com\/wp-content\/uploads\/2024\/08\/cropped-Nouveau-projet-2.png","width":265,"height":62,"caption":"Prixgro"},"image":{"@id":"https:\/\/prixgro.com\/#\/schema\/logo\/image\/"},"sameAs":["https:\/\/www.facebook.com\/Pharmacima"]}]}},"_links":{"self":[{"href":"https:\/\/prixgro.com\/ar\/wp-json\/wp\/v2\/product\/141891","targetHints":{"allow":["GET"]}}],"collection":[{"href":"https:\/\/prixgro.com\/ar\/wp-json\/wp\/v2\/product"}],"about":[{"href":"https:\/\/prixgro.com\/ar\/wp-json\/wp\/v2\/types\/product"}],"replies":[{"embeddable":true,"href":"https:\/\/prixgro.com\/ar\/wp-json\/wp\/v2\/comments?post=141891"}],"wp:featuredmedia":[{"embeddable":true,"href":"https:\/\/prixgro.com\/ar\/wp-json\/wp\/v2\/media\/3049"}],"wp:attachment":[{"href":"https:\/\/prixgro.com\/ar\/wp-json\/wp\/v2\/media?parent=141891"}],"wp:term":[{"taxonomy":"product_cat","embeddable":true,"href":"https:\/\/prixgro.com\/ar\/wp-json\/wp\/v2\/product_cat?post=141891"},{"taxonomy":"product_tag","embeddable":true,"href":"https:\/\/prixgro.com\/ar\/wp-json\/wp\/v2\/product_tag?post=141891"},{"taxonomy":"berocket_brand","embeddable":true,"href":"https:\/\/prixgro.com\/ar\/wp-json\/wp\/v2\/berocket_brand?post=141891"}],"curies":[{"name":"wp","href":"https:\/\/api.w.org\/{rel}","templated":true}]}}