{"id":141893,"date":"2024-04-09T14:29:39","date_gmt":"2024-04-09T12:29:39","guid":{"rendered":"https:\/\/cloodmanager.net\/?post_type=product&#038;p=141893"},"modified":"2024-11-28T15:09:32","modified_gmt":"2024-11-28T14:09:32","slug":"n0-traitement-cheveux-intensive-155ml-olaplex","status":"publish","type":"product","link":"https:\/\/prixgro.com\/ar\/product\/n0-traitement-cheveux-intensive-155ml-olaplex\/","title":{"rendered":"N\u00b00 Traitement Cheveux Intensive 155ml Olaplex"},"content":{"rendered":"<div class=\"col-xs-12\">\n<h2><strong>Description<\/strong> :<\/h2>\n<p>Pr\u00e9pare les cheveux \u00e0 absorber les nutriments pour une r\u00e9paration maximale<br \/>Un traitement inspir\u00e9 par les professionnels qui pr\u00e9pare les cheveux pour une r\u00e9paration profonde gr\u00e2ce \u00e0 la technologie Olaplex brevet\u00e9e.<br \/>Il reconstruit les liaisons capillaires, renforce et prot\u00e8ge l&#8217;int\u00e9grit\u00e9 des cheveux.<br \/>A utiliser comme premi\u00e8re \u00e9tape d&#8217;une solution en deux parties avec le N\u00b0.3 Hair Perfector.<\/p>\n<\/div>\n<div class=\"col-xs-12\">\n<div>Indications<\/div>\n<p>Tous les types de cheveux abim\u00e9s<\/p>\n<h2><strong>Conseils d&#8217;utilisation<\/strong> :<\/h2>\n<p>Utiliser la solution en deux temps une fois par semaine, ou deux \u00e0 trois fois par semaine pour les cheveux ab\u00eem\u00e9s. Le flacon de N\u00b0.0 devrait permettre 3 \u00e0 6 applications, selon la longueur et la densit\u00e9 des cheveux.<\/p>\n<p>&#8211; Appliquer g\u00e9n\u00e9reusement No.0 sur l&#8217;int\u00e9gralit\u00e9 des cheveux secs jusqu&#8217;\u00e0 saturation.<br \/>&#8211; Laisser agir pendant 10 minutes. Ne pas rincer.<br \/>&#8211; Appliquer No.3 Hair Perfector sur les cheveux enduits de No.0 en peignant si n\u00e9cessaire.<br \/>&#8211; Laisser agir pendant au moins 10 minutes.<br \/>&#8211; Rincer, faire un shampooing, puis un apr\u00e8s-shampooing.<br \/>&#8211; Pour de meilleurs r\u00e9sultats, utiliser le Shampooing No.4 et l&#8217;Apr\u00e8s-shampooing No.5.<\/p>\n<\/div>\n<div class=\"col-xs-12\">\n<h2><strong>Composition<\/strong> :<\/h2>\n<p>Water (Aqua), Bis-Aminopropyl Diglycol Dimaleate,\u00a0Sodium Benzoate,\u00a0Phenoxyethanol.<\/p>\n<div><\/div>\n<\/div>\n<div class=\"col-xs-12\"><\/div>","protected":false},"excerpt":{"rendered":"<p>Pour r\u00e9parer et renforcer tous types de cheveux ab\u00eem\u00e9s.<\/p>\n<p>155ml.<\/p>","protected":false},"featured_media":3053,"comment_status":"open","ping_status":"closed","template":"","meta":[],"product_cat":[126,17],"product_tag":[],"berocket_brand":[466],"class_list":{"0":"post-141893","1":"product","2":"type-product","3":"status-publish","4":"has-post-thumbnail","6":"product_cat-cheveux","7":"product_cat-soin-et-bien-etre","8":"berocket_brand-olaplex","10":"first","11":"instock","12":"shipping-taxable","13":"purchasable","14":"product-type-simple"},"yoast_head":"<!-- This site is optimized with the Yoast SEO plugin v24.8 - https:\/\/yoast.com\/wordpress\/plugins\/seo\/ -->\n<title>N\u00b00 Traitement Cheveux Intensive 155ml Olaplex - Prixgro<\/title>\n<meta name=\"robots\" content=\"index, follow, max-snippet:-1, max-image-preview:large, max-video-preview:-1\" \/>\n<link rel=\"canonical\" href=\"https:\/\/prixgro.com\/ar\/product\/n0-traitement-cheveux-intensive-155ml-olaplex\/\" \/>\n<meta property=\"og:locale\" content=\"ar_AR\" \/>\n<meta property=\"og:type\" content=\"article\" \/>\n<meta property=\"og:title\" content=\"N\u00b00 Traitement Cheveux Intensive 155ml Olaplex - Prixgro\" \/>\n<meta property=\"og:description\" content=\"Pour r\u00e9parer et renforcer tous types de cheveux ab\u00eem\u00e9s.155ml.\" \/>\n<meta property=\"og:url\" content=\"https:\/\/prixgro.com\/ar\/product\/n0-traitement-cheveux-intensive-155ml-olaplex\/\" \/>\n<meta property=\"og:site_name\" content=\"Prixgro\" \/>\n<meta property=\"article:publisher\" content=\"https:\/\/www.facebook.com\/Pharmacima\" \/>\n<meta property=\"article:modified_time\" content=\"2024-11-28T14:09:32+00:00\" \/>\n<meta property=\"og:image\" content=\"https:\/\/prixgro.com\/wp-content\/uploads\/2023\/09\/569036_swatch.jpg\" \/>\n\t<meta property=\"og:image:width\" content=\"585\" \/>\n\t<meta property=\"og:image:height\" content=\"585\" \/>\n\t<meta property=\"og:image:type\" content=\"image\/jpeg\" \/>\n<meta name=\"twitter:card\" content=\"summary_large_image\" \/>\n<meta name=\"twitter:label1\" content=\"\u0648\u0642\u062a \u0627\u0644\u0642\u0631\u0627\u0621\u0629 \u0627\u0644\u0645\u064f\u0642\u062f\u0651\u0631\" \/>\n\t<meta name=\"twitter:data1\" content=\"\u062f\u0642\u064a\u0642\u0629 \u0648\u0627\u062d\u062f\u0629\" \/>\n<script type=\"application\/ld+json\" class=\"yoast-schema-graph\">{\"@context\":\"https:\/\/schema.org\",\"@graph\":[{\"@type\":\"WebPage\",\"@id\":\"https:\/\/prixgro.com\/product\/n0-traitement-cheveux-intensive-155ml-olaplex\/\",\"url\":\"https:\/\/prixgro.com\/product\/n0-traitement-cheveux-intensive-155ml-olaplex\/\",\"name\":\"N\u00b00 Traitement Cheveux Intensive 155ml Olaplex - Prixgro\",\"isPartOf\":{\"@id\":\"https:\/\/prixgro.com\/#website\"},\"primaryImageOfPage\":{\"@id\":\"https:\/\/prixgro.com\/product\/n0-traitement-cheveux-intensive-155ml-olaplex\/#primaryimage\"},\"image\":{\"@id\":\"https:\/\/prixgro.com\/product\/n0-traitement-cheveux-intensive-155ml-olaplex\/#primaryimage\"},\"thumbnailUrl\":\"https:\/\/prixgro.com\/wp-content\/uploads\/2023\/09\/569036_swatch.jpg\",\"datePublished\":\"2024-04-09T12:29:39+00:00\",\"dateModified\":\"2024-11-28T14:09:32+00:00\",\"breadcrumb\":{\"@id\":\"https:\/\/prixgro.com\/product\/n0-traitement-cheveux-intensive-155ml-olaplex\/#breadcrumb\"},\"inLanguage\":\"ar\",\"potentialAction\":[{\"@type\":\"ReadAction\",\"target\":[\"https:\/\/prixgro.com\/product\/n0-traitement-cheveux-intensive-155ml-olaplex\/\"]}]},{\"@type\":\"ImageObject\",\"inLanguage\":\"ar\",\"@id\":\"https:\/\/prixgro.com\/product\/n0-traitement-cheveux-intensive-155ml-olaplex\/#primaryimage\",\"url\":\"https:\/\/prixgro.com\/wp-content\/uploads\/2023\/09\/569036_swatch.jpg\",\"contentUrl\":\"https:\/\/prixgro.com\/wp-content\/uploads\/2023\/09\/569036_swatch.jpg\",\"width\":585,\"height\":585},{\"@type\":\"BreadcrumbList\",\"@id\":\"https:\/\/prixgro.com\/product\/n0-traitement-cheveux-intensive-155ml-olaplex\/#breadcrumb\",\"itemListElement\":[{\"@type\":\"ListItem\",\"position\":1,\"name\":\"Accueil\",\"item\":\"https:\/\/prixgro.com\/\"},{\"@type\":\"ListItem\",\"position\":2,\"name\":\"Boutique en ligne\",\"item\":\"https:\/\/prixgro.com\/shop\/\"},{\"@type\":\"ListItem\",\"position\":3,\"name\":\"N\u00b00 Traitement Cheveux Intensive 155ml Olaplex\"}]},{\"@type\":\"WebSite\",\"@id\":\"https:\/\/prixgro.com\/#website\",\"url\":\"https:\/\/prixgro.com\/\",\"name\":\"Prixgro.com\",\"description\":\"Para Pharmaceutique et Cosm\u00e9tique\",\"publisher\":{\"@id\":\"https:\/\/prixgro.com\/#organization\"},\"potentialAction\":[{\"@type\":\"SearchAction\",\"target\":{\"@type\":\"EntryPoint\",\"urlTemplate\":\"https:\/\/prixgro.com\/?s={search_term_string}\"},\"query-input\":{\"@type\":\"PropertyValueSpecification\",\"valueRequired\":true,\"valueName\":\"search_term_string\"}}],\"inLanguage\":\"ar\"},{\"@type\":\"Organization\",\"@id\":\"https:\/\/prixgro.com\/#organization\",\"name\":\"Prixgro\",\"url\":\"https:\/\/prixgro.com\/\",\"logo\":{\"@type\":\"ImageObject\",\"inLanguage\":\"ar\",\"@id\":\"https:\/\/prixgro.com\/#\/schema\/logo\/image\/\",\"url\":\"https:\/\/prixgro.com\/wp-content\/uploads\/2024\/08\/cropped-Nouveau-projet-2.png\",\"contentUrl\":\"https:\/\/prixgro.com\/wp-content\/uploads\/2024\/08\/cropped-Nouveau-projet-2.png\",\"width\":265,\"height\":62,\"caption\":\"Prixgro\"},\"image\":{\"@id\":\"https:\/\/prixgro.com\/#\/schema\/logo\/image\/\"},\"sameAs\":[\"https:\/\/www.facebook.com\/Pharmacima\"]}]}<\/script>\n<!-- \/ Yoast SEO plugin. -->","yoast_head_json":{"title":"N\u00b00 Traitement Cheveux Intensive 155ml Olaplex - Prixgro","robots":{"index":"index","follow":"follow","max-snippet":"max-snippet:-1","max-image-preview":"max-image-preview:large","max-video-preview":"max-video-preview:-1"},"canonical":"https:\/\/prixgro.com\/ar\/product\/n0-traitement-cheveux-intensive-155ml-olaplex\/","og_locale":"ar_AR","og_type":"article","og_title":"N\u00b00 Traitement Cheveux Intensive 155ml Olaplex - Prixgro","og_description":"Pour r\u00e9parer et renforcer tous types de cheveux ab\u00eem\u00e9s.155ml.","og_url":"https:\/\/prixgro.com\/ar\/product\/n0-traitement-cheveux-intensive-155ml-olaplex\/","og_site_name":"Prixgro","article_publisher":"https:\/\/www.facebook.com\/Pharmacima","article_modified_time":"2024-11-28T14:09:32+00:00","og_image":[{"width":585,"height":585,"url":"https:\/\/prixgro.com\/wp-content\/uploads\/2023\/09\/569036_swatch.jpg","type":"image\/jpeg"}],"twitter_card":"summary_large_image","twitter_misc":{"\u0648\u0642\u062a \u0627\u0644\u0642\u0631\u0627\u0621\u0629 \u0627\u0644\u0645\u064f\u0642\u062f\u0651\u0631":"\u062f\u0642\u064a\u0642\u0629 \u0648\u0627\u062d\u062f\u0629"},"schema":{"@context":"https:\/\/schema.org","@graph":[{"@type":"WebPage","@id":"https:\/\/prixgro.com\/product\/n0-traitement-cheveux-intensive-155ml-olaplex\/","url":"https:\/\/prixgro.com\/product\/n0-traitement-cheveux-intensive-155ml-olaplex\/","name":"N\u00b00 Traitement Cheveux Intensive 155ml Olaplex - Prixgro","isPartOf":{"@id":"https:\/\/prixgro.com\/#website"},"primaryImageOfPage":{"@id":"https:\/\/prixgro.com\/product\/n0-traitement-cheveux-intensive-155ml-olaplex\/#primaryimage"},"image":{"@id":"https:\/\/prixgro.com\/product\/n0-traitement-cheveux-intensive-155ml-olaplex\/#primaryimage"},"thumbnailUrl":"https:\/\/prixgro.com\/wp-content\/uploads\/2023\/09\/569036_swatch.jpg","datePublished":"2024-04-09T12:29:39+00:00","dateModified":"2024-11-28T14:09:32+00:00","breadcrumb":{"@id":"https:\/\/prixgro.com\/product\/n0-traitement-cheveux-intensive-155ml-olaplex\/#breadcrumb"},"inLanguage":"ar","potentialAction":[{"@type":"ReadAction","target":["https:\/\/prixgro.com\/product\/n0-traitement-cheveux-intensive-155ml-olaplex\/"]}]},{"@type":"ImageObject","inLanguage":"ar","@id":"https:\/\/prixgro.com\/product\/n0-traitement-cheveux-intensive-155ml-olaplex\/#primaryimage","url":"https:\/\/prixgro.com\/wp-content\/uploads\/2023\/09\/569036_swatch.jpg","contentUrl":"https:\/\/prixgro.com\/wp-content\/uploads\/2023\/09\/569036_swatch.jpg","width":585,"height":585},{"@type":"BreadcrumbList","@id":"https:\/\/prixgro.com\/product\/n0-traitement-cheveux-intensive-155ml-olaplex\/#breadcrumb","itemListElement":[{"@type":"ListItem","position":1,"name":"Accueil","item":"https:\/\/prixgro.com\/"},{"@type":"ListItem","position":2,"name":"Boutique en ligne","item":"https:\/\/prixgro.com\/shop\/"},{"@type":"ListItem","position":3,"name":"N\u00b00 Traitement Cheveux Intensive 155ml Olaplex"}]},{"@type":"WebSite","@id":"https:\/\/prixgro.com\/#website","url":"https:\/\/prixgro.com\/","name":"Prixgro.com","description":"Para Pharmaceutique et Cosm\u00e9tique","publisher":{"@id":"https:\/\/prixgro.com\/#organization"},"potentialAction":[{"@type":"SearchAction","target":{"@type":"EntryPoint","urlTemplate":"https:\/\/prixgro.com\/?s={search_term_string}"},"query-input":{"@type":"PropertyValueSpecification","valueRequired":true,"valueName":"search_term_string"}}],"inLanguage":"ar"},{"@type":"Organization","@id":"https:\/\/prixgro.com\/#organization","name":"Prixgro","url":"https:\/\/prixgro.com\/","logo":{"@type":"ImageObject","inLanguage":"ar","@id":"https:\/\/prixgro.com\/#\/schema\/logo\/image\/","url":"https:\/\/prixgro.com\/wp-content\/uploads\/2024\/08\/cropped-Nouveau-projet-2.png","contentUrl":"https:\/\/prixgro.com\/wp-content\/uploads\/2024\/08\/cropped-Nouveau-projet-2.png","width":265,"height":62,"caption":"Prixgro"},"image":{"@id":"https:\/\/prixgro.com\/#\/schema\/logo\/image\/"},"sameAs":["https:\/\/www.facebook.com\/Pharmacima"]}]}},"_links":{"self":[{"href":"https:\/\/prixgro.com\/ar\/wp-json\/wp\/v2\/product\/141893","targetHints":{"allow":["GET"]}}],"collection":[{"href":"https:\/\/prixgro.com\/ar\/wp-json\/wp\/v2\/product"}],"about":[{"href":"https:\/\/prixgro.com\/ar\/wp-json\/wp\/v2\/types\/product"}],"replies":[{"embeddable":true,"href":"https:\/\/prixgro.com\/ar\/wp-json\/wp\/v2\/comments?post=141893"}],"wp:featuredmedia":[{"embeddable":true,"href":"https:\/\/prixgro.com\/ar\/wp-json\/wp\/v2\/media\/3053"}],"wp:attachment":[{"href":"https:\/\/prixgro.com\/ar\/wp-json\/wp\/v2\/media?parent=141893"}],"wp:term":[{"taxonomy":"product_cat","embeddable":true,"href":"https:\/\/prixgro.com\/ar\/wp-json\/wp\/v2\/product_cat?post=141893"},{"taxonomy":"product_tag","embeddable":true,"href":"https:\/\/prixgro.com\/ar\/wp-json\/wp\/v2\/product_tag?post=141893"},{"taxonomy":"berocket_brand","embeddable":true,"href":"https:\/\/prixgro.com\/ar\/wp-json\/wp\/v2\/berocket_brand?post=141893"}],"curies":[{"name":"wp","href":"https:\/\/api.w.org\/{rel}","templated":true}]}}