{"id":141896,"date":"2024-04-09T14:29:39","date_gmt":"2024-04-09T12:29:39","guid":{"rendered":"https:\/\/cloodmanager.net\/?post_type=product&#038;p=141896"},"modified":"2024-08-08T20:31:09","modified_gmt":"2024-08-08T18:31:09","slug":"c-50-blemish-masque-anti-taches-nuit-30ml-the-inkey-list","status":"publish","type":"product","link":"https:\/\/prixgro.com\/ar\/product\/c-50-blemish-masque-anti-taches-nuit-30ml-the-inkey-list\/","title":{"rendered":"C-50 Blemish Masque Anti-taches Nuit 30ml The Inkey List"},"content":{"rendered":"<p><strong>Description<\/strong> :<\/p>\n<p>Vous avez une de ces semaines o\u00f9 la DERNI\u00c8RE chose \u00e0 laquelle vous voulez faire face est un combat de taches emb\u00eatantes\u00a0? Nous. Aussi. C&#8217;est pourquoi nous sommes excessivement excit\u00e9s pour le traitement de nuit C-50 Blemish de The Inkey List , un masque de nuit qui minimise les \u00e9ruptions existantes et pr\u00e9vient les \u00e9ruptions potentielles. Le C-50 est un d\u00e9riv\u00e9 stable de la vitamine C qui \u00e9claircit et unifie votre teint afin que les imperfections paraissent att\u00e9nu\u00e9es, tout en encourageant simultan\u00e9ment le renouvellement de vos cellules pour des temps de gu\u00e9rison plus rapides\u00a0!<\/p>\n<p>The Inkey List C-50 Blemish Night Treatment est un masque pour dormir sp\u00e9cialement d\u00e9velopp\u00e9 pour les peaux impures. Ce masque de nuit minimise les boutons et les impuret\u00e9s existants et pr\u00e9vient l&#8217;apparition de nouveaux. Ce masque contient du C-50, qui assure une peau nette et uniforme. Dans le m\u00eame temps, les cellules se renouvellent et ce processus est acc\u00e9l\u00e9r\u00e9, de sorte que les impuret\u00e9s gu\u00e9rissent et disparaissent rapidement.<\/p>\n<p>L&#8217;ingr\u00e9dient BHA-acide salicylique \u00e9limine les cellules mortes de la peau et emp\u00eache ainsi le colmatage des pores. La production de s\u00e9bum de la peau est r\u00e9gul\u00e9e et la peau para\u00eetra nette et uniforme. Vous souffrez d&#8217;une peau impure ou grasse ? Alors ce masque est parfait pour vous !<\/p>\n<p><strong>Ce masque :<\/strong><\/p>\n<ul>\n<li>surtout pour la nuit<\/li>\n<li>minimise et pr\u00e9vient les boutons<\/li>\n<li>donne une peau uniforme et nette<\/li>\n<li>acc\u00e9l\u00e8re le renouvellement cutan\u00e9<\/li>\n<li>emp\u00eache les pores obstru\u00e9s<\/li>\n<li>r\u00e9gule la production de s\u00e9bum.<\/li>\n<li>id\u00e9al pour les peaux impures ou grasses<\/li>\n<li>sans cruaut\u00e9<\/li>\n<\/ul>\n<p><strong>Conseils d&#8217;utilisation :\u00a0<\/strong><\/p>\n<ul>\n<li>Appliquer le masque avant d&#8217;aller dormir sur une peau nettoy\u00e9e et s\u00e8che.<\/li>\n<li>Suivez votre routine habituelle de soins de la peau, mais \u00e9vitez votre cr\u00e8me hydratante. Utilisez plut\u00f4t ce masque.<\/li>\n<li>Massez le masque sur votre peau jusqu&#8217;\u00e0 ce qu&#8217;il soit compl\u00e8tement absorb\u00e9.<\/li>\n<li>Et maintenant, dormez bien et laissez le masque faire son travail !<\/li>\n<li>Le lendemain matin, vous vous lavez le visage.<\/li>\n<\/ul>\n<div id=\"tab-ingredients\" class=\"tab-content u-hiddenVisually\" aria-hidden=\"true\"><\/div>\n<p><strong>Composition :<\/strong><\/p>\n<p>Aqua (Water\/ Eau), Propanediol, Sodium Ascorbyl Phosphate, Salicylic Acid, Ammonium Acryloyldimethyltaurate\/VP Copolymer, Phenoxyethanol, Caprylyl\/Capryl Glucoside, Xanthan Gum, Glycerin, Sodium Hydroxide, Madecassoside, Ethylhexylglycerin, Hydroxyacetophenone, Sodium Gluconate, Sodium Metabisulfite, Lecithin, Ascorbyl Palmitate, Nelumbo Nucifera Flower Extract, Nymphaea Coerulea Flower Extract, Tocopherol, Helianthus Annuus (Sunflower) Seed Oil.<strong><br \/>\n<\/strong><\/p>","protected":false},"excerpt":{"rendered":"<p>Vous souffrez d&#8217;une peau impure ou grasse ? Alors ce masque est parfait pour vous !<\/p>\n<p>30ml.<\/p>","protected":false},"featured_media":142731,"comment_status":"open","ping_status":"closed","template":"","meta":[],"product_cat":[98,17,36],"product_tag":[71,477,39,170,34,488,480,257,256,149,190,112,138,218],"berocket_brand":[465],"class_list":{"0":"post-141896","1":"product","2":"type-product","3":"status-publish","4":"has-post-thumbnail","6":"product_cat-cou","7":"product_cat-soin-et-bien-etre","8":"product_cat-visage-soin-et-bien-etre","9":"product_tag-acide-salicylique","10":"product_tag-anti-acnes-2","11":"product_tag-anti-taches","12":"product_tag-eclaircissant","13":"product_tag-gel","14":"product_tag-masque-2","15":"product_tag-peaux-grasses-3","16":"product_tag-peaux-ternes-2","17":"product_tag-resserre-les-pores","18":"product_tag-sebo-regulateur","19":"product_tag-soin-de-nuit","20":"product_tag-tous-types-de-peaux","21":"product_tag-unifie-le-teint","22":"product_tag-vitamine-c","23":"berocket_brand-theinkeylist","25":"first","26":"outofstock","27":"shipping-taxable","28":"purchasable","29":"product-type-simple"},"yoast_head":"<!-- This site is optimized with the Yoast SEO plugin v24.8 - https:\/\/yoast.com\/wordpress\/plugins\/seo\/ -->\n<title>C-50 Blemish Masque Anti-taches Nuit 30ml The Inkey List - Prixgro<\/title>\n<meta name=\"description\" content=\"Vous avez une de ces semaines o\u00f9 la DERNI\u00c8RE chose \u00e0 laquelle vous voulez faire face est un combat de taches emb\u00eatantes\u00a0? Nous. Aussi. C&#039;est pourquoi\" \/>\n<meta name=\"robots\" content=\"index, follow, max-snippet:-1, max-image-preview:large, max-video-preview:-1\" \/>\n<link rel=\"canonical\" href=\"https:\/\/prixgro.com\/ar\/product\/c-50-blemish-masque-anti-taches-nuit-30ml-the-inkey-list\/\" \/>\n<meta property=\"og:locale\" content=\"ar_AR\" \/>\n<meta property=\"og:type\" content=\"article\" \/>\n<meta property=\"og:title\" content=\"C-50 Blemish Masque Anti-taches Nuit 30ml The Inkey List - Prixgro\" \/>\n<meta property=\"og:description\" content=\"Vous avez une de ces semaines o\u00f9 la DERNI\u00c8RE chose \u00e0 laquelle vous voulez faire face est un combat de taches emb\u00eatantes\u00a0? Nous. Aussi. C&#039;est pourquoi\" \/>\n<meta property=\"og:url\" content=\"https:\/\/prixgro.com\/ar\/product\/c-50-blemish-masque-anti-taches-nuit-30ml-the-inkey-list\/\" \/>\n<meta property=\"og:site_name\" content=\"Prixgro\" \/>\n<meta property=\"article:publisher\" content=\"https:\/\/www.facebook.com\/Pharmacima\" \/>\n<meta property=\"article:modified_time\" content=\"2024-08-08T18:31:09+00:00\" \/>\n<meta property=\"og:image\" content=\"https:\/\/prixgro.com\/wp-content\/uploads\/2024\/04\/the-inkey-7.png\" \/>\n\t<meta property=\"og:image:width\" content=\"540\" \/>\n\t<meta property=\"og:image:height\" content=\"540\" \/>\n\t<meta property=\"og:image:type\" content=\"image\/png\" \/>\n<meta name=\"twitter:card\" content=\"summary_large_image\" \/>\n<meta name=\"twitter:label1\" content=\"\u0648\u0642\u062a \u0627\u0644\u0642\u0631\u0627\u0621\u0629 \u0627\u0644\u0645\u064f\u0642\u062f\u0651\u0631\" \/>\n\t<meta name=\"twitter:data1\" content=\"3 \u062f\u0642\u0627\u0626\u0642\" \/>\n<script type=\"application\/ld+json\" class=\"yoast-schema-graph\">{\"@context\":\"https:\/\/schema.org\",\"@graph\":[{\"@type\":\"WebPage\",\"@id\":\"https:\/\/prixgro.com\/product\/c-50-blemish-masque-anti-taches-nuit-30ml-the-inkey-list\/\",\"url\":\"https:\/\/prixgro.com\/product\/c-50-blemish-masque-anti-taches-nuit-30ml-the-inkey-list\/\",\"name\":\"C-50 Blemish Masque Anti-taches Nuit 30ml The Inkey List - Prixgro\",\"isPartOf\":{\"@id\":\"https:\/\/prixgro.com\/#website\"},\"primaryImageOfPage\":{\"@id\":\"https:\/\/prixgro.com\/product\/c-50-blemish-masque-anti-taches-nuit-30ml-the-inkey-list\/#primaryimage\"},\"image\":{\"@id\":\"https:\/\/prixgro.com\/product\/c-50-blemish-masque-anti-taches-nuit-30ml-the-inkey-list\/#primaryimage\"},\"thumbnailUrl\":\"https:\/\/prixgro.com\/wp-content\/uploads\/2024\/04\/the-inkey-7.png\",\"datePublished\":\"2024-04-09T12:29:39+00:00\",\"dateModified\":\"2024-08-08T18:31:09+00:00\",\"description\":\"Vous avez une de ces semaines o\u00f9 la DERNI\u00c8RE chose \u00e0 laquelle vous voulez faire face est un combat de taches emb\u00eatantes\u00a0? Nous. Aussi. C'est pourquoi\",\"breadcrumb\":{\"@id\":\"https:\/\/prixgro.com\/product\/c-50-blemish-masque-anti-taches-nuit-30ml-the-inkey-list\/#breadcrumb\"},\"inLanguage\":\"ar\",\"potentialAction\":[{\"@type\":\"ReadAction\",\"target\":[\"https:\/\/prixgro.com\/product\/c-50-blemish-masque-anti-taches-nuit-30ml-the-inkey-list\/\"]}]},{\"@type\":\"ImageObject\",\"inLanguage\":\"ar\",\"@id\":\"https:\/\/prixgro.com\/product\/c-50-blemish-masque-anti-taches-nuit-30ml-the-inkey-list\/#primaryimage\",\"url\":\"https:\/\/prixgro.com\/wp-content\/uploads\/2024\/04\/the-inkey-7.png\",\"contentUrl\":\"https:\/\/prixgro.com\/wp-content\/uploads\/2024\/04\/the-inkey-7.png\",\"width\":540,\"height\":540},{\"@type\":\"BreadcrumbList\",\"@id\":\"https:\/\/prixgro.com\/product\/c-50-blemish-masque-anti-taches-nuit-30ml-the-inkey-list\/#breadcrumb\",\"itemListElement\":[{\"@type\":\"ListItem\",\"position\":1,\"name\":\"Accueil\",\"item\":\"https:\/\/prixgro.com\/\"},{\"@type\":\"ListItem\",\"position\":2,\"name\":\"Boutique en ligne\",\"item\":\"https:\/\/prixgro.com\/shop\/\"},{\"@type\":\"ListItem\",\"position\":3,\"name\":\"C-50 Blemish Masque Anti-taches Nuit 30ml The Inkey List\"}]},{\"@type\":\"WebSite\",\"@id\":\"https:\/\/prixgro.com\/#website\",\"url\":\"https:\/\/prixgro.com\/\",\"name\":\"Prixgro.com\",\"description\":\"Para Pharmaceutique et Cosm\u00e9tique\",\"publisher\":{\"@id\":\"https:\/\/prixgro.com\/#organization\"},\"potentialAction\":[{\"@type\":\"SearchAction\",\"target\":{\"@type\":\"EntryPoint\",\"urlTemplate\":\"https:\/\/prixgro.com\/?s={search_term_string}\"},\"query-input\":{\"@type\":\"PropertyValueSpecification\",\"valueRequired\":true,\"valueName\":\"search_term_string\"}}],\"inLanguage\":\"ar\"},{\"@type\":\"Organization\",\"@id\":\"https:\/\/prixgro.com\/#organization\",\"name\":\"Prixgro\",\"url\":\"https:\/\/prixgro.com\/\",\"logo\":{\"@type\":\"ImageObject\",\"inLanguage\":\"ar\",\"@id\":\"https:\/\/prixgro.com\/#\/schema\/logo\/image\/\",\"url\":\"https:\/\/prixgro.com\/wp-content\/uploads\/2024\/08\/cropped-Nouveau-projet-2.png\",\"contentUrl\":\"https:\/\/prixgro.com\/wp-content\/uploads\/2024\/08\/cropped-Nouveau-projet-2.png\",\"width\":265,\"height\":62,\"caption\":\"Prixgro\"},\"image\":{\"@id\":\"https:\/\/prixgro.com\/#\/schema\/logo\/image\/\"},\"sameAs\":[\"https:\/\/www.facebook.com\/Pharmacima\"]}]}<\/script>\n<!-- \/ Yoast SEO plugin. -->","yoast_head_json":{"title":"C-50 Blemish Masque Anti-taches Nuit 30ml The Inkey List - Prixgro","description":"Vous avez une de ces semaines o\u00f9 la DERNI\u00c8RE chose \u00e0 laquelle vous voulez faire face est un combat de taches emb\u00eatantes\u00a0? Nous. Aussi. C'est pourquoi","robots":{"index":"index","follow":"follow","max-snippet":"max-snippet:-1","max-image-preview":"max-image-preview:large","max-video-preview":"max-video-preview:-1"},"canonical":"https:\/\/prixgro.com\/ar\/product\/c-50-blemish-masque-anti-taches-nuit-30ml-the-inkey-list\/","og_locale":"ar_AR","og_type":"article","og_title":"C-50 Blemish Masque Anti-taches Nuit 30ml The Inkey List - Prixgro","og_description":"Vous avez une de ces semaines o\u00f9 la DERNI\u00c8RE chose \u00e0 laquelle vous voulez faire face est un combat de taches emb\u00eatantes\u00a0? Nous. Aussi. C'est pourquoi","og_url":"https:\/\/prixgro.com\/ar\/product\/c-50-blemish-masque-anti-taches-nuit-30ml-the-inkey-list\/","og_site_name":"Prixgro","article_publisher":"https:\/\/www.facebook.com\/Pharmacima","article_modified_time":"2024-08-08T18:31:09+00:00","og_image":[{"width":540,"height":540,"url":"https:\/\/prixgro.com\/wp-content\/uploads\/2024\/04\/the-inkey-7.png","type":"image\/png"}],"twitter_card":"summary_large_image","twitter_misc":{"\u0648\u0642\u062a \u0627\u0644\u0642\u0631\u0627\u0621\u0629 \u0627\u0644\u0645\u064f\u0642\u062f\u0651\u0631":"3 \u062f\u0642\u0627\u0626\u0642"},"schema":{"@context":"https:\/\/schema.org","@graph":[{"@type":"WebPage","@id":"https:\/\/prixgro.com\/product\/c-50-blemish-masque-anti-taches-nuit-30ml-the-inkey-list\/","url":"https:\/\/prixgro.com\/product\/c-50-blemish-masque-anti-taches-nuit-30ml-the-inkey-list\/","name":"C-50 Blemish Masque Anti-taches Nuit 30ml The Inkey List - Prixgro","isPartOf":{"@id":"https:\/\/prixgro.com\/#website"},"primaryImageOfPage":{"@id":"https:\/\/prixgro.com\/product\/c-50-blemish-masque-anti-taches-nuit-30ml-the-inkey-list\/#primaryimage"},"image":{"@id":"https:\/\/prixgro.com\/product\/c-50-blemish-masque-anti-taches-nuit-30ml-the-inkey-list\/#primaryimage"},"thumbnailUrl":"https:\/\/prixgro.com\/wp-content\/uploads\/2024\/04\/the-inkey-7.png","datePublished":"2024-04-09T12:29:39+00:00","dateModified":"2024-08-08T18:31:09+00:00","description":"Vous avez une de ces semaines o\u00f9 la DERNI\u00c8RE chose \u00e0 laquelle vous voulez faire face est un combat de taches emb\u00eatantes\u00a0? Nous. Aussi. C'est pourquoi","breadcrumb":{"@id":"https:\/\/prixgro.com\/product\/c-50-blemish-masque-anti-taches-nuit-30ml-the-inkey-list\/#breadcrumb"},"inLanguage":"ar","potentialAction":[{"@type":"ReadAction","target":["https:\/\/prixgro.com\/product\/c-50-blemish-masque-anti-taches-nuit-30ml-the-inkey-list\/"]}]},{"@type":"ImageObject","inLanguage":"ar","@id":"https:\/\/prixgro.com\/product\/c-50-blemish-masque-anti-taches-nuit-30ml-the-inkey-list\/#primaryimage","url":"https:\/\/prixgro.com\/wp-content\/uploads\/2024\/04\/the-inkey-7.png","contentUrl":"https:\/\/prixgro.com\/wp-content\/uploads\/2024\/04\/the-inkey-7.png","width":540,"height":540},{"@type":"BreadcrumbList","@id":"https:\/\/prixgro.com\/product\/c-50-blemish-masque-anti-taches-nuit-30ml-the-inkey-list\/#breadcrumb","itemListElement":[{"@type":"ListItem","position":1,"name":"Accueil","item":"https:\/\/prixgro.com\/"},{"@type":"ListItem","position":2,"name":"Boutique en ligne","item":"https:\/\/prixgro.com\/shop\/"},{"@type":"ListItem","position":3,"name":"C-50 Blemish Masque Anti-taches Nuit 30ml The Inkey List"}]},{"@type":"WebSite","@id":"https:\/\/prixgro.com\/#website","url":"https:\/\/prixgro.com\/","name":"Prixgro.com","description":"Para Pharmaceutique et Cosm\u00e9tique","publisher":{"@id":"https:\/\/prixgro.com\/#organization"},"potentialAction":[{"@type":"SearchAction","target":{"@type":"EntryPoint","urlTemplate":"https:\/\/prixgro.com\/?s={search_term_string}"},"query-input":{"@type":"PropertyValueSpecification","valueRequired":true,"valueName":"search_term_string"}}],"inLanguage":"ar"},{"@type":"Organization","@id":"https:\/\/prixgro.com\/#organization","name":"Prixgro","url":"https:\/\/prixgro.com\/","logo":{"@type":"ImageObject","inLanguage":"ar","@id":"https:\/\/prixgro.com\/#\/schema\/logo\/image\/","url":"https:\/\/prixgro.com\/wp-content\/uploads\/2024\/08\/cropped-Nouveau-projet-2.png","contentUrl":"https:\/\/prixgro.com\/wp-content\/uploads\/2024\/08\/cropped-Nouveau-projet-2.png","width":265,"height":62,"caption":"Prixgro"},"image":{"@id":"https:\/\/prixgro.com\/#\/schema\/logo\/image\/"},"sameAs":["https:\/\/www.facebook.com\/Pharmacima"]}]}},"_links":{"self":[{"href":"https:\/\/prixgro.com\/ar\/wp-json\/wp\/v2\/product\/141896","targetHints":{"allow":["GET"]}}],"collection":[{"href":"https:\/\/prixgro.com\/ar\/wp-json\/wp\/v2\/product"}],"about":[{"href":"https:\/\/prixgro.com\/ar\/wp-json\/wp\/v2\/types\/product"}],"replies":[{"embeddable":true,"href":"https:\/\/prixgro.com\/ar\/wp-json\/wp\/v2\/comments?post=141896"}],"wp:featuredmedia":[{"embeddable":true,"href":"https:\/\/prixgro.com\/ar\/wp-json\/wp\/v2\/media\/142731"}],"wp:attachment":[{"href":"https:\/\/prixgro.com\/ar\/wp-json\/wp\/v2\/media?parent=141896"}],"wp:term":[{"taxonomy":"product_cat","embeddable":true,"href":"https:\/\/prixgro.com\/ar\/wp-json\/wp\/v2\/product_cat?post=141896"},{"taxonomy":"product_tag","embeddable":true,"href":"https:\/\/prixgro.com\/ar\/wp-json\/wp\/v2\/product_tag?post=141896"},{"taxonomy":"berocket_brand","embeddable":true,"href":"https:\/\/prixgro.com\/ar\/wp-json\/wp\/v2\/berocket_brand?post=141896"}],"curies":[{"name":"wp","href":"https:\/\/api.w.org\/{rel}","templated":true}]}}