{"id":141898,"date":"2024-04-09T14:29:39","date_gmt":"2024-04-09T12:29:39","guid":{"rendered":"https:\/\/cloodmanager.net\/?post_type=product&#038;p=141898"},"modified":"2024-08-08T20:30:51","modified_gmt":"2024-08-08T18:30:51","slug":"70-dalcool-traitement-mains-30ml-the-inkey-list","status":"publish","type":"product","link":"https:\/\/prixgro.com\/ar\/product\/70-dalcool-traitement-mains-30ml-the-inkey-list\/","title":{"rendered":"70% D&#8217;Alcool Traitement Mains 30ml The Inkey List"},"content":{"rendered":"<p><strong>Description :\u00a0<\/strong><\/p>\n<p><strong><br \/>\n<\/strong>Prot\u00e9gez et hydratez vos mains avec le\u00a0<strong>traitement pour les mains \u00e0 70\u00a0% d&#8217;alcool The INKEY List.<\/strong>\u00a0La formule \u00e0 70\u00a0% d&#8217;alcool, une concentration sup\u00e9rieure \u00e0 celle recommand\u00e9e par le gouvernement, offre \u00e0 vos mains une protection antibact\u00e9rienne et anti-microbienne ad\u00e9quate. Sa consistance cr\u00e9meuse permet \u00e0 la lotion d&#8217;\u00eatre rapidement absorb\u00e9e par les mains pour un effet quasi instantan\u00e9. Enrichie d&#8217;un complexe d&#8217;hydratation unique \u00e0 3\u00a0%, la formule attire et conserve l&#8217;humidit\u00e9 dans les mains pour assurer une hydratation durable.<\/p>\n<p>Cette formule non dess\u00e9chante d\u00e9toxifie en outre la surface de la peau sans en \u00e9liminer les huiles naturelles, laissant les paumes hydrat\u00e9es et purifi\u00e9es, plut\u00f4t que s\u00e8ches et tiraill\u00e9es. Contenant \u00e9galement 1\u00a0% de Pollustop, ce d\u00e9sinfectant prot\u00e8ge la surface de la peau contre les agresseurs environnementaux nocifs, comme les rayons\u00a0UV et la pollution, qui peuvent dess\u00e9cher et endommager la peau. Pour finir, un complexe lipidique \u00e0 4\u00a0% conf\u00e8re au traitement un pouvoir anti-inflammatoire, calmant toute rougeur et toute irritation pour laisser un teint et une texture plus uniformes. Cette formule efficace permet \u00e0 vos mains de rester hydrat\u00e9es en toute s\u00e9curit\u00e9.<\/p>\n<p><em>70\u00a0% d&#8217;\u00e9thanol d\u00e9natur\u00e9<\/em><\/p>\n<p><strong>Conseils d&#8217;utilisation :<\/strong><\/p>\n<p id=\"tw-target-text\" class=\"tw-data-text tw-text-large tw-ta\" dir=\"ltr\" data-placeholder=\"Traduction\"><span class=\"Y2IQFc\" lang=\"fr\">Appliquer sur mains s\u00e8ches. Massez sur les paumes, le dos des mains, les doigts et les ongles. Utiliser tout au long de la journ\u00e9e selon les besoins.<\/span><\/p>\n<p><strong>Composition :<\/strong><\/p>\n<p>Alcohol Denat. (SD Alcohol 40-B), Water (Aqua\/ Eau), Olive Oil PEG-7 Esters, Ammonium Polyacryloyldimethyl Taurate, Xylitylglucoside, Glycerin, Vitis Vinifera (Grape) Seed Oil, Anhydroxylitol, Sodium Styrene\/ Acrylates\/ PEG-10 Dimaleate Copolymer, Xylitol, 1,2- Hexanediol, Biosaccharide Gum-4.<strong><br \/>\n<\/strong><\/p>","protected":false},"excerpt":{"rendered":"<p>Une protection antibact\u00e9rienne et anti-microbienne ad\u00e9quate.<\/p>\n<p>30ml.<\/p>","protected":false},"featured_media":142732,"comment_status":"open","ping_status":"closed","template":"","meta":[],"product_cat":[65,17],"product_tag":[31,73,43,614,70,549,63,190,261,112,233],"berocket_brand":[],"class_list":{"0":"post-141898","1":"product","2":"type-product","3":"status-publish","4":"has-post-thumbnail","6":"product_cat-mains","7":"product_cat-soin-et-bien-etre","8":"product_tag-anti-bacterien","9":"product_tag-creme","10":"product_tag-hydratant","11":"product_tag-les-alcool-2","12":"product_tag-protecteur","13":"product_tag-soin-des-mains-3","14":"product_tag-soin-apaisant","15":"product_tag-soin-de-nuit","16":"product_tag-soin-du-jour-2","17":"product_tag-tous-types-de-peaux","18":"product_tag-traitement-ongles","20":"first","21":"outofstock","22":"shipping-taxable","23":"purchasable","24":"product-type-simple"},"yoast_head":"<!-- This site is optimized with the Yoast SEO plugin v24.8 - https:\/\/yoast.com\/wordpress\/plugins\/seo\/ -->\n<title>70% D&#039;Alcool Traitement Mains 30ml The Inkey List - Prixgro<\/title>\n<meta name=\"robots\" content=\"index, follow, max-snippet:-1, max-image-preview:large, max-video-preview:-1\" \/>\n<link rel=\"canonical\" href=\"https:\/\/prixgro.com\/ar\/product\/70-dalcool-traitement-mains-30ml-the-inkey-list\/\" \/>\n<meta property=\"og:locale\" content=\"ar_AR\" \/>\n<meta property=\"og:type\" content=\"article\" \/>\n<meta property=\"og:title\" content=\"70% D&#039;Alcool Traitement Mains 30ml The Inkey List - Prixgro\" \/>\n<meta property=\"og:description\" content=\"Une protection antibact\u00e9rienne et anti-microbienne ad\u00e9quate.  30ml.\" \/>\n<meta property=\"og:url\" content=\"https:\/\/prixgro.com\/ar\/product\/70-dalcool-traitement-mains-30ml-the-inkey-list\/\" \/>\n<meta property=\"og:site_name\" content=\"Prixgro\" \/>\n<meta property=\"article:publisher\" content=\"https:\/\/www.facebook.com\/Pharmacima\" \/>\n<meta property=\"article:modified_time\" content=\"2024-08-08T18:30:51+00:00\" \/>\n<meta property=\"og:image\" content=\"https:\/\/prixgro.com\/wp-content\/uploads\/2024\/04\/the-inkey-8.png\" \/>\n\t<meta property=\"og:image:width\" content=\"540\" \/>\n\t<meta property=\"og:image:height\" content=\"540\" \/>\n\t<meta property=\"og:image:type\" content=\"image\/png\" \/>\n<meta name=\"twitter:card\" content=\"summary_large_image\" \/>\n<meta name=\"twitter:label1\" content=\"\u0648\u0642\u062a \u0627\u0644\u0642\u0631\u0627\u0621\u0629 \u0627\u0644\u0645\u064f\u0642\u062f\u0651\u0631\" \/>\n\t<meta name=\"twitter:data1\" content=\"\u062f\u0642\u064a\u0642\u062a\u0627\u0646\" \/>\n<script type=\"application\/ld+json\" class=\"yoast-schema-graph\">{\"@context\":\"https:\/\/schema.org\",\"@graph\":[{\"@type\":\"WebPage\",\"@id\":\"https:\/\/prixgro.com\/product\/70-dalcool-traitement-mains-30ml-the-inkey-list\/\",\"url\":\"https:\/\/prixgro.com\/product\/70-dalcool-traitement-mains-30ml-the-inkey-list\/\",\"name\":\"70% D'Alcool Traitement Mains 30ml The Inkey List - Prixgro\",\"isPartOf\":{\"@id\":\"https:\/\/prixgro.com\/#website\"},\"primaryImageOfPage\":{\"@id\":\"https:\/\/prixgro.com\/product\/70-dalcool-traitement-mains-30ml-the-inkey-list\/#primaryimage\"},\"image\":{\"@id\":\"https:\/\/prixgro.com\/product\/70-dalcool-traitement-mains-30ml-the-inkey-list\/#primaryimage\"},\"thumbnailUrl\":\"https:\/\/prixgro.com\/wp-content\/uploads\/2024\/04\/the-inkey-8.png\",\"datePublished\":\"2024-04-09T12:29:39+00:00\",\"dateModified\":\"2024-08-08T18:30:51+00:00\",\"breadcrumb\":{\"@id\":\"https:\/\/prixgro.com\/product\/70-dalcool-traitement-mains-30ml-the-inkey-list\/#breadcrumb\"},\"inLanguage\":\"ar\",\"potentialAction\":[{\"@type\":\"ReadAction\",\"target\":[\"https:\/\/prixgro.com\/product\/70-dalcool-traitement-mains-30ml-the-inkey-list\/\"]}]},{\"@type\":\"ImageObject\",\"inLanguage\":\"ar\",\"@id\":\"https:\/\/prixgro.com\/product\/70-dalcool-traitement-mains-30ml-the-inkey-list\/#primaryimage\",\"url\":\"https:\/\/prixgro.com\/wp-content\/uploads\/2024\/04\/the-inkey-8.png\",\"contentUrl\":\"https:\/\/prixgro.com\/wp-content\/uploads\/2024\/04\/the-inkey-8.png\",\"width\":540,\"height\":540},{\"@type\":\"BreadcrumbList\",\"@id\":\"https:\/\/prixgro.com\/product\/70-dalcool-traitement-mains-30ml-the-inkey-list\/#breadcrumb\",\"itemListElement\":[{\"@type\":\"ListItem\",\"position\":1,\"name\":\"Accueil\",\"item\":\"https:\/\/prixgro.com\/\"},{\"@type\":\"ListItem\",\"position\":2,\"name\":\"Boutique en ligne\",\"item\":\"https:\/\/prixgro.com\/shop\/\"},{\"@type\":\"ListItem\",\"position\":3,\"name\":\"70% D&#8217;Alcool Traitement Mains 30ml The Inkey List\"}]},{\"@type\":\"WebSite\",\"@id\":\"https:\/\/prixgro.com\/#website\",\"url\":\"https:\/\/prixgro.com\/\",\"name\":\"Prixgro.com\",\"description\":\"Para Pharmaceutique et Cosm\u00e9tique\",\"publisher\":{\"@id\":\"https:\/\/prixgro.com\/#organization\"},\"potentialAction\":[{\"@type\":\"SearchAction\",\"target\":{\"@type\":\"EntryPoint\",\"urlTemplate\":\"https:\/\/prixgro.com\/?s={search_term_string}\"},\"query-input\":{\"@type\":\"PropertyValueSpecification\",\"valueRequired\":true,\"valueName\":\"search_term_string\"}}],\"inLanguage\":\"ar\"},{\"@type\":\"Organization\",\"@id\":\"https:\/\/prixgro.com\/#organization\",\"name\":\"Prixgro\",\"url\":\"https:\/\/prixgro.com\/\",\"logo\":{\"@type\":\"ImageObject\",\"inLanguage\":\"ar\",\"@id\":\"https:\/\/prixgro.com\/#\/schema\/logo\/image\/\",\"url\":\"https:\/\/prixgro.com\/wp-content\/uploads\/2024\/08\/cropped-Nouveau-projet-2.png\",\"contentUrl\":\"https:\/\/prixgro.com\/wp-content\/uploads\/2024\/08\/cropped-Nouveau-projet-2.png\",\"width\":265,\"height\":62,\"caption\":\"Prixgro\"},\"image\":{\"@id\":\"https:\/\/prixgro.com\/#\/schema\/logo\/image\/\"},\"sameAs\":[\"https:\/\/www.facebook.com\/Pharmacima\"]}]}<\/script>\n<!-- \/ Yoast SEO plugin. -->","yoast_head_json":{"title":"70% D'Alcool Traitement Mains 30ml The Inkey List - Prixgro","robots":{"index":"index","follow":"follow","max-snippet":"max-snippet:-1","max-image-preview":"max-image-preview:large","max-video-preview":"max-video-preview:-1"},"canonical":"https:\/\/prixgro.com\/ar\/product\/70-dalcool-traitement-mains-30ml-the-inkey-list\/","og_locale":"ar_AR","og_type":"article","og_title":"70% D'Alcool Traitement Mains 30ml The Inkey List - Prixgro","og_description":"Une protection antibact\u00e9rienne et anti-microbienne ad\u00e9quate.  30ml.","og_url":"https:\/\/prixgro.com\/ar\/product\/70-dalcool-traitement-mains-30ml-the-inkey-list\/","og_site_name":"Prixgro","article_publisher":"https:\/\/www.facebook.com\/Pharmacima","article_modified_time":"2024-08-08T18:30:51+00:00","og_image":[{"width":540,"height":540,"url":"https:\/\/prixgro.com\/wp-content\/uploads\/2024\/04\/the-inkey-8.png","type":"image\/png"}],"twitter_card":"summary_large_image","twitter_misc":{"\u0648\u0642\u062a \u0627\u0644\u0642\u0631\u0627\u0621\u0629 \u0627\u0644\u0645\u064f\u0642\u062f\u0651\u0631":"\u062f\u0642\u064a\u0642\u062a\u0627\u0646"},"schema":{"@context":"https:\/\/schema.org","@graph":[{"@type":"WebPage","@id":"https:\/\/prixgro.com\/product\/70-dalcool-traitement-mains-30ml-the-inkey-list\/","url":"https:\/\/prixgro.com\/product\/70-dalcool-traitement-mains-30ml-the-inkey-list\/","name":"70% D'Alcool Traitement Mains 30ml The Inkey List - Prixgro","isPartOf":{"@id":"https:\/\/prixgro.com\/#website"},"primaryImageOfPage":{"@id":"https:\/\/prixgro.com\/product\/70-dalcool-traitement-mains-30ml-the-inkey-list\/#primaryimage"},"image":{"@id":"https:\/\/prixgro.com\/product\/70-dalcool-traitement-mains-30ml-the-inkey-list\/#primaryimage"},"thumbnailUrl":"https:\/\/prixgro.com\/wp-content\/uploads\/2024\/04\/the-inkey-8.png","datePublished":"2024-04-09T12:29:39+00:00","dateModified":"2024-08-08T18:30:51+00:00","breadcrumb":{"@id":"https:\/\/prixgro.com\/product\/70-dalcool-traitement-mains-30ml-the-inkey-list\/#breadcrumb"},"inLanguage":"ar","potentialAction":[{"@type":"ReadAction","target":["https:\/\/prixgro.com\/product\/70-dalcool-traitement-mains-30ml-the-inkey-list\/"]}]},{"@type":"ImageObject","inLanguage":"ar","@id":"https:\/\/prixgro.com\/product\/70-dalcool-traitement-mains-30ml-the-inkey-list\/#primaryimage","url":"https:\/\/prixgro.com\/wp-content\/uploads\/2024\/04\/the-inkey-8.png","contentUrl":"https:\/\/prixgro.com\/wp-content\/uploads\/2024\/04\/the-inkey-8.png","width":540,"height":540},{"@type":"BreadcrumbList","@id":"https:\/\/prixgro.com\/product\/70-dalcool-traitement-mains-30ml-the-inkey-list\/#breadcrumb","itemListElement":[{"@type":"ListItem","position":1,"name":"Accueil","item":"https:\/\/prixgro.com\/"},{"@type":"ListItem","position":2,"name":"Boutique en ligne","item":"https:\/\/prixgro.com\/shop\/"},{"@type":"ListItem","position":3,"name":"70% D&#8217;Alcool Traitement Mains 30ml The Inkey List"}]},{"@type":"WebSite","@id":"https:\/\/prixgro.com\/#website","url":"https:\/\/prixgro.com\/","name":"Prixgro.com","description":"Para Pharmaceutique et Cosm\u00e9tique","publisher":{"@id":"https:\/\/prixgro.com\/#organization"},"potentialAction":[{"@type":"SearchAction","target":{"@type":"EntryPoint","urlTemplate":"https:\/\/prixgro.com\/?s={search_term_string}"},"query-input":{"@type":"PropertyValueSpecification","valueRequired":true,"valueName":"search_term_string"}}],"inLanguage":"ar"},{"@type":"Organization","@id":"https:\/\/prixgro.com\/#organization","name":"Prixgro","url":"https:\/\/prixgro.com\/","logo":{"@type":"ImageObject","inLanguage":"ar","@id":"https:\/\/prixgro.com\/#\/schema\/logo\/image\/","url":"https:\/\/prixgro.com\/wp-content\/uploads\/2024\/08\/cropped-Nouveau-projet-2.png","contentUrl":"https:\/\/prixgro.com\/wp-content\/uploads\/2024\/08\/cropped-Nouveau-projet-2.png","width":265,"height":62,"caption":"Prixgro"},"image":{"@id":"https:\/\/prixgro.com\/#\/schema\/logo\/image\/"},"sameAs":["https:\/\/www.facebook.com\/Pharmacima"]}]}},"_links":{"self":[{"href":"https:\/\/prixgro.com\/ar\/wp-json\/wp\/v2\/product\/141898","targetHints":{"allow":["GET"]}}],"collection":[{"href":"https:\/\/prixgro.com\/ar\/wp-json\/wp\/v2\/product"}],"about":[{"href":"https:\/\/prixgro.com\/ar\/wp-json\/wp\/v2\/types\/product"}],"replies":[{"embeddable":true,"href":"https:\/\/prixgro.com\/ar\/wp-json\/wp\/v2\/comments?post=141898"}],"wp:featuredmedia":[{"embeddable":true,"href":"https:\/\/prixgro.com\/ar\/wp-json\/wp\/v2\/media\/142732"}],"wp:attachment":[{"href":"https:\/\/prixgro.com\/ar\/wp-json\/wp\/v2\/media?parent=141898"}],"wp:term":[{"taxonomy":"product_cat","embeddable":true,"href":"https:\/\/prixgro.com\/ar\/wp-json\/wp\/v2\/product_cat?post=141898"},{"taxonomy":"product_tag","embeddable":true,"href":"https:\/\/prixgro.com\/ar\/wp-json\/wp\/v2\/product_tag?post=141898"},{"taxonomy":"berocket_brand","embeddable":true,"href":"https:\/\/prixgro.com\/ar\/wp-json\/wp\/v2\/berocket_brand?post=141898"}],"curies":[{"name":"wp","href":"https:\/\/api.w.org\/{rel}","templated":true}]}}