{"id":141905,"date":"2024-04-09T14:29:50","date_gmt":"2024-04-09T12:29:50","guid":{"rendered":"https:\/\/cloodmanager.net\/?post_type=product&#038;p=141905"},"modified":"2024-04-09T14:29:53","modified_gmt":"2024-04-09T12:29:53","slug":"effaclar-gel-moussant-purifiant-50ml-la-roche-posay-kb","status":"publish","type":"product","link":"https:\/\/prixgro.com\/ar\/product\/effaclar-gel-moussant-purifiant-50ml-la-roche-posay-kb\/","title":{"rendered":"Effaclar Gel Moussant Purifiant 50ml La Roche posay KB"},"content":{"rendered":"<div class=\"product-tabs\">\n<h3 class=\"tabs-title\"><em><strong>Description<\/strong><\/em><\/h3>\n<div class=\"std new-std\">\n<p><span data-sheets-value=\"{\" data-sheets-userformat=\"{\" data-sheets-textstyleruns=\"{\">LA ROCHE-POSAY Effaclar Gel moussant purifiant Nettoyant visage<br \/>Sans savon, pH 5.5 Peaux grasses et sensibles \u00e0 tendance acn\u00e9ique<br \/>200ml<br \/><\/span><\/p>\n<p>Le gel moussant Effaclar est un\u00a0<strong>nettoyant\u00a0visage<\/strong>\u00a0qui purifie en douceur les\u00a0<strong>peaux grasses \u00e0 tendance acn\u00e9ique<\/strong>.<br \/>Le gel moussant Effaclar purifie en douceur les peaux grasses \u00e0 tendance acn\u00e9ique gr\u00e2ce \u00e0 des agents nettoyants s\u00e9lectionn\u00e9s pour\u00a0<strong>respecter les peaux sensibles<\/strong>.<br \/>Il \u00e9limine les impuret\u00e9s et l\u2019exc\u00e8s de s\u00e9bum en laissant la\u00a0<strong>peau nette et fra\u00eeche.<\/strong><br \/>Sa formule est associ\u00e9e avec de l\u2019<strong>Eau Thermale de La Roche-Posay<\/strong>, reconnue pour ses vertus et afin de limiter les risques d\u2019irritations.<\/p>\n<p><strong>La peau est nettoy\u00e9e et purifi\u00e9e en douceur, les imperfections et points noirs sont r\u00e9duits.<\/strong><\/p>\n<p>Le gel moussant purifiant nettoyant visage convient aux peaux grasses \u00e0 tendance acn\u00e9ique et sensibles.<\/p>\n<\/div>\n<\/div>\n<div class=\"product-tabs\">\n<h3 class=\"tabs-title\"><em><strong>Conseils d\u2019utilisation<\/strong><\/em><\/h3>\n<div class=\"std new-std\">\n<p>Comment utiliser Effaclar gel moussant nettoyant visage pour peau grasse \u00e0 tendance acn\u00e9ique ?<br \/>Faire mousser dans la main avec un peu d\u2019eau et appliquer sur le\u00a0<strong>visage<\/strong>\u00a0en massant doucement. Rincer abondamment.<\/p>\n<p>Quand utiliser le gel moussant purifiant peau grasse \u00e0 tendance acn\u00e9ique Effaclar ?<br \/>Appliquer Effaclar gel moussant le matin et ou le soir comme premi\u00e8re \u00e9tape de votre routine.<br \/>Appliquer sur le visage avant d\u2019utiliser Effaclar Duo +.<\/p>\n<p>Comment appliquer l\u2019Effaclar gel moussant peaux grasses et sensibles ?<br \/>Favorisez la main au coton. Faire mousser dans la main avec un peu d\u2019eau et appliquer sur le visage en massant doucement. Rincer abondamment<\/p>\n<p>Effaclar gel moussant ou lotion astringente Effaclar ?<br \/>\u2013 Effaclar gel moussant: nettoyant visage pour\u00a0<strong>peaux grasses\u00a0<\/strong>et<strong>\u00a0sensibles \u00e0 tendance acn\u00e9iques<\/strong><br \/>\u2013 Lotion astringente Effaclar: lotion astringente Micro-exfoliante anti-points noirs<\/p>\n<p>Avec quel soin Effaclar puis-je compl\u00e9ter ma routine peau grasse \u00e0 tendance acn\u00e9ique ?<br \/>Pour mieux se retrouver dans la gamme de soin Effaclar, voici les b\u00e9n\u00e9fices de chacun des soins Effaclar:<br \/>\u2013\u00a0<strong>Effaclar Duo+<\/strong>: soin texture gel cr\u00e8me peau grasse tendance acn\u00e9ique anti imperfections, anti r\u00e9cidives, anti marques<br \/>\u2013\u00a0<strong>Effaclar Duo+ unfiant<\/strong>: soin teint\u00e9 qui unfie le teint des peaux grasses \u00e0 tendance acn\u00e9ique<br \/>\u2013\u00a0<strong>Effaclar K+<\/strong>: soin anti s\u00e9bum 8h peau mixte \u00e0 grasse: points noirs r\u00e9cidivants, grain de peau irr\u00e9gulier, brillances<br \/>\u2013\u00a0<strong>Effaclar Mat<\/strong>: soin hydratant sebo-r\u00e9gulateur anti brillance pour une peau durablement mate, nette et \u00e9quilibr\u00e9e<br \/>\u2013\u00a0<strong>Effaclar A.I.<\/strong>: soin correcteur cibl\u00e9 des imperfections locales<\/p>\n<\/div>\n<\/div>\n<div class=\"product-tabs\">\n<h3 class=\"tabs-title\"><em><strong>Composition<\/strong><\/em><\/h3>\n<div class=\"std new-std\">\n<p>La\u00a0liste\u00a0des\u00a0ingr\u00e9dients\u00a0peut\u00a0\u00eatre\u00a0soumise\u00a0\u00e0\u00a0des\u00a0variations,\u00a0nous\u00a0vous\u00a0conseillons\u00a0de\u00a0toujours\u00a0v\u00e9rifier\u00a0la\u00a0liste\u00a0figurant\u00a0sur\u00a0le\u00a0produit\u00a0achet\u00e9.<\/p>\n<p>Formule INCI : Aqua \/ Water , Sodium Laureth Sulfate , Peg-8 , Coco-Betaine , Hexylene Glycol , Sodium Chloride , Peg-120 Methyl Glucose Dioleate , Zinc Pca , Sodium Hydroxide , Caprylyl Glycol , Citric Acid , Sodium Benzoate , Phenoxyethanol , Parfum \/ Fragrance (F.I.L. B193153\/1).<\/p>\n<\/div>\n<\/div>","protected":false},"excerpt":{"rendered":"<p>Un nettoyant\u00a0visage\u00a0qui purifie en douceur les\u00a0peaux grasses \u00e0 tendance acn\u00e9ique.<\/p>\n<p>50ml.<\/p>","protected":false},"featured_media":3122,"comment_status":"open","ping_status":"closed","template":"","meta":[],"product_cat":[17,36],"product_tag":[45],"berocket_brand":[],"class_list":{"0":"post-141905","1":"product","2":"type-product","3":"status-publish","4":"has-post-thumbnail","6":"product_cat-soin-et-bien-etre","7":"product_cat-visage-soin-et-bien-etre","8":"product_tag-peaux-sensibles","10":"first","11":"outofstock","12":"shipping-taxable","13":"purchasable","14":"product-type-simple"},"yoast_head":"<!-- This site is optimized with the Yoast SEO plugin v24.8 - https:\/\/yoast.com\/wordpress\/plugins\/seo\/ -->\n<title>Effaclar Gel Moussant Purifiant 50ml La Roche posay KB - Prixgro<\/title>\n<meta name=\"robots\" content=\"index, follow, max-snippet:-1, max-image-preview:large, max-video-preview:-1\" \/>\n<link rel=\"canonical\" href=\"https:\/\/prixgro.com\/ar\/product\/effaclar-gel-moussant-purifiant-50ml-la-roche-posay-kb\/\" \/>\n<meta property=\"og:locale\" content=\"ar_AR\" \/>\n<meta property=\"og:type\" content=\"article\" \/>\n<meta property=\"og:title\" content=\"Effaclar Gel Moussant Purifiant 50ml La Roche posay KB - Prixgro\" \/>\n<meta property=\"og:description\" content=\"Un nettoyant\u00a0visage\u00a0qui purifie en douceur les\u00a0peaux grasses \u00e0 tendance acn\u00e9ique.50ml.\" \/>\n<meta property=\"og:url\" content=\"https:\/\/prixgro.com\/ar\/product\/effaclar-gel-moussant-purifiant-50ml-la-roche-posay-kb\/\" \/>\n<meta property=\"og:site_name\" content=\"Prixgro\" \/>\n<meta property=\"article:publisher\" content=\"https:\/\/www.facebook.com\/Pharmacima\" \/>\n<meta property=\"article:modified_time\" content=\"2024-04-09T12:29:53+00:00\" \/>\n<meta property=\"og:image\" content=\"https:\/\/prixgro.com\/wp-content\/uploads\/2023\/09\/effaclar-gel-moussant-50ml.png\" \/>\n\t<meta property=\"og:image:width\" content=\"400\" \/>\n\t<meta property=\"og:image:height\" content=\"400\" \/>\n\t<meta property=\"og:image:type\" content=\"image\/png\" \/>\n<meta name=\"twitter:card\" content=\"summary_large_image\" \/>\n<meta name=\"twitter:label1\" content=\"\u0648\u0642\u062a \u0627\u0644\u0642\u0631\u0627\u0621\u0629 \u0627\u0644\u0645\u064f\u0642\u062f\u0651\u0631\" \/>\n\t<meta name=\"twitter:data1\" content=\"\u062f\u0642\u064a\u0642\u062a\u0627\u0646\" \/>\n<script type=\"application\/ld+json\" class=\"yoast-schema-graph\">{\"@context\":\"https:\/\/schema.org\",\"@graph\":[{\"@type\":\"WebPage\",\"@id\":\"https:\/\/prixgro.com\/product\/effaclar-gel-moussant-purifiant-50ml-la-roche-posay-kb\/\",\"url\":\"https:\/\/prixgro.com\/product\/effaclar-gel-moussant-purifiant-50ml-la-roche-posay-kb\/\",\"name\":\"Effaclar Gel Moussant Purifiant 50ml La Roche posay KB - Prixgro\",\"isPartOf\":{\"@id\":\"https:\/\/prixgro.com\/#website\"},\"primaryImageOfPage\":{\"@id\":\"https:\/\/prixgro.com\/product\/effaclar-gel-moussant-purifiant-50ml-la-roche-posay-kb\/#primaryimage\"},\"image\":{\"@id\":\"https:\/\/prixgro.com\/product\/effaclar-gel-moussant-purifiant-50ml-la-roche-posay-kb\/#primaryimage\"},\"thumbnailUrl\":\"https:\/\/prixgro.com\/wp-content\/uploads\/2023\/09\/effaclar-gel-moussant-50ml.png\",\"datePublished\":\"2024-04-09T12:29:50+00:00\",\"dateModified\":\"2024-04-09T12:29:53+00:00\",\"breadcrumb\":{\"@id\":\"https:\/\/prixgro.com\/product\/effaclar-gel-moussant-purifiant-50ml-la-roche-posay-kb\/#breadcrumb\"},\"inLanguage\":\"ar\",\"potentialAction\":[{\"@type\":\"ReadAction\",\"target\":[\"https:\/\/prixgro.com\/product\/effaclar-gel-moussant-purifiant-50ml-la-roche-posay-kb\/\"]}]},{\"@type\":\"ImageObject\",\"inLanguage\":\"ar\",\"@id\":\"https:\/\/prixgro.com\/product\/effaclar-gel-moussant-purifiant-50ml-la-roche-posay-kb\/#primaryimage\",\"url\":\"https:\/\/prixgro.com\/wp-content\/uploads\/2023\/09\/effaclar-gel-moussant-50ml.png\",\"contentUrl\":\"https:\/\/prixgro.com\/wp-content\/uploads\/2023\/09\/effaclar-gel-moussant-50ml.png\",\"width\":400,\"height\":400},{\"@type\":\"BreadcrumbList\",\"@id\":\"https:\/\/prixgro.com\/product\/effaclar-gel-moussant-purifiant-50ml-la-roche-posay-kb\/#breadcrumb\",\"itemListElement\":[{\"@type\":\"ListItem\",\"position\":1,\"name\":\"Accueil\",\"item\":\"https:\/\/prixgro.com\/\"},{\"@type\":\"ListItem\",\"position\":2,\"name\":\"Boutique en ligne\",\"item\":\"https:\/\/prixgro.com\/shop\/\"},{\"@type\":\"ListItem\",\"position\":3,\"name\":\"Effaclar Gel Moussant Purifiant 50ml La Roche posay KB\"}]},{\"@type\":\"WebSite\",\"@id\":\"https:\/\/prixgro.com\/#website\",\"url\":\"https:\/\/prixgro.com\/\",\"name\":\"Prixgro.com\",\"description\":\"Para Pharmaceutique et Cosm\u00e9tique\",\"publisher\":{\"@id\":\"https:\/\/prixgro.com\/#organization\"},\"potentialAction\":[{\"@type\":\"SearchAction\",\"target\":{\"@type\":\"EntryPoint\",\"urlTemplate\":\"https:\/\/prixgro.com\/?s={search_term_string}\"},\"query-input\":{\"@type\":\"PropertyValueSpecification\",\"valueRequired\":true,\"valueName\":\"search_term_string\"}}],\"inLanguage\":\"ar\"},{\"@type\":\"Organization\",\"@id\":\"https:\/\/prixgro.com\/#organization\",\"name\":\"Prixgro\",\"url\":\"https:\/\/prixgro.com\/\",\"logo\":{\"@type\":\"ImageObject\",\"inLanguage\":\"ar\",\"@id\":\"https:\/\/prixgro.com\/#\/schema\/logo\/image\/\",\"url\":\"https:\/\/prixgro.com\/wp-content\/uploads\/2024\/08\/cropped-Nouveau-projet-2.png\",\"contentUrl\":\"https:\/\/prixgro.com\/wp-content\/uploads\/2024\/08\/cropped-Nouveau-projet-2.png\",\"width\":265,\"height\":62,\"caption\":\"Prixgro\"},\"image\":{\"@id\":\"https:\/\/prixgro.com\/#\/schema\/logo\/image\/\"},\"sameAs\":[\"https:\/\/www.facebook.com\/Pharmacima\"]}]}<\/script>\n<!-- \/ Yoast SEO plugin. -->","yoast_head_json":{"title":"Effaclar Gel Moussant Purifiant 50ml La Roche posay KB - Prixgro","robots":{"index":"index","follow":"follow","max-snippet":"max-snippet:-1","max-image-preview":"max-image-preview:large","max-video-preview":"max-video-preview:-1"},"canonical":"https:\/\/prixgro.com\/ar\/product\/effaclar-gel-moussant-purifiant-50ml-la-roche-posay-kb\/","og_locale":"ar_AR","og_type":"article","og_title":"Effaclar Gel Moussant Purifiant 50ml La Roche posay KB - Prixgro","og_description":"Un nettoyant\u00a0visage\u00a0qui purifie en douceur les\u00a0peaux grasses \u00e0 tendance acn\u00e9ique.50ml.","og_url":"https:\/\/prixgro.com\/ar\/product\/effaclar-gel-moussant-purifiant-50ml-la-roche-posay-kb\/","og_site_name":"Prixgro","article_publisher":"https:\/\/www.facebook.com\/Pharmacima","article_modified_time":"2024-04-09T12:29:53+00:00","og_image":[{"width":400,"height":400,"url":"https:\/\/prixgro.com\/wp-content\/uploads\/2023\/09\/effaclar-gel-moussant-50ml.png","type":"image\/png"}],"twitter_card":"summary_large_image","twitter_misc":{"\u0648\u0642\u062a \u0627\u0644\u0642\u0631\u0627\u0621\u0629 \u0627\u0644\u0645\u064f\u0642\u062f\u0651\u0631":"\u062f\u0642\u064a\u0642\u062a\u0627\u0646"},"schema":{"@context":"https:\/\/schema.org","@graph":[{"@type":"WebPage","@id":"https:\/\/prixgro.com\/product\/effaclar-gel-moussant-purifiant-50ml-la-roche-posay-kb\/","url":"https:\/\/prixgro.com\/product\/effaclar-gel-moussant-purifiant-50ml-la-roche-posay-kb\/","name":"Effaclar Gel Moussant Purifiant 50ml La Roche posay KB - Prixgro","isPartOf":{"@id":"https:\/\/prixgro.com\/#website"},"primaryImageOfPage":{"@id":"https:\/\/prixgro.com\/product\/effaclar-gel-moussant-purifiant-50ml-la-roche-posay-kb\/#primaryimage"},"image":{"@id":"https:\/\/prixgro.com\/product\/effaclar-gel-moussant-purifiant-50ml-la-roche-posay-kb\/#primaryimage"},"thumbnailUrl":"https:\/\/prixgro.com\/wp-content\/uploads\/2023\/09\/effaclar-gel-moussant-50ml.png","datePublished":"2024-04-09T12:29:50+00:00","dateModified":"2024-04-09T12:29:53+00:00","breadcrumb":{"@id":"https:\/\/prixgro.com\/product\/effaclar-gel-moussant-purifiant-50ml-la-roche-posay-kb\/#breadcrumb"},"inLanguage":"ar","potentialAction":[{"@type":"ReadAction","target":["https:\/\/prixgro.com\/product\/effaclar-gel-moussant-purifiant-50ml-la-roche-posay-kb\/"]}]},{"@type":"ImageObject","inLanguage":"ar","@id":"https:\/\/prixgro.com\/product\/effaclar-gel-moussant-purifiant-50ml-la-roche-posay-kb\/#primaryimage","url":"https:\/\/prixgro.com\/wp-content\/uploads\/2023\/09\/effaclar-gel-moussant-50ml.png","contentUrl":"https:\/\/prixgro.com\/wp-content\/uploads\/2023\/09\/effaclar-gel-moussant-50ml.png","width":400,"height":400},{"@type":"BreadcrumbList","@id":"https:\/\/prixgro.com\/product\/effaclar-gel-moussant-purifiant-50ml-la-roche-posay-kb\/#breadcrumb","itemListElement":[{"@type":"ListItem","position":1,"name":"Accueil","item":"https:\/\/prixgro.com\/"},{"@type":"ListItem","position":2,"name":"Boutique en ligne","item":"https:\/\/prixgro.com\/shop\/"},{"@type":"ListItem","position":3,"name":"Effaclar Gel Moussant Purifiant 50ml La Roche posay KB"}]},{"@type":"WebSite","@id":"https:\/\/prixgro.com\/#website","url":"https:\/\/prixgro.com\/","name":"Prixgro.com","description":"Para Pharmaceutique et Cosm\u00e9tique","publisher":{"@id":"https:\/\/prixgro.com\/#organization"},"potentialAction":[{"@type":"SearchAction","target":{"@type":"EntryPoint","urlTemplate":"https:\/\/prixgro.com\/?s={search_term_string}"},"query-input":{"@type":"PropertyValueSpecification","valueRequired":true,"valueName":"search_term_string"}}],"inLanguage":"ar"},{"@type":"Organization","@id":"https:\/\/prixgro.com\/#organization","name":"Prixgro","url":"https:\/\/prixgro.com\/","logo":{"@type":"ImageObject","inLanguage":"ar","@id":"https:\/\/prixgro.com\/#\/schema\/logo\/image\/","url":"https:\/\/prixgro.com\/wp-content\/uploads\/2024\/08\/cropped-Nouveau-projet-2.png","contentUrl":"https:\/\/prixgro.com\/wp-content\/uploads\/2024\/08\/cropped-Nouveau-projet-2.png","width":265,"height":62,"caption":"Prixgro"},"image":{"@id":"https:\/\/prixgro.com\/#\/schema\/logo\/image\/"},"sameAs":["https:\/\/www.facebook.com\/Pharmacima"]}]}},"_links":{"self":[{"href":"https:\/\/prixgro.com\/ar\/wp-json\/wp\/v2\/product\/141905","targetHints":{"allow":["GET"]}}],"collection":[{"href":"https:\/\/prixgro.com\/ar\/wp-json\/wp\/v2\/product"}],"about":[{"href":"https:\/\/prixgro.com\/ar\/wp-json\/wp\/v2\/types\/product"}],"replies":[{"embeddable":true,"href":"https:\/\/prixgro.com\/ar\/wp-json\/wp\/v2\/comments?post=141905"}],"wp:featuredmedia":[{"embeddable":true,"href":"https:\/\/prixgro.com\/ar\/wp-json\/wp\/v2\/media\/3122"}],"wp:attachment":[{"href":"https:\/\/prixgro.com\/ar\/wp-json\/wp\/v2\/media?parent=141905"}],"wp:term":[{"taxonomy":"product_cat","embeddable":true,"href":"https:\/\/prixgro.com\/ar\/wp-json\/wp\/v2\/product_cat?post=141905"},{"taxonomy":"product_tag","embeddable":true,"href":"https:\/\/prixgro.com\/ar\/wp-json\/wp\/v2\/product_tag?post=141905"},{"taxonomy":"berocket_brand","embeddable":true,"href":"https:\/\/prixgro.com\/ar\/wp-json\/wp\/v2\/berocket_brand?post=141905"}],"curies":[{"name":"wp","href":"https:\/\/api.w.org\/{rel}","templated":true}]}}