{"id":141915,"date":"2024-04-09T14:29:50","date_gmt":"2024-04-09T12:29:50","guid":{"rendered":"https:\/\/cloodmanager.net\/?post_type=product&#038;p=141915"},"modified":"2024-08-08T20:32:33","modified_gmt":"2024-08-08T18:32:33","slug":"collier-ambre-bebe-eclats-polis-multicolore","status":"publish","type":"product","link":"https:\/\/prixgro.com\/ar\/product\/collier-ambre-bebe-eclats-polis-multicolore\/","title":{"rendered":"Collier Ambre B\u00e9b\u00e9 \u00c9clats Polis Multicolore"},"content":{"rendered":"<h2><strong>DESCRIPTION<\/strong>:<\/h2>\n<p>Soulagez les douleurs li\u00e9es aux pouss\u00e9es dentaires de votre enfant gr\u00e2ce \u00e0 ce collier d\u2019Ambre pour b\u00e9b\u00e9. Il est fabriqu\u00e9 \u00e0 partir d\u2019Ambre naturel, r\u00e9colt\u00e9 sur les bords de la mer Baltique. Afin de garantir un toucher extra-doux pour votre b\u00e9b\u00e9, les perles en \u201c\u00c9clats\u201d ont \u00e9t\u00e9 polies 3 fois. Le r\u00e9sultat est remarquable !<\/p>\n<h2>S\u00e9curit\u00e9 du collier d\u2019Ambre b\u00e9b\u00e9<\/h2>\n<p>Afin de garantir une s\u00e9curit\u00e9 optimale pour votre b\u00e9b\u00e9, ce collier est \u00e9quip\u00e9 de deux s\u00e9curit\u00e9s:<\/p>\n<ul>\n<li>Un n\u0153ud est pr\u00e9sent entre chaque perle. Ainsi, en cas de casse, aucune perle ne se d\u00e9tache<\/li>\n<li>Le fermoir \u00e0 clip s\u2019ouvre tout seul en cas de forte tension, il respecte toutes les normes Europ\u00e9ennes<\/li>\n<\/ul>\n<p>Ce collier d\u2019Ambre est fabriqu\u00e9 \u00e0 la main en Lituanie. Chaque pi\u00e8ce est unique et les couleurs peuvent l\u00e9g\u00e8rement varier. Vous serez livr\u00e9 dans une pochette en Organdi avec un certificat d\u2019authenticit\u00e9 afin de garantir l\u2019origine de l\u2019Ambre.<\/p>\n<p><strong>Comme pour tous les bijoux pour enfant, il doit \u00eatre port\u00e9 en pr\u00e9sence d\u2019un adulte.<\/strong><\/p>\n<p>&nbsp;<\/p>","protected":false},"excerpt":{"rendered":"<p>Collier b\u00e9b\u00e9 en Ambre naturel de la Baltique. Perles de type <em>\u00c9clats<\/em>, polies 3 fois avec un toucher extra-doux. Fabrication artisanale.<\/p>","protected":false},"featured_media":141930,"comment_status":"open","ping_status":"closed","template":"","meta":[],"product_cat":[132,17],"product_tag":[476,381,63],"berocket_brand":[],"class_list":{"0":"post-141915","1":"product","2":"type-product","3":"status-publish","4":"has-post-thumbnail","6":"product_cat-enfant","7":"product_cat-soin-et-bien-etre","8":"product_tag-nourrissant-bebe-2","9":"product_tag-poussees-dentaires","10":"product_tag-soin-apaisant","12":"first","13":"outofstock","14":"shipping-taxable","15":"purchasable","16":"product-type-simple"},"yoast_head":"<!-- This site is optimized with the Yoast SEO plugin v24.8 - https:\/\/yoast.com\/wordpress\/plugins\/seo\/ -->\n<title>Collier Ambre B\u00e9b\u00e9 \u00c9clats Polis Multicolore - Prixgro<\/title>\n<meta name=\"robots\" content=\"index, follow, max-snippet:-1, max-image-preview:large, max-video-preview:-1\" \/>\n<link rel=\"canonical\" href=\"https:\/\/prixgro.com\/ar\/product\/collier-ambre-bebe-eclats-polis-multicolore\/\" \/>\n<meta property=\"og:locale\" content=\"ar_AR\" \/>\n<meta property=\"og:type\" content=\"article\" \/>\n<meta property=\"og:title\" content=\"Collier Ambre B\u00e9b\u00e9 \u00c9clats Polis Multicolore - Prixgro\" \/>\n<meta property=\"og:description\" content=\"Collier b\u00e9b\u00e9 en Ambre naturel de la Baltique. Perles de type \u00c9clats, polies 3 fois avec un toucher extra-doux. Fabrication artisanale.\" \/>\n<meta property=\"og:url\" content=\"https:\/\/prixgro.com\/ar\/product\/collier-ambre-bebe-eclats-polis-multicolore\/\" \/>\n<meta property=\"og:site_name\" content=\"Prixgro\" \/>\n<meta property=\"article:publisher\" content=\"https:\/\/www.facebook.com\/Pharmacima\" \/>\n<meta property=\"article:modified_time\" content=\"2024-08-08T18:32:33+00:00\" \/>\n<meta property=\"og:image\" content=\"https:\/\/prixgro.com\/wp-content\/uploads\/2024\/04\/collier-ambre-1.png\" \/>\n\t<meta property=\"og:image:width\" content=\"540\" \/>\n\t<meta property=\"og:image:height\" content=\"540\" \/>\n\t<meta property=\"og:image:type\" content=\"image\/png\" \/>\n<meta name=\"twitter:card\" content=\"summary_large_image\" \/>\n<meta name=\"twitter:label1\" content=\"\u0648\u0642\u062a \u0627\u0644\u0642\u0631\u0627\u0621\u0629 \u0627\u0644\u0645\u064f\u0642\u062f\u0651\u0631\" \/>\n\t<meta name=\"twitter:data1\" content=\"\u062f\u0642\u064a\u0642\u0629 \u0648\u0627\u062d\u062f\u0629\" \/>\n<script type=\"application\/ld+json\" class=\"yoast-schema-graph\">{\"@context\":\"https:\/\/schema.org\",\"@graph\":[{\"@type\":\"WebPage\",\"@id\":\"https:\/\/prixgro.com\/product\/collier-ambre-bebe-eclats-polis-multicolore\/\",\"url\":\"https:\/\/prixgro.com\/product\/collier-ambre-bebe-eclats-polis-multicolore\/\",\"name\":\"Collier Ambre B\u00e9b\u00e9 \u00c9clats Polis Multicolore - Prixgro\",\"isPartOf\":{\"@id\":\"https:\/\/prixgro.com\/#website\"},\"primaryImageOfPage\":{\"@id\":\"https:\/\/prixgro.com\/product\/collier-ambre-bebe-eclats-polis-multicolore\/#primaryimage\"},\"image\":{\"@id\":\"https:\/\/prixgro.com\/product\/collier-ambre-bebe-eclats-polis-multicolore\/#primaryimage\"},\"thumbnailUrl\":\"https:\/\/prixgro.com\/wp-content\/uploads\/2024\/04\/collier-ambre-1.png\",\"datePublished\":\"2024-04-09T12:29:50+00:00\",\"dateModified\":\"2024-08-08T18:32:33+00:00\",\"breadcrumb\":{\"@id\":\"https:\/\/prixgro.com\/product\/collier-ambre-bebe-eclats-polis-multicolore\/#breadcrumb\"},\"inLanguage\":\"ar\",\"potentialAction\":[{\"@type\":\"ReadAction\",\"target\":[\"https:\/\/prixgro.com\/product\/collier-ambre-bebe-eclats-polis-multicolore\/\"]}]},{\"@type\":\"ImageObject\",\"inLanguage\":\"ar\",\"@id\":\"https:\/\/prixgro.com\/product\/collier-ambre-bebe-eclats-polis-multicolore\/#primaryimage\",\"url\":\"https:\/\/prixgro.com\/wp-content\/uploads\/2024\/04\/collier-ambre-1.png\",\"contentUrl\":\"https:\/\/prixgro.com\/wp-content\/uploads\/2024\/04\/collier-ambre-1.png\",\"width\":540,\"height\":540},{\"@type\":\"BreadcrumbList\",\"@id\":\"https:\/\/prixgro.com\/product\/collier-ambre-bebe-eclats-polis-multicolore\/#breadcrumb\",\"itemListElement\":[{\"@type\":\"ListItem\",\"position\":1,\"name\":\"Accueil\",\"item\":\"https:\/\/prixgro.com\/\"},{\"@type\":\"ListItem\",\"position\":2,\"name\":\"Boutique en ligne\",\"item\":\"https:\/\/prixgro.com\/shop\/\"},{\"@type\":\"ListItem\",\"position\":3,\"name\":\"Collier Ambre B\u00e9b\u00e9 \u00c9clats Polis Multicolore\"}]},{\"@type\":\"WebSite\",\"@id\":\"https:\/\/prixgro.com\/#website\",\"url\":\"https:\/\/prixgro.com\/\",\"name\":\"Prixgro.com\",\"description\":\"Para Pharmaceutique et Cosm\u00e9tique\",\"publisher\":{\"@id\":\"https:\/\/prixgro.com\/#organization\"},\"potentialAction\":[{\"@type\":\"SearchAction\",\"target\":{\"@type\":\"EntryPoint\",\"urlTemplate\":\"https:\/\/prixgro.com\/?s={search_term_string}\"},\"query-input\":{\"@type\":\"PropertyValueSpecification\",\"valueRequired\":true,\"valueName\":\"search_term_string\"}}],\"inLanguage\":\"ar\"},{\"@type\":\"Organization\",\"@id\":\"https:\/\/prixgro.com\/#organization\",\"name\":\"Prixgro\",\"url\":\"https:\/\/prixgro.com\/\",\"logo\":{\"@type\":\"ImageObject\",\"inLanguage\":\"ar\",\"@id\":\"https:\/\/prixgro.com\/#\/schema\/logo\/image\/\",\"url\":\"https:\/\/prixgro.com\/wp-content\/uploads\/2024\/08\/cropped-Nouveau-projet-2.png\",\"contentUrl\":\"https:\/\/prixgro.com\/wp-content\/uploads\/2024\/08\/cropped-Nouveau-projet-2.png\",\"width\":265,\"height\":62,\"caption\":\"Prixgro\"},\"image\":{\"@id\":\"https:\/\/prixgro.com\/#\/schema\/logo\/image\/\"},\"sameAs\":[\"https:\/\/www.facebook.com\/Pharmacima\"]}]}<\/script>\n<!-- \/ Yoast SEO plugin. -->","yoast_head_json":{"title":"Collier Ambre B\u00e9b\u00e9 \u00c9clats Polis Multicolore - Prixgro","robots":{"index":"index","follow":"follow","max-snippet":"max-snippet:-1","max-image-preview":"max-image-preview:large","max-video-preview":"max-video-preview:-1"},"canonical":"https:\/\/prixgro.com\/ar\/product\/collier-ambre-bebe-eclats-polis-multicolore\/","og_locale":"ar_AR","og_type":"article","og_title":"Collier Ambre B\u00e9b\u00e9 \u00c9clats Polis Multicolore - Prixgro","og_description":"Collier b\u00e9b\u00e9 en Ambre naturel de la Baltique. Perles de type \u00c9clats, polies 3 fois avec un toucher extra-doux. Fabrication artisanale.","og_url":"https:\/\/prixgro.com\/ar\/product\/collier-ambre-bebe-eclats-polis-multicolore\/","og_site_name":"Prixgro","article_publisher":"https:\/\/www.facebook.com\/Pharmacima","article_modified_time":"2024-08-08T18:32:33+00:00","og_image":[{"width":540,"height":540,"url":"https:\/\/prixgro.com\/wp-content\/uploads\/2024\/04\/collier-ambre-1.png","type":"image\/png"}],"twitter_card":"summary_large_image","twitter_misc":{"\u0648\u0642\u062a \u0627\u0644\u0642\u0631\u0627\u0621\u0629 \u0627\u0644\u0645\u064f\u0642\u062f\u0651\u0631":"\u062f\u0642\u064a\u0642\u0629 \u0648\u0627\u062d\u062f\u0629"},"schema":{"@context":"https:\/\/schema.org","@graph":[{"@type":"WebPage","@id":"https:\/\/prixgro.com\/product\/collier-ambre-bebe-eclats-polis-multicolore\/","url":"https:\/\/prixgro.com\/product\/collier-ambre-bebe-eclats-polis-multicolore\/","name":"Collier Ambre B\u00e9b\u00e9 \u00c9clats Polis Multicolore - Prixgro","isPartOf":{"@id":"https:\/\/prixgro.com\/#website"},"primaryImageOfPage":{"@id":"https:\/\/prixgro.com\/product\/collier-ambre-bebe-eclats-polis-multicolore\/#primaryimage"},"image":{"@id":"https:\/\/prixgro.com\/product\/collier-ambre-bebe-eclats-polis-multicolore\/#primaryimage"},"thumbnailUrl":"https:\/\/prixgro.com\/wp-content\/uploads\/2024\/04\/collier-ambre-1.png","datePublished":"2024-04-09T12:29:50+00:00","dateModified":"2024-08-08T18:32:33+00:00","breadcrumb":{"@id":"https:\/\/prixgro.com\/product\/collier-ambre-bebe-eclats-polis-multicolore\/#breadcrumb"},"inLanguage":"ar","potentialAction":[{"@type":"ReadAction","target":["https:\/\/prixgro.com\/product\/collier-ambre-bebe-eclats-polis-multicolore\/"]}]},{"@type":"ImageObject","inLanguage":"ar","@id":"https:\/\/prixgro.com\/product\/collier-ambre-bebe-eclats-polis-multicolore\/#primaryimage","url":"https:\/\/prixgro.com\/wp-content\/uploads\/2024\/04\/collier-ambre-1.png","contentUrl":"https:\/\/prixgro.com\/wp-content\/uploads\/2024\/04\/collier-ambre-1.png","width":540,"height":540},{"@type":"BreadcrumbList","@id":"https:\/\/prixgro.com\/product\/collier-ambre-bebe-eclats-polis-multicolore\/#breadcrumb","itemListElement":[{"@type":"ListItem","position":1,"name":"Accueil","item":"https:\/\/prixgro.com\/"},{"@type":"ListItem","position":2,"name":"Boutique en ligne","item":"https:\/\/prixgro.com\/shop\/"},{"@type":"ListItem","position":3,"name":"Collier Ambre B\u00e9b\u00e9 \u00c9clats Polis Multicolore"}]},{"@type":"WebSite","@id":"https:\/\/prixgro.com\/#website","url":"https:\/\/prixgro.com\/","name":"Prixgro.com","description":"Para Pharmaceutique et Cosm\u00e9tique","publisher":{"@id":"https:\/\/prixgro.com\/#organization"},"potentialAction":[{"@type":"SearchAction","target":{"@type":"EntryPoint","urlTemplate":"https:\/\/prixgro.com\/?s={search_term_string}"},"query-input":{"@type":"PropertyValueSpecification","valueRequired":true,"valueName":"search_term_string"}}],"inLanguage":"ar"},{"@type":"Organization","@id":"https:\/\/prixgro.com\/#organization","name":"Prixgro","url":"https:\/\/prixgro.com\/","logo":{"@type":"ImageObject","inLanguage":"ar","@id":"https:\/\/prixgro.com\/#\/schema\/logo\/image\/","url":"https:\/\/prixgro.com\/wp-content\/uploads\/2024\/08\/cropped-Nouveau-projet-2.png","contentUrl":"https:\/\/prixgro.com\/wp-content\/uploads\/2024\/08\/cropped-Nouveau-projet-2.png","width":265,"height":62,"caption":"Prixgro"},"image":{"@id":"https:\/\/prixgro.com\/#\/schema\/logo\/image\/"},"sameAs":["https:\/\/www.facebook.com\/Pharmacima"]}]}},"_links":{"self":[{"href":"https:\/\/prixgro.com\/ar\/wp-json\/wp\/v2\/product\/141915","targetHints":{"allow":["GET"]}}],"collection":[{"href":"https:\/\/prixgro.com\/ar\/wp-json\/wp\/v2\/product"}],"about":[{"href":"https:\/\/prixgro.com\/ar\/wp-json\/wp\/v2\/types\/product"}],"replies":[{"embeddable":true,"href":"https:\/\/prixgro.com\/ar\/wp-json\/wp\/v2\/comments?post=141915"}],"wp:featuredmedia":[{"embeddable":true,"href":"https:\/\/prixgro.com\/ar\/wp-json\/wp\/v2\/media\/141930"}],"wp:attachment":[{"href":"https:\/\/prixgro.com\/ar\/wp-json\/wp\/v2\/media?parent=141915"}],"wp:term":[{"taxonomy":"product_cat","embeddable":true,"href":"https:\/\/prixgro.com\/ar\/wp-json\/wp\/v2\/product_cat?post=141915"},{"taxonomy":"product_tag","embeddable":true,"href":"https:\/\/prixgro.com\/ar\/wp-json\/wp\/v2\/product_tag?post=141915"},{"taxonomy":"berocket_brand","embeddable":true,"href":"https:\/\/prixgro.com\/ar\/wp-json\/wp\/v2\/berocket_brand?post=141915"}],"curies":[{"name":"wp","href":"https:\/\/api.w.org\/{rel}","templated":true}]}}