{"id":141921,"date":"2024-04-09T14:29:51","date_gmt":"2024-04-09T12:29:51","guid":{"rendered":"https:\/\/cloodmanager.net\/?post_type=product&#038;p=141921"},"modified":"2024-08-08T21:41:15","modified_gmt":"2024-08-08T19:41:15","slug":"cicavit-plus-creme-spf50-40ml-svr-sv","status":"publish","type":"product","link":"https:\/\/prixgro.com\/ar\/product\/cicavit-plus-creme-spf50-40ml-svr-sv\/","title":{"rendered":"Cicavit plus cr\u00e8me spf50 40ml SVR SV"},"content":{"rendered":"<h2><strong>DESCRIPTION : <\/strong><\/h2>\n<p>CICAVIT+ Cr\u00e8me SPF50+ est un soin apaisant intense qui acc\u00e9l\u00e8re la r\u00e9paration cutan\u00e9e X7 et cible tous les types de rayons pour limiter les risques de marques rouges et brunes<\/p>\n<p>Pour toutes les peaux ab\u00eem\u00e9es et irrit\u00e9es m\u00eame sensibles, expos\u00e9es au soleil. D\u00e8s la naissance, enfant, adulte. Visage, corps, plis.<\/p>\n<p>Cicavit+ Cr\u00e8me SPF50+ garantit un \u00e9t\u00e9 sans marques ! Sa texture invisible fusionne avec la peau pour <strong>apaiser intens\u00e9ment et acc\u00e9l\u00e9rer la r\u00e9paration cutan\u00e9e <\/strong><strong>X7<sup>(1)<\/sup><\/strong> des peaux abim\u00e9es et irrit\u00e9es de toute la famille. Formul\u00e9e avec une technologie filtrante <strong>anti-UVA\/UVB et un complexe anti-oxydant anti-lumi\u00e8re visible et infrarouges<\/strong>, la cr\u00e8me cible tous les types de rayons<sup>(2)<\/sup> pour limiter les risques de marques rouges et brunes.<\/p>\n<h2><strong>CONSEIL D&#8217;UTILISATION :<\/strong><\/h2>\n<div class=\"product__tab-content\" data-drawer-content=\"\">\n<p>Appliquer g\u00e9n\u00e9reusement et uniform\u00e9ment avant l\u2019exposition au soleil sur les zones concern\u00e9es <strong>propres et s\u00e8ches<\/strong>. Renouveler fr\u00e9quemment l\u2019application pour maintenir la protection, surtout apr\u00e8s avoir transpir\u00e9, avoir nag\u00e9 ou s\u2019\u00eatre essuy\u00e9.<\/p>\n<p>Usage externe.<\/p>\n<h2><strong>COMPOSITION\u00a0 : <\/strong><\/h2>\n<p>AB18.07\/H.14 \u2013 Ingredients (contains) : aqua\/water\/eau, dicaprylyl carbonate, diethylamino hydroxybenzoyl hexyl benzoate, diethylhexyl butamido triazone, diisopropyl adipate, silica, cetearyl alcohol, bis-ethylhexyloxyphenol methoxyphenyl triazine, ceteareth-20, ethylhexyl triazone, dimethicone, niacinamide, polymethyl methacrylate, pentylene glycol, polyester-7, aminomethyl propanol, beta-carotene, beta-sitosterol, cetearyl dimethicone crosspolymer, daucus carota sativa (carrot) root extract, glycine soja (soybean) oil, hydrogenated phosphatidylcholine, lecithin, lepidium sativum sprout extract, squalene, alpha-glucan oligosaccharide, caffeyl glucoside, disodium acetyl glucosamine phosphate, glucose, glycerin, phytic acid, rhamnose, tocopherol, tocopheryl acetate, 1,2-hexanediol, caprylic\/capric triglyceride, caprylyl glycol, citric acid, glucuronic acid, hydroxyethyl acrylate\/sodium acryloyldimethyl taurate copolymer, lysolecithin, neopentyl glycol diheptanoate, polysorbate 60, propanediol, sodium laureth sulfate, sorbitan isostearate, xanthan gum, potassium sorbate, sodium benzoate.<\/p>\n<\/div>","protected":false},"excerpt":{"rendered":"<h3><span style=\"color: #ff6600\" data-mce-style=\"color: #ff6600;\"><strong> Soin apaisant r\u00e9parateur, protecteur anti-marques.<\/strong><\/span><\/h3>\n<p>CICAVIT Cr\u00e8me tr\u00e8s haute protection SPF50+, pour un \u00e9t\u00e9 sans marque !<\/p>","protected":false},"featured_media":3219,"comment_status":"open","ping_status":"closed","template":"","meta":[],"product_cat":[17,36],"product_tag":[45],"berocket_brand":[],"class_list":{"0":"post-141921","1":"product","2":"type-product","3":"status-publish","4":"has-post-thumbnail","6":"product_cat-soin-et-bien-etre","7":"product_cat-visage-soin-et-bien-etre","8":"product_tag-peaux-sensibles","10":"first","11":"outofstock","12":"shipping-taxable","13":"purchasable","14":"product-type-simple"},"yoast_head":"<!-- This site is optimized with the Yoast SEO plugin v24.8 - https:\/\/yoast.com\/wordpress\/plugins\/seo\/ -->\n<title>Cicavit plus cr\u00e8me spf50 40ml SVR SV - Prixgro<\/title>\n<meta name=\"robots\" content=\"index, follow, max-snippet:-1, max-image-preview:large, max-video-preview:-1\" \/>\n<link rel=\"canonical\" href=\"https:\/\/prixgro.com\/ar\/product\/cicavit-plus-creme-spf50-40ml-svr-sv\/\" \/>\n<meta property=\"og:locale\" content=\"ar_AR\" \/>\n<meta property=\"og:type\" content=\"article\" \/>\n<meta property=\"og:title\" content=\"Cicavit plus cr\u00e8me spf50 40ml SVR SV - Prixgro\" \/>\n<meta property=\"og:description\" content=\"Soin apaisant r\u00e9parateur, protecteur anti-marques.CICAVIT Cr\u00e8me tr\u00e8s haute protection SPF50+, pour un \u00e9t\u00e9 sans marque !\" \/>\n<meta property=\"og:url\" content=\"https:\/\/prixgro.com\/ar\/product\/cicavit-plus-creme-spf50-40ml-svr-sv\/\" \/>\n<meta property=\"og:site_name\" content=\"Prixgro\" \/>\n<meta property=\"article:publisher\" content=\"https:\/\/www.facebook.com\/Pharmacima\" \/>\n<meta property=\"article:modified_time\" content=\"2024-08-08T19:41:15+00:00\" \/>\n<meta property=\"og:image\" content=\"https:\/\/prixgro.com\/wp-content\/uploads\/2023\/09\/3662361001026_Cicavit__CremeSPF50__40ml_600x600_crop_center.jpg\" \/>\n\t<meta property=\"og:image:width\" content=\"600\" \/>\n\t<meta property=\"og:image:height\" content=\"600\" \/>\n\t<meta property=\"og:image:type\" content=\"image\/jpeg\" \/>\n<meta name=\"twitter:card\" content=\"summary_large_image\" \/>\n<meta name=\"twitter:label1\" content=\"\u0648\u0642\u062a \u0627\u0644\u0642\u0631\u0627\u0621\u0629 \u0627\u0644\u0645\u064f\u0642\u062f\u0651\u0631\" \/>\n\t<meta name=\"twitter:data1\" content=\"\u062f\u0642\u064a\u0642\u0629 \u0648\u0627\u062d\u062f\u0629\" \/>\n<script type=\"application\/ld+json\" class=\"yoast-schema-graph\">{\"@context\":\"https:\/\/schema.org\",\"@graph\":[{\"@type\":\"WebPage\",\"@id\":\"https:\/\/prixgro.com\/product\/cicavit-plus-creme-spf50-40ml-svr-sv\/\",\"url\":\"https:\/\/prixgro.com\/product\/cicavit-plus-creme-spf50-40ml-svr-sv\/\",\"name\":\"Cicavit plus cr\u00e8me spf50 40ml SVR SV - Prixgro\",\"isPartOf\":{\"@id\":\"https:\/\/prixgro.com\/#website\"},\"primaryImageOfPage\":{\"@id\":\"https:\/\/prixgro.com\/product\/cicavit-plus-creme-spf50-40ml-svr-sv\/#primaryimage\"},\"image\":{\"@id\":\"https:\/\/prixgro.com\/product\/cicavit-plus-creme-spf50-40ml-svr-sv\/#primaryimage\"},\"thumbnailUrl\":\"https:\/\/prixgro.com\/wp-content\/uploads\/2023\/09\/3662361001026_Cicavit__CremeSPF50__40ml_600x600_crop_center.jpg\",\"datePublished\":\"2024-04-09T12:29:51+00:00\",\"dateModified\":\"2024-08-08T19:41:15+00:00\",\"breadcrumb\":{\"@id\":\"https:\/\/prixgro.com\/product\/cicavit-plus-creme-spf50-40ml-svr-sv\/#breadcrumb\"},\"inLanguage\":\"ar\",\"potentialAction\":[{\"@type\":\"ReadAction\",\"target\":[\"https:\/\/prixgro.com\/product\/cicavit-plus-creme-spf50-40ml-svr-sv\/\"]}]},{\"@type\":\"ImageObject\",\"inLanguage\":\"ar\",\"@id\":\"https:\/\/prixgro.com\/product\/cicavit-plus-creme-spf50-40ml-svr-sv\/#primaryimage\",\"url\":\"https:\/\/prixgro.com\/wp-content\/uploads\/2023\/09\/3662361001026_Cicavit__CremeSPF50__40ml_600x600_crop_center.jpg\",\"contentUrl\":\"https:\/\/prixgro.com\/wp-content\/uploads\/2023\/09\/3662361001026_Cicavit__CremeSPF50__40ml_600x600_crop_center.jpg\",\"width\":600,\"height\":600},{\"@type\":\"BreadcrumbList\",\"@id\":\"https:\/\/prixgro.com\/product\/cicavit-plus-creme-spf50-40ml-svr-sv\/#breadcrumb\",\"itemListElement\":[{\"@type\":\"ListItem\",\"position\":1,\"name\":\"Accueil\",\"item\":\"https:\/\/prixgro.com\/\"},{\"@type\":\"ListItem\",\"position\":2,\"name\":\"Boutique en ligne\",\"item\":\"https:\/\/prixgro.com\/shop\/\"},{\"@type\":\"ListItem\",\"position\":3,\"name\":\"Cicavit plus cr\u00e8me spf50 40ml SVR SV\"}]},{\"@type\":\"WebSite\",\"@id\":\"https:\/\/prixgro.com\/#website\",\"url\":\"https:\/\/prixgro.com\/\",\"name\":\"Prixgro.com\",\"description\":\"Para Pharmaceutique et Cosm\u00e9tique\",\"publisher\":{\"@id\":\"https:\/\/prixgro.com\/#organization\"},\"potentialAction\":[{\"@type\":\"SearchAction\",\"target\":{\"@type\":\"EntryPoint\",\"urlTemplate\":\"https:\/\/prixgro.com\/?s={search_term_string}\"},\"query-input\":{\"@type\":\"PropertyValueSpecification\",\"valueRequired\":true,\"valueName\":\"search_term_string\"}}],\"inLanguage\":\"ar\"},{\"@type\":\"Organization\",\"@id\":\"https:\/\/prixgro.com\/#organization\",\"name\":\"Prixgro\",\"url\":\"https:\/\/prixgro.com\/\",\"logo\":{\"@type\":\"ImageObject\",\"inLanguage\":\"ar\",\"@id\":\"https:\/\/prixgro.com\/#\/schema\/logo\/image\/\",\"url\":\"https:\/\/prixgro.com\/wp-content\/uploads\/2024\/08\/cropped-Nouveau-projet-2.png\",\"contentUrl\":\"https:\/\/prixgro.com\/wp-content\/uploads\/2024\/08\/cropped-Nouveau-projet-2.png\",\"width\":265,\"height\":62,\"caption\":\"Prixgro\"},\"image\":{\"@id\":\"https:\/\/prixgro.com\/#\/schema\/logo\/image\/\"},\"sameAs\":[\"https:\/\/www.facebook.com\/Pharmacima\"]}]}<\/script>\n<!-- \/ Yoast SEO plugin. -->","yoast_head_json":{"title":"Cicavit plus cr\u00e8me spf50 40ml SVR SV - Prixgro","robots":{"index":"index","follow":"follow","max-snippet":"max-snippet:-1","max-image-preview":"max-image-preview:large","max-video-preview":"max-video-preview:-1"},"canonical":"https:\/\/prixgro.com\/ar\/product\/cicavit-plus-creme-spf50-40ml-svr-sv\/","og_locale":"ar_AR","og_type":"article","og_title":"Cicavit plus cr\u00e8me spf50 40ml SVR SV - Prixgro","og_description":"Soin apaisant r\u00e9parateur, protecteur anti-marques.CICAVIT Cr\u00e8me tr\u00e8s haute protection SPF50+, pour un \u00e9t\u00e9 sans marque !","og_url":"https:\/\/prixgro.com\/ar\/product\/cicavit-plus-creme-spf50-40ml-svr-sv\/","og_site_name":"Prixgro","article_publisher":"https:\/\/www.facebook.com\/Pharmacima","article_modified_time":"2024-08-08T19:41:15+00:00","og_image":[{"width":600,"height":600,"url":"https:\/\/prixgro.com\/wp-content\/uploads\/2023\/09\/3662361001026_Cicavit__CremeSPF50__40ml_600x600_crop_center.jpg","type":"image\/jpeg"}],"twitter_card":"summary_large_image","twitter_misc":{"\u0648\u0642\u062a \u0627\u0644\u0642\u0631\u0627\u0621\u0629 \u0627\u0644\u0645\u064f\u0642\u062f\u0651\u0631":"\u062f\u0642\u064a\u0642\u0629 \u0648\u0627\u062d\u062f\u0629"},"schema":{"@context":"https:\/\/schema.org","@graph":[{"@type":"WebPage","@id":"https:\/\/prixgro.com\/product\/cicavit-plus-creme-spf50-40ml-svr-sv\/","url":"https:\/\/prixgro.com\/product\/cicavit-plus-creme-spf50-40ml-svr-sv\/","name":"Cicavit plus cr\u00e8me spf50 40ml SVR SV - Prixgro","isPartOf":{"@id":"https:\/\/prixgro.com\/#website"},"primaryImageOfPage":{"@id":"https:\/\/prixgro.com\/product\/cicavit-plus-creme-spf50-40ml-svr-sv\/#primaryimage"},"image":{"@id":"https:\/\/prixgro.com\/product\/cicavit-plus-creme-spf50-40ml-svr-sv\/#primaryimage"},"thumbnailUrl":"https:\/\/prixgro.com\/wp-content\/uploads\/2023\/09\/3662361001026_Cicavit__CremeSPF50__40ml_600x600_crop_center.jpg","datePublished":"2024-04-09T12:29:51+00:00","dateModified":"2024-08-08T19:41:15+00:00","breadcrumb":{"@id":"https:\/\/prixgro.com\/product\/cicavit-plus-creme-spf50-40ml-svr-sv\/#breadcrumb"},"inLanguage":"ar","potentialAction":[{"@type":"ReadAction","target":["https:\/\/prixgro.com\/product\/cicavit-plus-creme-spf50-40ml-svr-sv\/"]}]},{"@type":"ImageObject","inLanguage":"ar","@id":"https:\/\/prixgro.com\/product\/cicavit-plus-creme-spf50-40ml-svr-sv\/#primaryimage","url":"https:\/\/prixgro.com\/wp-content\/uploads\/2023\/09\/3662361001026_Cicavit__CremeSPF50__40ml_600x600_crop_center.jpg","contentUrl":"https:\/\/prixgro.com\/wp-content\/uploads\/2023\/09\/3662361001026_Cicavit__CremeSPF50__40ml_600x600_crop_center.jpg","width":600,"height":600},{"@type":"BreadcrumbList","@id":"https:\/\/prixgro.com\/product\/cicavit-plus-creme-spf50-40ml-svr-sv\/#breadcrumb","itemListElement":[{"@type":"ListItem","position":1,"name":"Accueil","item":"https:\/\/prixgro.com\/"},{"@type":"ListItem","position":2,"name":"Boutique en ligne","item":"https:\/\/prixgro.com\/shop\/"},{"@type":"ListItem","position":3,"name":"Cicavit plus cr\u00e8me spf50 40ml SVR SV"}]},{"@type":"WebSite","@id":"https:\/\/prixgro.com\/#website","url":"https:\/\/prixgro.com\/","name":"Prixgro.com","description":"Para Pharmaceutique et Cosm\u00e9tique","publisher":{"@id":"https:\/\/prixgro.com\/#organization"},"potentialAction":[{"@type":"SearchAction","target":{"@type":"EntryPoint","urlTemplate":"https:\/\/prixgro.com\/?s={search_term_string}"},"query-input":{"@type":"PropertyValueSpecification","valueRequired":true,"valueName":"search_term_string"}}],"inLanguage":"ar"},{"@type":"Organization","@id":"https:\/\/prixgro.com\/#organization","name":"Prixgro","url":"https:\/\/prixgro.com\/","logo":{"@type":"ImageObject","inLanguage":"ar","@id":"https:\/\/prixgro.com\/#\/schema\/logo\/image\/","url":"https:\/\/prixgro.com\/wp-content\/uploads\/2024\/08\/cropped-Nouveau-projet-2.png","contentUrl":"https:\/\/prixgro.com\/wp-content\/uploads\/2024\/08\/cropped-Nouveau-projet-2.png","width":265,"height":62,"caption":"Prixgro"},"image":{"@id":"https:\/\/prixgro.com\/#\/schema\/logo\/image\/"},"sameAs":["https:\/\/www.facebook.com\/Pharmacima"]}]}},"_links":{"self":[{"href":"https:\/\/prixgro.com\/ar\/wp-json\/wp\/v2\/product\/141921","targetHints":{"allow":["GET"]}}],"collection":[{"href":"https:\/\/prixgro.com\/ar\/wp-json\/wp\/v2\/product"}],"about":[{"href":"https:\/\/prixgro.com\/ar\/wp-json\/wp\/v2\/types\/product"}],"replies":[{"embeddable":true,"href":"https:\/\/prixgro.com\/ar\/wp-json\/wp\/v2\/comments?post=141921"}],"wp:featuredmedia":[{"embeddable":true,"href":"https:\/\/prixgro.com\/ar\/wp-json\/wp\/v2\/media\/3219"}],"wp:attachment":[{"href":"https:\/\/prixgro.com\/ar\/wp-json\/wp\/v2\/media?parent=141921"}],"wp:term":[{"taxonomy":"product_cat","embeddable":true,"href":"https:\/\/prixgro.com\/ar\/wp-json\/wp\/v2\/product_cat?post=141921"},{"taxonomy":"product_tag","embeddable":true,"href":"https:\/\/prixgro.com\/ar\/wp-json\/wp\/v2\/product_tag?post=141921"},{"taxonomy":"berocket_brand","embeddable":true,"href":"https:\/\/prixgro.com\/ar\/wp-json\/wp\/v2\/berocket_brand?post=141921"}],"curies":[{"name":"wp","href":"https:\/\/api.w.org\/{rel}","templated":true}]}}