{"id":141940,"date":"2024-04-09T14:30:03","date_gmt":"2024-04-09T12:30:03","guid":{"rendered":"https:\/\/cloodmanager.net\/?post_type=product&#038;p=141940"},"modified":"2024-08-08T20:33:29","modified_gmt":"2024-08-08T18:33:29","slug":"shampooing-antichute-200ml-luxeol-sv","status":"publish","type":"product","link":"https:\/\/prixgro.com\/ar\/product\/shampooing-antichute-200ml-luxeol-sv\/","title":{"rendered":"Shampooing Antichute 200ml Luxeol SV"},"content":{"rendered":"<h2><strong>DESCRIPTION :\u00a0<\/strong><\/h2>\n<p>Vos cheveux ont tendance \u00e0 tomber ? Ils sont fragilis\u00e9s ? D\u00e9couvrez le Shampooing Antichute Lux\u00e9ol, enrichi en extrait k\u00e9ratine obtenue \u00e0 partir d&#8217;un proc\u00e9d\u00e9 de fabrication brevet\u00e9.<\/p>\n<p>Le Shampooing Antichute diminue de 42% la chute de cheveux<sup>1<\/sup>, apporte volume<sup>2<\/sup>, brillance<sup>3<\/sup>\u00a0et hydratation<sup>4<\/sup> aux cheveux.<\/p>\n<h2><strong>Conseil d&#8217;utilisation :\u00a0<\/strong><\/h2>\n<p>Appliquer 3 fois par semaine sur cheveux mouill\u00e9s. Masser jusqu&#8217;\u00e0 l&#8217;apparition d&#8217;une mousse dense. Laisser reposer quelques minutes avant de rincer.<\/p>\n<h2><strong>Composition :\u00a0<\/strong><\/h2>\n<div class=\"col-md-6 col-sm-12\">\n<p>Aqua, Cocamidopropyl Betaine, Sodium Lauroyl Sarcosinate, Decyl Glucoside, Disodium Cocoyl Glutamate, Glycerin, Glycol Distearate, Steareth-4, Parfum, Hydrolyzed Keratin, Propylene Glycol, Phenoxyethanol, Decylene Glycol, Citric Acid, Citronellol, Geraniol, Linalool, Sodium Benzoate.<\/p>\n<\/div>","protected":false},"excerpt":{"rendered":"<h2 class=\"accroche-sentence text-white text-center pt-3 m-0\"><span style=\"color: #ff6600\" data-mce-style=\"color: #ff6600;\"><strong>Diminue la chute de cheveux de 42%<sup>1\u00a0<\/sup><\/strong><\/span><\/h2>\n<h3><strong>Contenance : 200ml\u00a0<\/strong><\/h3>","protected":false},"featured_media":3265,"comment_status":"open","ping_status":"closed","template":"","meta":[],"product_cat":[126,17],"product_tag":[],"berocket_brand":[],"class_list":{"0":"post-141940","1":"product","2":"type-product","3":"status-publish","4":"has-post-thumbnail","6":"product_cat-cheveux","7":"product_cat-soin-et-bien-etre","9":"first","10":"outofstock","11":"shipping-taxable","12":"purchasable","13":"product-type-simple"},"yoast_head":"<!-- This site is optimized with the Yoast SEO plugin v24.8 - https:\/\/yoast.com\/wordpress\/plugins\/seo\/ -->\n<title>Shampooing Antichute 200ml Luxeol SV - Prixgro<\/title>\n<meta name=\"robots\" content=\"index, follow, max-snippet:-1, max-image-preview:large, max-video-preview:-1\" \/>\n<link rel=\"canonical\" href=\"https:\/\/prixgro.com\/ar\/product\/shampooing-antichute-200ml-luxeol-sv\/\" \/>\n<meta property=\"og:locale\" content=\"ar_AR\" \/>\n<meta property=\"og:type\" content=\"article\" \/>\n<meta property=\"og:title\" content=\"Shampooing Antichute 200ml Luxeol SV - Prixgro\" \/>\n<meta property=\"og:description\" content=\"Diminue la chute de cheveux de 42%1\u00a0Contenance : 200ml\u00a0\" \/>\n<meta property=\"og:url\" content=\"https:\/\/prixgro.com\/ar\/product\/shampooing-antichute-200ml-luxeol-sv\/\" \/>\n<meta property=\"og:site_name\" content=\"Prixgro\" \/>\n<meta property=\"article:publisher\" content=\"https:\/\/www.facebook.com\/Pharmacima\" \/>\n<meta property=\"article:modified_time\" content=\"2024-08-08T18:33:29+00:00\" \/>\n<meta property=\"og:image\" content=\"https:\/\/prixgro.com\/wp-content\/uploads\/2023\/09\/carousel-1-removebg-preview-3.png\" \/>\n\t<meta property=\"og:image:width\" content=\"524\" \/>\n\t<meta property=\"og:image:height\" content=\"477\" \/>\n\t<meta property=\"og:image:type\" content=\"image\/png\" \/>\n<meta name=\"twitter:card\" content=\"summary_large_image\" \/>\n<meta name=\"twitter:label1\" content=\"\u0648\u0642\u062a \u0627\u0644\u0642\u0631\u0627\u0621\u0629 \u0627\u0644\u0645\u064f\u0642\u062f\u0651\u0631\" \/>\n\t<meta name=\"twitter:data1\" content=\"\u062f\u0642\u064a\u0642\u0629 \u0648\u0627\u062d\u062f\u0629\" \/>\n<script type=\"application\/ld+json\" class=\"yoast-schema-graph\">{\"@context\":\"https:\/\/schema.org\",\"@graph\":[{\"@type\":\"WebPage\",\"@id\":\"https:\/\/prixgro.com\/product\/shampooing-antichute-200ml-luxeol-sv\/\",\"url\":\"https:\/\/prixgro.com\/product\/shampooing-antichute-200ml-luxeol-sv\/\",\"name\":\"Shampooing Antichute 200ml Luxeol SV - Prixgro\",\"isPartOf\":{\"@id\":\"https:\/\/prixgro.com\/#website\"},\"primaryImageOfPage\":{\"@id\":\"https:\/\/prixgro.com\/product\/shampooing-antichute-200ml-luxeol-sv\/#primaryimage\"},\"image\":{\"@id\":\"https:\/\/prixgro.com\/product\/shampooing-antichute-200ml-luxeol-sv\/#primaryimage\"},\"thumbnailUrl\":\"https:\/\/prixgro.com\/wp-content\/uploads\/2023\/09\/carousel-1-removebg-preview-3.png\",\"datePublished\":\"2024-04-09T12:30:03+00:00\",\"dateModified\":\"2024-08-08T18:33:29+00:00\",\"breadcrumb\":{\"@id\":\"https:\/\/prixgro.com\/product\/shampooing-antichute-200ml-luxeol-sv\/#breadcrumb\"},\"inLanguage\":\"ar\",\"potentialAction\":[{\"@type\":\"ReadAction\",\"target\":[\"https:\/\/prixgro.com\/product\/shampooing-antichute-200ml-luxeol-sv\/\"]}]},{\"@type\":\"ImageObject\",\"inLanguage\":\"ar\",\"@id\":\"https:\/\/prixgro.com\/product\/shampooing-antichute-200ml-luxeol-sv\/#primaryimage\",\"url\":\"https:\/\/prixgro.com\/wp-content\/uploads\/2023\/09\/carousel-1-removebg-preview-3.png\",\"contentUrl\":\"https:\/\/prixgro.com\/wp-content\/uploads\/2023\/09\/carousel-1-removebg-preview-3.png\",\"width\":524,\"height\":477},{\"@type\":\"BreadcrumbList\",\"@id\":\"https:\/\/prixgro.com\/product\/shampooing-antichute-200ml-luxeol-sv\/#breadcrumb\",\"itemListElement\":[{\"@type\":\"ListItem\",\"position\":1,\"name\":\"Accueil\",\"item\":\"https:\/\/prixgro.com\/\"},{\"@type\":\"ListItem\",\"position\":2,\"name\":\"Boutique en ligne\",\"item\":\"https:\/\/prixgro.com\/shop\/\"},{\"@type\":\"ListItem\",\"position\":3,\"name\":\"Shampooing Antichute 200ml Luxeol SV\"}]},{\"@type\":\"WebSite\",\"@id\":\"https:\/\/prixgro.com\/#website\",\"url\":\"https:\/\/prixgro.com\/\",\"name\":\"Prixgro.com\",\"description\":\"Para Pharmaceutique et Cosm\u00e9tique\",\"publisher\":{\"@id\":\"https:\/\/prixgro.com\/#organization\"},\"potentialAction\":[{\"@type\":\"SearchAction\",\"target\":{\"@type\":\"EntryPoint\",\"urlTemplate\":\"https:\/\/prixgro.com\/?s={search_term_string}\"},\"query-input\":{\"@type\":\"PropertyValueSpecification\",\"valueRequired\":true,\"valueName\":\"search_term_string\"}}],\"inLanguage\":\"ar\"},{\"@type\":\"Organization\",\"@id\":\"https:\/\/prixgro.com\/#organization\",\"name\":\"Prixgro\",\"url\":\"https:\/\/prixgro.com\/\",\"logo\":{\"@type\":\"ImageObject\",\"inLanguage\":\"ar\",\"@id\":\"https:\/\/prixgro.com\/#\/schema\/logo\/image\/\",\"url\":\"https:\/\/prixgro.com\/wp-content\/uploads\/2024\/08\/cropped-Nouveau-projet-2.png\",\"contentUrl\":\"https:\/\/prixgro.com\/wp-content\/uploads\/2024\/08\/cropped-Nouveau-projet-2.png\",\"width\":265,\"height\":62,\"caption\":\"Prixgro\"},\"image\":{\"@id\":\"https:\/\/prixgro.com\/#\/schema\/logo\/image\/\"},\"sameAs\":[\"https:\/\/www.facebook.com\/Pharmacima\"]}]}<\/script>\n<!-- \/ Yoast SEO plugin. -->","yoast_head_json":{"title":"Shampooing Antichute 200ml Luxeol SV - Prixgro","robots":{"index":"index","follow":"follow","max-snippet":"max-snippet:-1","max-image-preview":"max-image-preview:large","max-video-preview":"max-video-preview:-1"},"canonical":"https:\/\/prixgro.com\/ar\/product\/shampooing-antichute-200ml-luxeol-sv\/","og_locale":"ar_AR","og_type":"article","og_title":"Shampooing Antichute 200ml Luxeol SV - Prixgro","og_description":"Diminue la chute de cheveux de 42%1\u00a0Contenance : 200ml\u00a0","og_url":"https:\/\/prixgro.com\/ar\/product\/shampooing-antichute-200ml-luxeol-sv\/","og_site_name":"Prixgro","article_publisher":"https:\/\/www.facebook.com\/Pharmacima","article_modified_time":"2024-08-08T18:33:29+00:00","og_image":[{"width":524,"height":477,"url":"https:\/\/prixgro.com\/wp-content\/uploads\/2023\/09\/carousel-1-removebg-preview-3.png","type":"image\/png"}],"twitter_card":"summary_large_image","twitter_misc":{"\u0648\u0642\u062a \u0627\u0644\u0642\u0631\u0627\u0621\u0629 \u0627\u0644\u0645\u064f\u0642\u062f\u0651\u0631":"\u062f\u0642\u064a\u0642\u0629 \u0648\u0627\u062d\u062f\u0629"},"schema":{"@context":"https:\/\/schema.org","@graph":[{"@type":"WebPage","@id":"https:\/\/prixgro.com\/product\/shampooing-antichute-200ml-luxeol-sv\/","url":"https:\/\/prixgro.com\/product\/shampooing-antichute-200ml-luxeol-sv\/","name":"Shampooing Antichute 200ml Luxeol SV - Prixgro","isPartOf":{"@id":"https:\/\/prixgro.com\/#website"},"primaryImageOfPage":{"@id":"https:\/\/prixgro.com\/product\/shampooing-antichute-200ml-luxeol-sv\/#primaryimage"},"image":{"@id":"https:\/\/prixgro.com\/product\/shampooing-antichute-200ml-luxeol-sv\/#primaryimage"},"thumbnailUrl":"https:\/\/prixgro.com\/wp-content\/uploads\/2023\/09\/carousel-1-removebg-preview-3.png","datePublished":"2024-04-09T12:30:03+00:00","dateModified":"2024-08-08T18:33:29+00:00","breadcrumb":{"@id":"https:\/\/prixgro.com\/product\/shampooing-antichute-200ml-luxeol-sv\/#breadcrumb"},"inLanguage":"ar","potentialAction":[{"@type":"ReadAction","target":["https:\/\/prixgro.com\/product\/shampooing-antichute-200ml-luxeol-sv\/"]}]},{"@type":"ImageObject","inLanguage":"ar","@id":"https:\/\/prixgro.com\/product\/shampooing-antichute-200ml-luxeol-sv\/#primaryimage","url":"https:\/\/prixgro.com\/wp-content\/uploads\/2023\/09\/carousel-1-removebg-preview-3.png","contentUrl":"https:\/\/prixgro.com\/wp-content\/uploads\/2023\/09\/carousel-1-removebg-preview-3.png","width":524,"height":477},{"@type":"BreadcrumbList","@id":"https:\/\/prixgro.com\/product\/shampooing-antichute-200ml-luxeol-sv\/#breadcrumb","itemListElement":[{"@type":"ListItem","position":1,"name":"Accueil","item":"https:\/\/prixgro.com\/"},{"@type":"ListItem","position":2,"name":"Boutique en ligne","item":"https:\/\/prixgro.com\/shop\/"},{"@type":"ListItem","position":3,"name":"Shampooing Antichute 200ml Luxeol SV"}]},{"@type":"WebSite","@id":"https:\/\/prixgro.com\/#website","url":"https:\/\/prixgro.com\/","name":"Prixgro.com","description":"Para Pharmaceutique et Cosm\u00e9tique","publisher":{"@id":"https:\/\/prixgro.com\/#organization"},"potentialAction":[{"@type":"SearchAction","target":{"@type":"EntryPoint","urlTemplate":"https:\/\/prixgro.com\/?s={search_term_string}"},"query-input":{"@type":"PropertyValueSpecification","valueRequired":true,"valueName":"search_term_string"}}],"inLanguage":"ar"},{"@type":"Organization","@id":"https:\/\/prixgro.com\/#organization","name":"Prixgro","url":"https:\/\/prixgro.com\/","logo":{"@type":"ImageObject","inLanguage":"ar","@id":"https:\/\/prixgro.com\/#\/schema\/logo\/image\/","url":"https:\/\/prixgro.com\/wp-content\/uploads\/2024\/08\/cropped-Nouveau-projet-2.png","contentUrl":"https:\/\/prixgro.com\/wp-content\/uploads\/2024\/08\/cropped-Nouveau-projet-2.png","width":265,"height":62,"caption":"Prixgro"},"image":{"@id":"https:\/\/prixgro.com\/#\/schema\/logo\/image\/"},"sameAs":["https:\/\/www.facebook.com\/Pharmacima"]}]}},"_links":{"self":[{"href":"https:\/\/prixgro.com\/ar\/wp-json\/wp\/v2\/product\/141940","targetHints":{"allow":["GET"]}}],"collection":[{"href":"https:\/\/prixgro.com\/ar\/wp-json\/wp\/v2\/product"}],"about":[{"href":"https:\/\/prixgro.com\/ar\/wp-json\/wp\/v2\/types\/product"}],"replies":[{"embeddable":true,"href":"https:\/\/prixgro.com\/ar\/wp-json\/wp\/v2\/comments?post=141940"}],"wp:featuredmedia":[{"embeddable":true,"href":"https:\/\/prixgro.com\/ar\/wp-json\/wp\/v2\/media\/3265"}],"wp:attachment":[{"href":"https:\/\/prixgro.com\/ar\/wp-json\/wp\/v2\/media?parent=141940"}],"wp:term":[{"taxonomy":"product_cat","embeddable":true,"href":"https:\/\/prixgro.com\/ar\/wp-json\/wp\/v2\/product_cat?post=141940"},{"taxonomy":"product_tag","embeddable":true,"href":"https:\/\/prixgro.com\/ar\/wp-json\/wp\/v2\/product_tag?post=141940"},{"taxonomy":"berocket_brand","embeddable":true,"href":"https:\/\/prixgro.com\/ar\/wp-json\/wp\/v2\/berocket_brand?post=141940"}],"curies":[{"name":"wp","href":"https:\/\/api.w.org\/{rel}","templated":true}]}}