{"id":141967,"date":"2024-04-09T14:30:16","date_gmt":"2024-04-09T12:30:16","guid":{"rendered":"https:\/\/cloodmanager.net\/?post_type=product&#038;p=141967"},"modified":"2024-08-08T20:36:28","modified_gmt":"2024-08-08T18:36:28","slug":"test-de-grossesse-detection-ultra-precoce-clearblue","status":"publish","type":"product","link":"https:\/\/prixgro.com\/ar\/product\/test-de-grossesse-detection-ultra-precoce-clearblue\/","title":{"rendered":"Test de grossesse d\u00e9tection ultra precoce Clearblue"},"content":{"rendered":"<h2><strong>DESCRIPTION :\u00a0<\/strong><\/h2>\n<div class=\"claim\">\n<div class=\"imgblock112\">\n<p class=\"color-dark-blue\"><strong>Permet d&#8217;effectuer un test 6 jours avant<\/strong><sup>1<\/sup><\/p>\n<p>Le Test de Grossesse Clearblue\u00ae\u00a0D\u00e9tection Pr\u00e9coce constitue notre test le plus sensible : cela signifie que vous pouvez effectuer un test jusqu&#8217;\u00e0 6 jours avant la date de retard de vos r\u00e8gles (ce qui correspond \u00e0 5 jours avant la date pr\u00e9sum\u00e9e de vos r\u00e8gles).<sup>1<\/sup><\/p>\n<\/div>\n<\/div>\n<div class=\"claim\">\n<div class=\"imgblock112\">\n<p class=\"color-dark-blue\"><strong>Fiable \u00e0 plus de 99 %<\/strong><sup>2<\/sup><\/p>\n<p>D\u00e8s la date pr\u00e9sum\u00e9e de vos r\u00e8gles.<\/p>\n<\/div>\n<\/div>\n<div class=\"claim\">\n<div class=\"imgblock112\">\n<p class=\"color-dark-blue\"><b>Simple \u00e0 utiliser<\/b><\/p>\n<p>Clearblue\u00ae propose un design sp\u00e9cifique, avec notamment un b\u00e2tonnet plus long et incurv\u00e9, et une tige contr\u00f4le large et changeant de couleur.<\/p>\n<\/div>\n<\/div>\n<div class=\"claim\">\n<div class=\"imgblock112\">\n<p class=\"color-dark-blue\"><strong>Technologie Floodguard\u2122 (anti-d\u00e9bordement) unique<\/strong><\/p>\n<p>Notre technologie\u00a0<span class=\"s1\">Floodguard\u2122\u00a0<\/span>unique permet de diminuer la principale cause d&#8217;erreur d&#8217;utilisation, facilitant ainsi le d\u00e9roulement du test.<sup>3<\/sup><\/p>\n<div class=\"imgblock112\">\n<h2 class=\"color-dark-blue\"><strong>R\u00e9sultats faciles \u00e0 lire<\/strong><\/h2>\n<p>Affichage clair et simple du r\u00e9sultat ; 2 lignes si vous \u00eates enceinte, 1 ligne si vous ne l&#8217;\u00eates pas.<sup>4<\/sup><\/p>\n<\/div>\n<\/div>\n<\/div>","protected":false},"excerpt":{"rendered":"<h3><span style=\"color: #3366ff\" data-mce-style=\"color: #3366ff;\"><strong>Effectuer un test jusqu\u2019\u00e0 6 jours avant la date de retard de vos r\u00e8gles.<\/strong><\/span><\/h3>","protected":false},"featured_media":3332,"comment_status":"open","ping_status":"closed","template":"","meta":[],"product_cat":[21],"product_tag":[],"berocket_brand":[698],"class_list":{"0":"post-141967","1":"product","2":"type-product","3":"status-publish","4":"has-post-thumbnail","6":"product_cat-diagnostic","7":"berocket_brand-clearblue","9":"first","10":"outofstock","11":"shipping-taxable","12":"purchasable","13":"product-type-simple"},"yoast_head":"<!-- This site is optimized with the Yoast SEO plugin v24.8 - https:\/\/yoast.com\/wordpress\/plugins\/seo\/ -->\n<title>Test de grossesse d\u00e9tection ultra precoce Clearblue - Prixgro<\/title>\n<meta name=\"robots\" content=\"index, follow, max-snippet:-1, max-image-preview:large, max-video-preview:-1\" \/>\n<link rel=\"canonical\" href=\"https:\/\/prixgro.com\/ar\/product\/test-de-grossesse-detection-ultra-precoce-clearblue\/\" \/>\n<meta property=\"og:locale\" content=\"ar_AR\" \/>\n<meta property=\"og:type\" content=\"article\" \/>\n<meta property=\"og:title\" content=\"Test de grossesse d\u00e9tection ultra precoce Clearblue - Prixgro\" \/>\n<meta property=\"og:description\" content=\"Effectuer un test jusqu\u2019\u00e0 6 jours avant la date de retard de vos r\u00e8gles.\" \/>\n<meta property=\"og:url\" content=\"https:\/\/prixgro.com\/ar\/product\/test-de-grossesse-detection-ultra-precoce-clearblue\/\" \/>\n<meta property=\"og:site_name\" content=\"Prixgro\" \/>\n<meta property=\"article:publisher\" content=\"https:\/\/www.facebook.com\/Pharmacima\" \/>\n<meta property=\"article:modified_time\" content=\"2024-08-08T18:36:28+00:00\" \/>\n<meta property=\"og:image\" content=\"https:\/\/prixgro.com\/wp-content\/uploads\/2023\/09\/Sans-titre-e1671713180338.png\" \/>\n\t<meta property=\"og:image:width\" content=\"500\" \/>\n\t<meta property=\"og:image:height\" content=\"500\" \/>\n\t<meta property=\"og:image:type\" content=\"image\/png\" \/>\n<meta name=\"twitter:card\" content=\"summary_large_image\" \/>\n<meta name=\"twitter:label1\" content=\"\u0648\u0642\u062a \u0627\u0644\u0642\u0631\u0627\u0621\u0629 \u0627\u0644\u0645\u064f\u0642\u062f\u0651\u0631\" \/>\n\t<meta name=\"twitter:data1\" content=\"\u062f\u0642\u064a\u0642\u0629 \u0648\u0627\u062d\u062f\u0629\" \/>\n<script type=\"application\/ld+json\" class=\"yoast-schema-graph\">{\"@context\":\"https:\/\/schema.org\",\"@graph\":[{\"@type\":\"WebPage\",\"@id\":\"https:\/\/prixgro.com\/product\/test-de-grossesse-detection-ultra-precoce-clearblue\/\",\"url\":\"https:\/\/prixgro.com\/product\/test-de-grossesse-detection-ultra-precoce-clearblue\/\",\"name\":\"Test de grossesse d\u00e9tection ultra precoce Clearblue - Prixgro\",\"isPartOf\":{\"@id\":\"https:\/\/prixgro.com\/#website\"},\"primaryImageOfPage\":{\"@id\":\"https:\/\/prixgro.com\/product\/test-de-grossesse-detection-ultra-precoce-clearblue\/#primaryimage\"},\"image\":{\"@id\":\"https:\/\/prixgro.com\/product\/test-de-grossesse-detection-ultra-precoce-clearblue\/#primaryimage\"},\"thumbnailUrl\":\"https:\/\/prixgro.com\/wp-content\/uploads\/2023\/09\/Sans-titre-e1671713180338.png\",\"datePublished\":\"2024-04-09T12:30:16+00:00\",\"dateModified\":\"2024-08-08T18:36:28+00:00\",\"breadcrumb\":{\"@id\":\"https:\/\/prixgro.com\/product\/test-de-grossesse-detection-ultra-precoce-clearblue\/#breadcrumb\"},\"inLanguage\":\"ar\",\"potentialAction\":[{\"@type\":\"ReadAction\",\"target\":[\"https:\/\/prixgro.com\/product\/test-de-grossesse-detection-ultra-precoce-clearblue\/\"]}]},{\"@type\":\"ImageObject\",\"inLanguage\":\"ar\",\"@id\":\"https:\/\/prixgro.com\/product\/test-de-grossesse-detection-ultra-precoce-clearblue\/#primaryimage\",\"url\":\"https:\/\/prixgro.com\/wp-content\/uploads\/2023\/09\/Sans-titre-e1671713180338.png\",\"contentUrl\":\"https:\/\/prixgro.com\/wp-content\/uploads\/2023\/09\/Sans-titre-e1671713180338.png\",\"width\":500,\"height\":500},{\"@type\":\"BreadcrumbList\",\"@id\":\"https:\/\/prixgro.com\/product\/test-de-grossesse-detection-ultra-precoce-clearblue\/#breadcrumb\",\"itemListElement\":[{\"@type\":\"ListItem\",\"position\":1,\"name\":\"Accueil\",\"item\":\"https:\/\/prixgro.com\/\"},{\"@type\":\"ListItem\",\"position\":2,\"name\":\"Boutique en ligne\",\"item\":\"https:\/\/prixgro.com\/shop\/\"},{\"@type\":\"ListItem\",\"position\":3,\"name\":\"Test de grossesse d\u00e9tection ultra precoce Clearblue\"}]},{\"@type\":\"WebSite\",\"@id\":\"https:\/\/prixgro.com\/#website\",\"url\":\"https:\/\/prixgro.com\/\",\"name\":\"Prixgro.com\",\"description\":\"Para Pharmaceutique et Cosm\u00e9tique\",\"publisher\":{\"@id\":\"https:\/\/prixgro.com\/#organization\"},\"potentialAction\":[{\"@type\":\"SearchAction\",\"target\":{\"@type\":\"EntryPoint\",\"urlTemplate\":\"https:\/\/prixgro.com\/?s={search_term_string}\"},\"query-input\":{\"@type\":\"PropertyValueSpecification\",\"valueRequired\":true,\"valueName\":\"search_term_string\"}}],\"inLanguage\":\"ar\"},{\"@type\":\"Organization\",\"@id\":\"https:\/\/prixgro.com\/#organization\",\"name\":\"Prixgro\",\"url\":\"https:\/\/prixgro.com\/\",\"logo\":{\"@type\":\"ImageObject\",\"inLanguage\":\"ar\",\"@id\":\"https:\/\/prixgro.com\/#\/schema\/logo\/image\/\",\"url\":\"https:\/\/prixgro.com\/wp-content\/uploads\/2024\/08\/cropped-Nouveau-projet-2.png\",\"contentUrl\":\"https:\/\/prixgro.com\/wp-content\/uploads\/2024\/08\/cropped-Nouveau-projet-2.png\",\"width\":265,\"height\":62,\"caption\":\"Prixgro\"},\"image\":{\"@id\":\"https:\/\/prixgro.com\/#\/schema\/logo\/image\/\"},\"sameAs\":[\"https:\/\/www.facebook.com\/Pharmacima\"]}]}<\/script>\n<!-- \/ Yoast SEO plugin. -->","yoast_head_json":{"title":"Test de grossesse d\u00e9tection ultra precoce Clearblue - Prixgro","robots":{"index":"index","follow":"follow","max-snippet":"max-snippet:-1","max-image-preview":"max-image-preview:large","max-video-preview":"max-video-preview:-1"},"canonical":"https:\/\/prixgro.com\/ar\/product\/test-de-grossesse-detection-ultra-precoce-clearblue\/","og_locale":"ar_AR","og_type":"article","og_title":"Test de grossesse d\u00e9tection ultra precoce Clearblue - Prixgro","og_description":"Effectuer un test jusqu\u2019\u00e0 6 jours avant la date de retard de vos r\u00e8gles.","og_url":"https:\/\/prixgro.com\/ar\/product\/test-de-grossesse-detection-ultra-precoce-clearblue\/","og_site_name":"Prixgro","article_publisher":"https:\/\/www.facebook.com\/Pharmacima","article_modified_time":"2024-08-08T18:36:28+00:00","og_image":[{"width":500,"height":500,"url":"https:\/\/prixgro.com\/wp-content\/uploads\/2023\/09\/Sans-titre-e1671713180338.png","type":"image\/png"}],"twitter_card":"summary_large_image","twitter_misc":{"\u0648\u0642\u062a \u0627\u0644\u0642\u0631\u0627\u0621\u0629 \u0627\u0644\u0645\u064f\u0642\u062f\u0651\u0631":"\u062f\u0642\u064a\u0642\u0629 \u0648\u0627\u062d\u062f\u0629"},"schema":{"@context":"https:\/\/schema.org","@graph":[{"@type":"WebPage","@id":"https:\/\/prixgro.com\/product\/test-de-grossesse-detection-ultra-precoce-clearblue\/","url":"https:\/\/prixgro.com\/product\/test-de-grossesse-detection-ultra-precoce-clearblue\/","name":"Test de grossesse d\u00e9tection ultra precoce Clearblue - Prixgro","isPartOf":{"@id":"https:\/\/prixgro.com\/#website"},"primaryImageOfPage":{"@id":"https:\/\/prixgro.com\/product\/test-de-grossesse-detection-ultra-precoce-clearblue\/#primaryimage"},"image":{"@id":"https:\/\/prixgro.com\/product\/test-de-grossesse-detection-ultra-precoce-clearblue\/#primaryimage"},"thumbnailUrl":"https:\/\/prixgro.com\/wp-content\/uploads\/2023\/09\/Sans-titre-e1671713180338.png","datePublished":"2024-04-09T12:30:16+00:00","dateModified":"2024-08-08T18:36:28+00:00","breadcrumb":{"@id":"https:\/\/prixgro.com\/product\/test-de-grossesse-detection-ultra-precoce-clearblue\/#breadcrumb"},"inLanguage":"ar","potentialAction":[{"@type":"ReadAction","target":["https:\/\/prixgro.com\/product\/test-de-grossesse-detection-ultra-precoce-clearblue\/"]}]},{"@type":"ImageObject","inLanguage":"ar","@id":"https:\/\/prixgro.com\/product\/test-de-grossesse-detection-ultra-precoce-clearblue\/#primaryimage","url":"https:\/\/prixgro.com\/wp-content\/uploads\/2023\/09\/Sans-titre-e1671713180338.png","contentUrl":"https:\/\/prixgro.com\/wp-content\/uploads\/2023\/09\/Sans-titre-e1671713180338.png","width":500,"height":500},{"@type":"BreadcrumbList","@id":"https:\/\/prixgro.com\/product\/test-de-grossesse-detection-ultra-precoce-clearblue\/#breadcrumb","itemListElement":[{"@type":"ListItem","position":1,"name":"Accueil","item":"https:\/\/prixgro.com\/"},{"@type":"ListItem","position":2,"name":"Boutique en ligne","item":"https:\/\/prixgro.com\/shop\/"},{"@type":"ListItem","position":3,"name":"Test de grossesse d\u00e9tection ultra precoce Clearblue"}]},{"@type":"WebSite","@id":"https:\/\/prixgro.com\/#website","url":"https:\/\/prixgro.com\/","name":"Prixgro.com","description":"Para Pharmaceutique et Cosm\u00e9tique","publisher":{"@id":"https:\/\/prixgro.com\/#organization"},"potentialAction":[{"@type":"SearchAction","target":{"@type":"EntryPoint","urlTemplate":"https:\/\/prixgro.com\/?s={search_term_string}"},"query-input":{"@type":"PropertyValueSpecification","valueRequired":true,"valueName":"search_term_string"}}],"inLanguage":"ar"},{"@type":"Organization","@id":"https:\/\/prixgro.com\/#organization","name":"Prixgro","url":"https:\/\/prixgro.com\/","logo":{"@type":"ImageObject","inLanguage":"ar","@id":"https:\/\/prixgro.com\/#\/schema\/logo\/image\/","url":"https:\/\/prixgro.com\/wp-content\/uploads\/2024\/08\/cropped-Nouveau-projet-2.png","contentUrl":"https:\/\/prixgro.com\/wp-content\/uploads\/2024\/08\/cropped-Nouveau-projet-2.png","width":265,"height":62,"caption":"Prixgro"},"image":{"@id":"https:\/\/prixgro.com\/#\/schema\/logo\/image\/"},"sameAs":["https:\/\/www.facebook.com\/Pharmacima"]}]}},"_links":{"self":[{"href":"https:\/\/prixgro.com\/ar\/wp-json\/wp\/v2\/product\/141967","targetHints":{"allow":["GET"]}}],"collection":[{"href":"https:\/\/prixgro.com\/ar\/wp-json\/wp\/v2\/product"}],"about":[{"href":"https:\/\/prixgro.com\/ar\/wp-json\/wp\/v2\/types\/product"}],"replies":[{"embeddable":true,"href":"https:\/\/prixgro.com\/ar\/wp-json\/wp\/v2\/comments?post=141967"}],"wp:featuredmedia":[{"embeddable":true,"href":"https:\/\/prixgro.com\/ar\/wp-json\/wp\/v2\/media\/3332"}],"wp:attachment":[{"href":"https:\/\/prixgro.com\/ar\/wp-json\/wp\/v2\/media?parent=141967"}],"wp:term":[{"taxonomy":"product_cat","embeddable":true,"href":"https:\/\/prixgro.com\/ar\/wp-json\/wp\/v2\/product_cat?post=141967"},{"taxonomy":"product_tag","embeddable":true,"href":"https:\/\/prixgro.com\/ar\/wp-json\/wp\/v2\/product_tag?post=141967"},{"taxonomy":"berocket_brand","embeddable":true,"href":"https:\/\/prixgro.com\/ar\/wp-json\/wp\/v2\/berocket_brand?post=141967"}],"curies":[{"name":"wp","href":"https:\/\/api.w.org\/{rel}","templated":true}]}}