{"id":141972,"date":"2024-04-09T14:30:17","date_gmt":"2024-04-09T12:30:17","guid":{"rendered":"https:\/\/cloodmanager.net\/?post_type=product&#038;p=141972"},"modified":"2024-11-13T16:44:58","modified_gmt":"2024-11-13T15:44:58","slug":"gel-anp2-fortifiant-cils-et-sourcils-9ml-ecrinal","status":"publish","type":"product","link":"https:\/\/prixgro.com\/ar\/product\/gel-anp2-fortifiant-cils-et-sourcils-9ml-ecrinal\/","title":{"rendered":"Gel Anp2+ Fortifiant Cils Et Sourcils 9ml Ecrinal"},"content":{"rendered":"<h2><strong>DESCRIPTION :\u00a0<\/strong><\/h2>\n<p>Le Gel Fortifiant \u00e0 l&#8217;A.N.P2+ est destin\u00e9 aux cils et sourcils trop courts ou d\u00e9ficients.<br \/>\nIl prot\u00e8ge et renforce la tige ciliaire.<br \/>\nSa texture est non grasse et il est enti\u00e8rement invisible sur les cils.<br \/>\nIl facilite la tenue du mascara.<br \/>\nCe produit limite la chute des cils et sourcils et permet de stimuler leur repousse.<br \/>\nSa formule est exclusive, elle asssocie des actifs fortifiants et stimule la croissance des cils (ANP2+ : Brevet ASEPTA, tripeptide et provitamine B5).<\/p>\n<p>Le gel convient aux yeux sensibles et porteurs de lentilles.<\/p>\n<h2><strong>CONSEIL D&#8217;UTILISATION :\u00a0<\/strong><\/h2>\n<p>A utiliser le soir, en cure de 2 \u00e0 3 mois cons\u00e9cutifs.<br \/>\n&#8211; D\u00e9poser \u00e0 l&#8217;aide de la brosse applicatrice, sur cils et sourcils parfaitement d\u00e9maquill\u00e9s en insistant sur la racine.<br \/>\n&#8211; Le matin, \u00f4ter le produit restant \u00e0 l&#8217;aide d&#8217;un d\u00e9maquillant avant de proc\u00e9der au maquillage.<br \/>\n&#8211; Vous pouvez ensuite appliquer votre mascara dont il facilite la tenue<\/p>\n<h2><strong>COMPOSITION :\u00a0<\/strong><\/h2>\n<p>Aqua (water), glycerin, macadamia ternifolia seed oil, panthenol, camelina sativa seed oil, polyacrylamide, polysorbate 20, isopropyl palmitate, c13-14 isoparaffin, vitis vinifera (grape) seed oil, phenoxyeethanol, ethylhexylglycerin, isopropyl myristate, laureth-7, parfum (fragrance), polyaminopropyl biguanide, silk amino acids, peg-20, tocopherol, capryloyl methionine\/silk amino acids methyl esthers, glycinesoja (soybean) oil, biotinoul tripeptide-1, helinathus annuus (sunflower) seed oil, citric acid<\/p>","protected":false},"excerpt":{"rendered":"<p><strong>Fortifiant cils et sourcils<\/strong><br \/>\n<strong>Gel incolore ANP2+<\/strong><br \/>\n<strong>Stimule la croissance<\/strong><br \/>\n<strong>Allonge et \u00e9paissit les cils<\/strong><br \/>\n<strong>Convient aux yeux sensibles et porteurs de lentilles.<\/strong><\/p>","protected":false},"featured_media":142942,"comment_status":"open","ping_status":"closed","template":"","meta":[],"product_cat":[17,68],"product_tag":[],"berocket_brand":[680],"class_list":{"0":"post-141972","1":"product","2":"type-product","3":"status-publish","4":"has-post-thumbnail","6":"product_cat-soin-et-bien-etre","7":"product_cat-yeux","8":"berocket_brand-ecrinal","10":"first","11":"outofstock","12":"shipping-taxable","13":"purchasable","14":"product-type-simple"},"yoast_head":"<!-- This site is optimized with the Yoast SEO plugin v24.8 - https:\/\/yoast.com\/wordpress\/plugins\/seo\/ -->\n<title>Gel Anp2+ Fortifiant Cils Et Sourcils 9ml Ecrinal - Prixgro<\/title>\n<meta name=\"description\" content=\"Le Gel Fortifiant \u00e0 l&#039;A.N.P2+ est destin\u00e9 aux cils et sourcils trop courts ou d\u00e9ficients.Il prot\u00e8ge et renforce la tige ciliaire.\" \/>\n<meta name=\"robots\" content=\"index, follow, max-snippet:-1, max-image-preview:large, max-video-preview:-1\" \/>\n<link rel=\"canonical\" href=\"https:\/\/prixgro.com\/ar\/product\/gel-anp2-fortifiant-cils-et-sourcils-9ml-ecrinal\/\" \/>\n<meta property=\"og:locale\" content=\"ar_AR\" \/>\n<meta property=\"og:type\" content=\"article\" \/>\n<meta property=\"og:title\" content=\"Gel Anp2+ Fortifiant Cils Et Sourcils 9ml Ecrinal - Prixgro\" \/>\n<meta property=\"og:description\" content=\"Le Gel Fortifiant \u00e0 l&#039;A.N.P2+ est destin\u00e9 aux cils et sourcils trop courts ou d\u00e9ficients.Il prot\u00e8ge et renforce la tige ciliaire.\" \/>\n<meta property=\"og:url\" content=\"https:\/\/prixgro.com\/ar\/product\/gel-anp2-fortifiant-cils-et-sourcils-9ml-ecrinal\/\" \/>\n<meta property=\"og:site_name\" content=\"Prixgro\" \/>\n<meta property=\"article:publisher\" content=\"https:\/\/www.facebook.com\/Pharmacima\" \/>\n<meta property=\"article:modified_time\" content=\"2024-11-13T15:44:58+00:00\" \/>\n<meta property=\"og:image\" content=\"https:\/\/prixgro.com\/wp-content\/uploads\/2024\/04\/ecrinal-7.png\" \/>\n\t<meta property=\"og:image:width\" content=\"540\" \/>\n\t<meta property=\"og:image:height\" content=\"540\" \/>\n\t<meta property=\"og:image:type\" content=\"image\/png\" \/>\n<meta name=\"twitter:card\" content=\"summary_large_image\" \/>\n<meta name=\"twitter:label1\" content=\"\u0648\u0642\u062a \u0627\u0644\u0642\u0631\u0627\u0621\u0629 \u0627\u0644\u0645\u064f\u0642\u062f\u0651\u0631\" \/>\n\t<meta name=\"twitter:data1\" content=\"\u062f\u0642\u064a\u0642\u062a\u0627\u0646\" \/>\n<script type=\"application\/ld+json\" class=\"yoast-schema-graph\">{\"@context\":\"https:\/\/schema.org\",\"@graph\":[{\"@type\":\"WebPage\",\"@id\":\"https:\/\/prixgro.com\/product\/gel-anp2-fortifiant-cils-et-sourcils-9ml-ecrinal\/\",\"url\":\"https:\/\/prixgro.com\/product\/gel-anp2-fortifiant-cils-et-sourcils-9ml-ecrinal\/\",\"name\":\"Gel Anp2+ Fortifiant Cils Et Sourcils 9ml Ecrinal - Prixgro\",\"isPartOf\":{\"@id\":\"https:\/\/prixgro.com\/#website\"},\"primaryImageOfPage\":{\"@id\":\"https:\/\/prixgro.com\/product\/gel-anp2-fortifiant-cils-et-sourcils-9ml-ecrinal\/#primaryimage\"},\"image\":{\"@id\":\"https:\/\/prixgro.com\/product\/gel-anp2-fortifiant-cils-et-sourcils-9ml-ecrinal\/#primaryimage\"},\"thumbnailUrl\":\"https:\/\/prixgro.com\/wp-content\/uploads\/2024\/04\/ecrinal-7.png\",\"datePublished\":\"2024-04-09T12:30:17+00:00\",\"dateModified\":\"2024-11-13T15:44:58+00:00\",\"description\":\"Le Gel Fortifiant \u00e0 l'A.N.P2+ est destin\u00e9 aux cils et sourcils trop courts ou d\u00e9ficients.Il prot\u00e8ge et renforce la tige ciliaire.\",\"breadcrumb\":{\"@id\":\"https:\/\/prixgro.com\/product\/gel-anp2-fortifiant-cils-et-sourcils-9ml-ecrinal\/#breadcrumb\"},\"inLanguage\":\"ar\",\"potentialAction\":[{\"@type\":\"ReadAction\",\"target\":[\"https:\/\/prixgro.com\/product\/gel-anp2-fortifiant-cils-et-sourcils-9ml-ecrinal\/\"]}]},{\"@type\":\"ImageObject\",\"inLanguage\":\"ar\",\"@id\":\"https:\/\/prixgro.com\/product\/gel-anp2-fortifiant-cils-et-sourcils-9ml-ecrinal\/#primaryimage\",\"url\":\"https:\/\/prixgro.com\/wp-content\/uploads\/2024\/04\/ecrinal-7.png\",\"contentUrl\":\"https:\/\/prixgro.com\/wp-content\/uploads\/2024\/04\/ecrinal-7.png\",\"width\":540,\"height\":540},{\"@type\":\"BreadcrumbList\",\"@id\":\"https:\/\/prixgro.com\/product\/gel-anp2-fortifiant-cils-et-sourcils-9ml-ecrinal\/#breadcrumb\",\"itemListElement\":[{\"@type\":\"ListItem\",\"position\":1,\"name\":\"Accueil\",\"item\":\"https:\/\/prixgro.com\/\"},{\"@type\":\"ListItem\",\"position\":2,\"name\":\"Boutique en ligne\",\"item\":\"https:\/\/prixgro.com\/shop\/\"},{\"@type\":\"ListItem\",\"position\":3,\"name\":\"Gel Anp2+ Fortifiant Cils Et Sourcils 9ml Ecrinal\"}]},{\"@type\":\"WebSite\",\"@id\":\"https:\/\/prixgro.com\/#website\",\"url\":\"https:\/\/prixgro.com\/\",\"name\":\"Prixgro.com\",\"description\":\"Para Pharmaceutique et Cosm\u00e9tique\",\"publisher\":{\"@id\":\"https:\/\/prixgro.com\/#organization\"},\"potentialAction\":[{\"@type\":\"SearchAction\",\"target\":{\"@type\":\"EntryPoint\",\"urlTemplate\":\"https:\/\/prixgro.com\/?s={search_term_string}\"},\"query-input\":{\"@type\":\"PropertyValueSpecification\",\"valueRequired\":true,\"valueName\":\"search_term_string\"}}],\"inLanguage\":\"ar\"},{\"@type\":\"Organization\",\"@id\":\"https:\/\/prixgro.com\/#organization\",\"name\":\"Prixgro\",\"url\":\"https:\/\/prixgro.com\/\",\"logo\":{\"@type\":\"ImageObject\",\"inLanguage\":\"ar\",\"@id\":\"https:\/\/prixgro.com\/#\/schema\/logo\/image\/\",\"url\":\"https:\/\/prixgro.com\/wp-content\/uploads\/2024\/08\/cropped-Nouveau-projet-2.png\",\"contentUrl\":\"https:\/\/prixgro.com\/wp-content\/uploads\/2024\/08\/cropped-Nouveau-projet-2.png\",\"width\":265,\"height\":62,\"caption\":\"Prixgro\"},\"image\":{\"@id\":\"https:\/\/prixgro.com\/#\/schema\/logo\/image\/\"},\"sameAs\":[\"https:\/\/www.facebook.com\/Pharmacima\"]}]}<\/script>\n<!-- \/ Yoast SEO plugin. -->","yoast_head_json":{"title":"Gel Anp2+ Fortifiant Cils Et Sourcils 9ml Ecrinal - Prixgro","description":"Le Gel Fortifiant \u00e0 l'A.N.P2+ est destin\u00e9 aux cils et sourcils trop courts ou d\u00e9ficients.Il prot\u00e8ge et renforce la tige ciliaire.","robots":{"index":"index","follow":"follow","max-snippet":"max-snippet:-1","max-image-preview":"max-image-preview:large","max-video-preview":"max-video-preview:-1"},"canonical":"https:\/\/prixgro.com\/ar\/product\/gel-anp2-fortifiant-cils-et-sourcils-9ml-ecrinal\/","og_locale":"ar_AR","og_type":"article","og_title":"Gel Anp2+ Fortifiant Cils Et Sourcils 9ml Ecrinal - Prixgro","og_description":"Le Gel Fortifiant \u00e0 l'A.N.P2+ est destin\u00e9 aux cils et sourcils trop courts ou d\u00e9ficients.Il prot\u00e8ge et renforce la tige ciliaire.","og_url":"https:\/\/prixgro.com\/ar\/product\/gel-anp2-fortifiant-cils-et-sourcils-9ml-ecrinal\/","og_site_name":"Prixgro","article_publisher":"https:\/\/www.facebook.com\/Pharmacima","article_modified_time":"2024-11-13T15:44:58+00:00","og_image":[{"width":540,"height":540,"url":"https:\/\/prixgro.com\/wp-content\/uploads\/2024\/04\/ecrinal-7.png","type":"image\/png"}],"twitter_card":"summary_large_image","twitter_misc":{"\u0648\u0642\u062a \u0627\u0644\u0642\u0631\u0627\u0621\u0629 \u0627\u0644\u0645\u064f\u0642\u062f\u0651\u0631":"\u062f\u0642\u064a\u0642\u062a\u0627\u0646"},"schema":{"@context":"https:\/\/schema.org","@graph":[{"@type":"WebPage","@id":"https:\/\/prixgro.com\/product\/gel-anp2-fortifiant-cils-et-sourcils-9ml-ecrinal\/","url":"https:\/\/prixgro.com\/product\/gel-anp2-fortifiant-cils-et-sourcils-9ml-ecrinal\/","name":"Gel Anp2+ Fortifiant Cils Et Sourcils 9ml Ecrinal - Prixgro","isPartOf":{"@id":"https:\/\/prixgro.com\/#website"},"primaryImageOfPage":{"@id":"https:\/\/prixgro.com\/product\/gel-anp2-fortifiant-cils-et-sourcils-9ml-ecrinal\/#primaryimage"},"image":{"@id":"https:\/\/prixgro.com\/product\/gel-anp2-fortifiant-cils-et-sourcils-9ml-ecrinal\/#primaryimage"},"thumbnailUrl":"https:\/\/prixgro.com\/wp-content\/uploads\/2024\/04\/ecrinal-7.png","datePublished":"2024-04-09T12:30:17+00:00","dateModified":"2024-11-13T15:44:58+00:00","description":"Le Gel Fortifiant \u00e0 l'A.N.P2+ est destin\u00e9 aux cils et sourcils trop courts ou d\u00e9ficients.Il prot\u00e8ge et renforce la tige ciliaire.","breadcrumb":{"@id":"https:\/\/prixgro.com\/product\/gel-anp2-fortifiant-cils-et-sourcils-9ml-ecrinal\/#breadcrumb"},"inLanguage":"ar","potentialAction":[{"@type":"ReadAction","target":["https:\/\/prixgro.com\/product\/gel-anp2-fortifiant-cils-et-sourcils-9ml-ecrinal\/"]}]},{"@type":"ImageObject","inLanguage":"ar","@id":"https:\/\/prixgro.com\/product\/gel-anp2-fortifiant-cils-et-sourcils-9ml-ecrinal\/#primaryimage","url":"https:\/\/prixgro.com\/wp-content\/uploads\/2024\/04\/ecrinal-7.png","contentUrl":"https:\/\/prixgro.com\/wp-content\/uploads\/2024\/04\/ecrinal-7.png","width":540,"height":540},{"@type":"BreadcrumbList","@id":"https:\/\/prixgro.com\/product\/gel-anp2-fortifiant-cils-et-sourcils-9ml-ecrinal\/#breadcrumb","itemListElement":[{"@type":"ListItem","position":1,"name":"Accueil","item":"https:\/\/prixgro.com\/"},{"@type":"ListItem","position":2,"name":"Boutique en ligne","item":"https:\/\/prixgro.com\/shop\/"},{"@type":"ListItem","position":3,"name":"Gel Anp2+ Fortifiant Cils Et Sourcils 9ml Ecrinal"}]},{"@type":"WebSite","@id":"https:\/\/prixgro.com\/#website","url":"https:\/\/prixgro.com\/","name":"Prixgro.com","description":"Para Pharmaceutique et Cosm\u00e9tique","publisher":{"@id":"https:\/\/prixgro.com\/#organization"},"potentialAction":[{"@type":"SearchAction","target":{"@type":"EntryPoint","urlTemplate":"https:\/\/prixgro.com\/?s={search_term_string}"},"query-input":{"@type":"PropertyValueSpecification","valueRequired":true,"valueName":"search_term_string"}}],"inLanguage":"ar"},{"@type":"Organization","@id":"https:\/\/prixgro.com\/#organization","name":"Prixgro","url":"https:\/\/prixgro.com\/","logo":{"@type":"ImageObject","inLanguage":"ar","@id":"https:\/\/prixgro.com\/#\/schema\/logo\/image\/","url":"https:\/\/prixgro.com\/wp-content\/uploads\/2024\/08\/cropped-Nouveau-projet-2.png","contentUrl":"https:\/\/prixgro.com\/wp-content\/uploads\/2024\/08\/cropped-Nouveau-projet-2.png","width":265,"height":62,"caption":"Prixgro"},"image":{"@id":"https:\/\/prixgro.com\/#\/schema\/logo\/image\/"},"sameAs":["https:\/\/www.facebook.com\/Pharmacima"]}]}},"_links":{"self":[{"href":"https:\/\/prixgro.com\/ar\/wp-json\/wp\/v2\/product\/141972","targetHints":{"allow":["GET"]}}],"collection":[{"href":"https:\/\/prixgro.com\/ar\/wp-json\/wp\/v2\/product"}],"about":[{"href":"https:\/\/prixgro.com\/ar\/wp-json\/wp\/v2\/types\/product"}],"replies":[{"embeddable":true,"href":"https:\/\/prixgro.com\/ar\/wp-json\/wp\/v2\/comments?post=141972"}],"wp:featuredmedia":[{"embeddable":true,"href":"https:\/\/prixgro.com\/ar\/wp-json\/wp\/v2\/media\/142942"}],"wp:attachment":[{"href":"https:\/\/prixgro.com\/ar\/wp-json\/wp\/v2\/media?parent=141972"}],"wp:term":[{"taxonomy":"product_cat","embeddable":true,"href":"https:\/\/prixgro.com\/ar\/wp-json\/wp\/v2\/product_cat?post=141972"},{"taxonomy":"product_tag","embeddable":true,"href":"https:\/\/prixgro.com\/ar\/wp-json\/wp\/v2\/product_tag?post=141972"},{"taxonomy":"berocket_brand","embeddable":true,"href":"https:\/\/prixgro.com\/ar\/wp-json\/wp\/v2\/berocket_brand?post=141972"}],"curies":[{"name":"wp","href":"https:\/\/api.w.org\/{rel}","templated":true}]}}